{"id":3580,"date":"2020-01-10T00:00:00","date_gmt":"2020-01-10T00:00:00","guid":{"rendered":"https:\/\/amrtop.com\/B2B\/?post_type=product&#038;p=3580"},"modified":"2023-07-17T13:29:39","modified_gmt":"2023-07-17T13:29:39","slug":"bougie-avec-raccord-3-8%e2%80%b3-163-mm","status":"publish","type":"product","link":"http:\/\/amrtop.net\/de\/produit\/bougie-avec-raccord-3-8%e2%80%b3-163-mm\/","title":{"rendered":"Kerze mit 3\/8\u2033-Anschluss \u00f8 12,5 mm - 330 Watt - Gesamtl\u00e4nge 163 mm - Code ELD60031"},"content":{"rendered":"<h2>Z\u00fcndkerze mit 3\/8\u2033-Anschluss 163 mm<\/h2>\n<p><strong>Amrtop<\/strong>\u00a0bietet 6 Typen von Z\u00fcndkerzen mit 3\/8\u2033-Anschluss \u00f8 12,5 mm in verschiedenen L\u00e4ngen sind vom Typ\u00a0<strong>hohe Leistungsdichte mit der Ultramax SC400-Technologie\u00a0<\/strong>Sie geh\u00f6ren zur neuen Generation von elektrischen Heizelementen, da sie hohe Wattlasten in sehr konzentrierten R\u00e4umen erm\u00f6glichen. Sie garantieren eine hohe Zuverl\u00e4ssigkeit auch unter sehr schwierigen Arbeitsbedingungen. Dies wird durch die besondere Konstruktionstechnologie erm\u00f6glicht, die diese Ger\u00e4te zum fortschrittlichsten Ausdruck unter den Heizelementen macht.<\/p>\n<h2><strong>Verwendung der Kerze mit 3\/8\u2033-Anschluss 163 mm\u00a0<\/strong><\/h2>\n<p>Die Z\u00fcndkerze mit 3\/28\u2033-Anschluss \u00f8 12,5 mm - 330 Watt - Gesamtl\u00e4nge 163 mm - Code ELD60031 wird im Bereich der Biomasseheizung Pellets, Sp\u00e4ne und Co. verwendet... werden in Pellet\u00f6fen und -kesseln eingebaut, um die Entz\u00fcndung des Brennstoffs indirekt \u00fcber die Luft oder direkt zu erzeugen.<\/p>\n<h3><strong>Innen<\/strong><\/h3>\n<p><a href=\"https:\/\/wekos.it\/\">\u00d6fen, Herde und Holzherde<\/a>\u00a0-\u00a0<a href=\"https:\/\/www.greenpuros.com\/\">Kamine, \u00d6fen und Pelletkessel.<\/a><\/p>\n<h3><strong>Amrtop Ersatzteile und Zubeh\u00f6r Sortiment<\/strong><\/h3>\n<p>&nbsp;<\/p>\n<p><a href=\"https:\/\/amrtop.net\/de\/produktkategorie\/ersatzteile-diverse-ofen-und-kocher-2\/bougies-dallumage-pour-poeles-et-chaudieres-a-pellets\/\">Gl\u00fchkerzen<\/a><\/p>\n<p><a href=\"https:\/\/amrtop.net\/de\/produktkategorie\/ersatzteile-diverse-ofen-und-kocher-2\/electronique\/\">Elektronik<\/a><\/p>\n<p><a href=\"https:\/\/amrtop.net\/de\/produktkategorie\/ersatzteile-diverse-ofen-und-kocher-2\/extracteurs-de-fumee\/\">Rauchabzug<\/a><\/p>\n<p><a href=\"https:\/\/amrtop.net\/de\/produktkategorie\/ersatzteile-diverse-ofen-und-kocher-2\/gaines-cable-connecteurs\/\">Kabelh\u00fcllen Verbinder<\/a><\/p>\n<p><a href=\"https:\/\/amrtop.net\/de\/produktkategorie\/ersatzteile-diverse-ofen-und-kocher-2\/joints-de-silicone\/\">Silikondichtungen<\/a><\/p>\n<p><a href=\"https:\/\/amrtop.net\/de\/produktkategorie\/ersatzteile-diverse-ofen-und-kocher-2\/motoreducteurs\/\">Getriebemotoren<\/a><\/p>\n<p><a href=\"https:\/\/amrtop.net\/de\/produktkategorie\/ersatzteile-diverse-ofen-und-kocher-2\/pressostats-et-transducteurs\/\">Druckschalter und Wandler<\/a><\/p>\n<p><a href=\"https:\/\/amrtop.com\/B2B\/fr\/categorie-produit\/ricambi-vari-stufe-e-caldaie\/sonde-termostati-manometri-termometri\/\">Sonden Thermostate Manometer Thermometer<\/a><\/p>\n<p><a href=\"https:\/\/amrtop.net\/de\/produktkategorie\/ersatzteile-diverse-ofen-und-kocher-2\/joints-detancheite\/\">Dichtgeflechte<\/a><\/p>\n<p><a href=\"https:\/\/amrtop.net\/de\/produktkategorie\/ersatzteile-diverse-ofen-und-kocher-2\/ventilateurs-centrifuges-pour-poeles-a-pellets\/\">Zentrifugalventilatoren<\/a><\/p>\n<p><a href=\"https:\/\/amrtop.net\/de\/produktkategorie\/ersatzteile-diverse-ofen-und-kocher-2\/ventilateurs-tangentiels-flux-transversal\/\">Tangentiale Ventilatoren<\/a><\/p>\n<p><a href=\"https:\/\/amrtop.net\/de\/produktkategorie\/ersatzteile-diverse-ofen-und-kocher-2\/adhesifs-et-produits-detancheite\/\">Klebstoffe und Kitt<\/a><\/p>","protected":false},"excerpt":{"rendered":"<hr \/>\n<h2><span style=\"color: #008000;\">Disponibile<\/span><\/h2>\n<hr \/>\n<h3>Z\u00fcndkerze mit 3\/8\u2033-Anschluss<\/h3>\n<p>Code ELD60031<\/p>\n<p>\u00f8 12,5 mm<br \/>\nLongueur totale : 163 mm<br \/>\nLongueur sous-\u00e9crou : 153 mm<br \/>\nLeistung: 330 W<br \/>\nKabell\u00e4nge: 500 mm<\/p>\n<h3>Kompatibilit\u00e4t<\/h3>\n<hr \/>\n<h3>Z\u00fcndkerze-Widerstand-Z\u00fcndkerze kompatibel mit den folgenden Marken von Pellet\u00f6fen<\/h3>\n<p><strong>Chazelles<\/strong><\/p>\n<p><strong>Pyros\u00a0<\/strong><\/p>\n<p><strong>Lincar<\/strong><\/p>\n<p><strong>Nature line by<\/strong><\/p>\n<p><strong>Paterno Mod:\u00a0<\/strong>Hybrid und Stretta<\/p>\n<p><strong>Thermorossi Mod:\u00a0<\/strong>Aromy Silent, Bella Vista, Dorica Silent, Ecoquardo, Kokkola Plus, Psilent, Slim 09<\/p>\n<p><strong>Whitfield Mod:\u00a0<\/strong>Quest-plus<\/p>\n<hr \/>\n<h3>Austauschbar mit folgendem Modell von Z\u00fcndkerze-Widerstand-Z\u00fcndkerze :<\/h3>\n<p>HT62659<\/p>","protected":false},"featured_media":35171,"comment_status":"open","ping_status":"closed","template":"","meta":[],"product_brand":[],"product_cat":[843,840,839],"product_tag":[112,77,113,114,86,115,95,116],"class_list":{"0":"post-3580","1":"product","2":"type-product","3":"status-publish","4":"has-post-thumbnail","6":"product_cat-bougies-dallumage-avec-raccord-3-8-o-12-5-mm","7":"product_cat-bougies-dallumage-pour-poeles-et-chaudieres-a-pellets","8":"product_cat-pieces-de-rechange-divers-poeles-et-chaudieres","9":"product_tag-chazelles","10":"product_tag-lincar","11":"product_tag-mbz-italfuoco","12":"product_tag-nature-line-by-paterno","13":"product_tag-paterno","14":"product_tag-pyros","15":"product_tag-thermorossi","16":"product_tag-whitfield","17":"product_shipping_class-classe-di-spedizione-01","19":"first","20":"instock","21":"shipping-taxable","22":"purchasable","23":"product-type-simple"},"yoast_head":"<!-- This site is optimized with the Yoast SEO plugin v27.4 - https:\/\/yoast.com\/product\/yoast-seo-wordpress\/ -->\n<title>Bougie avec raccord 3\/8\u2033 163 mm<\/title>\n<meta name=\"description\" content=\"Bougie avec raccord 3\/8\u2033 163 mm - r\u00e9sistance \u00e0 l\u2019allumage avec raccord 3\/8&quot; par 12.5 mm - cartouche \u00e0 allumage raccord 3\/8&quot; par 12.5 mm\" \/>\n<meta name=\"robots\" content=\"index, follow, max-snippet:-1, max-image-preview:large, max-video-preview:-1\" \/>\n<link rel=\"canonical\" href=\"https:\/\/amrtop.net\/de\/produkt\/bougie-avec-raccord-3-8\u2033-163-mm\/\" \/>\n<meta property=\"og:locale\" content=\"de_DE\" \/>\n<meta property=\"og:type\" content=\"article\" \/>\n<meta property=\"og:title\" content=\"Bougie avec raccord 3\/8\u2033 163 mm\" \/>\n<meta property=\"og:description\" content=\"Bougie avec raccord 3\/8\u2033 163 mm - r\u00e9sistance \u00e0 l\u2019allumage avec raccord 3\/8&quot; par 12.5 mm - cartouche \u00e0 allumage raccord 3\/8&quot; par 12.5 mm\" \/>\n<meta property=\"og:url\" content=\"https:\/\/amrtop.net\/de\/produkt\/bougie-avec-raccord-3-8\u2033-163-mm\/\" \/>\n<meta property=\"og:site_name\" content=\"AMRTOP B2B \u00c9tranger - Achats r\u00e9serv\u00e9s au professionnel\" \/>\n<meta property=\"article:modified_time\" content=\"2023-07-17T13:29:39+00:00\" \/>\n<meta property=\"og:image\" content=\"https:\/\/amrtop.net\/wp-content\/uploads\/2020\/01\/eld60031-1.jpg\" \/>\n\t<meta property=\"og:image:width\" content=\"960\" \/>\n\t<meta property=\"og:image:height\" content=\"960\" \/>\n\t<meta property=\"og:image:type\" content=\"image\/jpeg\" \/>\n<meta name=\"twitter:card\" content=\"summary_large_image\" \/>\n<meta name=\"twitter:label1\" content=\"Gesch\u00e4tzte Lesezeit\" \/>\n\t<meta name=\"twitter:data1\" content=\"2\u00a0Minuten\" \/>\n<script type=\"application\/ld+json\" class=\"yoast-schema-graph\">{\"@context\":\"https:\\\/\\\/schema.org\",\"@graph\":[{\"@type\":\"WebPage\",\"@id\":\"https:\\\/\\\/amrtop.net\\\/produit\\\/bougie-avec-raccord-3-8%e2%80%b3-163-mm\\\/\",\"url\":\"https:\\\/\\\/amrtop.net\\\/produit\\\/bougie-avec-raccord-3-8%e2%80%b3-163-mm\\\/\",\"name\":\"Bougie avec raccord 3\\\/8\u2033 163 mm\",\"isPartOf\":{\"@id\":\"https:\\\/\\\/amrtop.net\\\/#website\"},\"primaryImageOfPage\":{\"@id\":\"https:\\\/\\\/amrtop.net\\\/produit\\\/bougie-avec-raccord-3-8%e2%80%b3-163-mm\\\/#primaryimage\"},\"image\":{\"@id\":\"https:\\\/\\\/amrtop.net\\\/produit\\\/bougie-avec-raccord-3-8%e2%80%b3-163-mm\\\/#primaryimage\"},\"thumbnailUrl\":\"https:\\\/\\\/amrtop.net\\\/wp-content\\\/uploads\\\/2020\\\/01\\\/eld60031-1.jpg\",\"datePublished\":\"2020-01-10T00:00:00+00:00\",\"dateModified\":\"2023-07-17T13:29:39+00:00\",\"description\":\"Bougie avec raccord 3\\\/8\u2033 163 mm - r\u00e9sistance \u00e0 l\u2019allumage avec raccord 3\\\/8\\\" par 12.5 mm - cartouche \u00e0 allumage raccord 3\\\/8\\\" par 12.5 mm\",\"breadcrumb\":{\"@id\":\"https:\\\/\\\/amrtop.net\\\/produit\\\/bougie-avec-raccord-3-8%e2%80%b3-163-mm\\\/#breadcrumb\"},\"inLanguage\":\"de\",\"potentialAction\":[{\"@type\":\"ReadAction\",\"target\":[\"https:\\\/\\\/amrtop.net\\\/produit\\\/bougie-avec-raccord-3-8%e2%80%b3-163-mm\\\/\"]}]},{\"@type\":\"ImageObject\",\"inLanguage\":\"de\",\"@id\":\"https:\\\/\\\/amrtop.net\\\/produit\\\/bougie-avec-raccord-3-8%e2%80%b3-163-mm\\\/#primaryimage\",\"url\":\"https:\\\/\\\/amrtop.net\\\/wp-content\\\/uploads\\\/2020\\\/01\\\/eld60031-1.jpg\",\"contentUrl\":\"https:\\\/\\\/amrtop.net\\\/wp-content\\\/uploads\\\/2020\\\/01\\\/eld60031-1.jpg\",\"width\":960,\"height\":960,\"caption\":\"Bougie avec raccord 3\\\/8\u2033 163 mm - r\u00e9sistance \u00e0 l\u2019allumage avec raccord 3\\\/8\\\" par 12.5 mm - cartouche \u00e0 allumage raccord 3\\\/8\\\" par 12.5 mm\"},{\"@type\":\"BreadcrumbList\",\"@id\":\"https:\\\/\\\/amrtop.net\\\/produit\\\/bougie-avec-raccord-3-8%e2%80%b3-163-mm\\\/#breadcrumb\",\"itemListElement\":[{\"@type\":\"ListItem\",\"position\":1,\"name\":\"Home\",\"item\":\"https:\\\/\\\/amrtop.net\\\/\"},{\"@type\":\"ListItem\",\"position\":2,\"name\":\"Shop\",\"item\":\"https:\\\/\\\/amrtop.net\\\/negozio\\\/\"},{\"@type\":\"ListItem\",\"position\":3,\"name\":\"Bougie avec raccord 3\\\/8\u2033 \u00f8 12,5 mm &#8211; 330 Watt &#8211; Longueur totale 163 mm &#8211; Code ELD60031\"}]},{\"@type\":\"WebSite\",\"@id\":\"https:\\\/\\\/amrtop.net\\\/#website\",\"url\":\"https:\\\/\\\/amrtop.net\\\/\",\"name\":\"AMRTOP B2B \u00c9tranger - Achats r\u00e9serv\u00e9s au professionnel\",\"description\":\"Pi\u00e8ces de rechange et accessoires pour po\u00eales et chaudi\u00e8res - eCommerce B2B pour Clients Professionnels\",\"potentialAction\":[{\"@type\":\"SearchAction\",\"target\":{\"@type\":\"EntryPoint\",\"urlTemplate\":\"https:\\\/\\\/amrtop.net\\\/?s={search_term_string}\"},\"query-input\":{\"@type\":\"PropertyValueSpecification\",\"valueRequired\":true,\"valueName\":\"search_term_string\"}}],\"inLanguage\":\"de\"}]}<\/script>\n<!-- \/ Yoast SEO plugin. -->","yoast_head_json":{"title":"Z\u00fcndkerze mit 3\/8\u2033-Anschluss 163 mm","description":"Z\u00fcndkerze mit 3\/8\u2033-Anschluss 163 mm - Z\u00fcndwiderstand mit 3\/8\"-Anschluss pro 12.5 mm - Z\u00fcndkartusche 3\/8\"-Anschluss pro 12.5 mm","robots":{"index":"index","follow":"follow","max-snippet":"max-snippet:-1","max-image-preview":"max-image-preview:large","max-video-preview":"max-video-preview:-1"},"canonical":"https:\/\/amrtop.net\/de\/produkt\/bougie-avec-raccord-3-8\u2033-163-mm\/","og_locale":"de_DE","og_type":"article","og_title":"Bougie avec raccord 3\/8\u2033 163 mm","og_description":"Bougie avec raccord 3\/8\u2033 163 mm - r\u00e9sistance \u00e0 l\u2019allumage avec raccord 3\/8\" par 12.5 mm - cartouche \u00e0 allumage raccord 3\/8\" par 12.5 mm","og_url":"https:\/\/amrtop.net\/de\/produkt\/bougie-avec-raccord-3-8\u2033-163-mm\/","og_site_name":"AMRTOP B2B \u00c9tranger - Achats r\u00e9serv\u00e9s au professionnel","article_modified_time":"2023-07-17T13:29:39+00:00","og_image":[{"width":960,"height":960,"url":"https:\/\/amrtop.net\/wp-content\/uploads\/2020\/01\/eld60031-1.jpg","type":"image\/jpeg"}],"twitter_card":"summary_large_image","twitter_misc":{"Gesch\u00e4tzte Lesezeit":"2\u00a0Minuten"},"schema":{"@context":"https:\/\/schema.org","@graph":[{"@type":"WebPage","@id":"https:\/\/amrtop.net\/produit\/bougie-avec-raccord-3-8%e2%80%b3-163-mm\/","url":"https:\/\/amrtop.net\/produit\/bougie-avec-raccord-3-8%e2%80%b3-163-mm\/","name":"Z\u00fcndkerze mit 3\/8\u2033-Anschluss 163 mm","isPartOf":{"@id":"https:\/\/amrtop.net\/#website"},"primaryImageOfPage":{"@id":"https:\/\/amrtop.net\/produit\/bougie-avec-raccord-3-8%e2%80%b3-163-mm\/#primaryimage"},"image":{"@id":"https:\/\/amrtop.net\/produit\/bougie-avec-raccord-3-8%e2%80%b3-163-mm\/#primaryimage"},"thumbnailUrl":"https:\/\/amrtop.net\/wp-content\/uploads\/2020\/01\/eld60031-1.jpg","datePublished":"2020-01-10T00:00:00+00:00","dateModified":"2023-07-17T13:29:39+00:00","description":"Z\u00fcndkerze mit 3\/8\u2033-Anschluss 163 mm - Z\u00fcndwiderstand mit 3\/8\"-Anschluss pro 12.5 mm - Z\u00fcndkartusche 3\/8\"-Anschluss pro 12.5 mm","breadcrumb":{"@id":"https:\/\/amrtop.net\/produit\/bougie-avec-raccord-3-8%e2%80%b3-163-mm\/#breadcrumb"},"inLanguage":"de","potentialAction":[{"@type":"ReadAction","target":["https:\/\/amrtop.net\/produit\/bougie-avec-raccord-3-8%e2%80%b3-163-mm\/"]}]},{"@type":"ImageObject","inLanguage":"de","@id":"https:\/\/amrtop.net\/produit\/bougie-avec-raccord-3-8%e2%80%b3-163-mm\/#primaryimage","url":"https:\/\/amrtop.net\/wp-content\/uploads\/2020\/01\/eld60031-1.jpg","contentUrl":"https:\/\/amrtop.net\/wp-content\/uploads\/2020\/01\/eld60031-1.jpg","width":960,"height":960,"caption":"Bougie avec raccord 3\/8\u2033 163 mm - r\u00e9sistance \u00e0 l\u2019allumage avec raccord 3\/8\" par 12.5 mm - cartouche \u00e0 allumage raccord 3\/8\" par 12.5 mm"},{"@type":"BreadcrumbList","@id":"https:\/\/amrtop.net\/produit\/bougie-avec-raccord-3-8%e2%80%b3-163-mm\/#breadcrumb","itemListElement":[{"@type":"ListItem","position":1,"name":"Home","item":"https:\/\/amrtop.net\/"},{"@type":"ListItem","position":2,"name":"Shop","item":"https:\/\/amrtop.net\/negozio\/"},{"@type":"ListItem","position":3,"name":"Bougie avec raccord 3\/8\u2033 \u00f8 12,5 mm &#8211; 330 Watt &#8211; Longueur totale 163 mm &#8211; Code ELD60031"}]},{"@type":"WebSite","@id":"https:\/\/amrtop.net\/#website","url":"https:\/\/amrtop.net\/","name":"AMRTOP B2B Ausland - Einkaufen nur f\u00fcr Fachleute","description":"Ersatzteile und Zubeh\u00f6r f\u00fcr \u00d6fen und Heizkessel - B2B eCommerce f\u00fcr Gesch\u00e4ftskunden","potentialAction":[{"@type":"SearchAction","target":{"@type":"EntryPoint","urlTemplate":"https:\/\/amrtop.net\/?s={search_term_string}"},"query-input":{"@type":"PropertyValueSpecification","valueRequired":true,"valueName":"search_term_string"}}],"inLanguage":"de"}]}},"_links":{"self":[{"href":"http:\/\/amrtop.net\/de\/wp-json\/wp\/v2\/product\/3580","targetHints":{"allow":["GET"]}}],"collection":[{"href":"http:\/\/amrtop.net\/de\/wp-json\/wp\/v2\/product"}],"about":[{"href":"http:\/\/amrtop.net\/de\/wp-json\/wp\/v2\/types\/product"}],"replies":[{"embeddable":true,"href":"http:\/\/amrtop.net\/de\/wp-json\/wp\/v2\/comments?post=3580"}],"wp:featuredmedia":[{"embeddable":true,"href":"http:\/\/amrtop.net\/de\/wp-json\/wp\/v2\/media\/35171"}],"wp:attachment":[{"href":"http:\/\/amrtop.net\/de\/wp-json\/wp\/v2\/media?parent=3580"}],"wp:term":[{"taxonomy":"product_brand","embeddable":true,"href":"http:\/\/amrtop.net\/de\/wp-json\/wp\/v2\/product_brand?post=3580"},{"taxonomy":"product_cat","embeddable":true,"href":"http:\/\/amrtop.net\/de\/wp-json\/wp\/v2\/product_cat?post=3580"},{"taxonomy":"product_tag","embeddable":true,"href":"http:\/\/amrtop.net\/de\/wp-json\/wp\/v2\/product_tag?post=3580"}],"curies":[{"name":"wp","href":"https:\/\/api.w.org\/{rel}","templated":true}]}}