{"id":3585,"date":"2020-01-10T00:00:00","date_gmt":"2020-01-10T00:00:00","guid":{"rendered":"https:\/\/amrtop.com\/B2B\/?post_type=product&#038;p=3585"},"modified":"2024-05-22T09:51:12","modified_gmt":"2024-05-22T09:51:12","slug":"kerze-o12-5-anschluss-3-8-190mm","status":"publish","type":"product","link":"http:\/\/amrtop.net\/de\/produit\/bougie-o12-5-raccord-3-8-190mm\/","title":{"rendered":"Kerze mit 3\/8\u2033-Anschluss \u00f8 12,5 mm - 350 Watt - Gesamtl\u00e4nge 190 mm - Code ELD60036"},"content":{"rendered":"<h3>Kompatibilit\u00e4t<\/h3>\n<h3>Austauschbar mit folgendem Modell von Z\u00fcndkerze-Widerstand-Z\u00fcndkerze :<\/h3>\n<p>HT62666<\/p>\n<p><strong>F\u00fcr die folgenden Modelle von Thermorossi Pellet\u00f6fen und -kesseln :<\/strong><\/p>\n<p>COMPACT 13 CLASS 5<br \/>\nCOMPACTMATIC 50<br \/>\nCOMPACTMATIC 32<br \/>\nCOMPACTMATIC S50 CLASS 5<br \/>\nCOMPACTMATIC S32 CLASS 5<br \/>\nCOMPACT S24 CLASS 5<br \/>\nCOMPACT S24 EVO DA MTR. 18072604900000022<br \/>\nCOMPACT SLIM S25 EVO<br \/>\nPIDRA 13<br \/>\nPIDRA 20<br \/>\nPIDRA 28<br \/>\nPIDRA 30<br \/>\nPIDRA SUPREME<br \/>\nSLIMQUADRO IDRA MAXI<br \/>\nSLIMQUADRO IDRA 14<\/p>","protected":false},"excerpt":{"rendered":"<hr \/>\n<h2><span style=\"color: #008000\">Verf\u00fcgbar<\/span><\/h2>\n<hr \/>\n<h3>Z\u00fcndkerze mit 3\/8\u2033-Anschluss<\/h3>\n<p>Code ELD60036<\/p>\n<p>\u00f8 12,5 mm<br \/>\nGesamtl\u00e4nge des langen Teils: 190 mm<br \/>\nL\u00e4nge der Untermutter: 180 mm<br \/>\nLeistung: 350 W<br \/>\nKabell\u00e4nge: 500 mm<\/p>\n<p>&nbsp;<\/p>","protected":false},"featured_media":34601,"comment_status":"open","ping_status":"closed","template":"","meta":[],"product_brand":[],"product_cat":[843,840,839],"product_tag":[43,95],"class_list":{"0":"post-3585","1":"product","2":"type-product","3":"status-publish","4":"has-post-thumbnail","6":"product_cat-bougies-dallumage-avec-raccord-3-8-o-12-5-mm","7":"product_cat-bougies-dallumage-pour-poeles-et-chaudieres-a-pellets","8":"product_cat-pieces-de-rechange-divers-poeles-et-chaudieres","9":"product_tag-supra","10":"product_tag-thermorossi","11":"product_shipping_class-classe-di-spedizione-01","13":"first","14":"instock","15":"shipping-taxable","16":"purchasable","17":"product-type-simple"},"yoast_head":"<!-- This site is optimized with the Yoast SEO plugin v27.4 - https:\/\/yoast.com\/product\/yoast-seo-wordpress\/ -->\n<title>Bougie \u00f812.5 raccord 3\/8&quot; 190mm<\/title>\n<meta name=\"description\" content=\"Bougie \u00f812.5 raccord 3\/8&quot; 190mm - r\u00e9sistance \u00e0 l\u2019allumage avec raccord 3\/8&quot; par 12.5 mm - cartouche \u00e0 allumage raccord 3\/8&quot; par 12.5 mm\" \/>\n<meta name=\"robots\" content=\"index, follow, max-snippet:-1, max-image-preview:large, max-video-preview:-1\" \/>\n<link rel=\"canonical\" href=\"https:\/\/amrtop.net\/de\/produkt\/kerze-o12-5-anschluss-3-8-190mm\/\" \/>\n<meta property=\"og:locale\" content=\"de_DE\" \/>\n<meta property=\"og:type\" content=\"article\" \/>\n<meta property=\"og:title\" content=\"Bougie \u00f812.5 raccord 3\/8&quot; 190mm\" \/>\n<meta property=\"og:description\" content=\"Bougie \u00f812.5 raccord 3\/8&quot; 190mm - r\u00e9sistance \u00e0 l\u2019allumage avec raccord 3\/8&quot; par 12.5 mm - cartouche \u00e0 allumage raccord 3\/8&quot; par 12.5 mm\" \/>\n<meta property=\"og:url\" content=\"https:\/\/amrtop.net\/de\/produkt\/kerze-o12-5-anschluss-3-8-190mm\/\" \/>\n<meta property=\"og:site_name\" content=\"AMRTOP B2B \u00c9tranger - Achats r\u00e9serv\u00e9s au professionnel\" \/>\n<meta property=\"article:modified_time\" content=\"2024-05-22T09:51:12+00:00\" \/>\n<meta property=\"og:image\" content=\"https:\/\/amrtop.net\/wp-content\/uploads\/2020\/01\/eld60036-1.jpg\" \/>\n\t<meta property=\"og:image:width\" content=\"960\" \/>\n\t<meta property=\"og:image:height\" content=\"960\" \/>\n\t<meta property=\"og:image:type\" content=\"image\/jpeg\" \/>\n<meta name=\"twitter:card\" content=\"summary_large_image\" \/>\n<meta name=\"twitter:label1\" content=\"Gesch\u00e4tzte Lesezeit\" \/>\n\t<meta name=\"twitter:data1\" content=\"2\u00a0Minuten\" \/>\n<script type=\"application\/ld+json\" class=\"yoast-schema-graph\">{\"@context\":\"https:\\\/\\\/schema.org\",\"@graph\":[{\"@type\":\"WebPage\",\"@id\":\"https:\\\/\\\/amrtop.net\\\/produit\\\/bougie-o12-5-raccord-3-8-190mm\\\/\",\"url\":\"https:\\\/\\\/amrtop.net\\\/produit\\\/bougie-o12-5-raccord-3-8-190mm\\\/\",\"name\":\"Bougie \u00f812.5 raccord 3\\\/8\\\" 190mm\",\"isPartOf\":{\"@id\":\"https:\\\/\\\/amrtop.net\\\/#website\"},\"primaryImageOfPage\":{\"@id\":\"https:\\\/\\\/amrtop.net\\\/produit\\\/bougie-o12-5-raccord-3-8-190mm\\\/#primaryimage\"},\"image\":{\"@id\":\"https:\\\/\\\/amrtop.net\\\/produit\\\/bougie-o12-5-raccord-3-8-190mm\\\/#primaryimage\"},\"thumbnailUrl\":\"https:\\\/\\\/amrtop.net\\\/wp-content\\\/uploads\\\/2020\\\/01\\\/eld60036-1.jpg\",\"datePublished\":\"2020-01-10T00:00:00+00:00\",\"dateModified\":\"2024-05-22T09:51:12+00:00\",\"description\":\"Bougie \u00f812.5 raccord 3\\\/8\\\" 190mm - r\u00e9sistance \u00e0 l\u2019allumage avec raccord 3\\\/8\\\" par 12.5 mm - cartouche \u00e0 allumage raccord 3\\\/8\\\" par 12.5 mm\",\"breadcrumb\":{\"@id\":\"https:\\\/\\\/amrtop.net\\\/produit\\\/bougie-o12-5-raccord-3-8-190mm\\\/#breadcrumb\"},\"inLanguage\":\"de\",\"potentialAction\":[{\"@type\":\"ReadAction\",\"target\":[\"https:\\\/\\\/amrtop.net\\\/produit\\\/bougie-o12-5-raccord-3-8-190mm\\\/\"]}]},{\"@type\":\"ImageObject\",\"inLanguage\":\"de\",\"@id\":\"https:\\\/\\\/amrtop.net\\\/produit\\\/bougie-o12-5-raccord-3-8-190mm\\\/#primaryimage\",\"url\":\"https:\\\/\\\/amrtop.net\\\/wp-content\\\/uploads\\\/2020\\\/01\\\/eld60036-1.jpg\",\"contentUrl\":\"https:\\\/\\\/amrtop.net\\\/wp-content\\\/uploads\\\/2020\\\/01\\\/eld60036-1.jpg\",\"width\":960,\"height\":960,\"caption\":\"Bougie \u00f812.5 raccord 3\\\/8\\\" 190mm - r\u00e9sistance \u00e0 l\u2019allumage avec raccord 3\\\/8\\\" par 12.5 mm - cartouche \u00e0 allumage raccord 3\\\/8\\\" par 12.5 mm\"},{\"@type\":\"BreadcrumbList\",\"@id\":\"https:\\\/\\\/amrtop.net\\\/produit\\\/bougie-o12-5-raccord-3-8-190mm\\\/#breadcrumb\",\"itemListElement\":[{\"@type\":\"ListItem\",\"position\":1,\"name\":\"Home\",\"item\":\"https:\\\/\\\/amrtop.net\\\/\"},{\"@type\":\"ListItem\",\"position\":2,\"name\":\"Shop\",\"item\":\"https:\\\/\\\/amrtop.net\\\/negozio\\\/\"},{\"@type\":\"ListItem\",\"position\":3,\"name\":\"Bougie avec raccord 3\\\/8\u2033 \u00f8 12,5 mm \u2013 350 Watt \u2013 Longueur totale 190 mm &#8211; Code ELD60036\"}]},{\"@type\":\"WebSite\",\"@id\":\"https:\\\/\\\/amrtop.net\\\/#website\",\"url\":\"https:\\\/\\\/amrtop.net\\\/\",\"name\":\"AMRTOP B2B \u00c9tranger - Achats r\u00e9serv\u00e9s au professionnel\",\"description\":\"Pi\u00e8ces de rechange et accessoires pour po\u00eales et chaudi\u00e8res - eCommerce B2B pour Clients Professionnels\",\"potentialAction\":[{\"@type\":\"SearchAction\",\"target\":{\"@type\":\"EntryPoint\",\"urlTemplate\":\"https:\\\/\\\/amrtop.net\\\/?s={search_term_string}\"},\"query-input\":{\"@type\":\"PropertyValueSpecification\",\"valueRequired\":true,\"valueName\":\"search_term_string\"}}],\"inLanguage\":\"de\"}]}<\/script>\n<!-- \/ Yoast SEO plugin. -->","yoast_head_json":{"title":"Z\u00fcndkerze \u00f812.5 Anschluss 3\/8\" 190mm","description":"Z\u00fcndkerze \u00f812.5 3\/8\"-Anschluss 190mm - Z\u00fcndwiderstand mit 3\/8\"-Anschluss pro 12.5 mm - Z\u00fcndkartusche 3\/8\"-Anschluss pro 12.5 mm","robots":{"index":"index","follow":"follow","max-snippet":"max-snippet:-1","max-image-preview":"max-image-preview:large","max-video-preview":"max-video-preview:-1"},"canonical":"https:\/\/amrtop.net\/de\/produkt\/kerze-o12-5-anschluss-3-8-190mm\/","og_locale":"de_DE","og_type":"article","og_title":"Bougie \u00f812.5 raccord 3\/8\" 190mm","og_description":"Bougie \u00f812.5 raccord 3\/8\" 190mm - r\u00e9sistance \u00e0 l\u2019allumage avec raccord 3\/8\" par 12.5 mm - cartouche \u00e0 allumage raccord 3\/8\" par 12.5 mm","og_url":"https:\/\/amrtop.net\/de\/produkt\/kerze-o12-5-anschluss-3-8-190mm\/","og_site_name":"AMRTOP B2B \u00c9tranger - Achats r\u00e9serv\u00e9s au professionnel","article_modified_time":"2024-05-22T09:51:12+00:00","og_image":[{"width":960,"height":960,"url":"https:\/\/amrtop.net\/wp-content\/uploads\/2020\/01\/eld60036-1.jpg","type":"image\/jpeg"}],"twitter_card":"summary_large_image","twitter_misc":{"Gesch\u00e4tzte Lesezeit":"2\u00a0Minuten"},"schema":{"@context":"https:\/\/schema.org","@graph":[{"@type":"WebPage","@id":"https:\/\/amrtop.net\/produit\/bougie-o12-5-raccord-3-8-190mm\/","url":"https:\/\/amrtop.net\/produit\/bougie-o12-5-raccord-3-8-190mm\/","name":"Z\u00fcndkerze \u00f812.5 Anschluss 3\/8\" 190mm","isPartOf":{"@id":"https:\/\/amrtop.net\/#website"},"primaryImageOfPage":{"@id":"https:\/\/amrtop.net\/produit\/bougie-o12-5-raccord-3-8-190mm\/#primaryimage"},"image":{"@id":"https:\/\/amrtop.net\/produit\/bougie-o12-5-raccord-3-8-190mm\/#primaryimage"},"thumbnailUrl":"https:\/\/amrtop.net\/wp-content\/uploads\/2020\/01\/eld60036-1.jpg","datePublished":"2020-01-10T00:00:00+00:00","dateModified":"2024-05-22T09:51:12+00:00","description":"Z\u00fcndkerze \u00f812.5 3\/8\"-Anschluss 190mm - Z\u00fcndwiderstand mit 3\/8\"-Anschluss pro 12.5 mm - Z\u00fcndkartusche 3\/8\"-Anschluss pro 12.5 mm","breadcrumb":{"@id":"https:\/\/amrtop.net\/produit\/bougie-o12-5-raccord-3-8-190mm\/#breadcrumb"},"inLanguage":"de","potentialAction":[{"@type":"ReadAction","target":["https:\/\/amrtop.net\/produit\/bougie-o12-5-raccord-3-8-190mm\/"]}]},{"@type":"ImageObject","inLanguage":"de","@id":"https:\/\/amrtop.net\/produit\/bougie-o12-5-raccord-3-8-190mm\/#primaryimage","url":"https:\/\/amrtop.net\/wp-content\/uploads\/2020\/01\/eld60036-1.jpg","contentUrl":"https:\/\/amrtop.net\/wp-content\/uploads\/2020\/01\/eld60036-1.jpg","width":960,"height":960,"caption":"Bougie \u00f812.5 raccord 3\/8\" 190mm - r\u00e9sistance \u00e0 l\u2019allumage avec raccord 3\/8\" par 12.5 mm - cartouche \u00e0 allumage raccord 3\/8\" par 12.5 mm"},{"@type":"BreadcrumbList","@id":"https:\/\/amrtop.net\/produit\/bougie-o12-5-raccord-3-8-190mm\/#breadcrumb","itemListElement":[{"@type":"ListItem","position":1,"name":"Home","item":"https:\/\/amrtop.net\/"},{"@type":"ListItem","position":2,"name":"Shop","item":"https:\/\/amrtop.net\/negozio\/"},{"@type":"ListItem","position":3,"name":"Bougie avec raccord 3\/8\u2033 \u00f8 12,5 mm \u2013 350 Watt \u2013 Longueur totale 190 mm &#8211; Code ELD60036"}]},{"@type":"WebSite","@id":"https:\/\/amrtop.net\/#website","url":"https:\/\/amrtop.net\/","name":"AMRTOP B2B Ausland - Einkaufen nur f\u00fcr Fachleute","description":"Ersatzteile und Zubeh\u00f6r f\u00fcr \u00d6fen und Heizkessel - B2B eCommerce f\u00fcr Gesch\u00e4ftskunden","potentialAction":[{"@type":"SearchAction","target":{"@type":"EntryPoint","urlTemplate":"https:\/\/amrtop.net\/?s={search_term_string}"},"query-input":{"@type":"PropertyValueSpecification","valueRequired":true,"valueName":"search_term_string"}}],"inLanguage":"de"}]}},"_links":{"self":[{"href":"http:\/\/amrtop.net\/de\/wp-json\/wp\/v2\/product\/3585","targetHints":{"allow":["GET"]}}],"collection":[{"href":"http:\/\/amrtop.net\/de\/wp-json\/wp\/v2\/product"}],"about":[{"href":"http:\/\/amrtop.net\/de\/wp-json\/wp\/v2\/types\/product"}],"replies":[{"embeddable":true,"href":"http:\/\/amrtop.net\/de\/wp-json\/wp\/v2\/comments?post=3585"}],"wp:featuredmedia":[{"embeddable":true,"href":"http:\/\/amrtop.net\/de\/wp-json\/wp\/v2\/media\/34601"}],"wp:attachment":[{"href":"http:\/\/amrtop.net\/de\/wp-json\/wp\/v2\/media?parent=3585"}],"wp:term":[{"taxonomy":"product_brand","embeddable":true,"href":"http:\/\/amrtop.net\/de\/wp-json\/wp\/v2\/product_brand?post=3585"},{"taxonomy":"product_cat","embeddable":true,"href":"http:\/\/amrtop.net\/de\/wp-json\/wp\/v2\/product_cat?post=3585"},{"taxonomy":"product_tag","embeddable":true,"href":"http:\/\/amrtop.net\/de\/wp-json\/wp\/v2\/product_tag?post=3585"}],"curies":[{"name":"wp","href":"https:\/\/api.w.org\/{rel}","templated":true}]}}