{"id":3644,"date":"2020-10-01T00:00:00","date_gmt":"2020-10-01T00:00:00","guid":{"rendered":"https:\/\/amrtop.com\/B2B\/?post_type=product&#038;p=3644"},"modified":"2023-11-09T09:48:47","modified_gmt":"2023-11-09T09:48:47","slug":"motoriduttore-mellor-15-rpm-codice-fb1268-albero-o-95-mm-pacco-lamellare-19-mm","status":"publish","type":"product","link":"http:\/\/amrtop.net\/de\/produit\/motoriduttore-mellor-15-rpm-codice-fb1268-albero-o-95-mm-pacco-lamellare-19-mm\/","title":{"rendered":"Mellor-Getriebemotor 1,5 rpm Code FB1268 - Welle \u00f8 9,5 mm - 19 mm laminierte Bleche"},"content":{"rendered":"<hr \/>\n<h3>Getriebemotor Mellor 1.5 rpm Welle \u00f8 9.5 FB1268<\/h3>\n<p>Le motor\u00e9ducteur Mellor 1,5 rpm Code FB1268 &#8211; M\u00e2t de 9,5 mm &#8211; Paquet lamellaire 19 mm disponible avec moteur AC \u00e0 poly-blind\u00e9s s\u00e9rie T14 propos\u00e9 par Amrtop, sont fabriqu\u00e9s par une entreprise leader dans ce secteur avec plus de 35 ans d\u2019exp\u00e9rience.<\/p>\n<p>Sie entwerfen und importieren Motoren und Getriebemotoren f\u00fcr die Realisierung verschiedener Anwendungen mit besonderer Kompetenz in b\u00fcrstenlosen AC- und DC-Technologien mit Induktion und abgeschirmten Polen.<\/p>\n<p>Verschiedene Untersetzungsverh\u00e4ltnisse erh\u00e4ltlich. Sie zeichnen sich dadurch aus, dass sie sich leicht in Spezialanwendungen wie Granulatoren und Eiscrememaschinen integrieren lassen.<\/p>\n<p>Synchrone Getriebemotoren sind mit einem 220vac-Motor, Gr\u00f6\u00dfe 64mm und 18W erh\u00e4ltlich.<\/p>\n<h3><strong>Hauptmerkmale der Mellor-Getriebemotoren :<\/strong><\/h3>\n<ul>\n<li>Nenndrehmoment: von 2,5 bis 35nm, abh\u00e4ngig vom \u00dcbersetzungsverh\u00e4ltnis<\/li>\n<li>Verf\u00fcgbare Geschwindigkeit: 0,3 bis 11rpm<\/li>\n<li>Typische Anwendungen: alle, die bidirektionale Rotationen mit einer niedrigen, pr\u00e4zisen Geschwindigkeit, einem hohen Drehmoment und einer sehr hohen Laufruhe erfordern.<\/li>\n<li>Entwickelt f\u00fcr Anwendungen in Pellet\u00f6fen, Boilern und Kaminen<\/li>\n<\/ul>\n<h3>Verwendung des Mellor-Getriebemotors 1.5 rpm Welle \u00f8 9.5 FB1268<\/h3>\n<p>An der Spitze der Cochlea angekommen, f\u00e4llt das Pellet auf nat\u00fcrliche Weise in das Innere einer Rutsche, die es in das Innere des Brenners bef\u00f6rdert.<\/p>\n<p><strong>In typischen Ger\u00e4ten vorhanden<\/strong>\u00a0Pelletofen - Pelletkessel - Pelletbrenner - Pellets BBQ\/grill Biomassekessel - Biomassebrenner - Und viele andere Brenner<\/p>\n<h3><strong>Innen<\/strong><\/h3>\n<p><a href=\"https:\/\/wekos.it\/\">\u00d6fen, Herde und Holzherde<\/a>\u00a0-\u00a0<a href=\"https:\/\/www.greenpuros.com\/\">Kamine, \u00d6fen und Pelletkessel.<\/a><\/p>\n<h3><strong>Amrtop Ersatzteile und Zubeh\u00f6r Sortiment<\/strong><\/h3>\n<p>&nbsp;<\/p>\n<p><a href=\"https:\/\/amrtop.net\/de\/produktkategorie\/ersatzteile-diverse-ofen-und-kocher-2\/bougies-dallumage-pour-poeles-et-chaudieres-a-pellets\/\">Gl\u00fchkerzen<\/a><\/p>\n<p><a href=\"https:\/\/amrtop.net\/de\/produktkategorie\/ersatzteile-diverse-ofen-und-kocher-2\/electronique\/\">Elektronik<\/a><\/p>\n<p><a href=\"https:\/\/amrtop.net\/de\/produktkategorie\/ersatzteile-diverse-ofen-und-kocher-2\/extracteurs-de-fumee\/\">Rauchabzug<\/a><\/p>\n<p><a href=\"https:\/\/amrtop.net\/de\/produktkategorie\/ersatzteile-diverse-ofen-und-kocher-2\/gaines-cable-connecteurs\/\">Kabelh\u00fcllen Verbinder<\/a><\/p>\n<p><a href=\"https:\/\/amrtop.net\/de\/produktkategorie\/ersatzteile-diverse-ofen-und-kocher-2\/joints-de-silicone\/\">Silikondichtungen<\/a><\/p>\n<p><a href=\"https:\/\/amrtop.net\/de\/produktkategorie\/ersatzteile-diverse-ofen-und-kocher-2\/motoreducteurs\/\">Getriebemotoren<\/a><\/p>\n<p><a href=\"https:\/\/amrtop.net\/de\/produktkategorie\/ersatzteile-diverse-ofen-und-kocher-2\/pressostats-et-transducteurs\/\">Druckschalter und Wandler<\/a><\/p>\n<p><a href=\"https:\/\/amrtop.net\/de\/produktkategorie\/ersatzteile-diverse-ofen-und-kocher-2\/sondes-thermostats-manometres-thermometres\/\">Sonden Thermostate Manometer Thermometer<\/a><\/p>\n<p><a href=\"https:\/\/amrtop.net\/de\/produktkategorie\/ersatzteile-diverse-ofen-und-kocher-2\/joints-detancheite\/\">Dichtgeflechte<\/a><\/p>\n<p><a href=\"https:\/\/amrtop.net\/de\/produktkategorie\/ersatzteile-diverse-ofen-und-kocher-2\/ventilateurs-centrifuges-pour-poeles-a-pellets\/\">Zentrifugalventilatoren<\/a><\/p>\n<p><a href=\"https:\/\/amrtop.net\/de\/produktkategorie\/ersatzteile-diverse-ofen-und-kocher-2\/ventilateurs-tangentiels-flux-transversal\/\">Tangentiale Ventilatoren<\/a><\/p>\n<p><a href=\"https:\/\/amrtop.net\/de\/produktkategorie\/ersatzteile-diverse-ofen-und-kocher-2\/adhesifs-et-produits-detancheite\/\">Klebstoffe und Kitt<\/a><\/p>\n<p>&nbsp;<\/p>","protected":false},"excerpt":{"rendered":"<hr \/>\n<h2><span style=\"color: #008000\">Verf\u00fcgbar<\/span><\/h2>\n<hr \/>\n<h3>Mellor-Getriebemotor 1,5 rpm<\/h3>\n<p>Code FB1268<\/p>\n<p>Welle \u00f8 9.5 mm<br \/>\nGeschwindigkeit: 1.5 rpm<br \/>\nT\u00f4les feuillet\u00e9es : 19 mm<br \/>\nAbflachung: einfach<br \/>\nSens de rotation : antihoraire<br \/>\nNenndrehmoment: 23 Nm<\/p>\n<h3>Kompatibilit\u00e4t<\/h3>\n<hr \/>\n<h3>Schneckengetriebemotor installiert und kompatibel mit den folgenden Marken und Modellen von Pellet\u00f6fen:<\/h3>\n<p>Anselmo Cola,Cola,Kalor,Palazzetti,Royal ,Thermorossi<\/p>","protected":false},"featured_media":34771,"comment_status":"open","ping_status":"closed","template":"","meta":[],"product_brand":[],"product_cat":[861,862,867],"product_tag":[160,143,73,84,122,95],"class_list":{"0":"post-3644","1":"product","2":"type-product","3":"status-publish","4":"has-post-thumbnail","6":"product_cat-motoreducteurs","7":"product_cat-motoreducteurs-mellor","8":"product_cat-motoreducteurs-mellor-arbre-o-9-5mm","9":"product_tag-anselmo-cola","10":"product_tag-cola","11":"product_tag-kalor","12":"product_tag-palazzetti","13":"product_tag-royal","14":"product_tag-thermorossi","15":"product_shipping_class-classe-di-spedizione-02","17":"first","18":"instock","19":"shipping-taxable","20":"purchasable","21":"product-type-simple"},"yoast_head":"<!-- This site is optimized with the Yoast SEO plugin v27.4 - https:\/\/yoast.com\/product\/yoast-seo-wordpress\/ -->\n<title>Motor\u00e9ducteur Mellor 1.5 rpm arbre \u00f8 9.5 FB1268<\/title>\n<meta name=\"description\" content=\"Motor\u00e9ducteur Mellor 1.5 rpm arbre \u00f8 9.5 FB1268-Motor\u00e9ducteur Mellor pour vis de po\u00eale \u00e0 granul\u00e9s d\u2019arbre 9.5-Motor\u00e9ducteur Mellor pour po\u00eales et chaudi\u00e8res\" \/>\n<meta name=\"robots\" content=\"index, follow, max-snippet:-1, max-image-preview:large, max-video-preview:-1\" \/>\n<link rel=\"canonical\" href=\"https:\/\/amrtop.net\/de\/produkt\/motoriduttore-mellor-15-rpm-codice-fb1268-albero-o-95-mm-pacco-lamellare-19-mm\/\" \/>\n<meta property=\"og:locale\" content=\"de_DE\" \/>\n<meta property=\"og:type\" content=\"article\" \/>\n<meta property=\"og:title\" content=\"Motor\u00e9ducteur Mellor 1.5 rpm arbre \u00f8 9.5 FB1268\" \/>\n<meta property=\"og:description\" content=\"Motor\u00e9ducteur Mellor 1.5 rpm arbre \u00f8 9.5 FB1268-Motor\u00e9ducteur Mellor pour vis de po\u00eale \u00e0 granul\u00e9s d\u2019arbre 9.5-Motor\u00e9ducteur Mellor pour po\u00eales et chaudi\u00e8res\" \/>\n<meta property=\"og:url\" content=\"https:\/\/amrtop.net\/de\/produkt\/motoriduttore-mellor-15-rpm-codice-fb1268-albero-o-95-mm-pacco-lamellare-19-mm\/\" \/>\n<meta property=\"og:site_name\" content=\"AMRTOP B2B \u00c9tranger - Achats r\u00e9serv\u00e9s au professionnel\" \/>\n<meta property=\"article:modified_time\" content=\"2023-11-09T09:48:47+00:00\" \/>\n<meta property=\"og:image\" content=\"https:\/\/amrtop.net\/wp-content\/uploads\/2020\/10\/fb1268.jpg\" \/>\n\t<meta property=\"og:image:width\" content=\"960\" \/>\n\t<meta property=\"og:image:height\" content=\"960\" \/>\n\t<meta property=\"og:image:type\" content=\"image\/jpeg\" \/>\n<meta name=\"twitter:card\" content=\"summary_large_image\" \/>\n<meta name=\"twitter:label1\" content=\"Gesch\u00e4tzte Lesezeit\" \/>\n\t<meta name=\"twitter:data1\" content=\"1\u00a0Minute\" \/>\n<script type=\"application\/ld+json\" class=\"yoast-schema-graph\">{\"@context\":\"https:\\\/\\\/schema.org\",\"@graph\":[{\"@type\":\"WebPage\",\"@id\":\"https:\\\/\\\/amrtop.net\\\/produit\\\/motoriduttore-mellor-15-rpm-codice-fb1268-albero-o-95-mm-pacco-lamellare-19-mm\\\/\",\"url\":\"https:\\\/\\\/amrtop.net\\\/produit\\\/motoriduttore-mellor-15-rpm-codice-fb1268-albero-o-95-mm-pacco-lamellare-19-mm\\\/\",\"name\":\"Motor\u00e9ducteur Mellor 1.5 rpm arbre \u00f8 9.5 FB1268\",\"isPartOf\":{\"@id\":\"https:\\\/\\\/amrtop.net\\\/#website\"},\"primaryImageOfPage\":{\"@id\":\"https:\\\/\\\/amrtop.net\\\/produit\\\/motoriduttore-mellor-15-rpm-codice-fb1268-albero-o-95-mm-pacco-lamellare-19-mm\\\/#primaryimage\"},\"image\":{\"@id\":\"https:\\\/\\\/amrtop.net\\\/produit\\\/motoriduttore-mellor-15-rpm-codice-fb1268-albero-o-95-mm-pacco-lamellare-19-mm\\\/#primaryimage\"},\"thumbnailUrl\":\"https:\\\/\\\/amrtop.net\\\/wp-content\\\/uploads\\\/2020\\\/10\\\/fb1268.jpg\",\"datePublished\":\"2020-10-01T00:00:00+00:00\",\"dateModified\":\"2023-11-09T09:48:47+00:00\",\"description\":\"Motor\u00e9ducteur Mellor 1.5 rpm arbre \u00f8 9.5 FB1268-Motor\u00e9ducteur Mellor pour vis de po\u00eale \u00e0 granul\u00e9s d\u2019arbre 9.5-Motor\u00e9ducteur Mellor pour po\u00eales et chaudi\u00e8res\",\"breadcrumb\":{\"@id\":\"https:\\\/\\\/amrtop.net\\\/produit\\\/motoriduttore-mellor-15-rpm-codice-fb1268-albero-o-95-mm-pacco-lamellare-19-mm\\\/#breadcrumb\"},\"inLanguage\":\"de\",\"potentialAction\":[{\"@type\":\"ReadAction\",\"target\":[\"https:\\\/\\\/amrtop.net\\\/produit\\\/motoriduttore-mellor-15-rpm-codice-fb1268-albero-o-95-mm-pacco-lamellare-19-mm\\\/\"]}]},{\"@type\":\"ImageObject\",\"inLanguage\":\"de\",\"@id\":\"https:\\\/\\\/amrtop.net\\\/produit\\\/motoriduttore-mellor-15-rpm-codice-fb1268-albero-o-95-mm-pacco-lamellare-19-mm\\\/#primaryimage\",\"url\":\"https:\\\/\\\/amrtop.net\\\/wp-content\\\/uploads\\\/2020\\\/10\\\/fb1268.jpg\",\"contentUrl\":\"https:\\\/\\\/amrtop.net\\\/wp-content\\\/uploads\\\/2020\\\/10\\\/fb1268.jpg\",\"width\":960,\"height\":960,\"caption\":\"Motor\u00e9ducteur Mellor 1.5 rpm arbre \u00f8 9.5 FB1268-Motor\u00e9ducteur Mellor pour vis de po\u00eale \u00e0 granul\u00e9s d\u2019arbre 9.5-Motor\u00e9ducteur Mellor pour po\u00eales et chaudi\u00e8res\"},{\"@type\":\"BreadcrumbList\",\"@id\":\"https:\\\/\\\/amrtop.net\\\/produit\\\/motoriduttore-mellor-15-rpm-codice-fb1268-albero-o-95-mm-pacco-lamellare-19-mm\\\/#breadcrumb\",\"itemListElement\":[{\"@type\":\"ListItem\",\"position\":1,\"name\":\"Home\",\"item\":\"https:\\\/\\\/amrtop.net\\\/\"},{\"@type\":\"ListItem\",\"position\":2,\"name\":\"Shop\",\"item\":\"https:\\\/\\\/amrtop.net\\\/negozio\\\/\"},{\"@type\":\"ListItem\",\"position\":3,\"name\":\"Motor\u00e9ducteur Mellor 1,5 rpm Code FB1268 \u2013 Arbre \u00f8 9,5 mm \u2013 T\u00f4les feuillet\u00e9es 19 mm\"}]},{\"@type\":\"WebSite\",\"@id\":\"https:\\\/\\\/amrtop.net\\\/#website\",\"url\":\"https:\\\/\\\/amrtop.net\\\/\",\"name\":\"AMRTOP B2B \u00c9tranger - Achats r\u00e9serv\u00e9s au professionnel\",\"description\":\"Pi\u00e8ces de rechange et accessoires pour po\u00eales et chaudi\u00e8res - eCommerce B2B pour Clients Professionnels\",\"potentialAction\":[{\"@type\":\"SearchAction\",\"target\":{\"@type\":\"EntryPoint\",\"urlTemplate\":\"https:\\\/\\\/amrtop.net\\\/?s={search_term_string}\"},\"query-input\":{\"@type\":\"PropertyValueSpecification\",\"valueRequired\":true,\"valueName\":\"search_term_string\"}}],\"inLanguage\":\"de\"}]}<\/script>\n<!-- \/ Yoast SEO plugin. -->","yoast_head_json":{"title":"Getriebemotor Mellor 1.5 rpm Welle \u00f8 9.5 FB1268","description":"Mellor-Getriebemotor 1.5 rpm Welle \u00f8 9.5 FB1268-Mellor-Getriebemotor f\u00fcr Pelletofen-Schnecke Welle 9.5-Mellor-Getriebemotor f\u00fcr \u00d6fen und Kessel","robots":{"index":"index","follow":"follow","max-snippet":"max-snippet:-1","max-image-preview":"max-image-preview:large","max-video-preview":"max-video-preview:-1"},"canonical":"https:\/\/amrtop.net\/de\/produkt\/motoriduttore-mellor-15-rpm-codice-fb1268-albero-o-95-mm-pacco-lamellare-19-mm\/","og_locale":"de_DE","og_type":"article","og_title":"Motor\u00e9ducteur Mellor 1.5 rpm arbre \u00f8 9.5 FB1268","og_description":"Motor\u00e9ducteur Mellor 1.5 rpm arbre \u00f8 9.5 FB1268-Motor\u00e9ducteur Mellor pour vis de po\u00eale \u00e0 granul\u00e9s d\u2019arbre 9.5-Motor\u00e9ducteur Mellor pour po\u00eales et chaudi\u00e8res","og_url":"https:\/\/amrtop.net\/de\/produkt\/motoriduttore-mellor-15-rpm-codice-fb1268-albero-o-95-mm-pacco-lamellare-19-mm\/","og_site_name":"AMRTOP B2B \u00c9tranger - Achats r\u00e9serv\u00e9s au professionnel","article_modified_time":"2023-11-09T09:48:47+00:00","og_image":[{"width":960,"height":960,"url":"https:\/\/amrtop.net\/wp-content\/uploads\/2020\/10\/fb1268.jpg","type":"image\/jpeg"}],"twitter_card":"summary_large_image","twitter_misc":{"Gesch\u00e4tzte Lesezeit":"1\u00a0Minute"},"schema":{"@context":"https:\/\/schema.org","@graph":[{"@type":"WebPage","@id":"https:\/\/amrtop.net\/produit\/motoriduttore-mellor-15-rpm-codice-fb1268-albero-o-95-mm-pacco-lamellare-19-mm\/","url":"https:\/\/amrtop.net\/produit\/motoriduttore-mellor-15-rpm-codice-fb1268-albero-o-95-mm-pacco-lamellare-19-mm\/","name":"Getriebemotor Mellor 1.5 rpm Welle \u00f8 9.5 FB1268","isPartOf":{"@id":"https:\/\/amrtop.net\/#website"},"primaryImageOfPage":{"@id":"https:\/\/amrtop.net\/produit\/motoriduttore-mellor-15-rpm-codice-fb1268-albero-o-95-mm-pacco-lamellare-19-mm\/#primaryimage"},"image":{"@id":"https:\/\/amrtop.net\/produit\/motoriduttore-mellor-15-rpm-codice-fb1268-albero-o-95-mm-pacco-lamellare-19-mm\/#primaryimage"},"thumbnailUrl":"https:\/\/amrtop.net\/wp-content\/uploads\/2020\/10\/fb1268.jpg","datePublished":"2020-10-01T00:00:00+00:00","dateModified":"2023-11-09T09:48:47+00:00","description":"Mellor-Getriebemotor 1.5 rpm Welle \u00f8 9.5 FB1268-Mellor-Getriebemotor f\u00fcr Pelletofen-Schnecke Welle 9.5-Mellor-Getriebemotor f\u00fcr \u00d6fen und Kessel","breadcrumb":{"@id":"https:\/\/amrtop.net\/produit\/motoriduttore-mellor-15-rpm-codice-fb1268-albero-o-95-mm-pacco-lamellare-19-mm\/#breadcrumb"},"inLanguage":"de","potentialAction":[{"@type":"ReadAction","target":["https:\/\/amrtop.net\/produit\/motoriduttore-mellor-15-rpm-codice-fb1268-albero-o-95-mm-pacco-lamellare-19-mm\/"]}]},{"@type":"ImageObject","inLanguage":"de","@id":"https:\/\/amrtop.net\/produit\/motoriduttore-mellor-15-rpm-codice-fb1268-albero-o-95-mm-pacco-lamellare-19-mm\/#primaryimage","url":"https:\/\/amrtop.net\/wp-content\/uploads\/2020\/10\/fb1268.jpg","contentUrl":"https:\/\/amrtop.net\/wp-content\/uploads\/2020\/10\/fb1268.jpg","width":960,"height":960,"caption":"Motor\u00e9ducteur Mellor 1.5 rpm arbre \u00f8 9.5 FB1268-Motor\u00e9ducteur Mellor pour vis de po\u00eale \u00e0 granul\u00e9s d\u2019arbre 9.5-Motor\u00e9ducteur Mellor pour po\u00eales et chaudi\u00e8res"},{"@type":"BreadcrumbList","@id":"https:\/\/amrtop.net\/produit\/motoriduttore-mellor-15-rpm-codice-fb1268-albero-o-95-mm-pacco-lamellare-19-mm\/#breadcrumb","itemListElement":[{"@type":"ListItem","position":1,"name":"Home","item":"https:\/\/amrtop.net\/"},{"@type":"ListItem","position":2,"name":"Shop","item":"https:\/\/amrtop.net\/negozio\/"},{"@type":"ListItem","position":3,"name":"Motor\u00e9ducteur Mellor 1,5 rpm Code FB1268 \u2013 Arbre \u00f8 9,5 mm \u2013 T\u00f4les feuillet\u00e9es 19 mm"}]},{"@type":"WebSite","@id":"https:\/\/amrtop.net\/#website","url":"https:\/\/amrtop.net\/","name":"AMRTOP B2B Ausland - Einkaufen nur f\u00fcr Fachleute","description":"Ersatzteile und Zubeh\u00f6r f\u00fcr \u00d6fen und Heizkessel - B2B eCommerce f\u00fcr Gesch\u00e4ftskunden","potentialAction":[{"@type":"SearchAction","target":{"@type":"EntryPoint","urlTemplate":"https:\/\/amrtop.net\/?s={search_term_string}"},"query-input":{"@type":"PropertyValueSpecification","valueRequired":true,"valueName":"search_term_string"}}],"inLanguage":"de"}]}},"_links":{"self":[{"href":"http:\/\/amrtop.net\/de\/wp-json\/wp\/v2\/product\/3644","targetHints":{"allow":["GET"]}}],"collection":[{"href":"http:\/\/amrtop.net\/de\/wp-json\/wp\/v2\/product"}],"about":[{"href":"http:\/\/amrtop.net\/de\/wp-json\/wp\/v2\/types\/product"}],"replies":[{"embeddable":true,"href":"http:\/\/amrtop.net\/de\/wp-json\/wp\/v2\/comments?post=3644"}],"wp:featuredmedia":[{"embeddable":true,"href":"http:\/\/amrtop.net\/de\/wp-json\/wp\/v2\/media\/34771"}],"wp:attachment":[{"href":"http:\/\/amrtop.net\/de\/wp-json\/wp\/v2\/media?parent=3644"}],"wp:term":[{"taxonomy":"product_brand","embeddable":true,"href":"http:\/\/amrtop.net\/de\/wp-json\/wp\/v2\/product_brand?post=3644"},{"taxonomy":"product_cat","embeddable":true,"href":"http:\/\/amrtop.net\/de\/wp-json\/wp\/v2\/product_cat?post=3644"},{"taxonomy":"product_tag","embeddable":true,"href":"http:\/\/amrtop.net\/de\/wp-json\/wp\/v2\/product_tag?post=3644"}],"curies":[{"name":"wp","href":"https:\/\/api.w.org\/{rel}","templated":true}]}}