{"id":8894,"date":"2020-01-10T00:00:00","date_gmt":"2020-01-10T00:00:00","guid":{"rendered":"https:\/\/amrtop.com\/B2B\/?post_type=product&#038;p=8894"},"modified":"2024-05-21T13:45:15","modified_gmt":"2024-05-21T13:45:15","slug":"kerze-mit-flansch-l170-mm","status":"publish","type":"product","link":"http:\/\/amrtop.net\/de\/produit\/bougie-avec-bride-l170-mm\/","title":{"rendered":"Kerze mit Flansch \u00f8 12,5 mm - 350 Watt - Gesamtl\u00e4nge 170 mm - Code ELF60022"},"content":{"rendered":"<h3>Kompatibilit\u00e4t<\/h3>\n<h3>Austauschbar mit den folgenden Modellen von Z\u00fcndkerzen-Widerst\u00e4nden-Z\u00fcndpatronen :<\/h3>\n<p>HT62704, HT62705, HT46073<\/p>\n<p><strong><br \/>\nF\u00fcr die folgenden Modelle von Palazzetti-Pellet\u00f6fen und -Kesseln:<\/strong><\/p>\n<p>805707300 - ECOFIRE LETIZIA (004760080)PALAZZETTI<br \/>\n805707301 - ECOFIRE LETIZIA (004760080)PALAZZETTI<br \/>\n805707302 - ECOFIRE LETIZIA (004760080)PALAZZETTI<br \/>\n805707305 - ECOF. LETIZIA ANTHRAZIT (004760080)PALAZZETTI<br \/>\n805706170 - ECOFIRE TRACY CERAMIC (004760081)PALAZZETTI<br \/>\n805707320 - ECOFIRE TRACY AIR (004760081)PALAZZETTI<br \/>\n805707321 - ECOFIRE TRACY AIR (004760081)PALAZZETTI<br \/>\n805707322 - ECOFIRE TRACY (004760081)PALAZZETTI<br \/>\n805707325 - ECOF. TRACY AIR (004760081)PALAZZETTI<br \/>\n805708100 - ECOFIRE MICHELA V10 (004760170)PALAZZETTI<br \/>\n805708104 - ECOF. MICHELA (004760170)PALAZZETTI<br \/>\n805707330 - ECOFIRE ANGELICA (004760086)PALAZZETTI<br \/>\n805707980 - ECOFIRE ISABELLA V10 (004760126)PALAZZETTI<br \/>\n805708560 - ECOFIRE ANITA-ROSA 12KW (004760252)PALAZZETTI<br \/>\n805708590 - ECOFIRE ANITA-ROSA 12KW (004760252)PALAZZETTI<br \/>\n805708520 - ECOFIRE CAMILLA 12KW (004760263)PALAZZETTI<br \/>\n805708530 - ECOFIRE CAMILLA 12KW (004760263)PALAZZETTI<br \/>\n805708620 - ECOFIRE MARISA (004760279)PALAZZETTI<br \/>\n805709010 - ECOFIRE MARISA V_1 (004760279)PALAZZETTI<br \/>\n805709030 - ECOFIRE TRACY V_1 (004760278)PALAZZETTI<br \/>\n805709090 - ECOFIRE TRACY NC (004760278)PALAZZETTI<br \/>\n805706310 - ECOFIRE 12KW (004760302)PALAZZETTI<br \/>\n805706610 - ECOFIRE 12KW (004760302)PALAZZETTI<br \/>\n807710520 - DEMETRA (004760475)PALAZZETTI CHORO<br \/>\n807710521 - DEMETRA FLANCS (004760475)PALAZZETTI CHORO<br \/>\n807710522 - DEMETRA FLANCS (004760475)PALAZZETTI CHORO<br \/>\n805709840 - ECOFIRE TRACY N100 (004760508)PALAZZETTI<br \/>\n805709830 - ECOFIRE MARISA N100 (004760507)PALAZZETTI<br \/>\n805801070 - ECOFIRE \"NADIA 12\" (004760650)PALAZZETTI<br \/>\n805709470 - \"JESSICA 12KW\" (004760723)PALAZZETTI<br \/>\n805709471 - \"JESSICA 12KW\" (004760723)PALAZZETTI<br \/>\n805709472 - \"JESSICA 12KW\" (004760723)PALAZZETTI<br \/>\n805120550 - POELECINDY (004761190)PALAZZETTI<br \/>\n805120570 - POELECINDY (004761190)PALAZZETTI<\/p>\n<p>808200120 - ANTONELLA (004760153)ROYAL<br \/>\n808200121 - ANTONELLA (004760153)ROYAL<br \/>\n808200122 - ANTONELLA (004760153)ROYAL<br \/>\n808120110 - KLIMA 12 (004760169)ROYAL<br \/>\n808120111 - KLIMA 12 (004760169)ROYAL<br \/>\n808120112 - KLIMA 12 (004760169)ROYAL<br \/>\n808120120 - \"KLIMA 12\" (004760501)ROYAL<br \/>\n808120121 - \"KLIMA 12\" (004760501)ROYAL<br \/>\n808120122 - \"KLIMA 12\" (004760501)ROYAL<br \/>\n808100330 - \"FLORIANA AIR 120\u2033(004760462)ROYAL<br \/>\n808100350 - \"FABIANA AIR 120\u2033(004760463)ROYAL<br \/>\n808200180 - \"ANTONELLA\" (004760471)ROYAL<br \/>\n808200181 - \"ANTONELLA\" (004760471)ROYAL<br \/>\n808200182 - \"ANTONELLA\" (004760471)ROYAL<br \/>\n805706611 - MONOBLOCCO CANALIZZATA 12KW ROYAL (004760357)ROYAL<\/p>\n<p><strong><br \/>\nF\u00fcr die folgenden Modelle von Palazzetti-Pellet\u00f6fen und -Kesseln:<\/strong><\/p>\n<p>805707300 - ECOFIRE LETIZIA (004760080)PALAZZETTI<br \/>\n805707301 - ECOFIRE LETIZIA (004760080)PALAZZETTI<br \/>\n805707302 - ECOFIRE LETIZIA (004760080)PALAZZETTI<br \/>\n805707305 - ECOF LETIZIA (004760080)PALAZZETTI<br \/>\n805706170 - ECOFIRE TRACY CERAMICA<br \/>\n805707320 - ECOFIRE TRACY AIR (004760081)PALAZZETTI<br \/>\n805707321 - ECOFIRE TRACY AIR (004760081)PALAZZETTI<br \/>\n805707322 - ECOFIRE TRACY (004760081)PALAZZETTI<br \/>\n805707325 - ECOF TRACY AIR (004760081)PALAZZETTI<br \/>\n805707620 - ECOFIRE SLIMMY (004760190)PALAZZETTI<br \/>\n805707790 - ECOFIRE SLIMMY (004760190)PALAZZETTI<br \/>\n805707791 - ECOFIRE SLIMMY (004760190)PALAZZETTI<br \/>\n805707792 - ECOFIRE SLIMMY (004760190)PALAZZETTI<br \/>\n805707793 - ECOFIRE SLIMMY (004760190)PALAZZETTI<br \/>\n805708660 - ECOFIRE SLIMMY 6KW (004760190)PALAZZETTI<br \/>\n805708670 - ECOFIRE SLIMMY 6KW (004760190)PALAZZETTI<br \/>\n805708671 - ECOFIRE SLIMMY 6KW (004760190)PALAZZETTI<br \/>\n805708680 - ECOFIRE SLIMMY TOP GHISA(004760190)PALAZZETTI<br \/>\n805801380 - ECOFIRE SLIMMY(004760190)PALAZZETTI<br \/>\n805707330 - ECOFIRE ANGELICA (004760086)PALAZZETTI<br \/>\n805710970 - ECOFIRE ALICE (004760150)PALAZZETTI<br \/>\n805710971 - ECOFIRE ALICE (004760150)PALAZZETTI<br \/>\n805200200 - ZAIRA<br \/>\n805200210 - ZAIRA (004760067)PALAZZETTI<br \/>\n805200220 - ZAIRA (004760067)PALAZZETTI<br \/>\n805200230 - ZAIRA (004760067)PALAZZETTI<br \/>\n805707900 - ECOFIRE MARISA (004760121)PALAZZETTI<br \/>\n805706550 - ECOFIRE TRACY V10 (004760127)PALAZZETTI<br \/>\n805706560 - ECOFIRE TRACY V10 (004760127)PALAZZETTI<br \/>\n802601700 - MULTIFIRE 45 IDRO V09 (004760203)PALAZZETTI<br \/>\n802601710 - MULTIFIRE 45 IDRO V09 (004760203)PALAZZETTI<br \/>\n802601730 - MULTIFIRE 45 IDRO TOP V09 (004760203)PALAZZETTI<br \/>\n802601740 - MULTIFIRE 45 AIR V09 (004760204)PALAZZETTI<br \/>\n802601750 - MULTIFIRE 45 AIR V09 (004760204)PALAZZETTI<br \/>\n805710850 - ECOFIRE GIULIETTA (004760131)PALAZZETTI<br \/>\n805710860 - ECOFIRE GIULIETTA (004760131)PALAZZETTI<br \/>\n805710870 - ECOFIRE GIULIETTA (004760131)PALAZZETTI<br \/>\n805710880 - ECOFIRE GIULIETTA (004760131)PALAZZETTI<br \/>\n805710890 - ECOFIRE GIULIETTA (004760131)PALAZZETTI<br \/>\n805707310 - ECOFIRE ISABELLA (004760107)PALAZZETTI<br \/>\n805707980 - ECOFIRE ISABELLA V10 (004760126)PALAZZETTI<br \/>\n805706500 - ECOFIRE MARGHERITA<br \/>\n805706501 - ECOFIRE MARGHERITA NEUE BLUMEN (004760082)PALAZZETTI<br \/>\n805706510 - ECOFIRE MARGHERITA (004760082)PALAZZETTI<br \/>\n805706511 - ECOFIRE MARGHERITA (004760082)PALAZZETTI<br \/>\n805706512 - ECOFIRE MARGHERITA (004760082)PALAZZETTI<br \/>\n805707275 - ECOFIRE MARGHERITA (004760082)PALAZZETTI<br \/>\n805707270 - ECOFIRE MARGHERITA (004760205)PALAZZETTI<br \/>\n805707271 - ECOFIRE MARGHERITA (004760205)PALAZZETTI<br \/>\n805707290 - ECOFIRE MARGHERITA<br \/>\n805707291 - ECOFIRE MARGHERITA<br \/>\n805707292 - ECOFIRE MARGHERITA (004760205)PALAZZETTI<br \/>\n805708300 - ECOFIRE CESARE (004760084)PALAZZETTI<br \/>\n805708301 - ECOFIRE CESARE V1 (004760084)PALAZZETTI<br \/>\n805708560 - ECOFIRE ANITA-ROSA 12KW (004760252)PALAZZETTI<br \/>\n805708590 - ECOFIRE ANITA-ROSA 12KW (004760252)PALAZZETTI<br \/>\n805708610 - ECOF CARLOTTA-CRISTINA 12KW (004760255)PALAZZETTI<br \/>\n805709560 - ECOFCARLOTTA-CRIS12KW (004760255)PALAZZETTI<br \/>\n805708460 - ECOFIRE CARLA 12KW (004760266)PALAZZETTI<br \/>\n805708470 - ECOFIRE CARLA 12KW (004760266)PALAZZETTI<br \/>\n805708520 - ECOFIRE CAMILLA 12KW (004760263)PALAZZETTI<br \/>\n805708530 - ECOFIRE CAMILLA 12KW (004760263)PALAZZETTI<br \/>\n805709000 - ECOFIRE MICHELA V_1 (004760275)PALAZZETTI<br \/>\n805709080 - ECOFIRE MICHELA NC (004760275)PALAZZETTI<br \/>\n805708620 - ECOFIRE MARISA NC (004760279)PALAZZETTI<br \/>\n805709010 - ECOFIRE MARISA V_1 (004760279)PALAZZETTI<br \/>\n805709030 - ECOFIRE TRACY V_1 (004760278)PALAZZETTI<br \/>\n805709090 - ECOFIRE TRACY NC (004760278)PALAZZETTI<br \/>\n805220700 - ECOFIRE X AURORA-DIAMANTE-FENICE (004760095)PALAZZETTI<br \/>\n805706310 - ECOFIRE 12KW (004760302)PALAZZETTI<br \/>\n805706610 - ECOFIRE 12KW (004760302)PALAZZETTI<br \/>\n807710520 - DEMETRA (004760475)PALAZZETTI CHORO<br \/>\n807710521 - DEMETRA (004760475)PALAZZETTI CHORO<br \/>\n807710522 - DEMETRA (004760475)PALAZZETTI CHORO<br \/>\n805709850 - ECOFIRE MARGHERITA N100<br \/>\n805709851 - ECOFIRE MARGHERITA N100 (004760509)PALAZZETTI<br \/>\n805709852 - ECOFIRE MARGHERITA N100 (004760509)PALAZZETTI<br \/>\n805709860 - ECOFIRE MARGHERITA N100<br \/>\n805709861 - ECOFIRE MARGHERITA N100 (004760509)PALAZZETTI<br \/>\n805709880 - ECOFIRE MARGHERITA N100 (004760509)PALAZZETTI<br \/>\n805709840 - ECOFIRE TRACY N100 (004760508)PALAZZETTI<br \/>\n805709810 - ECOFIRE MICHELA N100 (004760505)PALAZZETTI<br \/>\n805709815 - MICHELA N100\/AR (004760505)PALAZZETTI<br \/>\n805709830 - ECOFIRE MARISA N100 (004760507)PALAZZETTI<br \/>\n805801070 - ECOFIRE \"NADIA 12\" (004760650)PALAZZETTI<br \/>\n805709470 - \"JESSICA 12KW\" (004760723)PALAZZETTI<br \/>\n805709471 - \"JESSICA 12KW\" (004760723)PALAZZETTI<br \/>\n805709472 - \"JESSICA 12KW\" (004760723)PALAZZETTI<br \/>\n802601720 - MULTIFIRE 45 IDRO (004760739)PALAZZETTI<br \/>\n802601770 - MULTIFIRE 45 IDRO TOP (004760739)PALAZZETTI<br \/>\n802601760 - MULTIFIRE 45\/NEW AIR (004760869)PALAZZETTI<br \/>\n805708302 - ECOFIRE CESARE II (004761105)PALAZZETTI<br \/>\n805120550 - CINDY (004761190)PALAZZETTI<br \/>\n805120570 - CINDY (004761190)PALAZZETTI<br \/>\n805200400 - GINEVRA AIR NEW (004761142)PALAZZETTI<br \/>\n805200410 - GINEVRA AIR (004761142)PALAZZETTI<br \/>\n805200420 - GINEVRA AIR NEW (004761142)PALAZZETTI<br \/>\n805200430 - GINEVRA AIR NEW (004761142)PALAZZETTI<br \/>\n805200440 - GINEVRA AIR NEW (004761142)PALAZZETTI<br \/>\n805200450 - GINEVRA AIR NEW (004761142)PALAZZETTI<br \/>\n805200460 - GINEVRA AIR NEW (004761142)PALAZZETTI<br \/>\n805708303 - ECOFIRE CESARE II V2 (004761568)PALAZZETTI<\/p>\n<p><strong><br \/>\nF\u00fcr die folgenden Modelle von Royal Pellet\u00f6fen und -kesseln:<\/strong><\/p>\n<p>808200120 - ANTONELLA (004760153)ROYAL<br \/>\n808200121 - ANTONELLA (004760153)ROYAL<br \/>\n808200122 - ANTONELLA (004760153)ROYAL<br \/>\n808120110 - KLIMA 12 (004760169)ROYAL<br \/>\n808120111 - KLIMA 12 (004760169)ROYAL<br \/>\n808120112 - KLIMA 12 (004760169)ROYAL<br \/>\n808100360 - \"AIR 120\" (004760472)ROYAL<br \/>\n808100361 - \"AIR 120\" (004760472)ROYAL<br \/>\n808100362 - \"AIR 120\" (004760472)ROYAL<br \/>\n808120120 - \"KLIMA 12\" (004760501)ROYAL<br \/>\n808120121 - \"KLIMA 12\" (004760501)ROYAL<br \/>\n808120122 - \"KLIMA 12\" (004760501)ROYAL<br \/>\n808100330 - \"FLORIANA AIR 120\" (004760462)ROYAL<br \/>\n808100350 - \"FABIANA AIR 120\" (004760463)ROYAL<br \/>\n808200180 - \"ANTONELLA\" (004760471)ROYAL<br \/>\n808200181 - \"ANTONELLA\" (004760471)ROYAL<br \/>\n808200182 - \"ANTONELLA\" (004760471)ROYAL<br \/>\n808100560 - SARA (004760539)ROYAL<br \/>\n808100561 - SARA (004760539)ROYAL<br \/>\n808100580 - SARA (004760539)ROYAL<br \/>\n808100581 - SARA (004760539)ROYAL<br \/>\n808100610 - SARA (004760539)ROYAL<br \/>\n805706611 - MONOBLOCCO CANALIZZAZIONE 12KW ROYAL (004760357)ROYAL<br \/>\n808101900 - ILENA E AIR 60 (004761236)ROYAL<br \/>\n808101901 - ILENA E AIR 60 (004761236)ROYAL<br \/>\n808101902 - ILENA E AIR 60 (004761236)ROYAL<br \/>\n808101910 - ILENA E AIR 80 (004761237)ROYAL<br \/>\n808101911 - ILENA E AIR 80 (004761237)ROYAL<br \/>\n808101912 - ILENA E AIR 80 (004761237)ROYAL<br \/>\n808101913 -ILENA E AIR 80 (004761237)ROYAL<br \/>\n808101920 - ROBERTA E AIR 80 (004761233)ROYAL<br \/>\n808101921 - ROBERTA E AIR 80 (004761233)ROYAL<br \/>\n808101922 - ROBERTA E AIR 80 (004761233)ROYAL<br \/>\n808102940 - ILENA E AIR 60 V1 (004761520)ROYAL<br \/>\n808102941 - ILENA E AIR 60 V1 (004761520)ROYAL<br \/>\n808102942 - ILENA E AIR 60 V1 (004761520)ROYAL<br \/>\n808102950 - ILENA E AIR 80 V1 (004761520)ROYAL<br \/>\n808102951 - ILENA E AIR 80 V1 (004761520)ROYAL<br \/>\n808102952 - ILENA E AIR 80 V1 (004761520)ROYAL<\/p>\n<p>Kompakt 14<br \/>\nCompact 14 - 2015<br \/>\nGardenia AIR<br \/>\nGardenia AIR - 2014<br \/>\nGardenia HYDRO<br \/>\nGardenia HYDRO High Efficiency<br \/>\nGardenia HYDRO ver. 2012<br \/>\nMargherita AIR<br \/>\nMargherita AIR - 2014<br \/>\nMargherita HYDRO<br \/>\nMargherita HYDRO High Efficiency<br \/>\nMargherita HYDRO ver. 2012<br \/>\nOrchidea AIR<br \/>\nOrchidea AIR - 2014<br \/>\nOrchidea HYDRO<br \/>\nOrchidea HYDRO High Efficiency<br \/>\nOrchidea HYDRO ver. 2012<br \/>\nOrchidea MULTIAIR<br \/>\nOrchidea MULTIAIR - 2014<br \/>\nPrimula AIR<br \/>\nPrimula AIR - 2014<br \/>\nPrimula HYDRO<br \/>\nPrimula HYDRO High Efficiency<br \/>\nPrimula HYDRO ver. 2012<br \/>\nPrimula MULTIAIR<br \/>\nPrimula MULTIAIR - 2014<\/p>\n<p><strong><br \/>\nF\u00fcr die folgenden Modelle von Supra-Pellet\u00f6fen und -kesseln:<\/strong><\/p>\n<p>ALIZE<br \/>\nSILVER<br \/>\nKEROS<br \/>\nKEMNOS<br \/>\nLEMNOS<br \/>\nLENI<br \/>\nSKYROS<br \/>\nTYSEOS<\/p>\n<p><strong><br \/>\nF\u00fcr die folgenden Modelle von Godin Pellet\u00f6fen und -kesseln :<\/strong><\/p>\n<p>THIVA<br \/>\nCERVON<br \/>\nEGIO<\/p>\n<p><strong><br \/>\nF\u00fcr die folgenden Modelle von Mcz Pellet\u00f6fen und -kesseln:<\/strong><\/p>\n<p>Antares<br \/>\nAntares '02<br \/>\nAntares '03<br \/>\nAstra<br \/>\nAstra '05 (Box Pellet)<br \/>\nAurora<br \/>\nAurora '05 (Box Pellet)<br \/>\nBoxtherm 70 Pellet<br \/>\nKap NATURAL<br \/>\nAIR-Club<br \/>\nCOMFORT AIR Club<br \/>\nClub HYDRO 15 kW<br \/>\nClub HYDRO 15 kW High Efficiency<br \/>\nClub HYDRO 15 kW Ver.2009 cod. 7109007<br \/>\nClub HYDRO 22 kW<br \/>\nClub HYDRO 22 kW High Efficiency<br \/>\nCute<br \/>\nCute 2016<br \/>\nDeko<br \/>\nDuo HYDRO AIR<br \/>\nDuo HYDRO AIR High Efficiency<br \/>\nEgo AIR<br \/>\nEgo COMFORT AIR<br \/>\nEgo HYDRO<br \/>\nEgo HYDRO High Efficieny<br \/>\nKama<br \/>\nLam NATURAL<br \/>\nModulo Pellet<br \/>\nModulo Pellet (Box Pellet)<br \/>\nMusa AIR<br \/>\nMusa COMFORT AIR<br \/>\nMusa HYDRO 15 kW<br \/>\nMusa HYDRO 15 kW Ver.2009 cod. 7109008<br \/>\nMusa HYDRO 15 kW High Efficiency<br \/>\nMusa HYDRO 22 kW<br \/>\nMusa HYDRO 22 kW High Efficiency<br \/>\nNasik<br \/>\nNima<br \/>\nPanorama<br \/>\nPowerBox COMPACT<br \/>\nPowerBox LINK<br \/>\nPowersystem<br \/>\nPowerTherm<br \/>\nSagar<br \/>\nStar AIR<br \/>\nStar COMFORT AIR<br \/>\nStar HYDRO<br \/>\nStar HYDRO High Efficieny<br \/>\nAIR-Suite<br \/>\nCOMFORT AIR Suite<br \/>\nSuite HYDRO 15 kW<br \/>\nSuite HYDRO 15 kW High Efficiency<br \/>\nSuite HYDRO 15 kW Ver. 2009 cod. 7109007<br \/>\nSuite HYDRO 22 kW<br \/>\nSuite HYDRO 22 kW High Efficiency<br \/>\nThema<br \/>\nThema 2016<br \/>\nToba AIR<br \/>\nToba COMFORT AIR<br \/>\nToba HYDRO 22<br \/>\nToba HYDRO 22 HE<br \/>\nToba HYDRO\/S 22<br \/>\nTray NATURAL<br \/>\nTray NATURAL Serpentino<br \/>\nTube<br \/>\nTube 2013<br \/>\nVega<br \/>\nVega '05 (Box Pellet)<br \/>\nVivo 80 Pellet<br \/>\nVivo 80 Pellet Comfort Air - 2012<br \/>\nVivo 80 Pellet Hydro<br \/>\nVivo 85 Pellet Hydro<br \/>\nYari AIR<br \/>\nYari MULTIAIR<\/p>","protected":false},"excerpt":{"rendered":"<hr \/>\n<h2><span style=\"color: #008000\">Verf\u00fcgbar<\/span><\/h2>\n<hr \/>\n<h3>Z\u00fcndkerze mit Flansch<\/h3>\n<p>Code ELF60022<\/p>\n<p>\u00f8 12,5 mm<br \/>\nGesamtl\u00e4nge: 170 mm<br \/>\nL\u00e4nge Untermutter: 160 mm<br \/>\nLeistung: 350 W<br \/>\nKabell\u00e4nge: 100 mm<\/p>\n<p>&nbsp;<\/p>","protected":false},"featured_media":34580,"comment_status":"open","ping_status":"closed","template":"","meta":[],"product_brand":[],"product_cat":[859,840,839],"product_tag":[56,124,81,136,84,88,43,95],"class_list":{"0":"post-8894","1":"product","2":"type-product","3":"status-publish","4":"has-post-thumbnail","6":"product_cat-bougies-dallumage-avec-bride-o-12-5-mm","7":"product_cat-bougies-dallumage-pour-poeles-et-chaudieres-a-pellets","8":"product_cat-pieces-de-rechange-divers-poeles-et-chaudieres","9":"product_tag-cadel","10":"product_tag-jotul","11":"product_tag-mcz","12":"product_tag-olimpia-splendid","13":"product_tag-palazzetti","14":"product_tag-red","15":"product_tag-supra","16":"product_tag-thermorossi","17":"product_shipping_class-classe-di-spedizione-01","19":"first","20":"instock","21":"shipping-taxable","22":"purchasable","23":"product-type-simple"},"yoast_head":"<!-- This site is optimized with the Yoast SEO plugin v27.4 - https:\/\/yoast.com\/product\/yoast-seo-wordpress\/ -->\n<title>Bougie avec bride L170 mm<\/title>\n<meta name=\"description\" content=\"Bougie avec bride L170 mm -r\u00e9sistance d\u2019allumage avec bride L170 mm \u00e0 12,5 mm-cartouche d\u2019allumage avec bride L170 mm \u00e0 12,5 mm\" \/>\n<meta name=\"robots\" content=\"index, follow, max-snippet:-1, max-image-preview:large, max-video-preview:-1\" \/>\n<link rel=\"canonical\" href=\"https:\/\/www.amrtop.com\/B2B\/prodotto\/candeletta-con-flangia-cod-elf60022\/\" \/>\n<meta property=\"og:locale\" content=\"de_DE\" \/>\n<meta property=\"og:type\" content=\"article\" \/>\n<meta property=\"og:title\" content=\"Bougie avec bride L170 mm\" \/>\n<meta property=\"og:description\" content=\"Bougie avec bride L170 mm -r\u00e9sistance d\u2019allumage avec bride L170 mm \u00e0 12,5 mm-cartouche d\u2019allumage avec bride L170 mm \u00e0 12,5 mm\" \/>\n<meta property=\"og:url\" content=\"https:\/\/www.amrtop.com\/B2B\/prodotto\/candeletta-con-flangia-cod-elf60022\/\" \/>\n<meta property=\"og:site_name\" content=\"AMRTOP B2B \u00c9tranger - Achats r\u00e9serv\u00e9s au professionnel\" \/>\n<meta property=\"article:modified_time\" content=\"2024-05-21T13:45:15+00:00\" \/>\n<meta property=\"og:image\" content=\"https:\/\/amrtop.net\/wp-content\/uploads\/2022\/07\/elf60022-1.jpg\" \/>\n\t<meta property=\"og:image:width\" content=\"960\" \/>\n\t<meta property=\"og:image:height\" content=\"960\" \/>\n\t<meta property=\"og:image:type\" content=\"image\/jpeg\" \/>\n<meta name=\"twitter:card\" content=\"summary_large_image\" \/>\n<meta name=\"twitter:label1\" content=\"Gesch\u00e4tzte Lesezeit\" \/>\n\t<meta name=\"twitter:data1\" content=\"2\u00a0Minuten\" \/>\n<script type=\"application\/ld+json\" class=\"yoast-schema-graph\">{\"@context\":\"https:\\\/\\\/schema.org\",\"@graph\":[{\"@type\":\"WebPage\",\"@id\":\"https:\\\/\\\/amrtop.net\\\/produit\\\/bougie-avec-bride-l170-mm\\\/\",\"url\":\"https:\\\/\\\/www.amrtop.com\\\/B2B\\\/prodotto\\\/candeletta-con-flangia-cod-elf60022\\\/\",\"name\":\"Bougie avec bride L170 mm\",\"isPartOf\":{\"@id\":\"https:\\\/\\\/amrtop.net\\\/#website\"},\"primaryImageOfPage\":{\"@id\":\"https:\\\/\\\/www.amrtop.com\\\/B2B\\\/prodotto\\\/candeletta-con-flangia-cod-elf60022\\\/#primaryimage\"},\"image\":{\"@id\":\"https:\\\/\\\/www.amrtop.com\\\/B2B\\\/prodotto\\\/candeletta-con-flangia-cod-elf60022\\\/#primaryimage\"},\"thumbnailUrl\":\"https:\\\/\\\/amrtop.net\\\/wp-content\\\/uploads\\\/2022\\\/07\\\/elf60022-1.jpg\",\"datePublished\":\"2020-01-10T00:00:00+00:00\",\"dateModified\":\"2024-05-21T13:45:15+00:00\",\"description\":\"Bougie avec bride L170 mm -r\u00e9sistance d\u2019allumage avec bride L170 mm \u00e0 12,5 mm-cartouche d\u2019allumage avec bride L170 mm \u00e0 12,5 mm\",\"breadcrumb\":{\"@id\":\"https:\\\/\\\/www.amrtop.com\\\/B2B\\\/prodotto\\\/candeletta-con-flangia-cod-elf60022\\\/#breadcrumb\"},\"inLanguage\":\"de\",\"potentialAction\":[{\"@type\":\"ReadAction\",\"target\":[\"https:\\\/\\\/www.amrtop.com\\\/B2B\\\/prodotto\\\/candeletta-con-flangia-cod-elf60022\\\/\"]}]},{\"@type\":\"ImageObject\",\"inLanguage\":\"de\",\"@id\":\"https:\\\/\\\/www.amrtop.com\\\/B2B\\\/prodotto\\\/candeletta-con-flangia-cod-elf60022\\\/#primaryimage\",\"url\":\"https:\\\/\\\/amrtop.net\\\/wp-content\\\/uploads\\\/2022\\\/07\\\/elf60022-1.jpg\",\"contentUrl\":\"https:\\\/\\\/amrtop.net\\\/wp-content\\\/uploads\\\/2022\\\/07\\\/elf60022-1.jpg\",\"width\":960,\"height\":960,\"caption\":\"Bougie avec bride L170 mm -r\u00e9sistance d\u2019allumage avec bride L170 mm \u00e0 12,5 mm-cartouche d\u2019allumage avec bride L170 mm \u00e0 12,5 mm\"},{\"@type\":\"BreadcrumbList\",\"@id\":\"https:\\\/\\\/www.amrtop.com\\\/B2B\\\/prodotto\\\/candeletta-con-flangia-cod-elf60022\\\/#breadcrumb\",\"itemListElement\":[{\"@type\":\"ListItem\",\"position\":1,\"name\":\"Home\",\"item\":\"https:\\\/\\\/amrtop.net\\\/\"},{\"@type\":\"ListItem\",\"position\":2,\"name\":\"Shop\",\"item\":\"https:\\\/\\\/amrtop.net\\\/negozio\\\/\"},{\"@type\":\"ListItem\",\"position\":3,\"name\":\"Bougie avec bride \u00f8 12,5 mm &#8211; 350 Watt &#8211; Longueur totale 170 mm \u2013 Code ELF60022\"}]},{\"@type\":\"WebSite\",\"@id\":\"https:\\\/\\\/amrtop.net\\\/#website\",\"url\":\"https:\\\/\\\/amrtop.net\\\/\",\"name\":\"AMRTOP B2B \u00c9tranger - Achats r\u00e9serv\u00e9s au professionnel\",\"description\":\"Pi\u00e8ces de rechange et accessoires pour po\u00eales et chaudi\u00e8res - eCommerce B2B pour Clients Professionnels\",\"potentialAction\":[{\"@type\":\"SearchAction\",\"target\":{\"@type\":\"EntryPoint\",\"urlTemplate\":\"https:\\\/\\\/amrtop.net\\\/?s={search_term_string}\"},\"query-input\":{\"@type\":\"PropertyValueSpecification\",\"valueRequired\":true,\"valueName\":\"search_term_string\"}}],\"inLanguage\":\"de\"}]}<\/script>\n<!-- \/ Yoast SEO plugin. -->","yoast_head_json":{"title":"Kerze mit Flansch L170 mm","description":"Z\u00fcndkerze mit Flansch L170 mm -Z\u00fcndwiderstand mit Flansch L170 mm auf 12,5 mm -Z\u00fcndkerze mit Flansch L170 mm auf 12,5 mm","robots":{"index":"index","follow":"follow","max-snippet":"max-snippet:-1","max-image-preview":"max-image-preview:large","max-video-preview":"max-video-preview:-1"},"canonical":"https:\/\/www.amrtop.com\/B2B\/prodotto\/candeletta-con-flangia-cod-elf60022\/","og_locale":"de_DE","og_type":"article","og_title":"Bougie avec bride L170 mm","og_description":"Bougie avec bride L170 mm -r\u00e9sistance d\u2019allumage avec bride L170 mm \u00e0 12,5 mm-cartouche d\u2019allumage avec bride L170 mm \u00e0 12,5 mm","og_url":"https:\/\/www.amrtop.com\/B2B\/prodotto\/candeletta-con-flangia-cod-elf60022\/","og_site_name":"AMRTOP B2B \u00c9tranger - Achats r\u00e9serv\u00e9s au professionnel","article_modified_time":"2024-05-21T13:45:15+00:00","og_image":[{"width":960,"height":960,"url":"https:\/\/amrtop.net\/wp-content\/uploads\/2022\/07\/elf60022-1.jpg","type":"image\/jpeg"}],"twitter_card":"summary_large_image","twitter_misc":{"Gesch\u00e4tzte Lesezeit":"2\u00a0Minuten"},"schema":{"@context":"https:\/\/schema.org","@graph":[{"@type":"WebPage","@id":"https:\/\/amrtop.net\/produit\/bougie-avec-bride-l170-mm\/","url":"https:\/\/www.amrtop.com\/B2B\/prodotto\/candeletta-con-flangia-cod-elf60022\/","name":"Kerze mit Flansch L170 mm","isPartOf":{"@id":"https:\/\/amrtop.net\/#website"},"primaryImageOfPage":{"@id":"https:\/\/www.amrtop.com\/B2B\/prodotto\/candeletta-con-flangia-cod-elf60022\/#primaryimage"},"image":{"@id":"https:\/\/www.amrtop.com\/B2B\/prodotto\/candeletta-con-flangia-cod-elf60022\/#primaryimage"},"thumbnailUrl":"https:\/\/amrtop.net\/wp-content\/uploads\/2022\/07\/elf60022-1.jpg","datePublished":"2020-01-10T00:00:00+00:00","dateModified":"2024-05-21T13:45:15+00:00","description":"Z\u00fcndkerze mit Flansch L170 mm -Z\u00fcndwiderstand mit Flansch L170 mm auf 12,5 mm -Z\u00fcndkerze mit Flansch L170 mm auf 12,5 mm","breadcrumb":{"@id":"https:\/\/www.amrtop.com\/B2B\/prodotto\/candeletta-con-flangia-cod-elf60022\/#breadcrumb"},"inLanguage":"de","potentialAction":[{"@type":"ReadAction","target":["https:\/\/www.amrtop.com\/B2B\/prodotto\/candeletta-con-flangia-cod-elf60022\/"]}]},{"@type":"ImageObject","inLanguage":"de","@id":"https:\/\/www.amrtop.com\/B2B\/prodotto\/candeletta-con-flangia-cod-elf60022\/#primaryimage","url":"https:\/\/amrtop.net\/wp-content\/uploads\/2022\/07\/elf60022-1.jpg","contentUrl":"https:\/\/amrtop.net\/wp-content\/uploads\/2022\/07\/elf60022-1.jpg","width":960,"height":960,"caption":"Bougie avec bride L170 mm -r\u00e9sistance d\u2019allumage avec bride L170 mm \u00e0 12,5 mm-cartouche d\u2019allumage avec bride L170 mm \u00e0 12,5 mm"},{"@type":"BreadcrumbList","@id":"https:\/\/www.amrtop.com\/B2B\/prodotto\/candeletta-con-flangia-cod-elf60022\/#breadcrumb","itemListElement":[{"@type":"ListItem","position":1,"name":"Home","item":"https:\/\/amrtop.net\/"},{"@type":"ListItem","position":2,"name":"Shop","item":"https:\/\/amrtop.net\/negozio\/"},{"@type":"ListItem","position":3,"name":"Bougie avec bride \u00f8 12,5 mm &#8211; 350 Watt &#8211; Longueur totale 170 mm \u2013 Code ELF60022"}]},{"@type":"WebSite","@id":"https:\/\/amrtop.net\/#website","url":"https:\/\/amrtop.net\/","name":"AMRTOP B2B Ausland - Einkaufen nur f\u00fcr Fachleute","description":"Ersatzteile und Zubeh\u00f6r f\u00fcr \u00d6fen und Heizkessel - B2B eCommerce f\u00fcr Gesch\u00e4ftskunden","potentialAction":[{"@type":"SearchAction","target":{"@type":"EntryPoint","urlTemplate":"https:\/\/amrtop.net\/?s={search_term_string}"},"query-input":{"@type":"PropertyValueSpecification","valueRequired":true,"valueName":"search_term_string"}}],"inLanguage":"de"}]}},"_links":{"self":[{"href":"http:\/\/amrtop.net\/de\/wp-json\/wp\/v2\/product\/8894","targetHints":{"allow":["GET"]}}],"collection":[{"href":"http:\/\/amrtop.net\/de\/wp-json\/wp\/v2\/product"}],"about":[{"href":"http:\/\/amrtop.net\/de\/wp-json\/wp\/v2\/types\/product"}],"replies":[{"embeddable":true,"href":"http:\/\/amrtop.net\/de\/wp-json\/wp\/v2\/comments?post=8894"}],"wp:featuredmedia":[{"embeddable":true,"href":"http:\/\/amrtop.net\/de\/wp-json\/wp\/v2\/media\/34580"}],"wp:attachment":[{"href":"http:\/\/amrtop.net\/de\/wp-json\/wp\/v2\/media?parent=8894"}],"wp:term":[{"taxonomy":"product_brand","embeddable":true,"href":"http:\/\/amrtop.net\/de\/wp-json\/wp\/v2\/product_brand?post=8894"},{"taxonomy":"product_cat","embeddable":true,"href":"http:\/\/amrtop.net\/de\/wp-json\/wp\/v2\/product_cat?post=8894"},{"taxonomy":"product_tag","embeddable":true,"href":"http:\/\/amrtop.net\/de\/wp-json\/wp\/v2\/product_tag?post=8894"}],"curies":[{"name":"wp","href":"https:\/\/api.w.org\/{rel}","templated":true}]}}