{"id":3580,"date":"2020-01-10T00:00:00","date_gmt":"2020-01-10T00:00:00","guid":{"rendered":"https:\/\/amrtop.com\/B2B\/?post_type=product&#038;p=3580"},"modified":"2023-07-17T13:29:39","modified_gmt":"2023-07-17T13:29:39","slug":"bougie-avec-raccord-3-8%e2%80%b3-163-mm","status":"publish","type":"product","link":"http:\/\/amrtop.net\/ro\/produit\/bougie-avec-raccord-3-8%e2%80%b3-163-mm\/","title":{"rendered":"Bujie cu conexiune 3\/8\u2033 \u00f8 12,5 mm - 330 Watt - Lungime total\u0103 163 mm - Cod ELD60031"},"content":{"rendered":"<h2>Bougie avec raccord 3\/8\u2033 163 mm<\/h2>\n<p><strong>Amrtop<\/strong>\u00a0ofer\u0103 6 tipuri de bujii cu conexiune 3\/8\u2033 \u00f8 12,5 mm \u00een diferite lungimi\u00a0<strong>densitate mare de putere cu tehnologia Ultramax SC400\u00a0<\/strong>Acestea fac parte din noua genera\u021bie de elemente de \u00eenc\u0103lzire electrice, permi\u021b\u00e2nd utilizarea sarcinilor de putere mare \u00een spa\u021bii foarte concentrate. Ele garanteaz\u0103 o mare fiabilitate chiar \u0219i \u00een cele mai dificile condi\u021bii de lucru. Acest lucru este posibil datorit\u0103 tehnologiei speciale de construc\u021bie care face din aceste dispozitive cea mai avansat\u0103 expresie a elementelor de \u00eenc\u0103lzire.<\/p>\n<h2><strong>Utilisation de la bougie avec raccord 3\/8&#8243; 163 mm\u00a0<\/strong><\/h2>\n<p>La bougie d\u2019allumage avec raccord 3\/28&#8243; \u00f8 12,5 mm &#8211; 330 Watt &#8211; Longueur totale 163 mm &#8211; Code ELD60031 est utilis\u00e9e dans le secteur du chauffage \u00e0 biomasse granul\u00e9s, copeaux et autres&#8230; sont mont\u00e9es dans les po\u00eales et chaudi\u00e8res \u00e0 pellets pour cr\u00e9er l\u2019inflammation du combustible indirectement par l\u2019air ou directement.<\/p>\n<h3><strong>Interior<\/strong><\/h3>\n<p><a href=\"https:\/\/wekos.it\/\">Sobe, aragazuri \u0219i aragazuri pe lemne<\/a>\u00a0-\u00a0<a href=\"https:\/\/www.greenpuros.com\/\">\u0219eminee, sobe \u0219i cazane pe pele\u021bi.<\/a><\/p>\n<h3><strong>Gama Amrtop de piese de schimb \u0219i accesorii<\/strong><\/h3>\n<p>&nbsp;<\/p>\n<p><a href=\"https:\/\/amrtop.net\/ro\/categoria-de-produse\/piese-de-schimb-sobe-si-cazane-de-gatit-si-cazane-mixte-2\/bougies-dallumage-pour-poeles-et-chaudieres-a-pellets\/\">Bujii incandescente<\/a><\/p>\n<p><a href=\"https:\/\/amrtop.net\/ro\/categoria-de-produse\/piese-de-schimb-sobe-si-cazane-de-gatit-si-cazane-mixte-2\/electronique\/\">Electronic\u0103<\/a><\/p>\n<p><a href=\"https:\/\/amrtop.net\/ro\/categoria-de-produse\/piese-de-schimb-sobe-si-cazane-de-gatit-si-cazane-mixte-2\/extracteurs-de-fumee\/\">Extractoare de fum<\/a><\/p>\n<p><a href=\"https:\/\/amrtop.net\/ro\/categoria-de-produse\/piese-de-schimb-sobe-si-cazane-de-gatit-si-cazane-mixte-2\/gaines-cable-connecteurs\/\">Teci de cablu conector<\/a><\/p>\n<p><a href=\"https:\/\/amrtop.net\/ro\/categoria-de-produse\/piese-de-schimb-sobe-si-cazane-de-gatit-si-cazane-mixte-2\/joints-de-silicone\/\">Garnituri de silicon<\/a><\/p>\n<p><a href=\"https:\/\/amrtop.net\/ro\/categoria-de-produse\/piese-de-schimb-sobe-si-cazane-de-gatit-si-cazane-mixte-2\/motoreducteurs\/\">Motoare cu angrenaje<\/a><\/p>\n<p><a href=\"https:\/\/amrtop.net\/ro\/categoria-de-produse\/piese-de-schimb-sobe-si-cazane-de-gatit-si-cazane-mixte-2\/pressostats-et-transducteurs\/\">Presostate \u0219i traductoare de presiune<\/a><\/p>\n<p><a href=\"https:\/\/amrtop.com\/B2B\/fr\/categorie-produit\/ricambi-vari-stufe-e-caldaie\/sonde-termostati-manometri-termometri\/\">Sonde termostate manometre termometre termometre<\/a><\/p>\n<p><a href=\"https:\/\/amrtop.net\/ro\/categoria-de-produse\/piese-de-schimb-sobe-si-cazane-de-gatit-si-cazane-mixte-2\/joints-detancheite\/\">Tricotaje de etan\u0219are<\/a><\/p>\n<p><a href=\"https:\/\/amrtop.net\/ro\/categoria-de-produse\/piese-de-schimb-sobe-si-cazane-de-gatit-si-cazane-mixte-2\/ventilateurs-centrifuges-pour-poeles-a-pellets\/\">Ventilatoare centrifuge<\/a><\/p>\n<p><a href=\"https:\/\/amrtop.net\/ro\/categoria-de-produse\/piese-de-schimb-sobe-si-cazane-de-gatit-si-cazane-mixte-2\/ventilateurs-tangentiels-flux-transversal\/\">Ventilatoare cu flux \u00eencruci\u0219at<\/a><\/p>\n<p><a href=\"https:\/\/amrtop.net\/ro\/categoria-de-produse\/piese-de-schimb-sobe-si-cazane-de-gatit-si-cazane-mixte-2\/adhesifs-et-produits-detancheite\/\">Adezivi \u0219i materiale de etan\u0219are<\/a><\/p>","protected":false},"excerpt":{"rendered":"<hr \/>\n<h2><span style=\"color: #008000;\">Disponibil la<\/span><\/h2>\n<hr \/>\n<h3>Bujie cu conexiune de 3\/8\u2033<\/h3>\n<p>Code ELD60031<\/p>\n<p>\u00f8 12,5 mm<br \/>\nLongueur totale : 163 mm<br \/>\nLongueur sous-\u00e9crou : 153 mm<br \/>\nPutere: 330 W<br \/>\nLungime cablu: 500 mm<\/p>\n<h3>Compatibilitate<\/h3>\n<hr \/>\n<h3>Bujie\/rezistor\/cartu\u0219 de aprindere compatibil cu urm\u0103toarele m\u0103rci de sobe pe pele\u021bi<\/h3>\n<p><strong>Chazelles<\/strong><\/p>\n<p><strong>Pyros\u00a0<\/strong><\/p>\n<p><strong>Lincar<\/strong><\/p>\n<p><strong>Nature line by<\/strong><\/p>\n<p><strong>Paterno Mod:\u00a0<\/strong>Hybride et Stretta<\/p>\n<p><strong>Thermorossi Mod:\u00a0<\/strong>Aromy Silent, Bella Vista, Dorica Silent, Ecoquardo, Kokkola Plus, Psilent, Slim 09<\/p>\n<p><strong>Whitfield Mod:\u00a0<\/strong>Quest-plus<\/p>\n<hr \/>\n<h3>Interschimbabil cu urm\u0103torul model de bujie-resistor-cartu\u0219 de aprindere :<\/h3>\n<p>HT62659<\/p>","protected":false},"featured_media":35171,"comment_status":"open","ping_status":"closed","template":"","meta":[],"product_brand":[],"product_cat":[843,840,839],"product_tag":[112,77,113,114,86,115,95,116],"class_list":{"0":"post-3580","1":"product","2":"type-product","3":"status-publish","4":"has-post-thumbnail","6":"product_cat-bougies-dallumage-avec-raccord-3-8-o-12-5-mm","7":"product_cat-bougies-dallumage-pour-poeles-et-chaudieres-a-pellets","8":"product_cat-pieces-de-rechange-divers-poeles-et-chaudieres","9":"product_tag-chazelles","10":"product_tag-lincar","11":"product_tag-mbz-italfuoco","12":"product_tag-nature-line-by-paterno","13":"product_tag-paterno","14":"product_tag-pyros","15":"product_tag-thermorossi","16":"product_tag-whitfield","17":"product_shipping_class-classe-di-spedizione-01","19":"first","20":"instock","21":"shipping-taxable","22":"purchasable","23":"product-type-simple"},"yoast_head":"<!-- This site is optimized with the Yoast SEO plugin v27.4 - https:\/\/yoast.com\/product\/yoast-seo-wordpress\/ -->\n<title>Bougie avec raccord 3\/8\u2033 163 mm<\/title>\n<meta name=\"description\" content=\"Bougie avec raccord 3\/8\u2033 163 mm - r\u00e9sistance \u00e0 l\u2019allumage avec raccord 3\/8&quot; par 12.5 mm - cartouche \u00e0 allumage raccord 3\/8&quot; par 12.5 mm\" \/>\n<meta name=\"robots\" content=\"index, follow, max-snippet:-1, max-image-preview:large, max-video-preview:-1\" \/>\n<link rel=\"canonical\" href=\"https:\/\/amrtop.net\/ro\/produs\/bougie-avec-raccord-3-8\u2033-163-mm\/\" \/>\n<meta property=\"og:locale\" content=\"ro_RO\" \/>\n<meta property=\"og:type\" content=\"article\" \/>\n<meta property=\"og:title\" content=\"Bougie avec raccord 3\/8\u2033 163 mm\" \/>\n<meta property=\"og:description\" content=\"Bougie avec raccord 3\/8\u2033 163 mm - r\u00e9sistance \u00e0 l\u2019allumage avec raccord 3\/8&quot; par 12.5 mm - cartouche \u00e0 allumage raccord 3\/8&quot; par 12.5 mm\" \/>\n<meta property=\"og:url\" content=\"https:\/\/amrtop.net\/ro\/produs\/bougie-avec-raccord-3-8\u2033-163-mm\/\" \/>\n<meta property=\"og:site_name\" content=\"AMRTOP B2B \u00c9tranger - Achats r\u00e9serv\u00e9s au professionnel\" \/>\n<meta property=\"article:modified_time\" content=\"2023-07-17T13:29:39+00:00\" \/>\n<meta property=\"og:image\" content=\"https:\/\/amrtop.net\/wp-content\/uploads\/2020\/01\/eld60031-1.jpg\" \/>\n\t<meta property=\"og:image:width\" content=\"960\" \/>\n\t<meta property=\"og:image:height\" content=\"960\" \/>\n\t<meta property=\"og:image:type\" content=\"image\/jpeg\" \/>\n<meta name=\"twitter:card\" content=\"summary_large_image\" \/>\n<meta name=\"twitter:label1\" content=\"Timp estimat pentru citire\" \/>\n\t<meta name=\"twitter:data1\" content=\"2 minute\" \/>\n<script type=\"application\/ld+json\" class=\"yoast-schema-graph\">{\"@context\":\"https:\\\/\\\/schema.org\",\"@graph\":[{\"@type\":\"WebPage\",\"@id\":\"https:\\\/\\\/amrtop.net\\\/produit\\\/bougie-avec-raccord-3-8%e2%80%b3-163-mm\\\/\",\"url\":\"https:\\\/\\\/amrtop.net\\\/produit\\\/bougie-avec-raccord-3-8%e2%80%b3-163-mm\\\/\",\"name\":\"Bougie avec raccord 3\\\/8\u2033 163 mm\",\"isPartOf\":{\"@id\":\"https:\\\/\\\/amrtop.net\\\/#website\"},\"primaryImageOfPage\":{\"@id\":\"https:\\\/\\\/amrtop.net\\\/produit\\\/bougie-avec-raccord-3-8%e2%80%b3-163-mm\\\/#primaryimage\"},\"image\":{\"@id\":\"https:\\\/\\\/amrtop.net\\\/produit\\\/bougie-avec-raccord-3-8%e2%80%b3-163-mm\\\/#primaryimage\"},\"thumbnailUrl\":\"https:\\\/\\\/amrtop.net\\\/wp-content\\\/uploads\\\/2020\\\/01\\\/eld60031-1.jpg\",\"datePublished\":\"2020-01-10T00:00:00+00:00\",\"dateModified\":\"2023-07-17T13:29:39+00:00\",\"description\":\"Bougie avec raccord 3\\\/8\u2033 163 mm - r\u00e9sistance \u00e0 l\u2019allumage avec raccord 3\\\/8\\\" par 12.5 mm - cartouche \u00e0 allumage raccord 3\\\/8\\\" par 12.5 mm\",\"breadcrumb\":{\"@id\":\"https:\\\/\\\/amrtop.net\\\/produit\\\/bougie-avec-raccord-3-8%e2%80%b3-163-mm\\\/#breadcrumb\"},\"inLanguage\":\"ro-RO\",\"potentialAction\":[{\"@type\":\"ReadAction\",\"target\":[\"https:\\\/\\\/amrtop.net\\\/produit\\\/bougie-avec-raccord-3-8%e2%80%b3-163-mm\\\/\"]}]},{\"@type\":\"ImageObject\",\"inLanguage\":\"ro-RO\",\"@id\":\"https:\\\/\\\/amrtop.net\\\/produit\\\/bougie-avec-raccord-3-8%e2%80%b3-163-mm\\\/#primaryimage\",\"url\":\"https:\\\/\\\/amrtop.net\\\/wp-content\\\/uploads\\\/2020\\\/01\\\/eld60031-1.jpg\",\"contentUrl\":\"https:\\\/\\\/amrtop.net\\\/wp-content\\\/uploads\\\/2020\\\/01\\\/eld60031-1.jpg\",\"width\":960,\"height\":960,\"caption\":\"Bougie avec raccord 3\\\/8\u2033 163 mm - r\u00e9sistance \u00e0 l\u2019allumage avec raccord 3\\\/8\\\" par 12.5 mm - cartouche \u00e0 allumage raccord 3\\\/8\\\" par 12.5 mm\"},{\"@type\":\"BreadcrumbList\",\"@id\":\"https:\\\/\\\/amrtop.net\\\/produit\\\/bougie-avec-raccord-3-8%e2%80%b3-163-mm\\\/#breadcrumb\",\"itemListElement\":[{\"@type\":\"ListItem\",\"position\":1,\"name\":\"Home\",\"item\":\"https:\\\/\\\/amrtop.net\\\/\"},{\"@type\":\"ListItem\",\"position\":2,\"name\":\"Shop\",\"item\":\"https:\\\/\\\/amrtop.net\\\/negozio\\\/\"},{\"@type\":\"ListItem\",\"position\":3,\"name\":\"Bougie avec raccord 3\\\/8\u2033 \u00f8 12,5 mm &#8211; 330 Watt &#8211; Longueur totale 163 mm &#8211; Code ELD60031\"}]},{\"@type\":\"WebSite\",\"@id\":\"https:\\\/\\\/amrtop.net\\\/#website\",\"url\":\"https:\\\/\\\/amrtop.net\\\/\",\"name\":\"AMRTOP B2B \u00c9tranger - Achats r\u00e9serv\u00e9s au professionnel\",\"description\":\"Pi\u00e8ces de rechange et accessoires pour po\u00eales et chaudi\u00e8res - eCommerce B2B pour Clients Professionnels\",\"potentialAction\":[{\"@type\":\"SearchAction\",\"target\":{\"@type\":\"EntryPoint\",\"urlTemplate\":\"https:\\\/\\\/amrtop.net\\\/?s={search_term_string}\"},\"query-input\":{\"@type\":\"PropertyValueSpecification\",\"valueRequired\":true,\"valueName\":\"search_term_string\"}}],\"inLanguage\":\"ro-RO\"}]}<\/script>\n<!-- \/ Yoast SEO plugin. -->","yoast_head_json":{"title":"Bougie avec raccord 3\/8\u2033 163 mm","description":"Bujie de aprindere cu conexiune 3\/8\u2033 163 mm - rezisten\u021b\u0103 de aprindere cu conexiune 3\/8\" cu 12,5 mm - cartu\u0219 de aprindere cu conexiune 3\/8\" cu 12,5 mm","robots":{"index":"index","follow":"follow","max-snippet":"max-snippet:-1","max-image-preview":"max-image-preview:large","max-video-preview":"max-video-preview:-1"},"canonical":"https:\/\/amrtop.net\/ro\/produs\/bougie-avec-raccord-3-8\u2033-163-mm\/","og_locale":"ro_RO","og_type":"article","og_title":"Bougie avec raccord 3\/8\u2033 163 mm","og_description":"Bougie avec raccord 3\/8\u2033 163 mm - r\u00e9sistance \u00e0 l\u2019allumage avec raccord 3\/8\" par 12.5 mm - cartouche \u00e0 allumage raccord 3\/8\" par 12.5 mm","og_url":"https:\/\/amrtop.net\/ro\/produs\/bougie-avec-raccord-3-8\u2033-163-mm\/","og_site_name":"AMRTOP B2B \u00c9tranger - Achats r\u00e9serv\u00e9s au professionnel","article_modified_time":"2023-07-17T13:29:39+00:00","og_image":[{"width":960,"height":960,"url":"https:\/\/amrtop.net\/wp-content\/uploads\/2020\/01\/eld60031-1.jpg","type":"image\/jpeg"}],"twitter_card":"summary_large_image","twitter_misc":{"Timp estimat pentru citire":"2 minute"},"schema":{"@context":"https:\/\/schema.org","@graph":[{"@type":"WebPage","@id":"https:\/\/amrtop.net\/produit\/bougie-avec-raccord-3-8%e2%80%b3-163-mm\/","url":"https:\/\/amrtop.net\/produit\/bougie-avec-raccord-3-8%e2%80%b3-163-mm\/","name":"Bougie avec raccord 3\/8\u2033 163 mm","isPartOf":{"@id":"https:\/\/amrtop.net\/#website"},"primaryImageOfPage":{"@id":"https:\/\/amrtop.net\/produit\/bougie-avec-raccord-3-8%e2%80%b3-163-mm\/#primaryimage"},"image":{"@id":"https:\/\/amrtop.net\/produit\/bougie-avec-raccord-3-8%e2%80%b3-163-mm\/#primaryimage"},"thumbnailUrl":"https:\/\/amrtop.net\/wp-content\/uploads\/2020\/01\/eld60031-1.jpg","datePublished":"2020-01-10T00:00:00+00:00","dateModified":"2023-07-17T13:29:39+00:00","description":"Bujie de aprindere cu conexiune 3\/8\u2033 163 mm - rezisten\u021b\u0103 de aprindere cu conexiune 3\/8\" cu 12,5 mm - cartu\u0219 de aprindere cu conexiune 3\/8\" cu 12,5 mm","breadcrumb":{"@id":"https:\/\/amrtop.net\/produit\/bougie-avec-raccord-3-8%e2%80%b3-163-mm\/#breadcrumb"},"inLanguage":"ro-RO","potentialAction":[{"@type":"ReadAction","target":["https:\/\/amrtop.net\/produit\/bougie-avec-raccord-3-8%e2%80%b3-163-mm\/"]}]},{"@type":"ImageObject","inLanguage":"ro-RO","@id":"https:\/\/amrtop.net\/produit\/bougie-avec-raccord-3-8%e2%80%b3-163-mm\/#primaryimage","url":"https:\/\/amrtop.net\/wp-content\/uploads\/2020\/01\/eld60031-1.jpg","contentUrl":"https:\/\/amrtop.net\/wp-content\/uploads\/2020\/01\/eld60031-1.jpg","width":960,"height":960,"caption":"Bougie avec raccord 3\/8\u2033 163 mm - r\u00e9sistance \u00e0 l\u2019allumage avec raccord 3\/8\" par 12.5 mm - cartouche \u00e0 allumage raccord 3\/8\" par 12.5 mm"},{"@type":"BreadcrumbList","@id":"https:\/\/amrtop.net\/produit\/bougie-avec-raccord-3-8%e2%80%b3-163-mm\/#breadcrumb","itemListElement":[{"@type":"ListItem","position":1,"name":"Home","item":"https:\/\/amrtop.net\/"},{"@type":"ListItem","position":2,"name":"Shop","item":"https:\/\/amrtop.net\/negozio\/"},{"@type":"ListItem","position":3,"name":"Bougie avec raccord 3\/8\u2033 \u00f8 12,5 mm &#8211; 330 Watt &#8211; Longueur totale 163 mm &#8211; Code ELD60031"}]},{"@type":"WebSite","@id":"https:\/\/amrtop.net\/#website","url":"https:\/\/amrtop.net\/","name":"AMRTOP B2B Abroad - Achizi\u021bii rezervate profesioni\u0219tilor","description":"Piese de schimb \u0219i accesorii pentru sobe \u0219i cazane - eCommerce B2B pentru clien\u021bi profesioni\u0219ti","potentialAction":[{"@type":"SearchAction","target":{"@type":"EntryPoint","urlTemplate":"https:\/\/amrtop.net\/?s={search_term_string}"},"query-input":{"@type":"PropertyValueSpecification","valueRequired":true,"valueName":"search_term_string"}}],"inLanguage":"ro-RO"}]}},"_links":{"self":[{"href":"http:\/\/amrtop.net\/ro\/wp-json\/wp\/v2\/product\/3580","targetHints":{"allow":["GET"]}}],"collection":[{"href":"http:\/\/amrtop.net\/ro\/wp-json\/wp\/v2\/product"}],"about":[{"href":"http:\/\/amrtop.net\/ro\/wp-json\/wp\/v2\/types\/product"}],"replies":[{"embeddable":true,"href":"http:\/\/amrtop.net\/ro\/wp-json\/wp\/v2\/comments?post=3580"}],"wp:featuredmedia":[{"embeddable":true,"href":"http:\/\/amrtop.net\/ro\/wp-json\/wp\/v2\/media\/35171"}],"wp:attachment":[{"href":"http:\/\/amrtop.net\/ro\/wp-json\/wp\/v2\/media?parent=3580"}],"wp:term":[{"taxonomy":"product_brand","embeddable":true,"href":"http:\/\/amrtop.net\/ro\/wp-json\/wp\/v2\/product_brand?post=3580"},{"taxonomy":"product_cat","embeddable":true,"href":"http:\/\/amrtop.net\/ro\/wp-json\/wp\/v2\/product_cat?post=3580"},{"taxonomy":"product_tag","embeddable":true,"href":"http:\/\/amrtop.net\/ro\/wp-json\/wp\/v2\/product_tag?post=3580"}],"curies":[{"name":"wp","href":"https:\/\/api.w.org\/{rel}","templated":true}]}}