{"id":3598,"date":"2020-01-10T00:00:00","date_gmt":"2020-01-10T00:00:00","guid":{"rendered":"https:\/\/amrtop.com\/B2B\/?post_type=product&#038;p=3598"},"modified":"2023-05-28T09:53:49","modified_gmt":"2023-05-28T09:53:49","slug":"bougie-lineaire-o-9-9-mm-l-160-mm","status":"publish","type":"product","link":"http:\/\/amrtop.net\/ro\/produit\/bougie-lineaire-o-9-9-mm-l-160-mm\/","title":{"rendered":"Bujie liniar\u0103 \u00f8 9,9 mm - 300 Watt - lungime total\u0103 160 mm - Cod ELT60025"},"content":{"rendered":"<hr \/>\n<h3>Bougie lin\u00e9aire \u00f8 9.9 mm L.160 mm<\/h3>\n<p>Acestea sunt de tip cu densitate mare de putere, cu tehnologie Ultramax SC400 \u0219i apar\u021bin noii genera\u021bii de elemente electrice de \u00eenc\u0103lzire, deoarece permit utilizarea unor sarcini mari de watti \u00een spa\u021bii foarte concentrate. Ele garanteaz\u0103 o fiabilitate ridicat\u0103 chiar \u0219i \u00een cele mai dificile condi\u021bii de lucru. Acest lucru este posibil datorit\u0103 tehnologiei speciale de construc\u021bie care face din aceste dispozitive cea mai avansat\u0103 expresie a elementelor de \u00eenc\u0103lzire.<\/p>\n<p>S\u00e2rma, \u00eenf\u0103\u0219urat\u0103 pe un miez de oxid de magneziu, se afl\u0103 \u00eentr-o pozi\u021bie periferic\u0103 foarte apropiat\u0103 de \u00eenveli\u0219ul metalic pe tot parcursul dezvolt\u0103rii sale. Un perete izolator foarte sub\u021bire \u0219i foarte comprimat asigur\u0103 un schimb de c\u0103ldur\u0103 foarte eficient, men\u021bin\u00e2nd temperatura firului de rezisten\u021b\u0103 mult mai sc\u0103zut\u0103 dec\u00e2t \u00een cazul altor \u00eenc\u0103lzitoare \u00een care firul se afl\u0103 \u00eentr-o pozi\u021bie mai ad\u00e2nc\u0103.<\/p>\n<h3>Utilisation de la bougie lin\u00e9aire \u00f8 9.9 mm L.160 mm<\/h3>\n<p>La candeletta resistenza o cartuccia di accensione lineare \u00f8 9,9 mm \u2013 300 Watt \u2013 Lunghezza totale 160 mm \u2013 Codice ELT60025 commercializzata da Amrtop serve ad innescare l\u2019accensione del combustibile pellet, cippato, nocciolino tramite aria presente nei generatori di calore a biomassa<\/p>\n<h3>Avantaje :<\/h3>\n<p>Care sunt avantajele bujiilor, rezisten\u021belor sau cartu\u0219elor de aprindere?<\/p>\n<ul>\n<li>Siguran\u021b\u0103 maxim\u0103 (f\u0103r\u0103 risc de supra\u00eenc\u0103lzire, scurtcircuit sau incendiu)<\/li>\n<li>\u00centreaga lungime poate fi utilizat\u0103 ca element de \u00eenc\u0103lzire.<\/li>\n<li>Circula\u021bie mai bun\u0103 \u0219i timp redus pentru atingerea temperaturii de func\u021bionare, ceea ce duce la un consum mai mic de energie electric\u0103.<\/li>\n<\/ul>\n<h3>Tehnologia SC400 ultramax<\/h3>\n<p>Ultramax SC 400 este un cartu\u0219 cu o etan\u0219are absolut etan\u0219\u0103, compatibil cu temperaturile ridicate, cu un proces cu ciclu controlat, este topit \u00een capul de \u00eenc\u0103lzire pentru a forma o etan\u0219are coerent\u0103 la suprafe\u021bele metalice la nivel molecular. Utilizarea cartu\u0219elor ULTRAMAX SC400 devine esen\u021bial\u0103 \u00een toate cazurile, fie c\u0103 este vorba de siguran\u021b\u0103 \u0219i fiabilitate ridicat\u0103, ca \u00een cazul utiliz\u0103rii pe echipamente electromedicale, scule de m\u00e2n\u0103, aplica\u021bii aeronautice, spa\u021biale, atomice, chirurgicale \u0219i militare.<\/p>\n<h3>Interior<\/h3>\n<p><a href=\"https:\/\/wekos.it\/\">Sobe, aragazuri \u0219i aragazuri pe lemne<\/a>\u00a0-\u00a0<a href=\"https:\/\/www.greenpuros.com\/\">\u0219eminee, sobe \u0219i cazane pe pele\u021bi.<\/a><\/p>\n<h3>Gama Amrtop de piese de schimb \u0219i accesorii<\/h3>\n<p><a href=\"https:\/\/amrtop.net\/ro\/categoria-de-produse\/piese-de-schimb-sobe-si-cazane-de-gatit-si-cazane-mixte-2\/bougies-dallumage-pour-poeles-et-chaudieres-a-pellets\/\">Bujii incandescente<\/a><\/p>\n<p><a href=\"https:\/\/amrtop.net\/ro\/categoria-de-produse\/piese-de-schimb-sobe-si-cazane-de-gatit-si-cazane-mixte-2\/electronique\/\">Electronic\u0103<\/a><\/p>\n<p><a href=\"https:\/\/amrtop.net\/ro\/categoria-de-produse\/piese-de-schimb-sobe-si-cazane-de-gatit-si-cazane-mixte-2\/extracteurs-de-fumee\/\">Extractoare de fum<\/a><\/p>\n<p><a href=\"https:\/\/amrtop.net\/ro\/categoria-de-produse\/piese-de-schimb-sobe-si-cazane-de-gatit-si-cazane-mixte-2\/gaines-cable-connecteurs\/\">Teci de cablu conector<\/a><\/p>\n<p><a href=\"https:\/\/amrtop.net\/ro\/categoria-de-produse\/piese-de-schimb-sobe-si-cazane-de-gatit-si-cazane-mixte-2\/joints-de-silicone\/\">Garnituri de silicon<\/a><\/p>\n<p><a href=\"https:\/\/amrtop.net\/ro\/categoria-de-produse\/piese-de-schimb-sobe-si-cazane-de-gatit-si-cazane-mixte-2\/motoreducteurs\/\">Motoare cu angrenaje<\/a><\/p>\n<p><a href=\"https:\/\/amrtop.net\/ro\/categoria-de-produse\/piese-de-schimb-sobe-si-cazane-de-gatit-si-cazane-mixte-2\/pressostats-et-transducteurs\/\">Presostate \u0219i traductoare de presiune<\/a><\/p>\n<p><a href=\"https:\/\/amrtop.net\/ro\/categoria-de-produse\/piese-de-schimb-sobe-si-cazane-de-gatit-si-cazane-mixte-2\/sondes-thermostats-manometres-thermometres\/\">Sonde termostate manometre termometre termometre<\/a><\/p>\n<p><a href=\"https:\/\/amrtop.net\/ro\/categoria-de-produse\/piese-de-schimb-sobe-si-cazane-de-gatit-si-cazane-mixte-2\/joints-detancheite\/\">Tricotaje de etan\u0219are<\/a><\/p>\n<p><a href=\"https:\/\/amrtop.net\/ro\/categoria-de-produse\/piese-de-schimb-sobe-si-cazane-de-gatit-si-cazane-mixte-2\/ventilateurs-centrifuges-pour-poeles-a-pellets\/\">Ventilatoare centrifuge<\/a><\/p>\n<p><a href=\"https:\/\/amrtop.net\/ro\/categoria-de-produse\/piese-de-schimb-sobe-si-cazane-de-gatit-si-cazane-mixte-2\/ventilateurs-tangentiels-flux-transversal\/\">Ventilatoare cu flux \u00eencruci\u0219at<\/a><\/p>\n<p><a href=\"https:\/\/amrtop.net\/ro\/categoria-de-produse\/piese-de-schimb-sobe-si-cazane-de-gatit-si-cazane-mixte-2\/adhesifs-et-produits-detancheite\/\">Adezivi \u0219i materiale de etan\u0219are<\/a><\/p>","protected":false},"excerpt":{"rendered":"<hr \/>\n<h2><span style=\"color: #008000\">Disponibil la<\/span><\/h2>\n<hr \/>\n<h3>Bujie liniar\u0103 \u00f8 9.9 mm - 300 Watt<\/h3>\n<p>Code ELT60025<\/p>\n<p>Bujie: \u00f8 9,9 mm<br \/>\nLungime total\u0103: 160 mm<br \/>\nPutere: 300 W<br \/>\nLungime cablu: 500 mm<\/p>\n<p><strong>Bujie\/rezistor\/cartu\u0219 de aprindere compatibil cu urm\u0103toarele m\u0103rci de sobe pe pele\u021bi<\/strong><\/p>\n<p><strong>Ravelli Mod:\u00a0<\/strong>Lisa, Elena, Sara, Francesca, Sofia, Elena AP, Monica, Arianna, Erika, Silvia, Alice (Pour les mod\u00e8les de 2004 &#8211; 2005)<\/p>","protected":false},"featured_media":34678,"comment_status":"open","ping_status":"closed","template":"","meta":[],"product_brand":[],"product_cat":[840,848,839],"product_tag":[130,63,70,41,91,95],"class_list":{"0":"post-3598","1":"product","2":"type-product","3":"status-publish","4":"has-post-thumbnail","6":"product_cat-bougies-dallumage-pour-poeles-et-chaudieres-a-pellets","7":"product_cat-bougies-dallumage-lineaires-o-9-9-mm","8":"product_cat-pieces-de-rechange-divers-poeles-et-chaudieres","9":"product_tag-ecotec","10":"product_tag-extraflame","11":"product_tag-italcalor","12":"product_tag-ravelli","13":"product_tag-sicalor","14":"product_tag-thermorossi","15":"product_shipping_class-classe-di-spedizione-01","17":"first","18":"instock","19":"shipping-taxable","20":"purchasable","21":"product-type-simple"},"yoast_head":"<!-- This site is optimized with the Yoast SEO plugin v27.4 - https:\/\/yoast.com\/product\/yoast-seo-wordpress\/ -->\n<title>Bougie lin\u00e9aire \u00f8 9.9 mm L.160 mm<\/title>\n<meta name=\"description\" content=\"Bougie lin\u00e9aire \u00f8 9.9 mm L.160 mm - r\u00e9sistance \u00e0 l\u2019allumage lisse sans raccord pour po\u00eale et chaudi\u00e8re \u00e0 pellets -syst\u00e8me d\u2019allumage pour appareils \u00e0 pellets\" \/>\n<meta name=\"robots\" content=\"index, follow, max-snippet:-1, max-image-preview:large, max-video-preview:-1\" \/>\n<link rel=\"canonical\" href=\"https:\/\/amrtop.net\/ro\/produs\/bougie-lineaire-o-9-9-mm-l-160-mm\/\" \/>\n<meta property=\"og:locale\" content=\"ro_RO\" \/>\n<meta property=\"og:type\" content=\"article\" \/>\n<meta property=\"og:title\" content=\"Bougie lin\u00e9aire \u00f8 9.9 mm L.160 mm\" \/>\n<meta property=\"og:description\" content=\"Bougie lin\u00e9aire \u00f8 9.9 mm L.160 mm - r\u00e9sistance \u00e0 l\u2019allumage lisse sans raccord pour po\u00eale et chaudi\u00e8re \u00e0 pellets -syst\u00e8me d\u2019allumage pour appareils \u00e0 pellets\" \/>\n<meta property=\"og:url\" content=\"https:\/\/amrtop.net\/ro\/produs\/bougie-lineaire-o-9-9-mm-l-160-mm\/\" \/>\n<meta property=\"og:site_name\" content=\"AMRTOP B2B \u00c9tranger - Achats r\u00e9serv\u00e9s au professionnel\" \/>\n<meta property=\"article:modified_time\" content=\"2023-05-28T09:53:49+00:00\" \/>\n<meta property=\"og:image\" content=\"https:\/\/amrtop.net\/wp-content\/uploads\/2020\/01\/elt60025.jpg\" \/>\n\t<meta property=\"og:image:width\" content=\"960\" \/>\n\t<meta property=\"og:image:height\" content=\"960\" \/>\n\t<meta property=\"og:image:type\" content=\"image\/jpeg\" \/>\n<meta name=\"twitter:card\" content=\"summary_large_image\" \/>\n<meta name=\"twitter:label1\" content=\"Timp estimat pentru citire\" \/>\n\t<meta name=\"twitter:data1\" content=\"2 minute\" \/>\n<script type=\"application\/ld+json\" class=\"yoast-schema-graph\">{\"@context\":\"https:\\\/\\\/schema.org\",\"@graph\":[{\"@type\":\"WebPage\",\"@id\":\"https:\\\/\\\/amrtop.net\\\/produit\\\/bougie-lineaire-o-9-9-mm-l-160-mm\\\/\",\"url\":\"https:\\\/\\\/amrtop.net\\\/produit\\\/bougie-lineaire-o-9-9-mm-l-160-mm\\\/\",\"name\":\"Bougie lin\u00e9aire \u00f8 9.9 mm L.160 mm\",\"isPartOf\":{\"@id\":\"https:\\\/\\\/amrtop.net\\\/#website\"},\"primaryImageOfPage\":{\"@id\":\"https:\\\/\\\/amrtop.net\\\/produit\\\/bougie-lineaire-o-9-9-mm-l-160-mm\\\/#primaryimage\"},\"image\":{\"@id\":\"https:\\\/\\\/amrtop.net\\\/produit\\\/bougie-lineaire-o-9-9-mm-l-160-mm\\\/#primaryimage\"},\"thumbnailUrl\":\"https:\\\/\\\/amrtop.net\\\/wp-content\\\/uploads\\\/2020\\\/01\\\/elt60025.jpg\",\"datePublished\":\"2020-01-10T00:00:00+00:00\",\"dateModified\":\"2023-05-28T09:53:49+00:00\",\"description\":\"Bougie lin\u00e9aire \u00f8 9.9 mm L.160 mm - r\u00e9sistance \u00e0 l\u2019allumage lisse sans raccord pour po\u00eale et chaudi\u00e8re \u00e0 pellets -syst\u00e8me d\u2019allumage pour appareils \u00e0 pellets\",\"breadcrumb\":{\"@id\":\"https:\\\/\\\/amrtop.net\\\/produit\\\/bougie-lineaire-o-9-9-mm-l-160-mm\\\/#breadcrumb\"},\"inLanguage\":\"ro-RO\",\"potentialAction\":[{\"@type\":\"ReadAction\",\"target\":[\"https:\\\/\\\/amrtop.net\\\/produit\\\/bougie-lineaire-o-9-9-mm-l-160-mm\\\/\"]}]},{\"@type\":\"ImageObject\",\"inLanguage\":\"ro-RO\",\"@id\":\"https:\\\/\\\/amrtop.net\\\/produit\\\/bougie-lineaire-o-9-9-mm-l-160-mm\\\/#primaryimage\",\"url\":\"https:\\\/\\\/amrtop.net\\\/wp-content\\\/uploads\\\/2020\\\/01\\\/elt60025.jpg\",\"contentUrl\":\"https:\\\/\\\/amrtop.net\\\/wp-content\\\/uploads\\\/2020\\\/01\\\/elt60025.jpg\",\"width\":960,\"height\":960,\"caption\":\"Bougie lin\u00e9aire \u00f8 9.9 mm L.160 mm - r\u00e9sistance \u00e0 l\u2019allumage lisse sans raccord pour po\u00eale et chaudi\u00e8re \u00e0 pellets -syst\u00e8me d\u2019allumage pour appareils \u00e0 pellets\"},{\"@type\":\"BreadcrumbList\",\"@id\":\"https:\\\/\\\/amrtop.net\\\/produit\\\/bougie-lineaire-o-9-9-mm-l-160-mm\\\/#breadcrumb\",\"itemListElement\":[{\"@type\":\"ListItem\",\"position\":1,\"name\":\"Home\",\"item\":\"https:\\\/\\\/amrtop.net\\\/\"},{\"@type\":\"ListItem\",\"position\":2,\"name\":\"Shop\",\"item\":\"https:\\\/\\\/amrtop.net\\\/negozio\\\/\"},{\"@type\":\"ListItem\",\"position\":3,\"name\":\"Bougie lin\u00e9aire \u00f8 9,9 mm \u2013 300 Watt \u2013 longueur totale 160 mm \u2013 Code ELT60025\"}]},{\"@type\":\"WebSite\",\"@id\":\"https:\\\/\\\/amrtop.net\\\/#website\",\"url\":\"https:\\\/\\\/amrtop.net\\\/\",\"name\":\"AMRTOP B2B \u00c9tranger - Achats r\u00e9serv\u00e9s au professionnel\",\"description\":\"Pi\u00e8ces de rechange et accessoires pour po\u00eales et chaudi\u00e8res - eCommerce B2B pour Clients Professionnels\",\"potentialAction\":[{\"@type\":\"SearchAction\",\"target\":{\"@type\":\"EntryPoint\",\"urlTemplate\":\"https:\\\/\\\/amrtop.net\\\/?s={search_term_string}\"},\"query-input\":{\"@type\":\"PropertyValueSpecification\",\"valueRequired\":true,\"valueName\":\"search_term_string\"}}],\"inLanguage\":\"ro-RO\"}]}<\/script>\n<!-- \/ Yoast SEO plugin. -->","yoast_head_json":{"title":"Bougie lin\u00e9aire \u00f8 9.9 mm L.160 mm","description":"Bujie liniar\u0103 \u00f8 9,9 mm L.160 mm - rezisten\u021b\u0103 de aprindere lin\u0103 f\u0103r\u0103 conector pentru sobe \u0219i cazane pe pele\u021bi - sistem de aprindere pentru aparate pe pele\u021bi","robots":{"index":"index","follow":"follow","max-snippet":"max-snippet:-1","max-image-preview":"max-image-preview:large","max-video-preview":"max-video-preview:-1"},"canonical":"https:\/\/amrtop.net\/ro\/produs\/bougie-lineaire-o-9-9-mm-l-160-mm\/","og_locale":"ro_RO","og_type":"article","og_title":"Bougie lin\u00e9aire \u00f8 9.9 mm L.160 mm","og_description":"Bougie lin\u00e9aire \u00f8 9.9 mm L.160 mm - r\u00e9sistance \u00e0 l\u2019allumage lisse sans raccord pour po\u00eale et chaudi\u00e8re \u00e0 pellets -syst\u00e8me d\u2019allumage pour appareils \u00e0 pellets","og_url":"https:\/\/amrtop.net\/ro\/produs\/bougie-lineaire-o-9-9-mm-l-160-mm\/","og_site_name":"AMRTOP B2B \u00c9tranger - Achats r\u00e9serv\u00e9s au professionnel","article_modified_time":"2023-05-28T09:53:49+00:00","og_image":[{"width":960,"height":960,"url":"https:\/\/amrtop.net\/wp-content\/uploads\/2020\/01\/elt60025.jpg","type":"image\/jpeg"}],"twitter_card":"summary_large_image","twitter_misc":{"Timp estimat pentru citire":"2 minute"},"schema":{"@context":"https:\/\/schema.org","@graph":[{"@type":"WebPage","@id":"https:\/\/amrtop.net\/produit\/bougie-lineaire-o-9-9-mm-l-160-mm\/","url":"https:\/\/amrtop.net\/produit\/bougie-lineaire-o-9-9-mm-l-160-mm\/","name":"Bougie lin\u00e9aire \u00f8 9.9 mm L.160 mm","isPartOf":{"@id":"https:\/\/amrtop.net\/#website"},"primaryImageOfPage":{"@id":"https:\/\/amrtop.net\/produit\/bougie-lineaire-o-9-9-mm-l-160-mm\/#primaryimage"},"image":{"@id":"https:\/\/amrtop.net\/produit\/bougie-lineaire-o-9-9-mm-l-160-mm\/#primaryimage"},"thumbnailUrl":"https:\/\/amrtop.net\/wp-content\/uploads\/2020\/01\/elt60025.jpg","datePublished":"2020-01-10T00:00:00+00:00","dateModified":"2023-05-28T09:53:49+00:00","description":"Bujie liniar\u0103 \u00f8 9,9 mm L.160 mm - rezisten\u021b\u0103 de aprindere lin\u0103 f\u0103r\u0103 conector pentru sobe \u0219i cazane pe pele\u021bi - sistem de aprindere pentru aparate pe pele\u021bi","breadcrumb":{"@id":"https:\/\/amrtop.net\/produit\/bougie-lineaire-o-9-9-mm-l-160-mm\/#breadcrumb"},"inLanguage":"ro-RO","potentialAction":[{"@type":"ReadAction","target":["https:\/\/amrtop.net\/produit\/bougie-lineaire-o-9-9-mm-l-160-mm\/"]}]},{"@type":"ImageObject","inLanguage":"ro-RO","@id":"https:\/\/amrtop.net\/produit\/bougie-lineaire-o-9-9-mm-l-160-mm\/#primaryimage","url":"https:\/\/amrtop.net\/wp-content\/uploads\/2020\/01\/elt60025.jpg","contentUrl":"https:\/\/amrtop.net\/wp-content\/uploads\/2020\/01\/elt60025.jpg","width":960,"height":960,"caption":"Bougie lin\u00e9aire \u00f8 9.9 mm L.160 mm - r\u00e9sistance \u00e0 l\u2019allumage lisse sans raccord pour po\u00eale et chaudi\u00e8re \u00e0 pellets -syst\u00e8me d\u2019allumage pour appareils \u00e0 pellets"},{"@type":"BreadcrumbList","@id":"https:\/\/amrtop.net\/produit\/bougie-lineaire-o-9-9-mm-l-160-mm\/#breadcrumb","itemListElement":[{"@type":"ListItem","position":1,"name":"Home","item":"https:\/\/amrtop.net\/"},{"@type":"ListItem","position":2,"name":"Shop","item":"https:\/\/amrtop.net\/negozio\/"},{"@type":"ListItem","position":3,"name":"Bougie lin\u00e9aire \u00f8 9,9 mm \u2013 300 Watt \u2013 longueur totale 160 mm \u2013 Code ELT60025"}]},{"@type":"WebSite","@id":"https:\/\/amrtop.net\/#website","url":"https:\/\/amrtop.net\/","name":"AMRTOP B2B Abroad - Achizi\u021bii rezervate profesioni\u0219tilor","description":"Piese de schimb \u0219i accesorii pentru sobe \u0219i cazane - eCommerce B2B pentru clien\u021bi profesioni\u0219ti","potentialAction":[{"@type":"SearchAction","target":{"@type":"EntryPoint","urlTemplate":"https:\/\/amrtop.net\/?s={search_term_string}"},"query-input":{"@type":"PropertyValueSpecification","valueRequired":true,"valueName":"search_term_string"}}],"inLanguage":"ro-RO"}]}},"_links":{"self":[{"href":"http:\/\/amrtop.net\/ro\/wp-json\/wp\/v2\/product\/3598","targetHints":{"allow":["GET"]}}],"collection":[{"href":"http:\/\/amrtop.net\/ro\/wp-json\/wp\/v2\/product"}],"about":[{"href":"http:\/\/amrtop.net\/ro\/wp-json\/wp\/v2\/types\/product"}],"replies":[{"embeddable":true,"href":"http:\/\/amrtop.net\/ro\/wp-json\/wp\/v2\/comments?post=3598"}],"wp:featuredmedia":[{"embeddable":true,"href":"http:\/\/amrtop.net\/ro\/wp-json\/wp\/v2\/media\/34678"}],"wp:attachment":[{"href":"http:\/\/amrtop.net\/ro\/wp-json\/wp\/v2\/media?parent=3598"}],"wp:term":[{"taxonomy":"product_brand","embeddable":true,"href":"http:\/\/amrtop.net\/ro\/wp-json\/wp\/v2\/product_brand?post=3598"},{"taxonomy":"product_cat","embeddable":true,"href":"http:\/\/amrtop.net\/ro\/wp-json\/wp\/v2\/product_cat?post=3598"},{"taxonomy":"product_tag","embeddable":true,"href":"http:\/\/amrtop.net\/ro\/wp-json\/wp\/v2\/product_tag?post=3598"}],"curies":[{"name":"wp","href":"https:\/\/api.w.org\/{rel}","templated":true}]}}