{"id":3610,"date":"2020-01-10T00:00:00","date_gmt":"2020-01-10T00:00:00","guid":{"rendered":"https:\/\/amrtop.com\/B2B\/?post_type=product&#038;p=3610"},"modified":"2024-05-21T07:49:11","modified_gmt":"2024-05-21T07:49:11","slug":"lumanare-ceramica-cu-flansa-de-96-mm","status":"publish","type":"product","link":"http:\/\/amrtop.net\/ro\/produit\/bougie-ceramique-avec-bride-96-mm\/","title":{"rendered":"Lum\u00e2nare ceramic\u0103 cu flan\u0219\u0103 \u00f8 11,55 mm - 240 Watt - lungime total\u0103 98 mm - Cod CER01"},"content":{"rendered":"<h3>Compatibilitate<\/h3>\n<p><strong>Pentru urm\u0103toarele modele de sobe \u0219i cazane pe pele\u021bi Red:<\/strong><\/p>\n<p>Loto HYDRO 16 &#8211; Easy Connect<br \/>\nAlthea Multi 9 UP! S1 &#8211; Easy Connect<br \/>\nAlthea MULTIAIR<br \/>\nAlthea Multiair 9 UP Silver<br \/>\nAlthea Multiair 9 UP! S1 UF<br \/>\nCamelia Air Ceramic<br \/>\nCamelia Air Ceramic &#8211; Easy Connect<br \/>\nCamelia Air Metal<br \/>\nCamelia Air Metal &#8211; Easy Connect<br \/>\nCamelia Air 8 S2 &#8211; Easy Connect<br \/>\nDalia Air 6 S1<br \/>\nDalia Air 6 S1 &#8211; Easy Connect<br \/>\nFlora<br \/>\nFlora<br \/>\nFlora &#8211; Easy Connect<br \/>\nFlora &#8211; Easy Connect<br \/>\nFresia 70 AIR 9 S1<br \/>\nLoto HYDRO 16<br \/>\nLoto HYDRO 23<br \/>\nLoto HYDRO 23 &#8211; Easy Connect<br \/>\nLoto HYDRO 23\/S<br \/>\nLoto MULTIAIR<br \/>\nLoto MULTIAIR &#8211; Easy Connect<br \/>\nLoto Multiair 14 R<br \/>\nMalva HYDRO 12<br \/>\nMalva MULTIAIR<br \/>\nMalva Multiair &#8211; Easy Connect<br \/>\nMalva Multiair 10 R<br \/>\nMalva Multiair 10 UP! S1<br \/>\nMalva Multiair 10 UP! S1 &#8211; Easy Connect<br \/>\nMalva Multiair 10 UP! UF<br \/>\nMinta AIR 8 S1<br \/>\nMinta AIR 8 S1 &#8211; Minta AIR 8 S2 &#8211; Easy Connect<br \/>\nPerforma 15 Easy Clean<br \/>\nPerforma 15 Easy Clean Plus<br \/>\nPerforma 15Q Easy Clean H1<br \/>\nPerforma 20 Easy Clean<br \/>\nPerforma 20 Easy Clean Plus<br \/>\nPerforma 20Q Easy Clean H1<br \/>\nPerforma 25<br \/>\nPerforma 25 Easy Clean<br \/>\nPerforma 25Q Easy Clean H1<br \/>\nPerforma 30<br \/>\nPerforma 30 Easy Clean<br \/>\nPerforma 30Q Easy Clean H1<br \/>\nPerforma 35Q Easy Clean H1<br \/>\nSelecta 15 S1<br \/>\nSelecta 15Q S1<br \/>\nSelecta 15Q S1 &#8211; Easy Connect<br \/>\nSelecta 20 S1<br \/>\nSelecta 20Q S1<br \/>\nSelecta 20Q S1 &#8211; Easy Connect<br \/>\nSelecta 25 ACS S1<br \/>\nSelecta 25 S1<br \/>\nSelecta 25Q ACS S1 &#8211; Easy Connect<br \/>\nSelecta 25Q S1<br \/>\nSelecta 25Q S1 &#8211; Easy Connect<br \/>\nSelecta 30 S1<br \/>\nSelecta 30Q S1 &#8211; Easy Connect<br \/>\nSelecta 35 S1<br \/>\nSelecta 35Q S1 &#8211; Easy Connect<br \/>\nTulip<br \/>\nTulip &#8211; Easy Connect<\/p>\n<p><strong>Pentru urm\u0103toarele modele de sobe \u0219i cazane pe pele\u021bi Brisach:<\/strong><\/p>\n<p>Allos<br \/>\nAllos &#8211; Easy Connect<br \/>\nAuron<br \/>\nAuron &#8211; Easy Connect<br \/>\nAvoriaz<br \/>\nCortina DP<br \/>\nCortina from S\/N 2110140060008<br \/>\nCortina until S\/N 2107150060021<br \/>\nCortina V from S\/N 2108060060004<br \/>\nCortina V until S\/N 1904100050003<br \/>\nFPC 90 11kw<br \/>\nHuez<br \/>\nIPV 60<br \/>\nIPV 70<br \/>\nIraty<br \/>\nIsola 8 DP EEI<br \/>\nIsola 8 V EEI<br \/>\nIsola DP<br \/>\nIsola from S\/N 2109210060005<br \/>\nIsola until S\/N 2106160060002<br \/>\nIsola V from S\/N 2109010060011<br \/>\nIsola V until S\/N 1901240050013<br \/>\nLugano Ceramic<br \/>\nLugano Steel &#8211; Lugano 10 EEI<br \/>\nNagano<br \/>\nNagano 8 M1<br \/>\nPraloup<br \/>\nPraloup &#8211; Easy Connect<br \/>\nSapporo<br \/>\nSapporo 8 M1 UF<br \/>\nSapporo M1<br \/>\nSotchi 12 Kw Brushless &#8211; Sotchi 12 EEI<br \/>\nSotchi 12Kw<br \/>\nSotchi Hydro 16<br \/>\nSotchi Hydro 16 &#8211; Easy Connect<br \/>\nSotchi Hydro 23<br \/>\nSotchi Hydro 23 &#8211; Easy Connect<br \/>\nValberg<br \/>\nValberg &#8211; Valberg 10 V &#8211; Easy Connect<br \/>\nValmo<br \/>\nValberg &#8211; Valberg 10 V &#8211; Easy Connect<br \/>\nValmo<\/p>\n<p><strong>Pentru urm\u0103toarele modele de sobe \u0219i cazane pe pele\u021bi Supra:<\/strong><\/p>\n<p>ALIX<\/p>\n<p><strong>Pour les mod\u00e8les suivants de po\u00eales et chaudi\u00e8res \u00e0 pellets Freepoint:<\/strong><\/p>\n<p>Idron 16 At<br \/>\nIdron 22 At<br \/>\nIdron 22 At<br \/>\nIndaco 11<br \/>\nIndaco 11 BI-FLUX<br \/>\nTesis At 16<br \/>\nTesis At 23<\/p>\n<p><strong>Pentru urm\u0103toarele modele de sobe \u0219i cazane pe pele\u021bi Cadel:<\/strong><\/p>\n<p>Idro Prince 3 &#8211; 12 WiFi<\/p>\n<p>Aquos 3 &#8211; 16<br \/>\nAquos 3 &#8211; 23<br \/>\nAquos 3 &#8211; 23 H2O<br \/>\nFenice 11<br \/>\nFenice 11 Plus<br \/>\nIdro Maya 3 16<br \/>\nIdro Maya 3 16 WiFi<br \/>\nIdro Maya 3 24<br \/>\nIdro Maya 3 24 WiFi<br \/>\nIdro Prince 30<br \/>\nIdro Prince 30 H2O<br \/>\nIdro Prince 30 WiFi<br \/>\nIdro Prince 3 &#8211; 12<br \/>\nIdro Prince 3 &#8211; 16<br \/>\nIdro Prince 3 &#8211; 23<br \/>\nIdro Prince 3 &#8211; 23 H2O<br \/>\nRiver Hydro 16<br \/>\nHydro River 3 16<br \/>\nHydro River 3 23<br \/>\nRiver Hydro 23<br \/>\nHydro River 3 23 H2O<br \/>\nHydro Saturno 16<br \/>\nHydro Saturno 24<br \/>\nKobe 11<br \/>\nKobe Plus 11<br \/>\nPrince 11<br \/>\nPrince Plus 11<\/p>\n<p><strong>Pentru urm\u0103toarele modele de sobe \u0219i cazane pe pele\u021bi Mcz:<\/strong><\/p>\n<p>Aike COMFORT AIR 2016<br \/>\nAike Comfort Air 8 M1<br \/>\nAki Hydromatic 16 M1<br \/>\nAki Hydromatic 18 M2<br \/>\nAki Hydromatic 24 M1<br \/>\nAki Hydromatic 24 M2<br \/>\nAlyssa Air 6 M1<br \/>\nAlyssa Air 6 M1+<br \/>\nAmy &#8211; Easy<br \/>\nAmy &#8211; Easy<br \/>\nAmy &#8211; Easy Connect<br \/>\nAmy &#8211; Easy Connect<br \/>\nBerg<br \/>\nBerg Air 8 M1<br \/>\nBerg Maestro<br \/>\nBoxtherm 60 AIR 6 Basic M1 &#8211; 2018 Version<br \/>\nBoxtherm 60 Air 6 Basic M1 &#8211; 2019 Version<br \/>\nBoxtherm 60 AIR 6 Slide M1 &#8211; 2018 Version<br \/>\nBoxtherm 70 AIR 9 Basic M1 &#8211; 2018 Version<br \/>\nBoxtherm 70 Air 9 Basic M1 &#8211; 2019 Version<br \/>\nBoxtherm 70 AIR 9 Slide M1 &#8211; 2018 Version<br \/>\nClio HYDRO 16<br \/>\nClio HYDRO 16 S1 &#8211; Easy Connect<br \/>\nClio HYDRO 23<br \/>\nClio HYDRO 23 S1 &#8211; Easy Connect<br \/>\nClio Hydro 23\/S<br \/>\nClub AIR &#8211; 2016<br \/>\nClub AIR &#8211; 2016 UP!<br \/>\nClub Air 10 M1<br \/>\nClub Air 10 M2 &#8211; Club Air 10 M2+<br \/>\nClub Air 10 UP! M1<br \/>\nClub Air 10 UP! M1 UF<br \/>\nClub Air 10 UP! M2<br \/>\nClub Air 10 UP! M2+<br \/>\nClub Air 10 UP! M3<br \/>\nClub Airmatic 10 M3 Core<br \/>\nClub C.Air 12 M3<br \/>\nClub C.Air 12 UP! M3<br \/>\nClub COMFORT AIR &#8211; 2016<br \/>\nClub COMFORT AIR &#8211; 2016 UP!<br \/>\nClub Comfort Air 12 M1<br \/>\nClub Comfort Air 12 M2<br \/>\nClub Comfort Air 12 M2+<br \/>\nClub Comfort Air 12 UP! M1<br \/>\nClub Comfort Air 12 UP! M1 UF<br \/>\nClub Comfort Air 12 UP! M2<br \/>\nClub Comfort Air 12 UP! M2+<br \/>\nClub COMFORT AIR 14 &#8211; 2016<br \/>\nClub COMFORT AIR 14 &#8211; 2016 UP!<br \/>\nClub Comfort Air 14 M1<br \/>\nClub Comfort Air 14 M2<br \/>\nClub Comfort Air 14 M2+<br \/>\nClub Comfort Air 14 UP! M1<br \/>\nClub Comfort Air 14 UP! M1 UF<br \/>\nClub Comfort Air 14 UP! M2<br \/>\nClub Comfort Air 14 UP! M2+<br \/>\nClub Comfort Air Matic 14 M1<br \/>\nClub Comfort Air Matic 14 M2<br \/>\nClub Comfort Air Matic 14 M2+<br \/>\nClub Hydromatic 16 kW<br \/>\nClub Hydromatic 16 M1<br \/>\nClub Hydromatic 18 M2<br \/>\nClub Hydromatic 18 M2+<br \/>\nClub Hydromatic 24 ACS M1<br \/>\nClub Hydromatic 24 ACS M2<br \/>\nClub Hydromatic 24 ACS M2+<br \/>\nClub Hydromatic 24 kW<br \/>\nClub Hydromatic 24 M1<br \/>\nClub Hydromatic 24 M2+<br \/>\nClub Hydromatic 24 M2<br \/>\nClub Hydromatic-S 24 kW<br \/>\nCurve<br \/>\nCurve Comfort Air 8 M1<br \/>\nCurve Comfort Air 8 M2<br \/>\nCurve Comfort Air Maestro<br \/>\nCute Air 8 M1<br \/>\nCute Air 8 M1+<br \/>\nDec\u00f2 Air 8 M1<br \/>\nDec\u00f2 Air 8 M1+<br \/>\nDoc C-Air 9 M1+<br \/>\nDoc Comfort Air 9 M2<br \/>\nDoc Comfort Air 9 UP! M2<br \/>\nDoc C-Air 9 UP! M1+<br \/>\nDoc Comfort Air<br \/>\nDoc Comfort Air 9 M1<br \/>\nDoc Comfort Air 9 UP! M1<br \/>\nEgo AIR &#8211; 2016<br \/>\nEgo AIR &#8211; 2016 UP!<br \/>\nEgo Air 8 M1<br \/>\nEgo Air 8 M2<br \/>\nEgo Air 8 M2+<br \/>\nEgo Air 8 M3<br \/>\nEgo Air 8 UP! M1<br \/>\nEgo Air 8 UP! M1 UF<br \/>\nEgo Air 8 UP! M2<br \/>\nEgo Air 8 UP! M2+<br \/>\nEgo Air 8 XUP! M2<br \/>\nEgo Air 8 XUP! M2+<br \/>\nEgo Airmatic 8 M3 Core<br \/>\nEgo COMFORT AIR &#8211; 2016<br \/>\nEgo COMFORT AIR &#8211; 2016 UP!<br \/>\nEgo Comfort Air 10 M1<br \/>\nEgo Comfort Air 10 M2<br \/>\nEgo Comfort Air 10 M2+<br \/>\nEgo Comfort Air 10 UP! M1<br \/>\nEgo Comfort Air 10 UP! M1 UF<br \/>\nEgo Comfort Air 10 UP! M2<br \/>\nEgo Comfort Air 10 UP! M2+<br \/>\nEgo Comfort Airmatic 10 M3 Core<br \/>\nEgo Hydromatic 12<br \/>\nEgo Hydromatic 12 M1<br \/>\nEgo Hydromatic 12 M2<br \/>\nEgo Hydromatic 12 M2+<br \/>\nFlow Comfort Air 10 M1<br \/>\nFlow Comfort Air 10 M2<br \/>\nGi\u00f2 &#8211; 2016<br \/>\nGi\u00f2 Air 8 S1 &#8211; Easy Connect<br \/>\nHalo<br \/>\nHalo 8 M1<br \/>\nHalo Air 8 M1+<br \/>\nHalo Air 8 M2<br \/>\nHalo Air 8 UP! M1 UF<br \/>\nHalo Air 8 UP! M2<br \/>\nHalo Maestro<br \/>\nHalo UP!<br \/>\nJazz Hydromatic 30 ACS H1<br \/>\nJazz Hydromatic 30 H1<br \/>\nJazz Hydromatic 30 M1<br \/>\nJazz Hydromatic 30 M1+<br \/>\nKlin &#8211; 2016<br \/>\nKlin Comfort Air 8 M1<br \/>\nLinea Comfort Air<br \/>\nLinea Comfort Air 9 M1<br \/>\nLinea Comfort Air 9 UP! M1<br \/>\nLoop Air 8 M1<br \/>\nLoop Air 8 M1+<br \/>\nLoop Air 8 M2<br \/>\nMaggie 2016\/Maggie Comfort Air 10 S1<br \/>\nMaggie Comfort Air 10 S1 &#8211; Easy Connect<br \/>\nMako Comfort Airmatic 8 M1 Core<br \/>\nMood<br \/>\nMood Comfort Air 8 M1<br \/>\nMood Comfort Air 8 M2<br \/>\nMood Comfort Air Maestro<\/p>\n<p><strong>Pentru urm\u0103toarele modele de sobe \u0219i cazane pe pele\u021bi Mcz:<\/strong><\/p>\n<p>Musa AIR &#8211; 2016<br \/>\nMusa AIR &#8211; 2016 UP!<br \/>\nMusa Air 10 M1<br \/>\nMusa Air 10 M2+<br \/>\nMusa Air 10 UP! M1<br \/>\nMusa Air 10 UP! M1 UF<br \/>\nMusa Air 10 UP! M2+<br \/>\nMusa Air 10 UP! M3<br \/>\nMusa Airmatic 10 M3 Core<br \/>\nMusa COMFORT AIR &#8211; 2016<br \/>\nMusa COMFORT AIR &#8211; 2016 UP!<br \/>\nMusa Comfort Air 12 M1<br \/>\nMusa Comfort Air 12 M2+<br \/>\nMusa Comfort Air 12 M3<br \/>\nMusa Comfort Air 12 UP! M1<br \/>\nMusa Comfort Air 12 UP! M1 UF<br \/>\nMusa Comfort Air 12 UP! M2+<br \/>\nMusa Comfort Air 12 UP! M3<br \/>\nMusa COMFORT AIR 14 &#8211; 2016<br \/>\nMusa COMFORT AIR 14 &#8211; 2016 UP!<br \/>\nMusa Comfort Air 14 M1<br \/>\nMusa Comfort Air 14 M2+<br \/>\nMusa Comfort Air 14 UP! M1<br \/>\nMusa Comfort Air 14 UP! M1 UF<br \/>\nMusa Comfort Air 14 UP! M2+<br \/>\nMusa Comfort Air 14 UP! M3<br \/>\nMusa Comfort Air Matic 14 M1<br \/>\nMusa Comfort Air Matic 14 M2+<br \/>\nMusa Hydromatic 16 kW<br \/>\nMusa Hydromatic 16 M1<br \/>\nMusa Hydromatic 18 M2+<br \/>\nMusa Hydromatic 24 kW<br \/>\nMusa Hydromatic 24 M1<br \/>\nMusa Hydromatic 24 M2+<br \/>\nMusa Hydromatic\/S 24 kW<br \/>\nPad Line\/Pad Plain Hydromatic 18 M2<br \/>\nPad Line\/Pad Plain Hydromatic 18 M2+<br \/>\nPad Line\/Pad Plain Hydromatic 24 M2<br \/>\nPad Line\/Pad Plain Hydromatic 24 M2+<br \/>\nPerforma 15 HQ Easy Clean H1<br \/>\nPerforma 20 HQ Easy Clean H1<br \/>\nPerforma 25 HQ Easy Clean H1<br \/>\nPerforma 30 HQ Easy Clean H1<br \/>\nPerforma 35 HQ Easy Clean H1<br \/>\nPhilo Comfort Air 14 M1<br \/>\nPhilo Comfort Air 14 M1+<br \/>\nPhilo Comfort Air 14 UP! M1<br \/>\nPhilo Comfort Air 14 UP! M1+<br \/>\nRaam C.Air 8 R<br \/>\nRaam Comfort Air 8 S1 &#8211; Easy Connect<br \/>\nRaam Comfort Air 8 S1 from S\/N 2110080060021<br \/>\nRaam Comfort Air 8 S1 until S\/N 2003100060010<br \/>\nRaam Comfort Air 8 UP<br \/>\nRaam Comfort Air 8 UP! S1 from S\/N 2110190060023<br \/>\nRaam Comfort Air 8 UP! S1 UF &#8211; Easy Connect<br \/>\nRaam Comfort Air 8 UP! S1 until S\/N 1906100060012<br \/>\nRaam Comfort Air 8 X-UP! S1<br \/>\nRay Comfort Air 8 M1 from S\/N 2110070060010<br \/>\nRay Comfort Air 8 M1 until S\/N 2109130060009<br \/>\nRay Comfort Air 8 Rear M1+ &#8211; Ray Comfort Air 8 M2<br \/>\nRay Comfort Air 8 UP! M1 from S\/N 2110050060036<br \/>\nRay Comfort Air 8 UP! M1 until S\/N 1906260060004<br \/>\nRay Comfort Air 8 UP! M1+<br \/>\nRay Comfort Air 8 X-UP! M1<br \/>\nRay Comfort Air 8 XUP! M1+<br \/>\nReflex Comfort Air 8 UP! M1<br \/>\nReflex Comfort Air 8 UP! M1+<br \/>\nSelecta 15 HQ S1<br \/>\nSelecta 20 HQ S1<br \/>\nSelecta 25 HQ ACS S1<br \/>\nSelecta 25 HQ S1<br \/>\nSelecta 30 HQ S1<br \/>\nSelecta 35 HQ S1<br \/>\nStar AIR &#8211; 2016<br \/>\nStar AIR &#8211; 2016 UP!<br \/>\nStar Air 8 M1<br \/>\nStar Air 8 M2<br \/>\nStar Air 8 UP! M1<br \/>\nStar Air 8 UP! M1 UF<br \/>\nStar Air 8 UP! M2<br \/>\nStar COMFORT AIR &#8211; 2016<br \/>\nStar COMFORT AIR &#8211; 2016 UP!<br \/>\nStar Comfort Air 10 M1<br \/>\nStar Comfort Air 10 M2+<br \/>\nStar Comfort Air 10 UP! M1<br \/>\nStar Comfort Air 10 UP! M1 UF<br \/>\nStar Comfort Air 10 UP! M2<br \/>\nStar Comfort Air 10 UP! M3<br \/>\nStar Hydromatic 12<br \/>\nStar Hydromatic 12 M1<br \/>\nStar Hydromatic 12 M2+<br \/>\nStream COMFORT AIR 12 H1<br \/>\nStream Comfort Air 12 M1+<br \/>\nStream Comfort Air 12 UP! M1+<br \/>\nStream Comfort Air 12 M2<br \/>\nStream Comfort Air 12 UP! M2<br \/>\nStream Comfort Air 12 M1<br \/>\nStream Comfort Air 12 UP! M1 &#8211; 2019 Version<br \/>\nStream Comfort Air 12 M1<br \/>\nStream Comfort Air 12 UP! M1 &#8211; 2020 Version<br \/>\nSuite AIR &#8211; 2016<br \/>\nSuite AIR &#8211; 2016 UP!<br \/>\nSuite Air 10 M1<br \/>\nSuite Air 10 M2<br \/>\nSuite Air 10 M2+<br \/>\nSuite Air 10 UP! M1<br \/>\nSuite Air 10 UP! M1 UF<br \/>\nSuite Air 10 UP! M2<br \/>\nSuite Air 10 UP! M2+<br \/>\nSuite Air 10 UP! M3<br \/>\nSuite Airmatic 10 M3 Core<br \/>\nSuite C.Air 12 M3<br \/>\nSuite C.Air 12 UP! M3<br \/>\nSuite COMFORT AIR &#8211; 2016<br \/>\nSuite COMFORT AIR &#8211; 2016 UP!<br \/>\nSuite Comfort Air 12 M1<br \/>\nSuite Comfort Air 12 M2<br \/>\nSuite Comfort Air 12 M2+<br \/>\nSuite Comfort Air 12 UP! M1<br \/>\nSuite Comfort Air 12 UP! M1 UF<br \/>\nSuite Comfort Air 12 UP! M2<br \/>\nSuite Comfort Air 12 UP! M2+<br \/>\nSuite COMFORT AIR 14 &#8211; 2016<br \/>\nSuite COMFORT AIR 14 &#8211; 2016 UP!<br \/>\nSuite Comfort Air 14 M1<br \/>\nSuite Comfort Air 14 M2<br \/>\nSuite Comfort Air 14 M2<br \/>\nSuite Comfort Air 14 UP! M1<br \/>\nSuite Comfort Air 14 UP! M1 UF<br \/>\nSuite Comfort Air 14 UP! M2<br \/>\nSuite Comfort Air 14 UP! M2+<br \/>\nSuite Comfort Air Matic 14 M1<br \/>\nSuite Comfort Air Matic 14 M2<br \/>\nSuite Comfort Air Matic 14 M2+<br \/>\nSuite Hydromatic 16 kW<br \/>\nSuite Hydromatic 16 M1<br \/>\nSuite Hydromatic 18 M2<br \/>\nSuite Hydromatic 18 M2+<br \/>\nSuite Hydromatic 24 ACS M1<br \/>\nSuite Hydromatic 24 ACS M2<br \/>\nSuite Hydromatic 24 ACS M2+<br \/>\nSuite Hydromatic 24 kW<br \/>\nSuite Hydromatic 24 M1<br \/>\nSuite Hydromatic 24 M2<br \/>\nSuite Hydromatic 24 M2+<br \/>\nSuite Hydromatic\/S 24 kW<br \/>\nTecla Air 6 M1<br \/>\nTecla Air 6 M1+<br \/>\nTeia Comfort Air 10 S1<br \/>\nTeia Comfort Air 10 S2<br \/>\nTeia Comfort Air 10 UP! S1<br \/>\nTeia Comfort Air 10 UP! S2<br \/>\nThea Hydro 16 S1<br \/>\nThea Hydro 23 S1<br \/>\nThema Air 8 M1<br \/>\nTilda &#8211; 2016<br \/>\nTilda Comfort Air 10 M1<br \/>\nVivo 90 Comfort Air 11 M1<br \/>\nVivo 90 Comfort Air 9 M1<br \/>\nVivo 90 Hydro 16 M1<br \/>\nVivo 90 Hydro 24 M1<br \/>\nVivo 90 Pellet Comfort Air<br \/>\nWall Air 8\/8 UP! M1<br \/>\nWall Angle Air 8 M1<\/p>","protected":false},"excerpt":{"rendered":"<hr \/>\n<h2><span style=\"color: #008000\">Disponibil la<\/span><\/h2>\n<hr \/>\n<h3>Lum\u00e2nare ceramic\u0103 cu flan\u0219\u0103<\/h3>\n<p>Cod CER01<\/p>\n<p>\u00f8 bujie: 11,55 mm<br \/>\nLungime total\u0103: 98 mm<br \/>\nLungime sub piuli\u021b\u0103: 96 mm<br \/>\nPutere: 240 W<br \/>\nLungime cablu: 350 mm<\/p>\n<h3><\/h3>\n<p>&nbsp;<\/p>","protected":false},"featured_media":39819,"comment_status":"open","ping_status":"closed","template":"","meta":[],"product_brand":[],"product_cat":[840,854,839],"product_tag":[54,81,40,147,43,48],"class_list":{"0":"post-3610","1":"product","2":"type-product","3":"status-publish","4":"has-post-thumbnail","6":"product_cat-bougies-dallumage-pour-poeles-et-chaudieres-a-pellets","7":"product_cat-bougies-en-ceramique-pour-poeles-et-chaudieres-et-pellets","8":"product_cat-pieces-de-rechange-divers-poeles-et-chaudieres","9":"product_tag-brisack","10":"product_tag-mcz","11":"product_tag-qlima","12":"product_tag-stuv","13":"product_tag-supra","14":"product_tag-zibro","15":"product_shipping_class-classe-di-spedizione-01","17":"first","18":"instock","19":"shipping-taxable","20":"purchasable","21":"product-type-simple"},"yoast_head":"<!-- This site is optimized with the Yoast SEO plugin v27.4 - https:\/\/yoast.com\/product\/yoast-seo-wordpress\/ -->\n<title>Bougie c\u00e9ramique avec bride 96 mm<\/title>\n<meta name=\"description\" content=\"Bougie c\u00e9ramique avec bride 96 mm - r\u00e9sistance \u00e0 l\u2019allumage par quartz - cartouche d\u2019allumage en quartz pour po\u00eales, radiateurs, inserts et chaudi\u00e8res \u00e0 granul\u00e9s\" \/>\n<meta name=\"robots\" content=\"index, follow, max-snippet:-1, max-image-preview:large, max-video-preview:-1\" \/>\n<link rel=\"canonical\" href=\"https:\/\/amrtop.net\/ro\/produs\/lumanare-ceramica-cu-flansa-de-96-mm\/\" \/>\n<meta property=\"og:locale\" content=\"ro_RO\" \/>\n<meta property=\"og:type\" content=\"article\" \/>\n<meta property=\"og:title\" content=\"Bougie c\u00e9ramique avec bride 96 mm\" \/>\n<meta property=\"og:description\" content=\"Bougie c\u00e9ramique avec bride 96 mm - r\u00e9sistance \u00e0 l\u2019allumage par quartz - cartouche d\u2019allumage en quartz pour po\u00eales, radiateurs, inserts et chaudi\u00e8res \u00e0 granul\u00e9s\" \/>\n<meta property=\"og:url\" content=\"https:\/\/amrtop.net\/ro\/produs\/lumanare-ceramica-cu-flansa-de-96-mm\/\" \/>\n<meta property=\"og:site_name\" content=\"AMRTOP B2B \u00c9tranger - Achats r\u00e9serv\u00e9s au professionnel\" \/>\n<meta property=\"article:modified_time\" content=\"2024-05-21T07:49:11+00:00\" \/>\n<meta property=\"og:image\" content=\"https:\/\/amrtop.net\/wp-content\/uploads\/2020\/01\/CER01-DETTAGLIO.jpg\" \/>\n\t<meta property=\"og:image:width\" content=\"960\" \/>\n\t<meta property=\"og:image:height\" content=\"960\" \/>\n\t<meta property=\"og:image:type\" content=\"image\/jpeg\" \/>\n<meta name=\"twitter:card\" content=\"summary_large_image\" \/>\n<meta name=\"twitter:label1\" content=\"Timp estimat pentru citire\" \/>\n\t<meta name=\"twitter:data1\" content=\"2 minute\" \/>\n<script type=\"application\/ld+json\" class=\"yoast-schema-graph\">{\"@context\":\"https:\\\/\\\/schema.org\",\"@graph\":[{\"@type\":\"WebPage\",\"@id\":\"https:\\\/\\\/amrtop.net\\\/produit\\\/bougie-ceramique-avec-bride-96-mm\\\/\",\"url\":\"https:\\\/\\\/amrtop.net\\\/produit\\\/bougie-ceramique-avec-bride-96-mm\\\/\",\"name\":\"Bougie c\u00e9ramique avec bride 96 mm\",\"isPartOf\":{\"@id\":\"https:\\\/\\\/amrtop.net\\\/#website\"},\"primaryImageOfPage\":{\"@id\":\"https:\\\/\\\/amrtop.net\\\/produit\\\/bougie-ceramique-avec-bride-96-mm\\\/#primaryimage\"},\"image\":{\"@id\":\"https:\\\/\\\/amrtop.net\\\/produit\\\/bougie-ceramique-avec-bride-96-mm\\\/#primaryimage\"},\"thumbnailUrl\":\"https:\\\/\\\/amrtop.net\\\/wp-content\\\/uploads\\\/2020\\\/01\\\/CER01-DETTAGLIO.jpg\",\"datePublished\":\"2020-01-10T00:00:00+00:00\",\"dateModified\":\"2024-05-21T07:49:11+00:00\",\"description\":\"Bougie c\u00e9ramique avec bride 96 mm - r\u00e9sistance \u00e0 l\u2019allumage par quartz - cartouche d\u2019allumage en quartz pour po\u00eales, radiateurs, inserts et chaudi\u00e8res \u00e0 granul\u00e9s\",\"breadcrumb\":{\"@id\":\"https:\\\/\\\/amrtop.net\\\/produit\\\/bougie-ceramique-avec-bride-96-mm\\\/#breadcrumb\"},\"inLanguage\":\"ro-RO\",\"potentialAction\":[{\"@type\":\"ReadAction\",\"target\":[\"https:\\\/\\\/amrtop.net\\\/produit\\\/bougie-ceramique-avec-bride-96-mm\\\/\"]}]},{\"@type\":\"ImageObject\",\"inLanguage\":\"ro-RO\",\"@id\":\"https:\\\/\\\/amrtop.net\\\/produit\\\/bougie-ceramique-avec-bride-96-mm\\\/#primaryimage\",\"url\":\"https:\\\/\\\/amrtop.net\\\/wp-content\\\/uploads\\\/2020\\\/01\\\/CER01-DETTAGLIO.jpg\",\"contentUrl\":\"https:\\\/\\\/amrtop.net\\\/wp-content\\\/uploads\\\/2020\\\/01\\\/CER01-DETTAGLIO.jpg\",\"width\":960,\"height\":960,\"caption\":\"Bougie en c\u00e9ramique avec bride \u00f8 11,55 mm \u2013 240 Watt - longueur totale 98 mm \u2013 Code CER01\"},{\"@type\":\"BreadcrumbList\",\"@id\":\"https:\\\/\\\/amrtop.net\\\/produit\\\/bougie-ceramique-avec-bride-96-mm\\\/#breadcrumb\",\"itemListElement\":[{\"@type\":\"ListItem\",\"position\":1,\"name\":\"Home\",\"item\":\"https:\\\/\\\/amrtop.net\\\/\"},{\"@type\":\"ListItem\",\"position\":2,\"name\":\"Shop\",\"item\":\"https:\\\/\\\/amrtop.net\\\/negozio\\\/\"},{\"@type\":\"ListItem\",\"position\":3,\"name\":\"Bougie en c\u00e9ramique avec bride \u00f8 11,55 mm \u2013 240 Watt &#8211; longueur totale 98 mm \u2013 Code CER01\"}]},{\"@type\":\"WebSite\",\"@id\":\"https:\\\/\\\/amrtop.net\\\/#website\",\"url\":\"https:\\\/\\\/amrtop.net\\\/\",\"name\":\"AMRTOP B2B \u00c9tranger - Achats r\u00e9serv\u00e9s au professionnel\",\"description\":\"Pi\u00e8ces de rechange et accessoires pour po\u00eales et chaudi\u00e8res - eCommerce B2B pour Clients Professionnels\",\"potentialAction\":[{\"@type\":\"SearchAction\",\"target\":{\"@type\":\"EntryPoint\",\"urlTemplate\":\"https:\\\/\\\/amrtop.net\\\/?s={search_term_string}\"},\"query-input\":{\"@type\":\"PropertyValueSpecification\",\"valueRequired\":true,\"valueName\":\"search_term_string\"}}],\"inLanguage\":\"ro-RO\"}]}<\/script>\n<!-- \/ Yoast SEO plugin. -->","yoast_head_json":{"title":"Bujie ceramic\u0103 cu flan\u0219\u0103 de 96 mm","description":"Bujie incandescent\u0103 ceramic\u0103 cu flan\u0219\u0103 de 96 mm - rezisten\u021b\u0103 de aprindere cu cuar\u021b - cartu\u0219 de aprindere cu cuar\u021b pentru sobe, radiatoare, inser\u021bii \u0219i cazane pe pele\u021bi","robots":{"index":"index","follow":"follow","max-snippet":"max-snippet:-1","max-image-preview":"max-image-preview:large","max-video-preview":"max-video-preview:-1"},"canonical":"https:\/\/amrtop.net\/ro\/produs\/lumanare-ceramica-cu-flansa-de-96-mm\/","og_locale":"ro_RO","og_type":"article","og_title":"Bougie c\u00e9ramique avec bride 96 mm","og_description":"Bougie c\u00e9ramique avec bride 96 mm - r\u00e9sistance \u00e0 l\u2019allumage par quartz - cartouche d\u2019allumage en quartz pour po\u00eales, radiateurs, inserts et chaudi\u00e8res \u00e0 granul\u00e9s","og_url":"https:\/\/amrtop.net\/ro\/produs\/lumanare-ceramica-cu-flansa-de-96-mm\/","og_site_name":"AMRTOP B2B \u00c9tranger - Achats r\u00e9serv\u00e9s au professionnel","article_modified_time":"2024-05-21T07:49:11+00:00","og_image":[{"width":960,"height":960,"url":"https:\/\/amrtop.net\/wp-content\/uploads\/2020\/01\/CER01-DETTAGLIO.jpg","type":"image\/jpeg"}],"twitter_card":"summary_large_image","twitter_misc":{"Timp estimat pentru citire":"2 minute"},"schema":{"@context":"https:\/\/schema.org","@graph":[{"@type":"WebPage","@id":"https:\/\/amrtop.net\/produit\/bougie-ceramique-avec-bride-96-mm\/","url":"https:\/\/amrtop.net\/produit\/bougie-ceramique-avec-bride-96-mm\/","name":"Bujie ceramic\u0103 cu flan\u0219\u0103 de 96 mm","isPartOf":{"@id":"https:\/\/amrtop.net\/#website"},"primaryImageOfPage":{"@id":"https:\/\/amrtop.net\/produit\/bougie-ceramique-avec-bride-96-mm\/#primaryimage"},"image":{"@id":"https:\/\/amrtop.net\/produit\/bougie-ceramique-avec-bride-96-mm\/#primaryimage"},"thumbnailUrl":"https:\/\/amrtop.net\/wp-content\/uploads\/2020\/01\/CER01-DETTAGLIO.jpg","datePublished":"2020-01-10T00:00:00+00:00","dateModified":"2024-05-21T07:49:11+00:00","description":"Bujie incandescent\u0103 ceramic\u0103 cu flan\u0219\u0103 de 96 mm - rezisten\u021b\u0103 de aprindere cu cuar\u021b - cartu\u0219 de aprindere cu cuar\u021b pentru sobe, radiatoare, inser\u021bii \u0219i cazane pe pele\u021bi","breadcrumb":{"@id":"https:\/\/amrtop.net\/produit\/bougie-ceramique-avec-bride-96-mm\/#breadcrumb"},"inLanguage":"ro-RO","potentialAction":[{"@type":"ReadAction","target":["https:\/\/amrtop.net\/produit\/bougie-ceramique-avec-bride-96-mm\/"]}]},{"@type":"ImageObject","inLanguage":"ro-RO","@id":"https:\/\/amrtop.net\/produit\/bougie-ceramique-avec-bride-96-mm\/#primaryimage","url":"https:\/\/amrtop.net\/wp-content\/uploads\/2020\/01\/CER01-DETTAGLIO.jpg","contentUrl":"https:\/\/amrtop.net\/wp-content\/uploads\/2020\/01\/CER01-DETTAGLIO.jpg","width":960,"height":960,"caption":"Bougie en c\u00e9ramique avec bride \u00f8 11,55 mm \u2013 240 Watt - longueur totale 98 mm \u2013 Code CER01"},{"@type":"BreadcrumbList","@id":"https:\/\/amrtop.net\/produit\/bougie-ceramique-avec-bride-96-mm\/#breadcrumb","itemListElement":[{"@type":"ListItem","position":1,"name":"Home","item":"https:\/\/amrtop.net\/"},{"@type":"ListItem","position":2,"name":"Shop","item":"https:\/\/amrtop.net\/negozio\/"},{"@type":"ListItem","position":3,"name":"Bougie en c\u00e9ramique avec bride \u00f8 11,55 mm \u2013 240 Watt &#8211; longueur totale 98 mm \u2013 Code CER01"}]},{"@type":"WebSite","@id":"https:\/\/amrtop.net\/#website","url":"https:\/\/amrtop.net\/","name":"AMRTOP B2B Abroad - Achizi\u021bii rezervate profesioni\u0219tilor","description":"Piese de schimb \u0219i accesorii pentru sobe \u0219i cazane - eCommerce B2B pentru clien\u021bi profesioni\u0219ti","potentialAction":[{"@type":"SearchAction","target":{"@type":"EntryPoint","urlTemplate":"https:\/\/amrtop.net\/?s={search_term_string}"},"query-input":{"@type":"PropertyValueSpecification","valueRequired":true,"valueName":"search_term_string"}}],"inLanguage":"ro-RO"}]}},"_links":{"self":[{"href":"http:\/\/amrtop.net\/ro\/wp-json\/wp\/v2\/product\/3610","targetHints":{"allow":["GET"]}}],"collection":[{"href":"http:\/\/amrtop.net\/ro\/wp-json\/wp\/v2\/product"}],"about":[{"href":"http:\/\/amrtop.net\/ro\/wp-json\/wp\/v2\/types\/product"}],"replies":[{"embeddable":true,"href":"http:\/\/amrtop.net\/ro\/wp-json\/wp\/v2\/comments?post=3610"}],"wp:featuredmedia":[{"embeddable":true,"href":"http:\/\/amrtop.net\/ro\/wp-json\/wp\/v2\/media\/39819"}],"wp:attachment":[{"href":"http:\/\/amrtop.net\/ro\/wp-json\/wp\/v2\/media?parent=3610"}],"wp:term":[{"taxonomy":"product_brand","embeddable":true,"href":"http:\/\/amrtop.net\/ro\/wp-json\/wp\/v2\/product_brand?post=3610"},{"taxonomy":"product_cat","embeddable":true,"href":"http:\/\/amrtop.net\/ro\/wp-json\/wp\/v2\/product_cat?post=3610"},{"taxonomy":"product_tag","embeddable":true,"href":"http:\/\/amrtop.net\/ro\/wp-json\/wp\/v2\/product_tag?post=3610"}],"curies":[{"name":"wp","href":"https:\/\/api.w.org\/{rel}","templated":true}]}}