{"id":3644,"date":"2020-10-01T00:00:00","date_gmt":"2020-10-01T00:00:00","guid":{"rendered":"https:\/\/amrtop.com\/B2B\/?post_type=product&#038;p=3644"},"modified":"2023-11-09T09:48:47","modified_gmt":"2023-11-09T09:48:47","slug":"motoriduttore-mellor-15-rpm-codice-fb1268-albero-o-95-mm-pacco-lamellare-19-mm","status":"publish","type":"product","link":"http:\/\/amrtop.net\/ro\/produit\/motoriduttore-mellor-15-rpm-codice-fb1268-albero-o-95-mm-pacco-lamellare-19-mm\/","title":{"rendered":"Motoreductor Mellor 1,5 rpm Cod FB1268 - Arbore \u00f8 9,5 mm - Foi laminate de 19 mm"},"content":{"rendered":"<hr \/>\n<h3>Motor\u00e9ducteur Mellor 1.5 rpm arbre \u00f8 9.5 FB1268<\/h3>\n<p>Le motor\u00e9ducteur Mellor 1,5 rpm Code FB1268 &#8211; M\u00e2t de 9,5 mm &#8211; Paquet lamellaire 19 mm disponible avec moteur AC \u00e0 poly-blind\u00e9s s\u00e9rie T14 propos\u00e9 par Amrtop, sont fabriqu\u00e9s par une entreprise leader dans ce secteur avec plus de 35 ans d\u2019exp\u00e9rience.<\/p>\n<p>Ace\u0219tia proiecteaz\u0103 \u0219i import\u0103 motoare \u0219i motoreductoare pentru o gam\u0103 larg\u0103 de aplica\u021bii, av\u00e2nd o expertiz\u0103 specific\u0103 \u00een domeniul tehnologiilor de induc\u021bie f\u0103r\u0103 perii de curent alternativ \u0219i continuu \u0219i al tehnologiilor cu protec\u021bie polar\u0103.<\/p>\n<p>Sunt disponibile diferite rapoarte de reducere. Sunt u\u0219or de integrat \u00een aplica\u021bii speciale, cum ar fi ma\u0219inile de \u00eenghe\u021bat\u0103.<\/p>\n<p>Motoreductoare sincrone disponibile cu motor 220VAC, dimensiune 64mm, 18W.<\/p>\n<h3><strong>Principalele caracteristici ale motoarelor cu angrenaje Mellor :<\/strong><\/h3>\n<ul>\n<li>Cuplu nominal: de la 2,5 la 35 nm, \u00een func\u021bie de raportul de reducere<\/li>\n<li>Viteze disponibile: de la 0,3 la 11 rpm<\/li>\n<li>Aplica\u021bii tipice: toate cele care necesit\u0103 o rota\u021bie bidirec\u021bional\u0103 cu vitez\u0103 redus\u0103 \u0219i precis\u0103, cuplu mare \u0219i silen\u021biozitate foarte ridicat\u0103.<\/li>\n<li>Conceput pentru aplica\u021bii pentru sobe pe pele\u021bi, cazane \u0219i \u0219eminee<\/li>\n<\/ul>\n<h3>Utilisation du motor\u00e9ducteur Mellor 1.5 rpm arbre \u00f8 9.5 FB1268<\/h3>\n<p>Odat\u0103 ce ajunge \u00een partea superioar\u0103 a cohleei, peleta cade \u00een mod natural \u00eentr-un jgheab care o transport\u0103 \u00een arz\u0103tor.<\/p>\n<p><strong>Prezent \u00een aparatele tipice<\/strong>\u00a0Soba pe pele\u021bi - Cazan pe pele\u021bi - Arz\u0103tor pe pele\u021bi - Gr\u0103tar pe pele\u021bi Cazan pe biomas\u0103 - Arz\u0103tor pe biomas\u0103 - \u0218i multe alte arz\u0103toare<\/p>\n<h3><strong>Interior<\/strong><\/h3>\n<p><a href=\"https:\/\/wekos.it\/\">Sobe, aragazuri \u0219i aragazuri pe lemne<\/a>\u00a0-\u00a0<a href=\"https:\/\/www.greenpuros.com\/\">\u0219eminee, sobe \u0219i cazane pe pele\u021bi.<\/a><\/p>\n<h3><strong>Gama Amrtop de piese de schimb \u0219i accesorii<\/strong><\/h3>\n<p>&nbsp;<\/p>\n<p><a href=\"https:\/\/amrtop.net\/ro\/categoria-de-produse\/piese-de-schimb-sobe-si-cazane-de-gatit-si-cazane-mixte-2\/bougies-dallumage-pour-poeles-et-chaudieres-a-pellets\/\">Bujii incandescente<\/a><\/p>\n<p><a href=\"https:\/\/amrtop.net\/ro\/categoria-de-produse\/piese-de-schimb-sobe-si-cazane-de-gatit-si-cazane-mixte-2\/electronique\/\">Electronic\u0103<\/a><\/p>\n<p><a href=\"https:\/\/amrtop.net\/ro\/categoria-de-produse\/piese-de-schimb-sobe-si-cazane-de-gatit-si-cazane-mixte-2\/extracteurs-de-fumee\/\">Extractoare de fum<\/a><\/p>\n<p><a href=\"https:\/\/amrtop.net\/ro\/categoria-de-produse\/piese-de-schimb-sobe-si-cazane-de-gatit-si-cazane-mixte-2\/gaines-cable-connecteurs\/\">Teci de cablu conector<\/a><\/p>\n<p><a href=\"https:\/\/amrtop.net\/ro\/categoria-de-produse\/piese-de-schimb-sobe-si-cazane-de-gatit-si-cazane-mixte-2\/joints-de-silicone\/\">Garnituri de silicon<\/a><\/p>\n<p><a href=\"https:\/\/amrtop.net\/ro\/categoria-de-produse\/piese-de-schimb-sobe-si-cazane-de-gatit-si-cazane-mixte-2\/motoreducteurs\/\">Motoare cu angrenaje<\/a><\/p>\n<p><a href=\"https:\/\/amrtop.net\/ro\/categoria-de-produse\/piese-de-schimb-sobe-si-cazane-de-gatit-si-cazane-mixte-2\/pressostats-et-transducteurs\/\">Presostate \u0219i traductoare de presiune<\/a><\/p>\n<p><a href=\"https:\/\/amrtop.net\/ro\/categoria-de-produse\/piese-de-schimb-sobe-si-cazane-de-gatit-si-cazane-mixte-2\/sondes-thermostats-manometres-thermometres\/\">Sonde termostate manometre termometre termometre<\/a><\/p>\n<p><a href=\"https:\/\/amrtop.net\/ro\/categoria-de-produse\/piese-de-schimb-sobe-si-cazane-de-gatit-si-cazane-mixte-2\/joints-detancheite\/\">Tricotaje de etan\u0219are<\/a><\/p>\n<p><a href=\"https:\/\/amrtop.net\/ro\/categoria-de-produse\/piese-de-schimb-sobe-si-cazane-de-gatit-si-cazane-mixte-2\/ventilateurs-centrifuges-pour-poeles-a-pellets\/\">Ventilatoare centrifuge<\/a><\/p>\n<p><a href=\"https:\/\/amrtop.net\/ro\/categoria-de-produse\/piese-de-schimb-sobe-si-cazane-de-gatit-si-cazane-mixte-2\/ventilateurs-tangentiels-flux-transversal\/\">Ventilatoare cu flux \u00eencruci\u0219at<\/a><\/p>\n<p><a href=\"https:\/\/amrtop.net\/ro\/categoria-de-produse\/piese-de-schimb-sobe-si-cazane-de-gatit-si-cazane-mixte-2\/adhesifs-et-produits-detancheite\/\">Adezivi \u0219i materiale de etan\u0219are<\/a><\/p>\n<p>&nbsp;<\/p>","protected":false},"excerpt":{"rendered":"<hr \/>\n<h2><span style=\"color: #008000\">Disponibil la<\/span><\/h2>\n<hr \/>\n<h3>Motor cu angrenaj Mellor 1,5 rpm<\/h3>\n<p>Code FB1268<\/p>\n<p>Arbore \u00f8 9,5 mm<br \/>\nVitez\u0103: 1,5 rpm<br \/>\nT\u00f4les feuillet\u00e9es : 19 mm<br \/>\nAplatizare: simplu<br \/>\nSens de rotation : antihoraire<br \/>\nCouple nominal : 23 Nm<\/p>\n<h3>Compatibilitate<\/h3>\n<hr \/>\n<h3>Motor cu ro\u021bi din\u021bate cu \u0219urub instalat \u0219i compatibil cu urm\u0103toarele m\u0103rci \u0219i modele de sobe pe pele\u021bi:<\/h3>\n<p>Anselmo Cola,Cola,Kalor,Palazzetti,Royal ,Thermorossi<\/p>","protected":false},"featured_media":34771,"comment_status":"open","ping_status":"closed","template":"","meta":[],"product_brand":[],"product_cat":[861,862,867],"product_tag":[160,143,73,84,122,95],"class_list":{"0":"post-3644","1":"product","2":"type-product","3":"status-publish","4":"has-post-thumbnail","6":"product_cat-motoreducteurs","7":"product_cat-motoreducteurs-mellor","8":"product_cat-motoreducteurs-mellor-arbre-o-9-5mm","9":"product_tag-anselmo-cola","10":"product_tag-cola","11":"product_tag-kalor","12":"product_tag-palazzetti","13":"product_tag-royal","14":"product_tag-thermorossi","15":"product_shipping_class-classe-di-spedizione-02","17":"first","18":"instock","19":"shipping-taxable","20":"purchasable","21":"product-type-simple"},"yoast_head":"<!-- This site is optimized with the Yoast SEO plugin v27.4 - https:\/\/yoast.com\/product\/yoast-seo-wordpress\/ -->\n<title>Motor\u00e9ducteur Mellor 1.5 rpm arbre \u00f8 9.5 FB1268<\/title>\n<meta name=\"description\" content=\"Motor\u00e9ducteur Mellor 1.5 rpm arbre \u00f8 9.5 FB1268-Motor\u00e9ducteur Mellor pour vis de po\u00eale \u00e0 granul\u00e9s d\u2019arbre 9.5-Motor\u00e9ducteur Mellor pour po\u00eales et chaudi\u00e8res\" \/>\n<meta name=\"robots\" content=\"index, follow, max-snippet:-1, max-image-preview:large, max-video-preview:-1\" \/>\n<link rel=\"canonical\" href=\"https:\/\/amrtop.net\/ro\/produs\/motoriduttore-mellor-15-rpm-codice-fb1268-albero-o-95-mm-pacco-lamellare-19-mm\/\" \/>\n<meta property=\"og:locale\" content=\"ro_RO\" \/>\n<meta property=\"og:type\" content=\"article\" \/>\n<meta property=\"og:title\" content=\"Motor\u00e9ducteur Mellor 1.5 rpm arbre \u00f8 9.5 FB1268\" \/>\n<meta property=\"og:description\" content=\"Motor\u00e9ducteur Mellor 1.5 rpm arbre \u00f8 9.5 FB1268-Motor\u00e9ducteur Mellor pour vis de po\u00eale \u00e0 granul\u00e9s d\u2019arbre 9.5-Motor\u00e9ducteur Mellor pour po\u00eales et chaudi\u00e8res\" \/>\n<meta property=\"og:url\" content=\"https:\/\/amrtop.net\/ro\/produs\/motoriduttore-mellor-15-rpm-codice-fb1268-albero-o-95-mm-pacco-lamellare-19-mm\/\" \/>\n<meta property=\"og:site_name\" content=\"AMRTOP B2B \u00c9tranger - Achats r\u00e9serv\u00e9s au professionnel\" \/>\n<meta property=\"article:modified_time\" content=\"2023-11-09T09:48:47+00:00\" \/>\n<meta property=\"og:image\" content=\"https:\/\/amrtop.net\/wp-content\/uploads\/2020\/10\/fb1268.jpg\" \/>\n\t<meta property=\"og:image:width\" content=\"960\" \/>\n\t<meta property=\"og:image:height\" content=\"960\" \/>\n\t<meta property=\"og:image:type\" content=\"image\/jpeg\" \/>\n<meta name=\"twitter:card\" content=\"summary_large_image\" \/>\n<meta name=\"twitter:label1\" content=\"Timp estimat pentru citire\" \/>\n\t<meta name=\"twitter:data1\" content=\"1 minut\" \/>\n<script type=\"application\/ld+json\" class=\"yoast-schema-graph\">{\"@context\":\"https:\\\/\\\/schema.org\",\"@graph\":[{\"@type\":\"WebPage\",\"@id\":\"https:\\\/\\\/amrtop.net\\\/produit\\\/motoriduttore-mellor-15-rpm-codice-fb1268-albero-o-95-mm-pacco-lamellare-19-mm\\\/\",\"url\":\"https:\\\/\\\/amrtop.net\\\/produit\\\/motoriduttore-mellor-15-rpm-codice-fb1268-albero-o-95-mm-pacco-lamellare-19-mm\\\/\",\"name\":\"Motor\u00e9ducteur Mellor 1.5 rpm arbre \u00f8 9.5 FB1268\",\"isPartOf\":{\"@id\":\"https:\\\/\\\/amrtop.net\\\/#website\"},\"primaryImageOfPage\":{\"@id\":\"https:\\\/\\\/amrtop.net\\\/produit\\\/motoriduttore-mellor-15-rpm-codice-fb1268-albero-o-95-mm-pacco-lamellare-19-mm\\\/#primaryimage\"},\"image\":{\"@id\":\"https:\\\/\\\/amrtop.net\\\/produit\\\/motoriduttore-mellor-15-rpm-codice-fb1268-albero-o-95-mm-pacco-lamellare-19-mm\\\/#primaryimage\"},\"thumbnailUrl\":\"https:\\\/\\\/amrtop.net\\\/wp-content\\\/uploads\\\/2020\\\/10\\\/fb1268.jpg\",\"datePublished\":\"2020-10-01T00:00:00+00:00\",\"dateModified\":\"2023-11-09T09:48:47+00:00\",\"description\":\"Motor\u00e9ducteur Mellor 1.5 rpm arbre \u00f8 9.5 FB1268-Motor\u00e9ducteur Mellor pour vis de po\u00eale \u00e0 granul\u00e9s d\u2019arbre 9.5-Motor\u00e9ducteur Mellor pour po\u00eales et chaudi\u00e8res\",\"breadcrumb\":{\"@id\":\"https:\\\/\\\/amrtop.net\\\/produit\\\/motoriduttore-mellor-15-rpm-codice-fb1268-albero-o-95-mm-pacco-lamellare-19-mm\\\/#breadcrumb\"},\"inLanguage\":\"ro-RO\",\"potentialAction\":[{\"@type\":\"ReadAction\",\"target\":[\"https:\\\/\\\/amrtop.net\\\/produit\\\/motoriduttore-mellor-15-rpm-codice-fb1268-albero-o-95-mm-pacco-lamellare-19-mm\\\/\"]}]},{\"@type\":\"ImageObject\",\"inLanguage\":\"ro-RO\",\"@id\":\"https:\\\/\\\/amrtop.net\\\/produit\\\/motoriduttore-mellor-15-rpm-codice-fb1268-albero-o-95-mm-pacco-lamellare-19-mm\\\/#primaryimage\",\"url\":\"https:\\\/\\\/amrtop.net\\\/wp-content\\\/uploads\\\/2020\\\/10\\\/fb1268.jpg\",\"contentUrl\":\"https:\\\/\\\/amrtop.net\\\/wp-content\\\/uploads\\\/2020\\\/10\\\/fb1268.jpg\",\"width\":960,\"height\":960,\"caption\":\"Motor\u00e9ducteur Mellor 1.5 rpm arbre \u00f8 9.5 FB1268-Motor\u00e9ducteur Mellor pour vis de po\u00eale \u00e0 granul\u00e9s d\u2019arbre 9.5-Motor\u00e9ducteur Mellor pour po\u00eales et chaudi\u00e8res\"},{\"@type\":\"BreadcrumbList\",\"@id\":\"https:\\\/\\\/amrtop.net\\\/produit\\\/motoriduttore-mellor-15-rpm-codice-fb1268-albero-o-95-mm-pacco-lamellare-19-mm\\\/#breadcrumb\",\"itemListElement\":[{\"@type\":\"ListItem\",\"position\":1,\"name\":\"Home\",\"item\":\"https:\\\/\\\/amrtop.net\\\/\"},{\"@type\":\"ListItem\",\"position\":2,\"name\":\"Shop\",\"item\":\"https:\\\/\\\/amrtop.net\\\/negozio\\\/\"},{\"@type\":\"ListItem\",\"position\":3,\"name\":\"Motor\u00e9ducteur Mellor 1,5 rpm Code FB1268 \u2013 Arbre \u00f8 9,5 mm \u2013 T\u00f4les feuillet\u00e9es 19 mm\"}]},{\"@type\":\"WebSite\",\"@id\":\"https:\\\/\\\/amrtop.net\\\/#website\",\"url\":\"https:\\\/\\\/amrtop.net\\\/\",\"name\":\"AMRTOP B2B \u00c9tranger - Achats r\u00e9serv\u00e9s au professionnel\",\"description\":\"Pi\u00e8ces de rechange et accessoires pour po\u00eales et chaudi\u00e8res - eCommerce B2B pour Clients Professionnels\",\"potentialAction\":[{\"@type\":\"SearchAction\",\"target\":{\"@type\":\"EntryPoint\",\"urlTemplate\":\"https:\\\/\\\/amrtop.net\\\/?s={search_term_string}\"},\"query-input\":{\"@type\":\"PropertyValueSpecification\",\"valueRequired\":true,\"valueName\":\"search_term_string\"}}],\"inLanguage\":\"ro-RO\"}]}<\/script>\n<!-- \/ Yoast SEO plugin. -->","yoast_head_json":{"title":"Motor\u00e9ducteur Mellor 1.5 rpm arbre \u00f8 9.5 FB1268","description":"Motoreductor Mellor 1,5 rpm arbore \u00f8 9,5 FB1268-Mellor motoreductor pentru sobe pe pele\u021bi arbore cu \u0219urub 9,5-Mellor motoreductor pentru sobe \u0219i boilere","robots":{"index":"index","follow":"follow","max-snippet":"max-snippet:-1","max-image-preview":"max-image-preview:large","max-video-preview":"max-video-preview:-1"},"canonical":"https:\/\/amrtop.net\/ro\/produs\/motoriduttore-mellor-15-rpm-codice-fb1268-albero-o-95-mm-pacco-lamellare-19-mm\/","og_locale":"ro_RO","og_type":"article","og_title":"Motor\u00e9ducteur Mellor 1.5 rpm arbre \u00f8 9.5 FB1268","og_description":"Motor\u00e9ducteur Mellor 1.5 rpm arbre \u00f8 9.5 FB1268-Motor\u00e9ducteur Mellor pour vis de po\u00eale \u00e0 granul\u00e9s d\u2019arbre 9.5-Motor\u00e9ducteur Mellor pour po\u00eales et chaudi\u00e8res","og_url":"https:\/\/amrtop.net\/ro\/produs\/motoriduttore-mellor-15-rpm-codice-fb1268-albero-o-95-mm-pacco-lamellare-19-mm\/","og_site_name":"AMRTOP B2B \u00c9tranger - Achats r\u00e9serv\u00e9s au professionnel","article_modified_time":"2023-11-09T09:48:47+00:00","og_image":[{"width":960,"height":960,"url":"https:\/\/amrtop.net\/wp-content\/uploads\/2020\/10\/fb1268.jpg","type":"image\/jpeg"}],"twitter_card":"summary_large_image","twitter_misc":{"Timp estimat pentru citire":"1 minut"},"schema":{"@context":"https:\/\/schema.org","@graph":[{"@type":"WebPage","@id":"https:\/\/amrtop.net\/produit\/motoriduttore-mellor-15-rpm-codice-fb1268-albero-o-95-mm-pacco-lamellare-19-mm\/","url":"https:\/\/amrtop.net\/produit\/motoriduttore-mellor-15-rpm-codice-fb1268-albero-o-95-mm-pacco-lamellare-19-mm\/","name":"Motor\u00e9ducteur Mellor 1.5 rpm arbre \u00f8 9.5 FB1268","isPartOf":{"@id":"https:\/\/amrtop.net\/#website"},"primaryImageOfPage":{"@id":"https:\/\/amrtop.net\/produit\/motoriduttore-mellor-15-rpm-codice-fb1268-albero-o-95-mm-pacco-lamellare-19-mm\/#primaryimage"},"image":{"@id":"https:\/\/amrtop.net\/produit\/motoriduttore-mellor-15-rpm-codice-fb1268-albero-o-95-mm-pacco-lamellare-19-mm\/#primaryimage"},"thumbnailUrl":"https:\/\/amrtop.net\/wp-content\/uploads\/2020\/10\/fb1268.jpg","datePublished":"2020-10-01T00:00:00+00:00","dateModified":"2023-11-09T09:48:47+00:00","description":"Motoreductor Mellor 1,5 rpm arbore \u00f8 9,5 FB1268-Mellor motoreductor pentru sobe pe pele\u021bi arbore cu \u0219urub 9,5-Mellor motoreductor pentru sobe \u0219i boilere","breadcrumb":{"@id":"https:\/\/amrtop.net\/produit\/motoriduttore-mellor-15-rpm-codice-fb1268-albero-o-95-mm-pacco-lamellare-19-mm\/#breadcrumb"},"inLanguage":"ro-RO","potentialAction":[{"@type":"ReadAction","target":["https:\/\/amrtop.net\/produit\/motoriduttore-mellor-15-rpm-codice-fb1268-albero-o-95-mm-pacco-lamellare-19-mm\/"]}]},{"@type":"ImageObject","inLanguage":"ro-RO","@id":"https:\/\/amrtop.net\/produit\/motoriduttore-mellor-15-rpm-codice-fb1268-albero-o-95-mm-pacco-lamellare-19-mm\/#primaryimage","url":"https:\/\/amrtop.net\/wp-content\/uploads\/2020\/10\/fb1268.jpg","contentUrl":"https:\/\/amrtop.net\/wp-content\/uploads\/2020\/10\/fb1268.jpg","width":960,"height":960,"caption":"Motor\u00e9ducteur Mellor 1.5 rpm arbre \u00f8 9.5 FB1268-Motor\u00e9ducteur Mellor pour vis de po\u00eale \u00e0 granul\u00e9s d\u2019arbre 9.5-Motor\u00e9ducteur Mellor pour po\u00eales et chaudi\u00e8res"},{"@type":"BreadcrumbList","@id":"https:\/\/amrtop.net\/produit\/motoriduttore-mellor-15-rpm-codice-fb1268-albero-o-95-mm-pacco-lamellare-19-mm\/#breadcrumb","itemListElement":[{"@type":"ListItem","position":1,"name":"Home","item":"https:\/\/amrtop.net\/"},{"@type":"ListItem","position":2,"name":"Shop","item":"https:\/\/amrtop.net\/negozio\/"},{"@type":"ListItem","position":3,"name":"Motor\u00e9ducteur Mellor 1,5 rpm Code FB1268 \u2013 Arbre \u00f8 9,5 mm \u2013 T\u00f4les feuillet\u00e9es 19 mm"}]},{"@type":"WebSite","@id":"https:\/\/amrtop.net\/#website","url":"https:\/\/amrtop.net\/","name":"AMRTOP B2B Abroad - Achizi\u021bii rezervate profesioni\u0219tilor","description":"Piese de schimb \u0219i accesorii pentru sobe \u0219i cazane - eCommerce B2B pentru clien\u021bi profesioni\u0219ti","potentialAction":[{"@type":"SearchAction","target":{"@type":"EntryPoint","urlTemplate":"https:\/\/amrtop.net\/?s={search_term_string}"},"query-input":{"@type":"PropertyValueSpecification","valueRequired":true,"valueName":"search_term_string"}}],"inLanguage":"ro-RO"}]}},"_links":{"self":[{"href":"http:\/\/amrtop.net\/ro\/wp-json\/wp\/v2\/product\/3644","targetHints":{"allow":["GET"]}}],"collection":[{"href":"http:\/\/amrtop.net\/ro\/wp-json\/wp\/v2\/product"}],"about":[{"href":"http:\/\/amrtop.net\/ro\/wp-json\/wp\/v2\/types\/product"}],"replies":[{"embeddable":true,"href":"http:\/\/amrtop.net\/ro\/wp-json\/wp\/v2\/comments?post=3644"}],"wp:featuredmedia":[{"embeddable":true,"href":"http:\/\/amrtop.net\/ro\/wp-json\/wp\/v2\/media\/34771"}],"wp:attachment":[{"href":"http:\/\/amrtop.net\/ro\/wp-json\/wp\/v2\/media?parent=3644"}],"wp:term":[{"taxonomy":"product_brand","embeddable":true,"href":"http:\/\/amrtop.net\/ro\/wp-json\/wp\/v2\/product_brand?post=3644"},{"taxonomy":"product_cat","embeddable":true,"href":"http:\/\/amrtop.net\/ro\/wp-json\/wp\/v2\/product_cat?post=3644"},{"taxonomy":"product_tag","embeddable":true,"href":"http:\/\/amrtop.net\/ro\/wp-json\/wp\/v2\/product_tag?post=3644"}],"curies":[{"name":"wp","href":"https:\/\/api.w.org\/{rel}","templated":true}]}}