{"id":40007,"date":"2024-07-11T12:50:36","date_gmt":"2024-07-11T12:50:36","guid":{"rendered":"https:\/\/amrtop.net\/?post_type=product&#038;p=40007"},"modified":"2024-07-11T12:55:21","modified_gmt":"2024-07-11T12:55:21","slug":"bougie-universelle-avec-raccord-coulissant-3-8%e2%80%b3-o-99-mm-300-watt-longueur-totale-165-mm-code-kit2q","status":"publish","type":"product","link":"http:\/\/amrtop.net\/ro\/produit\/bougie-universelle-avec-raccord-coulissant-3-8%e2%80%b3-o-99-mm-300-watt-longueur-totale-165-mm-code-kit2q\/","title":{"rendered":"Bujie universal\u0103 cu conector glisant 3\/8\u2033 \u00f8 9,9 mm - 300 Watt - lungime total\u0103 165 mm - Cod KIT2Q"},"content":{"rendered":"<h3>Compatibil<\/h3>\n<h3>Compatibil cu bujiile\/rezistoarele\/cartu\u0219ele de aprindere 3\/8 \u00f8 9.9 - compatibil cu sobe \u0219i cazane pe pele\u021bi de la urm\u0103toarele m\u0103rci:<\/h3>\n<p>Adler, Ambiente calore, Amg, Arce, Austropell, Bestove, Bosch soba 51, Brisach, Bronpi, Cadel, Calux, Chemin\u00e9es philippe, Cs termos, Dal zotto, Dielle, Ecoteck, Edilkamin, EMaflam, Evacalor, Extraflame, Freepoint, Good fire, Gp fireplates, Greenpuros, Interstoves, Invicta, Italcalor, Italiana camini, Jollymec, Kalon, Kalor, Karmek one, Klover, Laminox, Lincar, Linder, Linea vz, Lms, Mbz, Mcz, Nordica Extraflame, Origine design concept, Palazzetti, Pasian, Paterno, Piazzetta,Puros, Qlima, Ravelli, Rouge, Richard le droff, Rika, Sicalor, Skiadesign, Solzaima, Stoveitaly, Superior, Supra, Tectro, ThermorossiI, Tm, Ungaro, Vibrok, Vulcania, Wamsler, Westminster, Zibro<\/p>\n<h3>Interschimbabil cu urm\u0103toarele modele de bujii-resistori-cartu\u0219e de aprindere cu conexiune de 3\/8\u2033 \u00f8 9,9 - \u00f8 10 mm:<\/h3>\n<p>HT62649, HT56135, ELD60021, HT62650, HT42056, ELD60024, ELD60025, HT62651, HT56124, HT55726, ELD00625, HT62652, HT65012, ELD60023, ELD00624, HT62653, HT62654, ELD60028, HT62655, ELD60027, UTXS024336, UTXS024642<\/p>\n<h3>Compatibil cu bujiile\/rezistoarele\/cartu\u0219ele de aprindere liniare \u00f8 9,5 - \u00f8 9,9 - \u00f8 10 mm pentru sobe \u0219i cazane pe pele\u021bi de la urm\u0103toarele m\u0103rci:<\/h3>\n<p>Bestove, Brisach, Bronpi , Chemin\u00e9es Philippe, Dal zotto , Ecoteck, Edilkamin, Extraflame Gp termocamini , Italcalor , Italiana camini, Pasian, Ravelli, Sicalor , Stoveitaly , Thermorossi, Tmc<\/p>\n<h3>Interschimbabil cu urm\u0103toarele modele de bujii de aprindere liniare - rezistoare - cartu\u0219e de aprindere \u00f8 9,5 - \u00f8 9,9 - \u00f8 10 mm :<\/h3>\n<p>HT62685, HT48485, HT62686, HT42024, HT62687, HT57514, HT56785, HT54430, HT62688, HT62700<\/p>\n<p><strong>Pentru urm\u0103toarele modele de sobe \u0219i cazane pe pele\u021bi Ravelli:<\/strong><\/p>\n<p>Chiara<br \/>\nGenova<br \/>\nHR evo24<br \/>\nHR200 (Ver.1-2)<br \/>\nHRB160<br \/>\nHRV135 (ver.01)<br \/>\nHRV160 (ver.1)<br \/>\nPisa<br \/>\nRiviera<\/p>\n<p>&nbsp;<\/p>\n<p>&nbsp;<\/p>","protected":false},"excerpt":{"rendered":"<hr \/>\n<h2><span style=\"color: #008000;\">Disponibil la<\/span><\/h2>\n<hr \/>\n<h3><strong>Bougies universelles raccord 3-8&#8243; 300 w<\/strong><\/h3>\n<p>Code.KIT2Q<\/p>\n<p>Bujie: \u00f8 9,9 mm<br \/>\nPuissance : 300 watts<br \/>\nLongueur du c\u00e2ble 300 mm<br \/>\nR\u00e9glable avec raccord 3\/8&#8243; de 140 mm \u00e0 150 mm<br \/>\nSans raccord 165 mm<\/p>\n<p>&nbsp;<\/p>","protected":false},"featured_media":34695,"comment_status":"open","ping_status":"closed","template":"","meta":[],"product_brand":[],"product_cat":[841,839],"product_tag":[24,25,26,49,50,51,52,53,54,55,56,57,58,30,59,60,31,61,32,62,63,64,65,35,1350,68,69,70,71,72,37,73,74,75,76,77,78,79,80,38,81,82,83,84,85,86,39,87,40,41,88,89,90,91,42,92,93,94,43,45,95,96,97,98,99,100,101,48],"class_list":{"0":"post-40007","1":"product","2":"type-product","3":"status-publish","4":"has-post-thumbnail","6":"product_cat-bougies-dallumage-universelles","7":"product_cat-pieces-de-rechange-divers-poeles-et-chaudieres","8":"product_tag-adler","9":"product_tag-ambiente-calore","10":"product_tag-amg","11":"product_tag-arce","12":"product_tag-austropell","13":"product_tag-bestove","14":"product_tag-bosch-stove-51","15":"product_tag-brisach","16":"product_tag-brisack","17":"product_tag-bronpi","18":"product_tag-cadel","19":"product_tag-calux","20":"product_tag-cheminees-philippe","21":"product_tag-cs-thermos","22":"product_tag-dal-zotto","23":"product_tag-dielle","24":"product_tag-ecoteck","25":"product_tag-edilkamin","26":"product_tag-emaflam","27":"product_tag-evacalor","28":"product_tag-extraflame","29":"product_tag-freepoint","30":"product_tag-good-fire","31":"product_tag-gp-termocamini","32":"product_tag-greenpuros","33":"product_tag-interstoves","34":"product_tag-invicta","35":"product_tag-italcalor","36":"product_tag-italiana-camini","37":"product_tag-jollymec","38":"product_tag-kalon","39":"product_tag-kalor","40":"product_tag-karmek-one","41":"product_tag-klover","42":"product_tag-laminox","43":"product_tag-lincar","44":"product_tag-linder","45":"product_tag-linea-vz","46":"product_tag-lms","47":"product_tag-mbz","48":"product_tag-mcz","49":"product_tag-nordica-extraflame","50":"product_tag-origine-design-concept","51":"product_tag-palazzetti","52":"product_tag-pasian","53":"product_tag-paterno","54":"product_tag-piazzetta","55":"product_tag-puros","56":"product_tag-qlima","57":"product_tag-ravelli","58":"product_tag-red","59":"product_tag-richard-le-droff","60":"product_tag-rika","61":"product_tag-sicalor","62":"product_tag-skia-design","63":"product_tag-solzaima","64":"product_tag-stoveitaly","65":"product_tag-superior","66":"product_tag-supra","67":"product_tag-tectro","68":"product_tag-thermorossi","69":"product_tag-tm","70":"product_tag-ungaro","71":"product_tag-vibrok","72":"product_tag-vulcania","73":"product_tag-wamsler","74":"product_tag-westminster","75":"product_tag-zibro","76":"product_shipping_class-classe-di-spedizione-01","78":"first","79":"instock","80":"shipping-taxable","81":"purchasable","82":"product-type-variable"},"yoast_head":"<!-- This site is optimized with the Yoast SEO plugin v27.4 - https:\/\/yoast.com\/product\/yoast-seo-wordpress\/ -->\n<title>Bougie universelle avec raccord coulissant 3\/8\u2033 \u00f8 9.9 mm<\/title>\n<meta name=\"description\" content=\"Bougie universelle avec raccord coulissant 3\/8\u2033 \u00f8 9.9 mm - r\u00e9sistance \u00e0 l\u2019allumage sp\u00e9ciale avec raccord en c\u00e9ramique - tube de convoyeur d\u2019air avec bride - universel avec raccord coulissant pour po\u00eale et chaudi\u00e8re \u00e0 pellets -syst\u00e8me d\u2019allumage - allumeur \u00e0 bougie pour pellets\" \/>\n<meta name=\"robots\" content=\"index, follow, max-snippet:-1, max-image-preview:large, max-video-preview:-1\" \/>\n<link rel=\"canonical\" href=\"https:\/\/amrtop.net\/ro\/produs\/bougie-universelle-avec-raccord-coulissant-3-8\u2033-o-99-mm-300-watt-longueur-totale-165-mm-code-kit2q\/\" \/>\n<meta property=\"og:locale\" content=\"ro_RO\" \/>\n<meta property=\"og:type\" content=\"article\" \/>\n<meta property=\"og:title\" content=\"Bougie universelle avec raccord coulissant 3\/8\u2033 \u00f8 9.9 mm\" \/>\n<meta property=\"og:description\" content=\"Bougie universelle avec raccord coulissant 3\/8\u2033 \u00f8 9.9 mm - r\u00e9sistance \u00e0 l\u2019allumage sp\u00e9ciale avec raccord en c\u00e9ramique - tube de convoyeur d\u2019air avec bride - universel avec raccord coulissant pour po\u00eale et chaudi\u00e8re \u00e0 pellets -syst\u00e8me d\u2019allumage - allumeur \u00e0 bougie pour pellets\" \/>\n<meta property=\"og:url\" content=\"https:\/\/amrtop.net\/ro\/produs\/bougie-universelle-avec-raccord-coulissant-3-8\u2033-o-99-mm-300-watt-longueur-totale-165-mm-code-kit2q\/\" \/>\n<meta property=\"og:site_name\" content=\"AMRTOP B2B \u00c9tranger - Achats r\u00e9serv\u00e9s au professionnel\" \/>\n<meta property=\"article:modified_time\" content=\"2024-07-11T12:55:21+00:00\" \/>\n<meta property=\"og:image\" content=\"https:\/\/amrtop.net\/wp-content\/uploads\/2020\/01\/KIT2.jpg\" \/>\n\t<meta property=\"og:image:width\" content=\"960\" \/>\n\t<meta property=\"og:image:height\" content=\"960\" \/>\n\t<meta property=\"og:image:type\" content=\"image\/jpeg\" \/>\n<meta name=\"twitter:card\" content=\"summary_large_image\" \/>\n<meta name=\"twitter:label1\" content=\"Timp estimat pentru citire\" \/>\n\t<meta name=\"twitter:data1\" content=\"2 minute\" \/>\n<script type=\"application\/ld+json\" class=\"yoast-schema-graph\">{\"@context\":\"https:\\\/\\\/schema.org\",\"@graph\":[{\"@type\":\"WebPage\",\"@id\":\"https:\\\/\\\/amrtop.net\\\/produit\\\/bougie-universelle-avec-raccord-coulissant-3-8%e2%80%b3-o-99-mm-300-watt-longueur-totale-165-mm-code-kit2q\\\/\",\"url\":\"https:\\\/\\\/amrtop.net\\\/produit\\\/bougie-universelle-avec-raccord-coulissant-3-8%e2%80%b3-o-99-mm-300-watt-longueur-totale-165-mm-code-kit2q\\\/\",\"name\":\"Bougie universelle avec raccord coulissant 3\\\/8\u2033 \u00f8 9.9 mm\",\"isPartOf\":{\"@id\":\"https:\\\/\\\/amrtop.net\\\/#website\"},\"primaryImageOfPage\":{\"@id\":\"https:\\\/\\\/amrtop.net\\\/produit\\\/bougie-universelle-avec-raccord-coulissant-3-8%e2%80%b3-o-99-mm-300-watt-longueur-totale-165-mm-code-kit2q\\\/#primaryimage\"},\"image\":{\"@id\":\"https:\\\/\\\/amrtop.net\\\/produit\\\/bougie-universelle-avec-raccord-coulissant-3-8%e2%80%b3-o-99-mm-300-watt-longueur-totale-165-mm-code-kit2q\\\/#primaryimage\"},\"thumbnailUrl\":\"https:\\\/\\\/amrtop.net\\\/wp-content\\\/uploads\\\/2020\\\/01\\\/KIT2.jpg\",\"datePublished\":\"2024-07-11T12:50:36+00:00\",\"dateModified\":\"2024-07-11T12:55:21+00:00\",\"description\":\"Bougie universelle avec raccord coulissant 3\\\/8\u2033 \u00f8 9.9 mm - r\u00e9sistance \u00e0 l\u2019allumage sp\u00e9ciale avec raccord en c\u00e9ramique - tube de convoyeur d\u2019air avec bride - universel avec raccord coulissant pour po\u00eale et chaudi\u00e8re \u00e0 pellets -syst\u00e8me d\u2019allumage - allumeur \u00e0 bougie pour pellets\",\"breadcrumb\":{\"@id\":\"https:\\\/\\\/amrtop.net\\\/produit\\\/bougie-universelle-avec-raccord-coulissant-3-8%e2%80%b3-o-99-mm-300-watt-longueur-totale-165-mm-code-kit2q\\\/#breadcrumb\"},\"inLanguage\":\"ro-RO\",\"potentialAction\":[{\"@type\":\"ReadAction\",\"target\":[\"https:\\\/\\\/amrtop.net\\\/produit\\\/bougie-universelle-avec-raccord-coulissant-3-8%e2%80%b3-o-99-mm-300-watt-longueur-totale-165-mm-code-kit2q\\\/\"]}]},{\"@type\":\"ImageObject\",\"inLanguage\":\"ro-RO\",\"@id\":\"https:\\\/\\\/amrtop.net\\\/produit\\\/bougie-universelle-avec-raccord-coulissant-3-8%e2%80%b3-o-99-mm-300-watt-longueur-totale-165-mm-code-kit2q\\\/#primaryimage\",\"url\":\"https:\\\/\\\/amrtop.net\\\/wp-content\\\/uploads\\\/2020\\\/01\\\/KIT2.jpg\",\"contentUrl\":\"https:\\\/\\\/amrtop.net\\\/wp-content\\\/uploads\\\/2020\\\/01\\\/KIT2.jpg\",\"width\":960,\"height\":960,\"caption\":\"Bougie universelle avec raccord coulissant 3\\\/8\u2033 \u00f8 9.9 mm - r\u00e9sistance \u00e0 l\u2019allumage sp\u00e9ciale avec raccord en c\u00e9ramique - tube de convoyeur d\u2019air avec bride - universel avec raccord coulissant pour po\u00eale et chaudi\u00e8re \u00e0 pellets -syst\u00e8me d\u2019allumage - allumeur \u00e0 bougie pour pellets\"},{\"@type\":\"BreadcrumbList\",\"@id\":\"https:\\\/\\\/amrtop.net\\\/produit\\\/bougie-universelle-avec-raccord-coulissant-3-8%e2%80%b3-o-99-mm-300-watt-longueur-totale-165-mm-code-kit2q\\\/#breadcrumb\",\"itemListElement\":[{\"@type\":\"ListItem\",\"position\":1,\"name\":\"Home\",\"item\":\"https:\\\/\\\/amrtop.net\\\/\"},{\"@type\":\"ListItem\",\"position\":2,\"name\":\"Shop\",\"item\":\"https:\\\/\\\/amrtop.net\\\/negozio\\\/\"},{\"@type\":\"ListItem\",\"position\":3,\"name\":\"Bougie universelle avec raccord coulissant 3\\\/8\u2033 \u00f8 9,9 mm \u2013 300 Watt \u2013 longueur totale 165 mm \u2013 Code KIT2Q\"}]},{\"@type\":\"WebSite\",\"@id\":\"https:\\\/\\\/amrtop.net\\\/#website\",\"url\":\"https:\\\/\\\/amrtop.net\\\/\",\"name\":\"AMRTOP B2B \u00c9tranger - Achats r\u00e9serv\u00e9s au professionnel\",\"description\":\"Pi\u00e8ces de rechange et accessoires pour po\u00eales et chaudi\u00e8res - eCommerce B2B pour Clients Professionnels\",\"potentialAction\":[{\"@type\":\"SearchAction\",\"target\":{\"@type\":\"EntryPoint\",\"urlTemplate\":\"https:\\\/\\\/amrtop.net\\\/?s={search_term_string}\"},\"query-input\":{\"@type\":\"PropertyValueSpecification\",\"valueRequired\":true,\"valueName\":\"search_term_string\"}}],\"inLanguage\":\"ro-RO\"}]}<\/script>\n<!-- \/ Yoast SEO plugin. -->","yoast_head_json":{"title":"Bougie universelle avec raccord coulissant 3\/8\u2033 \u00f8 9.9 mm","description":"Bujie universal\u0103 cu conector glisant 3\/8\u2033 \u00f8 9,9 mm - rezisten\u021b\u0103 special\u0103 de aprindere cu conector ceramic - tub de transport al aerului cu flan\u0219\u0103 - universal\u0103 cu conector glisant pentru sobe \u0219i cazane pe pele\u021bi - sistem de aprindere - aprindere cu bujie pentru pele\u021bi","robots":{"index":"index","follow":"follow","max-snippet":"max-snippet:-1","max-image-preview":"max-image-preview:large","max-video-preview":"max-video-preview:-1"},"canonical":"https:\/\/amrtop.net\/ro\/produs\/bougie-universelle-avec-raccord-coulissant-3-8\u2033-o-99-mm-300-watt-longueur-totale-165-mm-code-kit2q\/","og_locale":"ro_RO","og_type":"article","og_title":"Bougie universelle avec raccord coulissant 3\/8\u2033 \u00f8 9.9 mm","og_description":"Bougie universelle avec raccord coulissant 3\/8\u2033 \u00f8 9.9 mm - r\u00e9sistance \u00e0 l\u2019allumage sp\u00e9ciale avec raccord en c\u00e9ramique - tube de convoyeur d\u2019air avec bride - universel avec raccord coulissant pour po\u00eale et chaudi\u00e8re \u00e0 pellets -syst\u00e8me d\u2019allumage - allumeur \u00e0 bougie pour pellets","og_url":"https:\/\/amrtop.net\/ro\/produs\/bougie-universelle-avec-raccord-coulissant-3-8\u2033-o-99-mm-300-watt-longueur-totale-165-mm-code-kit2q\/","og_site_name":"AMRTOP B2B \u00c9tranger - Achats r\u00e9serv\u00e9s au professionnel","article_modified_time":"2024-07-11T12:55:21+00:00","og_image":[{"width":960,"height":960,"url":"https:\/\/amrtop.net\/wp-content\/uploads\/2020\/01\/KIT2.jpg","type":"image\/jpeg"}],"twitter_card":"summary_large_image","twitter_misc":{"Timp estimat pentru citire":"2 minute"},"schema":{"@context":"https:\/\/schema.org","@graph":[{"@type":"WebPage","@id":"https:\/\/amrtop.net\/produit\/bougie-universelle-avec-raccord-coulissant-3-8%e2%80%b3-o-99-mm-300-watt-longueur-totale-165-mm-code-kit2q\/","url":"https:\/\/amrtop.net\/produit\/bougie-universelle-avec-raccord-coulissant-3-8%e2%80%b3-o-99-mm-300-watt-longueur-totale-165-mm-code-kit2q\/","name":"Bougie universelle avec raccord coulissant 3\/8\u2033 \u00f8 9.9 mm","isPartOf":{"@id":"https:\/\/amrtop.net\/#website"},"primaryImageOfPage":{"@id":"https:\/\/amrtop.net\/produit\/bougie-universelle-avec-raccord-coulissant-3-8%e2%80%b3-o-99-mm-300-watt-longueur-totale-165-mm-code-kit2q\/#primaryimage"},"image":{"@id":"https:\/\/amrtop.net\/produit\/bougie-universelle-avec-raccord-coulissant-3-8%e2%80%b3-o-99-mm-300-watt-longueur-totale-165-mm-code-kit2q\/#primaryimage"},"thumbnailUrl":"https:\/\/amrtop.net\/wp-content\/uploads\/2020\/01\/KIT2.jpg","datePublished":"2024-07-11T12:50:36+00:00","dateModified":"2024-07-11T12:55:21+00:00","description":"Bujie universal\u0103 cu conector glisant 3\/8\u2033 \u00f8 9,9 mm - rezisten\u021b\u0103 special\u0103 de aprindere cu conector ceramic - tub de transport al aerului cu flan\u0219\u0103 - universal\u0103 cu conector glisant pentru sobe \u0219i cazane pe pele\u021bi - sistem de aprindere - aprindere cu bujie pentru pele\u021bi","breadcrumb":{"@id":"https:\/\/amrtop.net\/produit\/bougie-universelle-avec-raccord-coulissant-3-8%e2%80%b3-o-99-mm-300-watt-longueur-totale-165-mm-code-kit2q\/#breadcrumb"},"inLanguage":"ro-RO","potentialAction":[{"@type":"ReadAction","target":["https:\/\/amrtop.net\/produit\/bougie-universelle-avec-raccord-coulissant-3-8%e2%80%b3-o-99-mm-300-watt-longueur-totale-165-mm-code-kit2q\/"]}]},{"@type":"ImageObject","inLanguage":"ro-RO","@id":"https:\/\/amrtop.net\/produit\/bougie-universelle-avec-raccord-coulissant-3-8%e2%80%b3-o-99-mm-300-watt-longueur-totale-165-mm-code-kit2q\/#primaryimage","url":"https:\/\/amrtop.net\/wp-content\/uploads\/2020\/01\/KIT2.jpg","contentUrl":"https:\/\/amrtop.net\/wp-content\/uploads\/2020\/01\/KIT2.jpg","width":960,"height":960,"caption":"Bougie universelle avec raccord coulissant 3\/8\u2033 \u00f8 9.9 mm - r\u00e9sistance \u00e0 l\u2019allumage sp\u00e9ciale avec raccord en c\u00e9ramique - tube de convoyeur d\u2019air avec bride - universel avec raccord coulissant pour po\u00eale et chaudi\u00e8re \u00e0 pellets -syst\u00e8me d\u2019allumage - allumeur \u00e0 bougie pour pellets"},{"@type":"BreadcrumbList","@id":"https:\/\/amrtop.net\/produit\/bougie-universelle-avec-raccord-coulissant-3-8%e2%80%b3-o-99-mm-300-watt-longueur-totale-165-mm-code-kit2q\/#breadcrumb","itemListElement":[{"@type":"ListItem","position":1,"name":"Home","item":"https:\/\/amrtop.net\/"},{"@type":"ListItem","position":2,"name":"Shop","item":"https:\/\/amrtop.net\/negozio\/"},{"@type":"ListItem","position":3,"name":"Bougie universelle avec raccord coulissant 3\/8\u2033 \u00f8 9,9 mm \u2013 300 Watt \u2013 longueur totale 165 mm \u2013 Code KIT2Q"}]},{"@type":"WebSite","@id":"https:\/\/amrtop.net\/#website","url":"https:\/\/amrtop.net\/","name":"AMRTOP B2B Abroad - Achizi\u021bii rezervate profesioni\u0219tilor","description":"Piese de schimb \u0219i accesorii pentru sobe \u0219i cazane - eCommerce B2B pentru clien\u021bi profesioni\u0219ti","potentialAction":[{"@type":"SearchAction","target":{"@type":"EntryPoint","urlTemplate":"https:\/\/amrtop.net\/?s={search_term_string}"},"query-input":{"@type":"PropertyValueSpecification","valueRequired":true,"valueName":"search_term_string"}}],"inLanguage":"ro-RO"}]}},"_links":{"self":[{"href":"http:\/\/amrtop.net\/ro\/wp-json\/wp\/v2\/product\/40007","targetHints":{"allow":["GET"]}}],"collection":[{"href":"http:\/\/amrtop.net\/ro\/wp-json\/wp\/v2\/product"}],"about":[{"href":"http:\/\/amrtop.net\/ro\/wp-json\/wp\/v2\/types\/product"}],"replies":[{"embeddable":true,"href":"http:\/\/amrtop.net\/ro\/wp-json\/wp\/v2\/comments?post=40007"}],"wp:featuredmedia":[{"embeddable":true,"href":"http:\/\/amrtop.net\/ro\/wp-json\/wp\/v2\/media\/34695"}],"wp:attachment":[{"href":"http:\/\/amrtop.net\/ro\/wp-json\/wp\/v2\/media?parent=40007"}],"wp:term":[{"taxonomy":"product_brand","embeddable":true,"href":"http:\/\/amrtop.net\/ro\/wp-json\/wp\/v2\/product_brand?post=40007"},{"taxonomy":"product_cat","embeddable":true,"href":"http:\/\/amrtop.net\/ro\/wp-json\/wp\/v2\/product_cat?post=40007"},{"taxonomy":"product_tag","embeddable":true,"href":"http:\/\/amrtop.net\/ro\/wp-json\/wp\/v2\/product_tag?post=40007"}],"curies":[{"name":"wp","href":"https:\/\/api.w.org\/{rel}","templated":true}]}}