{"id":37454,"date":"2023-05-18T11:36:41","date_gmt":"2023-05-18T11:36:41","guid":{"rendered":"https:\/\/amrtop.net\/register\/"},"modified":"2023-07-01T09:09:48","modified_gmt":"2023-07-01T09:09:48","slug":"register","status":"publish","type":"page","link":"https:\/\/amrtop.net\/de\/inscription\/","title":{"rendered":"Register"},"content":{"rendered":"<section  class='av_textblock_section av-lht3lh3z-fde73a1aa8199075bfc66313a67e6664'   itemscope=\"itemscope\" itemtype=\"https:\/\/schema.org\/CreativeWork\" ><div class='avia_textblock'  itemprop=\"text\" ><h1>Registrierung neuer Klient<\/h1>\n<\/div><\/section>\n\n<style type=\"text\/css\" data-created_by=\"avia_inline_auto\" id=\"style-css-av-lht7brm8-e8bd98a3bda71eeb1eac7370b2d2df1b\">\n#top .av_textblock_section.av-lht7brm8-e8bd98a3bda71eeb1eac7370b2d2df1b .avia_textblock{\nfont-size:18px;\n}\n<\/style>\n<section  class='av_textblock_section av-lht7brm8-e8bd98a3bda71eeb1eac7370b2d2df1b'   itemscope=\"itemscope\" itemtype=\"https:\/\/schema.org\/CreativeWork\" ><div class='avia_textblock'  itemprop=\"text\" ><h3>Willkommen auf der Anmeldeseite, die f\u00fcr Fachleute aus der Branche reserviert ist.<\/h3>\n<p>Nach Ihrer Anmeldung analysieren wir rasch die Eignung Ihres Abonnements, bevor wir Ihnen endg\u00fcltigen Zugang zur Preisanzeige und zu den Kaufoptionen gew\u00e4hren.<\/p>\n<hr \/>\n<p><strong>Bei Bedarf k\u00f6nnen Sie uns unter folgendem Link kontaktieren:<\/strong><br \/>\n<a href=\"https:\/\/amrtop.net\/de\/contatti\/\">Kontaktseite&gt;.<\/a><br \/>\noder rufen Sie uns an unter<a href=\"tel:+393281678454\"> +39 3281678454 &gt;<\/a><br \/>\nWir sprechen Franz\u00f6sisch, Englisch, Rum\u00e4nisch und Italienisch.<\/p>\n<\/div><\/section>\n<div  class='hr av-j2hle6-ee241503cb934fd2da2a008d48716749 hr-default  avia-builder-el-2  el_after_av_textblock  el_before_av_textblock'><span class='hr-inner'><span class=\"hr-inner-style\"><\/span><\/span><\/div>\n<section  class='av_textblock_section av-iiwfla-5cc7a7dfe6fe143f08406973dca70d87'   itemscope=\"itemscope\" itemtype=\"https:\/\/schema.org\/CreativeWork\" ><div class='avia_textblock'  itemprop=\"text\" ><h2>Melden Sie sich an!<br \/>\nWenn Sie bereits registriert sind, k\u00f6nnen Sie die Preise einsehen und unsere Produkte kaufen.<\/h2>\n<hr \/>\n\n<div class=\"um um-register um-37448\">\n\t<div class=\"um-form\" data-mode=\"register\">\n\t\t<form method=\"post\" action=\"\" data-trp-original-action=\"\">\n\t\t\t<div class=\"um-row _um_row_1\" style=\"margin: 0 0 30px 0;\"><div class=\"um-col-1\"><div  id=\"um_field_37448_ragione-sociale\" class=\"um-field um-field-text  um-field-ragione-sociale um-field-text um-field-type_text\" data-key=\"ragione-sociale\"><div class=\"um-field-label\"><div class=\"um-field-label-icon\"><i class=\"um-icon-android-home\" aria-label=\"Ragione Sociale o Nome formelle della Ditta\"><\/i><\/div><label for=\"ragione-sociale-37448\">Ragione Sociale o Nome formelle della Ditta<\/label><div class=\"um-clear\"><\/div><\/div><div class=\"um-field-area\"><input  autocomplete=\"off\" class=\"um-form-field valid not-required\" type=\"text\" name=\"ragione-sociale-37448\" id=\"ragione-sociale-37448\" value=\"\" placeholder=\"\" data-validate=\"\" data-key=\"ragione-sociale\"  aria-invalid=\"false\" \/>\n\n\t\t\t\t\t\t<\/div><\/div><div  id=\"um_field_37448_ragione-sociale_10\" class=\"um-field um-field-text  um-field-ragione-sociale_10 um-field-text um-field-type_text\" data-key=\"ragione-sociale_10\"><div class=\"um-field-label\"><div class=\"um-field-label-icon\"><i class=\"um-icon-android-home\" aria-label=\"Indirizzo sede ditta o societ\u00e0\"><\/i><\/div><label for=\"ragione-sociale_10-37448\">Indirizzo sede ditta o societ\u00e0<\/label><div class=\"um-clear\"><\/div><\/div><div class=\"um-field-area\"><input  autocomplete=\"off\" class=\"um-form-field valid not-required\" type=\"text\" name=\"ragione-sociale_10-37448\" id=\"ragione-sociale_10-37448\" value=\"\" placeholder=\"\" data-validate=\"\" data-key=\"ragione-sociale_10\"  aria-invalid=\"false\" \/>\n\n\t\t\t\t\t\t<\/div><\/div><div  id=\"um_field_37448_partita_iva\" class=\"um-field um-field-text  um-field-partita_iva um-field-text um-field-type_text\" data-key=\"partita_iva\"><div class=\"um-field-label\"><div class=\"um-field-label-icon\"><i class=\"um-icon-ios-paper\" aria-label=\"Partita IVA\"><\/i><\/div><label for=\"partita_iva-37448\">Partita IVA<\/label><div class=\"um-clear\"><\/div><\/div><div class=\"um-field-area\"><input  autocomplete=\"off\" class=\"um-form-field valid not-required\" type=\"text\" name=\"partita_iva-37448\" id=\"partita_iva-37448\" value=\"\" placeholder=\"\" data-validate=\"\" data-key=\"partita_iva\"  aria-invalid=\"false\" \/>\n\n\t\t\t\t\t\t<\/div><\/div><div  id=\"um_field_37448_first_name\" class=\"um-field um-field-text  um-field-first_name um-field-text um-field-type_text\" data-key=\"first_name\"><div class=\"um-field-label\"><div class=\"um-field-label-icon\"><i class=\"um-icon-android-create\" aria-label=\"Nome del referente\"><\/i><\/div><label for=\"first_name-37448\">Nome del referente<\/label><div class=\"um-clear\"><\/div><\/div><div class=\"um-field-area\"><input  autocomplete=\"off\" class=\"um-form-field valid\" type=\"text\" name=\"first_name-37448\" id=\"first_name-37448\" value=\"\" placeholder=\"\" data-validate=\"\" data-key=\"first_name\"  aria-invalid=\"false\" \/>\n\n\t\t\t\t\t\t<\/div><\/div><div  id=\"um_field_37448_last_name\" class=\"um-field um-field-text  um-field-last_name um-field-text um-field-type_text\" data-key=\"last_name\"><div class=\"um-field-label\"><div class=\"um-field-label-icon\"><i class=\"um-icon-android-create\" aria-label=\"Pr\u00e9nom de la personne de contact\"><\/i><\/div><label for=\"last_name-37448\">Pr\u00e9nom de la personne de contact<\/label><div class=\"um-clear\"><\/div><\/div><div class=\"um-field-area\"><input  autocomplete=\"off\" class=\"um-form-field valid\" type=\"text\" name=\"last_name-37448\" id=\"last_name-37448\" value=\"\" placeholder=\"\" data-validate=\"\" data-key=\"last_name\"  aria-invalid=\"false\" \/>\n\n\t\t\t\t\t\t<\/div><\/div><div  id=\"um_field_37448_user_email\" class=\"um-field um-field-text  um-field-user_email um-field-text um-field-type_text\" data-key=\"user_email\"><div class=\"um-field-label\"><div class=\"um-field-label-icon\"><i class=\"um-icon-android-mail\" aria-label=\"Adresse email\"><\/i><\/div><label for=\"user_email-37448\">E-Mail<\/label><div class=\"um-clear\"><\/div><\/div><div class=\"um-field-area\"><input  autocomplete=\"off\" class=\"um-form-field valid\" type=\"text\" name=\"user_email-37448\" id=\"user_email-37448\" value=\"\" placeholder=\"\" data-validate=\"unique_email\" data-key=\"user_email\"  aria-invalid=\"false\" \/>\n\n\t\t\t\t\t\t<\/div><\/div><div  id=\"um_field_37448_mobile_number\" class=\"um-field um-field-tel  um-field-mobile_number um-field-tel um-field-type_tel\" data-key=\"mobile_number\"><div class=\"um-field-label\"><div class=\"um-field-label-icon\"><i class=\"um-icon-android-call\" aria-label=\"Telefono fisso o cellulare\"><\/i><\/div><label for=\"mobile_number-37448\">Telefono fisso o cellulare<\/label><div class=\"um-clear\"><\/div><\/div><div class=\"um-field-area\"><input  autocomplete=\"off\" class=\"um-form-field valid\" type=\"tel\" name=\"mobile_number-37448\" id=\"mobile_number-37448\" value=\"\" placeholder=\"\" data-validate=\"phone_number\" data-key=\"mobile_number\"  aria-invalid=\"false\" \/>\n\n\t\t\t\t\t\t<\/div><\/div><div  id=\"um_field_37448_user_login\" class=\"um-field um-field-text  um-field-user_login um-field-text um-field-type_text\" data-key=\"user_login\"><div class=\"um-field-label\"><div class=\"um-field-label-icon\"><i class=\"um-icon-ios-contact\" aria-label=\"Nome utente\"><\/i><\/div><label for=\"user_login-37448\">Nome utente<\/label><div class=\"um-clear\"><\/div><\/div><div class=\"um-field-area\"><input  autocomplete=\"off\" class=\"um-form-field valid\" type=\"text\" name=\"user_login-37448\" id=\"user_login-37448\" value=\"\" placeholder=\"\" data-validate=\"unique_username\" data-key=\"user_login\"  aria-invalid=\"false\" \/>\n\n\t\t\t\t\t\t<\/div><\/div><div  id=\"um_field_37448_user_password\" class=\"um-field um-field-password  um-field-user_password um-field-password um-field-type_password\" data-key=\"user_password\"><div class=\"um-field-label\"><div class=\"um-field-label-icon\"><i class=\"um-icon-android-unlock\" aria-label=\"Passwort\"><\/i><\/div><label for=\"user_password-37448\">Passwort<\/label><div class=\"um-clear\"><\/div><\/div><div class=\"um-field-area\"><input class=\"um-form-field valid\" type=\"password\" name=\"user_password-37448\" id=\"user_password-37448\" value=\"\" placeholder=\"\" data-validate=\"\" data-key=\"user_password\"  aria-invalid=\"false\" \/>\n\n\t\t\t\t\t\t\t<\/div><\/div><div  id=\"um_field_37448_confirm_user_password\" class=\"um-field um-field-password  um-field-user_password um-field-password um-field-type_password\" data-key=\"confirm_user_password\"><div class=\"um-field-label\"><div class=\"um-field-label-icon\"><i class=\"um-icon-android-unlock\" aria-label=\"Passwort best\u00e4tigen\"><\/i><\/div><label for=\"confirm_user_password-37448\">Passwort best\u00e4tigen<\/label><div class=\"um-clear\"><\/div><\/div><div class=\"um-field-area\"><input class=\"um-form-field valid\" type=\"password\" name=\"confirm_user_password-37448\" id=\"confirm_user_password-37448\" value=\"\" placeholder=\"Passwort best\u00e4tigen\" data-validate=\"\" data-key=\"confirm_user_password\"  aria-invalid=\"false\" \/><\/div><\/div><\/div><\/div>\t<input type=\"hidden\" name=\"form_id\" id=\"form_id_37448\" value=\"37448\" \/>\n\t\t<p class=\"um_request_name\">\n\t\t<label for=\"um_request_37448\">Only fill in if you are not human<\/label>\n\t\t<input type=\"hidden\" name=\"um_request\" id=\"um_request_37448\" class=\"input\" value=\"\" size=\"25\" autocomplete=\"off\" \/>\n\t<\/p>\n\t<input type=\"hidden\" id=\"_wpnonce\" name=\"_wpnonce\" value=\"0c42940c15\" \/><input type=\"hidden\" name=\"_wp_http_referer\" value=\"\/de\/wp-json\/wp\/v2\/pages\/37454\" \/>\n\t<div class=\"um-col-alt\">\n\n\t\t\n\t\t\t<div class=\"um-left um-half\">\n\t\t\t\t<input type=\"submit\" value=\"Registrati\" class=\"um-button\" id=\"um-submit-btn\" \/>\n\t\t\t<\/div>\n\t\t\t<div class=\"um-right um-half\">\n\t\t\t\t<a href=\"https:\/\/amrtop.net\/de\/login\/\" class=\"um-button um-alt\">\n\t\t\t\t\tAccedi\t\t\t\t<\/a>\n\t\t\t<\/div>\n\n\t\t\n\t\t<div class=\"um-clear\"><\/div>\n\n\t<\/div>\n\n\t\t\t<input type=\"hidden\" name=\"trp-form-language\" value=\"de\"\/><\/form>\n\t<\/div>\n<\/div>\n<style>\n\t\t\t.um-37448.um {\n\t\t\tmax-width: 900px;\n\t\t}\n\t\t<\/style>\n\n<\/div><\/section>","protected":false},"excerpt":{"rendered":"","protected":false},"author":1,"featured_media":0,"parent":0,"menu_order":0,"comment_status":"closed","ping_status":"closed","template":"","meta":{"footnotes":""},"class_list":["post-37454","page","type-page","status-publish","hentry"],"yoast_head":"<!-- This site is optimized with the Yoast SEO plugin v27.4 - https:\/\/yoast.com\/product\/yoast-seo-wordpress\/ -->\n<title>Register - AMRTOP B2B \u00c9tranger - Achats r\u00e9serv\u00e9s au professionnel<\/title>\n<meta name=\"robots\" content=\"index, follow, max-snippet:-1, max-image-preview:large, max-video-preview:-1\" \/>\n<link rel=\"canonical\" href=\"https:\/\/amrtop.net\/de\/register\/\" \/>\n<meta property=\"og:locale\" content=\"de_DE\" \/>\n<meta property=\"og:type\" content=\"article\" \/>\n<meta property=\"og:title\" content=\"Register - AMRTOP B2B \u00c9tranger - Achats r\u00e9serv\u00e9s au professionnel\" \/>\n<meta property=\"og:url\" content=\"https:\/\/amrtop.net\/de\/register\/\" \/>\n<meta property=\"og:site_name\" content=\"AMRTOP B2B \u00c9tranger - Achats r\u00e9serv\u00e9s au professionnel\" \/>\n<meta property=\"article:modified_time\" content=\"2023-07-01T09:09:48+00:00\" \/>\n<meta name=\"twitter:card\" content=\"summary_large_image\" \/>\n<meta name=\"twitter:label1\" content=\"Gesch\u00e4tzte Lesezeit\" \/>\n\t<meta name=\"twitter:data1\" content=\"3\u00a0Minuten\" \/>\n<script type=\"application\/ld+json\" class=\"yoast-schema-graph\">{\"@context\":\"https:\\\/\\\/schema.org\",\"@graph\":[{\"@type\":\"WebPage\",\"@id\":\"https:\\\/\\\/amrtop.net\\\/inscription\\\/\",\"url\":\"https:\\\/\\\/amrtop.net\\\/inscription\\\/\",\"name\":\"Register - AMRTOP B2B \u00c9tranger - Achats r\u00e9serv\u00e9s au professionnel\",\"isPartOf\":{\"@id\":\"https:\\\/\\\/amrtop.net\\\/#website\"},\"datePublished\":\"2023-05-18T11:36:41+00:00\",\"dateModified\":\"2023-07-01T09:09:48+00:00\",\"breadcrumb\":{\"@id\":\"https:\\\/\\\/amrtop.net\\\/inscription\\\/#breadcrumb\"},\"inLanguage\":\"de\",\"potentialAction\":[{\"@type\":\"ReadAction\",\"target\":[\"https:\\\/\\\/amrtop.net\\\/inscription\\\/\"]}]},{\"@type\":\"BreadcrumbList\",\"@id\":\"https:\\\/\\\/amrtop.net\\\/inscription\\\/#breadcrumb\",\"itemListElement\":[{\"@type\":\"ListItem\",\"position\":1,\"name\":\"Home\",\"item\":\"https:\\\/\\\/amrtop.net\\\/\"},{\"@type\":\"ListItem\",\"position\":2,\"name\":\"Register\"}]},{\"@type\":\"WebSite\",\"@id\":\"https:\\\/\\\/amrtop.net\\\/#website\",\"url\":\"https:\\\/\\\/amrtop.net\\\/\",\"name\":\"AMRTOP B2B \u00c9tranger - Achats r\u00e9serv\u00e9s au professionnel\",\"description\":\"Pi\u00e8ces de rechange et accessoires pour po\u00eales et chaudi\u00e8res - eCommerce B2B pour Clients Professionnels\",\"potentialAction\":[{\"@type\":\"SearchAction\",\"target\":{\"@type\":\"EntryPoint\",\"urlTemplate\":\"https:\\\/\\\/amrtop.net\\\/?s={search_term_string}\"},\"query-input\":{\"@type\":\"PropertyValueSpecification\",\"valueRequired\":true,\"valueName\":\"search_term_string\"}}],\"inLanguage\":\"de\"}]}<\/script>\n<!-- \/ Yoast SEO plugin. -->","yoast_head_json":{"title":"Register - AMRTOP B2B Ausland - Einkaufen nur f\u00fcr Gesch\u00e4ftsleute","robots":{"index":"index","follow":"follow","max-snippet":"max-snippet:-1","max-image-preview":"max-image-preview:large","max-video-preview":"max-video-preview:-1"},"canonical":"https:\/\/amrtop.net\/de\/register\/","og_locale":"de_DE","og_type":"article","og_title":"Register - AMRTOP B2B \u00c9tranger - Achats r\u00e9serv\u00e9s au professionnel","og_url":"https:\/\/amrtop.net\/de\/register\/","og_site_name":"AMRTOP B2B \u00c9tranger - Achats r\u00e9serv\u00e9s au professionnel","article_modified_time":"2023-07-01T09:09:48+00:00","twitter_card":"summary_large_image","twitter_misc":{"Gesch\u00e4tzte Lesezeit":"3\u00a0Minuten"},"schema":{"@context":"https:\/\/schema.org","@graph":[{"@type":"WebPage","@id":"https:\/\/amrtop.net\/inscription\/","url":"https:\/\/amrtop.net\/inscription\/","name":"Register - AMRTOP B2B Ausland - Einkaufen nur f\u00fcr Gesch\u00e4ftsleute","isPartOf":{"@id":"https:\/\/amrtop.net\/#website"},"datePublished":"2023-05-18T11:36:41+00:00","dateModified":"2023-07-01T09:09:48+00:00","breadcrumb":{"@id":"https:\/\/amrtop.net\/inscription\/#breadcrumb"},"inLanguage":"de","potentialAction":[{"@type":"ReadAction","target":["https:\/\/amrtop.net\/inscription\/"]}]},{"@type":"BreadcrumbList","@id":"https:\/\/amrtop.net\/inscription\/#breadcrumb","itemListElement":[{"@type":"ListItem","position":1,"name":"Home","item":"https:\/\/amrtop.net\/"},{"@type":"ListItem","position":2,"name":"Register"}]},{"@type":"WebSite","@id":"https:\/\/amrtop.net\/#website","url":"https:\/\/amrtop.net\/","name":"AMRTOP B2B Ausland - Einkaufen nur f\u00fcr Fachleute","description":"Ersatzteile und Zubeh\u00f6r f\u00fcr \u00d6fen und Heizkessel - B2B eCommerce f\u00fcr Gesch\u00e4ftskunden","potentialAction":[{"@type":"SearchAction","target":{"@type":"EntryPoint","urlTemplate":"https:\/\/amrtop.net\/?s={search_term_string}"},"query-input":{"@type":"PropertyValueSpecification","valueRequired":true,"valueName":"search_term_string"}}],"inLanguage":"de"}]}},"_links":{"self":[{"href":"https:\/\/amrtop.net\/de\/wp-json\/wp\/v2\/pages\/37454","targetHints":{"allow":["GET"]}}],"collection":[{"href":"https:\/\/amrtop.net\/de\/wp-json\/wp\/v2\/pages"}],"about":[{"href":"https:\/\/amrtop.net\/de\/wp-json\/wp\/v2\/types\/page"}],"author":[{"embeddable":true,"href":"https:\/\/amrtop.net\/de\/wp-json\/wp\/v2\/users\/1"}],"replies":[{"embeddable":true,"href":"https:\/\/amrtop.net\/de\/wp-json\/wp\/v2\/comments?post=37454"}],"version-history":[{"count":0,"href":"https:\/\/amrtop.net\/de\/wp-json\/wp\/v2\/pages\/37454\/revisions"}],"wp:attachment":[{"href":"https:\/\/amrtop.net\/de\/wp-json\/wp\/v2\/media?parent=37454"}],"curies":[{"name":"wp","href":"https:\/\/api.w.org\/{rel}","templated":true}]}}