{"id":7810,"date":"2021-08-12T13:45:49","date_gmt":"2021-08-12T13:45:49","guid":{"rendered":"https:\/\/amrtop.com\/B2B\/?page_id=7810"},"modified":"2023-05-26T13:08:14","modified_gmt":"2023-05-26T13:08:14","slug":"uber-uns","status":"publish","type":"page","link":"https:\/\/amrtop.net\/de\/a-propos-de-nous\/","title":{"rendered":"\u00dcber uns"},"content":{"rendered":"<div id='full_slider_1'  class='avia-fullwidth-slider main_color avia-shadow   avia-builder-el-0  el_before_av_section  avia-builder-el-first   container_wrap fullsize'  >\n<style type=\"text\/css\" data-created_by=\"avia_inline_auto\" id=\"style-css-av-f6a0pe-1e39700768c0352c4eadc8862251dcd3\">\n#top #wrap_all .avia-slideshow .av-slideshow-caption.av-f6a0pe-1e39700768c0352c4eadc8862251dcd3__0 .avia-caption-title{\nfont-size:48px;\n}\n#top .avia-slideshow .av-slideshow-caption.av-f6a0pe-1e39700768c0352c4eadc8862251dcd3__0 .avia-caption-content{\nfont-size:32px;\n}\n#top .avia-slideshow .av-slideshow-caption.av-f6a0pe-1e39700768c0352c4eadc8862251dcd3__0 .avia-caption-content p{\nfont-size:32px;\n}\n\n@media only screen and (min-width: 768px) and (max-width: 989px){ \n#top #wrap_all .avia-slideshow .av-slideshow-caption.av-f6a0pe-1e39700768c0352c4eadc8862251dcd3__0 .avia-caption-title{\nfont-size:36px;\n}\n#top .avia-slideshow .av-slideshow-caption.av-f6a0pe-1e39700768c0352c4eadc8862251dcd3__0 .avia-caption-content{\nfont-size:24px;\n}\n#top .avia-slideshow .av-slideshow-caption.av-f6a0pe-1e39700768c0352c4eadc8862251dcd3__0 .avia-caption-content p{\nfont-size:24px;\n}\n}\n\n@media only screen and (min-width: 480px) and (max-width: 767px){ \n#top #wrap_all .avia-slideshow .av-slideshow-caption.av-f6a0pe-1e39700768c0352c4eadc8862251dcd3__0 .avia-caption-title{\nfont-size:24px;\n}\n#top .avia-slideshow .av-slideshow-caption.av-f6a0pe-1e39700768c0352c4eadc8862251dcd3__0 .avia-caption-content{\nfont-size:16px;\n}\n#top .avia-slideshow .av-slideshow-caption.av-f6a0pe-1e39700768c0352c4eadc8862251dcd3__0 .avia-caption-content p{\nfont-size:16px;\n}\n}\n\n@media only screen and (max-width: 479px){ \n#top #wrap_all .avia-slideshow .av-slideshow-caption.av-f6a0pe-1e39700768c0352c4eadc8862251dcd3__0 .avia-caption-title{\nfont-size:18px;\n}\n#top .avia-slideshow .av-slideshow-caption.av-f6a0pe-1e39700768c0352c4eadc8862251dcd3__0 .avia-caption-content{\nfont-size:12px;\n}\n#top .avia-slideshow .av-slideshow-caption.av-f6a0pe-1e39700768c0352c4eadc8862251dcd3__0 .avia-caption-content p{\nfont-size:12px;\n}\n}\n#top #wrap_all .avia-slideshow .av-slideshow-caption.av-f6a0pe-1e39700768c0352c4eadc8862251dcd3__1 .avia-caption-title{\nfont-size:48px;\n}\n#top .avia-slideshow .av-slideshow-caption.av-f6a0pe-1e39700768c0352c4eadc8862251dcd3__1 .avia-caption-content{\nfont-size:32px;\n}\n#top .avia-slideshow .av-slideshow-caption.av-f6a0pe-1e39700768c0352c4eadc8862251dcd3__1 .avia-caption-content p{\nfont-size:32px;\n}\n\n@media only screen and (min-width: 768px) and (max-width: 989px){ \n#top #wrap_all .avia-slideshow .av-slideshow-caption.av-f6a0pe-1e39700768c0352c4eadc8862251dcd3__1 .avia-caption-title{\nfont-size:36px;\n}\n#top .avia-slideshow .av-slideshow-caption.av-f6a0pe-1e39700768c0352c4eadc8862251dcd3__1 .avia-caption-content{\nfont-size:24px;\n}\n#top .avia-slideshow .av-slideshow-caption.av-f6a0pe-1e39700768c0352c4eadc8862251dcd3__1 .avia-caption-content p{\nfont-size:24px;\n}\n}\n\n@media only screen and (min-width: 480px) and (max-width: 767px){ \n#top #wrap_all .avia-slideshow .av-slideshow-caption.av-f6a0pe-1e39700768c0352c4eadc8862251dcd3__1 .avia-caption-title{\nfont-size:24px;\n}\n#top .avia-slideshow .av-slideshow-caption.av-f6a0pe-1e39700768c0352c4eadc8862251dcd3__1 .avia-caption-content{\nfont-size:16px;\n}\n#top .avia-slideshow .av-slideshow-caption.av-f6a0pe-1e39700768c0352c4eadc8862251dcd3__1 .avia-caption-content p{\nfont-size:16px;\n}\n}\n\n@media only screen and (max-width: 479px){ \n#top #wrap_all .avia-slideshow .av-slideshow-caption.av-f6a0pe-1e39700768c0352c4eadc8862251dcd3__1 .avia-caption-title{\nfont-size:18px;\n}\n#top .avia-slideshow .av-slideshow-caption.av-f6a0pe-1e39700768c0352c4eadc8862251dcd3__1 .avia-caption-content{\nfont-size:12px;\n}\n#top .avia-slideshow .av-slideshow-caption.av-f6a0pe-1e39700768c0352c4eadc8862251dcd3__1 .avia-caption-content p{\nfont-size:12px;\n}\n}\n<\/style>\n<div  class='avia-slideshow av-f6a0pe-1e39700768c0352c4eadc8862251dcd3 avia-slideshow-no scaling av_slideshow_full avia-fade-slider av-slideshow-ui av-control-hidden av-no-slider-navigation av-hide-nav-arrows av-slideshow-autoplay av-loop-endless av-loop-manual-endless av-default-height-applied   avia-slideshow-1' data-slideshow-options=\"{&quot;animation&quot;:&quot;fade&quot;,&quot;autoplay&quot;:true,&quot;loop_autoplay&quot;:&quot;endless&quot;,&quot;interval&quot;:4,&quot;loop_manual&quot;:&quot;manual-endless&quot;,&quot;autoplay_stopper&quot;:false,&quot;noNavigation&quot;:true,&quot;bg_slider&quot;:false,&quot;keep_padding&quot;:false,&quot;hoverpause&quot;:false,&quot;show_slide_delay&quot;:0}\"  itemprop=\"image\" itemscope=\"itemscope\" itemtype=\"https:\/\/schema.org\/ImageObject\" ><ul class='avia-slideshow-inner' style='padding-bottom: 33.333333333333%;'><li  class='avia-slideshow-slide av-f6a0pe-1e39700768c0352c4eadc8862251dcd3__0  slide-1 slide-odd'><div data-rel='slideshow-1' class='avia-slide-wrap'   ><div class='av-slideshow-caption av-f6a0pe-1e39700768c0352c4eadc8862251dcd3__0 caption_fullwidth caption_bottom'><div class=\"container caption_container\"><div class=\"slideshow_caption\"><div class=\"slideshow_inner_caption\"><div class=\"slideshow_align_caption\"><h2 class='avia-caption-title'  itemprop=\"name\" >AMR TOP<\/h2><div class='avia-caption-content'  itemprop=\"description\" ><p>Ein Team, das immer f\u00fcr Sie da ist<\/p>\n<\/div><\/div><\/div><\/div><\/div><\/div><img decoding=\"async\" loading=\"lazy\" class=\"wp-image-7816 avia-img-lazy-loading-7816\"  src=\"https:\/\/amrtop.net\/wp-content\/uploads\/2021\/08\/image-7.jpeg\" width=\"2100\" height=\"700\" title='Slider chi siamo - negozio 1' alt=''  itemprop=\"thumbnailUrl\" srcset=\"https:\/\/amrtop.net\/wp-content\/uploads\/2021\/08\/image-7.jpeg 2100w, https:\/\/amrtop.net\/wp-content\/uploads\/2021\/08\/image-7-1280x427.jpeg 1280w, https:\/\/amrtop.net\/wp-content\/uploads\/2021\/08\/image-7-300x100.jpeg 300w, https:\/\/amrtop.net\/wp-content\/uploads\/2021\/08\/image-7-1030x343.jpeg 1030w, https:\/\/amrtop.net\/wp-content\/uploads\/2021\/08\/image-7-768x256.jpeg 768w, https:\/\/amrtop.net\/wp-content\/uploads\/2021\/08\/image-7-1536x512.jpeg 1536w, https:\/\/amrtop.net\/wp-content\/uploads\/2021\/08\/image-7-2048x683.jpeg 2048w, https:\/\/amrtop.net\/wp-content\/uploads\/2021\/08\/image-7-1500x500.jpeg 1500w, https:\/\/amrtop.net\/wp-content\/uploads\/2021\/08\/image-7-705x235.jpeg 705w\" sizes=\"auto, (max-width: 2100px) 100vw, 2100px\" \/><\/div><\/li><li  class='avia-slideshow-slide av-f6a0pe-1e39700768c0352c4eadc8862251dcd3__1  slide-2 slide-even'><div data-rel='slideshow-1' class='avia-slide-wrap'   ><div class='av-slideshow-caption av-f6a0pe-1e39700768c0352c4eadc8862251dcd3__1 caption_fullwidth caption_bottom'><div class=\"container caption_container\"><div class=\"slideshow_caption\"><div class=\"slideshow_inner_caption\"><div class=\"slideshow_align_caption\"><h2 class='avia-caption-title'  itemprop=\"name\" >AMR TOP<\/h2><div class='avia-caption-content'  itemprop=\"description\" ><p>Ein Team, das immer f\u00fcr Sie da ist<\/p>\n<\/div><\/div><\/div><\/div><\/div><\/div><img decoding=\"async\" loading=\"lazy\" class=\"wp-image-7818 avia-img-lazy-loading-7818\"  src=\"https:\/\/amrtop.net\/wp-content\/uploads\/2021\/08\/image-9.jpeg\" width=\"2100\" height=\"700\" title='Bild' alt=''  itemprop=\"thumbnailUrl\" srcset=\"https:\/\/amrtop.net\/wp-content\/uploads\/2021\/08\/image-9.jpeg 2100w, https:\/\/amrtop.net\/wp-content\/uploads\/2021\/08\/image-9-1280x427.jpeg 1280w, https:\/\/amrtop.net\/wp-content\/uploads\/2021\/08\/image-9-300x100.jpeg 300w, https:\/\/amrtop.net\/wp-content\/uploads\/2021\/08\/image-9-1030x343.jpeg 1030w, https:\/\/amrtop.net\/wp-content\/uploads\/2021\/08\/image-9-768x256.jpeg 768w, https:\/\/amrtop.net\/wp-content\/uploads\/2021\/08\/image-9-1536x512.jpeg 1536w, https:\/\/amrtop.net\/wp-content\/uploads\/2021\/08\/image-9-2048x683.jpeg 2048w, https:\/\/amrtop.net\/wp-content\/uploads\/2021\/08\/image-9-1500x500.jpeg 1500w, https:\/\/amrtop.net\/wp-content\/uploads\/2021\/08\/image-9-705x235.jpeg 705w\" sizes=\"auto, (max-width: 2100px) 100vw, 2100px\" \/><\/div><\/li><\/ul><div class='avia-slideshow-arrows avia-slideshow-controls' ><a href='#prev' class='prev-slide  avia-svg-icon avia-font-svg_entypo-fontello' data-av_svg_icon='left-open-big' data-av_iconset='svg_entypo-fontello' tabindex='-1' title=\"Zur\u00fcck\"><svg version=\"1.1\" xmlns=\"http:\/\/www.w3.org\/2000\/svg\" width=\"15\" height=\"32\" viewbox=\"0 0 15 32\" preserveaspectratio=\"xMidYMid meet\" aria-labelledby='av-svg-title-1' aria-describedby='av-svg-desc-1' role=\"graphics-symbol\" aria-hidden=\"true\">\n<title id='av-svg-title-1'>Zur\u00fcck<\/title>\n<desc id='av-svg-desc-1'>Zur\u00fcck<\/desc>\n<path d=\"M14.464 27.84q0.832 0.832 0 1.536-0.832 0.832-1.536 0l-12.544-12.608q-0.768-0.768 0-1.6l12.544-12.608q0.704-0.832 1.536 0 0.832 0.704 0 1.536l-11.456 11.904z\"><\/path>\n<\/svg><span class='avia_hidden_link_text'>Zur\u00fcck<\/span><\/a><a href='#next' class='next-slide  avia-svg-icon avia-font-svg_entypo-fontello' data-av_svg_icon='right-open-big' data-av_iconset='svg_entypo-fontello' tabindex='-1' title=\"Weiter\"><svg version=\"1.1\" xmlns=\"http:\/\/www.w3.org\/2000\/svg\" width=\"15\" height=\"32\" viewbox=\"0 0 15 32\" preserveaspectratio=\"xMidYMid meet\" aria-labelledby='av-svg-title-2' aria-describedby='av-svg-desc-2' role=\"graphics-symbol\" aria-hidden=\"true\">\n<title id='av-svg-title-2'>Weiter<\/title>\n<desc id='av-svg-desc-2'>Weiter<\/desc>\n<path d=\"M0.416 27.84l11.456-11.84-11.456-11.904q-0.832-0.832 0-1.536 0.832-0.832 1.536 0l12.544 12.608q0.768 0.832 0 1.6l-12.544 12.608q-0.704 0.832-1.536 0-0.832-0.704 0-1.536z\"><\/path>\n<\/svg><span class='avia_hidden_link_text'>Weiter<\/span><\/a><\/div><\/div><\/div>\n\n<style type=\"text\/css\" data-created_by=\"avia_inline_auto\" id=\"style-css-av-e50hya-10226b4a3a95200b813a4d2f6a6ca1f3\">\n.avia-section.av-e50hya-10226b4a3a95200b813a4d2f6a6ca1f3{\nbackground-repeat:no-repeat;\nbackground-image:url(https:\/\/amrtop.net\/wp-content\/uploads\/2023\/05\/w-AMRTOP-LOGO-2A.jpg);\nbackground-position:50% 50%;\nbackground-attachment:fixed;\n}\n.avia-section.av-e50hya-10226b4a3a95200b813a4d2f6a6ca1f3 .av-section-color-overlay{\nopacity:0.9;\nbackground-color:#ffffff;\n}\n<\/style>\n<div id='av_section_1'  class='avia-section av-e50hya-10226b4a3a95200b813a4d2f6a6ca1f3 main_color avia-section-default avia-no-border-styling  avia-builder-el-1  el_after_av_slideshow_full  el_before_av_textblock  avia-bg-style-fixed av-section-color-overlay-active container_wrap fullsize'  data-section-bg-repeat='no-repeat'><div class=\"av-section-color-overlay-wrap\"><div class=\"av-section-color-overlay\"><\/div><div class='container av-section-cont-open' ><div class='template-page content  av-content-full alpha units'><div class='post-entry post-entry-type-page post-entry-7810'><div class='entry-content-wrapper clearfix'>\n<section  class='av_textblock_section av-bwmrki-ef57fd7f166707a5d9e9fb3ee79fbc87'   itemscope=\"itemscope\" itemtype=\"https:\/\/schema.org\/CreativeWork\" ><div class='avia_textblock'  itemprop=\"text\" ><h1>\u00dcBER UNS<\/h1>\n<p>AMR TOP ist eine dynamische, mehrsprachige Handelsagentur, die seit Jahren erfolgreich in Italien und Europa im Bereich der zivilen und industriellen Heizung t\u00e4tig ist, insbesondere im Hinblick auf Ersatzteile, Zubeh\u00f6r und technische Unterst\u00fctzung.<\/p>\n<p>Unsere MISSION ist es, Erfahrung mit der Qualit\u00e4t von Produkten und Dienstleistungen zur Zufriedenheit unserer Kunden zu kombinieren.<\/p>\n<h2>UNSERE ST\u00c4RKEN<\/h2>\n<p>Hier sind die f\u00fcnf Punkte, die unserem t\u00e4glichen Engagement f\u00fcr Spitzenleistungen entsprechen.<\/p>\n<h3>Erfahrung<\/h3>\n<p>Dank der ERFAHRUNG und Professionalit\u00e4t, die seine Mitarbeiter in \u00fcber drei\u00dfig Jahren Gesch\u00e4ftst\u00e4tigkeit erworben haben, positioniert es sich heute auf dem kontinentalen Markt als f\u00fchrendes Unternehmen f\u00fcr die Lieferung moderner und hochtechnologischer Produkte, insbesondere f\u00fcr alle Ersatzteile f\u00fcr Biomasseheizger\u00e4te und Rauchabz\u00fcge aus rostfreiem Stahl, die angeboten werden, indem innovative L\u00f6sungen garantiert werden, die zun\u00e4chst den Verkauf f\u00f6rdern und dann die Verwaltung vereinfachen.<\/p>\n<h3>Exzellenz<\/h3>\n<p>AUSGEZEICHNETE Beratung und Service vor und nach dem Kauf, die den Kunden angeboten werden und von hochqualifizierten und regelm\u00e4\u00dfig geschulten Mitarbeitern geleitet werden, die immer in der Lage sind, die besten Antworten auf jede Art von Bedarf oder Problem zu geben.<\/p>\n<h3>Reaktivit\u00e4t<\/h3>\n<p>REAKTIVIT\u00c4T dr\u00fcckt sich vor allem in der schnellen Ausf\u00fchrung von Bestellungen und der prompten Beratung und Unterst\u00fctzung direkt und aus der Ferne aus. Der Einsatz aller Technologien (Chat-Leitung, Videokonferenzen, Newsletter usw.) erm\u00f6glicht nicht nur die schnelle und klare \u00dcbermittlung spezifischer, vom Kunden angeforderter Informationen, sondern auch den st\u00e4ndigen Kontakt mit dem Kunden und den Aufbau einer gewinnbringenden Beziehung des Austauschs und der Interaktion, dank derer Inhalte, tiefgehende Analysen oder jeder n\u00fctzliche Hinweis zur Orientierung und Aktualisierung der Nutzer leichter \u00fcbermittelt werden k\u00f6nnen.<\/p>\n<h3>Zuverl\u00e4ssigkeit<\/h3>\n<p>Der hohe Grad an ZUVERL\u00c4SSIGKEIT, den das Unternehmen in technischer, logistischer und organisatorischer Hinsicht erreicht hat, wird durch die hohe Zufriedenheit best\u00e4tigt, die von einer konsolidierten und sehr treuen Kundschaft dank einer klugen Marketingpolitik zur Kundenbindung zum Ausdruck gebracht wird, durch die Erlangung bedeutender neuer Marktanteile und durch das Vertrauen, das von wichtigen Branchenteilnehmern und angesehenen Partnern entgegengebracht wird, die AMR TOP im europ\u00e4ischen Bereich als eine der zuverl\u00e4ssigsten und sichersten Marken des gesamten Produktsektors betrachten.<\/p>\n<h3>Sortiment<\/h3>\n<p>Wir bieten eine breite PALETTE an Qualit\u00e4tsPRODUKTEN an, was sich in unserem umfangreichen Katalog widerspiegelt, in dem Sie alles finden, was Sie brauchen. <br class=\"avia-permanent-lb\" \/><br class=\"avia-permanent-lb\" \/><\/p>\n<\/div><\/section>\n<\/div><\/div><\/div><!-- close content main div --><\/div><\/div><\/div><div id='after_section_1'  class='main_color av_default_container_wrap container_wrap fullsize'  ><div class='container av-section-cont-open' ><div class='template-page content  av-content-full alpha units'><div class='post-entry post-entry-type-page post-entry-7810'><div class='entry-content-wrapper clearfix'><section  class='av_textblock_section av-lu4s2-cd3504422857c27f6f30d17e8ecf84ce'   itemscope=\"itemscope\" itemtype=\"https:\/\/schema.org\/CreativeWork\" ><div class='avia_textblock'  itemprop=\"text\" ><h3 style=\"text-align: center;\">DAS ZEUGNIS<\/h3>\n<\/div><\/section><\/p>\n\n<style type=\"text\/css\" data-created_by=\"avia_inline_auto\" id=\"style-css-av-3xdrc2-1af0f34c66189cc0ca5753b3c8e71a08\">\n.avia-progress-bar-container.av-3xdrc2-1af0f34c66189cc0ca5753b3c8e71a08 .progress{\nheight:2px;\n}\n<\/style>\n\n<style type=\"text\/css\" data-created_by=\"avia_inline_auto\" id=\"style-css-sub-av-3xdrc2-1af0f34c66189cc0ca5753b3c8e71a08\">\n#top .avia-progress-bar-container .avia-progress-bar.av-2y5r6q-8c191910e6b2ea849e347e9297f185d5 .bar{\nwidth:90%;\n}\n#top .avia-progress-bar-container .avia-progress-bar.av-ks8z6byr-54fafba107eaed73a160a675e1af06cb .bar{\nwidth:82%;\n}\n#top .avia-progress-bar-container .avia-progress-bar.av-ks8z6qya-25232377a08ca000372d6a3a3f8a2a7b .bar{\nwidth:90%;\n}\n#top .avia-progress-bar-container .avia-progress-bar.av-ks8z73iq-e18250670254d2d886008145d7ff38da .bar{\nwidth:90%;\n}\n#top .avia-progress-bar-container .avia-progress-bar.av-ks8z7i7f-4dfc06471015410e3e90185c76351805 .bar{\nwidth:94%;\n}\n<\/style>\n<div  class='avia-progress-bar-container av-3xdrc2-1af0f34c66189cc0ca5753b3c8e71a08 av-striped-bar av-animated-bar av-small-bar avia_animate_when_almost_visible  avia-builder-el-4  el_after_av_textblock  el_before_av_social_share'><div class='avia-progress-bar av-2y5r6q-8c191910e6b2ea849e347e9297f185d5 icon-bar-no theme-color-bar theme-color-bar icon-bar-no'><div class=\"progressbar-title-wrap\"><div class=\"progressbar-icon\"><span class='progressbar-char avia-iconfont avia-font-entypo-fontello' data-av_icon='' data-av_iconfont='entypo-fontello' ><\/span><\/div><div class='progressbar-title'><\/p>\n<h2>ERFAHRUNG<\/h2>\n<p><\/div><\/div><div class=\"progress\"><div class=\"bar-outer\"><div class='bar' data-progress='90'><\/div><\/div><\/div><\/div><div class='avia-progress-bar av-ks8z6byr-54fafba107eaed73a160a675e1af06cb icon-bar-no theme-color-bar theme-color-bar icon-bar-no'><div class=\"progressbar-title-wrap\"><div class=\"progressbar-icon\"><span class='progressbar-char avia-iconfont avia-font-entypo-fontello' data-av_icon='\ue800' data-av_iconfont='entypo-fontello' ><\/span><\/div><div class='progressbar-title'><\/p>\n<h2>EXCELLENCE<\/h2>\n<p><\/div><\/div><div class=\"progress\"><div class=\"bar-outer\"><div class='bar' data-progress='82'><\/div><\/div><\/div><\/div><div class='avia-progress-bar av-ks8z6qya-25232377a08ca000372d6a3a3f8a2a7b icon-bar-no theme-color-bar theme-color-bar icon-bar-no'><div class=\"progressbar-title-wrap\"><div class=\"progressbar-icon\"><span class='progressbar-char avia-iconfont avia-font-entypo-fontello' data-av_icon='\ue800' data-av_iconfont='entypo-fontello' ><\/span><\/div><div class='progressbar-title'><\/p>\n<h2>REAKTIVIT\u00c4T<\/h2>\n<p><\/div><\/div><div class=\"progress\"><div class=\"bar-outer\"><div class='bar' data-progress='90'><\/div><\/div><\/div><\/div><div class='avia-progress-bar av-ks8z73iq-e18250670254d2d886008145d7ff38da icon-bar-no theme-color-bar theme-color-bar icon-bar-no'><div class=\"progressbar-title-wrap\"><div class=\"progressbar-icon\"><span class='progressbar-char avia-iconfont avia-font-entypo-fontello' data-av_icon='\ue800' data-av_iconfont='entypo-fontello' ><\/span><\/div><div class='progressbar-title'><\/p>\n<h2>ZUVERL\u00c4SSIGKEIT<\/h2>\n<p><\/div><\/div><div class=\"progress\"><div class=\"bar-outer\"><div class='bar' data-progress='90'><\/div><\/div><\/div><\/div><div class='avia-progress-bar av-ks8z7i7f-4dfc06471015410e3e90185c76351805 icon-bar-no theme-color-bar theme-color-bar icon-bar-no'><div class=\"progressbar-title-wrap\"><div class=\"progressbar-icon\"><span class='progressbar-char avia-iconfont avia-font-entypo-fontello' data-av_icon='\ue800' data-av_iconfont='entypo-fontello' ><\/span><\/div><div class='progressbar-title'><\/p>\n<h2>PRODUKTANGEBOT<\/h2>\n<p><\/div><\/div><div class=\"progress\"><div class=\"bar-outer\"><div class='bar' data-progress='94'><\/div><\/div><\/div><\/div><\/div>\n<div  class='av-social-sharing-box av-ks8zpkpe-f8cb63da5a4cfb97407f89ff8ba26580 av-social-sharing-box-icon-simple  avia-builder-el-5  el_after_av_progress  avia-builder-el-last  av-social-sharing-box-same-width av-social-sharing-center'><\/div>","protected":false},"excerpt":{"rendered":"","protected":false},"author":1,"featured_media":0,"parent":0,"menu_order":0,"comment_status":"closed","ping_status":"closed","template":"","meta":{"footnotes":""},"class_list":["post-7810","page","type-page","status-publish","hentry"],"yoast_head":"<!-- This site is optimized with the Yoast SEO plugin v27.4 - https:\/\/yoast.com\/product\/yoast-seo-wordpress\/ -->\n<title>A propos de nous - AMRTOP B2B \u00c9tranger - Achats r\u00e9serv\u00e9s au professionnel<\/title>\n<meta name=\"robots\" content=\"index, follow, max-snippet:-1, max-image-preview:large, max-video-preview:-1\" \/>\n<link rel=\"canonical\" href=\"https:\/\/amrtop.net\/de\/uber-uns\/\" \/>\n<meta property=\"og:locale\" content=\"de_DE\" \/>\n<meta property=\"og:type\" content=\"article\" \/>\n<meta property=\"og:title\" content=\"A propos de nous - AMRTOP B2B \u00c9tranger - Achats r\u00e9serv\u00e9s au professionnel\" \/>\n<meta property=\"og:url\" content=\"https:\/\/amrtop.net\/de\/uber-uns\/\" \/>\n<meta property=\"og:site_name\" content=\"AMRTOP B2B \u00c9tranger - Achats r\u00e9serv\u00e9s au professionnel\" \/>\n<meta property=\"article:modified_time\" content=\"2023-05-26T13:08:14+00:00\" \/>\n<meta name=\"twitter:card\" content=\"summary_large_image\" \/>\n<meta name=\"twitter:label1\" content=\"Gesch\u00e4tzte Lesezeit\" \/>\n\t<meta name=\"twitter:data1\" content=\"9\u00a0Minuten\" \/>\n<script type=\"application\/ld+json\" class=\"yoast-schema-graph\">{\"@context\":\"https:\\\/\\\/schema.org\",\"@graph\":[{\"@type\":\"WebPage\",\"@id\":\"https:\\\/\\\/amrtop.net\\\/a-propos-de-nous\\\/\",\"url\":\"https:\\\/\\\/amrtop.net\\\/a-propos-de-nous\\\/\",\"name\":\"A propos de nous - AMRTOP B2B \u00c9tranger - Achats r\u00e9serv\u00e9s au professionnel\",\"isPartOf\":{\"@id\":\"https:\\\/\\\/amrtop.net\\\/#website\"},\"datePublished\":\"2021-08-12T13:45:49+00:00\",\"dateModified\":\"2023-05-26T13:08:14+00:00\",\"breadcrumb\":{\"@id\":\"https:\\\/\\\/amrtop.net\\\/a-propos-de-nous\\\/#breadcrumb\"},\"inLanguage\":\"de\",\"potentialAction\":[{\"@type\":\"ReadAction\",\"target\":[\"https:\\\/\\\/amrtop.net\\\/a-propos-de-nous\\\/\"]}]},{\"@type\":\"BreadcrumbList\",\"@id\":\"https:\\\/\\\/amrtop.net\\\/a-propos-de-nous\\\/#breadcrumb\",\"itemListElement\":[{\"@type\":\"ListItem\",\"position\":1,\"name\":\"Home\",\"item\":\"https:\\\/\\\/amrtop.net\\\/\"},{\"@type\":\"ListItem\",\"position\":2,\"name\":\"A propos de nous\"}]},{\"@type\":\"WebSite\",\"@id\":\"https:\\\/\\\/amrtop.net\\\/#website\",\"url\":\"https:\\\/\\\/amrtop.net\\\/\",\"name\":\"AMRTOP B2B \u00c9tranger - Achats r\u00e9serv\u00e9s au professionnel\",\"description\":\"Pi\u00e8ces de rechange et accessoires pour po\u00eales et chaudi\u00e8res - eCommerce B2B pour Clients Professionnels\",\"potentialAction\":[{\"@type\":\"SearchAction\",\"target\":{\"@type\":\"EntryPoint\",\"urlTemplate\":\"https:\\\/\\\/amrtop.net\\\/?s={search_term_string}\"},\"query-input\":{\"@type\":\"PropertyValueSpecification\",\"valueRequired\":true,\"valueName\":\"search_term_string\"}}],\"inLanguage\":\"de\"}]}<\/script>\n<!-- \/ Yoast SEO plugin. -->","yoast_head_json":{"title":"\u00dcber uns - AMRTOP B2B Ausland - Einkaufen nur f\u00fcr Gesch\u00e4ftsleute","robots":{"index":"index","follow":"follow","max-snippet":"max-snippet:-1","max-image-preview":"max-image-preview:large","max-video-preview":"max-video-preview:-1"},"canonical":"https:\/\/amrtop.net\/de\/uber-uns\/","og_locale":"de_DE","og_type":"article","og_title":"A propos de nous - AMRTOP B2B \u00c9tranger - Achats r\u00e9serv\u00e9s au professionnel","og_url":"https:\/\/amrtop.net\/de\/uber-uns\/","og_site_name":"AMRTOP B2B \u00c9tranger - Achats r\u00e9serv\u00e9s au professionnel","article_modified_time":"2023-05-26T13:08:14+00:00","twitter_card":"summary_large_image","twitter_misc":{"Gesch\u00e4tzte Lesezeit":"9\u00a0Minuten"},"schema":{"@context":"https:\/\/schema.org","@graph":[{"@type":"WebPage","@id":"https:\/\/amrtop.net\/a-propos-de-nous\/","url":"https:\/\/amrtop.net\/a-propos-de-nous\/","name":"\u00dcber uns - AMRTOP B2B Ausland - Einkaufen nur f\u00fcr Gesch\u00e4ftsleute","isPartOf":{"@id":"https:\/\/amrtop.net\/#website"},"datePublished":"2021-08-12T13:45:49+00:00","dateModified":"2023-05-26T13:08:14+00:00","breadcrumb":{"@id":"https:\/\/amrtop.net\/a-propos-de-nous\/#breadcrumb"},"inLanguage":"de","potentialAction":[{"@type":"ReadAction","target":["https:\/\/amrtop.net\/a-propos-de-nous\/"]}]},{"@type":"BreadcrumbList","@id":"https:\/\/amrtop.net\/a-propos-de-nous\/#breadcrumb","itemListElement":[{"@type":"ListItem","position":1,"name":"Home","item":"https:\/\/amrtop.net\/"},{"@type":"ListItem","position":2,"name":"A propos de nous"}]},{"@type":"WebSite","@id":"https:\/\/amrtop.net\/#website","url":"https:\/\/amrtop.net\/","name":"AMRTOP B2B Ausland - Einkaufen nur f\u00fcr Fachleute","description":"Ersatzteile und Zubeh\u00f6r f\u00fcr \u00d6fen und Heizkessel - B2B eCommerce f\u00fcr Gesch\u00e4ftskunden","potentialAction":[{"@type":"SearchAction","target":{"@type":"EntryPoint","urlTemplate":"https:\/\/amrtop.net\/?s={search_term_string}"},"query-input":{"@type":"PropertyValueSpecification","valueRequired":true,"valueName":"search_term_string"}}],"inLanguage":"de"}]}},"_links":{"self":[{"href":"https:\/\/amrtop.net\/de\/wp-json\/wp\/v2\/pages\/7810","targetHints":{"allow":["GET"]}}],"collection":[{"href":"https:\/\/amrtop.net\/de\/wp-json\/wp\/v2\/pages"}],"about":[{"href":"https:\/\/amrtop.net\/de\/wp-json\/wp\/v2\/types\/page"}],"author":[{"embeddable":true,"href":"https:\/\/amrtop.net\/de\/wp-json\/wp\/v2\/users\/1"}],"replies":[{"embeddable":true,"href":"https:\/\/amrtop.net\/de\/wp-json\/wp\/v2\/comments?post=7810"}],"version-history":[{"count":0,"href":"https:\/\/amrtop.net\/de\/wp-json\/wp\/v2\/pages\/7810\/revisions"}],"wp:attachment":[{"href":"https:\/\/amrtop.net\/de\/wp-json\/wp\/v2\/media?parent=7810"}],"curies":[{"name":"wp","href":"https:\/\/api.w.org\/{rel}","templated":true}]}}