{"id":17520,"date":"2020-10-01T00:00:00","date_gmt":"2020-10-01T00:00:00","guid":{"rendered":"https:\/\/amrtop.com\/B2B\/?post_type=product&#038;p=17520"},"modified":"2021-11-18T17:04:12","modified_gmt":"2021-11-18T17:04:12","slug":"electronic-card-kausiflam-minerawindquadraambracod-a12-00005-001","status":"publish","type":"product","link":"https:\/\/amrtop.net\/de\/produit\/carte-electronique-kausiflam-minerawindquadraambracod-a12-00005-001\/","title":{"rendered":"Programmierte elektronische Karte f\u00fcr Pelletofen Kausiflam <br> code.A12 00005-001"},"content":{"rendered":"<hr \/>\n<h2> Programmierte elektronische Karte f\u00fcr Pelletofen Kausiflam <\/h2>\n<p>code.A12 00005-001<\/p>\n<p>F\u00fcr die Modelle der Kausiflam Pellet\u00f6fen: Quadra, Onyx, Minera, Wind, Ambra<\/p>\n<hr \/>\n<p>Amrtop arbeitet direkt mit den wichtigsten Herstellern von Lead Electronics in Europa zusammen.<br \/>\nUnsere elektronischen Karten oder Stecker werden bereits programmiert geliefert, sodass sie sofort einsatzbereit sind.<br \/>\nWir haben \u00fcber 2000 Referenzen an Zubeh\u00f6r und Komponenten f\u00fcr Kausiflam-Pellet\u00f6fen und -Kessel.<br \/>\nIn unserem E-Commerce finden Sie alle wichtigen Teile immer auf Lager.<br \/>\nWir k\u00f6nnen Ihnen \u00e4sthetische Au\u00dfenteile und Tischlerarbeiten mit einer Lieferzeit von 30 bis 60 Werktagen anbieten.<br \/>\nDie Mitarbeiter von Amrtop wurden sorgf\u00e4ltig geschult, um Ihnen bei der Identifizierung von eventuell zu ersetzenden Ersatzteilen zu helfen, indem sie telefonische Unterst\u00fctzung in Franz\u00f6sisch, Englisch, Rum\u00e4nisch und Italienisch anbieten.<br \/>\nZ\u00f6gern Sie nicht, uns f\u00fcr Informationen zu kontaktieren<\/p>","protected":false},"excerpt":{"rendered":"<hr \/>\n<h2><font color=\"77a464\">Verf\u00fcgbar<\/font><\/h2>","protected":false},"featured_media":19572,"comment_status":"open","ping_status":"closed","template":"","meta":[],"product_brand":[],"product_cat":[1233,1232,1234,1235,940,1236,1237],"product_tag":[1345],"class_list":{"0":"post-17520","1":"product","2":"type-product","3":"status-publish","4":"has-post-thumbnail","6":"product_cat-ambre","7":"product_cat-kausiflam","8":"product_cat-minera-kausiflam","9":"product_cat-onyx-kausiflam","10":"product_cat-pieces-detachees-specifiques-par-marque","11":"product_cat-quadra-kausiflam","12":"product_cat-wind-kausiflam","13":"product_tag-kausiflam","14":"product_shipping_class-classe-di-spedizione-01","16":"first","17":"instock","18":"shipping-taxable","19":"purchasable","20":"product-type-simple"},"yoast_head":"<!-- This site is optimized with the Yoast SEO plugin v27.4 - https:\/\/yoast.com\/product\/yoast-seo-wordpress\/ -->\n<title>Carte \u00e9lectronique programm\u00e9e pour po\u00eale \u00e0 granul\u00e9s Kausiflam  code.A12 00005-001 - AMRTOP B2B \u00c9tranger - Achats r\u00e9serv\u00e9s au professionnel<\/title>\n<meta name=\"robots\" content=\"index, follow, max-snippet:-1, max-image-preview:large, max-video-preview:-1\" \/>\n<link rel=\"canonical\" href=\"https:\/\/amrtop.net\/de\/produkt\/electronic-card-kausiflam-minerawindquadraambracod-a12-00005-001\/\" \/>\n<meta property=\"og:locale\" content=\"de_DE\" \/>\n<meta property=\"og:type\" content=\"article\" \/>\n<meta property=\"og:title\" content=\"Carte \u00e9lectronique programm\u00e9e pour po\u00eale \u00e0 granul\u00e9s Kausiflam  code.A12 00005-001 - AMRTOP B2B \u00c9tranger - Achats r\u00e9serv\u00e9s au professionnel\" \/>\n<meta property=\"og:description\" content=\"Disponible\" \/>\n<meta property=\"og:url\" content=\"https:\/\/amrtop.net\/de\/produkt\/electronic-card-kausiflam-minerawindquadraambracod-a12-00005-001\/\" \/>\n<meta property=\"og:site_name\" content=\"AMRTOP B2B \u00c9tranger - Achats r\u00e9serv\u00e9s au professionnel\" \/>\n<meta property=\"article:modified_time\" content=\"2021-11-18T17:04:12+00:00\" \/>\n<meta property=\"og:image\" content=\"https:\/\/amrtop.net\/wp-content\/uploads\/2021\/11\/w-SITO-PAG-72-B.jpg\" \/>\n\t<meta property=\"og:image:width\" content=\"960\" \/>\n\t<meta property=\"og:image:height\" content=\"960\" \/>\n\t<meta property=\"og:image:type\" content=\"image\/jpeg\" \/>\n<meta name=\"twitter:card\" content=\"summary_large_image\" \/>\n<meta name=\"twitter:label1\" content=\"Gesch\u00e4tzte Lesezeit\" \/>\n\t<meta name=\"twitter:data1\" content=\"1\u00a0Minute\" \/>\n<script type=\"application\/ld+json\" class=\"yoast-schema-graph\">{\"@context\":\"https:\\\/\\\/schema.org\",\"@graph\":[{\"@type\":\"WebPage\",\"@id\":\"https:\\\/\\\/amrtop.net\\\/produit\\\/carte-electronique-kausiflam-minerawindquadraambracod-a12-00005-001\\\/\",\"url\":\"https:\\\/\\\/amrtop.net\\\/produit\\\/carte-electronique-kausiflam-minerawindquadraambracod-a12-00005-001\\\/\",\"name\":\"Carte \u00e9lectronique programm\u00e9e pour po\u00eale \u00e0 granul\u00e9s Kausiflam code.A12 00005-001 - AMRTOP B2B \u00c9tranger - Achats r\u00e9serv\u00e9s au professionnel\",\"isPartOf\":{\"@id\":\"https:\\\/\\\/amrtop.net\\\/#website\"},\"primaryImageOfPage\":{\"@id\":\"https:\\\/\\\/amrtop.net\\\/produit\\\/carte-electronique-kausiflam-minerawindquadraambracod-a12-00005-001\\\/#primaryimage\"},\"image\":{\"@id\":\"https:\\\/\\\/amrtop.net\\\/produit\\\/carte-electronique-kausiflam-minerawindquadraambracod-a12-00005-001\\\/#primaryimage\"},\"thumbnailUrl\":\"https:\\\/\\\/amrtop.net\\\/wp-content\\\/uploads\\\/2021\\\/11\\\/w-SITO-PAG-72-B.jpg\",\"datePublished\":\"2020-10-01T00:00:00+00:00\",\"dateModified\":\"2021-11-18T17:04:12+00:00\",\"breadcrumb\":{\"@id\":\"https:\\\/\\\/amrtop.net\\\/produit\\\/carte-electronique-kausiflam-minerawindquadraambracod-a12-00005-001\\\/#breadcrumb\"},\"inLanguage\":\"de\",\"potentialAction\":[{\"@type\":\"ReadAction\",\"target\":[\"https:\\\/\\\/amrtop.net\\\/produit\\\/carte-electronique-kausiflam-minerawindquadraambracod-a12-00005-001\\\/\"]}]},{\"@type\":\"ImageObject\",\"inLanguage\":\"de\",\"@id\":\"https:\\\/\\\/amrtop.net\\\/produit\\\/carte-electronique-kausiflam-minerawindquadraambracod-a12-00005-001\\\/#primaryimage\",\"url\":\"https:\\\/\\\/amrtop.net\\\/wp-content\\\/uploads\\\/2021\\\/11\\\/w-SITO-PAG-72-B.jpg\",\"contentUrl\":\"https:\\\/\\\/amrtop.net\\\/wp-content\\\/uploads\\\/2021\\\/11\\\/w-SITO-PAG-72-B.jpg\",\"width\":960,\"height\":960},{\"@type\":\"BreadcrumbList\",\"@id\":\"https:\\\/\\\/amrtop.net\\\/produit\\\/carte-electronique-kausiflam-minerawindquadraambracod-a12-00005-001\\\/#breadcrumb\",\"itemListElement\":[{\"@type\":\"ListItem\",\"position\":1,\"name\":\"Home\",\"item\":\"https:\\\/\\\/amrtop.net\\\/\"},{\"@type\":\"ListItem\",\"position\":2,\"name\":\"Shop\",\"item\":\"https:\\\/\\\/amrtop.net\\\/negozio\\\/\"},{\"@type\":\"ListItem\",\"position\":3,\"name\":\"Carte \u00e9lectronique programm\u00e9e pour po\u00eale \u00e0 granul\u00e9s Kausiflam code.A12 00005-001\"}]},{\"@type\":\"WebSite\",\"@id\":\"https:\\\/\\\/amrtop.net\\\/#website\",\"url\":\"https:\\\/\\\/amrtop.net\\\/\",\"name\":\"AMRTOP B2B \u00c9tranger - Achats r\u00e9serv\u00e9s au professionnel\",\"description\":\"Pi\u00e8ces de rechange et accessoires pour po\u00eales et chaudi\u00e8res - eCommerce B2B pour Clients Professionnels\",\"potentialAction\":[{\"@type\":\"SearchAction\",\"target\":{\"@type\":\"EntryPoint\",\"urlTemplate\":\"https:\\\/\\\/amrtop.net\\\/?s={search_term_string}\"},\"query-input\":{\"@type\":\"PropertyValueSpecification\",\"valueRequired\":true,\"valueName\":\"search_term_string\"}}],\"inLanguage\":\"de\"}]}<\/script>\n<!-- \/ Yoast SEO plugin. -->","yoast_head_json":{"title":"Programmierte elektronische Karte f\u00fcr Pelletofen Kausiflam code.A12 00005-001 - AMRTOP B2B Ausland - Einkaufen f\u00fcr den Fachmann reserviert","robots":{"index":"index","follow":"follow","max-snippet":"max-snippet:-1","max-image-preview":"max-image-preview:large","max-video-preview":"max-video-preview:-1"},"canonical":"https:\/\/amrtop.net\/de\/produkt\/electronic-card-kausiflam-minerawindquadraambracod-a12-00005-001\/","og_locale":"de_DE","og_type":"article","og_title":"Carte \u00e9lectronique programm\u00e9e pour po\u00eale \u00e0 granul\u00e9s Kausiflam  code.A12 00005-001 - AMRTOP B2B \u00c9tranger - Achats r\u00e9serv\u00e9s au professionnel","og_description":"Disponible","og_url":"https:\/\/amrtop.net\/de\/produkt\/electronic-card-kausiflam-minerawindquadraambracod-a12-00005-001\/","og_site_name":"AMRTOP B2B \u00c9tranger - Achats r\u00e9serv\u00e9s au professionnel","article_modified_time":"2021-11-18T17:04:12+00:00","og_image":[{"width":960,"height":960,"url":"https:\/\/amrtop.net\/wp-content\/uploads\/2021\/11\/w-SITO-PAG-72-B.jpg","type":"image\/jpeg"}],"twitter_card":"summary_large_image","twitter_misc":{"Gesch\u00e4tzte Lesezeit":"1\u00a0Minute"},"schema":{"@context":"https:\/\/schema.org","@graph":[{"@type":"WebPage","@id":"https:\/\/amrtop.net\/produit\/carte-electronique-kausiflam-minerawindquadraambracod-a12-00005-001\/","url":"https:\/\/amrtop.net\/produit\/carte-electronique-kausiflam-minerawindquadraambracod-a12-00005-001\/","name":"Programmierte elektronische Karte f\u00fcr Pelletofen Kausiflam code.A12 00005-001 - AMRTOP B2B Ausland - Einkaufen f\u00fcr den Fachmann reserviert","isPartOf":{"@id":"https:\/\/amrtop.net\/#website"},"primaryImageOfPage":{"@id":"https:\/\/amrtop.net\/produit\/carte-electronique-kausiflam-minerawindquadraambracod-a12-00005-001\/#primaryimage"},"image":{"@id":"https:\/\/amrtop.net\/produit\/carte-electronique-kausiflam-minerawindquadraambracod-a12-00005-001\/#primaryimage"},"thumbnailUrl":"https:\/\/amrtop.net\/wp-content\/uploads\/2021\/11\/w-SITO-PAG-72-B.jpg","datePublished":"2020-10-01T00:00:00+00:00","dateModified":"2021-11-18T17:04:12+00:00","breadcrumb":{"@id":"https:\/\/amrtop.net\/produit\/carte-electronique-kausiflam-minerawindquadraambracod-a12-00005-001\/#breadcrumb"},"inLanguage":"de","potentialAction":[{"@type":"ReadAction","target":["https:\/\/amrtop.net\/produit\/carte-electronique-kausiflam-minerawindquadraambracod-a12-00005-001\/"]}]},{"@type":"ImageObject","inLanguage":"de","@id":"https:\/\/amrtop.net\/produit\/carte-electronique-kausiflam-minerawindquadraambracod-a12-00005-001\/#primaryimage","url":"https:\/\/amrtop.net\/wp-content\/uploads\/2021\/11\/w-SITO-PAG-72-B.jpg","contentUrl":"https:\/\/amrtop.net\/wp-content\/uploads\/2021\/11\/w-SITO-PAG-72-B.jpg","width":960,"height":960},{"@type":"BreadcrumbList","@id":"https:\/\/amrtop.net\/produit\/carte-electronique-kausiflam-minerawindquadraambracod-a12-00005-001\/#breadcrumb","itemListElement":[{"@type":"ListItem","position":1,"name":"Home","item":"https:\/\/amrtop.net\/"},{"@type":"ListItem","position":2,"name":"Shop","item":"https:\/\/amrtop.net\/negozio\/"},{"@type":"ListItem","position":3,"name":"Carte \u00e9lectronique programm\u00e9e pour po\u00eale \u00e0 granul\u00e9s Kausiflam code.A12 00005-001"}]},{"@type":"WebSite","@id":"https:\/\/amrtop.net\/#website","url":"https:\/\/amrtop.net\/","name":"AMRTOP B2B Ausland - Einkaufen nur f\u00fcr Fachleute","description":"Ersatzteile und Zubeh\u00f6r f\u00fcr \u00d6fen und Heizkessel - B2B eCommerce f\u00fcr Gesch\u00e4ftskunden","potentialAction":[{"@type":"SearchAction","target":{"@type":"EntryPoint","urlTemplate":"https:\/\/amrtop.net\/?s={search_term_string}"},"query-input":{"@type":"PropertyValueSpecification","valueRequired":true,"valueName":"search_term_string"}}],"inLanguage":"de"}]}},"_links":{"self":[{"href":"https:\/\/amrtop.net\/de\/wp-json\/wp\/v2\/product\/17520","targetHints":{"allow":["GET"]}}],"collection":[{"href":"https:\/\/amrtop.net\/de\/wp-json\/wp\/v2\/product"}],"about":[{"href":"https:\/\/amrtop.net\/de\/wp-json\/wp\/v2\/types\/product"}],"replies":[{"embeddable":true,"href":"https:\/\/amrtop.net\/de\/wp-json\/wp\/v2\/comments?post=17520"}],"wp:featuredmedia":[{"embeddable":true,"href":"https:\/\/amrtop.net\/de\/wp-json\/wp\/v2\/media\/19572"}],"wp:attachment":[{"href":"https:\/\/amrtop.net\/de\/wp-json\/wp\/v2\/media?parent=17520"}],"wp:term":[{"taxonomy":"product_brand","embeddable":true,"href":"https:\/\/amrtop.net\/de\/wp-json\/wp\/v2\/product_brand?post=17520"},{"taxonomy":"product_cat","embeddable":true,"href":"https:\/\/amrtop.net\/de\/wp-json\/wp\/v2\/product_cat?post=17520"},{"taxonomy":"product_tag","embeddable":true,"href":"https:\/\/amrtop.net\/de\/wp-json\/wp\/v2\/product_tag?post=17520"}],"curies":[{"name":"wp","href":"https:\/\/api.w.org\/{rel}","templated":true}]}}