{"id":17541,"date":"2020-10-01T00:00:00","date_gmt":"2020-10-01T00:00:00","guid":{"rendered":"https:\/\/amrtop.com\/B2B\/?post_type=product&#038;p=17541"},"modified":"2021-11-18T17:04:31","modified_gmt":"2021-11-18T17:04:31","slug":"cable-serie-kausiflam-minerakeopskeoxleakaradianaagategayabayasmallquadratopazejadenacrekefrenambrecamillacod-a12-00002-100","status":"publish","type":"product","link":"https:\/\/amrtop.net\/de\/produit\/cable-serie-kausiflam-minerakeopskeoxleakaradianaagategayabayasmallquadratopazejadenacrekefrenambrecamillacod-a12-00002-100\/","title":{"rendered":"Serielles Kabel f\u00fcr die Modelle der Kausiflam-Pellet\u00f6fen<br> code.A12 00002-100"},"content":{"rendered":"<hr \/>\n<h2> Serielles Kabel f\u00fcr die Modelle der Kausiflam-Pellet\u00f6fen <\/h2>\n<p>code. A12 00002-100<\/p>\n<p>F\u00fcr die Modelle der Kausiflam-Pellet\u00f6fen: Minera, Keops, Keox, Lea, Kara, Diana, Achat, Gaya, Baya, Small, Quadra, Topas, Jade, Nacre, Kefren, Amber, Camilla, Laura, Wind, Onyx<\/p>\n<hr \/>\n<p>Serielles Kabel f\u00fcr die Modelle der Kausiflam-Pellet\u00f6fen, die in unserem Online-Shop erh\u00e4ltlich sind.<br \/>\nWir k\u00f6nnen eine breite Palette an Zubeh\u00f6r, Ersatzteilen und allen Komponenten f\u00fcr Pellet\u00f6fen und -kessel liefern.<br \/>\nIn unserem E-Commerce finden Sie stets verf\u00fcgbare Teile des t\u00e4glichen Bedarfs.<br \/>\nWir k\u00f6nnen Ihnen \u00e4sthetische Au\u00dfenteile und Zimmermannsarbeiten liefern. Dabei ist zu beachten, dass die Lieferzeiten zwischen 30 und 60 Werktagen variieren k\u00f6nnen.<br \/>\nDie Mitarbeiter von Amrtop wurden sorgf\u00e4ltig geschult, um Ihnen bei der Identifizierung von eventuell zu ersetzenden Ersatzteilen zu helfen, indem sie telefonische Unterst\u00fctzung in Franz\u00f6sisch, Englisch, Rum\u00e4nisch und Italienisch anbieten.<br \/>\nZ\u00f6gern Sie nicht, uns f\u00fcr weitere Informationen zu kontaktieren.<\/p>","protected":false},"excerpt":{"rendered":"<hr \/>\n<h2><font color=\"77a464\">Verf\u00fcgbar<\/font><\/h2>","protected":false},"featured_media":19582,"comment_status":"open","ping_status":"closed","template":"","meta":[],"product_brand":[],"product_cat":[1238,1233,1239,1240,1241,1242,1243,1244,1232,1245,1246,1247,1248,1249,1234,1250,1235,940,1236,1251,1252,1237],"product_tag":[1345],"class_list":{"0":"post-17541","1":"product","2":"type-product","3":"status-publish","4":"has-post-thumbnail","6":"product_cat-agate","7":"product_cat-ambre","8":"product_cat-baya","9":"product_cat-camilla","10":"product_cat-diana","11":"product_cat-gaya-kausiflam","12":"product_cat-jade-kausiflam","13":"product_cat-kara-kausiflam","14":"product_cat-kausiflam","15":"product_cat-kefren-kausiflam","16":"product_cat-keops-kausiflam","17":"product_cat-keox-kausiflam","18":"product_cat-laura-kausiflam","19":"product_cat-lea-kausiflam","20":"product_cat-minera-kausiflam","21":"product_cat-nacre-kausiflam","22":"product_cat-onyx-kausiflam","23":"product_cat-pieces-detachees-specifiques-par-marque","24":"product_cat-quadra-kausiflam","25":"product_cat-small-kausiflam","26":"product_cat-topaze-kausiflam","27":"product_cat-wind-kausiflam","28":"product_tag-kausiflam","29":"product_shipping_class-classe-di-spedizione-01","31":"first","32":"instock","33":"shipping-taxable","34":"purchasable","35":"product-type-simple"},"yoast_head":"<!-- This site is optimized with the Yoast SEO plugin v27.4 - https:\/\/yoast.com\/product\/yoast-seo-wordpress\/ -->\n<title>C\u00e2ble serie pour les mod\u00e8les des po\u00eales \u00e0 granul\u00e9s Kausiflam code.A12 00002-100 - AMRTOP B2B \u00c9tranger - Achats r\u00e9serv\u00e9s au professionnel<\/title>\n<meta name=\"robots\" content=\"index, follow, max-snippet:-1, max-image-preview:large, max-video-preview:-1\" \/>\n<link rel=\"canonical\" href=\"https:\/\/amrtop.net\/de\/produkt\/cable-serie-kausiflam-minerakeopskeoxleakaradianaagategayabayasmallquadratopazejadenacrekefrenambrecamillacod-a12-00002-100\/\" \/>\n<meta property=\"og:locale\" content=\"de_DE\" \/>\n<meta property=\"og:type\" content=\"article\" \/>\n<meta property=\"og:title\" content=\"C\u00e2ble serie pour les mod\u00e8les des po\u00eales \u00e0 granul\u00e9s Kausiflam code.A12 00002-100 - AMRTOP B2B \u00c9tranger - Achats r\u00e9serv\u00e9s au professionnel\" \/>\n<meta property=\"og:description\" content=\"Disponible\" \/>\n<meta property=\"og:url\" content=\"https:\/\/amrtop.net\/de\/produkt\/cable-serie-kausiflam-minerakeopskeoxleakaradianaagategayabayasmallquadratopazejadenacrekefrenambrecamillacod-a12-00002-100\/\" \/>\n<meta property=\"og:site_name\" content=\"AMRTOP B2B \u00c9tranger - Achats r\u00e9serv\u00e9s au professionnel\" \/>\n<meta property=\"article:modified_time\" content=\"2021-11-18T17:04:31+00:00\" \/>\n<meta property=\"og:image\" content=\"https:\/\/amrtop.net\/wp-content\/uploads\/2021\/11\/w-SITO-PHOTO-01-1.jpg\" \/>\n\t<meta property=\"og:image:width\" content=\"960\" \/>\n\t<meta property=\"og:image:height\" content=\"960\" \/>\n\t<meta property=\"og:image:type\" content=\"image\/jpeg\" \/>\n<meta name=\"twitter:card\" content=\"summary_large_image\" \/>\n<meta name=\"twitter:label1\" content=\"Gesch\u00e4tzte Lesezeit\" \/>\n\t<meta name=\"twitter:data1\" content=\"1\u00a0Minute\" \/>\n<script type=\"application\/ld+json\" class=\"yoast-schema-graph\">{\"@context\":\"https:\\\/\\\/schema.org\",\"@graph\":[{\"@type\":\"WebPage\",\"@id\":\"https:\\\/\\\/amrtop.net\\\/produit\\\/cable-serie-kausiflam-minerakeopskeoxleakaradianaagategayabayasmallquadratopazejadenacrekefrenambrecamillacod-a12-00002-100\\\/\",\"url\":\"https:\\\/\\\/amrtop.net\\\/produit\\\/cable-serie-kausiflam-minerakeopskeoxleakaradianaagategayabayasmallquadratopazejadenacrekefrenambrecamillacod-a12-00002-100\\\/\",\"name\":\"C\u00e2ble serie pour les mod\u00e8les des po\u00eales \u00e0 granul\u00e9s Kausiflam code.A12 00002-100 - AMRTOP B2B \u00c9tranger - Achats r\u00e9serv\u00e9s au professionnel\",\"isPartOf\":{\"@id\":\"https:\\\/\\\/amrtop.net\\\/#website\"},\"primaryImageOfPage\":{\"@id\":\"https:\\\/\\\/amrtop.net\\\/produit\\\/cable-serie-kausiflam-minerakeopskeoxleakaradianaagategayabayasmallquadratopazejadenacrekefrenambrecamillacod-a12-00002-100\\\/#primaryimage\"},\"image\":{\"@id\":\"https:\\\/\\\/amrtop.net\\\/produit\\\/cable-serie-kausiflam-minerakeopskeoxleakaradianaagategayabayasmallquadratopazejadenacrekefrenambrecamillacod-a12-00002-100\\\/#primaryimage\"},\"thumbnailUrl\":\"https:\\\/\\\/amrtop.net\\\/wp-content\\\/uploads\\\/2021\\\/11\\\/w-SITO-PHOTO-01-1.jpg\",\"datePublished\":\"2020-10-01T00:00:00+00:00\",\"dateModified\":\"2021-11-18T17:04:31+00:00\",\"breadcrumb\":{\"@id\":\"https:\\\/\\\/amrtop.net\\\/produit\\\/cable-serie-kausiflam-minerakeopskeoxleakaradianaagategayabayasmallquadratopazejadenacrekefrenambrecamillacod-a12-00002-100\\\/#breadcrumb\"},\"inLanguage\":\"de\",\"potentialAction\":[{\"@type\":\"ReadAction\",\"target\":[\"https:\\\/\\\/amrtop.net\\\/produit\\\/cable-serie-kausiflam-minerakeopskeoxleakaradianaagategayabayasmallquadratopazejadenacrekefrenambrecamillacod-a12-00002-100\\\/\"]}]},{\"@type\":\"ImageObject\",\"inLanguage\":\"de\",\"@id\":\"https:\\\/\\\/amrtop.net\\\/produit\\\/cable-serie-kausiflam-minerakeopskeoxleakaradianaagategayabayasmallquadratopazejadenacrekefrenambrecamillacod-a12-00002-100\\\/#primaryimage\",\"url\":\"https:\\\/\\\/amrtop.net\\\/wp-content\\\/uploads\\\/2021\\\/11\\\/w-SITO-PHOTO-01-1.jpg\",\"contentUrl\":\"https:\\\/\\\/amrtop.net\\\/wp-content\\\/uploads\\\/2021\\\/11\\\/w-SITO-PHOTO-01-1.jpg\",\"width\":960,\"height\":960},{\"@type\":\"BreadcrumbList\",\"@id\":\"https:\\\/\\\/amrtop.net\\\/produit\\\/cable-serie-kausiflam-minerakeopskeoxleakaradianaagategayabayasmallquadratopazejadenacrekefrenambrecamillacod-a12-00002-100\\\/#breadcrumb\",\"itemListElement\":[{\"@type\":\"ListItem\",\"position\":1,\"name\":\"Home\",\"item\":\"https:\\\/\\\/amrtop.net\\\/\"},{\"@type\":\"ListItem\",\"position\":2,\"name\":\"Shop\",\"item\":\"https:\\\/\\\/amrtop.net\\\/negozio\\\/\"},{\"@type\":\"ListItem\",\"position\":3,\"name\":\"C\u00e2ble serie pour les mod\u00e8les des po\u00eales \u00e0 granul\u00e9s Kausiflam code.A12 00002-100\"}]},{\"@type\":\"WebSite\",\"@id\":\"https:\\\/\\\/amrtop.net\\\/#website\",\"url\":\"https:\\\/\\\/amrtop.net\\\/\",\"name\":\"AMRTOP B2B \u00c9tranger - Achats r\u00e9serv\u00e9s au professionnel\",\"description\":\"Pi\u00e8ces de rechange et accessoires pour po\u00eales et chaudi\u00e8res - eCommerce B2B pour Clients Professionnels\",\"potentialAction\":[{\"@type\":\"SearchAction\",\"target\":{\"@type\":\"EntryPoint\",\"urlTemplate\":\"https:\\\/\\\/amrtop.net\\\/?s={search_term_string}\"},\"query-input\":{\"@type\":\"PropertyValueSpecification\",\"valueRequired\":true,\"valueName\":\"search_term_string\"}}],\"inLanguage\":\"de\"}]}<\/script>\n<!-- \/ Yoast SEO plugin. -->","yoast_head_json":{"title":"C\u00e2ble serie pour les mod\u00e8les des po\u00eales \u00e0 granul\u00e9s Kausiflam code.A12 00002-100 - AMRTOP B2B \u00c9tranger - Achats r\u00e9serv\u00e9s au professionnel","robots":{"index":"index","follow":"follow","max-snippet":"max-snippet:-1","max-image-preview":"max-image-preview:large","max-video-preview":"max-video-preview:-1"},"canonical":"https:\/\/amrtop.net\/de\/produkt\/cable-serie-kausiflam-minerakeopskeoxleakaradianaagategayabayasmallquadratopazejadenacrekefrenambrecamillacod-a12-00002-100\/","og_locale":"de_DE","og_type":"article","og_title":"C\u00e2ble serie pour les mod\u00e8les des po\u00eales \u00e0 granul\u00e9s Kausiflam code.A12 00002-100 - AMRTOP B2B \u00c9tranger - Achats r\u00e9serv\u00e9s au professionnel","og_description":"Disponible","og_url":"https:\/\/amrtop.net\/de\/produkt\/cable-serie-kausiflam-minerakeopskeoxleakaradianaagategayabayasmallquadratopazejadenacrekefrenambrecamillacod-a12-00002-100\/","og_site_name":"AMRTOP B2B \u00c9tranger - Achats r\u00e9serv\u00e9s au professionnel","article_modified_time":"2021-11-18T17:04:31+00:00","og_image":[{"width":960,"height":960,"url":"https:\/\/amrtop.net\/wp-content\/uploads\/2021\/11\/w-SITO-PHOTO-01-1.jpg","type":"image\/jpeg"}],"twitter_card":"summary_large_image","twitter_misc":{"Gesch\u00e4tzte Lesezeit":"1\u00a0Minute"},"schema":{"@context":"https:\/\/schema.org","@graph":[{"@type":"WebPage","@id":"https:\/\/amrtop.net\/produit\/cable-serie-kausiflam-minerakeopskeoxleakaradianaagategayabayasmallquadratopazejadenacrekefrenambrecamillacod-a12-00002-100\/","url":"https:\/\/amrtop.net\/produit\/cable-serie-kausiflam-minerakeopskeoxleakaradianaagategayabayasmallquadratopazejadenacrekefrenambrecamillacod-a12-00002-100\/","name":"C\u00e2ble serie pour les mod\u00e8les des po\u00eales \u00e0 granul\u00e9s Kausiflam code.A12 00002-100 - AMRTOP B2B \u00c9tranger - Achats r\u00e9serv\u00e9s au professionnel","isPartOf":{"@id":"https:\/\/amrtop.net\/#website"},"primaryImageOfPage":{"@id":"https:\/\/amrtop.net\/produit\/cable-serie-kausiflam-minerakeopskeoxleakaradianaagategayabayasmallquadratopazejadenacrekefrenambrecamillacod-a12-00002-100\/#primaryimage"},"image":{"@id":"https:\/\/amrtop.net\/produit\/cable-serie-kausiflam-minerakeopskeoxleakaradianaagategayabayasmallquadratopazejadenacrekefrenambrecamillacod-a12-00002-100\/#primaryimage"},"thumbnailUrl":"https:\/\/amrtop.net\/wp-content\/uploads\/2021\/11\/w-SITO-PHOTO-01-1.jpg","datePublished":"2020-10-01T00:00:00+00:00","dateModified":"2021-11-18T17:04:31+00:00","breadcrumb":{"@id":"https:\/\/amrtop.net\/produit\/cable-serie-kausiflam-minerakeopskeoxleakaradianaagategayabayasmallquadratopazejadenacrekefrenambrecamillacod-a12-00002-100\/#breadcrumb"},"inLanguage":"de","potentialAction":[{"@type":"ReadAction","target":["https:\/\/amrtop.net\/produit\/cable-serie-kausiflam-minerakeopskeoxleakaradianaagategayabayasmallquadratopazejadenacrekefrenambrecamillacod-a12-00002-100\/"]}]},{"@type":"ImageObject","inLanguage":"de","@id":"https:\/\/amrtop.net\/produit\/cable-serie-kausiflam-minerakeopskeoxleakaradianaagategayabayasmallquadratopazejadenacrekefrenambrecamillacod-a12-00002-100\/#primaryimage","url":"https:\/\/amrtop.net\/wp-content\/uploads\/2021\/11\/w-SITO-PHOTO-01-1.jpg","contentUrl":"https:\/\/amrtop.net\/wp-content\/uploads\/2021\/11\/w-SITO-PHOTO-01-1.jpg","width":960,"height":960},{"@type":"BreadcrumbList","@id":"https:\/\/amrtop.net\/produit\/cable-serie-kausiflam-minerakeopskeoxleakaradianaagategayabayasmallquadratopazejadenacrekefrenambrecamillacod-a12-00002-100\/#breadcrumb","itemListElement":[{"@type":"ListItem","position":1,"name":"Home","item":"https:\/\/amrtop.net\/"},{"@type":"ListItem","position":2,"name":"Shop","item":"https:\/\/amrtop.net\/negozio\/"},{"@type":"ListItem","position":3,"name":"C\u00e2ble serie pour les mod\u00e8les des po\u00eales \u00e0 granul\u00e9s Kausiflam code.A12 00002-100"}]},{"@type":"WebSite","@id":"https:\/\/amrtop.net\/#website","url":"https:\/\/amrtop.net\/","name":"AMRTOP B2B Ausland - Einkaufen nur f\u00fcr Fachleute","description":"Ersatzteile und Zubeh\u00f6r f\u00fcr \u00d6fen und Heizkessel - B2B eCommerce f\u00fcr Gesch\u00e4ftskunden","potentialAction":[{"@type":"SearchAction","target":{"@type":"EntryPoint","urlTemplate":"https:\/\/amrtop.net\/?s={search_term_string}"},"query-input":{"@type":"PropertyValueSpecification","valueRequired":true,"valueName":"search_term_string"}}],"inLanguage":"de"}]}},"_links":{"self":[{"href":"https:\/\/amrtop.net\/de\/wp-json\/wp\/v2\/product\/17541","targetHints":{"allow":["GET"]}}],"collection":[{"href":"https:\/\/amrtop.net\/de\/wp-json\/wp\/v2\/product"}],"about":[{"href":"https:\/\/amrtop.net\/de\/wp-json\/wp\/v2\/types\/product"}],"replies":[{"embeddable":true,"href":"https:\/\/amrtop.net\/de\/wp-json\/wp\/v2\/comments?post=17541"}],"wp:featuredmedia":[{"embeddable":true,"href":"https:\/\/amrtop.net\/de\/wp-json\/wp\/v2\/media\/19582"}],"wp:attachment":[{"href":"https:\/\/amrtop.net\/de\/wp-json\/wp\/v2\/media?parent=17541"}],"wp:term":[{"taxonomy":"product_brand","embeddable":true,"href":"https:\/\/amrtop.net\/de\/wp-json\/wp\/v2\/product_brand?post=17541"},{"taxonomy":"product_cat","embeddable":true,"href":"https:\/\/amrtop.net\/de\/wp-json\/wp\/v2\/product_cat?post=17541"},{"taxonomy":"product_tag","embeddable":true,"href":"https:\/\/amrtop.net\/de\/wp-json\/wp\/v2\/product_tag?post=17541"}],"curies":[{"name":"wp","href":"https:\/\/api.w.org\/{rel}","templated":true}]}}