{"id":17622,"date":"2020-10-01T00:00:00","date_gmt":"2020-10-01T00:00:00","guid":{"rendered":"https:\/\/amrtop.com\/B2B\/?post_type=product&#038;p=17622"},"modified":"2021-11-18T17:05:28","modified_gmt":"2021-11-18T17:05:28","slug":"vis-sans-fin-kausiflam-xuo-7-kwxuo-10-kweto-12-kweto-14-kwastro-10-kwirisanatheoelaraxuo-luxxuo-ecostonethyaestianeptoxia-lxia-scod-ri-00233","status":"publish","type":"product","link":"https:\/\/amrtop.net\/de\/produit\/vis-sans-fin-kausiflam-xuo-7-kwxuo-10-kweto-12-kweto-14-kwastro-10-kwirisanatheoelaraxuo-luxxuo-ecostonethyaestianeptoxia-lxia-scod-ri-00233\/","title":{"rendered":"Ensamble Schnecke f\u00fcr Kausiflam Pellet\u00f6fen <br> code.RI.00233"},"content":{"rendered":"<hr \/>\n<h2> Ensamble Schnecke f\u00fcr Kausiflam Pellet\u00f6fen<\/h2>\n<p>code. RI.00233<\/p>\n<p>Pour les mod\u00e8les des po\u00eales \u00e0 granul\u00e9s Kausiflam: Xuo 7 Kw, Xuo 10 kw, Eto 12 kw, Eto 14 kw, Astro 10 kw, Iris, Ana, Theo, Elara, Xuo Lux, Xuo Eco, Stone, Thya, Estia, Nepto, Xia L, Xia<\/p>\n<hr \/>\n<p>Amrtop peut-elle fournir une gamme d\u2019accessoires et pi\u00e8ces de rechange et de composants pour tous les po\u00eales et chaudi\u00e8res \u00e0 pellets pr\u00e9sents sur le march\u00e9.<br \/>\nIn unserem E-Commerce finden Sie alle dringend ben\u00f6tigten Teile immer auf Lager.<br \/>\nNous pouvons aussi vous fournir les pi\u00e8ces  ext\u00e9rieures esth\u00e9tiques et de charpenterie, en gardant que les d\u00e9lais de livraison peuvent varier de 30 \u00e0 60 jours ouvrables.<br \/>\nDie Mitarbeiter von Amrtop wurden sorgf\u00e4ltig geschult, um Ihnen bei der Identifizierung von eventuell zu ersetzenden Ersatzteilen zu helfen, indem sie telefonische Unterst\u00fctzung in Franz\u00f6sisch, Englisch, Rum\u00e4nisch und Italienisch anbieten.<br \/>\nZ\u00f6gern Sie nicht, uns f\u00fcr Informationen zu kontaktieren<\/p>","protected":false},"excerpt":{"rendered":"<p>Ensamble vis sans fin pour les po\u00eales \u00e0 granul\u00e9s Kausiflam code. RI.00233 Pour les mod\u00e8les des po\u00eales \u00e0 granul\u00e9s Kausiflam: Xuo 7 Kw, Xuo 10 kw, Eto 12 kw, Eto 14 kw, Astro 10 kw, Iris, Ana, Theo, Elara, Xuo Lux, Xuo Eco, Stone, Thya, Estia, Nepto, Xia L, Xia Amrtop peut-elle fournir une gamme [&hellip;]<\/p>\n","protected":false},"featured_media":19573,"comment_status":"open","ping_status":"closed","template":"","meta":[],"product_brand":[],"product_cat":[1266,1253,1258,1259,1254,1255,1260,1232,1261,940,1262,1270,1263,1278,1279,1256,1257,1264,1265],"product_tag":[1345],"class_list":{"0":"post-17622","1":"product","2":"type-product","3":"status-publish","4":"has-post-thumbnail","6":"product_cat-ana","7":"product_cat-astro-10-kw","8":"product_cat-elara","9":"product_cat-estia","10":"product_cat-eto-12-kw","11":"product_cat-eto-14-kw","12":"product_cat-iris-kausiflam","13":"product_cat-kausiflam","14":"product_cat-nepto-kausiflam","15":"product_cat-pieces-detachees-specifiques-par-marque","16":"product_cat-stone-kausiflam","17":"product_cat-theo-kausiflam","18":"product_cat-thya-kausiflam","19":"product_cat-xia-l-kausiflam","20":"product_cat-xia-s-kausiflam","21":"product_cat-xuo-10-kw-kausiflam","22":"product_cat-xuo-7-kw-kausiflam","23":"product_cat-xuo-eco-kausiflam","24":"product_cat-xuo-lux-kausiflam","25":"product_tag-kausiflam","26":"product_shipping_class-classe-di-spedizione-02","28":"first","29":"instock","30":"shipping-taxable","31":"purchasable","32":"product-type-simple"},"yoast_head":"<!-- This site is optimized with the Yoast SEO plugin v27.5 - https:\/\/yoast.com\/product\/yoast-seo-wordpress\/ -->\n<title>Ensamble vis sans fin pour les po\u00eales \u00e0 granul\u00e9s Kausiflam  code.RI.00233 - AMRTOP B2B \u00c9tranger - Achats r\u00e9serv\u00e9s au professionnel<\/title>\n<meta name=\"robots\" content=\"index, follow, max-snippet:-1, max-image-preview:large, max-video-preview:-1\" \/>\n<link rel=\"canonical\" href=\"https:\/\/amrtop.net\/de\/produkt\/vis-sans-fin-kausiflam-xuo-7-kwxuo-10-kweto-12-kweto-14-kwastro-10-kwirisanatheoelaraxuo-luxxuo-ecostonethyaestianeptoxia-lxia-scod-ri-00233\/\" \/>\n<meta property=\"og:locale\" content=\"de_DE\" \/>\n<meta property=\"og:type\" content=\"article\" \/>\n<meta property=\"og:title\" content=\"Ensamble vis sans fin pour les po\u00eales \u00e0 granul\u00e9s Kausiflam  code.RI.00233 - AMRTOP B2B \u00c9tranger - Achats r\u00e9serv\u00e9s au professionnel\" \/>\n<meta property=\"og:description\" content=\"Ensamble vis sans fin pour les po\u00eales \u00e0 granul\u00e9s Kausiflam code. RI.00233 Pour les mod\u00e8les des po\u00eales \u00e0 granul\u00e9s Kausiflam: Xuo 7 Kw, Xuo 10 kw, Eto 12 kw, Eto 14 kw, Astro 10 kw, Iris, Ana, Theo, Elara, Xuo Lux, Xuo Eco, Stone, Thya, Estia, Nepto, Xia L, Xia Amrtop peut-elle fournir une gamme [&hellip;]\" \/>\n<meta property=\"og:url\" content=\"https:\/\/amrtop.net\/de\/produkt\/vis-sans-fin-kausiflam-xuo-7-kwxuo-10-kweto-12-kweto-14-kwastro-10-kwirisanatheoelaraxuo-luxxuo-ecostonethyaestianeptoxia-lxia-scod-ri-00233\/\" \/>\n<meta property=\"og:site_name\" content=\"AMRTOP B2B \u00c9tranger - Achats r\u00e9serv\u00e9s au professionnel\" \/>\n<meta property=\"article:modified_time\" content=\"2021-11-18T17:05:28+00:00\" \/>\n<meta property=\"og:image\" content=\"https:\/\/amrtop.net\/wp-content\/uploads\/2021\/11\/KAUSIFLAM-amrtop.jpg\" \/>\n\t<meta property=\"og:image:width\" content=\"960\" \/>\n\t<meta property=\"og:image:height\" content=\"960\" \/>\n\t<meta property=\"og:image:type\" content=\"image\/jpeg\" \/>\n<meta name=\"twitter:card\" content=\"summary_large_image\" \/>\n<meta name=\"twitter:label1\" content=\"Gesch\u00e4tzte Lesezeit\" \/>\n\t<meta name=\"twitter:data1\" content=\"1\u00a0Minute\" \/>\n<script type=\"application\/ld+json\" class=\"yoast-schema-graph\">{\"@context\":\"https:\\\/\\\/schema.org\",\"@graph\":[{\"@type\":\"WebPage\",\"@id\":\"https:\\\/\\\/amrtop.net\\\/produit\\\/vis-sans-fin-kausiflam-xuo-7-kwxuo-10-kweto-12-kweto-14-kwastro-10-kwirisanatheoelaraxuo-luxxuo-ecostonethyaestianeptoxia-lxia-scod-ri-00233\\\/\",\"url\":\"https:\\\/\\\/amrtop.net\\\/produit\\\/vis-sans-fin-kausiflam-xuo-7-kwxuo-10-kweto-12-kweto-14-kwastro-10-kwirisanatheoelaraxuo-luxxuo-ecostonethyaestianeptoxia-lxia-scod-ri-00233\\\/\",\"name\":\"Ensamble vis sans fin pour les po\u00eales \u00e0 granul\u00e9s Kausiflam code.RI.00233 - AMRTOP B2B \u00c9tranger - Achats r\u00e9serv\u00e9s au professionnel\",\"isPartOf\":{\"@id\":\"https:\\\/\\\/amrtop.net\\\/#website\"},\"primaryImageOfPage\":{\"@id\":\"https:\\\/\\\/amrtop.net\\\/produit\\\/vis-sans-fin-kausiflam-xuo-7-kwxuo-10-kweto-12-kweto-14-kwastro-10-kwirisanatheoelaraxuo-luxxuo-ecostonethyaestianeptoxia-lxia-scod-ri-00233\\\/#primaryimage\"},\"image\":{\"@id\":\"https:\\\/\\\/amrtop.net\\\/produit\\\/vis-sans-fin-kausiflam-xuo-7-kwxuo-10-kweto-12-kweto-14-kwastro-10-kwirisanatheoelaraxuo-luxxuo-ecostonethyaestianeptoxia-lxia-scod-ri-00233\\\/#primaryimage\"},\"thumbnailUrl\":\"https:\\\/\\\/amrtop.net\\\/wp-content\\\/uploads\\\/2021\\\/11\\\/KAUSIFLAM-amrtop.jpg\",\"datePublished\":\"2020-10-01T00:00:00+00:00\",\"dateModified\":\"2021-11-18T17:05:28+00:00\",\"breadcrumb\":{\"@id\":\"https:\\\/\\\/amrtop.net\\\/produit\\\/vis-sans-fin-kausiflam-xuo-7-kwxuo-10-kweto-12-kweto-14-kwastro-10-kwirisanatheoelaraxuo-luxxuo-ecostonethyaestianeptoxia-lxia-scod-ri-00233\\\/#breadcrumb\"},\"inLanguage\":\"de\",\"potentialAction\":[{\"@type\":\"ReadAction\",\"target\":[\"https:\\\/\\\/amrtop.net\\\/produit\\\/vis-sans-fin-kausiflam-xuo-7-kwxuo-10-kweto-12-kweto-14-kwastro-10-kwirisanatheoelaraxuo-luxxuo-ecostonethyaestianeptoxia-lxia-scod-ri-00233\\\/\"]}]},{\"@type\":\"ImageObject\",\"inLanguage\":\"de\",\"@id\":\"https:\\\/\\\/amrtop.net\\\/produit\\\/vis-sans-fin-kausiflam-xuo-7-kwxuo-10-kweto-12-kweto-14-kwastro-10-kwirisanatheoelaraxuo-luxxuo-ecostonethyaestianeptoxia-lxia-scod-ri-00233\\\/#primaryimage\",\"url\":\"https:\\\/\\\/amrtop.net\\\/wp-content\\\/uploads\\\/2021\\\/11\\\/KAUSIFLAM-amrtop.jpg\",\"contentUrl\":\"https:\\\/\\\/amrtop.net\\\/wp-content\\\/uploads\\\/2021\\\/11\\\/KAUSIFLAM-amrtop.jpg\",\"width\":960,\"height\":960},{\"@type\":\"BreadcrumbList\",\"@id\":\"https:\\\/\\\/amrtop.net\\\/produit\\\/vis-sans-fin-kausiflam-xuo-7-kwxuo-10-kweto-12-kweto-14-kwastro-10-kwirisanatheoelaraxuo-luxxuo-ecostonethyaestianeptoxia-lxia-scod-ri-00233\\\/#breadcrumb\",\"itemListElement\":[{\"@type\":\"ListItem\",\"position\":1,\"name\":\"Home\",\"item\":\"https:\\\/\\\/amrtop.net\\\/\"},{\"@type\":\"ListItem\",\"position\":2,\"name\":\"Shop\",\"item\":\"https:\\\/\\\/amrtop.net\\\/negozio\\\/\"},{\"@type\":\"ListItem\",\"position\":3,\"name\":\"Ensamble vis sans fin pour les po\u00eales \u00e0 granul\u00e9s Kausiflam code.RI.00233\"}]},{\"@type\":\"WebSite\",\"@id\":\"https:\\\/\\\/amrtop.net\\\/#website\",\"url\":\"https:\\\/\\\/amrtop.net\\\/\",\"name\":\"AMRTOP B2B \u00c9tranger - Achats r\u00e9serv\u00e9s au professionnel\",\"description\":\"Pi\u00e8ces de rechange et accessoires pour po\u00eales et chaudi\u00e8res - eCommerce B2B pour Clients Professionnels\",\"potentialAction\":[{\"@type\":\"SearchAction\",\"target\":{\"@type\":\"EntryPoint\",\"urlTemplate\":\"https:\\\/\\\/amrtop.net\\\/?s={search_term_string}\"},\"query-input\":{\"@type\":\"PropertyValueSpecification\",\"valueRequired\":true,\"valueName\":\"search_term_string\"}}],\"inLanguage\":\"de\"}]}<\/script>\n<!-- \/ Yoast SEO plugin. -->","yoast_head_json":{"title":"Ensamble vis sans fin pour les po\u00eales \u00e0 granul\u00e9s Kausiflam  code.RI.00233 - AMRTOP B2B \u00c9tranger - Achats r\u00e9serv\u00e9s au professionnel","robots":{"index":"index","follow":"follow","max-snippet":"max-snippet:-1","max-image-preview":"max-image-preview:large","max-video-preview":"max-video-preview:-1"},"canonical":"https:\/\/amrtop.net\/de\/produkt\/vis-sans-fin-kausiflam-xuo-7-kwxuo-10-kweto-12-kweto-14-kwastro-10-kwirisanatheoelaraxuo-luxxuo-ecostonethyaestianeptoxia-lxia-scod-ri-00233\/","og_locale":"de_DE","og_type":"article","og_title":"Ensamble vis sans fin pour les po\u00eales \u00e0 granul\u00e9s Kausiflam  code.RI.00233 - AMRTOP B2B \u00c9tranger - Achats r\u00e9serv\u00e9s au professionnel","og_description":"Ensamble vis sans fin pour les po\u00eales \u00e0 granul\u00e9s Kausiflam code. RI.00233 Pour les mod\u00e8les des po\u00eales \u00e0 granul\u00e9s Kausiflam: Xuo 7 Kw, Xuo 10 kw, Eto 12 kw, Eto 14 kw, Astro 10 kw, Iris, Ana, Theo, Elara, Xuo Lux, Xuo Eco, Stone, Thya, Estia, Nepto, Xia L, Xia Amrtop peut-elle fournir une gamme [&hellip;]","og_url":"https:\/\/amrtop.net\/de\/produkt\/vis-sans-fin-kausiflam-xuo-7-kwxuo-10-kweto-12-kweto-14-kwastro-10-kwirisanatheoelaraxuo-luxxuo-ecostonethyaestianeptoxia-lxia-scod-ri-00233\/","og_site_name":"AMRTOP B2B \u00c9tranger - Achats r\u00e9serv\u00e9s au professionnel","article_modified_time":"2021-11-18T17:05:28+00:00","og_image":[{"width":960,"height":960,"url":"https:\/\/amrtop.net\/wp-content\/uploads\/2021\/11\/KAUSIFLAM-amrtop.jpg","type":"image\/jpeg"}],"twitter_card":"summary_large_image","twitter_misc":{"Gesch\u00e4tzte Lesezeit":"1\u00a0Minute"},"schema":{"@context":"https:\/\/schema.org","@graph":[{"@type":"WebPage","@id":"https:\/\/amrtop.net\/produit\/vis-sans-fin-kausiflam-xuo-7-kwxuo-10-kweto-12-kweto-14-kwastro-10-kwirisanatheoelaraxuo-luxxuo-ecostonethyaestianeptoxia-lxia-scod-ri-00233\/","url":"https:\/\/amrtop.net\/produit\/vis-sans-fin-kausiflam-xuo-7-kwxuo-10-kweto-12-kweto-14-kwastro-10-kwirisanatheoelaraxuo-luxxuo-ecostonethyaestianeptoxia-lxia-scod-ri-00233\/","name":"Ensamble vis sans fin pour les po\u00eales \u00e0 granul\u00e9s Kausiflam code.RI.00233 - AMRTOP B2B \u00c9tranger - Achats r\u00e9serv\u00e9s au professionnel","isPartOf":{"@id":"https:\/\/amrtop.net\/#website"},"primaryImageOfPage":{"@id":"https:\/\/amrtop.net\/produit\/vis-sans-fin-kausiflam-xuo-7-kwxuo-10-kweto-12-kweto-14-kwastro-10-kwirisanatheoelaraxuo-luxxuo-ecostonethyaestianeptoxia-lxia-scod-ri-00233\/#primaryimage"},"image":{"@id":"https:\/\/amrtop.net\/produit\/vis-sans-fin-kausiflam-xuo-7-kwxuo-10-kweto-12-kweto-14-kwastro-10-kwirisanatheoelaraxuo-luxxuo-ecostonethyaestianeptoxia-lxia-scod-ri-00233\/#primaryimage"},"thumbnailUrl":"https:\/\/amrtop.net\/wp-content\/uploads\/2021\/11\/KAUSIFLAM-amrtop.jpg","datePublished":"2020-10-01T00:00:00+00:00","dateModified":"2021-11-18T17:05:28+00:00","breadcrumb":{"@id":"https:\/\/amrtop.net\/produit\/vis-sans-fin-kausiflam-xuo-7-kwxuo-10-kweto-12-kweto-14-kwastro-10-kwirisanatheoelaraxuo-luxxuo-ecostonethyaestianeptoxia-lxia-scod-ri-00233\/#breadcrumb"},"inLanguage":"de","potentialAction":[{"@type":"ReadAction","target":["https:\/\/amrtop.net\/produit\/vis-sans-fin-kausiflam-xuo-7-kwxuo-10-kweto-12-kweto-14-kwastro-10-kwirisanatheoelaraxuo-luxxuo-ecostonethyaestianeptoxia-lxia-scod-ri-00233\/"]}]},{"@type":"ImageObject","inLanguage":"de","@id":"https:\/\/amrtop.net\/produit\/vis-sans-fin-kausiflam-xuo-7-kwxuo-10-kweto-12-kweto-14-kwastro-10-kwirisanatheoelaraxuo-luxxuo-ecostonethyaestianeptoxia-lxia-scod-ri-00233\/#primaryimage","url":"https:\/\/amrtop.net\/wp-content\/uploads\/2021\/11\/KAUSIFLAM-amrtop.jpg","contentUrl":"https:\/\/amrtop.net\/wp-content\/uploads\/2021\/11\/KAUSIFLAM-amrtop.jpg","width":960,"height":960},{"@type":"BreadcrumbList","@id":"https:\/\/amrtop.net\/produit\/vis-sans-fin-kausiflam-xuo-7-kwxuo-10-kweto-12-kweto-14-kwastro-10-kwirisanatheoelaraxuo-luxxuo-ecostonethyaestianeptoxia-lxia-scod-ri-00233\/#breadcrumb","itemListElement":[{"@type":"ListItem","position":1,"name":"Home","item":"https:\/\/amrtop.net\/"},{"@type":"ListItem","position":2,"name":"Shop","item":"https:\/\/amrtop.net\/negozio\/"},{"@type":"ListItem","position":3,"name":"Ensamble vis sans fin pour les po\u00eales \u00e0 granul\u00e9s Kausiflam code.RI.00233"}]},{"@type":"WebSite","@id":"https:\/\/amrtop.net\/#website","url":"https:\/\/amrtop.net\/","name":"AMRTOP B2B Ausland - Einkaufen nur f\u00fcr Fachleute","description":"Ersatzteile und Zubeh\u00f6r f\u00fcr \u00d6fen und Heizkessel - B2B eCommerce f\u00fcr Gesch\u00e4ftskunden","potentialAction":[{"@type":"SearchAction","target":{"@type":"EntryPoint","urlTemplate":"https:\/\/amrtop.net\/?s={search_term_string}"},"query-input":{"@type":"PropertyValueSpecification","valueRequired":true,"valueName":"search_term_string"}}],"inLanguage":"de"}]}},"_links":{"self":[{"href":"https:\/\/amrtop.net\/de\/wp-json\/wp\/v2\/product\/17622","targetHints":{"allow":["GET"]}}],"collection":[{"href":"https:\/\/amrtop.net\/de\/wp-json\/wp\/v2\/product"}],"about":[{"href":"https:\/\/amrtop.net\/de\/wp-json\/wp\/v2\/types\/product"}],"replies":[{"embeddable":true,"href":"https:\/\/amrtop.net\/de\/wp-json\/wp\/v2\/comments?post=17622"}],"wp:featuredmedia":[{"embeddable":true,"href":"https:\/\/amrtop.net\/de\/wp-json\/wp\/v2\/media\/19573"}],"wp:attachment":[{"href":"https:\/\/amrtop.net\/de\/wp-json\/wp\/v2\/media?parent=17622"}],"wp:term":[{"taxonomy":"product_brand","embeddable":true,"href":"https:\/\/amrtop.net\/de\/wp-json\/wp\/v2\/product_brand?post=17622"},{"taxonomy":"product_cat","embeddable":true,"href":"https:\/\/amrtop.net\/de\/wp-json\/wp\/v2\/product_cat?post=17622"},{"taxonomy":"product_tag","embeddable":true,"href":"https:\/\/amrtop.net\/de\/wp-json\/wp\/v2\/product_tag?post=17622"}],"curies":[{"name":"wp","href":"https:\/\/api.w.org\/{rel}","templated":true}]}}