{"id":17638,"date":"2020-10-01T00:00:00","date_gmt":"2020-10-01T00:00:00","guid":{"rendered":"https:\/\/amrtop.com\/B2B\/?post_type=product&#038;p=17638"},"modified":"2021-11-18T17:05:37","modified_gmt":"2021-11-18T17:05:37","slug":"poignee-kausiflam-xuo-7-kwxuo-10-kweto-12-kweto-14-kwastro-10-kwnovaopalejazzirisxuo-luxxuo-ecothyaestianeptocod-ri-01301","status":"publish","type":"product","link":"https:\/\/amrtop.net\/de\/produit\/poignee-kausiflam-xuo-7-kwxuo-10-kweto-12-kweto-14-kwastro-10-kwnovaopalejazzirisxuo-luxxuo-ecothyaestianeptocod-ri-01301\/","title":{"rendered":"T\u00fcrgriff Feuerstelle f\u00fcr Pellet\u00f6fen Kausiflam <br>code.RI.01301"},"content":{"rendered":"<hr \/>\n<h2>   T\u00fcrgriff Feuerstelle f\u00fcr Pellet\u00f6fen Kausiflam <\/h2>\n<p>code. RI.01301<\/p>\n<p>Pour les mod\u00e8les des po\u00eales \u00e0 granul\u00e9s Kausiflam: Xuo 7 Kw, Xuo 10 kw, Eto 12 kw, Eto 14 kw, Astro 10 kw, Nova, Opale, Jazz, Iris, Xuo Lux, Xuo Eco, Thya, Estia, Nepto<\/p>\n<hr \/>\n<p>Wir k\u00f6nnen eine breite Palette an Zubeh\u00f6r, Ersatzteilen und Komponenten f\u00fcr alle auf dem Markt befindlichen Pellet\u00f6fen und -kessel liefern.<br \/>\nIn unserem E-Commerce finden Sie alle dringend ben\u00f6tigten Teile immer auf Lager.<br \/>\nWir k\u00f6nnen Ihnen die \u00e4sthetischen Au\u00dfenteile und Zimmermannsarbeiten liefern, wobei zu beachten ist, dass die Lieferzeiten zwischen 30 und 60 Werktagen variieren k\u00f6nnen.<br \/>\nDie Mitarbeiter von Amrtop wurden sorgf\u00e4ltig geschult, um Ihnen bei der Identifizierung von eventuell zu ersetzenden Ersatzteilen zu helfen, indem sie telefonische Unterst\u00fctzung in Franz\u00f6sisch, Englisch, Rum\u00e4nisch und Italienisch anbieten.<br \/>\nZ\u00f6gern Sie nicht, uns f\u00fcr Informationen zu kontaktieren<\/p>","protected":false},"excerpt":{"rendered":"<p>Poign\u00e9e de porte foyer pour les po\u00eales \u00e0 granul\u00e9s Kausiflam code. RI.01301 Pour les mod\u00e8les des po\u00eales \u00e0 granul\u00e9s Kausiflam: Xuo 7 Kw, Xuo 10 kw, Eto 12 kw, Eto 14 kw, Astro 10 kw, Nova, Opale, Jazz, Iris, Xuo Lux, Xuo Eco, Thya, Estia, Nepto Nous pouvons fournir une large gamme d\u2019accessoires, de pi\u00e8ces [&hellip;]<\/p>\n","protected":false},"featured_media":19573,"comment_status":"open","ping_status":"closed","template":"","meta":[],"product_brand":[],"product_cat":[1253,1259,1254,1255,1260,1267,1232,1261,1268,1269,940,1263,1256,1257,1264,1265],"product_tag":[1345],"class_list":{"0":"post-17638","1":"product","2":"type-product","3":"status-publish","4":"has-post-thumbnail","6":"product_cat-astro-10-kw","7":"product_cat-estia","8":"product_cat-eto-12-kw","9":"product_cat-eto-14-kw","10":"product_cat-iris-kausiflam","11":"product_cat-jazz-kausiflam","12":"product_cat-kausiflam","13":"product_cat-nepto-kausiflam","14":"product_cat-nova-kausiflam","15":"product_cat-opale-kausiflam","16":"product_cat-pieces-detachees-specifiques-par-marque","17":"product_cat-thya-kausiflam","18":"product_cat-xuo-10-kw-kausiflam","19":"product_cat-xuo-7-kw-kausiflam","20":"product_cat-xuo-eco-kausiflam","21":"product_cat-xuo-lux-kausiflam","22":"product_tag-kausiflam","23":"product_shipping_class-classe-di-spedizione-01","25":"first","26":"instock","27":"shipping-taxable","28":"purchasable","29":"product-type-simple"},"yoast_head":"<!-- This site is optimized with the Yoast SEO plugin v27.5 - https:\/\/yoast.com\/product\/yoast-seo-wordpress\/ -->\n<title>Poign\u00e9e de porte foyer pour po\u00eales \u00e0 granul\u00e9s Kausiflam - AMRTOP B2B \u00c9tranger - Achats r\u00e9serv\u00e9s au professionnel<\/title>\n<meta name=\"description\" content=\"Poign\u00e9e de porte foyer pour po\u00eales \u00e0 granul\u00e9s Kausiflam Xuo 7 Kw, Xuo 10 kw, Eto 12 kw, Eto 14 kw, Astro 10 kw, Nova, Opale, Jazz, Iris, Xuo Lux, Xuo Eco, Thya, Estia, Nepto\" \/>\n<meta name=\"robots\" content=\"index, follow, max-snippet:-1, max-image-preview:large, max-video-preview:-1\" \/>\n<link rel=\"canonical\" href=\"https:\/\/amrtop.net\/de\/produkt\/poignee-kausiflam-xuo-7-kwxuo-10-kweto-12-kweto-14-kwastro-10-kwnovaopalejazzirisxuo-luxxuo-ecothyaestianeptocod-ri-01301\/\" \/>\n<meta property=\"og:locale\" content=\"de_DE\" \/>\n<meta property=\"og:type\" content=\"article\" \/>\n<meta property=\"og:title\" content=\"Poign\u00e9e de porte foyer pour po\u00eales \u00e0 granul\u00e9s Kausiflam - AMRTOP B2B \u00c9tranger - Achats r\u00e9serv\u00e9s au professionnel\" \/>\n<meta property=\"og:description\" content=\"Poign\u00e9e de porte foyer pour po\u00eales \u00e0 granul\u00e9s Kausiflam Xuo 7 Kw, Xuo 10 kw, Eto 12 kw, Eto 14 kw, Astro 10 kw, Nova, Opale, Jazz, Iris, Xuo Lux, Xuo Eco, Thya, Estia, Nepto\" \/>\n<meta property=\"og:url\" content=\"https:\/\/amrtop.net\/de\/produkt\/poignee-kausiflam-xuo-7-kwxuo-10-kweto-12-kweto-14-kwastro-10-kwnovaopalejazzirisxuo-luxxuo-ecothyaestianeptocod-ri-01301\/\" \/>\n<meta property=\"og:site_name\" content=\"AMRTOP B2B \u00c9tranger - Achats r\u00e9serv\u00e9s au professionnel\" \/>\n<meta property=\"article:modified_time\" content=\"2021-11-18T17:05:37+00:00\" \/>\n<meta property=\"og:image\" content=\"https:\/\/amrtop.net\/wp-content\/uploads\/2021\/11\/KAUSIFLAM-amrtop.jpg\" \/>\n\t<meta property=\"og:image:width\" content=\"960\" \/>\n\t<meta property=\"og:image:height\" content=\"960\" \/>\n\t<meta property=\"og:image:type\" content=\"image\/jpeg\" \/>\n<meta name=\"twitter:card\" content=\"summary_large_image\" \/>\n<meta name=\"twitter:label1\" content=\"Gesch\u00e4tzte Lesezeit\" \/>\n\t<meta name=\"twitter:data1\" content=\"1\u00a0Minute\" \/>\n<script type=\"application\/ld+json\" class=\"yoast-schema-graph\">{\"@context\":\"https:\\\/\\\/schema.org\",\"@graph\":[{\"@type\":\"WebPage\",\"@id\":\"https:\\\/\\\/amrtop.net\\\/produit\\\/poignee-kausiflam-xuo-7-kwxuo-10-kweto-12-kweto-14-kwastro-10-kwnovaopalejazzirisxuo-luxxuo-ecothyaestianeptocod-ri-01301\\\/\",\"url\":\"https:\\\/\\\/amrtop.net\\\/produit\\\/poignee-kausiflam-xuo-7-kwxuo-10-kweto-12-kweto-14-kwastro-10-kwnovaopalejazzirisxuo-luxxuo-ecothyaestianeptocod-ri-01301\\\/\",\"name\":\"Poign\u00e9e de porte foyer pour po\u00eales \u00e0 granul\u00e9s Kausiflam - AMRTOP B2B \u00c9tranger - Achats r\u00e9serv\u00e9s au professionnel\",\"isPartOf\":{\"@id\":\"https:\\\/\\\/amrtop.net\\\/#website\"},\"primaryImageOfPage\":{\"@id\":\"https:\\\/\\\/amrtop.net\\\/produit\\\/poignee-kausiflam-xuo-7-kwxuo-10-kweto-12-kweto-14-kwastro-10-kwnovaopalejazzirisxuo-luxxuo-ecothyaestianeptocod-ri-01301\\\/#primaryimage\"},\"image\":{\"@id\":\"https:\\\/\\\/amrtop.net\\\/produit\\\/poignee-kausiflam-xuo-7-kwxuo-10-kweto-12-kweto-14-kwastro-10-kwnovaopalejazzirisxuo-luxxuo-ecothyaestianeptocod-ri-01301\\\/#primaryimage\"},\"thumbnailUrl\":\"https:\\\/\\\/amrtop.net\\\/wp-content\\\/uploads\\\/2021\\\/11\\\/KAUSIFLAM-amrtop.jpg\",\"datePublished\":\"2020-10-01T00:00:00+00:00\",\"dateModified\":\"2021-11-18T17:05:37+00:00\",\"description\":\"Poign\u00e9e de porte foyer pour po\u00eales \u00e0 granul\u00e9s Kausiflam Xuo 7 Kw, Xuo 10 kw, Eto 12 kw, Eto 14 kw, Astro 10 kw, Nova, Opale, Jazz, Iris, Xuo Lux, Xuo Eco, Thya, Estia, Nepto\",\"breadcrumb\":{\"@id\":\"https:\\\/\\\/amrtop.net\\\/produit\\\/poignee-kausiflam-xuo-7-kwxuo-10-kweto-12-kweto-14-kwastro-10-kwnovaopalejazzirisxuo-luxxuo-ecothyaestianeptocod-ri-01301\\\/#breadcrumb\"},\"inLanguage\":\"de\",\"potentialAction\":[{\"@type\":\"ReadAction\",\"target\":[\"https:\\\/\\\/amrtop.net\\\/produit\\\/poignee-kausiflam-xuo-7-kwxuo-10-kweto-12-kweto-14-kwastro-10-kwnovaopalejazzirisxuo-luxxuo-ecothyaestianeptocod-ri-01301\\\/\"]}]},{\"@type\":\"ImageObject\",\"inLanguage\":\"de\",\"@id\":\"https:\\\/\\\/amrtop.net\\\/produit\\\/poignee-kausiflam-xuo-7-kwxuo-10-kweto-12-kweto-14-kwastro-10-kwnovaopalejazzirisxuo-luxxuo-ecothyaestianeptocod-ri-01301\\\/#primaryimage\",\"url\":\"https:\\\/\\\/amrtop.net\\\/wp-content\\\/uploads\\\/2021\\\/11\\\/KAUSIFLAM-amrtop.jpg\",\"contentUrl\":\"https:\\\/\\\/amrtop.net\\\/wp-content\\\/uploads\\\/2021\\\/11\\\/KAUSIFLAM-amrtop.jpg\",\"width\":960,\"height\":960},{\"@type\":\"BreadcrumbList\",\"@id\":\"https:\\\/\\\/amrtop.net\\\/produit\\\/poignee-kausiflam-xuo-7-kwxuo-10-kweto-12-kweto-14-kwastro-10-kwnovaopalejazzirisxuo-luxxuo-ecothyaestianeptocod-ri-01301\\\/#breadcrumb\",\"itemListElement\":[{\"@type\":\"ListItem\",\"position\":1,\"name\":\"Home\",\"item\":\"https:\\\/\\\/amrtop.net\\\/\"},{\"@type\":\"ListItem\",\"position\":2,\"name\":\"Shop\",\"item\":\"https:\\\/\\\/amrtop.net\\\/negozio\\\/\"},{\"@type\":\"ListItem\",\"position\":3,\"name\":\"Poign\u00e9e de porte foyer pour les po\u00eales \u00e0 granul\u00e9s Kausiflam code.RI.01301\"}]},{\"@type\":\"WebSite\",\"@id\":\"https:\\\/\\\/amrtop.net\\\/#website\",\"url\":\"https:\\\/\\\/amrtop.net\\\/\",\"name\":\"AMRTOP B2B \u00c9tranger - Achats r\u00e9serv\u00e9s au professionnel\",\"description\":\"Pi\u00e8ces de rechange et accessoires pour po\u00eales et chaudi\u00e8res - eCommerce B2B pour Clients Professionnels\",\"potentialAction\":[{\"@type\":\"SearchAction\",\"target\":{\"@type\":\"EntryPoint\",\"urlTemplate\":\"https:\\\/\\\/amrtop.net\\\/?s={search_term_string}\"},\"query-input\":{\"@type\":\"PropertyValueSpecification\",\"valueRequired\":true,\"valueName\":\"search_term_string\"}}],\"inLanguage\":\"de\"}]}<\/script>\n<!-- \/ Yoast SEO plugin. -->","yoast_head_json":{"title":"Poign\u00e9e de porte foyer pour po\u00eales \u00e0 granul\u00e9s Kausiflam - AMRTOP B2B \u00c9tranger - Achats r\u00e9serv\u00e9s au professionnel","description":"Poign\u00e9e de porte foyer pour po\u00eales \u00e0 granul\u00e9s Kausiflam Xuo 7 Kw, Xuo 10 kw, Eto 12 kw, Eto 14 kw, Astro 10 kw, Nova, Opale, Jazz, Iris, Xuo Lux, Xuo Eco, Thya, Estia, Nepto","robots":{"index":"index","follow":"follow","max-snippet":"max-snippet:-1","max-image-preview":"max-image-preview:large","max-video-preview":"max-video-preview:-1"},"canonical":"https:\/\/amrtop.net\/de\/produkt\/poignee-kausiflam-xuo-7-kwxuo-10-kweto-12-kweto-14-kwastro-10-kwnovaopalejazzirisxuo-luxxuo-ecothyaestianeptocod-ri-01301\/","og_locale":"de_DE","og_type":"article","og_title":"Poign\u00e9e de porte foyer pour po\u00eales \u00e0 granul\u00e9s Kausiflam - AMRTOP B2B \u00c9tranger - Achats r\u00e9serv\u00e9s au professionnel","og_description":"Poign\u00e9e de porte foyer pour po\u00eales \u00e0 granul\u00e9s Kausiflam Xuo 7 Kw, Xuo 10 kw, Eto 12 kw, Eto 14 kw, Astro 10 kw, Nova, Opale, Jazz, Iris, Xuo Lux, Xuo Eco, Thya, Estia, Nepto","og_url":"https:\/\/amrtop.net\/de\/produkt\/poignee-kausiflam-xuo-7-kwxuo-10-kweto-12-kweto-14-kwastro-10-kwnovaopalejazzirisxuo-luxxuo-ecothyaestianeptocod-ri-01301\/","og_site_name":"AMRTOP B2B \u00c9tranger - Achats r\u00e9serv\u00e9s au professionnel","article_modified_time":"2021-11-18T17:05:37+00:00","og_image":[{"width":960,"height":960,"url":"https:\/\/amrtop.net\/wp-content\/uploads\/2021\/11\/KAUSIFLAM-amrtop.jpg","type":"image\/jpeg"}],"twitter_card":"summary_large_image","twitter_misc":{"Gesch\u00e4tzte Lesezeit":"1\u00a0Minute"},"schema":{"@context":"https:\/\/schema.org","@graph":[{"@type":"WebPage","@id":"https:\/\/amrtop.net\/produit\/poignee-kausiflam-xuo-7-kwxuo-10-kweto-12-kweto-14-kwastro-10-kwnovaopalejazzirisxuo-luxxuo-ecothyaestianeptocod-ri-01301\/","url":"https:\/\/amrtop.net\/produit\/poignee-kausiflam-xuo-7-kwxuo-10-kweto-12-kweto-14-kwastro-10-kwnovaopalejazzirisxuo-luxxuo-ecothyaestianeptocod-ri-01301\/","name":"Poign\u00e9e de porte foyer pour po\u00eales \u00e0 granul\u00e9s Kausiflam - AMRTOP B2B \u00c9tranger - Achats r\u00e9serv\u00e9s au professionnel","isPartOf":{"@id":"https:\/\/amrtop.net\/#website"},"primaryImageOfPage":{"@id":"https:\/\/amrtop.net\/produit\/poignee-kausiflam-xuo-7-kwxuo-10-kweto-12-kweto-14-kwastro-10-kwnovaopalejazzirisxuo-luxxuo-ecothyaestianeptocod-ri-01301\/#primaryimage"},"image":{"@id":"https:\/\/amrtop.net\/produit\/poignee-kausiflam-xuo-7-kwxuo-10-kweto-12-kweto-14-kwastro-10-kwnovaopalejazzirisxuo-luxxuo-ecothyaestianeptocod-ri-01301\/#primaryimage"},"thumbnailUrl":"https:\/\/amrtop.net\/wp-content\/uploads\/2021\/11\/KAUSIFLAM-amrtop.jpg","datePublished":"2020-10-01T00:00:00+00:00","dateModified":"2021-11-18T17:05:37+00:00","description":"Poign\u00e9e de porte foyer pour po\u00eales \u00e0 granul\u00e9s Kausiflam Xuo 7 Kw, Xuo 10 kw, Eto 12 kw, Eto 14 kw, Astro 10 kw, Nova, Opale, Jazz, Iris, Xuo Lux, Xuo Eco, Thya, Estia, Nepto","breadcrumb":{"@id":"https:\/\/amrtop.net\/produit\/poignee-kausiflam-xuo-7-kwxuo-10-kweto-12-kweto-14-kwastro-10-kwnovaopalejazzirisxuo-luxxuo-ecothyaestianeptocod-ri-01301\/#breadcrumb"},"inLanguage":"de","potentialAction":[{"@type":"ReadAction","target":["https:\/\/amrtop.net\/produit\/poignee-kausiflam-xuo-7-kwxuo-10-kweto-12-kweto-14-kwastro-10-kwnovaopalejazzirisxuo-luxxuo-ecothyaestianeptocod-ri-01301\/"]}]},{"@type":"ImageObject","inLanguage":"de","@id":"https:\/\/amrtop.net\/produit\/poignee-kausiflam-xuo-7-kwxuo-10-kweto-12-kweto-14-kwastro-10-kwnovaopalejazzirisxuo-luxxuo-ecothyaestianeptocod-ri-01301\/#primaryimage","url":"https:\/\/amrtop.net\/wp-content\/uploads\/2021\/11\/KAUSIFLAM-amrtop.jpg","contentUrl":"https:\/\/amrtop.net\/wp-content\/uploads\/2021\/11\/KAUSIFLAM-amrtop.jpg","width":960,"height":960},{"@type":"BreadcrumbList","@id":"https:\/\/amrtop.net\/produit\/poignee-kausiflam-xuo-7-kwxuo-10-kweto-12-kweto-14-kwastro-10-kwnovaopalejazzirisxuo-luxxuo-ecothyaestianeptocod-ri-01301\/#breadcrumb","itemListElement":[{"@type":"ListItem","position":1,"name":"Home","item":"https:\/\/amrtop.net\/"},{"@type":"ListItem","position":2,"name":"Shop","item":"https:\/\/amrtop.net\/negozio\/"},{"@type":"ListItem","position":3,"name":"Poign\u00e9e de porte foyer pour les po\u00eales \u00e0 granul\u00e9s Kausiflam code.RI.01301"}]},{"@type":"WebSite","@id":"https:\/\/amrtop.net\/#website","url":"https:\/\/amrtop.net\/","name":"AMRTOP B2B Ausland - Einkaufen nur f\u00fcr Fachleute","description":"Ersatzteile und Zubeh\u00f6r f\u00fcr \u00d6fen und Heizkessel - B2B eCommerce f\u00fcr Gesch\u00e4ftskunden","potentialAction":[{"@type":"SearchAction","target":{"@type":"EntryPoint","urlTemplate":"https:\/\/amrtop.net\/?s={search_term_string}"},"query-input":{"@type":"PropertyValueSpecification","valueRequired":true,"valueName":"search_term_string"}}],"inLanguage":"de"}]}},"_links":{"self":[{"href":"https:\/\/amrtop.net\/de\/wp-json\/wp\/v2\/product\/17638","targetHints":{"allow":["GET"]}}],"collection":[{"href":"https:\/\/amrtop.net\/de\/wp-json\/wp\/v2\/product"}],"about":[{"href":"https:\/\/amrtop.net\/de\/wp-json\/wp\/v2\/types\/product"}],"replies":[{"embeddable":true,"href":"https:\/\/amrtop.net\/de\/wp-json\/wp\/v2\/comments?post=17638"}],"wp:featuredmedia":[{"embeddable":true,"href":"https:\/\/amrtop.net\/de\/wp-json\/wp\/v2\/media\/19573"}],"wp:attachment":[{"href":"https:\/\/amrtop.net\/de\/wp-json\/wp\/v2\/media?parent=17638"}],"wp:term":[{"taxonomy":"product_brand","embeddable":true,"href":"https:\/\/amrtop.net\/de\/wp-json\/wp\/v2\/product_brand?post=17638"},{"taxonomy":"product_cat","embeddable":true,"href":"https:\/\/amrtop.net\/de\/wp-json\/wp\/v2\/product_cat?post=17638"},{"taxonomy":"product_tag","embeddable":true,"href":"https:\/\/amrtop.net\/de\/wp-json\/wp\/v2\/product_tag?post=17638"}],"curies":[{"name":"wp","href":"https:\/\/api.w.org\/{rel}","templated":true}]}}