{"id":17662,"date":"2020-10-01T00:00:00","date_gmt":"2020-10-01T00:00:00","guid":{"rendered":"https:\/\/amrtop.com\/B2B\/?post_type=product&#038;p=17662"},"modified":"2021-11-18T17:05:48","modified_gmt":"2021-11-18T17:05:48","slug":"trappe-inspection-reservoir-kausiflam-novaopalejazzcod-ri-01820","status":"publish","type":"product","link":"https:\/\/amrtop.net\/de\/produit\/trappe-inspection-reservoir-kausiflam-novaopalejazzcod-ri-01820\/","title":{"rendered":"Inspektionsklappe f\u00fcr Pellet\u00f6fen Kausiflam <br> code.RI.01820"},"content":{"rendered":"<hr \/>\n<h2> Inspektionsklappe f\u00fcr Pellet\u00f6fen Kausiflam<\/h2>\n<p>code.RI.01820<\/p>\n<p>F\u00fcr die Modelle der Kausiflam-Pellet\u00f6fen: Nova, Opale, Jazz<\/p>","protected":false},"excerpt":{"rendered":"<p>Trappe inspection reservoir pour les po\u00eales \u00e0 granul\u00e9s Kausiflam code.RI.01820 Pour les mod\u00e8les des po\u00eales \u00e0 granul\u00e9s Kausiflam: Nova, Opale, Jazz<\/p>","protected":false},"featured_media":16544,"comment_status":"open","ping_status":"closed","template":"","meta":[],"product_brand":[],"product_cat":[1267,1232,1268,1269,940],"product_tag":[1345],"class_list":{"0":"post-17662","1":"product","2":"type-product","3":"status-publish","4":"has-post-thumbnail","6":"product_cat-jazz-kausiflam","7":"product_cat-kausiflam","8":"product_cat-nova-kausiflam","9":"product_cat-opale-kausiflam","10":"product_cat-pieces-detachees-specifiques-par-marque","11":"product_tag-kausiflam","12":"product_shipping_class-classe-di-spedizione-01","14":"first","15":"instock","16":"shipping-taxable","17":"purchasable","18":"product-type-simple"},"yoast_head":"<!-- This site is optimized with the Yoast SEO plugin v27.5 - https:\/\/yoast.com\/product\/yoast-seo-wordpress\/ -->\n<title>Trappe inspection reservoir pour les po\u00eales \u00e0 granul\u00e9s Kausiflam  code.RI.01820 - AMRTOP B2B \u00c9tranger - Achats r\u00e9serv\u00e9s au professionnel<\/title>\n<meta name=\"robots\" content=\"index, follow, max-snippet:-1, max-image-preview:large, max-video-preview:-1\" \/>\n<link rel=\"canonical\" href=\"https:\/\/amrtop.net\/de\/produkt\/trappe-inspection-reservoir-kausiflam-novaopalejazzcod-ri-01820\/\" \/>\n<meta property=\"og:locale\" content=\"de_DE\" \/>\n<meta property=\"og:type\" content=\"article\" \/>\n<meta property=\"og:title\" content=\"Trappe inspection reservoir pour les po\u00eales \u00e0 granul\u00e9s Kausiflam  code.RI.01820 - AMRTOP B2B \u00c9tranger - Achats r\u00e9serv\u00e9s au professionnel\" \/>\n<meta property=\"og:description\" content=\"Trappe inspection reservoir pour les po\u00eales \u00e0 granul\u00e9s Kausiflam code.RI.01820 Pour les mod\u00e8les des po\u00eales \u00e0 granul\u00e9s Kausiflam: Nova, Opale, Jazz\" \/>\n<meta property=\"og:url\" content=\"https:\/\/amrtop.net\/de\/produkt\/trappe-inspection-reservoir-kausiflam-novaopalejazzcod-ri-01820\/\" \/>\n<meta property=\"og:site_name\" content=\"AMRTOP B2B \u00c9tranger - Achats r\u00e9serv\u00e9s au professionnel\" \/>\n<meta property=\"article:modified_time\" content=\"2021-11-18T17:05:48+00:00\" \/>\n<meta property=\"og:image\" content=\"https:\/\/amrtop.net\/wp-content\/uploads\/2021\/08\/KAUSIFLAM-amrtop.jpg\" \/>\n\t<meta property=\"og:image:width\" content=\"960\" \/>\n\t<meta property=\"og:image:height\" content=\"960\" \/>\n\t<meta property=\"og:image:type\" content=\"image\/jpeg\" \/>\n<meta name=\"twitter:card\" content=\"summary_large_image\" \/>\n<script type=\"application\/ld+json\" class=\"yoast-schema-graph\">{\"@context\":\"https:\\\/\\\/schema.org\",\"@graph\":[{\"@type\":\"WebPage\",\"@id\":\"https:\\\/\\\/amrtop.net\\\/produit\\\/trappe-inspection-reservoir-kausiflam-novaopalejazzcod-ri-01820\\\/\",\"url\":\"https:\\\/\\\/amrtop.net\\\/produit\\\/trappe-inspection-reservoir-kausiflam-novaopalejazzcod-ri-01820\\\/\",\"name\":\"Trappe inspection reservoir pour les po\u00eales \u00e0 granul\u00e9s Kausiflam code.RI.01820 - AMRTOP B2B \u00c9tranger - Achats r\u00e9serv\u00e9s au professionnel\",\"isPartOf\":{\"@id\":\"https:\\\/\\\/amrtop.net\\\/#website\"},\"primaryImageOfPage\":{\"@id\":\"https:\\\/\\\/amrtop.net\\\/produit\\\/trappe-inspection-reservoir-kausiflam-novaopalejazzcod-ri-01820\\\/#primaryimage\"},\"image\":{\"@id\":\"https:\\\/\\\/amrtop.net\\\/produit\\\/trappe-inspection-reservoir-kausiflam-novaopalejazzcod-ri-01820\\\/#primaryimage\"},\"thumbnailUrl\":\"https:\\\/\\\/amrtop.net\\\/wp-content\\\/uploads\\\/2021\\\/08\\\/KAUSIFLAM-amrtop.jpg\",\"datePublished\":\"2020-10-01T00:00:00+00:00\",\"dateModified\":\"2021-11-18T17:05:48+00:00\",\"breadcrumb\":{\"@id\":\"https:\\\/\\\/amrtop.net\\\/produit\\\/trappe-inspection-reservoir-kausiflam-novaopalejazzcod-ri-01820\\\/#breadcrumb\"},\"inLanguage\":\"de\",\"potentialAction\":[{\"@type\":\"ReadAction\",\"target\":[\"https:\\\/\\\/amrtop.net\\\/produit\\\/trappe-inspection-reservoir-kausiflam-novaopalejazzcod-ri-01820\\\/\"]}]},{\"@type\":\"ImageObject\",\"inLanguage\":\"de\",\"@id\":\"https:\\\/\\\/amrtop.net\\\/produit\\\/trappe-inspection-reservoir-kausiflam-novaopalejazzcod-ri-01820\\\/#primaryimage\",\"url\":\"https:\\\/\\\/amrtop.net\\\/wp-content\\\/uploads\\\/2021\\\/08\\\/KAUSIFLAM-amrtop.jpg\",\"contentUrl\":\"https:\\\/\\\/amrtop.net\\\/wp-content\\\/uploads\\\/2021\\\/08\\\/KAUSIFLAM-amrtop.jpg\",\"width\":960,\"height\":960},{\"@type\":\"BreadcrumbList\",\"@id\":\"https:\\\/\\\/amrtop.net\\\/produit\\\/trappe-inspection-reservoir-kausiflam-novaopalejazzcod-ri-01820\\\/#breadcrumb\",\"itemListElement\":[{\"@type\":\"ListItem\",\"position\":1,\"name\":\"Home\",\"item\":\"https:\\\/\\\/amrtop.net\\\/\"},{\"@type\":\"ListItem\",\"position\":2,\"name\":\"Shop\",\"item\":\"https:\\\/\\\/amrtop.net\\\/negozio\\\/\"},{\"@type\":\"ListItem\",\"position\":3,\"name\":\"Trappe inspection reservoir pour les po\u00eales \u00e0 granul\u00e9s Kausiflam code.RI.01820\"}]},{\"@type\":\"WebSite\",\"@id\":\"https:\\\/\\\/amrtop.net\\\/#website\",\"url\":\"https:\\\/\\\/amrtop.net\\\/\",\"name\":\"AMRTOP B2B \u00c9tranger - Achats r\u00e9serv\u00e9s au professionnel\",\"description\":\"Pi\u00e8ces de rechange et accessoires pour po\u00eales et chaudi\u00e8res - eCommerce B2B pour Clients Professionnels\",\"potentialAction\":[{\"@type\":\"SearchAction\",\"target\":{\"@type\":\"EntryPoint\",\"urlTemplate\":\"https:\\\/\\\/amrtop.net\\\/?s={search_term_string}\"},\"query-input\":{\"@type\":\"PropertyValueSpecification\",\"valueRequired\":true,\"valueName\":\"search_term_string\"}}],\"inLanguage\":\"de\"}]}<\/script>\n<!-- \/ Yoast SEO plugin. -->","yoast_head_json":{"title":"Trappe inspection reservoir pour les po\u00eales \u00e0 granul\u00e9s Kausiflam  code.RI.01820 - AMRTOP B2B \u00c9tranger - Achats r\u00e9serv\u00e9s au professionnel","robots":{"index":"index","follow":"follow","max-snippet":"max-snippet:-1","max-image-preview":"max-image-preview:large","max-video-preview":"max-video-preview:-1"},"canonical":"https:\/\/amrtop.net\/de\/produkt\/trappe-inspection-reservoir-kausiflam-novaopalejazzcod-ri-01820\/","og_locale":"de_DE","og_type":"article","og_title":"Trappe inspection reservoir pour les po\u00eales \u00e0 granul\u00e9s Kausiflam  code.RI.01820 - AMRTOP B2B \u00c9tranger - Achats r\u00e9serv\u00e9s au professionnel","og_description":"Trappe inspection reservoir pour les po\u00eales \u00e0 granul\u00e9s Kausiflam code.RI.01820 Pour les mod\u00e8les des po\u00eales \u00e0 granul\u00e9s Kausiflam: Nova, Opale, Jazz","og_url":"https:\/\/amrtop.net\/de\/produkt\/trappe-inspection-reservoir-kausiflam-novaopalejazzcod-ri-01820\/","og_site_name":"AMRTOP B2B \u00c9tranger - Achats r\u00e9serv\u00e9s au professionnel","article_modified_time":"2021-11-18T17:05:48+00:00","og_image":[{"width":960,"height":960,"url":"https:\/\/amrtop.net\/wp-content\/uploads\/2021\/08\/KAUSIFLAM-amrtop.jpg","type":"image\/jpeg"}],"twitter_card":"summary_large_image","schema":{"@context":"https:\/\/schema.org","@graph":[{"@type":"WebPage","@id":"https:\/\/amrtop.net\/produit\/trappe-inspection-reservoir-kausiflam-novaopalejazzcod-ri-01820\/","url":"https:\/\/amrtop.net\/produit\/trappe-inspection-reservoir-kausiflam-novaopalejazzcod-ri-01820\/","name":"Trappe inspection reservoir pour les po\u00eales \u00e0 granul\u00e9s Kausiflam code.RI.01820 - AMRTOP B2B \u00c9tranger - Achats r\u00e9serv\u00e9s au professionnel","isPartOf":{"@id":"https:\/\/amrtop.net\/#website"},"primaryImageOfPage":{"@id":"https:\/\/amrtop.net\/produit\/trappe-inspection-reservoir-kausiflam-novaopalejazzcod-ri-01820\/#primaryimage"},"image":{"@id":"https:\/\/amrtop.net\/produit\/trappe-inspection-reservoir-kausiflam-novaopalejazzcod-ri-01820\/#primaryimage"},"thumbnailUrl":"https:\/\/amrtop.net\/wp-content\/uploads\/2021\/08\/KAUSIFLAM-amrtop.jpg","datePublished":"2020-10-01T00:00:00+00:00","dateModified":"2021-11-18T17:05:48+00:00","breadcrumb":{"@id":"https:\/\/amrtop.net\/produit\/trappe-inspection-reservoir-kausiflam-novaopalejazzcod-ri-01820\/#breadcrumb"},"inLanguage":"de","potentialAction":[{"@type":"ReadAction","target":["https:\/\/amrtop.net\/produit\/trappe-inspection-reservoir-kausiflam-novaopalejazzcod-ri-01820\/"]}]},{"@type":"ImageObject","inLanguage":"de","@id":"https:\/\/amrtop.net\/produit\/trappe-inspection-reservoir-kausiflam-novaopalejazzcod-ri-01820\/#primaryimage","url":"https:\/\/amrtop.net\/wp-content\/uploads\/2021\/08\/KAUSIFLAM-amrtop.jpg","contentUrl":"https:\/\/amrtop.net\/wp-content\/uploads\/2021\/08\/KAUSIFLAM-amrtop.jpg","width":960,"height":960},{"@type":"BreadcrumbList","@id":"https:\/\/amrtop.net\/produit\/trappe-inspection-reservoir-kausiflam-novaopalejazzcod-ri-01820\/#breadcrumb","itemListElement":[{"@type":"ListItem","position":1,"name":"Home","item":"https:\/\/amrtop.net\/"},{"@type":"ListItem","position":2,"name":"Shop","item":"https:\/\/amrtop.net\/negozio\/"},{"@type":"ListItem","position":3,"name":"Trappe inspection reservoir pour les po\u00eales \u00e0 granul\u00e9s Kausiflam code.RI.01820"}]},{"@type":"WebSite","@id":"https:\/\/amrtop.net\/#website","url":"https:\/\/amrtop.net\/","name":"AMRTOP B2B Ausland - Einkaufen nur f\u00fcr Fachleute","description":"Ersatzteile und Zubeh\u00f6r f\u00fcr \u00d6fen und Heizkessel - B2B eCommerce f\u00fcr Gesch\u00e4ftskunden","potentialAction":[{"@type":"SearchAction","target":{"@type":"EntryPoint","urlTemplate":"https:\/\/amrtop.net\/?s={search_term_string}"},"query-input":{"@type":"PropertyValueSpecification","valueRequired":true,"valueName":"search_term_string"}}],"inLanguage":"de"}]}},"_links":{"self":[{"href":"https:\/\/amrtop.net\/de\/wp-json\/wp\/v2\/product\/17662","targetHints":{"allow":["GET"]}}],"collection":[{"href":"https:\/\/amrtop.net\/de\/wp-json\/wp\/v2\/product"}],"about":[{"href":"https:\/\/amrtop.net\/de\/wp-json\/wp\/v2\/types\/product"}],"replies":[{"embeddable":true,"href":"https:\/\/amrtop.net\/de\/wp-json\/wp\/v2\/comments?post=17662"}],"wp:featuredmedia":[{"embeddable":true,"href":"https:\/\/amrtop.net\/de\/wp-json\/wp\/v2\/media\/16544"}],"wp:attachment":[{"href":"https:\/\/amrtop.net\/de\/wp-json\/wp\/v2\/media?parent=17662"}],"wp:term":[{"taxonomy":"product_brand","embeddable":true,"href":"https:\/\/amrtop.net\/de\/wp-json\/wp\/v2\/product_brand?post=17662"},{"taxonomy":"product_cat","embeddable":true,"href":"https:\/\/amrtop.net\/de\/wp-json\/wp\/v2\/product_cat?post=17662"},{"taxonomy":"product_tag","embeddable":true,"href":"https:\/\/amrtop.net\/de\/wp-json\/wp\/v2\/product_tag?post=17662"}],"curies":[{"name":"wp","href":"https:\/\/api.w.org\/{rel}","templated":true}]}}