{"id":17675,"date":"2020-10-01T00:00:00","date_gmt":"2020-10-01T00:00:00","guid":{"rendered":"https:\/\/amrtop.com\/B2B\/?post_type=product&#038;p=17675"},"modified":"2021-11-18T17:05:53","modified_gmt":"2021-11-18T17:05:53","slug":"joint-verre-kausiflam-novaopalejazzelarastonecod-ri-01802","status":"publish","type":"product","link":"https:\/\/amrtop.net\/de\/produit\/joint-verre-kausiflam-novaopalejazzelarastonecod-ri-01802\/","title":{"rendered":"Glasdichtung f\u00fcr Kausiflam Pellet\u00f6fen<br> code.RI.01802"},"content":{"rendered":"<hr \/>\n<h2>  Glasdichtung f\u00fcr Kausiflam Pellet\u00f6fen  <\/h2>\n<p>code.RI.01802<\/p>\n<p> Pour les mod\u00e8les des po\u00eales \u00e0 granul\u00e9s Kausiflam: Nova, Opale, Jazz, Elara, Stone<\/p>\n<hr \/>\n<p>Amrtops selbstklebende Geflechte, Seile oder Flachdichtungen werden aus Strickwaren hergestellt und sind daher sehr weich und flexibel. Sie passen sich perfekt an die unregelm\u00e4\u00dfigen Oberfl\u00e4chen und Kr\u00fcmmungen der verschiedenen Sitze an, in denen sie untergebracht werden sollen. Sie k\u00f6nnen auch mit einem Mittelriss und mit doppelseitigem Klebeband auf einer Seite hergestellt werden.<br \/>\nWir k\u00f6nnen eine breite Palette an Zubeh\u00f6r, Ersatzteilen und Komponenten f\u00fcr alle auf dem Markt befindlichen Pellet\u00f6fen und -kessel liefern.<br \/>\nIn unserem E-Commerce finden Sie alle dringend ben\u00f6tigten Teile immer auf Lager.<br \/>\nWir k\u00f6nnen Ihnen die \u00e4sthetischen Au\u00dfenteile und Zimmermannsarbeiten liefern, wobei zu beachten ist, dass die Lieferzeiten zwischen 30 und 60 Werktagen variieren k\u00f6nnen.<br \/>\nDie Mitarbeiter von Amrtop wurden sorgf\u00e4ltig geschult, um Ihnen bei der Identifizierung von eventuell zu ersetzenden Ersatzteilen zu helfen, indem sie telefonische Unterst\u00fctzung in Franz\u00f6sisch, Englisch, Rum\u00e4nisch und Italienisch anbieten.<br \/>\nZ\u00f6gern Sie nicht, uns f\u00fcr Informationen zu kontaktieren<\/p>","protected":false},"excerpt":{"rendered":"<p>Joint verre pour les po\u00eales \u00e0 granul\u00e9s Kausiflam code.RI.01802 Pour les mod\u00e8les des po\u00eales \u00e0 granul\u00e9s Kausiflam: Nova, Opale, Jazz, Elara, Stone Les tresses,corde ou joint plat vitre adh\u00e9sif d\u2019Amrtop sont fabriqu\u00e9es en tricot et sont donc tr\u00e8s souples et flexibles, et s\u2019adaptent parfaitement aux surfaces auss\u00ec irr\u00e9guli\u00e8res et aux courbures des diff\u00e9rents si\u00e8ges dans [&hellip;]<\/p>\n","protected":false},"featured_media":18556,"comment_status":"open","ping_status":"closed","template":"","meta":[],"product_brand":[],"product_cat":[1258,1267,1232,1268,1269,940,1262],"product_tag":[1345],"class_list":{"0":"post-17675","1":"product","2":"type-product","3":"status-publish","4":"has-post-thumbnail","6":"product_cat-elara","7":"product_cat-jazz-kausiflam","8":"product_cat-kausiflam","9":"product_cat-nova-kausiflam","10":"product_cat-opale-kausiflam","11":"product_cat-pieces-detachees-specifiques-par-marque","12":"product_cat-stone-kausiflam","13":"product_tag-kausiflam","14":"product_shipping_class-classe-di-spedizione-01","16":"first","17":"instock","18":"shipping-taxable","19":"purchasable","20":"product-type-simple"},"yoast_head":"<!-- This site is optimized with the Yoast SEO plugin v27.5 - https:\/\/yoast.com\/product\/yoast-seo-wordpress\/ -->\n<title>Joint verre pour les po\u00eales \u00e0 granul\u00e9s Kausiflam - AMRTOP B2B \u00c9tranger - Achats r\u00e9serv\u00e9s au professionnel<\/title>\n<meta name=\"description\" content=\"Garnitures tresses,corde ou joint pour verre en vitroc\u00e9ramique plat edesive pour les mod\u00e8les des po\u00eales \u00e0 granul\u00e9s Kausiflam\" \/>\n<meta name=\"robots\" content=\"index, follow, max-snippet:-1, max-image-preview:large, max-video-preview:-1\" \/>\n<link rel=\"canonical\" href=\"https:\/\/amrtop.net\/de\/produkt\/joint-verre-kausiflam-novaopalejazzelarastonecod-ri-01802\/\" \/>\n<meta property=\"og:locale\" content=\"de_DE\" \/>\n<meta property=\"og:type\" content=\"article\" \/>\n<meta property=\"og:title\" content=\"Joint verre pour les po\u00eales \u00e0 granul\u00e9s Kausiflam - AMRTOP B2B \u00c9tranger - Achats r\u00e9serv\u00e9s au professionnel\" \/>\n<meta property=\"og:description\" content=\"Garnitures tresses,corde ou joint pour verre en vitroc\u00e9ramique plat edesive pour les mod\u00e8les des po\u00eales \u00e0 granul\u00e9s Kausiflam\" \/>\n<meta property=\"og:url\" content=\"https:\/\/amrtop.net\/de\/produkt\/joint-verre-kausiflam-novaopalejazzelarastonecod-ri-01802\/\" \/>\n<meta property=\"og:site_name\" content=\"AMRTOP B2B \u00c9tranger - Achats r\u00e9serv\u00e9s au professionnel\" \/>\n<meta property=\"article:modified_time\" content=\"2021-11-18T17:05:53+00:00\" \/>\n<meta property=\"og:image\" content=\"https:\/\/amrtop.net\/wp-content\/uploads\/2021\/08\/w-SITO-NASTRI-6-2.jpg\" \/>\n\t<meta property=\"og:image:width\" content=\"640\" \/>\n\t<meta property=\"og:image:height\" content=\"640\" \/>\n\t<meta property=\"og:image:type\" content=\"image\/jpeg\" \/>\n<meta name=\"twitter:card\" content=\"summary_large_image\" \/>\n<meta name=\"twitter:label1\" content=\"Gesch\u00e4tzte Lesezeit\" \/>\n\t<meta name=\"twitter:data1\" content=\"1\u00a0Minute\" \/>\n<script type=\"application\/ld+json\" class=\"yoast-schema-graph\">{\"@context\":\"https:\\\/\\\/schema.org\",\"@graph\":[{\"@type\":\"WebPage\",\"@id\":\"https:\\\/\\\/amrtop.net\\\/produit\\\/joint-verre-kausiflam-novaopalejazzelarastonecod-ri-01802\\\/\",\"url\":\"https:\\\/\\\/amrtop.net\\\/produit\\\/joint-verre-kausiflam-novaopalejazzelarastonecod-ri-01802\\\/\",\"name\":\"Joint verre pour les po\u00eales \u00e0 granul\u00e9s Kausiflam - AMRTOP B2B \u00c9tranger - Achats r\u00e9serv\u00e9s au professionnel\",\"isPartOf\":{\"@id\":\"https:\\\/\\\/amrtop.net\\\/#website\"},\"primaryImageOfPage\":{\"@id\":\"https:\\\/\\\/amrtop.net\\\/produit\\\/joint-verre-kausiflam-novaopalejazzelarastonecod-ri-01802\\\/#primaryimage\"},\"image\":{\"@id\":\"https:\\\/\\\/amrtop.net\\\/produit\\\/joint-verre-kausiflam-novaopalejazzelarastonecod-ri-01802\\\/#primaryimage\"},\"thumbnailUrl\":\"https:\\\/\\\/amrtop.net\\\/wp-content\\\/uploads\\\/2021\\\/08\\\/w-SITO-NASTRI-6-2.jpg\",\"datePublished\":\"2020-10-01T00:00:00+00:00\",\"dateModified\":\"2021-11-18T17:05:53+00:00\",\"description\":\"Garnitures tresses,corde ou joint pour verre en vitroc\u00e9ramique plat edesive pour les mod\u00e8les des po\u00eales \u00e0 granul\u00e9s Kausiflam\",\"breadcrumb\":{\"@id\":\"https:\\\/\\\/amrtop.net\\\/produit\\\/joint-verre-kausiflam-novaopalejazzelarastonecod-ri-01802\\\/#breadcrumb\"},\"inLanguage\":\"de\",\"potentialAction\":[{\"@type\":\"ReadAction\",\"target\":[\"https:\\\/\\\/amrtop.net\\\/produit\\\/joint-verre-kausiflam-novaopalejazzelarastonecod-ri-01802\\\/\"]}]},{\"@type\":\"ImageObject\",\"inLanguage\":\"de\",\"@id\":\"https:\\\/\\\/amrtop.net\\\/produit\\\/joint-verre-kausiflam-novaopalejazzelarastonecod-ri-01802\\\/#primaryimage\",\"url\":\"https:\\\/\\\/amrtop.net\\\/wp-content\\\/uploads\\\/2021\\\/08\\\/w-SITO-NASTRI-6-2.jpg\",\"contentUrl\":\"https:\\\/\\\/amrtop.net\\\/wp-content\\\/uploads\\\/2021\\\/08\\\/w-SITO-NASTRI-6-2.jpg\",\"width\":640,\"height\":640,\"caption\":\"Joint verre pour les po\u00eales \u00e0 granul\u00e9s Kausiflam\"},{\"@type\":\"BreadcrumbList\",\"@id\":\"https:\\\/\\\/amrtop.net\\\/produit\\\/joint-verre-kausiflam-novaopalejazzelarastonecod-ri-01802\\\/#breadcrumb\",\"itemListElement\":[{\"@type\":\"ListItem\",\"position\":1,\"name\":\"Home\",\"item\":\"https:\\\/\\\/amrtop.net\\\/\"},{\"@type\":\"ListItem\",\"position\":2,\"name\":\"Shop\",\"item\":\"https:\\\/\\\/amrtop.net\\\/negozio\\\/\"},{\"@type\":\"ListItem\",\"position\":3,\"name\":\"Joint verre pour les po\u00eales \u00e0 granul\u00e9s Kausiflam code.RI.01802\"}]},{\"@type\":\"WebSite\",\"@id\":\"https:\\\/\\\/amrtop.net\\\/#website\",\"url\":\"https:\\\/\\\/amrtop.net\\\/\",\"name\":\"AMRTOP B2B \u00c9tranger - Achats r\u00e9serv\u00e9s au professionnel\",\"description\":\"Pi\u00e8ces de rechange et accessoires pour po\u00eales et chaudi\u00e8res - eCommerce B2B pour Clients Professionnels\",\"potentialAction\":[{\"@type\":\"SearchAction\",\"target\":{\"@type\":\"EntryPoint\",\"urlTemplate\":\"https:\\\/\\\/amrtop.net\\\/?s={search_term_string}\"},\"query-input\":{\"@type\":\"PropertyValueSpecification\",\"valueRequired\":true,\"valueName\":\"search_term_string\"}}],\"inLanguage\":\"de\"}]}<\/script>\n<!-- \/ Yoast SEO plugin. -->","yoast_head_json":{"title":"Glasdichtung f\u00fcr Pellet\u00f6fen Kausiflam - AMRTOP B2B Ausland - Einkaufen f\u00fcr den Fachmann reserviert","description":"Garnitures tresses,corde ou joint pour verre en vitroc\u00e9ramique plat edesive pour les mod\u00e8les des po\u00eales \u00e0 granul\u00e9s Kausiflam","robots":{"index":"index","follow":"follow","max-snippet":"max-snippet:-1","max-image-preview":"max-image-preview:large","max-video-preview":"max-video-preview:-1"},"canonical":"https:\/\/amrtop.net\/de\/produkt\/joint-verre-kausiflam-novaopalejazzelarastonecod-ri-01802\/","og_locale":"de_DE","og_type":"article","og_title":"Joint verre pour les po\u00eales \u00e0 granul\u00e9s Kausiflam - AMRTOP B2B \u00c9tranger - Achats r\u00e9serv\u00e9s au professionnel","og_description":"Garnitures tresses,corde ou joint pour verre en vitroc\u00e9ramique plat edesive pour les mod\u00e8les des po\u00eales \u00e0 granul\u00e9s Kausiflam","og_url":"https:\/\/amrtop.net\/de\/produkt\/joint-verre-kausiflam-novaopalejazzelarastonecod-ri-01802\/","og_site_name":"AMRTOP B2B \u00c9tranger - Achats r\u00e9serv\u00e9s au professionnel","article_modified_time":"2021-11-18T17:05:53+00:00","og_image":[{"width":640,"height":640,"url":"https:\/\/amrtop.net\/wp-content\/uploads\/2021\/08\/w-SITO-NASTRI-6-2.jpg","type":"image\/jpeg"}],"twitter_card":"summary_large_image","twitter_misc":{"Gesch\u00e4tzte Lesezeit":"1\u00a0Minute"},"schema":{"@context":"https:\/\/schema.org","@graph":[{"@type":"WebPage","@id":"https:\/\/amrtop.net\/produit\/joint-verre-kausiflam-novaopalejazzelarastonecod-ri-01802\/","url":"https:\/\/amrtop.net\/produit\/joint-verre-kausiflam-novaopalejazzelarastonecod-ri-01802\/","name":"Glasdichtung f\u00fcr Pellet\u00f6fen Kausiflam - AMRTOP B2B Ausland - Einkaufen f\u00fcr den Fachmann reserviert","isPartOf":{"@id":"https:\/\/amrtop.net\/#website"},"primaryImageOfPage":{"@id":"https:\/\/amrtop.net\/produit\/joint-verre-kausiflam-novaopalejazzelarastonecod-ri-01802\/#primaryimage"},"image":{"@id":"https:\/\/amrtop.net\/produit\/joint-verre-kausiflam-novaopalejazzelarastonecod-ri-01802\/#primaryimage"},"thumbnailUrl":"https:\/\/amrtop.net\/wp-content\/uploads\/2021\/08\/w-SITO-NASTRI-6-2.jpg","datePublished":"2020-10-01T00:00:00+00:00","dateModified":"2021-11-18T17:05:53+00:00","description":"Garnitures tresses,corde ou joint pour verre en vitroc\u00e9ramique plat edesive pour les mod\u00e8les des po\u00eales \u00e0 granul\u00e9s Kausiflam","breadcrumb":{"@id":"https:\/\/amrtop.net\/produit\/joint-verre-kausiflam-novaopalejazzelarastonecod-ri-01802\/#breadcrumb"},"inLanguage":"de","potentialAction":[{"@type":"ReadAction","target":["https:\/\/amrtop.net\/produit\/joint-verre-kausiflam-novaopalejazzelarastonecod-ri-01802\/"]}]},{"@type":"ImageObject","inLanguage":"de","@id":"https:\/\/amrtop.net\/produit\/joint-verre-kausiflam-novaopalejazzelarastonecod-ri-01802\/#primaryimage","url":"https:\/\/amrtop.net\/wp-content\/uploads\/2021\/08\/w-SITO-NASTRI-6-2.jpg","contentUrl":"https:\/\/amrtop.net\/wp-content\/uploads\/2021\/08\/w-SITO-NASTRI-6-2.jpg","width":640,"height":640,"caption":"Joint verre pour les po\u00eales \u00e0 granul\u00e9s Kausiflam"},{"@type":"BreadcrumbList","@id":"https:\/\/amrtop.net\/produit\/joint-verre-kausiflam-novaopalejazzelarastonecod-ri-01802\/#breadcrumb","itemListElement":[{"@type":"ListItem","position":1,"name":"Home","item":"https:\/\/amrtop.net\/"},{"@type":"ListItem","position":2,"name":"Shop","item":"https:\/\/amrtop.net\/negozio\/"},{"@type":"ListItem","position":3,"name":"Joint verre pour les po\u00eales \u00e0 granul\u00e9s Kausiflam code.RI.01802"}]},{"@type":"WebSite","@id":"https:\/\/amrtop.net\/#website","url":"https:\/\/amrtop.net\/","name":"AMRTOP B2B Ausland - Einkaufen nur f\u00fcr Fachleute","description":"Ersatzteile und Zubeh\u00f6r f\u00fcr \u00d6fen und Heizkessel - B2B eCommerce f\u00fcr Gesch\u00e4ftskunden","potentialAction":[{"@type":"SearchAction","target":{"@type":"EntryPoint","urlTemplate":"https:\/\/amrtop.net\/?s={search_term_string}"},"query-input":{"@type":"PropertyValueSpecification","valueRequired":true,"valueName":"search_term_string"}}],"inLanguage":"de"}]}},"_links":{"self":[{"href":"https:\/\/amrtop.net\/de\/wp-json\/wp\/v2\/product\/17675","targetHints":{"allow":["GET"]}}],"collection":[{"href":"https:\/\/amrtop.net\/de\/wp-json\/wp\/v2\/product"}],"about":[{"href":"https:\/\/amrtop.net\/de\/wp-json\/wp\/v2\/types\/product"}],"replies":[{"embeddable":true,"href":"https:\/\/amrtop.net\/de\/wp-json\/wp\/v2\/comments?post=17675"}],"wp:featuredmedia":[{"embeddable":true,"href":"https:\/\/amrtop.net\/de\/wp-json\/wp\/v2\/media\/18556"}],"wp:attachment":[{"href":"https:\/\/amrtop.net\/de\/wp-json\/wp\/v2\/media?parent=17675"}],"wp:term":[{"taxonomy":"product_brand","embeddable":true,"href":"https:\/\/amrtop.net\/de\/wp-json\/wp\/v2\/product_brand?post=17675"},{"taxonomy":"product_cat","embeddable":true,"href":"https:\/\/amrtop.net\/de\/wp-json\/wp\/v2\/product_cat?post=17675"},{"taxonomy":"product_tag","embeddable":true,"href":"https:\/\/amrtop.net\/de\/wp-json\/wp\/v2\/product_tag?post=17675"}],"curies":[{"name":"wp","href":"https:\/\/api.w.org\/{rel}","templated":true}]}}