{"id":17679,"date":"2020-10-01T00:00:00","date_gmt":"2020-10-01T00:00:00","guid":{"rendered":"https:\/\/amrtop.com\/B2B\/?post_type=product&#038;p=17679"},"modified":"2021-11-18T17:05:58","modified_gmt":"2021-11-18T17:05:58","slug":"display-kausiflam-opalejazzcod-ri-01721","status":"publish","type":"product","link":"https:\/\/amrtop.net\/de\/produit\/afficheure-kausiflam-opalejazzcod-ri-01721\/","title":{"rendered":"Display f\u00fcr Pellet\u00f6fen Kausiflam<br> code.RI.01721"},"content":{"rendered":"<hr \/>\n<h2> Display f\u00fcr Pellet\u00f6fen Kausiflam<\/h2>\n<p>code.RI.01721<\/p>\n<p>F\u00fcr die Modelle der Kausiflam Pellet\u00f6fen: Ana, Astro 10 kw, Eto 12 kw, Eto 14 kw, Elara, Estia, Iris, Jazz, Nepto, Nova, Opale, Stone, Terra Eco, Terra Eco Wasserdicht, Terra Nova Wasserdicht, Terra Nova, Terra Wasserdicht, Terra Villa, Terra Villa Wasserdicht, Theo, Thya, Xuo 7 kw, Xuo 10 kw, Xuo Lux, Xuo Eco.<\/p>\n<hr \/>\n<p>Amrtop arbeitet direkt mit den wichtigsten Herstellern von Lead Electronics in Europa zusammen.<br \/>\nUnsere Anzeigen sind mit den elektronischen Platinen kompatibel, die normalerweise in Kausiflam-Pellet\u00f6fen eingebaut sind.<br \/>\nWir haben immer eine gro\u00dfe Auswahl an Zubeh\u00f6r, Ersatzteilen und Komponenten f\u00fcr alle Pellet\u00f6fen und -kessel auf dem Markt auf Lager.<br \/>\nWir k\u00f6nnen Ihnen Au\u00dfen-, Innen-, \u00c4sthetik- und Zimmermannsteile liefern. Dabei ist zu beachten, dass die Lieferzeiten zwischen 30 und 60 Werktagen variieren k\u00f6nnen.<br \/>\nDie Mitarbeiter von Amrtop wurden sorgf\u00e4ltig geschult, um Ihnen bei der Identifizierung von eventuell zu ersetzenden Ersatzteilen zu helfen, indem sie telefonische Unterst\u00fctzung in Franz\u00f6sisch, Englisch, Rum\u00e4nisch und Italienisch anbieten.<br \/>\nZ\u00f6gern Sie nicht, uns f\u00fcr weitere Informationen zu kontaktieren.<\/p>","protected":false},"excerpt":{"rendered":"<p>Afficheur pour les po\u00eales \u00e0 granul\u00e9s Kausiflam code.RI.01721 Pour les mod\u00e8les des po\u00eales \u00e0 granul\u00e9s Kausiflam: Ana, Astro 10 kw, Eto 12 kw, Eto 14 kw,Elara, Estia, Iris, Jazz,Nepto, Nova, Opale, Stone, Terra Eco, Terra Eco Etanche, Terra Nova Etanche, Terra Nova, Terra Etanche, Terra Villa, Terra Villa Etanche, Theo, Thya, Xuo 7 kw, Xuo [&hellip;]<\/p>\n","protected":false},"featured_media":19591,"comment_status":"open","ping_status":"closed","template":"","meta":[],"product_brand":[],"product_cat":[1266,1253,1258,1259,1254,1255,1260,1267,1232,1261,1268,1269,940,1262,1271,1272,1273,1274,1275,1276,1270,1263,1256,1257,1264,1265],"product_tag":[1345],"class_list":{"0":"post-17679","1":"product","2":"type-product","3":"status-publish","4":"has-post-thumbnail","6":"product_cat-ana","7":"product_cat-astro-10-kw","8":"product_cat-elara","9":"product_cat-estia","10":"product_cat-eto-12-kw","11":"product_cat-eto-14-kw","12":"product_cat-iris-kausiflam","13":"product_cat-jazz-kausiflam","14":"product_cat-kausiflam","15":"product_cat-nepto-kausiflam","16":"product_cat-nova-kausiflam","17":"product_cat-opale-kausiflam","18":"product_cat-pieces-detachees-specifiques-par-marque","19":"product_cat-stone-kausiflam","20":"product_cat-terra-eco-kausiflam","21":"product_cat-terra-eco-etanche-kausiflam","22":"product_cat-terra-etanche-kausiflam","23":"product_cat-terra-nova-etanche-kausiflam","24":"product_cat-terra-villa-kausiflam","25":"product_cat-terra-villa-etanche-kausiflam","26":"product_cat-theo-kausiflam","27":"product_cat-thya-kausiflam","28":"product_cat-xuo-10-kw-kausiflam","29":"product_cat-xuo-7-kw-kausiflam","30":"product_cat-xuo-eco-kausiflam","31":"product_cat-xuo-lux-kausiflam","32":"product_tag-kausiflam","33":"product_shipping_class-classe-di-spedizione-01","35":"first","36":"instock","37":"shipping-taxable","38":"purchasable","39":"product-type-simple"},"yoast_head":"<!-- This site is optimized with the Yoast SEO plugin v27.4 - https:\/\/yoast.com\/product\/yoast-seo-wordpress\/ -->\n<title>Afficheur pour les po\u00eales \u00e0 granul\u00e9s Kausiflam - AMRTOP B2B \u00c9tranger - Achats r\u00e9serv\u00e9s au professionnel<\/title>\n<meta name=\"description\" content=\"Afficheur,\u00e9cran,display ou panneau de contr\u00f4le pour les mod\u00e8les des po\u00eales \u00e0 granul\u00e9s ou pellets Kausiflam : Camilla\" \/>\n<meta name=\"robots\" content=\"index, follow, max-snippet:-1, max-image-preview:large, max-video-preview:-1\" \/>\n<link rel=\"canonical\" href=\"https:\/\/amrtop.net\/de\/produkt\/display-kausiflam-opalejazzcod-ri-01721\/\" \/>\n<meta property=\"og:locale\" content=\"de_DE\" \/>\n<meta property=\"og:type\" content=\"article\" \/>\n<meta property=\"og:title\" content=\"Afficheur pour les po\u00eales \u00e0 granul\u00e9s Kausiflam - AMRTOP B2B \u00c9tranger - Achats r\u00e9serv\u00e9s au professionnel\" \/>\n<meta property=\"og:description\" content=\"Afficheur,\u00e9cran,display ou panneau de contr\u00f4le pour les mod\u00e8les des po\u00eales \u00e0 granul\u00e9s ou pellets Kausiflam : Camilla\" \/>\n<meta property=\"og:url\" content=\"https:\/\/amrtop.net\/de\/produkt\/display-kausiflam-opalejazzcod-ri-01721\/\" \/>\n<meta property=\"og:site_name\" content=\"AMRTOP B2B \u00c9tranger - Achats r\u00e9serv\u00e9s au professionnel\" \/>\n<meta property=\"article:modified_time\" content=\"2021-11-18T17:05:58+00:00\" \/>\n<meta property=\"og:image\" content=\"https:\/\/amrtop.net\/wp-content\/uploads\/2021\/11\/w-SITO-PAG-70-B-1.jpg\" \/>\n\t<meta property=\"og:image:width\" content=\"960\" \/>\n\t<meta property=\"og:image:height\" content=\"960\" \/>\n\t<meta property=\"og:image:type\" content=\"image\/jpeg\" \/>\n<meta name=\"twitter:card\" content=\"summary_large_image\" \/>\n<meta name=\"twitter:label1\" content=\"Gesch\u00e4tzte Lesezeit\" \/>\n\t<meta name=\"twitter:data1\" content=\"1\u00a0Minute\" \/>\n<script type=\"application\/ld+json\" class=\"yoast-schema-graph\">{\"@context\":\"https:\\\/\\\/schema.org\",\"@graph\":[{\"@type\":\"WebPage\",\"@id\":\"https:\\\/\\\/amrtop.net\\\/produit\\\/afficheure-kausiflam-opalejazzcod-ri-01721\\\/\",\"url\":\"https:\\\/\\\/amrtop.net\\\/produit\\\/afficheure-kausiflam-opalejazzcod-ri-01721\\\/\",\"name\":\"Afficheur pour les po\u00eales \u00e0 granul\u00e9s Kausiflam - AMRTOP B2B \u00c9tranger - Achats r\u00e9serv\u00e9s au professionnel\",\"isPartOf\":{\"@id\":\"https:\\\/\\\/amrtop.net\\\/#website\"},\"primaryImageOfPage\":{\"@id\":\"https:\\\/\\\/amrtop.net\\\/produit\\\/afficheure-kausiflam-opalejazzcod-ri-01721\\\/#primaryimage\"},\"image\":{\"@id\":\"https:\\\/\\\/amrtop.net\\\/produit\\\/afficheure-kausiflam-opalejazzcod-ri-01721\\\/#primaryimage\"},\"thumbnailUrl\":\"https:\\\/\\\/amrtop.net\\\/wp-content\\\/uploads\\\/2021\\\/11\\\/w-SITO-PAG-70-B-1.jpg\",\"datePublished\":\"2020-10-01T00:00:00+00:00\",\"dateModified\":\"2021-11-18T17:05:58+00:00\",\"description\":\"Afficheur,\u00e9cran,display ou panneau de contr\u00f4le pour les mod\u00e8les des po\u00eales \u00e0 granul\u00e9s ou pellets Kausiflam : Camilla\",\"breadcrumb\":{\"@id\":\"https:\\\/\\\/amrtop.net\\\/produit\\\/afficheure-kausiflam-opalejazzcod-ri-01721\\\/#breadcrumb\"},\"inLanguage\":\"de\",\"potentialAction\":[{\"@type\":\"ReadAction\",\"target\":[\"https:\\\/\\\/amrtop.net\\\/produit\\\/afficheure-kausiflam-opalejazzcod-ri-01721\\\/\"]}]},{\"@type\":\"ImageObject\",\"inLanguage\":\"de\",\"@id\":\"https:\\\/\\\/amrtop.net\\\/produit\\\/afficheure-kausiflam-opalejazzcod-ri-01721\\\/#primaryimage\",\"url\":\"https:\\\/\\\/amrtop.net\\\/wp-content\\\/uploads\\\/2021\\\/11\\\/w-SITO-PAG-70-B-1.jpg\",\"contentUrl\":\"https:\\\/\\\/amrtop.net\\\/wp-content\\\/uploads\\\/2021\\\/11\\\/w-SITO-PAG-70-B-1.jpg\",\"width\":960,\"height\":960},{\"@type\":\"BreadcrumbList\",\"@id\":\"https:\\\/\\\/amrtop.net\\\/produit\\\/afficheure-kausiflam-opalejazzcod-ri-01721\\\/#breadcrumb\",\"itemListElement\":[{\"@type\":\"ListItem\",\"position\":1,\"name\":\"Home\",\"item\":\"https:\\\/\\\/amrtop.net\\\/\"},{\"@type\":\"ListItem\",\"position\":2,\"name\":\"Shop\",\"item\":\"https:\\\/\\\/amrtop.net\\\/negozio\\\/\"},{\"@type\":\"ListItem\",\"position\":3,\"name\":\"Afficheur pour les po\u00eales \u00e0 granul\u00e9s Kausiflam code.RI.01721\"}]},{\"@type\":\"WebSite\",\"@id\":\"https:\\\/\\\/amrtop.net\\\/#website\",\"url\":\"https:\\\/\\\/amrtop.net\\\/\",\"name\":\"AMRTOP B2B \u00c9tranger - Achats r\u00e9serv\u00e9s au professionnel\",\"description\":\"Pi\u00e8ces de rechange et accessoires pour po\u00eales et chaudi\u00e8res - eCommerce B2B pour Clients Professionnels\",\"potentialAction\":[{\"@type\":\"SearchAction\",\"target\":{\"@type\":\"EntryPoint\",\"urlTemplate\":\"https:\\\/\\\/amrtop.net\\\/?s={search_term_string}\"},\"query-input\":{\"@type\":\"PropertyValueSpecification\",\"valueRequired\":true,\"valueName\":\"search_term_string\"}}],\"inLanguage\":\"de\"}]}<\/script>\n<!-- \/ Yoast SEO plugin. -->","yoast_head_json":{"title":"Display f\u00fcr Pellet\u00f6fen Kausiflam - AMRTOP B2B Ausland - Einkaufen f\u00fcr den Fachmann reserviert","description":"Anzeige,Bildschirm,Display oder Bedienfeld f\u00fcr die Modelle der Pellet\u00f6fen oder Pellets Kausiflam: Camilla","robots":{"index":"index","follow":"follow","max-snippet":"max-snippet:-1","max-image-preview":"max-image-preview:large","max-video-preview":"max-video-preview:-1"},"canonical":"https:\/\/amrtop.net\/de\/produkt\/display-kausiflam-opalejazzcod-ri-01721\/","og_locale":"de_DE","og_type":"article","og_title":"Afficheur pour les po\u00eales \u00e0 granul\u00e9s Kausiflam - AMRTOP B2B \u00c9tranger - Achats r\u00e9serv\u00e9s au professionnel","og_description":"Afficheur,\u00e9cran,display ou panneau de contr\u00f4le pour les mod\u00e8les des po\u00eales \u00e0 granul\u00e9s ou pellets Kausiflam : Camilla","og_url":"https:\/\/amrtop.net\/de\/produkt\/display-kausiflam-opalejazzcod-ri-01721\/","og_site_name":"AMRTOP B2B \u00c9tranger - Achats r\u00e9serv\u00e9s au professionnel","article_modified_time":"2021-11-18T17:05:58+00:00","og_image":[{"width":960,"height":960,"url":"https:\/\/amrtop.net\/wp-content\/uploads\/2021\/11\/w-SITO-PAG-70-B-1.jpg","type":"image\/jpeg"}],"twitter_card":"summary_large_image","twitter_misc":{"Gesch\u00e4tzte Lesezeit":"1\u00a0Minute"},"schema":{"@context":"https:\/\/schema.org","@graph":[{"@type":"WebPage","@id":"https:\/\/amrtop.net\/produit\/afficheure-kausiflam-opalejazzcod-ri-01721\/","url":"https:\/\/amrtop.net\/produit\/afficheure-kausiflam-opalejazzcod-ri-01721\/","name":"Display f\u00fcr Pellet\u00f6fen Kausiflam - AMRTOP B2B Ausland - Einkaufen f\u00fcr den Fachmann reserviert","isPartOf":{"@id":"https:\/\/amrtop.net\/#website"},"primaryImageOfPage":{"@id":"https:\/\/amrtop.net\/produit\/afficheure-kausiflam-opalejazzcod-ri-01721\/#primaryimage"},"image":{"@id":"https:\/\/amrtop.net\/produit\/afficheure-kausiflam-opalejazzcod-ri-01721\/#primaryimage"},"thumbnailUrl":"https:\/\/amrtop.net\/wp-content\/uploads\/2021\/11\/w-SITO-PAG-70-B-1.jpg","datePublished":"2020-10-01T00:00:00+00:00","dateModified":"2021-11-18T17:05:58+00:00","description":"Anzeige,Bildschirm,Display oder Bedienfeld f\u00fcr die Modelle der Pellet\u00f6fen oder Pellets Kausiflam: Camilla","breadcrumb":{"@id":"https:\/\/amrtop.net\/produit\/afficheure-kausiflam-opalejazzcod-ri-01721\/#breadcrumb"},"inLanguage":"de","potentialAction":[{"@type":"ReadAction","target":["https:\/\/amrtop.net\/produit\/afficheure-kausiflam-opalejazzcod-ri-01721\/"]}]},{"@type":"ImageObject","inLanguage":"de","@id":"https:\/\/amrtop.net\/produit\/afficheure-kausiflam-opalejazzcod-ri-01721\/#primaryimage","url":"https:\/\/amrtop.net\/wp-content\/uploads\/2021\/11\/w-SITO-PAG-70-B-1.jpg","contentUrl":"https:\/\/amrtop.net\/wp-content\/uploads\/2021\/11\/w-SITO-PAG-70-B-1.jpg","width":960,"height":960},{"@type":"BreadcrumbList","@id":"https:\/\/amrtop.net\/produit\/afficheure-kausiflam-opalejazzcod-ri-01721\/#breadcrumb","itemListElement":[{"@type":"ListItem","position":1,"name":"Home","item":"https:\/\/amrtop.net\/"},{"@type":"ListItem","position":2,"name":"Shop","item":"https:\/\/amrtop.net\/negozio\/"},{"@type":"ListItem","position":3,"name":"Afficheur pour les po\u00eales \u00e0 granul\u00e9s Kausiflam code.RI.01721"}]},{"@type":"WebSite","@id":"https:\/\/amrtop.net\/#website","url":"https:\/\/amrtop.net\/","name":"AMRTOP B2B Ausland - Einkaufen nur f\u00fcr Fachleute","description":"Ersatzteile und Zubeh\u00f6r f\u00fcr \u00d6fen und Heizkessel - B2B eCommerce f\u00fcr Gesch\u00e4ftskunden","potentialAction":[{"@type":"SearchAction","target":{"@type":"EntryPoint","urlTemplate":"https:\/\/amrtop.net\/?s={search_term_string}"},"query-input":{"@type":"PropertyValueSpecification","valueRequired":true,"valueName":"search_term_string"}}],"inLanguage":"de"}]}},"_links":{"self":[{"href":"https:\/\/amrtop.net\/de\/wp-json\/wp\/v2\/product\/17679","targetHints":{"allow":["GET"]}}],"collection":[{"href":"https:\/\/amrtop.net\/de\/wp-json\/wp\/v2\/product"}],"about":[{"href":"https:\/\/amrtop.net\/de\/wp-json\/wp\/v2\/types\/product"}],"replies":[{"embeddable":true,"href":"https:\/\/amrtop.net\/de\/wp-json\/wp\/v2\/comments?post=17679"}],"wp:featuredmedia":[{"embeddable":true,"href":"https:\/\/amrtop.net\/de\/wp-json\/wp\/v2\/media\/19591"}],"wp:attachment":[{"href":"https:\/\/amrtop.net\/de\/wp-json\/wp\/v2\/media?parent=17679"}],"wp:term":[{"taxonomy":"product_brand","embeddable":true,"href":"https:\/\/amrtop.net\/de\/wp-json\/wp\/v2\/product_brand?post=17679"},{"taxonomy":"product_cat","embeddable":true,"href":"https:\/\/amrtop.net\/de\/wp-json\/wp\/v2\/product_cat?post=17679"},{"taxonomy":"product_tag","embeddable":true,"href":"https:\/\/amrtop.net\/de\/wp-json\/wp\/v2\/product_tag?post=17679"}],"curies":[{"name":"wp","href":"https:\/\/api.w.org\/{rel}","templated":true}]}}