{"id":17683,"date":"2020-10-01T00:00:00","date_gmt":"2020-10-01T00:00:00","guid":{"rendered":"https:\/\/amrtop.com\/B2B\/?post_type=product&#038;p=17683"},"modified":"2021-11-18T17:06:02","modified_gmt":"2021-11-18T17:06:02","slug":"creuset-kausiflam-opalejazzcod-ri-01964","status":"publish","type":"product","link":"https:\/\/amrtop.net\/de\/produit\/creuset-kausiflam-opalejazzcod-ri-01964\/","title":{"rendered":"Schmelztiegel f\u00fcr Kausiflam-Pellet\u00f6fen <br> code.RI.01964"},"content":{"rendered":"<hr \/>\n<h2> Schmelztiegel <\/h2>\n<p>code.RI.01964<\/p>\n<p>F\u00fcr die Modelle der Kausiflam-Pellet\u00f6fen: Opale, Jazz<\/p>\n<hr \/>\n<p>Die Braseros, die Amrtop normalerweise f\u00fcr die Kausiflam-Pellet\u00f6fen und -Kessel liefert, sind alle original und von hoher Qualit\u00e4t.<br \/>\nWir bieten eine breite Palette an Zubeh\u00f6r, Ersatzteilen und Komponenten f\u00fcr alle mit Pellets oder Holzpellets betriebenen \u00d6fen und Kessel auf dem europ\u00e4ischen Markt.<br \/>\nIn unserem E-Commerce finden Sie alle dringend ben\u00f6tigten Teile immer auf Lager.<br \/>\nWir k\u00f6nnen Ihnen \u00e4sthetische Au\u00dfenteile und Zimmermannsarbeiten liefern. Dabei ist zu beachten, dass die Lieferzeiten zwischen 30 und 60 Werktagen variieren k\u00f6nnen.<br \/>\nDie Mitarbeiter von Amrtop wurden sorgf\u00e4ltig geschult, um Ihnen bei der Identifizierung von eventuell zu ersetzenden Ersatzteilen zu helfen, indem sie telefonische Unterst\u00fctzung in Franz\u00f6sisch, Englisch, Rum\u00e4nisch und Italienisch anbieten.<br \/>\nZ\u00f6gern Sie nicht, uns f\u00fcr Informationen zu kontaktieren<\/p>","protected":false},"excerpt":{"rendered":"<p>Creuset code.RI.01964 Pour les mod\u00e8les des po\u00eales \u00e0 granul\u00e9s Kausiflam: Opale, Jazz Les braseros que Amrtop fournit normalement pour les po\u00eales et chaudi\u00e8res \u00e0 pellets Kausiflam sont tous d\u2019origine et de haute qualit\u00e9 Nous fournissons une large gamme d\u2019accessoires, de pi\u00e8ces de rechange et de composants pour tous les po\u00eales et chaudi\u00e8res \u00e0 pellets ou [&hellip;]<\/p>\n","protected":false},"featured_media":19607,"comment_status":"open","ping_status":"closed","template":"","meta":[],"product_brand":[],"product_cat":[1232,1269,940],"product_tag":[1345],"class_list":{"0":"post-17683","1":"product","2":"type-product","3":"status-publish","4":"has-post-thumbnail","6":"product_cat-kausiflam","7":"product_cat-opale-kausiflam","8":"product_cat-pieces-detachees-specifiques-par-marque","9":"product_tag-kausiflam","10":"product_shipping_class-classe-di-spedizione-02","12":"first","13":"instock","14":"shipping-taxable","15":"purchasable","16":"product-type-simple"},"yoast_head":"<!-- This site is optimized with the Yoast SEO plugin v27.5 - https:\/\/yoast.com\/product\/yoast-seo-wordpress\/ -->\n<title>Creuset pour les po\u00eales \u00e0 granul\u00e9s Kausiflam - AMRTOP B2B \u00c9tranger - Achats r\u00e9serv\u00e9s au professionnel<\/title>\n<meta name=\"description\" content=\"Creuset,brasero ou brasier pour la combustion install\u00e9s sur les po\u00eales \u00e0 granul\u00e9s de bois kausiflam pour les mod\u00e8les de po\u00eales : Opale, Jazz\" \/>\n<meta name=\"robots\" content=\"index, follow, max-snippet:-1, max-image-preview:large, max-video-preview:-1\" \/>\n<link rel=\"canonical\" href=\"https:\/\/amrtop.net\/de\/produkt\/creuset-kausiflam-opalejazzcod-ri-01964\/\" \/>\n<meta property=\"og:locale\" content=\"de_DE\" \/>\n<meta property=\"og:type\" content=\"article\" \/>\n<meta property=\"og:title\" content=\"Creuset pour les po\u00eales \u00e0 granul\u00e9s Kausiflam - AMRTOP B2B \u00c9tranger - Achats r\u00e9serv\u00e9s au professionnel\" \/>\n<meta property=\"og:description\" content=\"Creuset,brasero ou brasier pour la combustion install\u00e9s sur les po\u00eales \u00e0 granul\u00e9s de bois kausiflam pour les mod\u00e8les de po\u00eales : Opale, Jazz\" \/>\n<meta property=\"og:url\" content=\"https:\/\/amrtop.net\/de\/produkt\/creuset-kausiflam-opalejazzcod-ri-01964\/\" \/>\n<meta property=\"og:site_name\" content=\"AMRTOP B2B \u00c9tranger - Achats r\u00e9serv\u00e9s au professionnel\" \/>\n<meta property=\"article:modified_time\" content=\"2021-11-18T17:06:02+00:00\" \/>\n<meta property=\"og:image\" content=\"https:\/\/amrtop.net\/wp-content\/uploads\/2021\/11\/w-SITO-TERRA-VILLA.jpg\" \/>\n\t<meta property=\"og:image:width\" content=\"960\" \/>\n\t<meta property=\"og:image:height\" content=\"960\" \/>\n\t<meta property=\"og:image:type\" content=\"image\/jpeg\" \/>\n<meta name=\"twitter:card\" content=\"summary_large_image\" \/>\n<meta name=\"twitter:label1\" content=\"Gesch\u00e4tzte Lesezeit\" \/>\n\t<meta name=\"twitter:data1\" content=\"1\u00a0Minute\" \/>\n<script type=\"application\/ld+json\" class=\"yoast-schema-graph\">{\"@context\":\"https:\\\/\\\/schema.org\",\"@graph\":[{\"@type\":\"WebPage\",\"@id\":\"https:\\\/\\\/amrtop.net\\\/produit\\\/creuset-kausiflam-opalejazzcod-ri-01964\\\/\",\"url\":\"https:\\\/\\\/amrtop.net\\\/produit\\\/creuset-kausiflam-opalejazzcod-ri-01964\\\/\",\"name\":\"Creuset pour les po\u00eales \u00e0 granul\u00e9s Kausiflam - AMRTOP B2B \u00c9tranger - Achats r\u00e9serv\u00e9s au professionnel\",\"isPartOf\":{\"@id\":\"https:\\\/\\\/amrtop.net\\\/#website\"},\"primaryImageOfPage\":{\"@id\":\"https:\\\/\\\/amrtop.net\\\/produit\\\/creuset-kausiflam-opalejazzcod-ri-01964\\\/#primaryimage\"},\"image\":{\"@id\":\"https:\\\/\\\/amrtop.net\\\/produit\\\/creuset-kausiflam-opalejazzcod-ri-01964\\\/#primaryimage\"},\"thumbnailUrl\":\"https:\\\/\\\/amrtop.net\\\/wp-content\\\/uploads\\\/2021\\\/11\\\/w-SITO-TERRA-VILLA.jpg\",\"datePublished\":\"2020-10-01T00:00:00+00:00\",\"dateModified\":\"2021-11-18T17:06:02+00:00\",\"description\":\"Creuset,brasero ou brasier pour la combustion install\u00e9s sur les po\u00eales \u00e0 granul\u00e9s de bois kausiflam pour les mod\u00e8les de po\u00eales : Opale, Jazz\",\"breadcrumb\":{\"@id\":\"https:\\\/\\\/amrtop.net\\\/produit\\\/creuset-kausiflam-opalejazzcod-ri-01964\\\/#breadcrumb\"},\"inLanguage\":\"de\",\"potentialAction\":[{\"@type\":\"ReadAction\",\"target\":[\"https:\\\/\\\/amrtop.net\\\/produit\\\/creuset-kausiflam-opalejazzcod-ri-01964\\\/\"]}]},{\"@type\":\"ImageObject\",\"inLanguage\":\"de\",\"@id\":\"https:\\\/\\\/amrtop.net\\\/produit\\\/creuset-kausiflam-opalejazzcod-ri-01964\\\/#primaryimage\",\"url\":\"https:\\\/\\\/amrtop.net\\\/wp-content\\\/uploads\\\/2021\\\/11\\\/w-SITO-TERRA-VILLA.jpg\",\"contentUrl\":\"https:\\\/\\\/amrtop.net\\\/wp-content\\\/uploads\\\/2021\\\/11\\\/w-SITO-TERRA-VILLA.jpg\",\"width\":960,\"height\":960},{\"@type\":\"BreadcrumbList\",\"@id\":\"https:\\\/\\\/amrtop.net\\\/produit\\\/creuset-kausiflam-opalejazzcod-ri-01964\\\/#breadcrumb\",\"itemListElement\":[{\"@type\":\"ListItem\",\"position\":1,\"name\":\"Home\",\"item\":\"https:\\\/\\\/amrtop.net\\\/\"},{\"@type\":\"ListItem\",\"position\":2,\"name\":\"Shop\",\"item\":\"https:\\\/\\\/amrtop.net\\\/negozio\\\/\"},{\"@type\":\"ListItem\",\"position\":3,\"name\":\"Creuset pour les po\u00eales \u00e0 granul\u00e9s Kausiflam code.RI.01964\"}]},{\"@type\":\"WebSite\",\"@id\":\"https:\\\/\\\/amrtop.net\\\/#website\",\"url\":\"https:\\\/\\\/amrtop.net\\\/\",\"name\":\"AMRTOP B2B \u00c9tranger - Achats r\u00e9serv\u00e9s au professionnel\",\"description\":\"Pi\u00e8ces de rechange et accessoires pour po\u00eales et chaudi\u00e8res - eCommerce B2B pour Clients Professionnels\",\"potentialAction\":[{\"@type\":\"SearchAction\",\"target\":{\"@type\":\"EntryPoint\",\"urlTemplate\":\"https:\\\/\\\/amrtop.net\\\/?s={search_term_string}\"},\"query-input\":{\"@type\":\"PropertyValueSpecification\",\"valueRequired\":true,\"valueName\":\"search_term_string\"}}],\"inLanguage\":\"de\"}]}<\/script>\n<!-- \/ Yoast SEO plugin. -->","yoast_head_json":{"title":"Schmelztiegel f\u00fcr Pellet\u00f6fen Kausiflam - AMRTOP B2B Ausland - Einkaufen f\u00fcr den Fachmann reserviert","description":"Creuset,brasero ou brasier pour la combustion install\u00e9s sur les po\u00eales \u00e0 granul\u00e9s de bois kausiflam pour les mod\u00e8les de po\u00eales : Opale, Jazz","robots":{"index":"index","follow":"follow","max-snippet":"max-snippet:-1","max-image-preview":"max-image-preview:large","max-video-preview":"max-video-preview:-1"},"canonical":"https:\/\/amrtop.net\/de\/produkt\/creuset-kausiflam-opalejazzcod-ri-01964\/","og_locale":"de_DE","og_type":"article","og_title":"Creuset pour les po\u00eales \u00e0 granul\u00e9s Kausiflam - AMRTOP B2B \u00c9tranger - Achats r\u00e9serv\u00e9s au professionnel","og_description":"Creuset,brasero ou brasier pour la combustion install\u00e9s sur les po\u00eales \u00e0 granul\u00e9s de bois kausiflam pour les mod\u00e8les de po\u00eales : Opale, Jazz","og_url":"https:\/\/amrtop.net\/de\/produkt\/creuset-kausiflam-opalejazzcod-ri-01964\/","og_site_name":"AMRTOP B2B \u00c9tranger - Achats r\u00e9serv\u00e9s au professionnel","article_modified_time":"2021-11-18T17:06:02+00:00","og_image":[{"width":960,"height":960,"url":"https:\/\/amrtop.net\/wp-content\/uploads\/2021\/11\/w-SITO-TERRA-VILLA.jpg","type":"image\/jpeg"}],"twitter_card":"summary_large_image","twitter_misc":{"Gesch\u00e4tzte Lesezeit":"1\u00a0Minute"},"schema":{"@context":"https:\/\/schema.org","@graph":[{"@type":"WebPage","@id":"https:\/\/amrtop.net\/produit\/creuset-kausiflam-opalejazzcod-ri-01964\/","url":"https:\/\/amrtop.net\/produit\/creuset-kausiflam-opalejazzcod-ri-01964\/","name":"Schmelztiegel f\u00fcr Pellet\u00f6fen Kausiflam - AMRTOP B2B Ausland - Einkaufen f\u00fcr den Fachmann reserviert","isPartOf":{"@id":"https:\/\/amrtop.net\/#website"},"primaryImageOfPage":{"@id":"https:\/\/amrtop.net\/produit\/creuset-kausiflam-opalejazzcod-ri-01964\/#primaryimage"},"image":{"@id":"https:\/\/amrtop.net\/produit\/creuset-kausiflam-opalejazzcod-ri-01964\/#primaryimage"},"thumbnailUrl":"https:\/\/amrtop.net\/wp-content\/uploads\/2021\/11\/w-SITO-TERRA-VILLA.jpg","datePublished":"2020-10-01T00:00:00+00:00","dateModified":"2021-11-18T17:06:02+00:00","description":"Creuset,brasero ou brasier pour la combustion install\u00e9s sur les po\u00eales \u00e0 granul\u00e9s de bois kausiflam pour les mod\u00e8les de po\u00eales : Opale, Jazz","breadcrumb":{"@id":"https:\/\/amrtop.net\/produit\/creuset-kausiflam-opalejazzcod-ri-01964\/#breadcrumb"},"inLanguage":"de","potentialAction":[{"@type":"ReadAction","target":["https:\/\/amrtop.net\/produit\/creuset-kausiflam-opalejazzcod-ri-01964\/"]}]},{"@type":"ImageObject","inLanguage":"de","@id":"https:\/\/amrtop.net\/produit\/creuset-kausiflam-opalejazzcod-ri-01964\/#primaryimage","url":"https:\/\/amrtop.net\/wp-content\/uploads\/2021\/11\/w-SITO-TERRA-VILLA.jpg","contentUrl":"https:\/\/amrtop.net\/wp-content\/uploads\/2021\/11\/w-SITO-TERRA-VILLA.jpg","width":960,"height":960},{"@type":"BreadcrumbList","@id":"https:\/\/amrtop.net\/produit\/creuset-kausiflam-opalejazzcod-ri-01964\/#breadcrumb","itemListElement":[{"@type":"ListItem","position":1,"name":"Home","item":"https:\/\/amrtop.net\/"},{"@type":"ListItem","position":2,"name":"Shop","item":"https:\/\/amrtop.net\/negozio\/"},{"@type":"ListItem","position":3,"name":"Creuset pour les po\u00eales \u00e0 granul\u00e9s Kausiflam code.RI.01964"}]},{"@type":"WebSite","@id":"https:\/\/amrtop.net\/#website","url":"https:\/\/amrtop.net\/","name":"AMRTOP B2B Ausland - Einkaufen nur f\u00fcr Fachleute","description":"Ersatzteile und Zubeh\u00f6r f\u00fcr \u00d6fen und Heizkessel - B2B eCommerce f\u00fcr Gesch\u00e4ftskunden","potentialAction":[{"@type":"SearchAction","target":{"@type":"EntryPoint","urlTemplate":"https:\/\/amrtop.net\/?s={search_term_string}"},"query-input":{"@type":"PropertyValueSpecification","valueRequired":true,"valueName":"search_term_string"}}],"inLanguage":"de"}]}},"_links":{"self":[{"href":"https:\/\/amrtop.net\/de\/wp-json\/wp\/v2\/product\/17683","targetHints":{"allow":["GET"]}}],"collection":[{"href":"https:\/\/amrtop.net\/de\/wp-json\/wp\/v2\/product"}],"about":[{"href":"https:\/\/amrtop.net\/de\/wp-json\/wp\/v2\/types\/product"}],"replies":[{"embeddable":true,"href":"https:\/\/amrtop.net\/de\/wp-json\/wp\/v2\/comments?post=17683"}],"wp:featuredmedia":[{"embeddable":true,"href":"https:\/\/amrtop.net\/de\/wp-json\/wp\/v2\/media\/19607"}],"wp:attachment":[{"href":"https:\/\/amrtop.net\/de\/wp-json\/wp\/v2\/media?parent=17683"}],"wp:term":[{"taxonomy":"product_brand","embeddable":true,"href":"https:\/\/amrtop.net\/de\/wp-json\/wp\/v2\/product_brand?post=17683"},{"taxonomy":"product_cat","embeddable":true,"href":"https:\/\/amrtop.net\/de\/wp-json\/wp\/v2\/product_cat?post=17683"},{"taxonomy":"product_tag","embeddable":true,"href":"https:\/\/amrtop.net\/de\/wp-json\/wp\/v2\/product_tag?post=17683"}],"curies":[{"name":"wp","href":"https:\/\/api.w.org\/{rel}","templated":true}]}}