{"id":17690,"date":"2020-10-01T00:00:00","date_gmt":"2020-10-01T00:00:00","guid":{"rendered":"https:\/\/amrtop.com\/B2B\/?post_type=product&#038;p=17690"},"modified":"2021-11-18T17:06:07","modified_gmt":"2021-11-18T17:06:07","slug":"dichtung-viton-grun-kausiflam-terra-villaterra-villa-etancheterra-ecoterra-eco-etancheterra-nova-etanchecod-ri-01888","status":"publish","type":"product","link":"https:\/\/amrtop.net\/de\/produit\/joint-viton-vert-kausiflam-terra-villaterra-villa-etancheterra-ecoterra-eco-etancheterra-nova-etanchecod-ri-01888\/","title":{"rendered":"Dichtung Rauchabzugsrohr  <br> code.RI.01888"},"content":{"rendered":"<hr \/>\n<h2> Dichtung Rauchabzugsrohr  <\/h2>\n<p>code.RI.01888<\/p>\n<p>F\u00fcr die Modelle der Kausiflam-Pellet\u00f6fen: Terra Villa, Terra Villa, Wasserdicht, Terra Eco, Terra, Eco Wasserdicht, Terra Nova Wasserdicht.<\/p>","protected":false},"excerpt":{"rendered":"<p>RI.01888 F\u00fcr die Modelle der Kausiflam Pellet\u00f6fen: Terra Villa, Terra Villa, Wasserdicht, Terra Eco, Terra, Eco Wasserdicht, Terra Nova Wasserdicht.<\/p>","protected":false},"featured_media":19573,"comment_status":"open","ping_status":"closed","template":"","meta":[],"product_brand":[],"product_cat":[1232,940,1271,1272,1274,1275,1276],"product_tag":[1345],"class_list":{"0":"post-17690","1":"product","2":"type-product","3":"status-publish","4":"has-post-thumbnail","6":"product_cat-kausiflam","7":"product_cat-pieces-detachees-specifiques-par-marque","8":"product_cat-terra-eco-kausiflam","9":"product_cat-terra-eco-etanche-kausiflam","10":"product_cat-terra-nova-etanche-kausiflam","11":"product_cat-terra-villa-kausiflam","12":"product_cat-terra-villa-etanche-kausiflam","13":"product_tag-kausiflam","14":"product_shipping_class-classe-di-spedizione-01","16":"first","17":"instock","18":"shipping-taxable","19":"purchasable","20":"product-type-simple"},"yoast_head":"<!-- This site is optimized with the Yoast SEO plugin v27.4 - https:\/\/yoast.com\/product\/yoast-seo-wordpress\/ -->\n<title>Joint tuyau sortie fum\u00e9es  code.RI.01888 - AMRTOP B2B \u00c9tranger - Achats r\u00e9serv\u00e9s au professionnel<\/title>\n<meta name=\"robots\" content=\"index, follow, max-snippet:-1, max-image-preview:large, max-video-preview:-1\" \/>\n<link rel=\"canonical\" href=\"https:\/\/amrtop.net\/de\/produkt\/dichtung-viton-grun-kausiflam-terra-villaterra-villa-etancheterra-ecoterra-eco-etancheterra-nova-etanchecod-ri-01888\/\" \/>\n<meta property=\"og:locale\" content=\"de_DE\" \/>\n<meta property=\"og:type\" content=\"article\" \/>\n<meta property=\"og:title\" content=\"Joint tuyau sortie fum\u00e9es  code.RI.01888 - AMRTOP B2B \u00c9tranger - Achats r\u00e9serv\u00e9s au professionnel\" \/>\n<meta property=\"og:description\" content=\"Joint tuyau sortie fum\u00e9es code.RI.01888 Pour les mod\u00e8les des po\u00eales \u00e0 granul\u00e9s Kausiflam: Terra Villa, Terra Villa, Etanche, Terra Eco, Terra, Eco Etanche, Terra Nova Etanche\" \/>\n<meta property=\"og:url\" content=\"https:\/\/amrtop.net\/de\/produkt\/dichtung-viton-grun-kausiflam-terra-villaterra-villa-etancheterra-ecoterra-eco-etancheterra-nova-etanchecod-ri-01888\/\" \/>\n<meta property=\"og:site_name\" content=\"AMRTOP B2B \u00c9tranger - Achats r\u00e9serv\u00e9s au professionnel\" \/>\n<meta property=\"article:modified_time\" content=\"2021-11-18T17:06:07+00:00\" \/>\n<meta property=\"og:image\" content=\"https:\/\/amrtop.net\/wp-content\/uploads\/2021\/11\/KAUSIFLAM-amrtop.jpg\" \/>\n\t<meta property=\"og:image:width\" content=\"960\" \/>\n\t<meta property=\"og:image:height\" content=\"960\" \/>\n\t<meta property=\"og:image:type\" content=\"image\/jpeg\" \/>\n<meta name=\"twitter:card\" content=\"summary_large_image\" \/>\n<script type=\"application\/ld+json\" class=\"yoast-schema-graph\">{\"@context\":\"https:\\\/\\\/schema.org\",\"@graph\":[{\"@type\":\"WebPage\",\"@id\":\"https:\\\/\\\/amrtop.net\\\/produit\\\/joint-viton-vert-kausiflam-terra-villaterra-villa-etancheterra-ecoterra-eco-etancheterra-nova-etanchecod-ri-01888\\\/\",\"url\":\"https:\\\/\\\/amrtop.net\\\/produit\\\/joint-viton-vert-kausiflam-terra-villaterra-villa-etancheterra-ecoterra-eco-etancheterra-nova-etanchecod-ri-01888\\\/\",\"name\":\"Joint tuyau sortie fum\u00e9es code.RI.01888 - AMRTOP B2B \u00c9tranger - Achats r\u00e9serv\u00e9s au professionnel\",\"isPartOf\":{\"@id\":\"https:\\\/\\\/amrtop.net\\\/#website\"},\"primaryImageOfPage\":{\"@id\":\"https:\\\/\\\/amrtop.net\\\/produit\\\/joint-viton-vert-kausiflam-terra-villaterra-villa-etancheterra-ecoterra-eco-etancheterra-nova-etanchecod-ri-01888\\\/#primaryimage\"},\"image\":{\"@id\":\"https:\\\/\\\/amrtop.net\\\/produit\\\/joint-viton-vert-kausiflam-terra-villaterra-villa-etancheterra-ecoterra-eco-etancheterra-nova-etanchecod-ri-01888\\\/#primaryimage\"},\"thumbnailUrl\":\"https:\\\/\\\/amrtop.net\\\/wp-content\\\/uploads\\\/2021\\\/11\\\/KAUSIFLAM-amrtop.jpg\",\"datePublished\":\"2020-10-01T00:00:00+00:00\",\"dateModified\":\"2021-11-18T17:06:07+00:00\",\"breadcrumb\":{\"@id\":\"https:\\\/\\\/amrtop.net\\\/produit\\\/joint-viton-vert-kausiflam-terra-villaterra-villa-etancheterra-ecoterra-eco-etancheterra-nova-etanchecod-ri-01888\\\/#breadcrumb\"},\"inLanguage\":\"de\",\"potentialAction\":[{\"@type\":\"ReadAction\",\"target\":[\"https:\\\/\\\/amrtop.net\\\/produit\\\/joint-viton-vert-kausiflam-terra-villaterra-villa-etancheterra-ecoterra-eco-etancheterra-nova-etanchecod-ri-01888\\\/\"]}]},{\"@type\":\"ImageObject\",\"inLanguage\":\"de\",\"@id\":\"https:\\\/\\\/amrtop.net\\\/produit\\\/joint-viton-vert-kausiflam-terra-villaterra-villa-etancheterra-ecoterra-eco-etancheterra-nova-etanchecod-ri-01888\\\/#primaryimage\",\"url\":\"https:\\\/\\\/amrtop.net\\\/wp-content\\\/uploads\\\/2021\\\/11\\\/KAUSIFLAM-amrtop.jpg\",\"contentUrl\":\"https:\\\/\\\/amrtop.net\\\/wp-content\\\/uploads\\\/2021\\\/11\\\/KAUSIFLAM-amrtop.jpg\",\"width\":960,\"height\":960},{\"@type\":\"BreadcrumbList\",\"@id\":\"https:\\\/\\\/amrtop.net\\\/produit\\\/joint-viton-vert-kausiflam-terra-villaterra-villa-etancheterra-ecoterra-eco-etancheterra-nova-etanchecod-ri-01888\\\/#breadcrumb\",\"itemListElement\":[{\"@type\":\"ListItem\",\"position\":1,\"name\":\"Home\",\"item\":\"https:\\\/\\\/amrtop.net\\\/\"},{\"@type\":\"ListItem\",\"position\":2,\"name\":\"Shop\",\"item\":\"https:\\\/\\\/amrtop.net\\\/negozio\\\/\"},{\"@type\":\"ListItem\",\"position\":3,\"name\":\"Joint tuyau sortie fum\u00e9es code.RI.01888\"}]},{\"@type\":\"WebSite\",\"@id\":\"https:\\\/\\\/amrtop.net\\\/#website\",\"url\":\"https:\\\/\\\/amrtop.net\\\/\",\"name\":\"AMRTOP B2B \u00c9tranger - Achats r\u00e9serv\u00e9s au professionnel\",\"description\":\"Pi\u00e8ces de rechange et accessoires pour po\u00eales et chaudi\u00e8res - eCommerce B2B pour Clients Professionnels\",\"potentialAction\":[{\"@type\":\"SearchAction\",\"target\":{\"@type\":\"EntryPoint\",\"urlTemplate\":\"https:\\\/\\\/amrtop.net\\\/?s={search_term_string}\"},\"query-input\":{\"@type\":\"PropertyValueSpecification\",\"valueRequired\":true,\"valueName\":\"search_term_string\"}}],\"inLanguage\":\"de\"}]}<\/script>\n<!-- \/ Yoast SEO plugin. -->","yoast_head_json":{"title":"Dichtung Rauchabzugsrohr Code.RI.01888 - AMRTOP B2B Ausland - Reservierte K\u00e4ufe f\u00fcr den Fachmann","robots":{"index":"index","follow":"follow","max-snippet":"max-snippet:-1","max-image-preview":"max-image-preview:large","max-video-preview":"max-video-preview:-1"},"canonical":"https:\/\/amrtop.net\/de\/produkt\/dichtung-viton-grun-kausiflam-terra-villaterra-villa-etancheterra-ecoterra-eco-etancheterra-nova-etanchecod-ri-01888\/","og_locale":"de_DE","og_type":"article","og_title":"Joint tuyau sortie fum\u00e9es  code.RI.01888 - AMRTOP B2B \u00c9tranger - Achats r\u00e9serv\u00e9s au professionnel","og_description":"Joint tuyau sortie fum\u00e9es code.RI.01888 Pour les mod\u00e8les des po\u00eales \u00e0 granul\u00e9s Kausiflam: Terra Villa, Terra Villa, Etanche, Terra Eco, Terra, Eco Etanche, Terra Nova Etanche","og_url":"https:\/\/amrtop.net\/de\/produkt\/dichtung-viton-grun-kausiflam-terra-villaterra-villa-etancheterra-ecoterra-eco-etancheterra-nova-etanchecod-ri-01888\/","og_site_name":"AMRTOP B2B \u00c9tranger - Achats r\u00e9serv\u00e9s au professionnel","article_modified_time":"2021-11-18T17:06:07+00:00","og_image":[{"width":960,"height":960,"url":"https:\/\/amrtop.net\/wp-content\/uploads\/2021\/11\/KAUSIFLAM-amrtop.jpg","type":"image\/jpeg"}],"twitter_card":"summary_large_image","schema":{"@context":"https:\/\/schema.org","@graph":[{"@type":"WebPage","@id":"https:\/\/amrtop.net\/produit\/joint-viton-vert-kausiflam-terra-villaterra-villa-etancheterra-ecoterra-eco-etancheterra-nova-etanchecod-ri-01888\/","url":"https:\/\/amrtop.net\/produit\/joint-viton-vert-kausiflam-terra-villaterra-villa-etancheterra-ecoterra-eco-etancheterra-nova-etanchecod-ri-01888\/","name":"Dichtung Rauchabzugsrohr Code.RI.01888 - AMRTOP B2B Ausland - Reservierte K\u00e4ufe f\u00fcr den Fachmann","isPartOf":{"@id":"https:\/\/amrtop.net\/#website"},"primaryImageOfPage":{"@id":"https:\/\/amrtop.net\/produit\/joint-viton-vert-kausiflam-terra-villaterra-villa-etancheterra-ecoterra-eco-etancheterra-nova-etanchecod-ri-01888\/#primaryimage"},"image":{"@id":"https:\/\/amrtop.net\/produit\/joint-viton-vert-kausiflam-terra-villaterra-villa-etancheterra-ecoterra-eco-etancheterra-nova-etanchecod-ri-01888\/#primaryimage"},"thumbnailUrl":"https:\/\/amrtop.net\/wp-content\/uploads\/2021\/11\/KAUSIFLAM-amrtop.jpg","datePublished":"2020-10-01T00:00:00+00:00","dateModified":"2021-11-18T17:06:07+00:00","breadcrumb":{"@id":"https:\/\/amrtop.net\/produit\/joint-viton-vert-kausiflam-terra-villaterra-villa-etancheterra-ecoterra-eco-etancheterra-nova-etanchecod-ri-01888\/#breadcrumb"},"inLanguage":"de","potentialAction":[{"@type":"ReadAction","target":["https:\/\/amrtop.net\/produit\/joint-viton-vert-kausiflam-terra-villaterra-villa-etancheterra-ecoterra-eco-etancheterra-nova-etanchecod-ri-01888\/"]}]},{"@type":"ImageObject","inLanguage":"de","@id":"https:\/\/amrtop.net\/produit\/joint-viton-vert-kausiflam-terra-villaterra-villa-etancheterra-ecoterra-eco-etancheterra-nova-etanchecod-ri-01888\/#primaryimage","url":"https:\/\/amrtop.net\/wp-content\/uploads\/2021\/11\/KAUSIFLAM-amrtop.jpg","contentUrl":"https:\/\/amrtop.net\/wp-content\/uploads\/2021\/11\/KAUSIFLAM-amrtop.jpg","width":960,"height":960},{"@type":"BreadcrumbList","@id":"https:\/\/amrtop.net\/produit\/joint-viton-vert-kausiflam-terra-villaterra-villa-etancheterra-ecoterra-eco-etancheterra-nova-etanchecod-ri-01888\/#breadcrumb","itemListElement":[{"@type":"ListItem","position":1,"name":"Home","item":"https:\/\/amrtop.net\/"},{"@type":"ListItem","position":2,"name":"Shop","item":"https:\/\/amrtop.net\/negozio\/"},{"@type":"ListItem","position":3,"name":"Joint tuyau sortie fum\u00e9es code.RI.01888"}]},{"@type":"WebSite","@id":"https:\/\/amrtop.net\/#website","url":"https:\/\/amrtop.net\/","name":"AMRTOP B2B Ausland - Einkaufen nur f\u00fcr Fachleute","description":"Ersatzteile und Zubeh\u00f6r f\u00fcr \u00d6fen und Heizkessel - B2B eCommerce f\u00fcr Gesch\u00e4ftskunden","potentialAction":[{"@type":"SearchAction","target":{"@type":"EntryPoint","urlTemplate":"https:\/\/amrtop.net\/?s={search_term_string}"},"query-input":{"@type":"PropertyValueSpecification","valueRequired":true,"valueName":"search_term_string"}}],"inLanguage":"de"}]}},"_links":{"self":[{"href":"https:\/\/amrtop.net\/de\/wp-json\/wp\/v2\/product\/17690","targetHints":{"allow":["GET"]}}],"collection":[{"href":"https:\/\/amrtop.net\/de\/wp-json\/wp\/v2\/product"}],"about":[{"href":"https:\/\/amrtop.net\/de\/wp-json\/wp\/v2\/types\/product"}],"replies":[{"embeddable":true,"href":"https:\/\/amrtop.net\/de\/wp-json\/wp\/v2\/comments?post=17690"}],"wp:featuredmedia":[{"embeddable":true,"href":"https:\/\/amrtop.net\/de\/wp-json\/wp\/v2\/media\/19573"}],"wp:attachment":[{"href":"https:\/\/amrtop.net\/de\/wp-json\/wp\/v2\/media?parent=17690"}],"wp:term":[{"taxonomy":"product_brand","embeddable":true,"href":"https:\/\/amrtop.net\/de\/wp-json\/wp\/v2\/product_brand?post=17690"},{"taxonomy":"product_cat","embeddable":true,"href":"https:\/\/amrtop.net\/de\/wp-json\/wp\/v2\/product_cat?post=17690"},{"taxonomy":"product_tag","embeddable":true,"href":"https:\/\/amrtop.net\/de\/wp-json\/wp\/v2\/product_tag?post=17690"}],"curies":[{"name":"wp","href":"https:\/\/api.w.org\/{rel}","templated":true}]}}