{"id":17898,"date":"2020-10-01T00:00:00","date_gmt":"2020-10-01T00:00:00","guid":{"rendered":"https:\/\/amrtop.com\/B2B\/?post_type=product&#038;p=17898"},"modified":"2021-11-18T17:08:02","modified_gmt":"2021-11-18T17:08:02","slug":"gaine-cable-plat-xuo-7-kwxuo-10-kweto-12-kweto-14-kwastro-10-kwnovaopale-jazzterra-villairisanatheoelaraxuo-luxxuo-ecostoneterra-villa-etancheterra-ecoterra-eco-etancheterra-nova-etanche","status":"publish","type":"product","link":"https:\/\/amrtop.net\/de\/produit\/gaine-cable-plat-xuo-7-kwxuo-10-kweto-12-kweto-14-kwastro-10-kwnovaopale-jazzterra-villairisanatheoelaraxuo-luxxuo-ecostoneterra-villa-etancheterra-ecoterra-eco-etancheterra-nova-etanche\/","title":{"rendered":"Umh\u00fcllung Flachkabel <br> code. RI.00142"},"content":{"rendered":"<hr \/>\n<h2> Umh\u00fcllung Flachkabel <\/h2>\n<p>code. RI.00142<\/p>\n<p>Pour les mod\u00e8les des po\u00eales \u00e0 granul\u00e9s Kausiflam: Xuo7 kw, Xuo 10 kw, Eto 12 kw, Eto 14 kw, Astro 10 kw, Nova, Opale, Jazz, Terra Villa, Iris, Ana, Theo, Elara, Xuo Lux, Xuo Eco, Stone, Terra Villa Etanche, Terra Eco, Terra Eco Etanche, Terra , Nova Etanche, Thya, Estia, Nepto, Xia L, Xia S, Inui SP<\/p>","protected":false},"excerpt":{"rendered":"<p>Gaine C\u00e2ble\u00a0plat code. RI.00142 Pour les mod\u00e8les des po\u00eales \u00e0 granul\u00e9s Kausiflam: Xuo7 kw, Xuo 10 kw, Eto 12 kw, Eto 14 kw, Astro 10 kw, Nova, Opale, Jazz, Terra Villa, Iris, Ana, Theo, Elara, Xuo Lux, Xuo Eco, Stone, Terra Villa Etanche, Terra Eco, Terra Eco Etanche, Terra , Nova Etanche, Thya, Estia, Nepto, [&hellip;]<\/p>\n","protected":false},"featured_media":19573,"comment_status":"open","ping_status":"closed","template":"","meta":[],"product_brand":[],"product_cat":[1266,1253,1258,1259,1254,1255,1277,1260,1267,1232,1261,1268,1269,940,1262,1271,1272,1274,1275,1276,1270,1263,1278,1279,1256,1257,1264,1265],"product_tag":[1345],"class_list":{"0":"post-17898","1":"product","2":"type-product","3":"status-publish","4":"has-post-thumbnail","6":"product_cat-ana","7":"product_cat-astro-10-kw","8":"product_cat-elara","9":"product_cat-estia","10":"product_cat-eto-12-kw","11":"product_cat-eto-14-kw","12":"product_cat-inui-sp-kausiflam","13":"product_cat-iris-kausiflam","14":"product_cat-jazz-kausiflam","15":"product_cat-kausiflam","16":"product_cat-nepto-kausiflam","17":"product_cat-nova-kausiflam","18":"product_cat-opale-kausiflam","19":"product_cat-pieces-detachees-specifiques-par-marque","20":"product_cat-stone-kausiflam","21":"product_cat-terra-eco-kausiflam","22":"product_cat-terra-eco-etanche-kausiflam","23":"product_cat-terra-nova-etanche-kausiflam","24":"product_cat-terra-villa-kausiflam","25":"product_cat-terra-villa-etanche-kausiflam","26":"product_cat-theo-kausiflam","27":"product_cat-thya-kausiflam","28":"product_cat-xia-l-kausiflam","29":"product_cat-xia-s-kausiflam","30":"product_cat-xuo-10-kw-kausiflam","31":"product_cat-xuo-7-kw-kausiflam","32":"product_cat-xuo-eco-kausiflam","33":"product_cat-xuo-lux-kausiflam","34":"product_tag-kausiflam","35":"product_shipping_class-classe-di-spedizione-01","37":"first","38":"instock","39":"shipping-taxable","40":"purchasable","41":"product-type-simple"},"yoast_head":"<!-- This site is optimized with the Yoast SEO plugin v27.5 - https:\/\/yoast.com\/product\/yoast-seo-wordpress\/ -->\n<title>Gaine C\u00e2ble\u00a0plat  code. RI.00142 - AMRTOP B2B \u00c9tranger - Achats r\u00e9serv\u00e9s au professionnel<\/title>\n<meta name=\"robots\" content=\"index, follow, max-snippet:-1, max-image-preview:large, max-video-preview:-1\" \/>\n<link rel=\"canonical\" href=\"https:\/\/amrtop.net\/de\/produkt\/gaine-cable-plat-xuo-7-kwxuo-10-kweto-12-kweto-14-kwastro-10-kwnovaopale-jazzterra-villairisanatheoelaraxuo-luxxuo-ecostoneterra-villa-etancheterra-ecoterra-eco-etancheterra-nova-etanche\/\" \/>\n<meta property=\"og:locale\" content=\"de_DE\" \/>\n<meta property=\"og:type\" content=\"article\" \/>\n<meta property=\"og:title\" content=\"Gaine C\u00e2ble\u00a0plat  code. RI.00142 - AMRTOP B2B \u00c9tranger - Achats r\u00e9serv\u00e9s au professionnel\" \/>\n<meta property=\"og:description\" content=\"Gaine C\u00e2ble\u00a0plat code. RI.00142 Pour les mod\u00e8les des po\u00eales \u00e0 granul\u00e9s Kausiflam: Xuo7 kw, Xuo 10 kw, Eto 12 kw, Eto 14 kw, Astro 10 kw, Nova, Opale, Jazz, Terra Villa, Iris, Ana, Theo, Elara, Xuo Lux, Xuo Eco, Stone, Terra Villa Etanche, Terra Eco, Terra Eco Etanche, Terra , Nova Etanche, Thya, Estia, Nepto, [&hellip;]\" \/>\n<meta property=\"og:url\" content=\"https:\/\/amrtop.net\/de\/produkt\/gaine-cable-plat-xuo-7-kwxuo-10-kweto-12-kweto-14-kwastro-10-kwnovaopale-jazzterra-villairisanatheoelaraxuo-luxxuo-ecostoneterra-villa-etancheterra-ecoterra-eco-etancheterra-nova-etanche\/\" \/>\n<meta property=\"og:site_name\" content=\"AMRTOP B2B \u00c9tranger - Achats r\u00e9serv\u00e9s au professionnel\" \/>\n<meta property=\"article:modified_time\" content=\"2021-11-18T17:08:02+00:00\" \/>\n<meta property=\"og:image\" content=\"https:\/\/amrtop.net\/wp-content\/uploads\/2021\/11\/KAUSIFLAM-amrtop.jpg\" \/>\n\t<meta property=\"og:image:width\" content=\"960\" \/>\n\t<meta property=\"og:image:height\" content=\"960\" \/>\n\t<meta property=\"og:image:type\" content=\"image\/jpeg\" \/>\n<meta name=\"twitter:card\" content=\"summary_large_image\" \/>\n<script type=\"application\/ld+json\" class=\"yoast-schema-graph\">{\"@context\":\"https:\\\/\\\/schema.org\",\"@graph\":[{\"@type\":\"WebPage\",\"@id\":\"https:\\\/\\\/amrtop.net\\\/produit\\\/gaine-cable-plat-xuo-7-kwxuo-10-kweto-12-kweto-14-kwastro-10-kwnovaopale-jazzterra-villairisanatheoelaraxuo-luxxuo-ecostoneterra-villa-etancheterra-ecoterra-eco-etancheterra-nova-etanche\\\/\",\"url\":\"https:\\\/\\\/amrtop.net\\\/produit\\\/gaine-cable-plat-xuo-7-kwxuo-10-kweto-12-kweto-14-kwastro-10-kwnovaopale-jazzterra-villairisanatheoelaraxuo-luxxuo-ecostoneterra-villa-etancheterra-ecoterra-eco-etancheterra-nova-etanche\\\/\",\"name\":\"Gaine C\u00e2ble\u00a0plat code. RI.00142 - AMRTOP B2B \u00c9tranger - Achats r\u00e9serv\u00e9s au professionnel\",\"isPartOf\":{\"@id\":\"https:\\\/\\\/amrtop.net\\\/#website\"},\"primaryImageOfPage\":{\"@id\":\"https:\\\/\\\/amrtop.net\\\/produit\\\/gaine-cable-plat-xuo-7-kwxuo-10-kweto-12-kweto-14-kwastro-10-kwnovaopale-jazzterra-villairisanatheoelaraxuo-luxxuo-ecostoneterra-villa-etancheterra-ecoterra-eco-etancheterra-nova-etanche\\\/#primaryimage\"},\"image\":{\"@id\":\"https:\\\/\\\/amrtop.net\\\/produit\\\/gaine-cable-plat-xuo-7-kwxuo-10-kweto-12-kweto-14-kwastro-10-kwnovaopale-jazzterra-villairisanatheoelaraxuo-luxxuo-ecostoneterra-villa-etancheterra-ecoterra-eco-etancheterra-nova-etanche\\\/#primaryimage\"},\"thumbnailUrl\":\"https:\\\/\\\/amrtop.net\\\/wp-content\\\/uploads\\\/2021\\\/11\\\/KAUSIFLAM-amrtop.jpg\",\"datePublished\":\"2020-10-01T00:00:00+00:00\",\"dateModified\":\"2021-11-18T17:08:02+00:00\",\"breadcrumb\":{\"@id\":\"https:\\\/\\\/amrtop.net\\\/produit\\\/gaine-cable-plat-xuo-7-kwxuo-10-kweto-12-kweto-14-kwastro-10-kwnovaopale-jazzterra-villairisanatheoelaraxuo-luxxuo-ecostoneterra-villa-etancheterra-ecoterra-eco-etancheterra-nova-etanche\\\/#breadcrumb\"},\"inLanguage\":\"de\",\"potentialAction\":[{\"@type\":\"ReadAction\",\"target\":[\"https:\\\/\\\/amrtop.net\\\/produit\\\/gaine-cable-plat-xuo-7-kwxuo-10-kweto-12-kweto-14-kwastro-10-kwnovaopale-jazzterra-villairisanatheoelaraxuo-luxxuo-ecostoneterra-villa-etancheterra-ecoterra-eco-etancheterra-nova-etanche\\\/\"]}]},{\"@type\":\"ImageObject\",\"inLanguage\":\"de\",\"@id\":\"https:\\\/\\\/amrtop.net\\\/produit\\\/gaine-cable-plat-xuo-7-kwxuo-10-kweto-12-kweto-14-kwastro-10-kwnovaopale-jazzterra-villairisanatheoelaraxuo-luxxuo-ecostoneterra-villa-etancheterra-ecoterra-eco-etancheterra-nova-etanche\\\/#primaryimage\",\"url\":\"https:\\\/\\\/amrtop.net\\\/wp-content\\\/uploads\\\/2021\\\/11\\\/KAUSIFLAM-amrtop.jpg\",\"contentUrl\":\"https:\\\/\\\/amrtop.net\\\/wp-content\\\/uploads\\\/2021\\\/11\\\/KAUSIFLAM-amrtop.jpg\",\"width\":960,\"height\":960},{\"@type\":\"BreadcrumbList\",\"@id\":\"https:\\\/\\\/amrtop.net\\\/produit\\\/gaine-cable-plat-xuo-7-kwxuo-10-kweto-12-kweto-14-kwastro-10-kwnovaopale-jazzterra-villairisanatheoelaraxuo-luxxuo-ecostoneterra-villa-etancheterra-ecoterra-eco-etancheterra-nova-etanche\\\/#breadcrumb\",\"itemListElement\":[{\"@type\":\"ListItem\",\"position\":1,\"name\":\"Home\",\"item\":\"https:\\\/\\\/amrtop.net\\\/\"},{\"@type\":\"ListItem\",\"position\":2,\"name\":\"Shop\",\"item\":\"https:\\\/\\\/amrtop.net\\\/negozio\\\/\"},{\"@type\":\"ListItem\",\"position\":3,\"name\":\"Gaine C\u00e2ble\u00a0plat code. RI.00142\"}]},{\"@type\":\"WebSite\",\"@id\":\"https:\\\/\\\/amrtop.net\\\/#website\",\"url\":\"https:\\\/\\\/amrtop.net\\\/\",\"name\":\"AMRTOP B2B \u00c9tranger - Achats r\u00e9serv\u00e9s au professionnel\",\"description\":\"Pi\u00e8ces de rechange et accessoires pour po\u00eales et chaudi\u00e8res - eCommerce B2B pour Clients Professionnels\",\"potentialAction\":[{\"@type\":\"SearchAction\",\"target\":{\"@type\":\"EntryPoint\",\"urlTemplate\":\"https:\\\/\\\/amrtop.net\\\/?s={search_term_string}\"},\"query-input\":{\"@type\":\"PropertyValueSpecification\",\"valueRequired\":true,\"valueName\":\"search_term_string\"}}],\"inLanguage\":\"de\"}]}<\/script>\n<!-- \/ Yoast SEO plugin. -->","yoast_head_json":{"title":"Gaine C\u00e2ble\u00a0plat  code. RI.00142 - AMRTOP B2B \u00c9tranger - Achats r\u00e9serv\u00e9s au professionnel","robots":{"index":"index","follow":"follow","max-snippet":"max-snippet:-1","max-image-preview":"max-image-preview:large","max-video-preview":"max-video-preview:-1"},"canonical":"https:\/\/amrtop.net\/de\/produkt\/gaine-cable-plat-xuo-7-kwxuo-10-kweto-12-kweto-14-kwastro-10-kwnovaopale-jazzterra-villairisanatheoelaraxuo-luxxuo-ecostoneterra-villa-etancheterra-ecoterra-eco-etancheterra-nova-etanche\/","og_locale":"de_DE","og_type":"article","og_title":"Gaine C\u00e2ble\u00a0plat  code. RI.00142 - AMRTOP B2B \u00c9tranger - Achats r\u00e9serv\u00e9s au professionnel","og_description":"Gaine C\u00e2ble\u00a0plat code. RI.00142 Pour les mod\u00e8les des po\u00eales \u00e0 granul\u00e9s Kausiflam: Xuo7 kw, Xuo 10 kw, Eto 12 kw, Eto 14 kw, Astro 10 kw, Nova, Opale, Jazz, Terra Villa, Iris, Ana, Theo, Elara, Xuo Lux, Xuo Eco, Stone, Terra Villa Etanche, Terra Eco, Terra Eco Etanche, Terra , Nova Etanche, Thya, Estia, Nepto, [&hellip;]","og_url":"https:\/\/amrtop.net\/de\/produkt\/gaine-cable-plat-xuo-7-kwxuo-10-kweto-12-kweto-14-kwastro-10-kwnovaopale-jazzterra-villairisanatheoelaraxuo-luxxuo-ecostoneterra-villa-etancheterra-ecoterra-eco-etancheterra-nova-etanche\/","og_site_name":"AMRTOP B2B \u00c9tranger - Achats r\u00e9serv\u00e9s au professionnel","article_modified_time":"2021-11-18T17:08:02+00:00","og_image":[{"width":960,"height":960,"url":"https:\/\/amrtop.net\/wp-content\/uploads\/2021\/11\/KAUSIFLAM-amrtop.jpg","type":"image\/jpeg"}],"twitter_card":"summary_large_image","schema":{"@context":"https:\/\/schema.org","@graph":[{"@type":"WebPage","@id":"https:\/\/amrtop.net\/produit\/gaine-cable-plat-xuo-7-kwxuo-10-kweto-12-kweto-14-kwastro-10-kwnovaopale-jazzterra-villairisanatheoelaraxuo-luxxuo-ecostoneterra-villa-etancheterra-ecoterra-eco-etancheterra-nova-etanche\/","url":"https:\/\/amrtop.net\/produit\/gaine-cable-plat-xuo-7-kwxuo-10-kweto-12-kweto-14-kwastro-10-kwnovaopale-jazzterra-villairisanatheoelaraxuo-luxxuo-ecostoneterra-villa-etancheterra-ecoterra-eco-etancheterra-nova-etanche\/","name":"Gaine C\u00e2ble\u00a0plat code. RI.00142 - AMRTOP B2B \u00c9tranger - Achats r\u00e9serv\u00e9s au professionnel","isPartOf":{"@id":"https:\/\/amrtop.net\/#website"},"primaryImageOfPage":{"@id":"https:\/\/amrtop.net\/produit\/gaine-cable-plat-xuo-7-kwxuo-10-kweto-12-kweto-14-kwastro-10-kwnovaopale-jazzterra-villairisanatheoelaraxuo-luxxuo-ecostoneterra-villa-etancheterra-ecoterra-eco-etancheterra-nova-etanche\/#primaryimage"},"image":{"@id":"https:\/\/amrtop.net\/produit\/gaine-cable-plat-xuo-7-kwxuo-10-kweto-12-kweto-14-kwastro-10-kwnovaopale-jazzterra-villairisanatheoelaraxuo-luxxuo-ecostoneterra-villa-etancheterra-ecoterra-eco-etancheterra-nova-etanche\/#primaryimage"},"thumbnailUrl":"https:\/\/amrtop.net\/wp-content\/uploads\/2021\/11\/KAUSIFLAM-amrtop.jpg","datePublished":"2020-10-01T00:00:00+00:00","dateModified":"2021-11-18T17:08:02+00:00","breadcrumb":{"@id":"https:\/\/amrtop.net\/produit\/gaine-cable-plat-xuo-7-kwxuo-10-kweto-12-kweto-14-kwastro-10-kwnovaopale-jazzterra-villairisanatheoelaraxuo-luxxuo-ecostoneterra-villa-etancheterra-ecoterra-eco-etancheterra-nova-etanche\/#breadcrumb"},"inLanguage":"de","potentialAction":[{"@type":"ReadAction","target":["https:\/\/amrtop.net\/produit\/gaine-cable-plat-xuo-7-kwxuo-10-kweto-12-kweto-14-kwastro-10-kwnovaopale-jazzterra-villairisanatheoelaraxuo-luxxuo-ecostoneterra-villa-etancheterra-ecoterra-eco-etancheterra-nova-etanche\/"]}]},{"@type":"ImageObject","inLanguage":"de","@id":"https:\/\/amrtop.net\/produit\/gaine-cable-plat-xuo-7-kwxuo-10-kweto-12-kweto-14-kwastro-10-kwnovaopale-jazzterra-villairisanatheoelaraxuo-luxxuo-ecostoneterra-villa-etancheterra-ecoterra-eco-etancheterra-nova-etanche\/#primaryimage","url":"https:\/\/amrtop.net\/wp-content\/uploads\/2021\/11\/KAUSIFLAM-amrtop.jpg","contentUrl":"https:\/\/amrtop.net\/wp-content\/uploads\/2021\/11\/KAUSIFLAM-amrtop.jpg","width":960,"height":960},{"@type":"BreadcrumbList","@id":"https:\/\/amrtop.net\/produit\/gaine-cable-plat-xuo-7-kwxuo-10-kweto-12-kweto-14-kwastro-10-kwnovaopale-jazzterra-villairisanatheoelaraxuo-luxxuo-ecostoneterra-villa-etancheterra-ecoterra-eco-etancheterra-nova-etanche\/#breadcrumb","itemListElement":[{"@type":"ListItem","position":1,"name":"Home","item":"https:\/\/amrtop.net\/"},{"@type":"ListItem","position":2,"name":"Shop","item":"https:\/\/amrtop.net\/negozio\/"},{"@type":"ListItem","position":3,"name":"Gaine C\u00e2ble\u00a0plat code. RI.00142"}]},{"@type":"WebSite","@id":"https:\/\/amrtop.net\/#website","url":"https:\/\/amrtop.net\/","name":"AMRTOP B2B Ausland - Einkaufen nur f\u00fcr Fachleute","description":"Ersatzteile und Zubeh\u00f6r f\u00fcr \u00d6fen und Heizkessel - B2B eCommerce f\u00fcr Gesch\u00e4ftskunden","potentialAction":[{"@type":"SearchAction","target":{"@type":"EntryPoint","urlTemplate":"https:\/\/amrtop.net\/?s={search_term_string}"},"query-input":{"@type":"PropertyValueSpecification","valueRequired":true,"valueName":"search_term_string"}}],"inLanguage":"de"}]}},"_links":{"self":[{"href":"https:\/\/amrtop.net\/de\/wp-json\/wp\/v2\/product\/17898","targetHints":{"allow":["GET"]}}],"collection":[{"href":"https:\/\/amrtop.net\/de\/wp-json\/wp\/v2\/product"}],"about":[{"href":"https:\/\/amrtop.net\/de\/wp-json\/wp\/v2\/types\/product"}],"replies":[{"embeddable":true,"href":"https:\/\/amrtop.net\/de\/wp-json\/wp\/v2\/comments?post=17898"}],"wp:featuredmedia":[{"embeddable":true,"href":"https:\/\/amrtop.net\/de\/wp-json\/wp\/v2\/media\/19573"}],"wp:attachment":[{"href":"https:\/\/amrtop.net\/de\/wp-json\/wp\/v2\/media?parent=17898"}],"wp:term":[{"taxonomy":"product_brand","embeddable":true,"href":"https:\/\/amrtop.net\/de\/wp-json\/wp\/v2\/product_brand?post=17898"},{"taxonomy":"product_cat","embeddable":true,"href":"https:\/\/amrtop.net\/de\/wp-json\/wp\/v2\/product_cat?post=17898"},{"taxonomy":"product_tag","embeddable":true,"href":"https:\/\/amrtop.net\/de\/wp-json\/wp\/v2\/product_tag?post=17898"}],"curies":[{"name":"wp","href":"https:\/\/api.w.org\/{rel}","templated":true}]}}