{"id":18586,"date":"2020-10-01T00:00:00","date_gmt":"2020-10-01T00:00:00","guid":{"rendered":"https:\/\/amrtop.com\/B2B\/?post_type=product&#038;p=18586"},"modified":"2025-10-21T07:24:50","modified_gmt":"2025-10-21T07:24:50","slug":"ventilateur-centrifuge-trial-code-cad12r016-encombrement-longueur-156-mm-encombrement-hauteur-170-mm","status":"publish","type":"product","link":"https:\/\/amrtop.net\/de\/produit\/ventilateur-centrifuge-trial-code-cad12r016-encombrement-longueur-156-mm-encombrement-hauteur-170-mm\/","title":{"rendered":"Trial-Zentrifugalventilator Code CAD12R016 - Platzbedarf L\u00e4nge 156 mm - Platzbedarf H\u00f6he 170 mm"},"content":{"rendered":"<hr \/>\n<h3>Ventilateur centrifuge Trial code CAD12R016<\/h3>\n<h3><strong>Allgemeine Merkmale<\/strong><\/h3>\n<p>Die Schnecke der einseitig saugenden Radialventilatoren ist auf beiden Seiten offen, wodurch das Verh\u00e4ltnis zwischen der L\u00e4nge des Ventilators und dem Platzbedarf in L\u00e4ngsrichtung maximiert wird.<\/p>\n<p>Die Hauptmerkmale dieser Serie von Fergas-Produkten sind: hohe Effizienz, niedrige Ger\u00e4uschentwicklung, robustes Design und geringer Platzbedarf.<\/p>\n<p>Diese Familie umfasst eine Reihe von Produkten, die entwickelt wurden, um bei der Versorgung von elektronischen Reglern (TRIAC) einen niedrigen Ger\u00e4uschpegel zu gew\u00e4hrleisten.<\/p>\n<p>Zu den geplanten Antrieben geh\u00f6ren: Motoren mit abgeschirmten Polen, PSC-Motoren mit Au\u00dfenrotor, b\u00fcrstenlose Motoren.<\/p>\n<p>Die L\u00fcfterdurchmesser reichen von 76 bis 133 mm bei L\u00e4ngen von 87 bis 196 mm.<\/p>\n<h3><strong>Anwendungen<\/strong><\/h3>\n<ul>\n<li>Pellet\u00f6fen<\/li>\n<li>Kamine<\/li>\n<li>L\u00fcftung<\/li>\n<\/ul>\n<h3>Caract\u00e9ristiques de construction ventilateur centrifuge Trial code CAD12R016<\/h3>\n<p>Trial-Zentrifugalventilatoren mit doppelter Ansaugung zeichnen sich durch ihre Robustheit und hohe Verarbeitungsqualit\u00e4t aus.<\/p>\n<p>Schnecken aus vorverzinktem Blech werden durch die sorgf\u00e4ltige Auswahl von Dicke und Geometrie entworfen, um eine gute Steifigkeit der Struktur bei geringem Gewicht zu gew\u00e4hrleisten.<\/p>\n<p>Die im Zusammenhang mit dem Produkt entwickelten Fergas-Verbindungstechnologien sorgen f\u00fcr Festigkeit und die Abwesenheit von Vibrationen und Resonanzen.<\/p>\n<p>Besondere Sorgfalt wird auf die Linearit\u00e4t der Effluxm\u00fcndung und die mechanische Verarbeitung gelegt.<\/p>\n<p><strong>In typischen Ger\u00e4ten vorhanden<\/strong>\u00a0\u2013 Stufa a pellet \u2013 Caldaia a pellet \u2013 Bruciatore a pellet \u2013 Pellet BBQ\/grill Caldaia a biomassa \u2013 Bruciatore a biomassa \u2013 E tanti altri bruciatori<\/p>\n<h3>Utilisation du ventilateur centrifuge Trial code CAD12R016<\/h3>\n<p>Der von Amrtop angebotene Radialventilator wird in Biomasseger\u00e4te eingebaut, um die vom Brennk\u00f6rper erzeugte hei\u00dfe Luft abzusaugen und anschlie\u00dfend an die Umgebung abzugeben.<\/p>\n<h3><strong>Innen<\/strong><\/h3>\n<p><a href=\"https:\/\/wekos.it\/\" data-saferedirecturl=\"https:\/\/www.google.com\/url?q=https:\/\/wekos.it\/&amp;source=gmail&amp;ust=1663403130342000&amp;usg=AOvVaw3tSc8ifXpY10c_ra5yONOm\">\u00d6fen, Herde und Holzherde<\/a>\u00a0-\u00a0<a href=\"https:\/\/www.greenpuros.com\/\" data-saferedirecturl=\"https:\/\/www.google.com\/url?q=https:\/\/www.greenpuros.com\/&amp;source=gmail&amp;ust=1663403130342000&amp;usg=AOvVaw2rCyFqxLjIIe738oWB-E-2\">Kamine, \u00d6fen und Pelletkessel.<\/a><\/p>\n<h3><strong>Amrtop Ersatzteile und Zubeh\u00f6r Sortiment<\/strong><\/h3>\n<p><a href=\"https:\/\/amrtop.net\/de\/produktkategorie\/ersatzteile-diverse-ofen-und-kocher-2\/bougies-dallumage-pour-poeles-et-chaudieres-a-pellets\/\">Gl\u00fchkerzen<\/a><\/p>\n<p><a href=\"https:\/\/amrtop.net\/de\/produktkategorie\/ersatzteile-diverse-ofen-und-kocher-2\/electronique\/\">Elektronik<\/a><\/p>\n<p><a href=\"https:\/\/amrtop.net\/de\/produktkategorie\/ersatzteile-diverse-ofen-und-kocher-2\/extracteurs-de-fumee\/\">Rauchabzug<\/a><\/p>\n<p><a href=\"https:\/\/amrtop.net\/de\/produktkategorie\/ersatzteile-diverse-ofen-und-kocher-2\/gaines-cable-connecteurs\/\">Kabelh\u00fcllen Verbinder<\/a><\/p>\n<p><a href=\"https:\/\/amrtop.net\/de\/produktkategorie\/ersatzteile-diverse-ofen-und-kocher-2\/joints-de-silicone\/\">Silikondichtungen<\/a><\/p>\n<p><a href=\"https:\/\/amrtop.net\/de\/produktkategorie\/ersatzteile-diverse-ofen-und-kocher-2\/motoreducteurs\/\">Getriebemotoren<\/a><\/p>\n<p><a href=\"https:\/\/amrtop.net\/de\/produktkategorie\/ersatzteile-diverse-ofen-und-kocher-2\/pressostats-et-transducteurs\/\">Druckschalter und Wandler<\/a><\/p>\n<p><a href=\"https:\/\/amrtop.net\/de\/produktkategorie\/ersatzteile-diverse-ofen-und-kocher-2\/sondes-thermostats-manometres-thermometres\/\">Sonden Thermostate Manometer Thermometer<\/a><\/p>\n<p><a href=\"https:\/\/amrtop.net\/de\/produktkategorie\/ersatzteile-diverse-ofen-und-kocher-2\/joints-detancheite\/\">Dichtgeflechte<\/a><\/p>\n<p><a href=\"https:\/\/amrtop.net\/de\/produktkategorie\/ersatzteile-diverse-ofen-und-kocher-2\/ventilateurs-centrifuges-pour-poeles-a-pellets\/\">Zentrifugalventilatoren<\/a><\/p>\n<p><a href=\"https:\/\/amrtop.net\/de\/produktkategorie\/ersatzteile-diverse-ofen-und-kocher-2\/ventilateurs-tangentiels-flux-transversal\/\">Tangentiale Ventilatoren<\/a><\/p>\n<p><a href=\"https:\/\/amrtop.net\/de\/produktkategorie\/ersatzteile-diverse-ofen-und-kocher-2\/adhesifs-et-produits-detancheite\/\">Klebstoffe und Kitt<\/a><\/p>\n<p>Das Personal von\u00a0<strong>Amrtop<\/strong> wurde sorgf\u00e4ltig geschult, um Ihnen zu helfen, m\u00f6gliche Ersatzteile zu identifizieren, die ausgetauscht werden m\u00fcssen. Indem wir telefonischen Support auf Franz\u00f6sisch, Englisch, Rum\u00e4nisch und Italienisch anbieten.<br \/>\nZ\u00f6gern Sie nicht, uns zu kontaktieren<\/p>\n<p>&nbsp;<\/p>\n<p>&nbsp;<\/p>","protected":false},"excerpt":{"rendered":"<hr \/>\n<h2><span style=\"color: #008000\">Verf\u00fcgbar<\/span><\/h2>\n<hr \/>\n<h3>Ventilateur centrifuge Trial Code CAD12R016<\/h3>\n<p>Trial Zentrifugalventilator<br \/>\nCode CAD12R016<br \/>\nDouble aspiration<br \/>\nD\u00e9bit : 400 m\u00b3\/h<br \/>\nVentilator \u00f8 120 mm<br \/>\nLongueur totale : 156 mm<br \/>\nGesamth\u00f6he: 170 mm<br \/>\nIngombro profondit\u00e0 : 163 mm<br \/>\nDimensioni bocchetta : 63 x 146 mm<br \/>\nD\u00e9bit : 400 m\u00b3\/h<\/p>","protected":false},"featured_media":35138,"comment_status":"open","ping_status":"closed","template":"","meta":[],"product_brand":[],"product_cat":[839,1385,1300,1301],"product_tag":[],"class_list":{"0":"post-18586","1":"product","2":"type-product","3":"status-publish","4":"has-post-thumbnail","6":"product_cat-pieces-de-rechange-divers-poeles-et-chaudieres","7":"product_cat-ventilateur-centrifuge-trial-a-double-aspiration","8":"product_cat-ventilateurs-centrifuges-pour-poeles-a-pellets","9":"product_cat-ventilateurs-centrifuges-trial","10":"product_shipping_class-classe-di-spedizione-02","12":"first","13":"instock","14":"shipping-taxable","15":"purchasable","16":"product-type-simple"},"yoast_head":"<!-- This site is optimized with the Yoast SEO plugin v27.5 - https:\/\/yoast.com\/product\/yoast-seo-wordpress\/ -->\n<title>Ventilateur centrifuge Trial code CAD12R016<\/title>\n<meta name=\"description\" content=\"Ventilateur centrifuge Trial code CAD12R016 - Ventilateur centrifuge air hautes temp\u00e9ratures po\u00eales et chaudi\u00e8res \u00e0 pellets code CAD12R016\" \/>\n<meta name=\"robots\" content=\"index, follow, max-snippet:-1, max-image-preview:large, max-video-preview:-1\" \/>\n<link rel=\"canonical\" href=\"https:\/\/amrtop.net\/de\/produkt\/ventilateur-centrifuge-trial-code-cad12r016-encombrement-longueur-156-mm-encombrement-hauteur-170-mm\/\" \/>\n<meta property=\"og:locale\" content=\"de_DE\" \/>\n<meta property=\"og:type\" content=\"article\" \/>\n<meta property=\"og:title\" content=\"Ventilateur centrifuge Trial code CAD12R016\" \/>\n<meta property=\"og:description\" content=\"Ventilateur centrifuge Trial code CAD12R016 - Ventilateur centrifuge air hautes temp\u00e9ratures po\u00eales et chaudi\u00e8res \u00e0 pellets code CAD12R016\" \/>\n<meta property=\"og:url\" content=\"https:\/\/amrtop.net\/de\/produkt\/ventilateur-centrifuge-trial-code-cad12r016-encombrement-longueur-156-mm-encombrement-hauteur-170-mm\/\" \/>\n<meta property=\"og:site_name\" content=\"AMRTOP B2B \u00c9tranger - Achats r\u00e9serv\u00e9s au professionnel\" \/>\n<meta property=\"article:modified_time\" content=\"2025-10-21T07:24:50+00:00\" \/>\n<meta property=\"og:image\" content=\"https:\/\/amrtop.net\/wp-content\/uploads\/2020\/10\/CAD12R016.jpg\" \/>\n\t<meta property=\"og:image:width\" content=\"960\" \/>\n\t<meta property=\"og:image:height\" content=\"960\" \/>\n\t<meta property=\"og:image:type\" content=\"image\/jpeg\" \/>\n<meta name=\"twitter:card\" content=\"summary_large_image\" \/>\n<meta name=\"twitter:label1\" content=\"Gesch\u00e4tzte Lesezeit\" \/>\n\t<meta name=\"twitter:data1\" content=\"1\u00a0Minute\" \/>\n<script type=\"application\/ld+json\" class=\"yoast-schema-graph\">{\"@context\":\"https:\\\/\\\/schema.org\",\"@graph\":[{\"@type\":\"WebPage\",\"@id\":\"https:\\\/\\\/amrtop.net\\\/produit\\\/ventilateur-centrifuge-trial-code-cad12r016-encombrement-longueur-156-mm-encombrement-hauteur-170-mm\\\/\",\"url\":\"https:\\\/\\\/amrtop.net\\\/produit\\\/ventilateur-centrifuge-trial-code-cad12r016-encombrement-longueur-156-mm-encombrement-hauteur-170-mm\\\/\",\"name\":\"Ventilateur centrifuge Trial code CAD12R016\",\"isPartOf\":{\"@id\":\"https:\\\/\\\/amrtop.net\\\/#website\"},\"primaryImageOfPage\":{\"@id\":\"https:\\\/\\\/amrtop.net\\\/produit\\\/ventilateur-centrifuge-trial-code-cad12r016-encombrement-longueur-156-mm-encombrement-hauteur-170-mm\\\/#primaryimage\"},\"image\":{\"@id\":\"https:\\\/\\\/amrtop.net\\\/produit\\\/ventilateur-centrifuge-trial-code-cad12r016-encombrement-longueur-156-mm-encombrement-hauteur-170-mm\\\/#primaryimage\"},\"thumbnailUrl\":\"https:\\\/\\\/amrtop.net\\\/wp-content\\\/uploads\\\/2020\\\/10\\\/CAD12R016.jpg\",\"datePublished\":\"2020-10-01T00:00:00+00:00\",\"dateModified\":\"2025-10-21T07:24:50+00:00\",\"description\":\"Ventilateur centrifuge Trial code CAD12R016 - Ventilateur centrifuge air hautes temp\u00e9ratures po\u00eales et chaudi\u00e8res \u00e0 pellets code CAD12R016\",\"breadcrumb\":{\"@id\":\"https:\\\/\\\/amrtop.net\\\/produit\\\/ventilateur-centrifuge-trial-code-cad12r016-encombrement-longueur-156-mm-encombrement-hauteur-170-mm\\\/#breadcrumb\"},\"inLanguage\":\"de\",\"potentialAction\":[{\"@type\":\"ReadAction\",\"target\":[\"https:\\\/\\\/amrtop.net\\\/produit\\\/ventilateur-centrifuge-trial-code-cad12r016-encombrement-longueur-156-mm-encombrement-hauteur-170-mm\\\/\"]}]},{\"@type\":\"ImageObject\",\"inLanguage\":\"de\",\"@id\":\"https:\\\/\\\/amrtop.net\\\/produit\\\/ventilateur-centrifuge-trial-code-cad12r016-encombrement-longueur-156-mm-encombrement-hauteur-170-mm\\\/#primaryimage\",\"url\":\"https:\\\/\\\/amrtop.net\\\/wp-content\\\/uploads\\\/2020\\\/10\\\/CAD12R016.jpg\",\"contentUrl\":\"https:\\\/\\\/amrtop.net\\\/wp-content\\\/uploads\\\/2020\\\/10\\\/CAD12R016.jpg\",\"width\":960,\"height\":960,\"caption\":\"Ventilateur centrifuge Trial code CAD12R016 - Ventilateur centrifuge air hautes temp\u00e9ratures po\u00eales et chaudi\u00e8res \u00e0 pellets code CAD12R016\"},{\"@type\":\"BreadcrumbList\",\"@id\":\"https:\\\/\\\/amrtop.net\\\/produit\\\/ventilateur-centrifuge-trial-code-cad12r016-encombrement-longueur-156-mm-encombrement-hauteur-170-mm\\\/#breadcrumb\",\"itemListElement\":[{\"@type\":\"ListItem\",\"position\":1,\"name\":\"Home\",\"item\":\"https:\\\/\\\/amrtop.net\\\/\"},{\"@type\":\"ListItem\",\"position\":2,\"name\":\"Shop\",\"item\":\"https:\\\/\\\/amrtop.net\\\/negozio\\\/\"},{\"@type\":\"ListItem\",\"position\":3,\"name\":\"Ventilateur centrifuge Trial Code CAD12R016 &#8211; Encombrement longueur 156 mm &#8211; Encombrement hauteur 170 mm\"}]},{\"@type\":\"WebSite\",\"@id\":\"https:\\\/\\\/amrtop.net\\\/#website\",\"url\":\"https:\\\/\\\/amrtop.net\\\/\",\"name\":\"AMRTOP B2B \u00c9tranger - Achats r\u00e9serv\u00e9s au professionnel\",\"description\":\"Pi\u00e8ces de rechange et accessoires pour po\u00eales et chaudi\u00e8res - eCommerce B2B pour Clients Professionnels\",\"potentialAction\":[{\"@type\":\"SearchAction\",\"target\":{\"@type\":\"EntryPoint\",\"urlTemplate\":\"https:\\\/\\\/amrtop.net\\\/?s={search_term_string}\"},\"query-input\":{\"@type\":\"PropertyValueSpecification\",\"valueRequired\":true,\"valueName\":\"search_term_string\"}}],\"inLanguage\":\"de\"}]}<\/script>\n<!-- \/ Yoast SEO plugin. -->","yoast_head_json":{"title":"Ventilateur centrifuge Trial code CAD12R016","description":"Radialventilator Trial Code CAD12R016 - Radialventilator Hochtemperaturluft Pellet\u00f6fen und -kessel Code CAD12R016","robots":{"index":"index","follow":"follow","max-snippet":"max-snippet:-1","max-image-preview":"max-image-preview:large","max-video-preview":"max-video-preview:-1"},"canonical":"https:\/\/amrtop.net\/de\/produkt\/ventilateur-centrifuge-trial-code-cad12r016-encombrement-longueur-156-mm-encombrement-hauteur-170-mm\/","og_locale":"de_DE","og_type":"article","og_title":"Ventilateur centrifuge Trial code CAD12R016","og_description":"Ventilateur centrifuge Trial code CAD12R016 - Ventilateur centrifuge air hautes temp\u00e9ratures po\u00eales et chaudi\u00e8res \u00e0 pellets code CAD12R016","og_url":"https:\/\/amrtop.net\/de\/produkt\/ventilateur-centrifuge-trial-code-cad12r016-encombrement-longueur-156-mm-encombrement-hauteur-170-mm\/","og_site_name":"AMRTOP B2B \u00c9tranger - Achats r\u00e9serv\u00e9s au professionnel","article_modified_time":"2025-10-21T07:24:50+00:00","og_image":[{"width":960,"height":960,"url":"https:\/\/amrtop.net\/wp-content\/uploads\/2020\/10\/CAD12R016.jpg","type":"image\/jpeg"}],"twitter_card":"summary_large_image","twitter_misc":{"Gesch\u00e4tzte Lesezeit":"1\u00a0Minute"},"schema":{"@context":"https:\/\/schema.org","@graph":[{"@type":"WebPage","@id":"https:\/\/amrtop.net\/produit\/ventilateur-centrifuge-trial-code-cad12r016-encombrement-longueur-156-mm-encombrement-hauteur-170-mm\/","url":"https:\/\/amrtop.net\/produit\/ventilateur-centrifuge-trial-code-cad12r016-encombrement-longueur-156-mm-encombrement-hauteur-170-mm\/","name":"Ventilateur centrifuge Trial code CAD12R016","isPartOf":{"@id":"https:\/\/amrtop.net\/#website"},"primaryImageOfPage":{"@id":"https:\/\/amrtop.net\/produit\/ventilateur-centrifuge-trial-code-cad12r016-encombrement-longueur-156-mm-encombrement-hauteur-170-mm\/#primaryimage"},"image":{"@id":"https:\/\/amrtop.net\/produit\/ventilateur-centrifuge-trial-code-cad12r016-encombrement-longueur-156-mm-encombrement-hauteur-170-mm\/#primaryimage"},"thumbnailUrl":"https:\/\/amrtop.net\/wp-content\/uploads\/2020\/10\/CAD12R016.jpg","datePublished":"2020-10-01T00:00:00+00:00","dateModified":"2025-10-21T07:24:50+00:00","description":"Radialventilator Trial Code CAD12R016 - Radialventilator Hochtemperaturluft Pellet\u00f6fen und -kessel Code CAD12R016","breadcrumb":{"@id":"https:\/\/amrtop.net\/produit\/ventilateur-centrifuge-trial-code-cad12r016-encombrement-longueur-156-mm-encombrement-hauteur-170-mm\/#breadcrumb"},"inLanguage":"de","potentialAction":[{"@type":"ReadAction","target":["https:\/\/amrtop.net\/produit\/ventilateur-centrifuge-trial-code-cad12r016-encombrement-longueur-156-mm-encombrement-hauteur-170-mm\/"]}]},{"@type":"ImageObject","inLanguage":"de","@id":"https:\/\/amrtop.net\/produit\/ventilateur-centrifuge-trial-code-cad12r016-encombrement-longueur-156-mm-encombrement-hauteur-170-mm\/#primaryimage","url":"https:\/\/amrtop.net\/wp-content\/uploads\/2020\/10\/CAD12R016.jpg","contentUrl":"https:\/\/amrtop.net\/wp-content\/uploads\/2020\/10\/CAD12R016.jpg","width":960,"height":960,"caption":"Ventilateur centrifuge Trial code CAD12R016 - Ventilateur centrifuge air hautes temp\u00e9ratures po\u00eales et chaudi\u00e8res \u00e0 pellets code CAD12R016"},{"@type":"BreadcrumbList","@id":"https:\/\/amrtop.net\/produit\/ventilateur-centrifuge-trial-code-cad12r016-encombrement-longueur-156-mm-encombrement-hauteur-170-mm\/#breadcrumb","itemListElement":[{"@type":"ListItem","position":1,"name":"Home","item":"https:\/\/amrtop.net\/"},{"@type":"ListItem","position":2,"name":"Shop","item":"https:\/\/amrtop.net\/negozio\/"},{"@type":"ListItem","position":3,"name":"Ventilateur centrifuge Trial Code CAD12R016 &#8211; Encombrement longueur 156 mm &#8211; Encombrement hauteur 170 mm"}]},{"@type":"WebSite","@id":"https:\/\/amrtop.net\/#website","url":"https:\/\/amrtop.net\/","name":"AMRTOP B2B Ausland - Einkaufen nur f\u00fcr Fachleute","description":"Ersatzteile und Zubeh\u00f6r f\u00fcr \u00d6fen und Heizkessel - B2B eCommerce f\u00fcr Gesch\u00e4ftskunden","potentialAction":[{"@type":"SearchAction","target":{"@type":"EntryPoint","urlTemplate":"https:\/\/amrtop.net\/?s={search_term_string}"},"query-input":{"@type":"PropertyValueSpecification","valueRequired":true,"valueName":"search_term_string"}}],"inLanguage":"de"}]}},"_links":{"self":[{"href":"https:\/\/amrtop.net\/de\/wp-json\/wp\/v2\/product\/18586","targetHints":{"allow":["GET"]}}],"collection":[{"href":"https:\/\/amrtop.net\/de\/wp-json\/wp\/v2\/product"}],"about":[{"href":"https:\/\/amrtop.net\/de\/wp-json\/wp\/v2\/types\/product"}],"replies":[{"embeddable":true,"href":"https:\/\/amrtop.net\/de\/wp-json\/wp\/v2\/comments?post=18586"}],"wp:featuredmedia":[{"embeddable":true,"href":"https:\/\/amrtop.net\/de\/wp-json\/wp\/v2\/media\/35138"}],"wp:attachment":[{"href":"https:\/\/amrtop.net\/de\/wp-json\/wp\/v2\/media?parent=18586"}],"wp:term":[{"taxonomy":"product_brand","embeddable":true,"href":"https:\/\/amrtop.net\/de\/wp-json\/wp\/v2\/product_brand?post=18586"},{"taxonomy":"product_cat","embeddable":true,"href":"https:\/\/amrtop.net\/de\/wp-json\/wp\/v2\/product_cat?post=18586"},{"taxonomy":"product_tag","embeddable":true,"href":"https:\/\/amrtop.net\/de\/wp-json\/wp\/v2\/product_tag?post=18586"}],"curies":[{"name":"wp","href":"https:\/\/api.w.org\/{rel}","templated":true}]}}