{"id":18605,"date":"2020-10-01T00:00:00","date_gmt":"2020-10-01T00:00:00","guid":{"rendered":"https:\/\/amrtop.com\/B2B\/?post_type=product&#038;p=18605"},"modified":"2023-06-06T12:35:08","modified_gmt":"2023-06-06T12:35:08","slug":"ventilateur-centrifuge-sit-code-gt500-encombrement-longueur-211-mm-encombrement-hauteur-232-mm","status":"publish","type":"product","link":"https:\/\/amrtop.net\/de\/produit\/ventilateur-centrifuge-sit-code-gt500-encombrement-longueur-211-mm-encombrement-hauteur-232-mm\/","title":{"rendered":"Ventilateur centrifuge SIT Code GT500 &#8211; Encombrement longueur 211 mm &#8211; Encombrement hauteur 232 mm"},"content":{"rendered":"<hr \/>\n<h3>Ventilateur centrifuge Sit Code GT500<\/h3>\n<p><strong>VORSTELLUNG DES UNTERNEHMENS SIT<\/strong><\/p>\n<p>Der Hauptsitz befindet sich in Padova (Italien), wo SIT La Precisa 1953 von den Br\u00fcdern Pierluigi und Giancarlo de' Stefani gegr\u00fcndet wurde. Mehr als zweitausend Menschen arbeiten direkt bei der SIT-Gruppe, darunter mehr als 60% in den B\u00fcros im Ausland, in den acht Produktionsst\u00e4tten, im Logistik-Hub und in den 23 Gesch\u00e4ftssitzen in Europa, Amerika, Asien, Afrika und Australien.<\/p>\n<p>Die Vision von SIT ist es, als f\u00fchrender nachhaltiger Partner f\u00fcr L\u00f6sungen zur Energie- und Klimakontrolle anerkannt zu werden - die Reise genie\u00dfen.<\/p>\n<p>Pierluigi und Giancarlo de' Stefani gr\u00fcnden in Padua SIT La Precisa, ein Unternehmen, das im Bereich der Feinmechanik t\u00e4tig ist.<\/p>\n<p>Die Gruppe ist ein bedeutendes Beispiel f\u00fcr ein unternehmerisches Unternehmen, das sich im Laufe der Jahre eine Managementstruktur und eine internationale Struktur gegeben hat und heute am Telematischen Aktienmarkt der Italienischen B\u00f6rse notiert ist.<\/p>\n<p>SIT Produkt :<\/p>\n<ul>\n<li>Mechanische Kontrollen (Gasventile und Sensoren) _<\/li>\n<li>Elektronische Steuerungen (Karten, Fernbedienungen und Benutzerschnittstellen) _<\/li>\n<li>Ventilatoren f\u00fcr Gasherde _<\/li>\n<li>\u00d6fen und Ger\u00e4te zur Raumheizung<\/li>\n<\/ul>\n<p><strong>Utilisation du ventilateur centrifuge SIT Code GT500<\/strong><\/p>\n<p>Le ventilateur centrifuge Sit propos\u00e9 par Amrtop s\u2019installe dans les appareils \u00e0 biomasse pour extraire l\u2019air chaud cr\u00e9\u00e9 par le corps de combustion et le diffuser ensuite dans l\u2019environnement.<\/p>\n<p><strong>In typischen Ger\u00e4ten vorhanden<\/strong>\u00a0Pelletofen - Pelletkessel - Pelletbrenner - Pellets BBQ\/grill Biomassekessel - Biomassebrenner - Und viele andere Brenner<\/p>\n<h3><strong>Innen<\/strong><\/h3>\n<p><a href=\"https:\/\/wekos.it\/\">\u00d6fen, Herde und Holzherde<\/a>\u00a0-\u00a0<a href=\"https:\/\/www.greenpuros.com\/\">Kamine, \u00d6fen und Pelletkessel.<\/a><\/p>\n<h3><strong>Amrtop Ersatzteile und Zubeh\u00f6r Sortiment<\/strong><\/h3>\n<p><a href=\"https:\/\/amrtop.net\/de\/produktkategorie\/ersatzteile-diverse-ofen-und-kocher-2\/bougies-dallumage-pour-poeles-et-chaudieres-a-pellets\/\">Gl\u00fchkerzen<\/a><\/p>\n<p><a href=\"https:\/\/amrtop.net\/de\/produktkategorie\/ersatzteile-diverse-ofen-und-kocher-2\/electronique\/\">Elektronik<\/a><\/p>\n<p><a href=\"https:\/\/amrtop.net\/de\/produktkategorie\/ersatzteile-diverse-ofen-und-kocher-2\/extracteurs-de-fumee\/\">Rauchabzug<\/a><\/p>\n<p><a href=\"https:\/\/amrtop.net\/de\/produktkategorie\/ersatzteile-diverse-ofen-und-kocher-2\/gaines-cable-connecteurs\/\">Kabelh\u00fcllen Verbinder<\/a><\/p>\n<p><a href=\"https:\/\/amrtop.net\/de\/produktkategorie\/ersatzteile-diverse-ofen-und-kocher-2\/joints-de-silicone\/\">Silikondichtungen<\/a><\/p>\n<p><a href=\"https:\/\/amrtop.net\/de\/produktkategorie\/ersatzteile-diverse-ofen-und-kocher-2\/motoreducteurs\/\">Getriebemotoren<\/a><\/p>\n<p><a href=\"https:\/\/amrtop.net\/de\/produktkategorie\/ersatzteile-diverse-ofen-und-kocher-2\/pressostats-et-transducteurs\/\">Druckschalter und Wandler<\/a><\/p>\n<p><a href=\"https:\/\/amrtop.net\/de\/produktkategorie\/ersatzteile-diverse-ofen-und-kocher-2\/sondes-thermostats-manometres-thermometres\/\">Sonden Thermostate Manometer Thermometer<\/a><\/p>\n<p><a href=\"https:\/\/amrtop.net\/de\/produktkategorie\/ersatzteile-diverse-ofen-und-kocher-2\/joints-detancheite\/\">Dichtgeflechte<\/a><\/p>\n<p><a href=\"https:\/\/amrtop.net\/de\/produktkategorie\/ersatzteile-diverse-ofen-und-kocher-2\/ventilateurs-centrifuges-pour-poeles-a-pellets\/\">Zentrifugalventilatoren<\/a><\/p>\n<p><a href=\"https:\/\/amrtop.net\/de\/produktkategorie\/ersatzteile-diverse-ofen-und-kocher-2\/ventilateurs-tangentiels-flux-transversal\/\">Tangentiale Ventilatoren<\/a><\/p>\n<p><a href=\"https:\/\/amrtop.net\/de\/produktkategorie\/ersatzteile-diverse-ofen-und-kocher-2\/adhesifs-et-produits-detancheite\/\">Klebstoffe und Kitt<\/a><\/p>\n<p>Das Personal von\u00a0<strong>Amrtop<\/strong>\u00a0wurde sorgf\u00e4ltig geschult, um Ihnen durch telefonische Unterst\u00fctzung in Franz\u00f6sisch, Englisch, Rum\u00e4nisch und Italienisch dabei zu helfen, herauszufinden, welche Ersatzteile m\u00f6glicherweise ausgetauscht werden m\u00fcssen.<br \/>\nZ\u00f6gern Sie nicht, uns zu kontaktieren.<\/p>\n<p>&nbsp;<\/p>\n<p>&nbsp;<\/p>","protected":false},"excerpt":{"rendered":"<hr \/>\n<h2><span style=\"color: #008000\">Verf\u00fcgbar<\/span><\/h2>\n<h2>Ventilateur centrifuge SIT GT-500<\/h2>\n<p>Code GT500<\/p>\n<p>Ventilateur \u00f8 n.d<\/p>\n<p>Longueur totale : 211 mm<\/p>\n<p>Hauteur totale : 232 mm<\/p>\n<p>Profondeur totale : 215 mm<\/p>\n<p>Dimensions bouches : 90 x 130 mm<\/p>\n<p>Debit d&#8217;air : 470 m\u00b3\/h<\/p>\n<p>Leistungen: 110 W<\/p>\n<p>Classe F &#8211; Protection thermique 160 \u00c2<\/p>","protected":false},"featured_media":35163,"comment_status":"open","ping_status":"closed","template":"","meta":[],"product_brand":[],"product_cat":[839,1399,1300,1398],"product_tag":[],"class_list":{"0":"post-18605","1":"product","2":"type-product","3":"status-publish","4":"has-post-thumbnail","6":"product_cat-pieces-de-rechange-divers-poeles-et-chaudieres","7":"product_cat-ventilateur-centrifuge-sit-a-double-aspiration","8":"product_cat-ventilateurs-centrifuges-pour-poeles-a-pellets","9":"product_cat-ventilateurs-centrifuges-sit-natalini","10":"product_shipping_class-classe-di-spedizione-02","12":"first","13":"instock","14":"shipping-taxable","15":"purchasable","16":"product-type-simple"},"yoast_head":"<!-- This site is optimized with the Yoast SEO plugin v27.5 - https:\/\/yoast.com\/product\/yoast-seo-wordpress\/ -->\n<title>Ventilateur centrifuge Sit Code GT500<\/title>\n<meta name=\"description\" content=\"Ventilateur centrifuge Sit Code GT500 - Ventilateur centrifuge Sit Code GT500 pour po\u00eales et chaudi\u00e8res \u00e0 pellets - Ventilateur air chaud Sit Code GT500\" \/>\n<meta name=\"robots\" content=\"index, follow, max-snippet:-1, max-image-preview:large, max-video-preview:-1\" \/>\n<link rel=\"canonical\" href=\"https:\/\/amrtop.net\/de\/produkt\/ventilateur-centrifuge-sit-code-gt500-encombrement-longueur-211-mm-encombrement-hauteur-232-mm\/\" \/>\n<meta property=\"og:locale\" content=\"de_DE\" \/>\n<meta property=\"og:type\" content=\"article\" \/>\n<meta property=\"og:title\" content=\"Ventilateur centrifuge Sit Code GT500\" \/>\n<meta property=\"og:description\" content=\"Ventilateur centrifuge Sit Code GT500 - Ventilateur centrifuge Sit Code GT500 pour po\u00eales et chaudi\u00e8res \u00e0 pellets - Ventilateur air chaud Sit Code GT500\" \/>\n<meta property=\"og:url\" content=\"https:\/\/amrtop.net\/de\/produkt\/ventilateur-centrifuge-sit-code-gt500-encombrement-longueur-211-mm-encombrement-hauteur-232-mm\/\" \/>\n<meta property=\"og:site_name\" content=\"AMRTOP B2B \u00c9tranger - Achats r\u00e9serv\u00e9s au professionnel\" \/>\n<meta property=\"article:modified_time\" content=\"2023-06-06T12:35:08+00:00\" \/>\n<meta property=\"og:image\" content=\"https:\/\/amrtop.net\/wp-content\/uploads\/2020\/10\/gt500.jpg\" \/>\n\t<meta property=\"og:image:width\" content=\"960\" \/>\n\t<meta property=\"og:image:height\" content=\"960\" \/>\n\t<meta property=\"og:image:type\" content=\"image\/jpeg\" \/>\n<meta name=\"twitter:card\" content=\"summary_large_image\" \/>\n<meta name=\"twitter:label1\" content=\"Gesch\u00e4tzte Lesezeit\" \/>\n\t<meta name=\"twitter:data1\" content=\"1\u00a0Minute\" \/>\n<script type=\"application\/ld+json\" class=\"yoast-schema-graph\">{\"@context\":\"https:\\\/\\\/schema.org\",\"@graph\":[{\"@type\":\"WebPage\",\"@id\":\"https:\\\/\\\/amrtop.net\\\/produit\\\/ventilateur-centrifuge-sit-code-gt500-encombrement-longueur-211-mm-encombrement-hauteur-232-mm\\\/\",\"url\":\"https:\\\/\\\/amrtop.net\\\/produit\\\/ventilateur-centrifuge-sit-code-gt500-encombrement-longueur-211-mm-encombrement-hauteur-232-mm\\\/\",\"name\":\"Ventilateur centrifuge Sit Code GT500\",\"isPartOf\":{\"@id\":\"https:\\\/\\\/amrtop.net\\\/#website\"},\"primaryImageOfPage\":{\"@id\":\"https:\\\/\\\/amrtop.net\\\/produit\\\/ventilateur-centrifuge-sit-code-gt500-encombrement-longueur-211-mm-encombrement-hauteur-232-mm\\\/#primaryimage\"},\"image\":{\"@id\":\"https:\\\/\\\/amrtop.net\\\/produit\\\/ventilateur-centrifuge-sit-code-gt500-encombrement-longueur-211-mm-encombrement-hauteur-232-mm\\\/#primaryimage\"},\"thumbnailUrl\":\"https:\\\/\\\/amrtop.net\\\/wp-content\\\/uploads\\\/2020\\\/10\\\/gt500.jpg\",\"datePublished\":\"2020-10-01T00:00:00+00:00\",\"dateModified\":\"2023-06-06T12:35:08+00:00\",\"description\":\"Ventilateur centrifuge Sit Code GT500 - Ventilateur centrifuge Sit Code GT500 pour po\u00eales et chaudi\u00e8res \u00e0 pellets - Ventilateur air chaud Sit Code GT500\",\"breadcrumb\":{\"@id\":\"https:\\\/\\\/amrtop.net\\\/produit\\\/ventilateur-centrifuge-sit-code-gt500-encombrement-longueur-211-mm-encombrement-hauteur-232-mm\\\/#breadcrumb\"},\"inLanguage\":\"de\",\"potentialAction\":[{\"@type\":\"ReadAction\",\"target\":[\"https:\\\/\\\/amrtop.net\\\/produit\\\/ventilateur-centrifuge-sit-code-gt500-encombrement-longueur-211-mm-encombrement-hauteur-232-mm\\\/\"]}]},{\"@type\":\"ImageObject\",\"inLanguage\":\"de\",\"@id\":\"https:\\\/\\\/amrtop.net\\\/produit\\\/ventilateur-centrifuge-sit-code-gt500-encombrement-longueur-211-mm-encombrement-hauteur-232-mm\\\/#primaryimage\",\"url\":\"https:\\\/\\\/amrtop.net\\\/wp-content\\\/uploads\\\/2020\\\/10\\\/gt500.jpg\",\"contentUrl\":\"https:\\\/\\\/amrtop.net\\\/wp-content\\\/uploads\\\/2020\\\/10\\\/gt500.jpg\",\"width\":960,\"height\":960,\"caption\":\"Ventilateur centrifuge Sit Code GT500 - Ventilateur centrifuge Sit Code GT500 pour po\u00eales et chaudi\u00e8res \u00e0 pellets - Ventilateur air chaud Sit Code GT500\"},{\"@type\":\"BreadcrumbList\",\"@id\":\"https:\\\/\\\/amrtop.net\\\/produit\\\/ventilateur-centrifuge-sit-code-gt500-encombrement-longueur-211-mm-encombrement-hauteur-232-mm\\\/#breadcrumb\",\"itemListElement\":[{\"@type\":\"ListItem\",\"position\":1,\"name\":\"Home\",\"item\":\"https:\\\/\\\/amrtop.net\\\/\"},{\"@type\":\"ListItem\",\"position\":2,\"name\":\"Shop\",\"item\":\"https:\\\/\\\/amrtop.net\\\/negozio\\\/\"},{\"@type\":\"ListItem\",\"position\":3,\"name\":\"Ventilateur centrifuge SIT Code GT500 &#8211; Encombrement longueur 211 mm &#8211; Encombrement hauteur 232 mm\"}]},{\"@type\":\"WebSite\",\"@id\":\"https:\\\/\\\/amrtop.net\\\/#website\",\"url\":\"https:\\\/\\\/amrtop.net\\\/\",\"name\":\"AMRTOP B2B \u00c9tranger - Achats r\u00e9serv\u00e9s au professionnel\",\"description\":\"Pi\u00e8ces de rechange et accessoires pour po\u00eales et chaudi\u00e8res - eCommerce B2B pour Clients Professionnels\",\"potentialAction\":[{\"@type\":\"SearchAction\",\"target\":{\"@type\":\"EntryPoint\",\"urlTemplate\":\"https:\\\/\\\/amrtop.net\\\/?s={search_term_string}\"},\"query-input\":{\"@type\":\"PropertyValueSpecification\",\"valueRequired\":true,\"valueName\":\"search_term_string\"}}],\"inLanguage\":\"de\"}]}<\/script>\n<!-- \/ Yoast SEO plugin. -->","yoast_head_json":{"title":"Ventilateur centrifuge Sit Code GT500","description":"Ventilateur centrifuge Sit Code GT500 - Ventilateur centrifuge Sit Code GT500 pour po\u00eales et chaudi\u00e8res \u00e0 pellets - Ventilateur air chaud Sit Code GT500","robots":{"index":"index","follow":"follow","max-snippet":"max-snippet:-1","max-image-preview":"max-image-preview:large","max-video-preview":"max-video-preview:-1"},"canonical":"https:\/\/amrtop.net\/de\/produkt\/ventilateur-centrifuge-sit-code-gt500-encombrement-longueur-211-mm-encombrement-hauteur-232-mm\/","og_locale":"de_DE","og_type":"article","og_title":"Ventilateur centrifuge Sit Code GT500","og_description":"Ventilateur centrifuge Sit Code GT500 - Ventilateur centrifuge Sit Code GT500 pour po\u00eales et chaudi\u00e8res \u00e0 pellets - Ventilateur air chaud Sit Code GT500","og_url":"https:\/\/amrtop.net\/de\/produkt\/ventilateur-centrifuge-sit-code-gt500-encombrement-longueur-211-mm-encombrement-hauteur-232-mm\/","og_site_name":"AMRTOP B2B \u00c9tranger - Achats r\u00e9serv\u00e9s au professionnel","article_modified_time":"2023-06-06T12:35:08+00:00","og_image":[{"width":960,"height":960,"url":"https:\/\/amrtop.net\/wp-content\/uploads\/2020\/10\/gt500.jpg","type":"image\/jpeg"}],"twitter_card":"summary_large_image","twitter_misc":{"Gesch\u00e4tzte Lesezeit":"1\u00a0Minute"},"schema":{"@context":"https:\/\/schema.org","@graph":[{"@type":"WebPage","@id":"https:\/\/amrtop.net\/produit\/ventilateur-centrifuge-sit-code-gt500-encombrement-longueur-211-mm-encombrement-hauteur-232-mm\/","url":"https:\/\/amrtop.net\/produit\/ventilateur-centrifuge-sit-code-gt500-encombrement-longueur-211-mm-encombrement-hauteur-232-mm\/","name":"Ventilateur centrifuge Sit Code GT500","isPartOf":{"@id":"https:\/\/amrtop.net\/#website"},"primaryImageOfPage":{"@id":"https:\/\/amrtop.net\/produit\/ventilateur-centrifuge-sit-code-gt500-encombrement-longueur-211-mm-encombrement-hauteur-232-mm\/#primaryimage"},"image":{"@id":"https:\/\/amrtop.net\/produit\/ventilateur-centrifuge-sit-code-gt500-encombrement-longueur-211-mm-encombrement-hauteur-232-mm\/#primaryimage"},"thumbnailUrl":"https:\/\/amrtop.net\/wp-content\/uploads\/2020\/10\/gt500.jpg","datePublished":"2020-10-01T00:00:00+00:00","dateModified":"2023-06-06T12:35:08+00:00","description":"Ventilateur centrifuge Sit Code GT500 - Ventilateur centrifuge Sit Code GT500 pour po\u00eales et chaudi\u00e8res \u00e0 pellets - Ventilateur air chaud Sit Code GT500","breadcrumb":{"@id":"https:\/\/amrtop.net\/produit\/ventilateur-centrifuge-sit-code-gt500-encombrement-longueur-211-mm-encombrement-hauteur-232-mm\/#breadcrumb"},"inLanguage":"de","potentialAction":[{"@type":"ReadAction","target":["https:\/\/amrtop.net\/produit\/ventilateur-centrifuge-sit-code-gt500-encombrement-longueur-211-mm-encombrement-hauteur-232-mm\/"]}]},{"@type":"ImageObject","inLanguage":"de","@id":"https:\/\/amrtop.net\/produit\/ventilateur-centrifuge-sit-code-gt500-encombrement-longueur-211-mm-encombrement-hauteur-232-mm\/#primaryimage","url":"https:\/\/amrtop.net\/wp-content\/uploads\/2020\/10\/gt500.jpg","contentUrl":"https:\/\/amrtop.net\/wp-content\/uploads\/2020\/10\/gt500.jpg","width":960,"height":960,"caption":"Ventilateur centrifuge Sit Code GT500 - Ventilateur centrifuge Sit Code GT500 pour po\u00eales et chaudi\u00e8res \u00e0 pellets - Ventilateur air chaud Sit Code GT500"},{"@type":"BreadcrumbList","@id":"https:\/\/amrtop.net\/produit\/ventilateur-centrifuge-sit-code-gt500-encombrement-longueur-211-mm-encombrement-hauteur-232-mm\/#breadcrumb","itemListElement":[{"@type":"ListItem","position":1,"name":"Home","item":"https:\/\/amrtop.net\/"},{"@type":"ListItem","position":2,"name":"Shop","item":"https:\/\/amrtop.net\/negozio\/"},{"@type":"ListItem","position":3,"name":"Ventilateur centrifuge SIT Code GT500 &#8211; Encombrement longueur 211 mm &#8211; Encombrement hauteur 232 mm"}]},{"@type":"WebSite","@id":"https:\/\/amrtop.net\/#website","url":"https:\/\/amrtop.net\/","name":"AMRTOP B2B Ausland - Einkaufen nur f\u00fcr Fachleute","description":"Ersatzteile und Zubeh\u00f6r f\u00fcr \u00d6fen und Heizkessel - B2B eCommerce f\u00fcr Gesch\u00e4ftskunden","potentialAction":[{"@type":"SearchAction","target":{"@type":"EntryPoint","urlTemplate":"https:\/\/amrtop.net\/?s={search_term_string}"},"query-input":{"@type":"PropertyValueSpecification","valueRequired":true,"valueName":"search_term_string"}}],"inLanguage":"de"}]}},"_links":{"self":[{"href":"https:\/\/amrtop.net\/de\/wp-json\/wp\/v2\/product\/18605","targetHints":{"allow":["GET"]}}],"collection":[{"href":"https:\/\/amrtop.net\/de\/wp-json\/wp\/v2\/product"}],"about":[{"href":"https:\/\/amrtop.net\/de\/wp-json\/wp\/v2\/types\/product"}],"replies":[{"embeddable":true,"href":"https:\/\/amrtop.net\/de\/wp-json\/wp\/v2\/comments?post=18605"}],"wp:featuredmedia":[{"embeddable":true,"href":"https:\/\/amrtop.net\/de\/wp-json\/wp\/v2\/media\/35163"}],"wp:attachment":[{"href":"https:\/\/amrtop.net\/de\/wp-json\/wp\/v2\/media?parent=18605"}],"wp:term":[{"taxonomy":"product_brand","embeddable":true,"href":"https:\/\/amrtop.net\/de\/wp-json\/wp\/v2\/product_brand?post=18605"},{"taxonomy":"product_cat","embeddable":true,"href":"https:\/\/amrtop.net\/de\/wp-json\/wp\/v2\/product_cat?post=18605"},{"taxonomy":"product_tag","embeddable":true,"href":"https:\/\/amrtop.net\/de\/wp-json\/wp\/v2\/product_tag?post=18605"}],"curies":[{"name":"wp","href":"https:\/\/api.w.org\/{rel}","templated":true}]}}