{"id":18626,"date":"1970-01-01T00:00:00","date_gmt":"1970-01-01T00:00:00","guid":{"rendered":"https:\/\/amrtop.com\/B2B\/?post_type=product&#038;p=18626"},"modified":"2023-08-02T11:52:39","modified_gmt":"2023-08-02T11:52:39","slug":"ventilateur-pour-extracteur-de-fumee-fandis-code-vntf031-hauteur-31-mm","status":"publish","type":"product","link":"https:\/\/amrtop.net\/de\/produit\/ventilateur-pour-extracteur-de-fumee-fandis-code-vntf031-hauteur-31-mm\/","title":{"rendered":"Ventilator f\u00fcr Rauchabzug Fandis Code VNTF031 - H\u00f6he 31 mm"},"content":{"rendered":"<hr \/>\n<h3>Ventilateur pour extracteur de fum\u00e9e Fandis hauteur 31 mm<\/h3>\n<p>Amrtop bietet den Rauchabzug Fandis mit Au\u00dfenrotor aufgrund seiner Robustheit und Zuverl\u00e4ssigkeit an.<\/p>\n<p>Fandis ist eine international anerkannte Marke, f\u00fcr das Wissen, das sie im technischen und kommerziellen Bereich erworben hat, und f\u00fcr die Erfahrung, die sie auf verschiedenen M\u00e4rkten gesammelt hat<\/p>\n<p>Hinzu kommt die Erfahrung im Bereich der angewandten Bel\u00fcftung in den Bereichen K\u00fchlung, Heizung und Elektronik.<\/p>\n<p>Gli estrattori fumo\u00a0Fandis\u00a0offerti da\u00a0Amrtop\u00a0sono stati concepiti per utilizzo nelle stufe a pellet e caldaie a biomassa. Forniti completi di chiocciola in alluminio pressofuso e ventola stampata in alluminio presso fuso.<\/p>\n<h3>Wozu dient der Rauchabzug.<\/h3>\n<p>Die Absaugung und Entsorgung des ausgesto\u00dfenen Rauchs ist eine lebenswichtige Anwendung im Pelletheizsystem, da bei einer Fehlfunktion des Systems sch\u00e4dliche Substanzen in die Umwelt gelangen k\u00f6nnen.<br \/>\nDie Rauchgasabsaugvorrichtung ist die wichtigste Komponente, da sie bei 100% w\u00e4hrend aller Betriebsphasen des Kaminofens aktiv ist.<\/p>\n<h3>Utilisation du ventilateur pour extracteur de fum\u00e9e Fandis hauteur 31 mm<\/h3>\n<p>Der von Amrtop angebotene Ventilator f\u00fcr den Rauchabzug Fandis wird in Biomasseger\u00e4te eingebaut, um den bei der Verbrennung von Pellet\u00f6fen und -kesseln, Nocciolino, Sansa, Cippato usw. entstehenden Rauch auszusto\u00dfen.<\/p>\n<p><strong>In typischen Ger\u00e4ten vorhanden<\/strong>\u00a0Pelletofen - Pelletkessel - Pelletbrenner - Pellets BBQ\/grill Biomassekessel - Biomassebrenner - Und viele andere Brenner<\/p>\n<h3><strong>Innen<\/strong><\/h3>\n<p><a href=\"https:\/\/wekos.it\/\">\u00d6fen, Herde und Holzherde<\/a>\u00a0-\u00a0<a href=\"https:\/\/www.greenpuros.com\/\">Kamine, \u00d6fen und Pelletkessel.<\/a><\/p>\n<h3><strong>Amrtop Ersatzteile und Zubeh\u00f6r Sortiment<\/strong><\/h3>\n<p><a href=\"https:\/\/amrtop.net\/de\/produktkategorie\/ersatzteile-diverse-ofen-und-kocher-2\/bougies-dallumage-pour-poeles-et-chaudieres-a-pellets\/\">Gl\u00fchkerzen<\/a><\/p>\n<p><a href=\"https:\/\/amrtop.net\/de\/produktkategorie\/ersatzteile-diverse-ofen-und-kocher-2\/electronique\/\">Elektronik<\/a><\/p>\n<p><a href=\"https:\/\/amrtop.net\/de\/produktkategorie\/ersatzteile-diverse-ofen-und-kocher-2\/extracteurs-de-fumee\/\">Rauchabzug<\/a><\/p>\n<p><a href=\"https:\/\/amrtop.net\/de\/produktkategorie\/ersatzteile-diverse-ofen-und-kocher-2\/gaines-cable-connecteurs\/\">Kabelh\u00fcllen Verbinder<\/a><\/p>\n<p><a href=\"https:\/\/amrtop.net\/de\/produktkategorie\/ersatzteile-diverse-ofen-und-kocher-2\/joints-de-silicone\/\">Silikondichtungen<\/a><\/p>\n<p><a href=\"https:\/\/amrtop.net\/de\/produktkategorie\/ersatzteile-diverse-ofen-und-kocher-2\/motoreducteurs\/\">Getriebemotoren<\/a><\/p>\n<p><a href=\"https:\/\/amrtop.net\/de\/produktkategorie\/ersatzteile-diverse-ofen-und-kocher-2\/pressostats-et-transducteurs\/\">Druckschalter und Wandler<\/a><\/p>\n<p><a href=\"https:\/\/amrtop.com\/B2B\/fr\/categorie-produit\/ricambi-vari-stufe-e-caldaie\/sonde-termostati-manometri-termometri\/\">Sonden Thermostate Manometer Thermometer<\/a><\/p>\n<p><a href=\"https:\/\/amrtop.net\/de\/produktkategorie\/ersatzteile-diverse-ofen-und-kocher-2\/joints-detancheite\/\">Dichtgeflechte<\/a><\/p>\n<p><a href=\"https:\/\/amrtop.net\/de\/produktkategorie\/ersatzteile-diverse-ofen-und-kocher-2\/ventilateurs-centrifuges-pour-poeles-a-pellets\/\">Zentrifugalventilatoren<\/a><\/p>\n<p><a href=\"https:\/\/amrtop.net\/de\/produktkategorie\/ersatzteile-diverse-ofen-und-kocher-2\/ventilateurs-tangentiels-flux-transversal\/\">Tangentiale Ventilatoren<\/a><\/p>\n<p><a href=\"https:\/\/amrtop.net\/de\/produktkategorie\/ersatzteile-diverse-ofen-und-kocher-2\/adhesifs-et-produits-detancheite\/\">Klebstoffe und Kitt<\/a><\/p>\n<p>Das Personal von\u00a0<strong>Amrtop<\/strong>\u00a0wurde sorgf\u00e4ltig geschult, um Ihnen durch telefonische Unterst\u00fctzung in Franz\u00f6sisch, Englisch, Rum\u00e4nisch und Italienisch dabei zu helfen, herauszufinden, welche Ersatzteile m\u00f6glicherweise ausgetauscht werden m\u00fcssen.<br \/>\nZ\u00f6gern Sie nicht, uns zu kontaktieren<\/p>\n<p>&nbsp;<\/p>","protected":false},"excerpt":{"rendered":"<hr \/>\n<h2><span style=\"color: #008000\">Disponibile<\/span><\/h2>\n<p>Codice VNTF031<\/p>\n<p>Altezza : 31 mm<\/p>\n<p>Diametro: 150 mm<\/p>","protected":false},"featured_media":35193,"comment_status":"closed","ping_status":"closed","template":"","meta":[],"product_brand":[],"product_cat":[1305,1308,839],"product_tag":[],"class_list":{"0":"post-18626","1":"product","2":"type-product","3":"status-publish","4":"has-post-thumbnail","6":"product_cat-extracteurs-de-fumee","7":"product_cat-extracteurs-de-fumee-fandis","8":"product_cat-pieces-de-rechange-divers-poeles-et-chaudieres","9":"product_shipping_class-classe-di-spedizione-01","11":"first","12":"instock","13":"shipping-taxable","14":"purchasable","15":"product-type-simple"},"yoast_head":"<!-- This site is optimized with the Yoast SEO plugin v27.4 - https:\/\/yoast.com\/product\/yoast-seo-wordpress\/ -->\n<title>Ventilateur pour extracteur de fum\u00e9e Fandis hauteur 31 mm<\/title>\n<meta name=\"description\" content=\"Ventilateur extracteur de fum\u00e9e Fandis hauteur 31 mm-Ventilateur extracteur de fum\u00e9e Fandis rotor externe-Ventilateur extracteur de fum\u00e9e Fandis pour po\u00eales\" \/>\n<meta name=\"robots\" content=\"index, follow, max-snippet:-1, max-image-preview:large, max-video-preview:-1\" \/>\n<link rel=\"canonical\" href=\"https:\/\/amrtop.net\/de\/produkt\/ventilateur-pour-extracteur-de-fumee-fandis-code-vntf031-hauteur-31-mm\/\" \/>\n<meta property=\"og:locale\" content=\"de_DE\" \/>\n<meta property=\"og:type\" content=\"article\" \/>\n<meta property=\"og:title\" content=\"Ventilateur pour extracteur de fum\u00e9e Fandis hauteur 31 mm\" \/>\n<meta property=\"og:description\" content=\"Ventilateur extracteur de fum\u00e9e Fandis hauteur 31 mm-Ventilateur extracteur de fum\u00e9e Fandis rotor externe-Ventilateur extracteur de fum\u00e9e Fandis pour po\u00eales\" \/>\n<meta property=\"og:url\" content=\"https:\/\/amrtop.net\/de\/produkt\/ventilateur-pour-extracteur-de-fumee-fandis-code-vntf031-hauteur-31-mm\/\" \/>\n<meta property=\"og:site_name\" content=\"AMRTOP B2B \u00c9tranger - Achats r\u00e9serv\u00e9s au professionnel\" \/>\n<meta property=\"article:modified_time\" content=\"2023-08-02T11:52:39+00:00\" \/>\n<meta property=\"og:image\" content=\"https:\/\/amrtop.net\/wp-content\/uploads\/1970\/01\/VNTF031.jpg\" \/>\n\t<meta property=\"og:image:width\" content=\"960\" \/>\n\t<meta property=\"og:image:height\" content=\"960\" \/>\n\t<meta property=\"og:image:type\" content=\"image\/jpeg\" \/>\n<meta name=\"twitter:card\" content=\"summary_large_image\" \/>\n<meta name=\"twitter:label1\" content=\"Gesch\u00e4tzte Lesezeit\" \/>\n\t<meta name=\"twitter:data1\" content=\"1\u00a0Minute\" \/>\n<script type=\"application\/ld+json\" class=\"yoast-schema-graph\">{\"@context\":\"https:\\\/\\\/schema.org\",\"@graph\":[{\"@type\":\"WebPage\",\"@id\":\"https:\\\/\\\/amrtop.net\\\/produit\\\/ventilateur-pour-extracteur-de-fumee-fandis-code-vntf031-hauteur-31-mm\\\/\",\"url\":\"https:\\\/\\\/amrtop.net\\\/produit\\\/ventilateur-pour-extracteur-de-fumee-fandis-code-vntf031-hauteur-31-mm\\\/\",\"name\":\"Ventilateur pour extracteur de fum\u00e9e Fandis hauteur 31 mm\",\"isPartOf\":{\"@id\":\"https:\\\/\\\/amrtop.net\\\/#website\"},\"primaryImageOfPage\":{\"@id\":\"https:\\\/\\\/amrtop.net\\\/produit\\\/ventilateur-pour-extracteur-de-fumee-fandis-code-vntf031-hauteur-31-mm\\\/#primaryimage\"},\"image\":{\"@id\":\"https:\\\/\\\/amrtop.net\\\/produit\\\/ventilateur-pour-extracteur-de-fumee-fandis-code-vntf031-hauteur-31-mm\\\/#primaryimage\"},\"thumbnailUrl\":\"https:\\\/\\\/amrtop.net\\\/wp-content\\\/uploads\\\/1970\\\/01\\\/VNTF031.jpg\",\"datePublished\":\"1970-01-01T00:00:00+00:00\",\"dateModified\":\"2023-08-02T11:52:39+00:00\",\"description\":\"Ventilateur extracteur de fum\u00e9e Fandis hauteur 31 mm-Ventilateur extracteur de fum\u00e9e Fandis rotor externe-Ventilateur extracteur de fum\u00e9e Fandis pour po\u00eales\",\"breadcrumb\":{\"@id\":\"https:\\\/\\\/amrtop.net\\\/produit\\\/ventilateur-pour-extracteur-de-fumee-fandis-code-vntf031-hauteur-31-mm\\\/#breadcrumb\"},\"inLanguage\":\"de\",\"potentialAction\":[{\"@type\":\"ReadAction\",\"target\":[\"https:\\\/\\\/amrtop.net\\\/produit\\\/ventilateur-pour-extracteur-de-fumee-fandis-code-vntf031-hauteur-31-mm\\\/\"]}]},{\"@type\":\"ImageObject\",\"inLanguage\":\"de\",\"@id\":\"https:\\\/\\\/amrtop.net\\\/produit\\\/ventilateur-pour-extracteur-de-fumee-fandis-code-vntf031-hauteur-31-mm\\\/#primaryimage\",\"url\":\"https:\\\/\\\/amrtop.net\\\/wp-content\\\/uploads\\\/1970\\\/01\\\/VNTF031.jpg\",\"contentUrl\":\"https:\\\/\\\/amrtop.net\\\/wp-content\\\/uploads\\\/1970\\\/01\\\/VNTF031.jpg\",\"width\":960,\"height\":960,\"caption\":\"Ventilateur extracteur de fum\u00e9e Fandis hauteur 31 mm-Ventilateur extracteur de fum\u00e9e Fandis rotor externe-Ventilateur extracteur de fum\u00e9e Fandis pour po\u00eales\"},{\"@type\":\"BreadcrumbList\",\"@id\":\"https:\\\/\\\/amrtop.net\\\/produit\\\/ventilateur-pour-extracteur-de-fumee-fandis-code-vntf031-hauteur-31-mm\\\/#breadcrumb\",\"itemListElement\":[{\"@type\":\"ListItem\",\"position\":1,\"name\":\"Home\",\"item\":\"https:\\\/\\\/amrtop.net\\\/\"},{\"@type\":\"ListItem\",\"position\":2,\"name\":\"Shop\",\"item\":\"https:\\\/\\\/amrtop.net\\\/negozio\\\/\"},{\"@type\":\"ListItem\",\"position\":3,\"name\":\"Ventilateur pour extracteur de fum\u00e9e Fandis Code VNTF031 &#8211; Hauteur 31 mm\"}]},{\"@type\":\"WebSite\",\"@id\":\"https:\\\/\\\/amrtop.net\\\/#website\",\"url\":\"https:\\\/\\\/amrtop.net\\\/\",\"name\":\"AMRTOP B2B \u00c9tranger - Achats r\u00e9serv\u00e9s au professionnel\",\"description\":\"Pi\u00e8ces de rechange et accessoires pour po\u00eales et chaudi\u00e8res - eCommerce B2B pour Clients Professionnels\",\"potentialAction\":[{\"@type\":\"SearchAction\",\"target\":{\"@type\":\"EntryPoint\",\"urlTemplate\":\"https:\\\/\\\/amrtop.net\\\/?s={search_term_string}\"},\"query-input\":{\"@type\":\"PropertyValueSpecification\",\"valueRequired\":true,\"valueName\":\"search_term_string\"}}],\"inLanguage\":\"de\"}]}<\/script>\n<!-- \/ Yoast SEO plugin. -->","yoast_head_json":{"title":"Ventilateur pour extracteur de fum\u00e9e Fandis hauteur 31 mm","description":"Rauchabzugsventilator Fandis H\u00f6he 31 mm-Rauchabzugsventilator Fandis Au\u00dfenrotor-Rauchabzugsventilator Fandis f\u00fcr \u00d6fen","robots":{"index":"index","follow":"follow","max-snippet":"max-snippet:-1","max-image-preview":"max-image-preview:large","max-video-preview":"max-video-preview:-1"},"canonical":"https:\/\/amrtop.net\/de\/produkt\/ventilateur-pour-extracteur-de-fumee-fandis-code-vntf031-hauteur-31-mm\/","og_locale":"de_DE","og_type":"article","og_title":"Ventilateur pour extracteur de fum\u00e9e Fandis hauteur 31 mm","og_description":"Ventilateur extracteur de fum\u00e9e Fandis hauteur 31 mm-Ventilateur extracteur de fum\u00e9e Fandis rotor externe-Ventilateur extracteur de fum\u00e9e Fandis pour po\u00eales","og_url":"https:\/\/amrtop.net\/de\/produkt\/ventilateur-pour-extracteur-de-fumee-fandis-code-vntf031-hauteur-31-mm\/","og_site_name":"AMRTOP B2B \u00c9tranger - Achats r\u00e9serv\u00e9s au professionnel","article_modified_time":"2023-08-02T11:52:39+00:00","og_image":[{"width":960,"height":960,"url":"https:\/\/amrtop.net\/wp-content\/uploads\/1970\/01\/VNTF031.jpg","type":"image\/jpeg"}],"twitter_card":"summary_large_image","twitter_misc":{"Gesch\u00e4tzte Lesezeit":"1\u00a0Minute"},"schema":{"@context":"https:\/\/schema.org","@graph":[{"@type":"WebPage","@id":"https:\/\/amrtop.net\/produit\/ventilateur-pour-extracteur-de-fumee-fandis-code-vntf031-hauteur-31-mm\/","url":"https:\/\/amrtop.net\/produit\/ventilateur-pour-extracteur-de-fumee-fandis-code-vntf031-hauteur-31-mm\/","name":"Ventilateur pour extracteur de fum\u00e9e Fandis hauteur 31 mm","isPartOf":{"@id":"https:\/\/amrtop.net\/#website"},"primaryImageOfPage":{"@id":"https:\/\/amrtop.net\/produit\/ventilateur-pour-extracteur-de-fumee-fandis-code-vntf031-hauteur-31-mm\/#primaryimage"},"image":{"@id":"https:\/\/amrtop.net\/produit\/ventilateur-pour-extracteur-de-fumee-fandis-code-vntf031-hauteur-31-mm\/#primaryimage"},"thumbnailUrl":"https:\/\/amrtop.net\/wp-content\/uploads\/1970\/01\/VNTF031.jpg","datePublished":"1970-01-01T00:00:00+00:00","dateModified":"2023-08-02T11:52:39+00:00","description":"Rauchabzugsventilator Fandis H\u00f6he 31 mm-Rauchabzugsventilator Fandis Au\u00dfenrotor-Rauchabzugsventilator Fandis f\u00fcr \u00d6fen","breadcrumb":{"@id":"https:\/\/amrtop.net\/produit\/ventilateur-pour-extracteur-de-fumee-fandis-code-vntf031-hauteur-31-mm\/#breadcrumb"},"inLanguage":"de","potentialAction":[{"@type":"ReadAction","target":["https:\/\/amrtop.net\/produit\/ventilateur-pour-extracteur-de-fumee-fandis-code-vntf031-hauteur-31-mm\/"]}]},{"@type":"ImageObject","inLanguage":"de","@id":"https:\/\/amrtop.net\/produit\/ventilateur-pour-extracteur-de-fumee-fandis-code-vntf031-hauteur-31-mm\/#primaryimage","url":"https:\/\/amrtop.net\/wp-content\/uploads\/1970\/01\/VNTF031.jpg","contentUrl":"https:\/\/amrtop.net\/wp-content\/uploads\/1970\/01\/VNTF031.jpg","width":960,"height":960,"caption":"Ventilateur extracteur de fum\u00e9e Fandis hauteur 31 mm-Ventilateur extracteur de fum\u00e9e Fandis rotor externe-Ventilateur extracteur de fum\u00e9e Fandis pour po\u00eales"},{"@type":"BreadcrumbList","@id":"https:\/\/amrtop.net\/produit\/ventilateur-pour-extracteur-de-fumee-fandis-code-vntf031-hauteur-31-mm\/#breadcrumb","itemListElement":[{"@type":"ListItem","position":1,"name":"Home","item":"https:\/\/amrtop.net\/"},{"@type":"ListItem","position":2,"name":"Shop","item":"https:\/\/amrtop.net\/negozio\/"},{"@type":"ListItem","position":3,"name":"Ventilateur pour extracteur de fum\u00e9e Fandis Code VNTF031 &#8211; Hauteur 31 mm"}]},{"@type":"WebSite","@id":"https:\/\/amrtop.net\/#website","url":"https:\/\/amrtop.net\/","name":"AMRTOP B2B Ausland - Einkaufen nur f\u00fcr Fachleute","description":"Ersatzteile und Zubeh\u00f6r f\u00fcr \u00d6fen und Heizkessel - B2B eCommerce f\u00fcr Gesch\u00e4ftskunden","potentialAction":[{"@type":"SearchAction","target":{"@type":"EntryPoint","urlTemplate":"https:\/\/amrtop.net\/?s={search_term_string}"},"query-input":{"@type":"PropertyValueSpecification","valueRequired":true,"valueName":"search_term_string"}}],"inLanguage":"de"}]}},"_links":{"self":[{"href":"https:\/\/amrtop.net\/de\/wp-json\/wp\/v2\/product\/18626","targetHints":{"allow":["GET"]}}],"collection":[{"href":"https:\/\/amrtop.net\/de\/wp-json\/wp\/v2\/product"}],"about":[{"href":"https:\/\/amrtop.net\/de\/wp-json\/wp\/v2\/types\/product"}],"replies":[{"embeddable":true,"href":"https:\/\/amrtop.net\/de\/wp-json\/wp\/v2\/comments?post=18626"}],"wp:featuredmedia":[{"embeddable":true,"href":"https:\/\/amrtop.net\/de\/wp-json\/wp\/v2\/media\/35193"}],"wp:attachment":[{"href":"https:\/\/amrtop.net\/de\/wp-json\/wp\/v2\/media?parent=18626"}],"wp:term":[{"taxonomy":"product_brand","embeddable":true,"href":"https:\/\/amrtop.net\/de\/wp-json\/wp\/v2\/product_brand?post=18626"},{"taxonomy":"product_cat","embeddable":true,"href":"https:\/\/amrtop.net\/de\/wp-json\/wp\/v2\/product_cat?post=18626"},{"taxonomy":"product_tag","embeddable":true,"href":"https:\/\/amrtop.net\/de\/wp-json\/wp\/v2\/product_tag?post=18626"}],"curies":[{"name":"wp","href":"https:\/\/api.w.org\/{rel}","templated":true}]}}