{"id":18637,"date":"2020-01-10T00:00:00","date_gmt":"2020-01-10T00:00:00","guid":{"rendered":"https:\/\/amrtop.com\/B2B\/?post_type=product&#038;p=18637"},"modified":"2023-05-29T08:16:04","modified_gmt":"2023-05-29T08:16:04","slug":"lcd-display-cod-fpncz105p3a-ceza","status":"publish","type":"product","link":"https:\/\/amrtop.net\/de\/produit\/afficheur-lcd-cod-fpncz105p3a-ceza\/","title":{"rendered":"LCD-Display Ceza Code FPNCZ105P3A"},"content":{"rendered":"<hr \/>\n<h3>LCD-Display Cod.FPNCZ105P3A Ceza<\/h3>\n<p>CEZA wurde 1940 von dem Radiosender Anchise Zaccagnini gegr\u00fcndet und hat alle Phasen der Elektronikentwicklung durchlaufen.<\/p>\n<p>Die Qualit\u00e4t der Produkte war f\u00fcr Ceza in der Beziehung zu Kunden wie Amrtop schon immer ein Schwerpunkt.<\/p>\n<p>Seit 2004 setzt das Unternehmen auf zertifizierte Qualit\u00e4t, um noch zuverl\u00e4ssiger anerkannt zu werden, und organisiert seine operativen T\u00e4tigkeiten nach der Norm UNI EN ISO 9001.<\/p>\n<p>Insbesondere wurde die Organisation der Abteilungen \"Produktion\" und \"Produkttests\" gepflegt, indem die Technologien eingesetzt wurden, die am besten geeignet sind, um eine maximale Zuverl\u00e4ssigkeit im Produktionsprozess aufrechtzuerhalten.<\/p>\n<p>Weil Amrtop mit Ceza zusammenarbeitet :<\/p>\n<ul>\n<li>F\u00fcr Produktionsstandards auf h\u00f6chstem Qualit\u00e4tsniveau.<\/li>\n<li>Kontrolle jeder elektronischen Karte bei 100%.<\/li>\n<li>Wir garantieren einen pers\u00f6nlichen Service von h\u00f6chster Qualit\u00e4t.<\/li>\n<li>Ein hochqualifiziertes Team von Technikern und Ingenieuren, das immer verf\u00fcgbar ist<\/li>\n<\/ul>\n<h3>Utilizzo del display LCD Ceza Cod.FPNCZ105P3A<\/h3>\n<p>Die elektronischen Ceza-Komponenten, die normalerweise in Pellet\u00f6fen und -kesseln eingebaut werden, dienen der Steuerung der Verbrennung, indem sie die M\u00f6glichkeit bieten, die vom Ger\u00e4t erzeugte W\u00e4rme zu regulieren.<\/p>\n<p>Vorhanden in typischen Ger\u00e4ten - Pelletofen - Pelletkessel - Pelletbrenner - Pellets BBQ\/Grill Biomassekessel - Biomassebrenner - Und viele andere Brenner<\/p>\n<h3>Innen<\/h3>\n<p><a href=\"https:\/\/wekos.it\/\">\u00d6fen, Herde und Holzherde<\/a>\u00a0-\u00a0<a href=\"https:\/\/www.greenpuros.com\/\">Kamine, \u00d6fen und Pelletkessel.<\/a><\/p>\n<h3>Amrtop Ersatzteile und Zubeh\u00f6r Sortiment<\/h3>\n<p><a href=\"https:\/\/amrtop.net\/de\/produktkategorie\/ersatzteile-diverse-ofen-und-kocher-2\/bougies-dallumage-pour-poeles-et-chaudieres-a-pellets\/\">Gl\u00fchkerzen<\/a><\/p>\n<p><a href=\"https:\/\/amrtop.net\/de\/produktkategorie\/ersatzteile-diverse-ofen-und-kocher-2\/electronique\/\">Elektronik<\/a><\/p>\n<p><a href=\"https:\/\/amrtop.net\/de\/produktkategorie\/ersatzteile-diverse-ofen-und-kocher-2\/extracteurs-de-fumee\/\">Rauchabzug<\/a><\/p>\n<p><a href=\"https:\/\/amrtop.net\/de\/produktkategorie\/ersatzteile-diverse-ofen-und-kocher-2\/gaines-cable-connecteurs\/\">Kabelh\u00fcllen Verbinder<\/a><\/p>\n<p><a href=\"https:\/\/amrtop.net\/de\/produktkategorie\/ersatzteile-diverse-ofen-und-kocher-2\/joints-de-silicone\/\">Silikondichtungen<\/a><\/p>\n<p><a href=\"https:\/\/amrtop.net\/de\/produktkategorie\/ersatzteile-diverse-ofen-und-kocher-2\/motoreducteurs\/\">Getriebemotoren<\/a><\/p>\n<p><a href=\"https:\/\/amrtop.net\/de\/produktkategorie\/ersatzteile-diverse-ofen-und-kocher-2\/pressostats-et-transducteurs\/\">Druckschalter und Wandler<\/a><\/p>\n<p><a href=\"https:\/\/amrtop.net\/de\/produktkategorie\/ersatzteile-diverse-ofen-und-kocher-2\/sondes-thermostats-manometres-thermometres\/\">Sonden Thermostate Manometer Thermometer<\/a><\/p>\n<p><a href=\"https:\/\/amrtop.net\/de\/produktkategorie\/ersatzteile-diverse-ofen-und-kocher-2\/joints-detancheite\/\">Dichtgeflechte<\/a><\/p>\n<p><a href=\"https:\/\/amrtop.net\/de\/produktkategorie\/ersatzteile-diverse-ofen-und-kocher-2\/ventilateurs-centrifuges-pour-poeles-a-pellets\/\">Zentrifugalventilatoren<\/a><\/p>\n<p><a href=\"https:\/\/amrtop.net\/de\/produktkategorie\/ersatzteile-diverse-ofen-und-kocher-2\/ventilateurs-tangentiels-flux-transversal\/\">Tangentiale Ventilatoren<\/a><\/p>\n<p><a href=\"https:\/\/amrtop.net\/de\/produktkategorie\/ersatzteile-diverse-ofen-und-kocher-2\/adhesifs-et-produits-detancheite\/\">Klebstoffe und Kitt<\/a><\/p>","protected":false},"excerpt":{"rendered":"<hr \/>\n<h2><span style=\"color: #008000\">Verf\u00fcgbar<\/span><\/h2>\n<hr \/>\n<h3>Lcd-Display CEZA<\/h3>\n<p>Code FPNCZ105P3A<\/p>\n<p>Standard-LCD-Panel kompatibel mit Green Motherboard der ersten Generation<\/p>","protected":false},"featured_media":19013,"comment_status":"open","ping_status":"closed","template":"","meta":[],"product_brand":[],"product_cat":[1313,1310,1311,839],"product_tag":[],"class_list":{"0":"post-18637","1":"product","2":"type-product","3":"status-publish","4":"has-post-thumbnail","6":"product_cat-afficheurs-ceza","7":"product_cat-electronique","8":"product_cat-electronique-ceza-pour-poeles-et-chaudieres-a-pellets","9":"product_cat-pieces-de-rechange-divers-poeles-et-chaudieres","10":"product_shipping_class-classe-di-spedizione-01","12":"first","13":"instock","14":"shipping-taxable","15":"purchasable","16":"product-type-simple"},"yoast_head":"<!-- This site is optimized with the Yoast SEO plugin v27.4 - https:\/\/yoast.com\/product\/yoast-seo-wordpress\/ -->\n<title>Afficheur LCD Cod.FPNCZ105P3A Ceza<\/title>\n<meta name=\"description\" content=\"Afficheur LCD Cod.FPNCZ105P3A Ceza - Electronique Ceza pour po\u00eales et chaudi\u00e8res \u00e0 pellets - Accessoires Ceza pour po\u00eales et chaudi\u00e8res \u00e0 pellets - C\u00e2blage pour sondes eau po\u00eales et chaudi\u00e8res Ceza \u00e0 pellets - C\u00e2blage pour pompes eau po\u00eales et chaudi\u00e8res Ceza \u00e0 pellets - Kit de connexion Ceza pour po\u00eales \u00e0 pellets - Pressostats Ceza pour po\u00eales et chaudi\u00e8res \u00e0 pellets - Sondes de temp\u00e9rature air et eau Ceza - T\u00e9l\u00e9commandes avec Display Ceza - Cartes d\u2019extension Ceza - cartes \u00e9lectroniques Ceza\" \/>\n<meta name=\"robots\" content=\"index, follow, max-snippet:-1, max-image-preview:large, max-video-preview:-1\" \/>\n<link rel=\"canonical\" href=\"https:\/\/amrtop.net\/de\/produkt\/lcd-display-cod-fpncz105p3a-ceza\/\" \/>\n<meta property=\"og:locale\" content=\"de_DE\" \/>\n<meta property=\"og:type\" content=\"article\" \/>\n<meta property=\"og:title\" content=\"Afficheur LCD Cod.FPNCZ105P3A Ceza\" \/>\n<meta property=\"og:description\" content=\"Afficheur LCD Cod.FPNCZ105P3A Ceza - Electronique Ceza pour po\u00eales et chaudi\u00e8res \u00e0 pellets - Accessoires Ceza pour po\u00eales et chaudi\u00e8res \u00e0 pellets - C\u00e2blage pour sondes eau po\u00eales et chaudi\u00e8res Ceza \u00e0 pellets - C\u00e2blage pour pompes eau po\u00eales et chaudi\u00e8res Ceza \u00e0 pellets - Kit de connexion Ceza pour po\u00eales \u00e0 pellets - Pressostats Ceza pour po\u00eales et chaudi\u00e8res \u00e0 pellets - Sondes de temp\u00e9rature air et eau Ceza - T\u00e9l\u00e9commandes avec Display Ceza - Cartes d\u2019extension Ceza - cartes \u00e9lectroniques Ceza\" \/>\n<meta property=\"og:url\" content=\"https:\/\/amrtop.net\/de\/produkt\/lcd-display-cod-fpncz105p3a-ceza\/\" \/>\n<meta property=\"og:site_name\" content=\"AMRTOP B2B \u00c9tranger - Achats r\u00e9serv\u00e9s au professionnel\" \/>\n<meta property=\"article:modified_time\" content=\"2023-05-29T08:16:04+00:00\" \/>\n<meta property=\"og:image\" content=\"https:\/\/amrtop.net\/wp-content\/uploads\/2021\/09\/w-SITO-PAG-44.jpg\" \/>\n\t<meta property=\"og:image:width\" content=\"960\" \/>\n\t<meta property=\"og:image:height\" content=\"960\" \/>\n\t<meta property=\"og:image:type\" content=\"image\/jpeg\" \/>\n<meta name=\"twitter:card\" content=\"summary_large_image\" \/>\n<meta name=\"twitter:label1\" content=\"Gesch\u00e4tzte Lesezeit\" \/>\n\t<meta name=\"twitter:data1\" content=\"2\u00a0Minuten\" \/>\n<script type=\"application\/ld+json\" class=\"yoast-schema-graph\">{\"@context\":\"https:\\\/\\\/schema.org\",\"@graph\":[{\"@type\":\"WebPage\",\"@id\":\"https:\\\/\\\/amrtop.net\\\/produit\\\/afficheur-lcd-cod-fpncz105p3a-ceza\\\/\",\"url\":\"https:\\\/\\\/amrtop.net\\\/produit\\\/afficheur-lcd-cod-fpncz105p3a-ceza\\\/\",\"name\":\"Afficheur LCD Cod.FPNCZ105P3A Ceza\",\"isPartOf\":{\"@id\":\"https:\\\/\\\/amrtop.net\\\/#website\"},\"primaryImageOfPage\":{\"@id\":\"https:\\\/\\\/amrtop.net\\\/produit\\\/afficheur-lcd-cod-fpncz105p3a-ceza\\\/#primaryimage\"},\"image\":{\"@id\":\"https:\\\/\\\/amrtop.net\\\/produit\\\/afficheur-lcd-cod-fpncz105p3a-ceza\\\/#primaryimage\"},\"thumbnailUrl\":\"https:\\\/\\\/amrtop.net\\\/wp-content\\\/uploads\\\/2021\\\/09\\\/w-SITO-PAG-44.jpg\",\"datePublished\":\"2020-01-10T00:00:00+00:00\",\"dateModified\":\"2023-05-29T08:16:04+00:00\",\"description\":\"Afficheur LCD Cod.FPNCZ105P3A Ceza - Electronique Ceza pour po\u00eales et chaudi\u00e8res \u00e0 pellets - Accessoires Ceza pour po\u00eales et chaudi\u00e8res \u00e0 pellets - C\u00e2blage pour sondes eau po\u00eales et chaudi\u00e8res Ceza \u00e0 pellets - C\u00e2blage pour pompes eau po\u00eales et chaudi\u00e8res Ceza \u00e0 pellets - Kit de connexion Ceza pour po\u00eales \u00e0 pellets - Pressostats Ceza pour po\u00eales et chaudi\u00e8res \u00e0 pellets - Sondes de temp\u00e9rature air et eau Ceza - T\u00e9l\u00e9commandes avec Display Ceza - Cartes d\u2019extension Ceza - cartes \u00e9lectroniques Ceza\",\"breadcrumb\":{\"@id\":\"https:\\\/\\\/amrtop.net\\\/produit\\\/afficheur-lcd-cod-fpncz105p3a-ceza\\\/#breadcrumb\"},\"inLanguage\":\"de\",\"potentialAction\":[{\"@type\":\"ReadAction\",\"target\":[\"https:\\\/\\\/amrtop.net\\\/produit\\\/afficheur-lcd-cod-fpncz105p3a-ceza\\\/\"]}]},{\"@type\":\"ImageObject\",\"inLanguage\":\"de\",\"@id\":\"https:\\\/\\\/amrtop.net\\\/produit\\\/afficheur-lcd-cod-fpncz105p3a-ceza\\\/#primaryimage\",\"url\":\"https:\\\/\\\/amrtop.net\\\/wp-content\\\/uploads\\\/2021\\\/09\\\/w-SITO-PAG-44.jpg\",\"contentUrl\":\"https:\\\/\\\/amrtop.net\\\/wp-content\\\/uploads\\\/2021\\\/09\\\/w-SITO-PAG-44.jpg\",\"width\":960,\"height\":960,\"caption\":\"Afficheur LCD Cod.FPNCZ105P3A Ceza - Electronique Ceza pour po\u00eales et chaudi\u00e8res \u00e0 pellets - Accessoires Ceza pour po\u00eales et chaudi\u00e8res \u00e0 pellets - C\u00e2blage pour sondes eau po\u00eales et chaudi\u00e8res Ceza \u00e0 pellets - C\u00e2blage pour pompes eau po\u00eales et chaudi\u00e8res Ceza \u00e0 pellets - Kit de connexion Ceza pour po\u00eales \u00e0 pellets - Pressostats Ceza pour po\u00eales et chaudi\u00e8res \u00e0 pellets - Sondes de temp\u00e9rature air et eau Ceza - T\u00e9l\u00e9commandes avec Display Ceza - Cartes d\u2019extension Ceza - cartes \u00e9lectroniques Ceza\"},{\"@type\":\"BreadcrumbList\",\"@id\":\"https:\\\/\\\/amrtop.net\\\/produit\\\/afficheur-lcd-cod-fpncz105p3a-ceza\\\/#breadcrumb\",\"itemListElement\":[{\"@type\":\"ListItem\",\"position\":1,\"name\":\"Home\",\"item\":\"https:\\\/\\\/amrtop.net\\\/\"},{\"@type\":\"ListItem\",\"position\":2,\"name\":\"Shop\",\"item\":\"https:\\\/\\\/amrtop.net\\\/negozio\\\/\"},{\"@type\":\"ListItem\",\"position\":3,\"name\":\"Afficheur LCD Ceza Code FPNCZ105P3A\"}]},{\"@type\":\"WebSite\",\"@id\":\"https:\\\/\\\/amrtop.net\\\/#website\",\"url\":\"https:\\\/\\\/amrtop.net\\\/\",\"name\":\"AMRTOP B2B \u00c9tranger - Achats r\u00e9serv\u00e9s au professionnel\",\"description\":\"Pi\u00e8ces de rechange et accessoires pour po\u00eales et chaudi\u00e8res - eCommerce B2B pour Clients Professionnels\",\"potentialAction\":[{\"@type\":\"SearchAction\",\"target\":{\"@type\":\"EntryPoint\",\"urlTemplate\":\"https:\\\/\\\/amrtop.net\\\/?s={search_term_string}\"},\"query-input\":{\"@type\":\"PropertyValueSpecification\",\"valueRequired\":true,\"valueName\":\"search_term_string\"}}],\"inLanguage\":\"de\"}]}<\/script>\n<!-- \/ Yoast SEO plugin. -->","yoast_head_json":{"title":"LCD-Display Cod.FPNCZ105P3A Ceza","description":"LCD-Display Cod.FPNCZ105P3A Ceza - Ceza Elektronik f\u00fcr Pellet\u00f6fen und Pelletkessel - Ceza Zubeh\u00f6r f\u00fcr Pellet\u00f6fen und Pelletkessel - Verkabelung f\u00fcr Wassersensoren f\u00fcr Pellet\u00f6fen und Pelletkessel - Verkabelung f\u00fcr Wasserpumpen f\u00fcr Pellet\u00f6fen und Pelletkessel - Ceza Zubeh\u00f6r f\u00fcr Pellet\u00f6fen und Pelletkessel. Ceza Verbindungsset f\u00fcr Pellet\u00f6fen - Ceza Druckschalter f\u00fcr Pellet\u00f6fen und -kessel - Ceza Luft- und Wassertemperaturf\u00fchler - Fernbedienungen mit Ceza Display - Ceza Erweiterungsplatinen - Ceza Elektronikplatinen","robots":{"index":"index","follow":"follow","max-snippet":"max-snippet:-1","max-image-preview":"max-image-preview:large","max-video-preview":"max-video-preview:-1"},"canonical":"https:\/\/amrtop.net\/de\/produkt\/lcd-display-cod-fpncz105p3a-ceza\/","og_locale":"de_DE","og_type":"article","og_title":"Afficheur LCD Cod.FPNCZ105P3A Ceza","og_description":"Afficheur LCD Cod.FPNCZ105P3A Ceza - Electronique Ceza pour po\u00eales et chaudi\u00e8res \u00e0 pellets - Accessoires Ceza pour po\u00eales et chaudi\u00e8res \u00e0 pellets - C\u00e2blage pour sondes eau po\u00eales et chaudi\u00e8res Ceza \u00e0 pellets - C\u00e2blage pour pompes eau po\u00eales et chaudi\u00e8res Ceza \u00e0 pellets - Kit de connexion Ceza pour po\u00eales \u00e0 pellets - Pressostats Ceza pour po\u00eales et chaudi\u00e8res \u00e0 pellets - Sondes de temp\u00e9rature air et eau Ceza - T\u00e9l\u00e9commandes avec Display Ceza - Cartes d\u2019extension Ceza - cartes \u00e9lectroniques Ceza","og_url":"https:\/\/amrtop.net\/de\/produkt\/lcd-display-cod-fpncz105p3a-ceza\/","og_site_name":"AMRTOP B2B \u00c9tranger - Achats r\u00e9serv\u00e9s au professionnel","article_modified_time":"2023-05-29T08:16:04+00:00","og_image":[{"width":960,"height":960,"url":"https:\/\/amrtop.net\/wp-content\/uploads\/2021\/09\/w-SITO-PAG-44.jpg","type":"image\/jpeg"}],"twitter_card":"summary_large_image","twitter_misc":{"Gesch\u00e4tzte Lesezeit":"2\u00a0Minuten"},"schema":{"@context":"https:\/\/schema.org","@graph":[{"@type":"WebPage","@id":"https:\/\/amrtop.net\/produit\/afficheur-lcd-cod-fpncz105p3a-ceza\/","url":"https:\/\/amrtop.net\/produit\/afficheur-lcd-cod-fpncz105p3a-ceza\/","name":"LCD-Display Cod.FPNCZ105P3A Ceza","isPartOf":{"@id":"https:\/\/amrtop.net\/#website"},"primaryImageOfPage":{"@id":"https:\/\/amrtop.net\/produit\/afficheur-lcd-cod-fpncz105p3a-ceza\/#primaryimage"},"image":{"@id":"https:\/\/amrtop.net\/produit\/afficheur-lcd-cod-fpncz105p3a-ceza\/#primaryimage"},"thumbnailUrl":"https:\/\/amrtop.net\/wp-content\/uploads\/2021\/09\/w-SITO-PAG-44.jpg","datePublished":"2020-01-10T00:00:00+00:00","dateModified":"2023-05-29T08:16:04+00:00","description":"LCD-Display Cod.FPNCZ105P3A Ceza - Ceza Elektronik f\u00fcr Pellet\u00f6fen und Pelletkessel - Ceza Zubeh\u00f6r f\u00fcr Pellet\u00f6fen und Pelletkessel - Verkabelung f\u00fcr Wassersensoren f\u00fcr Pellet\u00f6fen und Pelletkessel - Verkabelung f\u00fcr Wasserpumpen f\u00fcr Pellet\u00f6fen und Pelletkessel - Ceza Zubeh\u00f6r f\u00fcr Pellet\u00f6fen und Pelletkessel. Ceza Verbindungsset f\u00fcr Pellet\u00f6fen - Ceza Druckschalter f\u00fcr Pellet\u00f6fen und -kessel - Ceza Luft- und Wassertemperaturf\u00fchler - Fernbedienungen mit Ceza Display - Ceza Erweiterungsplatinen - Ceza Elektronikplatinen","breadcrumb":{"@id":"https:\/\/amrtop.net\/produit\/afficheur-lcd-cod-fpncz105p3a-ceza\/#breadcrumb"},"inLanguage":"de","potentialAction":[{"@type":"ReadAction","target":["https:\/\/amrtop.net\/produit\/afficheur-lcd-cod-fpncz105p3a-ceza\/"]}]},{"@type":"ImageObject","inLanguage":"de","@id":"https:\/\/amrtop.net\/produit\/afficheur-lcd-cod-fpncz105p3a-ceza\/#primaryimage","url":"https:\/\/amrtop.net\/wp-content\/uploads\/2021\/09\/w-SITO-PAG-44.jpg","contentUrl":"https:\/\/amrtop.net\/wp-content\/uploads\/2021\/09\/w-SITO-PAG-44.jpg","width":960,"height":960,"caption":"Afficheur LCD Cod.FPNCZ105P3A Ceza - Electronique Ceza pour po\u00eales et chaudi\u00e8res \u00e0 pellets - Accessoires Ceza pour po\u00eales et chaudi\u00e8res \u00e0 pellets - C\u00e2blage pour sondes eau po\u00eales et chaudi\u00e8res Ceza \u00e0 pellets - C\u00e2blage pour pompes eau po\u00eales et chaudi\u00e8res Ceza \u00e0 pellets - Kit de connexion Ceza pour po\u00eales \u00e0 pellets - Pressostats Ceza pour po\u00eales et chaudi\u00e8res \u00e0 pellets - Sondes de temp\u00e9rature air et eau Ceza - T\u00e9l\u00e9commandes avec Display Ceza - Cartes d\u2019extension Ceza - cartes \u00e9lectroniques Ceza"},{"@type":"BreadcrumbList","@id":"https:\/\/amrtop.net\/produit\/afficheur-lcd-cod-fpncz105p3a-ceza\/#breadcrumb","itemListElement":[{"@type":"ListItem","position":1,"name":"Home","item":"https:\/\/amrtop.net\/"},{"@type":"ListItem","position":2,"name":"Shop","item":"https:\/\/amrtop.net\/negozio\/"},{"@type":"ListItem","position":3,"name":"Afficheur LCD Ceza Code FPNCZ105P3A"}]},{"@type":"WebSite","@id":"https:\/\/amrtop.net\/#website","url":"https:\/\/amrtop.net\/","name":"AMRTOP B2B Ausland - Einkaufen nur f\u00fcr Fachleute","description":"Ersatzteile und Zubeh\u00f6r f\u00fcr \u00d6fen und Heizkessel - B2B eCommerce f\u00fcr Gesch\u00e4ftskunden","potentialAction":[{"@type":"SearchAction","target":{"@type":"EntryPoint","urlTemplate":"https:\/\/amrtop.net\/?s={search_term_string}"},"query-input":{"@type":"PropertyValueSpecification","valueRequired":true,"valueName":"search_term_string"}}],"inLanguage":"de"}]}},"_links":{"self":[{"href":"https:\/\/amrtop.net\/de\/wp-json\/wp\/v2\/product\/18637","targetHints":{"allow":["GET"]}}],"collection":[{"href":"https:\/\/amrtop.net\/de\/wp-json\/wp\/v2\/product"}],"about":[{"href":"https:\/\/amrtop.net\/de\/wp-json\/wp\/v2\/types\/product"}],"replies":[{"embeddable":true,"href":"https:\/\/amrtop.net\/de\/wp-json\/wp\/v2\/comments?post=18637"}],"wp:featuredmedia":[{"embeddable":true,"href":"https:\/\/amrtop.net\/de\/wp-json\/wp\/v2\/media\/19013"}],"wp:attachment":[{"href":"https:\/\/amrtop.net\/de\/wp-json\/wp\/v2\/media?parent=18637"}],"wp:term":[{"taxonomy":"product_brand","embeddable":true,"href":"https:\/\/amrtop.net\/de\/wp-json\/wp\/v2\/product_brand?post=18637"},{"taxonomy":"product_cat","embeddable":true,"href":"https:\/\/amrtop.net\/de\/wp-json\/wp\/v2\/product_cat?post=18637"},{"taxonomy":"product_tag","embeddable":true,"href":"https:\/\/amrtop.net\/de\/wp-json\/wp\/v2\/product_tag?post=18637"}],"curies":[{"name":"wp","href":"https:\/\/api.w.org\/{rel}","templated":true}]}}