{"id":18670,"date":"2020-01-10T00:00:00","date_gmt":"2020-01-10T00:00:00","guid":{"rendered":"https:\/\/amrtop.com\/B2B\/?post_type=product&#038;p=18670"},"modified":"2023-05-29T11:56:19","modified_gmt":"2023-05-29T11:56:19","slug":"telecommande-tiemme-code-tme020","status":"publish","type":"product","link":"https:\/\/amrtop.net\/de\/produit\/telecommande-tiemme-code-tme020\/","title":{"rendered":"Tiemme Fernbedienung Code TME020"},"content":{"rendered":"<hr \/>\n<h3>Tiemme Fernbedienung Code TME020<\/h3>\n<div class=\"fusion-text\">\n<p>Tiemme elettronica entwirft und fertigt Managementsysteme f\u00fcr den Betrieb von \u00d6fen, Kaminen, Brennern, Heizkesseln und thermischen Sonnenkollektoren.<\/p>\n<p>Effiziente L\u00f6sungen, die so konzipiert sind, dass sie jede Art von Biobrennstoffanlage intelligent steuern, leicht mit dem Endprodukt zu integrieren sind und \u00e4sthetisch ansprechend aussehen.<\/p>\n<\/div>\n<div class=\"fusion-text\">\n<p>Sie arbeiten seit 1996 mit konstantem Engagement in der Materialforschung und bei der Auswahl der Partner, die ihre Produkte vermarkten, sowie all der verschiedenen Produzenten f\u00fcr eine italienische Produktionskette zu 100 %.<\/p>\n<p>La force de tiemme Elettronica est l\u2019\u00e9quipe d\u2019experts : jeunes, dynamiques, anim\u00e9s par la passion pour l\u2019\u00e9lectronique et la technologie.<\/p>\n<\/div>\n<h3>Utilisation du t\u00e9l\u00e9commande Tiemme Code TME020<\/h3>\n<p>Die elektronischen TiEmme-Komponenten, die normalerweise in Pellet\u00f6fen und -kesseln eingebaut werden, dienen der Steuerung der Verbrennung, indem sie die M\u00f6glichkeit bieten, die vom Ger\u00e4t erzeugte W\u00e4rme zu regulieren.<\/p>\n<p>Au\u00dferdem steuern diese elektronischen Systeme den Luftstrahl der Pellet\u00f6fen, die Sie auf dem Markt finden.<\/p>\n<p>Sie k\u00f6nnen luftgek\u00fchlt sein, d. h. mit einem einzelnen Frontventilator, oder kanalisierbar, d. h. mit einem oder mehreren Luftausl\u00e4ssen, die \u00fcber Wandkan\u00e4le in andere R\u00e4ume, auch auf verschiedenen Etagen des Hauses, geleitet werden k\u00f6nnen.<\/p>\n<p>Vorhanden in typischen Ger\u00e4ten - Pelletofen - Pelletkessel - Pelletbrenner - Pellets BBQ\/Grill Biomassekessel - Biomassebrenner - Und viele andere Brenner<\/p>\n<h3>Innen<\/h3>\n<p><a href=\"https:\/\/wekos.it\/\">\u00d6fen, Herde und Holzherde<\/a>\u00a0-\u00a0<a href=\"https:\/\/www.greenpuros.com\/\">Kamine, \u00d6fen und Pelletkessel.<\/a><\/p>\n<h3>Amrtop Ersatzteile und Zubeh\u00f6r Sortiment<\/h3>\n<p><a href=\"https:\/\/amrtop.net\/de\/produktkategorie\/ersatzteile-diverse-ofen-und-kocher-2\/bougies-dallumage-pour-poeles-et-chaudieres-a-pellets\/\">Gl\u00fchkerzen<\/a><\/p>\n<p><a href=\"https:\/\/amrtop.net\/de\/produktkategorie\/ersatzteile-diverse-ofen-und-kocher-2\/electronique\/\">Elektronik<\/a><\/p>\n<p><a href=\"https:\/\/amrtop.net\/de\/produktkategorie\/ersatzteile-diverse-ofen-und-kocher-2\/extracteurs-de-fumee\/\">Rauchabzug<\/a><\/p>\n<p><a href=\"https:\/\/amrtop.net\/de\/produktkategorie\/ersatzteile-diverse-ofen-und-kocher-2\/gaines-cable-connecteurs\/\">Kabelh\u00fcllen Verbinder<\/a><\/p>\n<p><a href=\"https:\/\/amrtop.net\/de\/produktkategorie\/ersatzteile-diverse-ofen-und-kocher-2\/joints-de-silicone\/\">Silikondichtungen<\/a><\/p>\n<p><a href=\"https:\/\/amrtop.net\/de\/produktkategorie\/ersatzteile-diverse-ofen-und-kocher-2\/motoreducteurs\/\">Getriebemotoren<\/a><\/p>\n<p><a href=\"https:\/\/amrtop.net\/de\/produktkategorie\/ersatzteile-diverse-ofen-und-kocher-2\/pressostats-et-transducteurs\/\">Druckschalter und Wandler<\/a><\/p>\n<p><a href=\"https:\/\/amrtop.net\/de\/produktkategorie\/ersatzteile-diverse-ofen-und-kocher-2\/sondes-thermostats-manometres-thermometres\/\">Sonden Thermostate Manometer Thermometer<\/a><\/p>\n<p><a href=\"https:\/\/amrtop.net\/de\/produktkategorie\/ersatzteile-diverse-ofen-und-kocher-2\/joints-detancheite\/\">Dichtgeflechte<\/a><\/p>\n<p><a href=\"https:\/\/amrtop.net\/de\/produktkategorie\/ersatzteile-diverse-ofen-und-kocher-2\/ventilateurs-centrifuges-pour-poeles-a-pellets\/\">Zentrifugalventilatoren<\/a><\/p>\n<p><a href=\"https:\/\/amrtop.net\/de\/produktkategorie\/ersatzteile-diverse-ofen-und-kocher-2\/ventilateurs-tangentiels-flux-transversal\/\">Tangentiale Ventilatoren<\/a><\/p>\n<p><a href=\"https:\/\/amrtop.net\/de\/produktkategorie\/ersatzteile-diverse-ofen-und-kocher-2\/adhesifs-et-produits-detancheite\/\">Klebstoffe und Kitt<\/a><\/p>\n<p>&nbsp;<\/p>","protected":false},"excerpt":{"rendered":"<hr \/>\n<h2><span style=\"color: #008000\">Verf\u00fcgbar<\/span><\/h2>\n<hr \/>\n<h3>Radiocommande \u2013 2WAYS2 \u2013 Noir<\/h3>\n<p>Code TME020<\/p>","protected":false},"featured_media":19077,"comment_status":"open","ping_status":"closed","template":"","meta":[],"product_brand":[],"product_cat":[1317,1310,1315,839],"product_tag":[],"class_list":{"0":"post-18670","1":"product","2":"type-product","3":"status-publish","4":"has-post-thumbnail","6":"product_cat-accessoires-tiemme-pour-poeles-et-chaudieres-a-pellets","7":"product_cat-electronique","8":"product_cat-electronique-tiemme-pour-poeles-et-chaudieres-a-pellets","9":"product_cat-pieces-de-rechange-divers-poeles-et-chaudieres","10":"product_shipping_class-classe-di-spedizione-01","12":"first","13":"instock","14":"shipping-taxable","15":"purchasable","16":"product-type-simple"},"yoast_head":"<!-- This site is optimized with the Yoast SEO plugin v27.5 - https:\/\/yoast.com\/product\/yoast-seo-wordpress\/ -->\n<title>T\u00e9l\u00e9commande Tiemme Code TME020<\/title>\n<meta name=\"description\" content=\"T\u00e9l\u00e9commande Tiemme Code TME020 - Electronique Tiemme pour po\u00eales et chaudi\u00e8res \u00e0 pellets - Accessoires Tiemme pour po\u00eales et chaudi\u00e8res \u00e0 pellets - C\u00e2blage pour sonde eau po\u00eales et chaudi\u00e8res Tiemme \u00e0 pellets - Kit de connexion Tiemme pour po\u00eales chaudi\u00e8res \u00e0 pellets - Pressostato Tiemme pour po\u00eales et chaudi\u00e8res \u00e0 pellets - Sonde de temp\u00e9rature air et eau Tiemme - T\u00e9l\u00e9commande avec Display Tiemme - carte \u00e9lectronique Tiemme\" \/>\n<meta name=\"robots\" content=\"index, follow, max-snippet:-1, max-image-preview:large, max-video-preview:-1\" \/>\n<link rel=\"canonical\" href=\"https:\/\/amrtop.net\/de\/produkt\/telecommande-tiemme-code-tme020\/\" \/>\n<meta property=\"og:locale\" content=\"de_DE\" \/>\n<meta property=\"og:type\" content=\"article\" \/>\n<meta property=\"og:title\" content=\"T\u00e9l\u00e9commande Tiemme Code TME020\" \/>\n<meta property=\"og:description\" content=\"T\u00e9l\u00e9commande Tiemme Code TME020 - Electronique Tiemme pour po\u00eales et chaudi\u00e8res \u00e0 pellets - Accessoires Tiemme pour po\u00eales et chaudi\u00e8res \u00e0 pellets - C\u00e2blage pour sonde eau po\u00eales et chaudi\u00e8res Tiemme \u00e0 pellets - Kit de connexion Tiemme pour po\u00eales chaudi\u00e8res \u00e0 pellets - Pressostato Tiemme pour po\u00eales et chaudi\u00e8res \u00e0 pellets - Sonde de temp\u00e9rature air et eau Tiemme - T\u00e9l\u00e9commande avec Display Tiemme - carte \u00e9lectronique Tiemme\" \/>\n<meta property=\"og:url\" content=\"https:\/\/amrtop.net\/de\/produkt\/telecommande-tiemme-code-tme020\/\" \/>\n<meta property=\"og:site_name\" content=\"AMRTOP B2B \u00c9tranger - Achats r\u00e9serv\u00e9s au professionnel\" \/>\n<meta property=\"article:modified_time\" content=\"2023-05-29T11:56:19+00:00\" \/>\n<meta property=\"og:image\" content=\"https:\/\/amrtop.net\/wp-content\/uploads\/2021\/09\/w-SITO-TIEMME-17.jpg\" \/>\n\t<meta property=\"og:image:width\" content=\"960\" \/>\n\t<meta property=\"og:image:height\" content=\"960\" \/>\n\t<meta property=\"og:image:type\" content=\"image\/jpeg\" \/>\n<meta name=\"twitter:card\" content=\"summary_large_image\" \/>\n<meta name=\"twitter:label1\" content=\"Gesch\u00e4tzte Lesezeit\" \/>\n\t<meta name=\"twitter:data1\" content=\"2\u00a0Minuten\" \/>\n<script type=\"application\/ld+json\" class=\"yoast-schema-graph\">{\"@context\":\"https:\\\/\\\/schema.org\",\"@graph\":[{\"@type\":\"WebPage\",\"@id\":\"https:\\\/\\\/amrtop.net\\\/produit\\\/telecommande-tiemme-code-tme020\\\/\",\"url\":\"https:\\\/\\\/amrtop.net\\\/produit\\\/telecommande-tiemme-code-tme020\\\/\",\"name\":\"T\u00e9l\u00e9commande Tiemme Code TME020\",\"isPartOf\":{\"@id\":\"https:\\\/\\\/amrtop.net\\\/#website\"},\"primaryImageOfPage\":{\"@id\":\"https:\\\/\\\/amrtop.net\\\/produit\\\/telecommande-tiemme-code-tme020\\\/#primaryimage\"},\"image\":{\"@id\":\"https:\\\/\\\/amrtop.net\\\/produit\\\/telecommande-tiemme-code-tme020\\\/#primaryimage\"},\"thumbnailUrl\":\"https:\\\/\\\/amrtop.net\\\/wp-content\\\/uploads\\\/2021\\\/09\\\/w-SITO-TIEMME-17.jpg\",\"datePublished\":\"2020-01-10T00:00:00+00:00\",\"dateModified\":\"2023-05-29T11:56:19+00:00\",\"description\":\"T\u00e9l\u00e9commande Tiemme Code TME020 - Electronique Tiemme pour po\u00eales et chaudi\u00e8res \u00e0 pellets - Accessoires Tiemme pour po\u00eales et chaudi\u00e8res \u00e0 pellets - C\u00e2blage pour sonde eau po\u00eales et chaudi\u00e8res Tiemme \u00e0 pellets - Kit de connexion Tiemme pour po\u00eales chaudi\u00e8res \u00e0 pellets - Pressostato Tiemme pour po\u00eales et chaudi\u00e8res \u00e0 pellets - Sonde de temp\u00e9rature air et eau Tiemme - T\u00e9l\u00e9commande avec Display Tiemme - carte \u00e9lectronique Tiemme\",\"breadcrumb\":{\"@id\":\"https:\\\/\\\/amrtop.net\\\/produit\\\/telecommande-tiemme-code-tme020\\\/#breadcrumb\"},\"inLanguage\":\"de\",\"potentialAction\":[{\"@type\":\"ReadAction\",\"target\":[\"https:\\\/\\\/amrtop.net\\\/produit\\\/telecommande-tiemme-code-tme020\\\/\"]}]},{\"@type\":\"ImageObject\",\"inLanguage\":\"de\",\"@id\":\"https:\\\/\\\/amrtop.net\\\/produit\\\/telecommande-tiemme-code-tme020\\\/#primaryimage\",\"url\":\"https:\\\/\\\/amrtop.net\\\/wp-content\\\/uploads\\\/2021\\\/09\\\/w-SITO-TIEMME-17.jpg\",\"contentUrl\":\"https:\\\/\\\/amrtop.net\\\/wp-content\\\/uploads\\\/2021\\\/09\\\/w-SITO-TIEMME-17.jpg\",\"width\":960,\"height\":960,\"caption\":\"T\u00e9l\u00e9commande Tiemme Code TME020 - Electronique Tiemme pour po\u00eales et chaudi\u00e8res \u00e0 pellets - Accessoires Tiemme pour po\u00eales et chaudi\u00e8res \u00e0 pellets - C\u00e2blage pour sonde eau po\u00eales et chaudi\u00e8res Tiemme \u00e0 pellets - Kit de connexion Tiemme pour po\u00eales chaudi\u00e8res \u00e0 pellets - Pressostato Tiemme pour po\u00eales et chaudi\u00e8res \u00e0 pellets - Sonde de temp\u00e9rature air et eau Tiemme - T\u00e9l\u00e9commande avec Display Tiemme - carte \u00e9lectronique Tiemme\"},{\"@type\":\"BreadcrumbList\",\"@id\":\"https:\\\/\\\/amrtop.net\\\/produit\\\/telecommande-tiemme-code-tme020\\\/#breadcrumb\",\"itemListElement\":[{\"@type\":\"ListItem\",\"position\":1,\"name\":\"Home\",\"item\":\"https:\\\/\\\/amrtop.net\\\/\"},{\"@type\":\"ListItem\",\"position\":2,\"name\":\"Shop\",\"item\":\"https:\\\/\\\/amrtop.net\\\/negozio\\\/\"},{\"@type\":\"ListItem\",\"position\":3,\"name\":\"T\u00e9l\u00e9commande Tiemme Code TME020\"}]},{\"@type\":\"WebSite\",\"@id\":\"https:\\\/\\\/amrtop.net\\\/#website\",\"url\":\"https:\\\/\\\/amrtop.net\\\/\",\"name\":\"AMRTOP B2B \u00c9tranger - Achats r\u00e9serv\u00e9s au professionnel\",\"description\":\"Pi\u00e8ces de rechange et accessoires pour po\u00eales et chaudi\u00e8res - eCommerce B2B pour Clients Professionnels\",\"potentialAction\":[{\"@type\":\"SearchAction\",\"target\":{\"@type\":\"EntryPoint\",\"urlTemplate\":\"https:\\\/\\\/amrtop.net\\\/?s={search_term_string}\"},\"query-input\":{\"@type\":\"PropertyValueSpecification\",\"valueRequired\":true,\"valueName\":\"search_term_string\"}}],\"inLanguage\":\"de\"}]}<\/script>\n<!-- \/ Yoast SEO plugin. -->","yoast_head_json":{"title":"Tiemme Fernbedienung Code TME020","description":"Fernbedienung Tiemme Code TME020 - Tiemme Elektronik f\u00fcr Pellet\u00f6fen und Pelletkessel - Tiemme Zubeh\u00f6r f\u00fcr Pellet\u00f6fen und Pelletkessel - Verkabelung f\u00fcr Wasserf\u00fchler Pellet\u00f6fen und Pelletkessel Tiemme - -. Tiemme Verbindungsset f\u00fcr Pellet\u00f6fen und Pelletkessel - Tiemme Pressostato f\u00fcr Pellet\u00f6fen und Pelletkessel - Tiemme Luft- und Wassertemperaturf\u00fchler - Fernbedienung mit Tiemme Display - Tiemme Elektronikkarte","robots":{"index":"index","follow":"follow","max-snippet":"max-snippet:-1","max-image-preview":"max-image-preview:large","max-video-preview":"max-video-preview:-1"},"canonical":"https:\/\/amrtop.net\/de\/produkt\/telecommande-tiemme-code-tme020\/","og_locale":"de_DE","og_type":"article","og_title":"T\u00e9l\u00e9commande Tiemme Code TME020","og_description":"T\u00e9l\u00e9commande Tiemme Code TME020 - Electronique Tiemme pour po\u00eales et chaudi\u00e8res \u00e0 pellets - Accessoires Tiemme pour po\u00eales et chaudi\u00e8res \u00e0 pellets - C\u00e2blage pour sonde eau po\u00eales et chaudi\u00e8res Tiemme \u00e0 pellets - Kit de connexion Tiemme pour po\u00eales chaudi\u00e8res \u00e0 pellets - Pressostato Tiemme pour po\u00eales et chaudi\u00e8res \u00e0 pellets - Sonde de temp\u00e9rature air et eau Tiemme - T\u00e9l\u00e9commande avec Display Tiemme - carte \u00e9lectronique Tiemme","og_url":"https:\/\/amrtop.net\/de\/produkt\/telecommande-tiemme-code-tme020\/","og_site_name":"AMRTOP B2B \u00c9tranger - Achats r\u00e9serv\u00e9s au professionnel","article_modified_time":"2023-05-29T11:56:19+00:00","og_image":[{"width":960,"height":960,"url":"https:\/\/amrtop.net\/wp-content\/uploads\/2021\/09\/w-SITO-TIEMME-17.jpg","type":"image\/jpeg"}],"twitter_card":"summary_large_image","twitter_misc":{"Gesch\u00e4tzte Lesezeit":"2\u00a0Minuten"},"schema":{"@context":"https:\/\/schema.org","@graph":[{"@type":"WebPage","@id":"https:\/\/amrtop.net\/produit\/telecommande-tiemme-code-tme020\/","url":"https:\/\/amrtop.net\/produit\/telecommande-tiemme-code-tme020\/","name":"Tiemme Fernbedienung Code TME020","isPartOf":{"@id":"https:\/\/amrtop.net\/#website"},"primaryImageOfPage":{"@id":"https:\/\/amrtop.net\/produit\/telecommande-tiemme-code-tme020\/#primaryimage"},"image":{"@id":"https:\/\/amrtop.net\/produit\/telecommande-tiemme-code-tme020\/#primaryimage"},"thumbnailUrl":"https:\/\/amrtop.net\/wp-content\/uploads\/2021\/09\/w-SITO-TIEMME-17.jpg","datePublished":"2020-01-10T00:00:00+00:00","dateModified":"2023-05-29T11:56:19+00:00","description":"Fernbedienung Tiemme Code TME020 - Tiemme Elektronik f\u00fcr Pellet\u00f6fen und Pelletkessel - Tiemme Zubeh\u00f6r f\u00fcr Pellet\u00f6fen und Pelletkessel - Verkabelung f\u00fcr Wasserf\u00fchler Pellet\u00f6fen und Pelletkessel Tiemme - -. Tiemme Verbindungsset f\u00fcr Pellet\u00f6fen und Pelletkessel - Tiemme Pressostato f\u00fcr Pellet\u00f6fen und Pelletkessel - Tiemme Luft- und Wassertemperaturf\u00fchler - Fernbedienung mit Tiemme Display - Tiemme Elektronikkarte","breadcrumb":{"@id":"https:\/\/amrtop.net\/produit\/telecommande-tiemme-code-tme020\/#breadcrumb"},"inLanguage":"de","potentialAction":[{"@type":"ReadAction","target":["https:\/\/amrtop.net\/produit\/telecommande-tiemme-code-tme020\/"]}]},{"@type":"ImageObject","inLanguage":"de","@id":"https:\/\/amrtop.net\/produit\/telecommande-tiemme-code-tme020\/#primaryimage","url":"https:\/\/amrtop.net\/wp-content\/uploads\/2021\/09\/w-SITO-TIEMME-17.jpg","contentUrl":"https:\/\/amrtop.net\/wp-content\/uploads\/2021\/09\/w-SITO-TIEMME-17.jpg","width":960,"height":960,"caption":"T\u00e9l\u00e9commande Tiemme Code TME020 - Electronique Tiemme pour po\u00eales et chaudi\u00e8res \u00e0 pellets - Accessoires Tiemme pour po\u00eales et chaudi\u00e8res \u00e0 pellets - C\u00e2blage pour sonde eau po\u00eales et chaudi\u00e8res Tiemme \u00e0 pellets - Kit de connexion Tiemme pour po\u00eales chaudi\u00e8res \u00e0 pellets - Pressostato Tiemme pour po\u00eales et chaudi\u00e8res \u00e0 pellets - Sonde de temp\u00e9rature air et eau Tiemme - T\u00e9l\u00e9commande avec Display Tiemme - carte \u00e9lectronique Tiemme"},{"@type":"BreadcrumbList","@id":"https:\/\/amrtop.net\/produit\/telecommande-tiemme-code-tme020\/#breadcrumb","itemListElement":[{"@type":"ListItem","position":1,"name":"Home","item":"https:\/\/amrtop.net\/"},{"@type":"ListItem","position":2,"name":"Shop","item":"https:\/\/amrtop.net\/negozio\/"},{"@type":"ListItem","position":3,"name":"T\u00e9l\u00e9commande Tiemme Code TME020"}]},{"@type":"WebSite","@id":"https:\/\/amrtop.net\/#website","url":"https:\/\/amrtop.net\/","name":"AMRTOP B2B Ausland - Einkaufen nur f\u00fcr Fachleute","description":"Ersatzteile und Zubeh\u00f6r f\u00fcr \u00d6fen und Heizkessel - B2B eCommerce f\u00fcr Gesch\u00e4ftskunden","potentialAction":[{"@type":"SearchAction","target":{"@type":"EntryPoint","urlTemplate":"https:\/\/amrtop.net\/?s={search_term_string}"},"query-input":{"@type":"PropertyValueSpecification","valueRequired":true,"valueName":"search_term_string"}}],"inLanguage":"de"}]}},"_links":{"self":[{"href":"https:\/\/amrtop.net\/de\/wp-json\/wp\/v2\/product\/18670","targetHints":{"allow":["GET"]}}],"collection":[{"href":"https:\/\/amrtop.net\/de\/wp-json\/wp\/v2\/product"}],"about":[{"href":"https:\/\/amrtop.net\/de\/wp-json\/wp\/v2\/types\/product"}],"replies":[{"embeddable":true,"href":"https:\/\/amrtop.net\/de\/wp-json\/wp\/v2\/comments?post=18670"}],"wp:featuredmedia":[{"embeddable":true,"href":"https:\/\/amrtop.net\/de\/wp-json\/wp\/v2\/media\/19077"}],"wp:attachment":[{"href":"https:\/\/amrtop.net\/de\/wp-json\/wp\/v2\/media?parent=18670"}],"wp:term":[{"taxonomy":"product_brand","embeddable":true,"href":"https:\/\/amrtop.net\/de\/wp-json\/wp\/v2\/product_brand?post=18670"},{"taxonomy":"product_cat","embeddable":true,"href":"https:\/\/amrtop.net\/de\/wp-json\/wp\/v2\/product_cat?post=18670"},{"taxonomy":"product_tag","embeddable":true,"href":"https:\/\/amrtop.net\/de\/wp-json\/wp\/v2\/product_tag?post=18670"}],"curies":[{"name":"wp","href":"https:\/\/api.w.org\/{rel}","templated":true}]}}