{"id":18689,"date":"2020-01-10T00:00:00","date_gmt":"2020-01-10T00:00:00","guid":{"rendered":"https:\/\/amrtop.com\/B2B\/?post_type=product&#038;p=18689"},"modified":"2023-06-02T12:15:27","modified_gmt":"2023-06-02T12:15:27","slug":"flaches-kabel-fur-micronova-display-cod-am4","status":"publish","type":"product","link":"https:\/\/amrtop.net\/de\/produit\/cable-plat-pour-afficheur-micronova-cod-am4\/","title":{"rendered":"Flachkabel Code AM4"},"content":{"rendered":"<hr \/>\n<h3>Flachkabel f\u00fcr Micronova-Anzeige Cod.AM4<\/h3>\n<p>Seit 1981 \u00fcbertr\u00e4gt Micronova Innovationen vom Design auf die Produktion und f\u00f6rdert die Integration zwischen Automatisierung und Fernsteuerung. Alltagsgegenst\u00e4nde intelligent und interaktiv zu machen, ist unsere Mission. Wir stellen kundenspezifische Leiterplatten her und entwerfen L\u00f6sungen mit hohem Integrationsgrad zwischen der elektronischen und der mechanischen Komponente. Dabei dringen wir tief in das Projekt des Kunden ein, um effiziente, effektive und hochleistungsf\u00e4hige L\u00f6sungen ins Leben zu rufen.<br \/>\nFernbetreuung, Fernsteuerung und st\u00e4ndige Leistungskontrolle werden mit unseren dynamischen und originellen L\u00f6sungen Wirklichkeit, die von Anfang an so konzipiert sind, dass sie mit der Entwicklung der Produkte, mit denen sie interagieren, Schritt halten.<br \/>\nSeit 35 Jahren f\u00fchrt das Team um den Elektronikingenieur Renzo Benetti immer wieder schrittweise Verbesserungen an den technologischen L\u00f6sungen durch, die um die Anforderungen der Kunden herum aufgebaut werden.<\/p>\n<h3>Verwendung des Flachbandkabels f\u00fcr Micronova Cod.AM4<\/h3>\n<p>Die elektronischen Komponenten von Micronova, die normalerweise in Pellet\u00f6fen und -kesseln eingebaut werden, dienen der Steuerung der Verbrennung, indem sie die M\u00f6glichkeit bieten, die vom Ger\u00e4t erzeugte W\u00e4rme zu regulieren.<\/p>\n<p>Au\u00dferdem steuern diese elektronischen Systeme den Luftstrahl der Pellet\u00f6fen, die Sie auf dem Markt finden.<\/p>\n<p>Vorhanden in typischen Ger\u00e4ten - Pelletofen - Pelletkessel - Pelletbrenner - Pellets BBQ\/Grill Biomassekessel - Biomassebrenner - Und viele andere Brenner<\/p>\n<h3>Innen<\/h3>\n<p><a href=\"https:\/\/wekos.it\/\">\u00d6fen, Herde und Holzherde<\/a>\u00a0-\u00a0<a href=\"https:\/\/www.greenpuros.com\/\">Kamine, \u00d6fen und Pelletkessel.<\/a><\/p>\n<h3>Amrtop Ersatzteile und Zubeh\u00f6r Sortiment<\/h3>\n<p><a href=\"https:\/\/amrtop.net\/de\/produktkategorie\/ersatzteile-diverse-ofen-und-kocher-2\/bougies-dallumage-pour-poeles-et-chaudieres-a-pellets\/\">Gl\u00fchkerzen<\/a><\/p>\n<p><a href=\"https:\/\/amrtop.net\/de\/produktkategorie\/ersatzteile-diverse-ofen-und-kocher-2\/electronique\/\">Elektronik<\/a><\/p>\n<p><a href=\"https:\/\/amrtop.net\/de\/produktkategorie\/ersatzteile-diverse-ofen-und-kocher-2\/extracteurs-de-fumee\/\">Rauchabzug<\/a><\/p>\n<p><a href=\"https:\/\/amrtop.net\/de\/produktkategorie\/ersatzteile-diverse-ofen-und-kocher-2\/gaines-cable-connecteurs\/\">Kabelh\u00fcllen Verbinder<\/a><\/p>\n<p><a href=\"https:\/\/amrtop.net\/de\/produktkategorie\/ersatzteile-diverse-ofen-und-kocher-2\/joints-de-silicone\/\">Silikondichtungen<\/a><\/p>\n<p><a href=\"https:\/\/amrtop.net\/de\/produktkategorie\/ersatzteile-diverse-ofen-und-kocher-2\/motoreducteurs\/\">Getriebemotoren<\/a><\/p>\n<p><a href=\"https:\/\/amrtop.net\/de\/produktkategorie\/ersatzteile-diverse-ofen-und-kocher-2\/pressostats-et-transducteurs\/\">Druckschalter und Wandler<\/a><\/p>\n<p><a href=\"https:\/\/amrtop.net\/de\/produktkategorie\/ersatzteile-diverse-ofen-und-kocher-2\/sondes-thermostats-manometres-thermometres\/\">Sonden Thermostate Manometer Thermometer<\/a><\/p>\n<p><a href=\"https:\/\/amrtop.net\/de\/produktkategorie\/ersatzteile-diverse-ofen-und-kocher-2\/joints-detancheite\/\">Dichtgeflechte<\/a><\/p>\n<p><a href=\"https:\/\/amrtop.net\/de\/produktkategorie\/ersatzteile-diverse-ofen-und-kocher-2\/ventilateurs-centrifuges-pour-poeles-a-pellets\/\">Zentrifugalventilatoren<\/a><\/p>\n<p><a href=\"https:\/\/amrtop.net\/de\/produktkategorie\/ersatzteile-diverse-ofen-und-kocher-2\/ventilateurs-tangentiels-flux-transversal\/\">Tangentiale Ventilatoren<\/a><\/p>\n<p><a href=\"https:\/\/amrtop.net\/de\/produktkategorie\/ersatzteile-diverse-ofen-und-kocher-2\/adhesifs-et-produits-detancheite\/\">Klebstoffe und Kitt<\/a><\/p>\n<p>&nbsp;<\/p>","protected":false},"excerpt":{"rendered":"<hr \/>\n<h2><span style=\"color: #008000\">Verf\u00fcgbar<\/span><\/h2>\n<hr \/>\n<h3>Flaches Kabel<\/h3>\n<p>Code AM4<\/p>","protected":false},"featured_media":35409,"comment_status":"open","ping_status":"closed","template":"","meta":[],"product_brand":[],"product_cat":[1322,1310,1320,839],"product_tag":[],"class_list":{"0":"post-18689","1":"product","2":"type-product","3":"status-publish","4":"has-post-thumbnail","6":"product_cat-accessoires-micronova-pour-poeles-a-pellets","7":"product_cat-electronique","8":"product_cat-electronique-micronova","9":"product_cat-pieces-de-rechange-divers-poeles-et-chaudieres","10":"product_shipping_class-classe-di-spedizione-01","12":"first","13":"instock","14":"shipping-taxable","15":"purchasable","16":"product-type-simple"},"yoast_head":"<!-- This site is optimized with the Yoast SEO plugin v27.4 - https:\/\/yoast.com\/product\/yoast-seo-wordpress\/ -->\n<title>C\u00e2ble plat pour afficheur Micronova Cod.AM4<\/title>\n<meta name=\"description\" content=\"C\u00e2ble plat pour afficheur Micronova Cod.AM4 - Electronique Micronova pour po\u00eales et chaudi\u00e8res \u00e0 pellets - C\u00e2blage Micronova pour sondes eau po\u00eale et chaudi\u00e8re \u00e0 pellets - C\u00e2blage Micronova pour pompes eau po\u00eales et chaudi\u00e8res \u00e0 pellets - Kit de connexion Micronova pour po\u00eales et chaudi\u00e8res \u00e0 pellets - Pressostat Micronova pour po\u00eales et chaudi\u00e8res \u00e0 pellets - Sonde de temp\u00e9rature air et eau Micronova - T\u00e9l\u00e9commande avec Display Micronova -\" \/>\n<meta name=\"robots\" content=\"index, follow, max-snippet:-1, max-image-preview:large, max-video-preview:-1\" \/>\n<link rel=\"canonical\" href=\"https:\/\/amrtop.net\/de\/produkt\/flaches-kabel-fur-micronova-display-cod-am4\/\" \/>\n<meta property=\"og:locale\" content=\"de_DE\" \/>\n<meta property=\"og:type\" content=\"article\" \/>\n<meta property=\"og:title\" content=\"C\u00e2ble plat pour afficheur Micronova Cod.AM4\" \/>\n<meta property=\"og:description\" content=\"C\u00e2ble plat pour afficheur Micronova Cod.AM4 - Electronique Micronova pour po\u00eales et chaudi\u00e8res \u00e0 pellets - C\u00e2blage Micronova pour sondes eau po\u00eale et chaudi\u00e8re \u00e0 pellets - C\u00e2blage Micronova pour pompes eau po\u00eales et chaudi\u00e8res \u00e0 pellets - Kit de connexion Micronova pour po\u00eales et chaudi\u00e8res \u00e0 pellets - Pressostat Micronova pour po\u00eales et chaudi\u00e8res \u00e0 pellets - Sonde de temp\u00e9rature air et eau Micronova - T\u00e9l\u00e9commande avec Display Micronova -\" \/>\n<meta property=\"og:url\" content=\"https:\/\/amrtop.net\/de\/produkt\/flaches-kabel-fur-micronova-display-cod-am4\/\" \/>\n<meta property=\"og:site_name\" content=\"AMRTOP B2B \u00c9tranger - Achats r\u00e9serv\u00e9s au professionnel\" \/>\n<meta property=\"article:modified_time\" content=\"2023-06-02T12:15:27+00:00\" \/>\n<meta property=\"og:image\" content=\"https:\/\/amrtop.net\/wp-content\/uploads\/2020\/01\/AM4.jpg\" \/>\n\t<meta property=\"og:image:width\" content=\"960\" \/>\n\t<meta property=\"og:image:height\" content=\"960\" \/>\n\t<meta property=\"og:image:type\" content=\"image\/jpeg\" \/>\n<meta name=\"twitter:card\" content=\"summary_large_image\" \/>\n<meta name=\"twitter:label1\" content=\"Gesch\u00e4tzte Lesezeit\" \/>\n\t<meta name=\"twitter:data1\" content=\"2\u00a0Minuten\" \/>\n<script type=\"application\/ld+json\" class=\"yoast-schema-graph\">{\"@context\":\"https:\\\/\\\/schema.org\",\"@graph\":[{\"@type\":\"WebPage\",\"@id\":\"https:\\\/\\\/amrtop.net\\\/produit\\\/cable-plat-pour-afficheur-micronova-cod-am4\\\/\",\"url\":\"https:\\\/\\\/amrtop.net\\\/produit\\\/cable-plat-pour-afficheur-micronova-cod-am4\\\/\",\"name\":\"C\u00e2ble plat pour afficheur Micronova Cod.AM4\",\"isPartOf\":{\"@id\":\"https:\\\/\\\/amrtop.net\\\/#website\"},\"primaryImageOfPage\":{\"@id\":\"https:\\\/\\\/amrtop.net\\\/produit\\\/cable-plat-pour-afficheur-micronova-cod-am4\\\/#primaryimage\"},\"image\":{\"@id\":\"https:\\\/\\\/amrtop.net\\\/produit\\\/cable-plat-pour-afficheur-micronova-cod-am4\\\/#primaryimage\"},\"thumbnailUrl\":\"https:\\\/\\\/amrtop.net\\\/wp-content\\\/uploads\\\/2020\\\/01\\\/AM4.jpg\",\"datePublished\":\"2020-01-10T00:00:00+00:00\",\"dateModified\":\"2023-06-02T12:15:27+00:00\",\"description\":\"C\u00e2ble plat pour afficheur Micronova Cod.AM4 - Electronique Micronova pour po\u00eales et chaudi\u00e8res \u00e0 pellets - C\u00e2blage Micronova pour sondes eau po\u00eale et chaudi\u00e8re \u00e0 pellets - C\u00e2blage Micronova pour pompes eau po\u00eales et chaudi\u00e8res \u00e0 pellets - Kit de connexion Micronova pour po\u00eales et chaudi\u00e8res \u00e0 pellets - Pressostat Micronova pour po\u00eales et chaudi\u00e8res \u00e0 pellets - Sonde de temp\u00e9rature air et eau Micronova - T\u00e9l\u00e9commande avec Display Micronova -\",\"breadcrumb\":{\"@id\":\"https:\\\/\\\/amrtop.net\\\/produit\\\/cable-plat-pour-afficheur-micronova-cod-am4\\\/#breadcrumb\"},\"inLanguage\":\"de\",\"potentialAction\":[{\"@type\":\"ReadAction\",\"target\":[\"https:\\\/\\\/amrtop.net\\\/produit\\\/cable-plat-pour-afficheur-micronova-cod-am4\\\/\"]}]},{\"@type\":\"ImageObject\",\"inLanguage\":\"de\",\"@id\":\"https:\\\/\\\/amrtop.net\\\/produit\\\/cable-plat-pour-afficheur-micronova-cod-am4\\\/#primaryimage\",\"url\":\"https:\\\/\\\/amrtop.net\\\/wp-content\\\/uploads\\\/2020\\\/01\\\/AM4.jpg\",\"contentUrl\":\"https:\\\/\\\/amrtop.net\\\/wp-content\\\/uploads\\\/2020\\\/01\\\/AM4.jpg\",\"width\":960,\"height\":960,\"caption\":\"C\u00e2ble plat pour afficheur Micronova Cod.AM4 - Electronique Micronova pour po\u00eales et chaudi\u00e8res \u00e0 pellets - C\u00e2blage Micronova pour sondes eau po\u00eale et chaudi\u00e8re \u00e0 pellets - C\u00e2blage Micronova pour pompes eau po\u00eales et chaudi\u00e8res \u00e0 pellets - Kit de connexion Micronova pour po\u00eales et chaudi\u00e8res \u00e0 pellets - Pressostat Micronova pour po\u00eales et chaudi\u00e8res \u00e0 pellets - Sonde de temp\u00e9rature air et eau Micronova - T\u00e9l\u00e9commande avec Display Micronova -\"},{\"@type\":\"BreadcrumbList\",\"@id\":\"https:\\\/\\\/amrtop.net\\\/produit\\\/cable-plat-pour-afficheur-micronova-cod-am4\\\/#breadcrumb\",\"itemListElement\":[{\"@type\":\"ListItem\",\"position\":1,\"name\":\"Home\",\"item\":\"https:\\\/\\\/amrtop.net\\\/\"},{\"@type\":\"ListItem\",\"position\":2,\"name\":\"Shop\",\"item\":\"https:\\\/\\\/amrtop.net\\\/negozio\\\/\"},{\"@type\":\"ListItem\",\"position\":3,\"name\":\"C\u00e2ble plat Code AM4\"}]},{\"@type\":\"WebSite\",\"@id\":\"https:\\\/\\\/amrtop.net\\\/#website\",\"url\":\"https:\\\/\\\/amrtop.net\\\/\",\"name\":\"AMRTOP B2B \u00c9tranger - Achats r\u00e9serv\u00e9s au professionnel\",\"description\":\"Pi\u00e8ces de rechange et accessoires pour po\u00eales et chaudi\u00e8res - eCommerce B2B pour Clients Professionnels\",\"potentialAction\":[{\"@type\":\"SearchAction\",\"target\":{\"@type\":\"EntryPoint\",\"urlTemplate\":\"https:\\\/\\\/amrtop.net\\\/?s={search_term_string}\"},\"query-input\":{\"@type\":\"PropertyValueSpecification\",\"valueRequired\":true,\"valueName\":\"search_term_string\"}}],\"inLanguage\":\"de\"}]}<\/script>\n<!-- \/ Yoast SEO plugin. -->","yoast_head_json":{"title":"Flachkabel f\u00fcr Micronova-Anzeige Cod.AM4","description":"Flachkabel f\u00fcr Micronova-Display Cod.AM4 - Micronova-Elektronik f\u00fcr Pellet\u00f6fen und -kessel - Micronova-Verkabelung f\u00fcr Wassersensoren f\u00fcr Pellet\u00f6fen und -kessel - Micronova-Verkabelung f\u00fcr Wasserpumpen f\u00fcr Pellet\u00f6fen und -kessel - Micronova-Verbindungsset f\u00fcr Pellet\u00f6fen und -kessel - Micronova-Druckschalter f\u00fcr Pellet\u00f6fen und -kessel - Micronova-Luft- und Wassertemperatursensor - Fernbedienung mit Micronova-Display - - - - - - - - - - - - - - - - - - - -.","robots":{"index":"index","follow":"follow","max-snippet":"max-snippet:-1","max-image-preview":"max-image-preview:large","max-video-preview":"max-video-preview:-1"},"canonical":"https:\/\/amrtop.net\/de\/produkt\/flaches-kabel-fur-micronova-display-cod-am4\/","og_locale":"de_DE","og_type":"article","og_title":"C\u00e2ble plat pour afficheur Micronova Cod.AM4","og_description":"C\u00e2ble plat pour afficheur Micronova Cod.AM4 - Electronique Micronova pour po\u00eales et chaudi\u00e8res \u00e0 pellets - C\u00e2blage Micronova pour sondes eau po\u00eale et chaudi\u00e8re \u00e0 pellets - C\u00e2blage Micronova pour pompes eau po\u00eales et chaudi\u00e8res \u00e0 pellets - Kit de connexion Micronova pour po\u00eales et chaudi\u00e8res \u00e0 pellets - Pressostat Micronova pour po\u00eales et chaudi\u00e8res \u00e0 pellets - Sonde de temp\u00e9rature air et eau Micronova - T\u00e9l\u00e9commande avec Display Micronova -","og_url":"https:\/\/amrtop.net\/de\/produkt\/flaches-kabel-fur-micronova-display-cod-am4\/","og_site_name":"AMRTOP B2B \u00c9tranger - Achats r\u00e9serv\u00e9s au professionnel","article_modified_time":"2023-06-02T12:15:27+00:00","og_image":[{"width":960,"height":960,"url":"https:\/\/amrtop.net\/wp-content\/uploads\/2020\/01\/AM4.jpg","type":"image\/jpeg"}],"twitter_card":"summary_large_image","twitter_misc":{"Gesch\u00e4tzte Lesezeit":"2\u00a0Minuten"},"schema":{"@context":"https:\/\/schema.org","@graph":[{"@type":"WebPage","@id":"https:\/\/amrtop.net\/produit\/cable-plat-pour-afficheur-micronova-cod-am4\/","url":"https:\/\/amrtop.net\/produit\/cable-plat-pour-afficheur-micronova-cod-am4\/","name":"Flachkabel f\u00fcr Micronova-Anzeige Cod.AM4","isPartOf":{"@id":"https:\/\/amrtop.net\/#website"},"primaryImageOfPage":{"@id":"https:\/\/amrtop.net\/produit\/cable-plat-pour-afficheur-micronova-cod-am4\/#primaryimage"},"image":{"@id":"https:\/\/amrtop.net\/produit\/cable-plat-pour-afficheur-micronova-cod-am4\/#primaryimage"},"thumbnailUrl":"https:\/\/amrtop.net\/wp-content\/uploads\/2020\/01\/AM4.jpg","datePublished":"2020-01-10T00:00:00+00:00","dateModified":"2023-06-02T12:15:27+00:00","description":"Flachkabel f\u00fcr Micronova-Display Cod.AM4 - Micronova-Elektronik f\u00fcr Pellet\u00f6fen und -kessel - Micronova-Verkabelung f\u00fcr Wassersensoren f\u00fcr Pellet\u00f6fen und -kessel - Micronova-Verkabelung f\u00fcr Wasserpumpen f\u00fcr Pellet\u00f6fen und -kessel - Micronova-Verbindungsset f\u00fcr Pellet\u00f6fen und -kessel - Micronova-Druckschalter f\u00fcr Pellet\u00f6fen und -kessel - Micronova-Luft- und Wassertemperatursensor - Fernbedienung mit Micronova-Display - - - - - - - - - - - - - - - - - - - -.","breadcrumb":{"@id":"https:\/\/amrtop.net\/produit\/cable-plat-pour-afficheur-micronova-cod-am4\/#breadcrumb"},"inLanguage":"de","potentialAction":[{"@type":"ReadAction","target":["https:\/\/amrtop.net\/produit\/cable-plat-pour-afficheur-micronova-cod-am4\/"]}]},{"@type":"ImageObject","inLanguage":"de","@id":"https:\/\/amrtop.net\/produit\/cable-plat-pour-afficheur-micronova-cod-am4\/#primaryimage","url":"https:\/\/amrtop.net\/wp-content\/uploads\/2020\/01\/AM4.jpg","contentUrl":"https:\/\/amrtop.net\/wp-content\/uploads\/2020\/01\/AM4.jpg","width":960,"height":960,"caption":"C\u00e2ble plat pour afficheur Micronova Cod.AM4 - Electronique Micronova pour po\u00eales et chaudi\u00e8res \u00e0 pellets - C\u00e2blage Micronova pour sondes eau po\u00eale et chaudi\u00e8re \u00e0 pellets - C\u00e2blage Micronova pour pompes eau po\u00eales et chaudi\u00e8res \u00e0 pellets - Kit de connexion Micronova pour po\u00eales et chaudi\u00e8res \u00e0 pellets - Pressostat Micronova pour po\u00eales et chaudi\u00e8res \u00e0 pellets - Sonde de temp\u00e9rature air et eau Micronova - T\u00e9l\u00e9commande avec Display Micronova -"},{"@type":"BreadcrumbList","@id":"https:\/\/amrtop.net\/produit\/cable-plat-pour-afficheur-micronova-cod-am4\/#breadcrumb","itemListElement":[{"@type":"ListItem","position":1,"name":"Home","item":"https:\/\/amrtop.net\/"},{"@type":"ListItem","position":2,"name":"Shop","item":"https:\/\/amrtop.net\/negozio\/"},{"@type":"ListItem","position":3,"name":"C\u00e2ble plat Code AM4"}]},{"@type":"WebSite","@id":"https:\/\/amrtop.net\/#website","url":"https:\/\/amrtop.net\/","name":"AMRTOP B2B Ausland - Einkaufen nur f\u00fcr Fachleute","description":"Ersatzteile und Zubeh\u00f6r f\u00fcr \u00d6fen und Heizkessel - B2B eCommerce f\u00fcr Gesch\u00e4ftskunden","potentialAction":[{"@type":"SearchAction","target":{"@type":"EntryPoint","urlTemplate":"https:\/\/amrtop.net\/?s={search_term_string}"},"query-input":{"@type":"PropertyValueSpecification","valueRequired":true,"valueName":"search_term_string"}}],"inLanguage":"de"}]}},"_links":{"self":[{"href":"https:\/\/amrtop.net\/de\/wp-json\/wp\/v2\/product\/18689","targetHints":{"allow":["GET"]}}],"collection":[{"href":"https:\/\/amrtop.net\/de\/wp-json\/wp\/v2\/product"}],"about":[{"href":"https:\/\/amrtop.net\/de\/wp-json\/wp\/v2\/types\/product"}],"replies":[{"embeddable":true,"href":"https:\/\/amrtop.net\/de\/wp-json\/wp\/v2\/comments?post=18689"}],"wp:featuredmedia":[{"embeddable":true,"href":"https:\/\/amrtop.net\/de\/wp-json\/wp\/v2\/media\/35409"}],"wp:attachment":[{"href":"https:\/\/amrtop.net\/de\/wp-json\/wp\/v2\/media?parent=18689"}],"wp:term":[{"taxonomy":"product_brand","embeddable":true,"href":"https:\/\/amrtop.net\/de\/wp-json\/wp\/v2\/product_brand?post=18689"},{"taxonomy":"product_cat","embeddable":true,"href":"https:\/\/amrtop.net\/de\/wp-json\/wp\/v2\/product_cat?post=18689"},{"taxonomy":"product_tag","embeddable":true,"href":"https:\/\/amrtop.net\/de\/wp-json\/wp\/v2\/product_tag?post=18689"}],"curies":[{"name":"wp","href":"https:\/\/api.w.org\/{rel}","templated":true}]}}