{"id":18704,"date":"2020-01-10T00:00:00","date_gmt":"2020-01-10T00:00:00","guid":{"rendered":"https:\/\/amrtop.com\/B2B\/?post_type=product&#038;p=18704"},"modified":"2023-06-02T09:28:57","modified_gmt":"2023-06-02T09:28:57","slug":"afficheur-tiemme-k500-t-en-verre","status":"publish","type":"product","link":"https:\/\/amrtop.net\/de\/produit\/afficheur-tiemme-k500-t-en-verre\/","title":{"rendered":"Display Tiemme K500 T glass Code TME019"},"content":{"rendered":"<hr \/>\n<h3>Afficheur Tiemme K500 T en verre<\/h3>\n<div class=\"fusion-text\">\n<p>Tiemme elettronica entwirft und fertigt Managementsysteme f\u00fcr den Betrieb von \u00d6fen, Kaminen, Brennern, Heizkesseln und thermischen Sonnenkollektoren.<\/p>\n<p>Effiziente L\u00f6sungen, die so konzipiert sind, dass sie jede Art von Biobrennstoffanlage intelligent steuern, leicht mit dem Endprodukt zu integrieren sind und \u00e4sthetisch ansprechend aussehen.<\/p>\n<\/div>\n<div class=\"fusion-text\">\n<p>Sie arbeiten seit 1996 mit konstantem Engagement in der Materialforschung und bei der Auswahl der Partner, die ihre Produkte vermarkten, sowie all der verschiedenen Produzenten f\u00fcr eine italienische Produktionskette zu 100 %.<\/p>\n<p>Die St\u00e4rke von tiemme Elettronica ist das Expertenteam: jung, dynamisch, angetrieben von der Leidenschaft f\u00fcr Elektronik und Technologie.<\/p>\n<p>Intelligentes Temperaturmanagement verspricht Wohlbefinden: Es vermeidet Verschwendung und garantiert eine Regulierung, die auf den tats\u00e4chlichen Bed\u00fcrfnissen des Endverbrauchers basiert. Sie ist gut f\u00fcr Mensch und Umwelt, denn sie spart Geld und nat\u00fcrliche Ressourcen.<\/p>\n<\/div>\n<h3>Utilisation des afficheur Tiemme K500 T en verre<\/h3>\n<p>Die elektronischen TiEmme-Komponenten, die normalerweise in Pellet\u00f6fen und -kesseln eingebaut werden, dienen der Steuerung der Verbrennung, indem sie die M\u00f6glichkeit bieten, die vom Ger\u00e4t erzeugte W\u00e4rme zu regulieren.<\/p>\n<p>Au\u00dferdem steuern diese elektronischen Systeme den Luftstrahl der Pellet\u00f6fen, die Sie auf dem Markt finden.<\/p>\n<p>Sie k\u00f6nnen luftgek\u00fchlt sein, d. h. mit einem einzelnen Frontventilator, oder kanalisierbar, d. h. mit einem oder mehreren Luftausl\u00e4ssen, die \u00fcber Wandkan\u00e4le in andere R\u00e4ume, auch auf verschiedenen Etagen des Hauses, geleitet werden k\u00f6nnen.<\/p>\n<h3>Innen<\/h3>\n<p><a href=\"https:\/\/wekos.it\/\">\u00d6fen, Herde und Holzherde<\/a>\u00a0-\u00a0<a href=\"https:\/\/www.greenpuros.com\/\">Kamine, \u00d6fen und Pelletkessel.<\/a><\/p>\n<h3>Amrtop Ersatzteile und Zubeh\u00f6r Sortiment<\/h3>\n<p><a href=\"https:\/\/amrtop.net\/de\/produktkategorie\/ersatzteile-diverse-ofen-und-kocher-2\/bougies-dallumage-pour-poeles-et-chaudieres-a-pellets\/\">Gl\u00fchkerzen<\/a><\/p>\n<p><a href=\"https:\/\/amrtop.net\/de\/produktkategorie\/ersatzteile-diverse-ofen-und-kocher-2\/electronique\/\">Elektronik<\/a><\/p>\n<p><a href=\"https:\/\/amrtop.net\/de\/produktkategorie\/ersatzteile-diverse-ofen-und-kocher-2\/extracteurs-de-fumee\/\">Rauchabzug<\/a><\/p>\n<p><a href=\"https:\/\/amrtop.net\/de\/produktkategorie\/ersatzteile-diverse-ofen-und-kocher-2\/gaines-cable-connecteurs\/\">Kabelh\u00fcllen Verbinder<\/a><\/p>\n<p><a href=\"https:\/\/amrtop.net\/de\/produktkategorie\/ersatzteile-diverse-ofen-und-kocher-2\/joints-de-silicone\/\">Silikondichtungen<\/a><\/p>\n<p><a href=\"https:\/\/amrtop.net\/de\/produktkategorie\/ersatzteile-diverse-ofen-und-kocher-2\/motoreducteurs\/\">Getriebemotoren<\/a><\/p>\n<p><a href=\"https:\/\/amrtop.net\/de\/produktkategorie\/ersatzteile-diverse-ofen-und-kocher-2\/pressostats-et-transducteurs\/\">Druckschalter und Wandler<\/a><\/p>\n<p><a href=\"https:\/\/amrtop.net\/de\/produktkategorie\/ersatzteile-diverse-ofen-und-kocher-2\/sondes-thermostats-manometres-thermometres\/\">Sonden Thermostate Manometer Thermometer<\/a><\/p>\n<p><a href=\"https:\/\/amrtop.net\/de\/produktkategorie\/ersatzteile-diverse-ofen-und-kocher-2\/joints-detancheite\/\">Dichtgeflechte<\/a><\/p>\n<p><a href=\"https:\/\/amrtop.net\/de\/produktkategorie\/ersatzteile-diverse-ofen-und-kocher-2\/ventilateurs-centrifuges-pour-poeles-a-pellets\/\">Zentrifugalventilatoren<\/a><\/p>\n<p><a href=\"https:\/\/amrtop.net\/de\/produktkategorie\/ersatzteile-diverse-ofen-und-kocher-2\/ventilateurs-tangentiels-flux-transversal\/\">Tangentiale Ventilatoren<\/a><\/p>\n<p><a href=\"https:\/\/amrtop.net\/de\/produktkategorie\/ersatzteile-diverse-ofen-und-kocher-2\/adhesifs-et-produits-detancheite\/\">Klebstoffe und Kitt<\/a><\/p>\n<p>&nbsp;<\/p>","protected":false},"excerpt":{"rendered":"<hr \/>\n<h2><span style=\"color: #008000\">Verf\u00fcgbar<\/span><\/h2>\n<hr \/>\n<h3>Afficheur K500 T \u2013 Glass<\/h3>\n<p>Code TME019<\/p>\n<p>L&#8217;afficheur peut \u00eatre personnalis\u00e9 en choisissant parmi les trois variantes avec touches m\u00e9caniques, tactiles et glass.<\/p>\n<p>Bedienfeld mit LCD-Bildschirm<br \/>\nK500 mit mehrsprachigem Men\u00fc. Au\u00dferdem erm\u00f6glicht er dank eines gr\u00f6\u00dferen LCD-Bildschirms die st\u00e4ndige Kontrolle aller Parameter, die f\u00fcr die Steuerung von Heizsystemen relevant sind.<\/p>\n<p>Beschreibung<\/p>\n<p>ABS-Geh\u00e4use<br \/>\nTasten 6\/4<br \/>\nGrafische Anzeigeschnittstelle 128-64 px<br \/>\nAbmessungen 130X68X22 mm<\/p>","protected":false},"featured_media":19076,"comment_status":"open","ping_status":"closed","template":"","meta":[],"product_brand":[],"product_cat":[1318,1310,1315,839],"product_tag":[],"class_list":{"0":"post-18704","1":"product","2":"type-product","3":"status-publish","4":"has-post-thumbnail","6":"product_cat-display-tiemme-pour-poeles-et-chaudieres-a-pellets","7":"product_cat-electronique","8":"product_cat-electronique-tiemme-pour-poeles-et-chaudieres-a-pellets","9":"product_cat-pieces-de-rechange-divers-poeles-et-chaudieres","10":"product_shipping_class-classe-di-spedizione-01","12":"first","13":"instock","14":"shipping-taxable","15":"purchasable","16":"product-type-simple"},"yoast_head":"<!-- This site is optimized with the Yoast SEO plugin v27.5 - https:\/\/yoast.com\/product\/yoast-seo-wordpress\/ -->\n<title>Afficheur Tiemme K500 T en verre<\/title>\n<meta name=\"description\" content=\"Afficheur Tiemme K500 T en verre - Display Tiemme pour po\u00eales et calaies \u00e0 pellets - C\u00e2blage Tiemme pour sonde eau po\u00eale et chaudi\u00e8re \u00e0 pellets - C\u00e2blage Tiemme pour pompe \u00e0 eau - Kit de connexion Tiemme - Pressostato Tiemme - Sonde de temp\u00e9rature air et eau Tiemme - T\u00e9l\u00e9commande avec Display Tiemme - T\u00e9l\u00e9commande sans Display Tiemme\" \/>\n<meta name=\"robots\" content=\"index, follow, max-snippet:-1, max-image-preview:large, max-video-preview:-1\" \/>\n<link rel=\"canonical\" href=\"https:\/\/amrtop.net\/de\/produkt\/afficheur-tiemme-k500-t-en-verre\/\" \/>\n<meta property=\"og:locale\" content=\"de_DE\" \/>\n<meta property=\"og:type\" content=\"article\" \/>\n<meta property=\"og:title\" content=\"Afficheur Tiemme K500 T en verre\" \/>\n<meta property=\"og:description\" content=\"Afficheur Tiemme K500 T en verre - Display Tiemme pour po\u00eales et calaies \u00e0 pellets - C\u00e2blage Tiemme pour sonde eau po\u00eale et chaudi\u00e8re \u00e0 pellets - C\u00e2blage Tiemme pour pompe \u00e0 eau - Kit de connexion Tiemme - Pressostato Tiemme - Sonde de temp\u00e9rature air et eau Tiemme - T\u00e9l\u00e9commande avec Display Tiemme - T\u00e9l\u00e9commande sans Display Tiemme\" \/>\n<meta property=\"og:url\" content=\"https:\/\/amrtop.net\/de\/produkt\/afficheur-tiemme-k500-t-en-verre\/\" \/>\n<meta property=\"og:site_name\" content=\"AMRTOP B2B \u00c9tranger - Achats r\u00e9serv\u00e9s au professionnel\" \/>\n<meta property=\"article:modified_time\" content=\"2023-06-02T09:28:57+00:00\" \/>\n<meta property=\"og:image\" content=\"https:\/\/amrtop.net\/wp-content\/uploads\/2021\/09\/w-SITO-TIEMME-16.jpg\" \/>\n\t<meta property=\"og:image:width\" content=\"960\" \/>\n\t<meta property=\"og:image:height\" content=\"960\" \/>\n\t<meta property=\"og:image:type\" content=\"image\/jpeg\" \/>\n<meta name=\"twitter:card\" content=\"summary_large_image\" \/>\n<meta name=\"twitter:label1\" content=\"Gesch\u00e4tzte Lesezeit\" \/>\n\t<meta name=\"twitter:data1\" content=\"2\u00a0Minuten\" \/>\n<script type=\"application\/ld+json\" class=\"yoast-schema-graph\">{\"@context\":\"https:\\\/\\\/schema.org\",\"@graph\":[{\"@type\":\"WebPage\",\"@id\":\"https:\\\/\\\/amrtop.net\\\/produit\\\/afficheur-tiemme-k500-t-en-verre\\\/\",\"url\":\"https:\\\/\\\/amrtop.net\\\/produit\\\/afficheur-tiemme-k500-t-en-verre\\\/\",\"name\":\"Afficheur Tiemme K500 T en verre\",\"isPartOf\":{\"@id\":\"https:\\\/\\\/amrtop.net\\\/#website\"},\"primaryImageOfPage\":{\"@id\":\"https:\\\/\\\/amrtop.net\\\/produit\\\/afficheur-tiemme-k500-t-en-verre\\\/#primaryimage\"},\"image\":{\"@id\":\"https:\\\/\\\/amrtop.net\\\/produit\\\/afficheur-tiemme-k500-t-en-verre\\\/#primaryimage\"},\"thumbnailUrl\":\"https:\\\/\\\/amrtop.net\\\/wp-content\\\/uploads\\\/2021\\\/09\\\/w-SITO-TIEMME-16.jpg\",\"datePublished\":\"2020-01-10T00:00:00+00:00\",\"dateModified\":\"2023-06-02T09:28:57+00:00\",\"description\":\"Afficheur Tiemme K500 T en verre - Display Tiemme pour po\u00eales et calaies \u00e0 pellets - C\u00e2blage Tiemme pour sonde eau po\u00eale et chaudi\u00e8re \u00e0 pellets - C\u00e2blage Tiemme pour pompe \u00e0 eau - Kit de connexion Tiemme - Pressostato Tiemme - Sonde de temp\u00e9rature air et eau Tiemme - T\u00e9l\u00e9commande avec Display Tiemme - T\u00e9l\u00e9commande sans Display Tiemme\",\"breadcrumb\":{\"@id\":\"https:\\\/\\\/amrtop.net\\\/produit\\\/afficheur-tiemme-k500-t-en-verre\\\/#breadcrumb\"},\"inLanguage\":\"de\",\"potentialAction\":[{\"@type\":\"ReadAction\",\"target\":[\"https:\\\/\\\/amrtop.net\\\/produit\\\/afficheur-tiemme-k500-t-en-verre\\\/\"]}]},{\"@type\":\"ImageObject\",\"inLanguage\":\"de\",\"@id\":\"https:\\\/\\\/amrtop.net\\\/produit\\\/afficheur-tiemme-k500-t-en-verre\\\/#primaryimage\",\"url\":\"https:\\\/\\\/amrtop.net\\\/wp-content\\\/uploads\\\/2021\\\/09\\\/w-SITO-TIEMME-16.jpg\",\"contentUrl\":\"https:\\\/\\\/amrtop.net\\\/wp-content\\\/uploads\\\/2021\\\/09\\\/w-SITO-TIEMME-16.jpg\",\"width\":960,\"height\":960,\"caption\":\"Afficheur Tiemme K500 T en verre - Display Tiemme pour po\u00eales et calaies \u00e0 pellets - C\u00e2blage Tiemme pour sonde eau po\u00eale et chaudi\u00e8re \u00e0 pellets - C\u00e2blage Tiemme pour pompe \u00e0 eau - Kit de connexion Tiemme - Pressostato Tiemme - Sonde de temp\u00e9rature air et eau Tiemme - T\u00e9l\u00e9commande avec Display Tiemme - T\u00e9l\u00e9commande sans Display Tiemme\"},{\"@type\":\"BreadcrumbList\",\"@id\":\"https:\\\/\\\/amrtop.net\\\/produit\\\/afficheur-tiemme-k500-t-en-verre\\\/#breadcrumb\",\"itemListElement\":[{\"@type\":\"ListItem\",\"position\":1,\"name\":\"Home\",\"item\":\"https:\\\/\\\/amrtop.net\\\/\"},{\"@type\":\"ListItem\",\"position\":2,\"name\":\"Shop\",\"item\":\"https:\\\/\\\/amrtop.net\\\/negozio\\\/\"},{\"@type\":\"ListItem\",\"position\":3,\"name\":\"Afficheur Tiemme K500 T glass Code TME019\"}]},{\"@type\":\"WebSite\",\"@id\":\"https:\\\/\\\/amrtop.net\\\/#website\",\"url\":\"https:\\\/\\\/amrtop.net\\\/\",\"name\":\"AMRTOP B2B \u00c9tranger - Achats r\u00e9serv\u00e9s au professionnel\",\"description\":\"Pi\u00e8ces de rechange et accessoires pour po\u00eales et chaudi\u00e8res - eCommerce B2B pour Clients Professionnels\",\"potentialAction\":[{\"@type\":\"SearchAction\",\"target\":{\"@type\":\"EntryPoint\",\"urlTemplate\":\"https:\\\/\\\/amrtop.net\\\/?s={search_term_string}\"},\"query-input\":{\"@type\":\"PropertyValueSpecification\",\"valueRequired\":true,\"valueName\":\"search_term_string\"}}],\"inLanguage\":\"de\"}]}<\/script>\n<!-- \/ Yoast SEO plugin. -->","yoast_head_json":{"title":"Afficheur Tiemme K500 T en verre","description":"Tiemme K500 T Glasdisplay - Tiemme Display f\u00fcr Pellet\u00f6fen und -kamine - Tiemme Verkabelung f\u00fcr Wasserf\u00fchler Pelletofen und -kessel - Tiemme Verkabelung f\u00fcr Wasserpumpe - Tiemme Verbindungsset - Tiemme Pressostato - Tiemme Luft- und Wassertemperaturf\u00fchler - Fernbedienung mit Tiemme Display - Fernbedienung ohne Tiemme Display","robots":{"index":"index","follow":"follow","max-snippet":"max-snippet:-1","max-image-preview":"max-image-preview:large","max-video-preview":"max-video-preview:-1"},"canonical":"https:\/\/amrtop.net\/de\/produkt\/afficheur-tiemme-k500-t-en-verre\/","og_locale":"de_DE","og_type":"article","og_title":"Afficheur Tiemme K500 T en verre","og_description":"Afficheur Tiemme K500 T en verre - Display Tiemme pour po\u00eales et calaies \u00e0 pellets - C\u00e2blage Tiemme pour sonde eau po\u00eale et chaudi\u00e8re \u00e0 pellets - C\u00e2blage Tiemme pour pompe \u00e0 eau - Kit de connexion Tiemme - Pressostato Tiemme - Sonde de temp\u00e9rature air et eau Tiemme - T\u00e9l\u00e9commande avec Display Tiemme - T\u00e9l\u00e9commande sans Display Tiemme","og_url":"https:\/\/amrtop.net\/de\/produkt\/afficheur-tiemme-k500-t-en-verre\/","og_site_name":"AMRTOP B2B \u00c9tranger - Achats r\u00e9serv\u00e9s au professionnel","article_modified_time":"2023-06-02T09:28:57+00:00","og_image":[{"width":960,"height":960,"url":"https:\/\/amrtop.net\/wp-content\/uploads\/2021\/09\/w-SITO-TIEMME-16.jpg","type":"image\/jpeg"}],"twitter_card":"summary_large_image","twitter_misc":{"Gesch\u00e4tzte Lesezeit":"2\u00a0Minuten"},"schema":{"@context":"https:\/\/schema.org","@graph":[{"@type":"WebPage","@id":"https:\/\/amrtop.net\/produit\/afficheur-tiemme-k500-t-en-verre\/","url":"https:\/\/amrtop.net\/produit\/afficheur-tiemme-k500-t-en-verre\/","name":"Afficheur Tiemme K500 T en verre","isPartOf":{"@id":"https:\/\/amrtop.net\/#website"},"primaryImageOfPage":{"@id":"https:\/\/amrtop.net\/produit\/afficheur-tiemme-k500-t-en-verre\/#primaryimage"},"image":{"@id":"https:\/\/amrtop.net\/produit\/afficheur-tiemme-k500-t-en-verre\/#primaryimage"},"thumbnailUrl":"https:\/\/amrtop.net\/wp-content\/uploads\/2021\/09\/w-SITO-TIEMME-16.jpg","datePublished":"2020-01-10T00:00:00+00:00","dateModified":"2023-06-02T09:28:57+00:00","description":"Tiemme K500 T Glasdisplay - Tiemme Display f\u00fcr Pellet\u00f6fen und -kamine - Tiemme Verkabelung f\u00fcr Wasserf\u00fchler Pelletofen und -kessel - Tiemme Verkabelung f\u00fcr Wasserpumpe - Tiemme Verbindungsset - Tiemme Pressostato - Tiemme Luft- und Wassertemperaturf\u00fchler - Fernbedienung mit Tiemme Display - Fernbedienung ohne Tiemme Display","breadcrumb":{"@id":"https:\/\/amrtop.net\/produit\/afficheur-tiemme-k500-t-en-verre\/#breadcrumb"},"inLanguage":"de","potentialAction":[{"@type":"ReadAction","target":["https:\/\/amrtop.net\/produit\/afficheur-tiemme-k500-t-en-verre\/"]}]},{"@type":"ImageObject","inLanguage":"de","@id":"https:\/\/amrtop.net\/produit\/afficheur-tiemme-k500-t-en-verre\/#primaryimage","url":"https:\/\/amrtop.net\/wp-content\/uploads\/2021\/09\/w-SITO-TIEMME-16.jpg","contentUrl":"https:\/\/amrtop.net\/wp-content\/uploads\/2021\/09\/w-SITO-TIEMME-16.jpg","width":960,"height":960,"caption":"Afficheur Tiemme K500 T en verre - Display Tiemme pour po\u00eales et calaies \u00e0 pellets - C\u00e2blage Tiemme pour sonde eau po\u00eale et chaudi\u00e8re \u00e0 pellets - C\u00e2blage Tiemme pour pompe \u00e0 eau - Kit de connexion Tiemme - Pressostato Tiemme - Sonde de temp\u00e9rature air et eau Tiemme - T\u00e9l\u00e9commande avec Display Tiemme - T\u00e9l\u00e9commande sans Display Tiemme"},{"@type":"BreadcrumbList","@id":"https:\/\/amrtop.net\/produit\/afficheur-tiemme-k500-t-en-verre\/#breadcrumb","itemListElement":[{"@type":"ListItem","position":1,"name":"Home","item":"https:\/\/amrtop.net\/"},{"@type":"ListItem","position":2,"name":"Shop","item":"https:\/\/amrtop.net\/negozio\/"},{"@type":"ListItem","position":3,"name":"Afficheur Tiemme K500 T glass Code TME019"}]},{"@type":"WebSite","@id":"https:\/\/amrtop.net\/#website","url":"https:\/\/amrtop.net\/","name":"AMRTOP B2B Ausland - Einkaufen nur f\u00fcr Fachleute","description":"Ersatzteile und Zubeh\u00f6r f\u00fcr \u00d6fen und Heizkessel - B2B eCommerce f\u00fcr Gesch\u00e4ftskunden","potentialAction":[{"@type":"SearchAction","target":{"@type":"EntryPoint","urlTemplate":"https:\/\/amrtop.net\/?s={search_term_string}"},"query-input":{"@type":"PropertyValueSpecification","valueRequired":true,"valueName":"search_term_string"}}],"inLanguage":"de"}]}},"_links":{"self":[{"href":"https:\/\/amrtop.net\/de\/wp-json\/wp\/v2\/product\/18704","targetHints":{"allow":["GET"]}}],"collection":[{"href":"https:\/\/amrtop.net\/de\/wp-json\/wp\/v2\/product"}],"about":[{"href":"https:\/\/amrtop.net\/de\/wp-json\/wp\/v2\/types\/product"}],"replies":[{"embeddable":true,"href":"https:\/\/amrtop.net\/de\/wp-json\/wp\/v2\/comments?post=18704"}],"wp:featuredmedia":[{"embeddable":true,"href":"https:\/\/amrtop.net\/de\/wp-json\/wp\/v2\/media\/19076"}],"wp:attachment":[{"href":"https:\/\/amrtop.net\/de\/wp-json\/wp\/v2\/media?parent=18704"}],"wp:term":[{"taxonomy":"product_brand","embeddable":true,"href":"https:\/\/amrtop.net\/de\/wp-json\/wp\/v2\/product_brand?post=18704"},{"taxonomy":"product_cat","embeddable":true,"href":"https:\/\/amrtop.net\/de\/wp-json\/wp\/v2\/product_cat?post=18704"},{"taxonomy":"product_tag","embeddable":true,"href":"https:\/\/amrtop.net\/de\/wp-json\/wp\/v2\/product_tag?post=18704"}],"curies":[{"name":"wp","href":"https:\/\/api.w.org\/{rel}","templated":true}]}}