{"id":18705,"date":"2020-01-10T00:00:00","date_gmt":"2020-01-10T00:00:00","guid":{"rendered":"https:\/\/amrtop.com\/B2B\/?post_type=product&#038;p=18705"},"modified":"2023-06-02T11:14:13","modified_gmt":"2023-06-02T11:14:13","slug":"unite-de-controle-pour-cheminees-et-poele-tc110-24a-32","status":"publish","type":"product","link":"https:\/\/amrtop.net\/de\/produit\/unite-de-controle-pour-cheminees-et-poele-tc110-24a-32\/","title":{"rendered":"Tiemme-Temperaturregler Code TME049"},"content":{"rendered":"<hr \/>\n<h3>Unit\u00e9 de contr\u00f4le pour chemin\u00e9es et Po\u00eale TC110 24A-32<\/h3>\n<div class=\"fusion-text\">\n<p>Tiemme elettronica entwirft und fertigt Managementsysteme f\u00fcr den Betrieb von \u00d6fen, Kaminen, Brennern, Heizkesseln und thermischen Sonnenkollektoren.<\/p>\n<p>Effiziente L\u00f6sungen, die so konzipiert sind, dass sie jede Art von Biobrennstoffanlage intelligent steuern, leicht mit dem Endprodukt zu integrieren sind und \u00e4sthetisch ansprechend aussehen.<\/p>\n<\/div>\n<div class=\"fusion-text\">\n<p>Sie arbeiten seit 1996 mit konstantem Engagement in der Materialforschung und bei der Auswahl der Partner, die ihre Produkte vermarkten, sowie all der verschiedenen Produzenten f\u00fcr eine italienische Produktionskette zu 100 %.<\/p>\n<p>Die St\u00e4rke von tiemme Elettronica ist das Expertenteam: jung, dynamisch, angetrieben von der Leidenschaft f\u00fcr Elektronik und Technologie.<\/p>\n<p>Intelligentes Temperaturmanagement verspricht Wohlbefinden: Es vermeidet Verschwendung und garantiert eine Regulierung, die auf den tats\u00e4chlichen Bed\u00fcrfnissen des Endverbrauchers basiert. Sie ist gut f\u00fcr Mensch und Umwelt, denn sie spart Geld und nat\u00fcrliche Ressourcen.<\/p>\n<\/div>\n<h3>Utilisation de la unit\u00e9 de contr\u00f4le pour chemin\u00e9es et Po\u00eale TC110 24A-32<\/h3>\n<p>Die elektronischen TiEmme-Komponenten, die normalerweise in Pellet\u00f6fen und -kesseln eingebaut werden, dienen der Steuerung der Verbrennung, indem sie die M\u00f6glichkeit bieten, die vom Ger\u00e4t erzeugte W\u00e4rme zu regulieren.<\/p>\n<p>Au\u00dferdem steuern diese elektronischen Systeme den Luftstrahl der Pellet\u00f6fen, die Sie auf dem Markt finden.<\/p>\n<p>Vorhanden in typischen Ger\u00e4ten - Pelletofen - Pelletkessel - Pelletbrenner - Pellets BBQ\/Grill Biomassekessel - Biomassebrenner - Und viele andere Brenner<\/p>\n<h3>Innen<\/h3>\n<p><a href=\"https:\/\/wekos.it\/\">\u00d6fen, Herde und Holzherde<\/a>\u00a0-\u00a0<a href=\"https:\/\/www.greenpuros.com\/\">Kamine, \u00d6fen und Pelletkessel.<\/a><\/p>\n<h3>Amrtop Ersatzteile und Zubeh\u00f6r Sortiment<\/h3>\n<p><a href=\"https:\/\/amrtop.net\/de\/produktkategorie\/ersatzteile-diverse-ofen-und-kocher-2\/bougies-dallumage-pour-poeles-et-chaudieres-a-pellets\/\">Gl\u00fchkerzen<\/a><\/p>\n<p><a href=\"https:\/\/amrtop.net\/de\/produktkategorie\/ersatzteile-diverse-ofen-und-kocher-2\/electronique\/\">Elektronik<\/a><\/p>\n<p><a href=\"https:\/\/amrtop.net\/de\/produktkategorie\/ersatzteile-diverse-ofen-und-kocher-2\/extracteurs-de-fumee\/\">Rauchabzug<\/a><\/p>\n<p><a href=\"https:\/\/amrtop.net\/de\/produktkategorie\/ersatzteile-diverse-ofen-und-kocher-2\/gaines-cable-connecteurs\/\">Kabelh\u00fcllen Verbinder<\/a><\/p>\n<p><a href=\"https:\/\/amrtop.net\/de\/produktkategorie\/ersatzteile-diverse-ofen-und-kocher-2\/joints-de-silicone\/\">Silikondichtungen<\/a><\/p>\n<p><a href=\"https:\/\/amrtop.net\/de\/produktkategorie\/ersatzteile-diverse-ofen-und-kocher-2\/motoreducteurs\/\">Getriebemotoren<\/a><\/p>\n<p><a href=\"https:\/\/amrtop.net\/de\/produktkategorie\/ersatzteile-diverse-ofen-und-kocher-2\/pressostats-et-transducteurs\/\">Druckschalter und Wandler<\/a><\/p>\n<p><a href=\"https:\/\/amrtop.net\/de\/produktkategorie\/ersatzteile-diverse-ofen-und-kocher-2\/sondes-thermostats-manometres-thermometres\/\">Sonden Thermostate Manometer Thermometer<\/a><\/p>\n<p><a href=\"https:\/\/amrtop.net\/de\/produktkategorie\/ersatzteile-diverse-ofen-und-kocher-2\/joints-detancheite\/\">Dichtgeflechte<\/a><\/p>\n<p><a href=\"https:\/\/amrtop.net\/de\/produktkategorie\/ersatzteile-diverse-ofen-und-kocher-2\/ventilateurs-centrifuges-pour-poeles-a-pellets\/\">Zentrifugalventilatoren<\/a><\/p>\n<p><a href=\"https:\/\/amrtop.net\/de\/produktkategorie\/ersatzteile-diverse-ofen-und-kocher-2\/ventilateurs-tangentiels-flux-transversal\/\">Tangentiale Ventilatoren<\/a><\/p>\n<p><a href=\"https:\/\/amrtop.net\/de\/produktkategorie\/ersatzteile-diverse-ofen-und-kocher-2\/adhesifs-et-produits-detancheite\/\">Klebstoffe und Kitt<\/a><\/p>\n<p>&nbsp;<\/p>","protected":false},"excerpt":{"rendered":"<hr \/>\n<h2><span style=\"color: #008000\">Verf\u00fcgbar<\/span><\/h2>\n<hr \/>\n<h3>Unit\u00e9 de contr\u00f4le pour chemin\u00e9es &#8211; Po\u00eale \u00e0 bois &#8211; Idro TC110 24A-32<\/h3>\n<p>Code TME049<\/p>\n<p>TC110<br \/>\nLe R\u00e9gulateur de temp\u00e9rature permet de g\u00e9rer de mani\u00e8re compl\u00e8te et efficace le syst\u00e8me de chauffage dans lequel est ins\u00e9r\u00e9 la chemin\u00e9e. Les multiples options de choix pour la plaque du TC110, rendent le produit polyvalent m\u00eame en termes de design.<\/p>\n<p>G\u00e8re jusqu\u2019\u00e0 6 configurations d\u2019installation<\/p>\n<p>Gr\u00e2ce \u00e0 ses entr\u00e9es, vous pouvez d\u00e9tecter\u00a0:<br \/>\nTemp\u00e9rature de refoulement de l\u2019installation<br \/>\nTemp\u00e9rature de retour de l\u2019installation<br \/>\nTemp\u00e9rature du chauffe-eau\/accumulation sanitaire<br \/>\nConsentement de l\u2019eau de toilette<\/p>\n<p>Les sorties permettent de contr\u00f4ler les dispositifs pr\u00e9sents dans l\u2019installation tels que\u00a0:<br \/>\nPompe d\u2019installation<br \/>\nPompe de recirculation \/ \u00c9lectrovanne<br \/>\nChaudi\u00e8re \u00e0 gaz autoris\u00e9e.<br \/>\nDienst<\/p>\n<p>Alimentation 230\/115 Vac 50\/60 Hz<br \/>\nFusible T 3,15 A<br \/>\nN.03 Entr\u00e9es Capteur \u00e9lectronique, sondes, Thermostat Environnement, Flussostat<br \/>\nPlage de mesure temp\u00e9rature -40 \u00b7 120 \/260 \u00b0C<br \/>\nN. 04 Max Sorties contr\u00f4l\u00e9es On\/Off 5A 250 Vac<br \/>\nTypologie Sorties contacts libres \/ Aliment\u00e9s 230 Vac<br \/>\nDimensions m\u00e9caniques 3 modules encastr\u00e9s\/mur<br \/>\nPlaque de couverture Tiemme, Vimar, Ave<\/p>","protected":false},"featured_media":35506,"comment_status":"open","ping_status":"closed","template":"","meta":[],"product_brand":[],"product_cat":[1310,1315,839,1319],"product_tag":[],"class_list":{"0":"post-18705","1":"product","2":"type-product","3":"status-publish","4":"has-post-thumbnail","6":"product_cat-electronique","7":"product_cat-electronique-tiemme-pour-poeles-et-chaudieres-a-pellets","8":"product_cat-pieces-de-rechange-divers-poeles-et-chaudieres","9":"product_cat-regulateurs-de-temperature-tiemme","10":"product_shipping_class-classe-di-spedizione-01","12":"first","13":"instock","14":"shipping-taxable","15":"purchasable","16":"product-type-simple"},"yoast_head":"<!-- This site is optimized with the Yoast SEO plugin v27.5 - https:\/\/yoast.com\/product\/yoast-seo-wordpress\/ -->\n<title>Unit\u00e9 de contr\u00f4le pour chemin\u00e9es et Po\u00eale TC110 24A-32<\/title>\n<meta name=\"description\" content=\"Unit\u00e9 de contr\u00f4le pour chemin\u00e9es et Po\u00eale TC110 24A-32 - Display Tiemme pour po\u00eales et calaies \u00e0 pellets - C\u00e2blage Tiemme pour sonde eau po\u00eale et chaudi\u00e8re \u00e0 pellets - C\u00e2blage Tiemme pour pompe \u00e0 eau - Kit de connexion Tiemme - Pressostato Tiemme - Sonde de temp\u00e9rature air et eau Tiemme - T\u00e9l\u00e9commande avec Display Tiemme - T\u00e9l\u00e9commande sans Display Tiemme\" \/>\n<meta name=\"robots\" content=\"index, follow, max-snippet:-1, max-image-preview:large, max-video-preview:-1\" \/>\n<link rel=\"canonical\" href=\"https:\/\/amrtop.net\/de\/produkt\/unite-de-controle-pour-cheminees-et-poele-tc110-24a-32\/\" \/>\n<meta property=\"og:locale\" content=\"de_DE\" \/>\n<meta property=\"og:type\" content=\"article\" \/>\n<meta property=\"og:title\" content=\"Unit\u00e9 de contr\u00f4le pour chemin\u00e9es et Po\u00eale TC110 24A-32\" \/>\n<meta property=\"og:description\" content=\"Unit\u00e9 de contr\u00f4le pour chemin\u00e9es et Po\u00eale TC110 24A-32 - Display Tiemme pour po\u00eales et calaies \u00e0 pellets - C\u00e2blage Tiemme pour sonde eau po\u00eale et chaudi\u00e8re \u00e0 pellets - C\u00e2blage Tiemme pour pompe \u00e0 eau - Kit de connexion Tiemme - Pressostato Tiemme - Sonde de temp\u00e9rature air et eau Tiemme - T\u00e9l\u00e9commande avec Display Tiemme - T\u00e9l\u00e9commande sans Display Tiemme\" \/>\n<meta property=\"og:url\" content=\"https:\/\/amrtop.net\/de\/produkt\/unite-de-controle-pour-cheminees-et-poele-tc110-24a-32\/\" \/>\n<meta property=\"og:site_name\" content=\"AMRTOP B2B \u00c9tranger - Achats r\u00e9serv\u00e9s au professionnel\" \/>\n<meta property=\"article:modified_time\" content=\"2023-06-02T11:14:13+00:00\" \/>\n<meta property=\"og:image\" content=\"https:\/\/amrtop.net\/wp-content\/uploads\/2020\/01\/TM049-TC10-24A-32.jpg\" \/>\n\t<meta property=\"og:image:width\" content=\"960\" \/>\n\t<meta property=\"og:image:height\" content=\"960\" \/>\n\t<meta property=\"og:image:type\" content=\"image\/jpeg\" \/>\n<meta name=\"twitter:card\" content=\"summary_large_image\" \/>\n<meta name=\"twitter:label1\" content=\"Gesch\u00e4tzte Lesezeit\" \/>\n\t<meta name=\"twitter:data1\" content=\"2\u00a0Minuten\" \/>\n<script type=\"application\/ld+json\" class=\"yoast-schema-graph\">{\"@context\":\"https:\\\/\\\/schema.org\",\"@graph\":[{\"@type\":\"WebPage\",\"@id\":\"https:\\\/\\\/amrtop.net\\\/produit\\\/unite-de-controle-pour-cheminees-et-poele-tc110-24a-32\\\/\",\"url\":\"https:\\\/\\\/amrtop.net\\\/produit\\\/unite-de-controle-pour-cheminees-et-poele-tc110-24a-32\\\/\",\"name\":\"Unit\u00e9 de contr\u00f4le pour chemin\u00e9es et Po\u00eale TC110 24A-32\",\"isPartOf\":{\"@id\":\"https:\\\/\\\/amrtop.net\\\/#website\"},\"primaryImageOfPage\":{\"@id\":\"https:\\\/\\\/amrtop.net\\\/produit\\\/unite-de-controle-pour-cheminees-et-poele-tc110-24a-32\\\/#primaryimage\"},\"image\":{\"@id\":\"https:\\\/\\\/amrtop.net\\\/produit\\\/unite-de-controle-pour-cheminees-et-poele-tc110-24a-32\\\/#primaryimage\"},\"thumbnailUrl\":\"https:\\\/\\\/amrtop.net\\\/wp-content\\\/uploads\\\/2020\\\/01\\\/TM049-TC10-24A-32.jpg\",\"datePublished\":\"2020-01-10T00:00:00+00:00\",\"dateModified\":\"2023-06-02T11:14:13+00:00\",\"description\":\"Unit\u00e9 de contr\u00f4le pour chemin\u00e9es et Po\u00eale TC110 24A-32 - Display Tiemme pour po\u00eales et calaies \u00e0 pellets - C\u00e2blage Tiemme pour sonde eau po\u00eale et chaudi\u00e8re \u00e0 pellets - C\u00e2blage Tiemme pour pompe \u00e0 eau - Kit de connexion Tiemme - Pressostato Tiemme - Sonde de temp\u00e9rature air et eau Tiemme - T\u00e9l\u00e9commande avec Display Tiemme - T\u00e9l\u00e9commande sans Display Tiemme\",\"breadcrumb\":{\"@id\":\"https:\\\/\\\/amrtop.net\\\/produit\\\/unite-de-controle-pour-cheminees-et-poele-tc110-24a-32\\\/#breadcrumb\"},\"inLanguage\":\"de\",\"potentialAction\":[{\"@type\":\"ReadAction\",\"target\":[\"https:\\\/\\\/amrtop.net\\\/produit\\\/unite-de-controle-pour-cheminees-et-poele-tc110-24a-32\\\/\"]}]},{\"@type\":\"ImageObject\",\"inLanguage\":\"de\",\"@id\":\"https:\\\/\\\/amrtop.net\\\/produit\\\/unite-de-controle-pour-cheminees-et-poele-tc110-24a-32\\\/#primaryimage\",\"url\":\"https:\\\/\\\/amrtop.net\\\/wp-content\\\/uploads\\\/2020\\\/01\\\/TM049-TC10-24A-32.jpg\",\"contentUrl\":\"https:\\\/\\\/amrtop.net\\\/wp-content\\\/uploads\\\/2020\\\/01\\\/TM049-TC10-24A-32.jpg\",\"width\":960,\"height\":960,\"caption\":\"Unit\u00e9 de contr\u00f4le pour chemin\u00e9es et Po\u00eale TC110 24A-32 - Display Tiemme pour po\u00eales et calaies \u00e0 pellets - C\u00e2blage Tiemme pour sonde eau po\u00eale et chaudi\u00e8re \u00e0 pellets - C\u00e2blage Tiemme pour pompe \u00e0 eau - Kit de connexion Tiemme - Pressostato Tiemme - Sonde de temp\u00e9rature air et eau Tiemme - T\u00e9l\u00e9commande avec Display Tiemme - T\u00e9l\u00e9commande sans Display Tiemme\"},{\"@type\":\"BreadcrumbList\",\"@id\":\"https:\\\/\\\/amrtop.net\\\/produit\\\/unite-de-controle-pour-cheminees-et-poele-tc110-24a-32\\\/#breadcrumb\",\"itemListElement\":[{\"@type\":\"ListItem\",\"position\":1,\"name\":\"Home\",\"item\":\"https:\\\/\\\/amrtop.net\\\/\"},{\"@type\":\"ListItem\",\"position\":2,\"name\":\"Shop\",\"item\":\"https:\\\/\\\/amrtop.net\\\/negozio\\\/\"},{\"@type\":\"ListItem\",\"position\":3,\"name\":\"Thermor\u00e9gulateur Tiemme Code TME049\"}]},{\"@type\":\"WebSite\",\"@id\":\"https:\\\/\\\/amrtop.net\\\/#website\",\"url\":\"https:\\\/\\\/amrtop.net\\\/\",\"name\":\"AMRTOP B2B \u00c9tranger - Achats r\u00e9serv\u00e9s au professionnel\",\"description\":\"Pi\u00e8ces de rechange et accessoires pour po\u00eales et chaudi\u00e8res - eCommerce B2B pour Clients Professionnels\",\"potentialAction\":[{\"@type\":\"SearchAction\",\"target\":{\"@type\":\"EntryPoint\",\"urlTemplate\":\"https:\\\/\\\/amrtop.net\\\/?s={search_term_string}\"},\"query-input\":{\"@type\":\"PropertyValueSpecification\",\"valueRequired\":true,\"valueName\":\"search_term_string\"}}],\"inLanguage\":\"de\"}]}<\/script>\n<!-- \/ Yoast SEO plugin. -->","yoast_head_json":{"title":"Unit\u00e9 de contr\u00f4le pour chemin\u00e9es et Po\u00eale TC110 24A-32","description":"Steuereinheit f\u00fcr Kamin und Ofen TC110 24A-32 - Display Tiemme f\u00fcr Pellet\u00f6fen und Kamin\u00f6fen - Verkabelung Tiemme f\u00fcr Wasserf\u00fchler Pelletofen und Pelletkessel - Verkabelung Tiemme f\u00fcr Wasserpumpe - Anschlussset Tiemme - Pressostato Tiemme - Luft- und Wassertemperaturf\u00fchler Tiemme - Fernbedienung mit Display Tiemme - Fernbedienung ohne Display Tiemme","robots":{"index":"index","follow":"follow","max-snippet":"max-snippet:-1","max-image-preview":"max-image-preview:large","max-video-preview":"max-video-preview:-1"},"canonical":"https:\/\/amrtop.net\/de\/produkt\/unite-de-controle-pour-cheminees-et-poele-tc110-24a-32\/","og_locale":"de_DE","og_type":"article","og_title":"Unit\u00e9 de contr\u00f4le pour chemin\u00e9es et Po\u00eale TC110 24A-32","og_description":"Unit\u00e9 de contr\u00f4le pour chemin\u00e9es et Po\u00eale TC110 24A-32 - Display Tiemme pour po\u00eales et calaies \u00e0 pellets - C\u00e2blage Tiemme pour sonde eau po\u00eale et chaudi\u00e8re \u00e0 pellets - C\u00e2blage Tiemme pour pompe \u00e0 eau - Kit de connexion Tiemme - Pressostato Tiemme - Sonde de temp\u00e9rature air et eau Tiemme - T\u00e9l\u00e9commande avec Display Tiemme - T\u00e9l\u00e9commande sans Display Tiemme","og_url":"https:\/\/amrtop.net\/de\/produkt\/unite-de-controle-pour-cheminees-et-poele-tc110-24a-32\/","og_site_name":"AMRTOP B2B \u00c9tranger - Achats r\u00e9serv\u00e9s au professionnel","article_modified_time":"2023-06-02T11:14:13+00:00","og_image":[{"width":960,"height":960,"url":"https:\/\/amrtop.net\/wp-content\/uploads\/2020\/01\/TM049-TC10-24A-32.jpg","type":"image\/jpeg"}],"twitter_card":"summary_large_image","twitter_misc":{"Gesch\u00e4tzte Lesezeit":"2\u00a0Minuten"},"schema":{"@context":"https:\/\/schema.org","@graph":[{"@type":"WebPage","@id":"https:\/\/amrtop.net\/produit\/unite-de-controle-pour-cheminees-et-poele-tc110-24a-32\/","url":"https:\/\/amrtop.net\/produit\/unite-de-controle-pour-cheminees-et-poele-tc110-24a-32\/","name":"Unit\u00e9 de contr\u00f4le pour chemin\u00e9es et Po\u00eale TC110 24A-32","isPartOf":{"@id":"https:\/\/amrtop.net\/#website"},"primaryImageOfPage":{"@id":"https:\/\/amrtop.net\/produit\/unite-de-controle-pour-cheminees-et-poele-tc110-24a-32\/#primaryimage"},"image":{"@id":"https:\/\/amrtop.net\/produit\/unite-de-controle-pour-cheminees-et-poele-tc110-24a-32\/#primaryimage"},"thumbnailUrl":"https:\/\/amrtop.net\/wp-content\/uploads\/2020\/01\/TM049-TC10-24A-32.jpg","datePublished":"2020-01-10T00:00:00+00:00","dateModified":"2023-06-02T11:14:13+00:00","description":"Steuereinheit f\u00fcr Kamin und Ofen TC110 24A-32 - Display Tiemme f\u00fcr Pellet\u00f6fen und Kamin\u00f6fen - Verkabelung Tiemme f\u00fcr Wasserf\u00fchler Pelletofen und Pelletkessel - Verkabelung Tiemme f\u00fcr Wasserpumpe - Anschlussset Tiemme - Pressostato Tiemme - Luft- und Wassertemperaturf\u00fchler Tiemme - Fernbedienung mit Display Tiemme - Fernbedienung ohne Display Tiemme","breadcrumb":{"@id":"https:\/\/amrtop.net\/produit\/unite-de-controle-pour-cheminees-et-poele-tc110-24a-32\/#breadcrumb"},"inLanguage":"de","potentialAction":[{"@type":"ReadAction","target":["https:\/\/amrtop.net\/produit\/unite-de-controle-pour-cheminees-et-poele-tc110-24a-32\/"]}]},{"@type":"ImageObject","inLanguage":"de","@id":"https:\/\/amrtop.net\/produit\/unite-de-controle-pour-cheminees-et-poele-tc110-24a-32\/#primaryimage","url":"https:\/\/amrtop.net\/wp-content\/uploads\/2020\/01\/TM049-TC10-24A-32.jpg","contentUrl":"https:\/\/amrtop.net\/wp-content\/uploads\/2020\/01\/TM049-TC10-24A-32.jpg","width":960,"height":960,"caption":"Unit\u00e9 de contr\u00f4le pour chemin\u00e9es et Po\u00eale TC110 24A-32 - Display Tiemme pour po\u00eales et calaies \u00e0 pellets - C\u00e2blage Tiemme pour sonde eau po\u00eale et chaudi\u00e8re \u00e0 pellets - C\u00e2blage Tiemme pour pompe \u00e0 eau - Kit de connexion Tiemme - Pressostato Tiemme - Sonde de temp\u00e9rature air et eau Tiemme - T\u00e9l\u00e9commande avec Display Tiemme - T\u00e9l\u00e9commande sans Display Tiemme"},{"@type":"BreadcrumbList","@id":"https:\/\/amrtop.net\/produit\/unite-de-controle-pour-cheminees-et-poele-tc110-24a-32\/#breadcrumb","itemListElement":[{"@type":"ListItem","position":1,"name":"Home","item":"https:\/\/amrtop.net\/"},{"@type":"ListItem","position":2,"name":"Shop","item":"https:\/\/amrtop.net\/negozio\/"},{"@type":"ListItem","position":3,"name":"Thermor\u00e9gulateur Tiemme Code TME049"}]},{"@type":"WebSite","@id":"https:\/\/amrtop.net\/#website","url":"https:\/\/amrtop.net\/","name":"AMRTOP B2B Ausland - Einkaufen nur f\u00fcr Fachleute","description":"Ersatzteile und Zubeh\u00f6r f\u00fcr \u00d6fen und Heizkessel - B2B eCommerce f\u00fcr Gesch\u00e4ftskunden","potentialAction":[{"@type":"SearchAction","target":{"@type":"EntryPoint","urlTemplate":"https:\/\/amrtop.net\/?s={search_term_string}"},"query-input":{"@type":"PropertyValueSpecification","valueRequired":true,"valueName":"search_term_string"}}],"inLanguage":"de"}]}},"_links":{"self":[{"href":"https:\/\/amrtop.net\/de\/wp-json\/wp\/v2\/product\/18705","targetHints":{"allow":["GET"]}}],"collection":[{"href":"https:\/\/amrtop.net\/de\/wp-json\/wp\/v2\/product"}],"about":[{"href":"https:\/\/amrtop.net\/de\/wp-json\/wp\/v2\/types\/product"}],"replies":[{"embeddable":true,"href":"https:\/\/amrtop.net\/de\/wp-json\/wp\/v2\/comments?post=18705"}],"wp:featuredmedia":[{"embeddable":true,"href":"https:\/\/amrtop.net\/de\/wp-json\/wp\/v2\/media\/35506"}],"wp:attachment":[{"href":"https:\/\/amrtop.net\/de\/wp-json\/wp\/v2\/media?parent=18705"}],"wp:term":[{"taxonomy":"product_brand","embeddable":true,"href":"https:\/\/amrtop.net\/de\/wp-json\/wp\/v2\/product_brand?post=18705"},{"taxonomy":"product_cat","embeddable":true,"href":"https:\/\/amrtop.net\/de\/wp-json\/wp\/v2\/product_cat?post=18705"},{"taxonomy":"product_tag","embeddable":true,"href":"https:\/\/amrtop.net\/de\/wp-json\/wp\/v2\/product_tag?post=18705"}],"curies":[{"name":"wp","href":"https:\/\/api.w.org\/{rel}","templated":true}]}}