{"id":18949,"date":"2020-10-01T00:00:00","date_gmt":"2020-10-01T00:00:00","guid":{"rendered":"https:\/\/amrtop.com\/B2B\/?post_type=product&#038;p=18949"},"modified":"2023-06-02T14:45:40","modified_gmt":"2023-06-02T14:45:40","slug":"ventilateur-centrifuge-fergas-code-206450-encombrement-longueur-185-mm-encombrement-hauteur-137-mm","status":"publish","type":"product","link":"https:\/\/amrtop.net\/de\/produit\/ventilateur-centrifuge-fergas-code-206450-encombrement-longueur-185-mm-encombrement-hauteur-137-mm\/","title":{"rendered":"Zentrifugalventilator Fergas Code 206450 - Platzbedarf L\u00e4nge 185 mm - Platzbedarf H\u00f6he 137 mm"},"content":{"rendered":"<hr \/>\n<h3>Ventilateur centrifuge Fergas moteur gauche 206450<\/h3>\n<p>Der Fergas-L\u00fcfter mit \"Key-Niet\"-System ist seit 1979 die erste Wahl auf dem Markt. Erh\u00e4ltlich mit Durchmessern von 67mm bis 224mm in einfach oder doppelt saugender Ausf\u00fchrung mit Nabe f\u00fcr Wellenmontage oder f\u00fcr Pressfit-Anwendung bei Au\u00dfenl\u00e4ufermotor.<\/p>\n<p>Der einfach saugende Ventilator KNA-e ist in Durchmessern von 67 bis 224 mm mit Aluminium- oder Stahlnabe zur Wellenmontage oder f\u00fcr Press Fit-Anwendung bei Au\u00dfenl\u00e4ufermotoren mit Durchmesser 59\/72 oder 92 mm erh\u00e4ltlich.<\/p>\n<p>Der einfach saugende Ventilator KNA-e ist in Durchmessern von 67 bis 224 mm mit Aluminium- oder Stahlnabe zur Wellenmontage oder f\u00fcr Press Fit-Anwendung bei Au\u00dfenl\u00e4ufermotoren mit Durchmesser 59\/72 oder 92 mm erh\u00e4ltlich.<\/p>\n<p>Die im Zusammenhang mit dem Produkt entwickelten Fergas-Verbindungstechnologien sorgen f\u00fcr Festigkeit und die Abwesenheit von Vibrationen und Resonanzen.<\/p>\n<h3>Utilisation du ventilateur centrifuge Fergas moteur gauche 206450<\/h3>\n<p>Die von Amrtop angebotenen Tangential-Querstromventilatoren werden in Biomasseger\u00e4te eingebaut, um die vom Brennk\u00f6rper erzeugte hei\u00dfe Luft abzusaugen und anschlie\u00dfend in die Umgebung zu verteilen.<\/p>\n<p><strong>In typischen Ger\u00e4ten vorhanden<\/strong>\u00a0Pelletofen - Pelletkessel - Pelletbrenner - Pellets BBQ\/grill Biomassekessel - Biomassebrenner - Und viele andere Brenner<\/p>\n<h3><strong>Innen<\/strong><\/h3>\n<p><a href=\"https:\/\/wekos.it\/\">\u00d6fen, Herde und Holzherde<\/a>\u00a0-\u00a0<a href=\"https:\/\/www.greenpuros.com\/\">Kamine, \u00d6fen und Pelletkessel.<\/a><\/p>\n<h3><strong>Amrtop Ersatzteile und Zubeh\u00f6r Sortiment<\/strong><\/h3>\n<p><a href=\"https:\/\/amrtop.net\/de\/produktkategorie\/ersatzteile-diverse-ofen-und-kocher-2\/bougies-dallumage-pour-poeles-et-chaudieres-a-pellets\/\">Gl\u00fchkerzen<\/a><\/p>\n<p><a href=\"https:\/\/amrtop.net\/de\/produktkategorie\/ersatzteile-diverse-ofen-und-kocher-2\/electronique\/\">Elektronik<\/a><\/p>\n<p><a href=\"https:\/\/amrtop.net\/de\/produktkategorie\/ersatzteile-diverse-ofen-und-kocher-2\/extracteurs-de-fumee\/\">Rauchabzug<\/a><\/p>\n<p><a href=\"https:\/\/amrtop.net\/de\/produktkategorie\/ersatzteile-diverse-ofen-und-kocher-2\/gaines-cable-connecteurs\/\">Kabelh\u00fcllen Verbinder<\/a><\/p>\n<p><a href=\"https:\/\/amrtop.net\/de\/produktkategorie\/ersatzteile-diverse-ofen-und-kocher-2\/joints-de-silicone\/\">Silikondichtungen<\/a><\/p>\n<p><a href=\"https:\/\/amrtop.net\/de\/produktkategorie\/ersatzteile-diverse-ofen-und-kocher-2\/motoreducteurs\/\">Getriebemotoren<\/a><\/p>\n<p><a href=\"https:\/\/amrtop.net\/de\/produktkategorie\/ersatzteile-diverse-ofen-und-kocher-2\/pressostats-et-transducteurs\/\">Druckschalter und Wandler<\/a><\/p>\n<p><a href=\"https:\/\/amrtop.net\/de\/produktkategorie\/ersatzteile-diverse-ofen-und-kocher-2\/sondes-thermostats-manometres-thermometres\/\">Sonden Thermostate Manometer Thermometer<\/a><\/p>\n<p><a href=\"https:\/\/amrtop.net\/de\/produktkategorie\/ersatzteile-diverse-ofen-und-kocher-2\/joints-detancheite\/\">Dichtgeflechte<\/a><\/p>\n<p><a href=\"https:\/\/amrtop.net\/de\/produktkategorie\/ersatzteile-diverse-ofen-und-kocher-2\/ventilateurs-centrifuges-pour-poeles-a-pellets\/\">Zentrifugalventilatoren<\/a><\/p>\n<p><a href=\"https:\/\/amrtop.net\/de\/produktkategorie\/ersatzteile-diverse-ofen-und-kocher-2\/ventilateurs-tangentiels-flux-transversal\/\">Tangentiale Ventilatoren<\/a><\/p>\n<p><a href=\"https:\/\/amrtop.net\/de\/produktkategorie\/ersatzteile-diverse-ofen-und-kocher-2\/adhesifs-et-produits-detancheite\/\">Klebstoffe und Kitt<\/a><\/p>\n<p>Das Personal von\u00a0<strong>Amrtop<\/strong> wurde sorgf\u00e4ltig geschult, um Ihnen dabei zu helfen, herauszufinden, welche Ersatzteile m\u00f6glicherweise ausgetauscht werden m\u00fcssen.Durch das Angebot einer telefonischen Unterst\u00fctzung auf Franz\u00f6sisch, Englisch, Rum\u00e4nisch und Italienisch.<br \/>\nZ\u00f6gern Sie nicht, uns zu kontaktieren<\/p>","protected":false},"excerpt":{"rendered":"<hr \/>\n<h2><span style=\"color: #008000\">Verf\u00fcgbar<\/span><\/h2>\n<hr \/>\n<h2>Ventilateur centrifuge Fergas moteur externe SX<\/h2>\n<p>Code 206450<\/p>\n<p>Ventilator \u00f8 80 mm<\/p>\n<p>Gesamtl\u00e4nge: 185 mm<\/p>\n<p>Gesamth\u00f6he: 137 mm<\/p>\n<p>Gesamttiefe: 133 mm<\/p>\n<p>Abmessungen Mund: 52 x 108 mm<\/p>\n<p>Luftdurchsatz: 133 m\u00b3\/h<\/p>\n<p>Lamellenpaket: 30 mm<\/p>\n<p>Leistung: 39 W<\/p>","protected":false},"featured_media":35157,"comment_status":"open","ping_status":"closed","template":"","meta":[],"product_brand":[],"product_cat":[839,1300,1302,1395],"product_tag":[],"class_list":{"0":"post-18949","1":"product","2":"type-product","3":"status-publish","4":"has-post-thumbnail","6":"product_cat-pieces-de-rechange-divers-poeles-et-chaudieres","7":"product_cat-ventilateurs-centrifuges-pour-poeles-a-pellets","8":"product_cat-ventilatori-centrifughi-fergas","9":"product_cat-ventilateurs-centrifuges-fergas-a-double-aspiration","10":"product_shipping_class-classe-di-spedizione-02","12":"first","13":"instock","14":"shipping-taxable","15":"purchasable","16":"product-type-simple"},"yoast_head":"<!-- This site is optimized with the Yoast SEO plugin v27.5 - https:\/\/yoast.com\/product\/yoast-seo-wordpress\/ -->\n<title>Ventilateur centrifuge Fergas moteur gauche 206450<\/title>\n<meta name=\"description\" content=\"Ventilateur centrifuge Fergas moteur gauche 206450-Ventilateur centrifuge Fergas bouble aspiration moteur gauche code 206450 po\u00eales et chaudi\u00e8res \u00e0 pellets\" \/>\n<meta name=\"robots\" content=\"index, follow, max-snippet:-1, max-image-preview:large, max-video-preview:-1\" \/>\n<link rel=\"canonical\" href=\"https:\/\/amrtop.net\/de\/produkt\/ventilateur-centrifuge-fergas-code-206450-encombrement-longueur-185-mm-encombrement-hauteur-137-mm\/\" \/>\n<meta property=\"og:locale\" content=\"de_DE\" \/>\n<meta property=\"og:type\" content=\"article\" \/>\n<meta property=\"og:title\" content=\"Ventilateur centrifuge Fergas moteur gauche 206450\" \/>\n<meta property=\"og:description\" content=\"Ventilateur centrifuge Fergas moteur gauche 206450-Ventilateur centrifuge Fergas bouble aspiration moteur gauche code 206450 po\u00eales et chaudi\u00e8res \u00e0 pellets\" \/>\n<meta property=\"og:url\" content=\"https:\/\/amrtop.net\/de\/produkt\/ventilateur-centrifuge-fergas-code-206450-encombrement-longueur-185-mm-encombrement-hauteur-137-mm\/\" \/>\n<meta property=\"og:site_name\" content=\"AMRTOP B2B \u00c9tranger - Achats r\u00e9serv\u00e9s au professionnel\" \/>\n<meta property=\"article:modified_time\" content=\"2023-06-02T14:45:40+00:00\" \/>\n<meta property=\"og:image\" content=\"https:\/\/amrtop.net\/wp-content\/uploads\/2020\/10\/206450.jpg\" \/>\n\t<meta property=\"og:image:width\" content=\"960\" \/>\n\t<meta property=\"og:image:height\" content=\"960\" \/>\n\t<meta property=\"og:image:type\" content=\"image\/jpeg\" \/>\n<meta name=\"twitter:card\" content=\"summary_large_image\" \/>\n<meta name=\"twitter:label1\" content=\"Gesch\u00e4tzte Lesezeit\" \/>\n\t<meta name=\"twitter:data1\" content=\"1\u00a0Minute\" \/>\n<script type=\"application\/ld+json\" class=\"yoast-schema-graph\">{\"@context\":\"https:\\\/\\\/schema.org\",\"@graph\":[{\"@type\":\"WebPage\",\"@id\":\"https:\\\/\\\/amrtop.net\\\/produit\\\/ventilateur-centrifuge-fergas-code-206450-encombrement-longueur-185-mm-encombrement-hauteur-137-mm\\\/\",\"url\":\"https:\\\/\\\/amrtop.net\\\/produit\\\/ventilateur-centrifuge-fergas-code-206450-encombrement-longueur-185-mm-encombrement-hauteur-137-mm\\\/\",\"name\":\"Ventilateur centrifuge Fergas moteur gauche 206450\",\"isPartOf\":{\"@id\":\"https:\\\/\\\/amrtop.net\\\/#website\"},\"primaryImageOfPage\":{\"@id\":\"https:\\\/\\\/amrtop.net\\\/produit\\\/ventilateur-centrifuge-fergas-code-206450-encombrement-longueur-185-mm-encombrement-hauteur-137-mm\\\/#primaryimage\"},\"image\":{\"@id\":\"https:\\\/\\\/amrtop.net\\\/produit\\\/ventilateur-centrifuge-fergas-code-206450-encombrement-longueur-185-mm-encombrement-hauteur-137-mm\\\/#primaryimage\"},\"thumbnailUrl\":\"https:\\\/\\\/amrtop.net\\\/wp-content\\\/uploads\\\/2020\\\/10\\\/206450.jpg\",\"datePublished\":\"2020-10-01T00:00:00+00:00\",\"dateModified\":\"2023-06-02T14:45:40+00:00\",\"description\":\"Ventilateur centrifuge Fergas moteur gauche 206450-Ventilateur centrifuge Fergas bouble aspiration moteur gauche code 206450 po\u00eales et chaudi\u00e8res \u00e0 pellets\",\"breadcrumb\":{\"@id\":\"https:\\\/\\\/amrtop.net\\\/produit\\\/ventilateur-centrifuge-fergas-code-206450-encombrement-longueur-185-mm-encombrement-hauteur-137-mm\\\/#breadcrumb\"},\"inLanguage\":\"de\",\"potentialAction\":[{\"@type\":\"ReadAction\",\"target\":[\"https:\\\/\\\/amrtop.net\\\/produit\\\/ventilateur-centrifuge-fergas-code-206450-encombrement-longueur-185-mm-encombrement-hauteur-137-mm\\\/\"]}]},{\"@type\":\"ImageObject\",\"inLanguage\":\"de\",\"@id\":\"https:\\\/\\\/amrtop.net\\\/produit\\\/ventilateur-centrifuge-fergas-code-206450-encombrement-longueur-185-mm-encombrement-hauteur-137-mm\\\/#primaryimage\",\"url\":\"https:\\\/\\\/amrtop.net\\\/wp-content\\\/uploads\\\/2020\\\/10\\\/206450.jpg\",\"contentUrl\":\"https:\\\/\\\/amrtop.net\\\/wp-content\\\/uploads\\\/2020\\\/10\\\/206450.jpg\",\"width\":960,\"height\":960,\"caption\":\"Ventilateur centrifuge Fergas moteur gauche 206450-Ventilateur centrifuge Fergas bouble aspiration moteur gauche code 206450 po\u00eales et chaudi\u00e8res \u00e0 pellets\"},{\"@type\":\"BreadcrumbList\",\"@id\":\"https:\\\/\\\/amrtop.net\\\/produit\\\/ventilateur-centrifuge-fergas-code-206450-encombrement-longueur-185-mm-encombrement-hauteur-137-mm\\\/#breadcrumb\",\"itemListElement\":[{\"@type\":\"ListItem\",\"position\":1,\"name\":\"Home\",\"item\":\"https:\\\/\\\/amrtop.net\\\/\"},{\"@type\":\"ListItem\",\"position\":2,\"name\":\"Shop\",\"item\":\"https:\\\/\\\/amrtop.net\\\/negozio\\\/\"},{\"@type\":\"ListItem\",\"position\":3,\"name\":\"Ventilateur centrifuge Fergas Code 206450 &#8211; Encombrement longueur 185 mm &#8211; Encombrement hauteur 137 mm\"}]},{\"@type\":\"WebSite\",\"@id\":\"https:\\\/\\\/amrtop.net\\\/#website\",\"url\":\"https:\\\/\\\/amrtop.net\\\/\",\"name\":\"AMRTOP B2B \u00c9tranger - Achats r\u00e9serv\u00e9s au professionnel\",\"description\":\"Pi\u00e8ces de rechange et accessoires pour po\u00eales et chaudi\u00e8res - eCommerce B2B pour Clients Professionnels\",\"potentialAction\":[{\"@type\":\"SearchAction\",\"target\":{\"@type\":\"EntryPoint\",\"urlTemplate\":\"https:\\\/\\\/amrtop.net\\\/?s={search_term_string}\"},\"query-input\":{\"@type\":\"PropertyValueSpecification\",\"valueRequired\":true,\"valueName\":\"search_term_string\"}}],\"inLanguage\":\"de\"}]}<\/script>\n<!-- \/ Yoast SEO plugin. -->","yoast_head_json":{"title":"Ventilateur centrifuge Fergas moteur gauche 206450","description":"Radialventilator Fergas Motor links 206450-Radialventilator Fergas bouble Saugmotor links Code 206450 Pellet\u00f6fen und -kessel","robots":{"index":"index","follow":"follow","max-snippet":"max-snippet:-1","max-image-preview":"max-image-preview:large","max-video-preview":"max-video-preview:-1"},"canonical":"https:\/\/amrtop.net\/de\/produkt\/ventilateur-centrifuge-fergas-code-206450-encombrement-longueur-185-mm-encombrement-hauteur-137-mm\/","og_locale":"de_DE","og_type":"article","og_title":"Ventilateur centrifuge Fergas moteur gauche 206450","og_description":"Ventilateur centrifuge Fergas moteur gauche 206450-Ventilateur centrifuge Fergas bouble aspiration moteur gauche code 206450 po\u00eales et chaudi\u00e8res \u00e0 pellets","og_url":"https:\/\/amrtop.net\/de\/produkt\/ventilateur-centrifuge-fergas-code-206450-encombrement-longueur-185-mm-encombrement-hauteur-137-mm\/","og_site_name":"AMRTOP B2B \u00c9tranger - Achats r\u00e9serv\u00e9s au professionnel","article_modified_time":"2023-06-02T14:45:40+00:00","og_image":[{"width":960,"height":960,"url":"https:\/\/amrtop.net\/wp-content\/uploads\/2020\/10\/206450.jpg","type":"image\/jpeg"}],"twitter_card":"summary_large_image","twitter_misc":{"Gesch\u00e4tzte Lesezeit":"1\u00a0Minute"},"schema":{"@context":"https:\/\/schema.org","@graph":[{"@type":"WebPage","@id":"https:\/\/amrtop.net\/produit\/ventilateur-centrifuge-fergas-code-206450-encombrement-longueur-185-mm-encombrement-hauteur-137-mm\/","url":"https:\/\/amrtop.net\/produit\/ventilateur-centrifuge-fergas-code-206450-encombrement-longueur-185-mm-encombrement-hauteur-137-mm\/","name":"Ventilateur centrifuge Fergas moteur gauche 206450","isPartOf":{"@id":"https:\/\/amrtop.net\/#website"},"primaryImageOfPage":{"@id":"https:\/\/amrtop.net\/produit\/ventilateur-centrifuge-fergas-code-206450-encombrement-longueur-185-mm-encombrement-hauteur-137-mm\/#primaryimage"},"image":{"@id":"https:\/\/amrtop.net\/produit\/ventilateur-centrifuge-fergas-code-206450-encombrement-longueur-185-mm-encombrement-hauteur-137-mm\/#primaryimage"},"thumbnailUrl":"https:\/\/amrtop.net\/wp-content\/uploads\/2020\/10\/206450.jpg","datePublished":"2020-10-01T00:00:00+00:00","dateModified":"2023-06-02T14:45:40+00:00","description":"Radialventilator Fergas Motor links 206450-Radialventilator Fergas bouble Saugmotor links Code 206450 Pellet\u00f6fen und -kessel","breadcrumb":{"@id":"https:\/\/amrtop.net\/produit\/ventilateur-centrifuge-fergas-code-206450-encombrement-longueur-185-mm-encombrement-hauteur-137-mm\/#breadcrumb"},"inLanguage":"de","potentialAction":[{"@type":"ReadAction","target":["https:\/\/amrtop.net\/produit\/ventilateur-centrifuge-fergas-code-206450-encombrement-longueur-185-mm-encombrement-hauteur-137-mm\/"]}]},{"@type":"ImageObject","inLanguage":"de","@id":"https:\/\/amrtop.net\/produit\/ventilateur-centrifuge-fergas-code-206450-encombrement-longueur-185-mm-encombrement-hauteur-137-mm\/#primaryimage","url":"https:\/\/amrtop.net\/wp-content\/uploads\/2020\/10\/206450.jpg","contentUrl":"https:\/\/amrtop.net\/wp-content\/uploads\/2020\/10\/206450.jpg","width":960,"height":960,"caption":"Ventilateur centrifuge Fergas moteur gauche 206450-Ventilateur centrifuge Fergas bouble aspiration moteur gauche code 206450 po\u00eales et chaudi\u00e8res \u00e0 pellets"},{"@type":"BreadcrumbList","@id":"https:\/\/amrtop.net\/produit\/ventilateur-centrifuge-fergas-code-206450-encombrement-longueur-185-mm-encombrement-hauteur-137-mm\/#breadcrumb","itemListElement":[{"@type":"ListItem","position":1,"name":"Home","item":"https:\/\/amrtop.net\/"},{"@type":"ListItem","position":2,"name":"Shop","item":"https:\/\/amrtop.net\/negozio\/"},{"@type":"ListItem","position":3,"name":"Ventilateur centrifuge Fergas Code 206450 &#8211; Encombrement longueur 185 mm &#8211; Encombrement hauteur 137 mm"}]},{"@type":"WebSite","@id":"https:\/\/amrtop.net\/#website","url":"https:\/\/amrtop.net\/","name":"AMRTOP B2B Ausland - Einkaufen nur f\u00fcr Fachleute","description":"Ersatzteile und Zubeh\u00f6r f\u00fcr \u00d6fen und Heizkessel - B2B eCommerce f\u00fcr Gesch\u00e4ftskunden","potentialAction":[{"@type":"SearchAction","target":{"@type":"EntryPoint","urlTemplate":"https:\/\/amrtop.net\/?s={search_term_string}"},"query-input":{"@type":"PropertyValueSpecification","valueRequired":true,"valueName":"search_term_string"}}],"inLanguage":"de"}]}},"_links":{"self":[{"href":"https:\/\/amrtop.net\/de\/wp-json\/wp\/v2\/product\/18949","targetHints":{"allow":["GET"]}}],"collection":[{"href":"https:\/\/amrtop.net\/de\/wp-json\/wp\/v2\/product"}],"about":[{"href":"https:\/\/amrtop.net\/de\/wp-json\/wp\/v2\/types\/product"}],"replies":[{"embeddable":true,"href":"https:\/\/amrtop.net\/de\/wp-json\/wp\/v2\/comments?post=18949"}],"wp:featuredmedia":[{"embeddable":true,"href":"https:\/\/amrtop.net\/de\/wp-json\/wp\/v2\/media\/35157"}],"wp:attachment":[{"href":"https:\/\/amrtop.net\/de\/wp-json\/wp\/v2\/media?parent=18949"}],"wp:term":[{"taxonomy":"product_brand","embeddable":true,"href":"https:\/\/amrtop.net\/de\/wp-json\/wp\/v2\/product_brand?post=18949"},{"taxonomy":"product_cat","embeddable":true,"href":"https:\/\/amrtop.net\/de\/wp-json\/wp\/v2\/product_cat?post=18949"},{"taxonomy":"product_tag","embeddable":true,"href":"https:\/\/amrtop.net\/de\/wp-json\/wp\/v2\/product_tag?post=18949"}],"curies":[{"name":"wp","href":"https:\/\/api.w.org\/{rel}","templated":true}]}}