{"id":19098,"date":"2020-01-10T00:00:00","date_gmt":"2020-01-10T00:00:00","guid":{"rendered":"https:\/\/amrtop.com\/B2B\/?post_type=product&#038;p=19098"},"modified":"2023-05-29T09:12:54","modified_gmt":"2023-05-29T09:12:54","slug":"cable-plat-cod-am9540009b","status":"publish","type":"product","link":"https:\/\/amrtop.net\/de\/produit\/cable-plat-cod-am9540009b\/","title":{"rendered":"Flachkabel Cod.AM9540009B"},"content":{"rendered":"<hr \/>\n<h3>Flachkabel Cod.AM9540009B<\/h3>\n<p>Die Duepi Group entwirft und fertigt seit 1988 analoge, digitale und mikroprozessorgesteuerte elektronische Karten und Ger\u00e4te. Dank unserer Erfahrung im Bereich des Elektronikdesigns k\u00f6nnen wir den Kunden von der Anfangsphase mit einer detaillierten Machbarkeitsstudie bis zur Serienproduktion des Produkts mit der am besten geeigneten Technologie entsprechend der geforderten St\u00fcckzahlen begleiten.<\/p>\n<p>Seit \u00fcber 15 Jahren ist unser Unternehmen f\u00fchrend in der Herstellung von Produkten f\u00fcr den Biomassesektor Holzpellets und Holzhackschnitzel. .<\/p>\n<p>Er verf\u00fcgt \u00fcber verschiedene Arten von Platten f\u00fcr \u00d6fen und Kessel, die mit Holz und Pellets befeuert werden.<\/p>\n<p>Insbesondere wurde die Organisation der Abteilungen \"Produktion\" und \"Produkttests\" gepflegt, indem die Technologien eingesetzt wurden, die am besten geeignet sind, um eine maximale Zuverl\u00e4ssigkeit im Produktionsprozess aufrechtzuerhalten.<\/p>\n<h3>Utilisation du c\u00e2ble plat Cod.AM9540009B<\/h3>\n<p>Die elektronischen Komponenten von DUEPIn der Regel werden sie in Pellet\u00f6fen und -kesseln eingebaut und dienen der Steuerung der Verbrennung, indem sie die M\u00f6glichkeit bieten, die vom Ger\u00e4t erzeugte W\u00e4rme zu regulieren.<\/p>\n<p>Vorhanden in typischen Ger\u00e4ten - Pelletofen - Pelletkessel - Pelletbrenner - Pellets BBQ\/Grill Biomassekessel - Biomassebrenner - Und viele andere Brenner<\/p>\n<h3>Innen<\/h3>\n<p><a href=\"https:\/\/wekos.it\/\">\u00d6fen, Herde und Holzherde<\/a>\u00a0-\u00a0<a href=\"https:\/\/www.greenpuros.com\/\">Kamine, \u00d6fen und Pelletkessel.<\/a><\/p>\n<h3>Amrtop Ersatzteile und Zubeh\u00f6r Sortiment<\/h3>\n<p><a href=\"https:\/\/amrtop.net\/de\/produktkategorie\/ersatzteile-diverse-ofen-und-kocher-2\/bougies-dallumage-pour-poeles-et-chaudieres-a-pellets\/\">Gl\u00fchkerzen<\/a><\/p>\n<p><a href=\"https:\/\/amrtop.net\/de\/produktkategorie\/ersatzteile-diverse-ofen-und-kocher-2\/electronique\/\">Elektronik<\/a><\/p>\n<p><a href=\"https:\/\/amrtop.net\/de\/produktkategorie\/ersatzteile-diverse-ofen-und-kocher-2\/extracteurs-de-fumee\/\">Rauchabzug<\/a><\/p>\n<p><a href=\"https:\/\/amrtop.net\/de\/produktkategorie\/ersatzteile-diverse-ofen-und-kocher-2\/gaines-cable-connecteurs\/\">Kabelh\u00fcllen Verbinder<\/a><\/p>\n<p><a href=\"https:\/\/amrtop.net\/de\/produktkategorie\/ersatzteile-diverse-ofen-und-kocher-2\/joints-de-silicone\/\">Silikondichtungen<\/a><\/p>\n<p><a href=\"https:\/\/amrtop.net\/de\/produktkategorie\/ersatzteile-diverse-ofen-und-kocher-2\/motoreducteurs\/\">Getriebemotoren<\/a><\/p>\n<p><a href=\"https:\/\/amrtop.net\/de\/produktkategorie\/ersatzteile-diverse-ofen-und-kocher-2\/pressostats-et-transducteurs\/\">Druckschalter und Wandler<\/a><\/p>\n<p><a href=\"https:\/\/amrtop.net\/de\/produktkategorie\/ersatzteile-diverse-ofen-und-kocher-2\/sondes-thermostats-manometres-thermometres\/\">Sonden Thermostate Manometer Thermometer<\/a><\/p>\n<p><a href=\"https:\/\/amrtop.net\/de\/produktkategorie\/ersatzteile-diverse-ofen-und-kocher-2\/joints-detancheite\/\">Dichtgeflechte<\/a><\/p>\n<p><a href=\"https:\/\/amrtop.net\/de\/produktkategorie\/ersatzteile-diverse-ofen-und-kocher-2\/ventilateurs-centrifuges-pour-poeles-a-pellets\/\">Zentrifugalventilatoren<\/a><\/p>\n<p><a href=\"https:\/\/amrtop.net\/de\/produktkategorie\/ersatzteile-diverse-ofen-und-kocher-2\/ventilateurs-tangentiels-flux-transversal\/\">Tangentiale Ventilatoren<\/a><\/p>\n<p><a href=\"https:\/\/amrtop.net\/de\/produktkategorie\/ersatzteile-diverse-ofen-und-kocher-2\/adhesifs-et-produits-detancheite\/\">Klebstoffe und Kitt<\/a><\/p>","protected":false},"excerpt":{"rendered":"<hr \/>\n<h2><span style=\"color: #008000\">Verf\u00fcgbar<\/span><\/h2>\n<hr \/>\n<h3>Flaches Kabel<\/h3>\n<p>Code AM9540009B<\/p>\n<p>Longueur 1,8 mt<\/p>","protected":false},"featured_media":35410,"comment_status":"open","ping_status":"closed","template":"","meta":[],"product_brand":[],"product_cat":[1326,1310,1324,839],"product_tag":[],"class_list":{"0":"post-19098","1":"product","2":"type-product","3":"status-publish","4":"has-post-thumbnail","6":"product_cat-accessoires-duepi-pour-poeles-et-chaudieres-a-pellets","7":"product_cat-electronique","8":"product_cat-electronique-duepi-pour-poeles-et-chaudieres-a-pellets","9":"product_cat-pieces-de-rechange-divers-poeles-et-chaudieres","10":"product_shipping_class-classe-di-spedizione-01","12":"first","13":"instock","14":"shipping-taxable","15":"purchasable","16":"product-type-simple"},"yoast_head":"<!-- This site is optimized with the Yoast SEO plugin v27.4 - https:\/\/yoast.com\/product\/yoast-seo-wordpress\/ -->\n<title>C\u00e2ble plat Cod.AM9540009B<\/title>\n<meta name=\"description\" content=\"C\u00e2ble plat Cod.AM9540009B - Electronique Ceza pour po\u00eales et chaudi\u00e8res \u00e0 pellets - Accessoires Duepi pour po\u00eales et chaudi\u00e8res \u00e0 pellets - C\u00e2blage pour sonde eau po\u00eales et chaudi\u00e8res Duepi \u00e0 pellets - Kit de connexion Duepi pour po\u00eales chaudi\u00e8res \u00e0 pellets - Pressostato Duepi pour po\u00eales et chaudi\u00e8res \u00e0 pellets - Sonde de temp\u00e9rature air et eau Duepi - T\u00e9l\u00e9commande avec Display Ceza - carte \u00e9lectronique Duepi\" \/>\n<meta name=\"robots\" content=\"index, follow, max-snippet:-1, max-image-preview:large, max-video-preview:-1\" \/>\n<link rel=\"canonical\" href=\"https:\/\/amrtop.net\/de\/produkt\/cable-plat-cod-am9540009b\/\" \/>\n<meta property=\"og:locale\" content=\"de_DE\" \/>\n<meta property=\"og:type\" content=\"article\" \/>\n<meta property=\"og:title\" content=\"C\u00e2ble plat Cod.AM9540009B\" \/>\n<meta property=\"og:description\" content=\"C\u00e2ble plat Cod.AM9540009B - Electronique Ceza pour po\u00eales et chaudi\u00e8res \u00e0 pellets - Accessoires Duepi pour po\u00eales et chaudi\u00e8res \u00e0 pellets - C\u00e2blage pour sonde eau po\u00eales et chaudi\u00e8res Duepi \u00e0 pellets - Kit de connexion Duepi pour po\u00eales chaudi\u00e8res \u00e0 pellets - Pressostato Duepi pour po\u00eales et chaudi\u00e8res \u00e0 pellets - Sonde de temp\u00e9rature air et eau Duepi - T\u00e9l\u00e9commande avec Display Ceza - carte \u00e9lectronique Duepi\" \/>\n<meta property=\"og:url\" content=\"https:\/\/amrtop.net\/de\/produkt\/cable-plat-cod-am9540009b\/\" \/>\n<meta property=\"og:site_name\" content=\"AMRTOP B2B \u00c9tranger - Achats r\u00e9serv\u00e9s au professionnel\" \/>\n<meta property=\"article:modified_time\" content=\"2023-05-29T09:12:54+00:00\" \/>\n<meta property=\"og:image\" content=\"https:\/\/amrtop.net\/wp-content\/uploads\/2020\/01\/Cod.AM9540009B.jpg\" \/>\n\t<meta property=\"og:image:width\" content=\"960\" \/>\n\t<meta property=\"og:image:height\" content=\"960\" \/>\n\t<meta property=\"og:image:type\" content=\"image\/jpeg\" \/>\n<meta name=\"twitter:card\" content=\"summary_large_image\" \/>\n<meta name=\"twitter:label1\" content=\"Gesch\u00e4tzte Lesezeit\" \/>\n\t<meta name=\"twitter:data1\" content=\"1\u00a0Minute\" \/>\n<script type=\"application\/ld+json\" class=\"yoast-schema-graph\">{\"@context\":\"https:\\\/\\\/schema.org\",\"@graph\":[{\"@type\":\"WebPage\",\"@id\":\"https:\\\/\\\/amrtop.net\\\/produit\\\/cable-plat-cod-am9540009b\\\/\",\"url\":\"https:\\\/\\\/amrtop.net\\\/produit\\\/cable-plat-cod-am9540009b\\\/\",\"name\":\"C\u00e2ble plat Cod.AM9540009B\",\"isPartOf\":{\"@id\":\"https:\\\/\\\/amrtop.net\\\/#website\"},\"primaryImageOfPage\":{\"@id\":\"https:\\\/\\\/amrtop.net\\\/produit\\\/cable-plat-cod-am9540009b\\\/#primaryimage\"},\"image\":{\"@id\":\"https:\\\/\\\/amrtop.net\\\/produit\\\/cable-plat-cod-am9540009b\\\/#primaryimage\"},\"thumbnailUrl\":\"https:\\\/\\\/amrtop.net\\\/wp-content\\\/uploads\\\/2020\\\/01\\\/Cod.AM9540009B.jpg\",\"datePublished\":\"2020-01-10T00:00:00+00:00\",\"dateModified\":\"2023-05-29T09:12:54+00:00\",\"description\":\"C\u00e2ble plat Cod.AM9540009B - Electronique Ceza pour po\u00eales et chaudi\u00e8res \u00e0 pellets - Accessoires Duepi pour po\u00eales et chaudi\u00e8res \u00e0 pellets - C\u00e2blage pour sonde eau po\u00eales et chaudi\u00e8res Duepi \u00e0 pellets - Kit de connexion Duepi pour po\u00eales chaudi\u00e8res \u00e0 pellets - Pressostato Duepi pour po\u00eales et chaudi\u00e8res \u00e0 pellets - Sonde de temp\u00e9rature air et eau Duepi - T\u00e9l\u00e9commande avec Display Ceza - carte \u00e9lectronique Duepi\",\"breadcrumb\":{\"@id\":\"https:\\\/\\\/amrtop.net\\\/produit\\\/cable-plat-cod-am9540009b\\\/#breadcrumb\"},\"inLanguage\":\"de\",\"potentialAction\":[{\"@type\":\"ReadAction\",\"target\":[\"https:\\\/\\\/amrtop.net\\\/produit\\\/cable-plat-cod-am9540009b\\\/\"]}]},{\"@type\":\"ImageObject\",\"inLanguage\":\"de\",\"@id\":\"https:\\\/\\\/amrtop.net\\\/produit\\\/cable-plat-cod-am9540009b\\\/#primaryimage\",\"url\":\"https:\\\/\\\/amrtop.net\\\/wp-content\\\/uploads\\\/2020\\\/01\\\/Cod.AM9540009B.jpg\",\"contentUrl\":\"https:\\\/\\\/amrtop.net\\\/wp-content\\\/uploads\\\/2020\\\/01\\\/Cod.AM9540009B.jpg\",\"width\":960,\"height\":960,\"caption\":\"C\u00e2ble plat Cod.AM9540009B - Electronique Ceza pour po\u00eales et chaudi\u00e8res \u00e0 pellets - Accessoires Duepi pour po\u00eales et chaudi\u00e8res \u00e0 pellets - C\u00e2blage pour sonde eau po\u00eales et chaudi\u00e8res Duepi \u00e0 pellets - Kit de connexion Duepi pour po\u00eales chaudi\u00e8res \u00e0 pellets - Pressostato Duepi pour po\u00eales et chaudi\u00e8res \u00e0 pellets - Sonde de temp\u00e9rature air et eau Duepi - T\u00e9l\u00e9commande avec Display Ceza - carte \u00e9lectronique Duepi\"},{\"@type\":\"BreadcrumbList\",\"@id\":\"https:\\\/\\\/amrtop.net\\\/produit\\\/cable-plat-cod-am9540009b\\\/#breadcrumb\",\"itemListElement\":[{\"@type\":\"ListItem\",\"position\":1,\"name\":\"Home\",\"item\":\"https:\\\/\\\/amrtop.net\\\/\"},{\"@type\":\"ListItem\",\"position\":2,\"name\":\"Shop\",\"item\":\"https:\\\/\\\/amrtop.net\\\/negozio\\\/\"},{\"@type\":\"ListItem\",\"position\":3,\"name\":\"C\u00e2ble plat Cod.AM9540009B\"}]},{\"@type\":\"WebSite\",\"@id\":\"https:\\\/\\\/amrtop.net\\\/#website\",\"url\":\"https:\\\/\\\/amrtop.net\\\/\",\"name\":\"AMRTOP B2B \u00c9tranger - Achats r\u00e9serv\u00e9s au professionnel\",\"description\":\"Pi\u00e8ces de rechange et accessoires pour po\u00eales et chaudi\u00e8res - eCommerce B2B pour Clients Professionnels\",\"potentialAction\":[{\"@type\":\"SearchAction\",\"target\":{\"@type\":\"EntryPoint\",\"urlTemplate\":\"https:\\\/\\\/amrtop.net\\\/?s={search_term_string}\"},\"query-input\":{\"@type\":\"PropertyValueSpecification\",\"valueRequired\":true,\"valueName\":\"search_term_string\"}}],\"inLanguage\":\"de\"}]}<\/script>\n<!-- \/ Yoast SEO plugin. -->","yoast_head_json":{"title":"Flachkabel Cod.AM9540009B","description":"Flachkabel Cod.AM9540009B - Ceza Elektronik f\u00fcr Pellet\u00f6fen und Pelletkessel - Duepi Zubeh\u00f6r f\u00fcr Pellet\u00f6fen und Pelletkessel - Kabel f\u00fcr Wasserf\u00fchler Duepi Pellet\u00f6fen und Pelletkessel - Duepi Verbindungsset f\u00fcr Pellet\u00f6fen und Pelletkessel - Pressostato Duepi f\u00fcr Pellet\u00f6fen und Pelletkessel - Duepi Luft- und Wassertemperaturf\u00fchler - Fernbedienung mit Ceza Display - Duepi Elektronikkarte","robots":{"index":"index","follow":"follow","max-snippet":"max-snippet:-1","max-image-preview":"max-image-preview:large","max-video-preview":"max-video-preview:-1"},"canonical":"https:\/\/amrtop.net\/de\/produkt\/cable-plat-cod-am9540009b\/","og_locale":"de_DE","og_type":"article","og_title":"C\u00e2ble plat Cod.AM9540009B","og_description":"C\u00e2ble plat Cod.AM9540009B - Electronique Ceza pour po\u00eales et chaudi\u00e8res \u00e0 pellets - Accessoires Duepi pour po\u00eales et chaudi\u00e8res \u00e0 pellets - C\u00e2blage pour sonde eau po\u00eales et chaudi\u00e8res Duepi \u00e0 pellets - Kit de connexion Duepi pour po\u00eales chaudi\u00e8res \u00e0 pellets - Pressostato Duepi pour po\u00eales et chaudi\u00e8res \u00e0 pellets - Sonde de temp\u00e9rature air et eau Duepi - T\u00e9l\u00e9commande avec Display Ceza - carte \u00e9lectronique Duepi","og_url":"https:\/\/amrtop.net\/de\/produkt\/cable-plat-cod-am9540009b\/","og_site_name":"AMRTOP B2B \u00c9tranger - Achats r\u00e9serv\u00e9s au professionnel","article_modified_time":"2023-05-29T09:12:54+00:00","og_image":[{"width":960,"height":960,"url":"https:\/\/amrtop.net\/wp-content\/uploads\/2020\/01\/Cod.AM9540009B.jpg","type":"image\/jpeg"}],"twitter_card":"summary_large_image","twitter_misc":{"Gesch\u00e4tzte Lesezeit":"1\u00a0Minute"},"schema":{"@context":"https:\/\/schema.org","@graph":[{"@type":"WebPage","@id":"https:\/\/amrtop.net\/produit\/cable-plat-cod-am9540009b\/","url":"https:\/\/amrtop.net\/produit\/cable-plat-cod-am9540009b\/","name":"Flachkabel Cod.AM9540009B","isPartOf":{"@id":"https:\/\/amrtop.net\/#website"},"primaryImageOfPage":{"@id":"https:\/\/amrtop.net\/produit\/cable-plat-cod-am9540009b\/#primaryimage"},"image":{"@id":"https:\/\/amrtop.net\/produit\/cable-plat-cod-am9540009b\/#primaryimage"},"thumbnailUrl":"https:\/\/amrtop.net\/wp-content\/uploads\/2020\/01\/Cod.AM9540009B.jpg","datePublished":"2020-01-10T00:00:00+00:00","dateModified":"2023-05-29T09:12:54+00:00","description":"Flachkabel Cod.AM9540009B - Ceza Elektronik f\u00fcr Pellet\u00f6fen und Pelletkessel - Duepi Zubeh\u00f6r f\u00fcr Pellet\u00f6fen und Pelletkessel - Kabel f\u00fcr Wasserf\u00fchler Duepi Pellet\u00f6fen und Pelletkessel - Duepi Verbindungsset f\u00fcr Pellet\u00f6fen und Pelletkessel - Pressostato Duepi f\u00fcr Pellet\u00f6fen und Pelletkessel - Duepi Luft- und Wassertemperaturf\u00fchler - Fernbedienung mit Ceza Display - Duepi Elektronikkarte","breadcrumb":{"@id":"https:\/\/amrtop.net\/produit\/cable-plat-cod-am9540009b\/#breadcrumb"},"inLanguage":"de","potentialAction":[{"@type":"ReadAction","target":["https:\/\/amrtop.net\/produit\/cable-plat-cod-am9540009b\/"]}]},{"@type":"ImageObject","inLanguage":"de","@id":"https:\/\/amrtop.net\/produit\/cable-plat-cod-am9540009b\/#primaryimage","url":"https:\/\/amrtop.net\/wp-content\/uploads\/2020\/01\/Cod.AM9540009B.jpg","contentUrl":"https:\/\/amrtop.net\/wp-content\/uploads\/2020\/01\/Cod.AM9540009B.jpg","width":960,"height":960,"caption":"C\u00e2ble plat Cod.AM9540009B - Electronique Ceza pour po\u00eales et chaudi\u00e8res \u00e0 pellets - Accessoires Duepi pour po\u00eales et chaudi\u00e8res \u00e0 pellets - C\u00e2blage pour sonde eau po\u00eales et chaudi\u00e8res Duepi \u00e0 pellets - Kit de connexion Duepi pour po\u00eales chaudi\u00e8res \u00e0 pellets - Pressostato Duepi pour po\u00eales et chaudi\u00e8res \u00e0 pellets - Sonde de temp\u00e9rature air et eau Duepi - T\u00e9l\u00e9commande avec Display Ceza - carte \u00e9lectronique Duepi"},{"@type":"BreadcrumbList","@id":"https:\/\/amrtop.net\/produit\/cable-plat-cod-am9540009b\/#breadcrumb","itemListElement":[{"@type":"ListItem","position":1,"name":"Home","item":"https:\/\/amrtop.net\/"},{"@type":"ListItem","position":2,"name":"Shop","item":"https:\/\/amrtop.net\/negozio\/"},{"@type":"ListItem","position":3,"name":"C\u00e2ble plat Cod.AM9540009B"}]},{"@type":"WebSite","@id":"https:\/\/amrtop.net\/#website","url":"https:\/\/amrtop.net\/","name":"AMRTOP B2B Ausland - Einkaufen nur f\u00fcr Fachleute","description":"Ersatzteile und Zubeh\u00f6r f\u00fcr \u00d6fen und Heizkessel - B2B eCommerce f\u00fcr Gesch\u00e4ftskunden","potentialAction":[{"@type":"SearchAction","target":{"@type":"EntryPoint","urlTemplate":"https:\/\/amrtop.net\/?s={search_term_string}"},"query-input":{"@type":"PropertyValueSpecification","valueRequired":true,"valueName":"search_term_string"}}],"inLanguage":"de"}]}},"_links":{"self":[{"href":"https:\/\/amrtop.net\/de\/wp-json\/wp\/v2\/product\/19098","targetHints":{"allow":["GET"]}}],"collection":[{"href":"https:\/\/amrtop.net\/de\/wp-json\/wp\/v2\/product"}],"about":[{"href":"https:\/\/amrtop.net\/de\/wp-json\/wp\/v2\/types\/product"}],"replies":[{"embeddable":true,"href":"https:\/\/amrtop.net\/de\/wp-json\/wp\/v2\/comments?post=19098"}],"wp:featuredmedia":[{"embeddable":true,"href":"https:\/\/amrtop.net\/de\/wp-json\/wp\/v2\/media\/35410"}],"wp:attachment":[{"href":"https:\/\/amrtop.net\/de\/wp-json\/wp\/v2\/media?parent=19098"}],"wp:term":[{"taxonomy":"product_brand","embeddable":true,"href":"https:\/\/amrtop.net\/de\/wp-json\/wp\/v2\/product_brand?post=19098"},{"taxonomy":"product_cat","embeddable":true,"href":"https:\/\/amrtop.net\/de\/wp-json\/wp\/v2\/product_cat?post=19098"},{"taxonomy":"product_tag","embeddable":true,"href":"https:\/\/amrtop.net\/de\/wp-json\/wp\/v2\/product_tag?post=19098"}],"curies":[{"name":"wp","href":"https:\/\/api.w.org\/{rel}","templated":true}]}}