{"id":19136,"date":"2020-01-10T00:00:00","date_gmt":"2020-01-10T00:00:00","guid":{"rendered":"https:\/\/amrtop.com\/B2B\/?post_type=product&#038;p=19136"},"modified":"2023-06-07T09:50:05","modified_gmt":"2023-06-07T09:50:05","slug":"thermocouple-k-avec-capsule-de-100-mm","status":"publish","type":"product","link":"https:\/\/amrtop.net\/de\/produit\/thermocouple-k-avec-capsule-de-100-mm\/","title":{"rendered":"Thermoelement K mit 100 mm Kapsel Code SNDF006"},"content":{"rendered":"<hr \/>\n<h3>Thermoelement K mit 100-mm-Kapsel<\/h3>\n<p>Amrtop vertreibt dieses Produkt an ISO9001-zertifizierte Unternehmen, die alle Arten von Temperatursensoren f\u00fcr die industrielle und professionelle Temperierung entwickeln und herstellen.<\/p>\n<p>Das Ziel von Amrtop ist es, Zuverl\u00e4ssigkeit zu gew\u00e4hrleisten und gleichzeitig technologisch fortschrittliche Produkte zu liefern.<\/p>\n<p>Unser Ziel ist es, einen hohen Qualit\u00e4tsstandard sowie effiziente L\u00f6sungen f\u00fcr die Temperaturmessung und -kontrolle zu bieten und dabei die Preise angemessen zu halten.<\/p>\n<p>Temperatursensoren f\u00fcr Elektroherde und Pellet\u00f6fen, die von Amrtop verarbeitet werden:<\/p>\n<ul>\n<li>Rauchabzugssonden.<\/li>\n<li>Hochtemperatursonden.<\/li>\n<li>Hochtemperatursonden, mit konischem Rohr f\u00fcr \u00d6fen<\/li>\n<li>Sonden mit Silikonkabel und Knickschutzfeder aus rostfreiem Stahl. Tropfensonde f\u00fcr Luftsysteme.<\/li>\n<li>Wasserdichte Sonden mit<br \/>\ndoppelte Isolierung<\/li>\n<\/ul>\n<h3>Verwendung von Thermoelement K mit 100-mm-Kapsel<\/h3>\n<p>Rauch-, Umgebungs- und Wassersensoren werden in Ger\u00e4ten installiert, die mit festen Brennstoffen betrieben werden (Pellets, Haseln\u00fcsse , Sansa, Holz und Sp\u00e4ne).<\/p>\n<p>Ihre Aufgabe ist es, die von den Brennk\u00f6rpern, die Luft und hei\u00dfes Wasser erzeugen, erzeugten Temperaturen zu erkennen und zu steuern, indem sie die Daten an verschiedene elektronische Karten weiterleiten.<\/p>\n<p>Die Kabel aller von Amrtop angebotenen Sonden sind in verschiedenen L\u00e4ngen mit und ohne Steckverbinder erh\u00e4ltlich.<\/p>\n<p>Vorhanden in typischen Ger\u00e4ten - Pelletofen - Pelletkessel - Pelletbrenner - Pellets BBQ\/Grill Biomassekessel - Biomassebrenner - Und viele andere Brenner<\/p>\n<h3>Innen<\/h3>\n<p><a href=\"https:\/\/wekos.it\/\">\u00d6fen, Herde und Holzherde<\/a>\u00a0-\u00a0<a href=\"https:\/\/www.greenpuros.com\/\">Kamine, \u00d6fen und Pelletkessel.<\/a><\/p>\n<h3>Amrtop Ersatzteile und Zubeh\u00f6r Sortiment<\/h3>\n<p><a href=\"https:\/\/amrtop.net\/de\/produktkategorie\/ersatzteile-diverse-ofen-und-kocher-2\/bougies-dallumage-pour-poeles-et-chaudieres-a-pellets\/\">Gl\u00fchkerzen<\/a><\/p>\n<p><a href=\"https:\/\/amrtop.net\/de\/produktkategorie\/ersatzteile-diverse-ofen-und-kocher-2\/electronique\/\">Elektronik<\/a><\/p>\n<p><a href=\"https:\/\/amrtop.net\/de\/produktkategorie\/ersatzteile-diverse-ofen-und-kocher-2\/extracteurs-de-fumee\/\">Rauchabzug<\/a><\/p>\n<p><a href=\"https:\/\/amrtop.net\/de\/produktkategorie\/ersatzteile-diverse-ofen-und-kocher-2\/gaines-cable-connecteurs\/\">Kabelh\u00fcllen Verbinder<\/a><\/p>\n<p><a href=\"https:\/\/amrtop.net\/de\/produktkategorie\/ersatzteile-diverse-ofen-und-kocher-2\/joints-de-silicone\/\">Silikondichtungen<\/a><\/p>\n<p><a href=\"https:\/\/amrtop.net\/de\/produktkategorie\/ersatzteile-diverse-ofen-und-kocher-2\/motoreducteurs\/\">Getriebemotoren<\/a><\/p>\n<p><a href=\"https:\/\/amrtop.net\/de\/produktkategorie\/ersatzteile-diverse-ofen-und-kocher-2\/pressostats-et-transducteurs\/\">Druckschalter und Wandler<\/a><\/p>\n<p><a href=\"https:\/\/amrtop.net\/de\/produktkategorie\/ersatzteile-diverse-ofen-und-kocher-2\/sondes-thermostats-manometres-thermometres\/\">Sonden Thermostate Manometer Thermometer<\/a><\/p>\n<p><a href=\"https:\/\/amrtop.net\/de\/produktkategorie\/ersatzteile-diverse-ofen-und-kocher-2\/joints-detancheite\/\">Dichtgeflechte<\/a><\/p>\n<p><a href=\"https:\/\/amrtop.net\/de\/produktkategorie\/ersatzteile-diverse-ofen-und-kocher-2\/ventilateurs-centrifuges-pour-poeles-a-pellets\/\">Zentrifugalventilatoren<\/a><\/p>\n<p><a href=\"https:\/\/amrtop.net\/de\/produktkategorie\/ersatzteile-diverse-ofen-und-kocher-2\/ventilateurs-tangentiels-flux-transversal\/\">Tangentiale Ventilatoren<\/a><\/p>\n<p><a href=\"https:\/\/amrtop.net\/de\/produktkategorie\/ersatzteile-diverse-ofen-und-kocher-2\/adhesifs-et-produits-detancheite\/\">Klebstoffe und Kitt<\/a><\/p>\n<p>&nbsp;<\/p>\n<p>&nbsp;<\/p>\n<p>&nbsp;<\/p>\n<p>&nbsp;<\/p>","protected":false},"excerpt":{"rendered":"<hr \/>\n<h2><span style=\"color: #008000\">Verf\u00fcgbar<\/span><\/h2>\n<hr \/>\n<p>Code.SNDF006<\/p>\n<p>Mat\u00e9riel capsule\u00a0: Inconel<\/p>\n<p>Longueur de la capsule\u00a0: 100 mm<\/p>\n<p>Durchmesser der Kapsel: 3 mm<\/p>\n<p>Kabelmaterial: Silikon<\/p>\n<p>Longueur c\u00e2ble\u00a0: 1200 mm<\/p>","protected":false},"featured_media":19127,"comment_status":"open","ping_status":"closed","template":"","meta":[],"product_brand":[],"product_cat":[1340,1339],"product_tag":[],"class_list":{"0":"post-19136","1":"product","2":"type-product","3":"status-publish","4":"has-post-thumbnail","6":"product_cat-sondes-de-fumees-pour-poeles-et-chaudieres-a-pellets","7":"product_cat-sondes-thermostats-manometres-thermometres-pour-poeles-et-chaudieres","8":"product_shipping_class-classe-di-spedizione-01","10":"first","11":"instock","12":"shipping-taxable","13":"purchasable","14":"product-type-simple"},"yoast_head":"<!-- This site is optimized with the Yoast SEO plugin v27.4 - https:\/\/yoast.com\/product\/yoast-seo-wordpress\/ -->\n<title>Thermocouple K avec capsule de 100 mm<\/title>\n<meta name=\"description\" content=\"Thermocouple K avec capsule de 100 mm - D\u00e9tecteur de chaleur de fum\u00e9e pour po\u00eales et chaudi\u00e8res \u00e0 pellets - Sonde de temp\u00e9rature de fum\u00e9e pour po\u00eale et chaudi\u00e8re \u00e0 pellets - Capteur de fum\u00e9e avec capsule m\u00e9tallique pour po\u00eale et chaudi\u00e8re \u00e0 pellets - Capteur de chaleur avec capsule ou ampoule m\u00e9tallique pour po\u00eale et chaudi\u00e8re \u00e0 pellets -\" \/>\n<meta name=\"robots\" content=\"index, follow, max-snippet:-1, max-image-preview:large, max-video-preview:-1\" \/>\n<link rel=\"canonical\" href=\"https:\/\/amrtop.net\/de\/produkt\/thermocouple-k-avec-capsule-de-100-mm\/\" \/>\n<meta property=\"og:locale\" content=\"de_DE\" \/>\n<meta property=\"og:type\" content=\"article\" \/>\n<meta property=\"og:title\" content=\"Thermocouple K avec capsule de 100 mm\" \/>\n<meta property=\"og:description\" content=\"Thermocouple K avec capsule de 100 mm - D\u00e9tecteur de chaleur de fum\u00e9e pour po\u00eales et chaudi\u00e8res \u00e0 pellets - Sonde de temp\u00e9rature de fum\u00e9e pour po\u00eale et chaudi\u00e8re \u00e0 pellets - Capteur de fum\u00e9e avec capsule m\u00e9tallique pour po\u00eale et chaudi\u00e8re \u00e0 pellets - Capteur de chaleur avec capsule ou ampoule m\u00e9tallique pour po\u00eale et chaudi\u00e8re \u00e0 pellets -\" \/>\n<meta property=\"og:url\" content=\"https:\/\/amrtop.net\/de\/produkt\/thermocouple-k-avec-capsule-de-100-mm\/\" \/>\n<meta property=\"og:site_name\" content=\"AMRTOP B2B \u00c9tranger - Achats r\u00e9serv\u00e9s au professionnel\" \/>\n<meta property=\"article:modified_time\" content=\"2023-06-07T09:50:05+00:00\" \/>\n<meta property=\"og:image\" content=\"https:\/\/amrtop.net\/wp-content\/uploads\/2021\/09\/w-SITO-SONDE-FUM-06-B.jpg\" \/>\n\t<meta property=\"og:image:width\" content=\"960\" \/>\n\t<meta property=\"og:image:height\" content=\"960\" \/>\n\t<meta property=\"og:image:type\" content=\"image\/jpeg\" \/>\n<meta name=\"twitter:card\" content=\"summary_large_image\" \/>\n<meta name=\"twitter:label1\" content=\"Gesch\u00e4tzte Lesezeit\" \/>\n\t<meta name=\"twitter:data1\" content=\"2\u00a0Minuten\" \/>\n<script type=\"application\/ld+json\" class=\"yoast-schema-graph\">{\"@context\":\"https:\\\/\\\/schema.org\",\"@graph\":[{\"@type\":\"WebPage\",\"@id\":\"https:\\\/\\\/amrtop.net\\\/produit\\\/thermocouple-k-avec-capsule-de-100-mm\\\/\",\"url\":\"https:\\\/\\\/amrtop.net\\\/produit\\\/thermocouple-k-avec-capsule-de-100-mm\\\/\",\"name\":\"Thermocouple K avec capsule de 100 mm\",\"isPartOf\":{\"@id\":\"https:\\\/\\\/amrtop.net\\\/#website\"},\"primaryImageOfPage\":{\"@id\":\"https:\\\/\\\/amrtop.net\\\/produit\\\/thermocouple-k-avec-capsule-de-100-mm\\\/#primaryimage\"},\"image\":{\"@id\":\"https:\\\/\\\/amrtop.net\\\/produit\\\/thermocouple-k-avec-capsule-de-100-mm\\\/#primaryimage\"},\"thumbnailUrl\":\"https:\\\/\\\/amrtop.net\\\/wp-content\\\/uploads\\\/2021\\\/09\\\/w-SITO-SONDE-FUM-06-B.jpg\",\"datePublished\":\"2020-01-10T00:00:00+00:00\",\"dateModified\":\"2023-06-07T09:50:05+00:00\",\"description\":\"Thermocouple K avec capsule de 100 mm - D\u00e9tecteur de chaleur de fum\u00e9e pour po\u00eales et chaudi\u00e8res \u00e0 pellets - Sonde de temp\u00e9rature de fum\u00e9e pour po\u00eale et chaudi\u00e8re \u00e0 pellets - Capteur de fum\u00e9e avec capsule m\u00e9tallique pour po\u00eale et chaudi\u00e8re \u00e0 pellets - Capteur de chaleur avec capsule ou ampoule m\u00e9tallique pour po\u00eale et chaudi\u00e8re \u00e0 pellets -\",\"breadcrumb\":{\"@id\":\"https:\\\/\\\/amrtop.net\\\/produit\\\/thermocouple-k-avec-capsule-de-100-mm\\\/#breadcrumb\"},\"inLanguage\":\"de\",\"potentialAction\":[{\"@type\":\"ReadAction\",\"target\":[\"https:\\\/\\\/amrtop.net\\\/produit\\\/thermocouple-k-avec-capsule-de-100-mm\\\/\"]}]},{\"@type\":\"ImageObject\",\"inLanguage\":\"de\",\"@id\":\"https:\\\/\\\/amrtop.net\\\/produit\\\/thermocouple-k-avec-capsule-de-100-mm\\\/#primaryimage\",\"url\":\"https:\\\/\\\/amrtop.net\\\/wp-content\\\/uploads\\\/2021\\\/09\\\/w-SITO-SONDE-FUM-06-B.jpg\",\"contentUrl\":\"https:\\\/\\\/amrtop.net\\\/wp-content\\\/uploads\\\/2021\\\/09\\\/w-SITO-SONDE-FUM-06-B.jpg\",\"width\":960,\"height\":960,\"caption\":\"Thermocouple K avec capsule de 100 mm - D\u00e9tecteur de chaleur de fum\u00e9e pour po\u00eales et chaudi\u00e8res \u00e0 pellets - Sonde de temp\u00e9rature de fum\u00e9e pour po\u00eale et chaudi\u00e8re \u00e0 pellets - Capteur de fum\u00e9e avec capsule m\u00e9tallique pour po\u00eale et chaudi\u00e8re \u00e0 pellets - Capteur de chaleur avec capsule ou ampoule m\u00e9tallique pour po\u00eale et chaudi\u00e8re \u00e0 pellets -\"},{\"@type\":\"BreadcrumbList\",\"@id\":\"https:\\\/\\\/amrtop.net\\\/produit\\\/thermocouple-k-avec-capsule-de-100-mm\\\/#breadcrumb\",\"itemListElement\":[{\"@type\":\"ListItem\",\"position\":1,\"name\":\"Home\",\"item\":\"https:\\\/\\\/amrtop.net\\\/\"},{\"@type\":\"ListItem\",\"position\":2,\"name\":\"Shop\",\"item\":\"https:\\\/\\\/amrtop.net\\\/negozio\\\/\"},{\"@type\":\"ListItem\",\"position\":3,\"name\":\"Thermocouple K avec capsule de 100 mm code SNDF006\"}]},{\"@type\":\"WebSite\",\"@id\":\"https:\\\/\\\/amrtop.net\\\/#website\",\"url\":\"https:\\\/\\\/amrtop.net\\\/\",\"name\":\"AMRTOP B2B \u00c9tranger - Achats r\u00e9serv\u00e9s au professionnel\",\"description\":\"Pi\u00e8ces de rechange et accessoires pour po\u00eales et chaudi\u00e8res - eCommerce B2B pour Clients Professionnels\",\"potentialAction\":[{\"@type\":\"SearchAction\",\"target\":{\"@type\":\"EntryPoint\",\"urlTemplate\":\"https:\\\/\\\/amrtop.net\\\/?s={search_term_string}\"},\"query-input\":{\"@type\":\"PropertyValueSpecification\",\"valueRequired\":true,\"valueName\":\"search_term_string\"}}],\"inLanguage\":\"de\"}]}<\/script>\n<!-- \/ Yoast SEO plugin. -->","yoast_head_json":{"title":"Thermoelement K mit 100-mm-Kapsel","description":"Thermoelement K mit 100 mm Kapsel - Rauchw\u00e4rmemelder f\u00fcr Pellet\u00f6fen und -kessel - Rauchtemperaturf\u00fchler f\u00fcr Pellet\u00f6fen und -kessel - Rauchsensor mit Metallkapsel f\u00fcr Pellet\u00f6fen und -kessel - W\u00e4rmesensor mit Metallkapsel oder -ampulle f\u00fcr Pellet\u00f6fen und -kessel -.","robots":{"index":"index","follow":"follow","max-snippet":"max-snippet:-1","max-image-preview":"max-image-preview:large","max-video-preview":"max-video-preview:-1"},"canonical":"https:\/\/amrtop.net\/de\/produkt\/thermocouple-k-avec-capsule-de-100-mm\/","og_locale":"de_DE","og_type":"article","og_title":"Thermocouple K avec capsule de 100 mm","og_description":"Thermocouple K avec capsule de 100 mm - D\u00e9tecteur de chaleur de fum\u00e9e pour po\u00eales et chaudi\u00e8res \u00e0 pellets - Sonde de temp\u00e9rature de fum\u00e9e pour po\u00eale et chaudi\u00e8re \u00e0 pellets - Capteur de fum\u00e9e avec capsule m\u00e9tallique pour po\u00eale et chaudi\u00e8re \u00e0 pellets - Capteur de chaleur avec capsule ou ampoule m\u00e9tallique pour po\u00eale et chaudi\u00e8re \u00e0 pellets -","og_url":"https:\/\/amrtop.net\/de\/produkt\/thermocouple-k-avec-capsule-de-100-mm\/","og_site_name":"AMRTOP B2B \u00c9tranger - Achats r\u00e9serv\u00e9s au professionnel","article_modified_time":"2023-06-07T09:50:05+00:00","og_image":[{"width":960,"height":960,"url":"https:\/\/amrtop.net\/wp-content\/uploads\/2021\/09\/w-SITO-SONDE-FUM-06-B.jpg","type":"image\/jpeg"}],"twitter_card":"summary_large_image","twitter_misc":{"Gesch\u00e4tzte Lesezeit":"2\u00a0Minuten"},"schema":{"@context":"https:\/\/schema.org","@graph":[{"@type":"WebPage","@id":"https:\/\/amrtop.net\/produit\/thermocouple-k-avec-capsule-de-100-mm\/","url":"https:\/\/amrtop.net\/produit\/thermocouple-k-avec-capsule-de-100-mm\/","name":"Thermoelement K mit 100-mm-Kapsel","isPartOf":{"@id":"https:\/\/amrtop.net\/#website"},"primaryImageOfPage":{"@id":"https:\/\/amrtop.net\/produit\/thermocouple-k-avec-capsule-de-100-mm\/#primaryimage"},"image":{"@id":"https:\/\/amrtop.net\/produit\/thermocouple-k-avec-capsule-de-100-mm\/#primaryimage"},"thumbnailUrl":"https:\/\/amrtop.net\/wp-content\/uploads\/2021\/09\/w-SITO-SONDE-FUM-06-B.jpg","datePublished":"2020-01-10T00:00:00+00:00","dateModified":"2023-06-07T09:50:05+00:00","description":"Thermoelement K mit 100 mm Kapsel - Rauchw\u00e4rmemelder f\u00fcr Pellet\u00f6fen und -kessel - Rauchtemperaturf\u00fchler f\u00fcr Pellet\u00f6fen und -kessel - Rauchsensor mit Metallkapsel f\u00fcr Pellet\u00f6fen und -kessel - W\u00e4rmesensor mit Metallkapsel oder -ampulle f\u00fcr Pellet\u00f6fen und -kessel -.","breadcrumb":{"@id":"https:\/\/amrtop.net\/produit\/thermocouple-k-avec-capsule-de-100-mm\/#breadcrumb"},"inLanguage":"de","potentialAction":[{"@type":"ReadAction","target":["https:\/\/amrtop.net\/produit\/thermocouple-k-avec-capsule-de-100-mm\/"]}]},{"@type":"ImageObject","inLanguage":"de","@id":"https:\/\/amrtop.net\/produit\/thermocouple-k-avec-capsule-de-100-mm\/#primaryimage","url":"https:\/\/amrtop.net\/wp-content\/uploads\/2021\/09\/w-SITO-SONDE-FUM-06-B.jpg","contentUrl":"https:\/\/amrtop.net\/wp-content\/uploads\/2021\/09\/w-SITO-SONDE-FUM-06-B.jpg","width":960,"height":960,"caption":"Thermocouple K avec capsule de 100 mm - D\u00e9tecteur de chaleur de fum\u00e9e pour po\u00eales et chaudi\u00e8res \u00e0 pellets - Sonde de temp\u00e9rature de fum\u00e9e pour po\u00eale et chaudi\u00e8re \u00e0 pellets - Capteur de fum\u00e9e avec capsule m\u00e9tallique pour po\u00eale et chaudi\u00e8re \u00e0 pellets - Capteur de chaleur avec capsule ou ampoule m\u00e9tallique pour po\u00eale et chaudi\u00e8re \u00e0 pellets -"},{"@type":"BreadcrumbList","@id":"https:\/\/amrtop.net\/produit\/thermocouple-k-avec-capsule-de-100-mm\/#breadcrumb","itemListElement":[{"@type":"ListItem","position":1,"name":"Home","item":"https:\/\/amrtop.net\/"},{"@type":"ListItem","position":2,"name":"Shop","item":"https:\/\/amrtop.net\/negozio\/"},{"@type":"ListItem","position":3,"name":"Thermocouple K avec capsule de 100 mm code SNDF006"}]},{"@type":"WebSite","@id":"https:\/\/amrtop.net\/#website","url":"https:\/\/amrtop.net\/","name":"AMRTOP B2B Ausland - Einkaufen nur f\u00fcr Fachleute","description":"Ersatzteile und Zubeh\u00f6r f\u00fcr \u00d6fen und Heizkessel - B2B eCommerce f\u00fcr Gesch\u00e4ftskunden","potentialAction":[{"@type":"SearchAction","target":{"@type":"EntryPoint","urlTemplate":"https:\/\/amrtop.net\/?s={search_term_string}"},"query-input":{"@type":"PropertyValueSpecification","valueRequired":true,"valueName":"search_term_string"}}],"inLanguage":"de"}]}},"_links":{"self":[{"href":"https:\/\/amrtop.net\/de\/wp-json\/wp\/v2\/product\/19136","targetHints":{"allow":["GET"]}}],"collection":[{"href":"https:\/\/amrtop.net\/de\/wp-json\/wp\/v2\/product"}],"about":[{"href":"https:\/\/amrtop.net\/de\/wp-json\/wp\/v2\/types\/product"}],"replies":[{"embeddable":true,"href":"https:\/\/amrtop.net\/de\/wp-json\/wp\/v2\/comments?post=19136"}],"wp:featuredmedia":[{"embeddable":true,"href":"https:\/\/amrtop.net\/de\/wp-json\/wp\/v2\/media\/19127"}],"wp:attachment":[{"href":"https:\/\/amrtop.net\/de\/wp-json\/wp\/v2\/media?parent=19136"}],"wp:term":[{"taxonomy":"product_brand","embeddable":true,"href":"https:\/\/amrtop.net\/de\/wp-json\/wp\/v2\/product_brand?post=19136"},{"taxonomy":"product_cat","embeddable":true,"href":"https:\/\/amrtop.net\/de\/wp-json\/wp\/v2\/product_cat?post=19136"},{"taxonomy":"product_tag","embeddable":true,"href":"https:\/\/amrtop.net\/de\/wp-json\/wp\/v2\/product_tag?post=19136"}],"curies":[{"name":"wp","href":"https:\/\/api.w.org\/{rel}","templated":true}]}}