{"id":19154,"date":"2020-01-10T00:00:00","date_gmt":"2020-01-10T00:00:00","guid":{"rendered":"https:\/\/amrtop.com\/B2B\/?post_type=product&#038;p=19154"},"modified":"2023-06-07T12:06:08","modified_gmt":"2023-06-07T12:06:08","slug":"manometre-circulaire-avec-raccord-capillaire-imit","status":"publish","type":"product","link":"https:\/\/amrtop.net\/de\/produit\/manometre-circulaire-avec-raccord-capillaire-imit\/","title":{"rendered":"Rundmanometer mit Kapillaranschluss IMIT IMIT codice MCRC001"},"content":{"rendered":"<hr \/>\n<h3>Manom\u00e8tre circulaire avec raccord capillaire IMIT<\/h3>\n<p>Amrtop vermarktet diese Komponenten bei einem Unternehmen, das \u00fcber 100 Jahre Erfahrung im Bereich der Temperaturregelung verf\u00fcgt.<\/p>\n<p>Seit 1917 stellt die Marke Imit Produkte her, die in der Lage sind, alle Installations- und Lifestyle-Anforderungen von der Industrie bis zum Endverbraucher zu erf\u00fcllen, um ein H\u00f6chstma\u00df an Komfort und Einstellungsgenauigkeit zu gew\u00e4hrleisten.<\/p>\n<p>Die Marke Imit diktierte mit \u00fcber 70 Patenten und Gebrauchsmustern die Regeln der Vergangenheit.<\/p>\n<p>Sie waren unter den ersten in ihrer Branche, die nach UNI EN ISO 9001 zertifiziert wurden, und sind von den wichtigsten italienischen und internationalen Qualifizierungsstellen zugelassen.<\/p>\n<h3>Utilisation du Manom\u00e8tre circulaire avec raccord capillaire IMIT<\/h3>\n<p>Comment fonctionne le manom\u00e8tre<\/p>\n<p>Le niveau correct de pression de la chaudi\u00e8re ou du po\u00eale \u00e0 granul\u00e9s est essentiel pour que le syst\u00e8me de chauffage puisse fonctionner correctement, pour r\u00e9duire les co\u00fbts, pour contr\u00f4ler la consommation et surtout pour s\u2019assurer que l\u2019installation est toujours en bon \u00e9tat.<\/p>\n<p>R\u00e9gler correctement la pression de l\u2019eau chaude, savoir comment et quand augmenter ou abaisser la pression peut \u00e9galement causer des difficult\u00e9s \u00e0 ceux qui ne savent pas o\u00f9 mettre la main.<\/p>\n<p>Le manom\u00e8tre est un instrument de mesure de la pression relative des fluides. L\u2019acception correcte du lemma se r\u00e9f\u00e8re \u00e0 des instruments d\u00e9di\u00e9s \u00e0 la mesure de pressions sup\u00e9rieures \u00e0 l\u2019atmosph\u00e9rique<\/p>\n<p>Vorhanden in typischen Ger\u00e4ten - Pelletofen - Pelletkessel - Pelletbrenner - Pellets BBQ\/Grill Biomassekessel - Biomassebrenner - Und viele andere Brenner<\/p>\n<h3>Innen<\/h3>\n<p><a href=\"https:\/\/wekos.it\/\">\u00d6fen, Herde und Holzherde<\/a>\u00a0-\u00a0<a href=\"https:\/\/www.greenpuros.com\/\">Kamine, \u00d6fen und Pelletkessel.<\/a><\/p>\n<h3>Amrtop Ersatzteile und Zubeh\u00f6r Sortiment<\/h3>\n<p><a href=\"https:\/\/amrtop.net\/de\/produktkategorie\/ersatzteile-diverse-ofen-und-kocher-2\/bougies-dallumage-pour-poeles-et-chaudieres-a-pellets\/\">Gl\u00fchkerzen<\/a><\/p>\n<p><a href=\"https:\/\/amrtop.net\/de\/produktkategorie\/ersatzteile-diverse-ofen-und-kocher-2\/electronique\/\">Elektronik<\/a><\/p>\n<p><a href=\"https:\/\/amrtop.net\/de\/produktkategorie\/ersatzteile-diverse-ofen-und-kocher-2\/extracteurs-de-fumee\/\">Rauchabzug<\/a><\/p>\n<p><a href=\"https:\/\/amrtop.net\/de\/produktkategorie\/ersatzteile-diverse-ofen-und-kocher-2\/gaines-cable-connecteurs\/\">Kabelh\u00fcllen Verbinder<\/a><\/p>\n<p><a href=\"https:\/\/amrtop.net\/de\/produktkategorie\/ersatzteile-diverse-ofen-und-kocher-2\/joints-de-silicone\/\">Silikondichtungen<\/a><\/p>\n<p><a href=\"https:\/\/amrtop.net\/de\/produktkategorie\/ersatzteile-diverse-ofen-und-kocher-2\/motoreducteurs\/\">Getriebemotoren<\/a><\/p>\n<p><a href=\"https:\/\/amrtop.net\/de\/produktkategorie\/ersatzteile-diverse-ofen-und-kocher-2\/pressostats-et-transducteurs\/\">Druckschalter und Wandler<\/a><\/p>\n<p><a href=\"https:\/\/amrtop.net\/de\/produktkategorie\/ersatzteile-diverse-ofen-und-kocher-2\/sondes-thermostats-manometres-thermometres\/\">Sonden Thermostate Manometer Thermometer<\/a><\/p>\n<p><a href=\"https:\/\/amrtop.net\/de\/produktkategorie\/ersatzteile-diverse-ofen-und-kocher-2\/joints-detancheite\/\">Dichtgeflechte<\/a><\/p>\n<p><a href=\"https:\/\/amrtop.net\/de\/produktkategorie\/ersatzteile-diverse-ofen-und-kocher-2\/ventilateurs-centrifuges-pour-poeles-a-pellets\/\">Zentrifugalventilatoren<\/a><\/p>\n<p><a href=\"https:\/\/amrtop.net\/de\/produktkategorie\/ersatzteile-diverse-ofen-und-kocher-2\/ventilateurs-tangentiels-flux-transversal\/\">Tangentiale Ventilatoren<\/a><\/p>\n<p><a href=\"https:\/\/amrtop.net\/de\/produktkategorie\/ersatzteile-diverse-ofen-und-kocher-2\/adhesifs-et-produits-detancheite\/\">Klebstoffe und Kitt<\/a><\/p>\n<p>&nbsp;<\/p>\n<p>&nbsp;<\/p>\n<p>&nbsp;<\/p>\n<p>&nbsp;<\/p>\n<p>&nbsp;<\/p>\n<p>&nbsp;<\/p>","protected":false},"excerpt":{"rendered":"<hr \/>\n<h2><span style=\"color: #008000\">Disponibile<\/span><\/h2>\n<p>cod.MCRC001<\/p>\n<p>Campo di lavoro 0\/6 bar<br \/>\nInvolucro plastica<br \/>\nTemperatura max. corpo 70\u00b0C<br \/>\nOmologazioni CE, EAC<br \/>\nCapillare: 1500 mm PVC<\/p>","protected":false},"featured_media":19118,"comment_status":"open","ping_status":"closed","template":"","meta":[],"product_brand":[],"product_cat":[1339,1342],"product_tag":[],"class_list":{"0":"post-19154","1":"product","2":"type-product","3":"status-publish","4":"has-post-thumbnail","6":"product_cat-sondes-thermostats-manometres-thermometres-pour-poeles-et-chaudieres","7":"product_cat-thermostats-et-manometres-pour-poeles-et-chaudieres-a-pellets","8":"product_shipping_class-classe-di-spedizione-01","10":"first","11":"instock","12":"shipping-taxable","13":"purchasable","14":"product-type-simple"},"yoast_head":"<!-- This site is optimized with the Yoast SEO plugin v27.4 - https:\/\/yoast.com\/product\/yoast-seo-wordpress\/ -->\n<title>Manom\u00e8tre circulaire avec raccord capillaire IMIT<\/title>\n<meta name=\"description\" content=\"Manom\u00e8tre circulaire avec raccord capillaire IMIT - Thermostat et manom\u00e8tre pour po\u00eale et chaudi\u00e8re \u00e0 pellets - D\u00e9tecteur de pression avec r\u00e9armement manuel ou automatique pour po\u00eale et chaudi\u00e8re \u00e0 pellets - Thermostat \u00e0 r\u00e9armement manuel ou automatique pour po\u00eale et chaudi\u00e8re \u00e0 pellets - Relais avec r\u00e9armement manuel ou automatique pour po\u00eale et chaudi\u00e8re \u00e0 pellets - R\u00e9gulateur de temp\u00e9rature avec r\u00e9armement manuel ou automatique pour po\u00eale et chaudi\u00e8res \u00e0 pellets -\" \/>\n<meta name=\"robots\" content=\"index, follow, max-snippet:-1, max-image-preview:large, max-video-preview:-1\" \/>\n<link rel=\"canonical\" href=\"https:\/\/amrtop.net\/de\/produkt\/manometre-circulaire-avec-raccord-capillaire-imit\/\" \/>\n<meta property=\"og:locale\" content=\"de_DE\" \/>\n<meta property=\"og:type\" content=\"article\" \/>\n<meta property=\"og:title\" content=\"Manom\u00e8tre circulaire avec raccord capillaire IMIT\" \/>\n<meta property=\"og:description\" content=\"Manom\u00e8tre circulaire avec raccord capillaire IMIT - Thermostat et manom\u00e8tre pour po\u00eale et chaudi\u00e8re \u00e0 pellets - D\u00e9tecteur de pression avec r\u00e9armement manuel ou automatique pour po\u00eale et chaudi\u00e8re \u00e0 pellets - Thermostat \u00e0 r\u00e9armement manuel ou automatique pour po\u00eale et chaudi\u00e8re \u00e0 pellets - Relais avec r\u00e9armement manuel ou automatique pour po\u00eale et chaudi\u00e8re \u00e0 pellets - R\u00e9gulateur de temp\u00e9rature avec r\u00e9armement manuel ou automatique pour po\u00eale et chaudi\u00e8res \u00e0 pellets -\" \/>\n<meta property=\"og:url\" content=\"https:\/\/amrtop.net\/de\/produkt\/manometre-circulaire-avec-raccord-capillaire-imit\/\" \/>\n<meta property=\"og:site_name\" content=\"AMRTOP B2B \u00c9tranger - Achats r\u00e9serv\u00e9s au professionnel\" \/>\n<meta property=\"article:modified_time\" content=\"2023-06-07T12:06:08+00:00\" \/>\n<meta property=\"og:image\" content=\"https:\/\/amrtop.net\/wp-content\/uploads\/2021\/09\/w-SITO-MAN-TER-04.jpg\" \/>\n\t<meta property=\"og:image:width\" content=\"960\" \/>\n\t<meta property=\"og:image:height\" content=\"960\" \/>\n\t<meta property=\"og:image:type\" content=\"image\/jpeg\" \/>\n<meta name=\"twitter:card\" content=\"summary_large_image\" \/>\n<meta name=\"twitter:label1\" content=\"Gesch\u00e4tzte Lesezeit\" \/>\n\t<meta name=\"twitter:data1\" content=\"2\u00a0Minuten\" \/>\n<script type=\"application\/ld+json\" class=\"yoast-schema-graph\">{\"@context\":\"https:\\\/\\\/schema.org\",\"@graph\":[{\"@type\":\"WebPage\",\"@id\":\"https:\\\/\\\/amrtop.net\\\/produit\\\/manometre-circulaire-avec-raccord-capillaire-imit\\\/\",\"url\":\"https:\\\/\\\/amrtop.net\\\/produit\\\/manometre-circulaire-avec-raccord-capillaire-imit\\\/\",\"name\":\"Manom\u00e8tre circulaire avec raccord capillaire IMIT\",\"isPartOf\":{\"@id\":\"https:\\\/\\\/amrtop.net\\\/#website\"},\"primaryImageOfPage\":{\"@id\":\"https:\\\/\\\/amrtop.net\\\/produit\\\/manometre-circulaire-avec-raccord-capillaire-imit\\\/#primaryimage\"},\"image\":{\"@id\":\"https:\\\/\\\/amrtop.net\\\/produit\\\/manometre-circulaire-avec-raccord-capillaire-imit\\\/#primaryimage\"},\"thumbnailUrl\":\"https:\\\/\\\/amrtop.net\\\/wp-content\\\/uploads\\\/2021\\\/09\\\/w-SITO-MAN-TER-04.jpg\",\"datePublished\":\"2020-01-10T00:00:00+00:00\",\"dateModified\":\"2023-06-07T12:06:08+00:00\",\"description\":\"Manom\u00e8tre circulaire avec raccord capillaire IMIT - Thermostat et manom\u00e8tre pour po\u00eale et chaudi\u00e8re \u00e0 pellets - D\u00e9tecteur de pression avec r\u00e9armement manuel ou automatique pour po\u00eale et chaudi\u00e8re \u00e0 pellets - Thermostat \u00e0 r\u00e9armement manuel ou automatique pour po\u00eale et chaudi\u00e8re \u00e0 pellets - Relais avec r\u00e9armement manuel ou automatique pour po\u00eale et chaudi\u00e8re \u00e0 pellets - R\u00e9gulateur de temp\u00e9rature avec r\u00e9armement manuel ou automatique pour po\u00eale et chaudi\u00e8res \u00e0 pellets -\",\"breadcrumb\":{\"@id\":\"https:\\\/\\\/amrtop.net\\\/produit\\\/manometre-circulaire-avec-raccord-capillaire-imit\\\/#breadcrumb\"},\"inLanguage\":\"de\",\"potentialAction\":[{\"@type\":\"ReadAction\",\"target\":[\"https:\\\/\\\/amrtop.net\\\/produit\\\/manometre-circulaire-avec-raccord-capillaire-imit\\\/\"]}]},{\"@type\":\"ImageObject\",\"inLanguage\":\"de\",\"@id\":\"https:\\\/\\\/amrtop.net\\\/produit\\\/manometre-circulaire-avec-raccord-capillaire-imit\\\/#primaryimage\",\"url\":\"https:\\\/\\\/amrtop.net\\\/wp-content\\\/uploads\\\/2021\\\/09\\\/w-SITO-MAN-TER-04.jpg\",\"contentUrl\":\"https:\\\/\\\/amrtop.net\\\/wp-content\\\/uploads\\\/2021\\\/09\\\/w-SITO-MAN-TER-04.jpg\",\"width\":960,\"height\":960,\"caption\":\"Manom\u00e8tre circulaire avec raccord capillaire IMIT - Thermostat et manom\u00e8tre pour po\u00eale et chaudi\u00e8re \u00e0 pellets - D\u00e9tecteur de pression avec r\u00e9armement manuel ou automatique pour po\u00eale et chaudi\u00e8re \u00e0 pellets - Thermostat \u00e0 r\u00e9armement manuel ou automatique pour po\u00eale et chaudi\u00e8re \u00e0 pellets - Relais avec r\u00e9armement manuel ou automatique pour po\u00eale et chaudi\u00e8re \u00e0 pellets - R\u00e9gulateur de temp\u00e9rature avec r\u00e9armement manuel ou automatique pour po\u00eale et chaudi\u00e8res \u00e0 pellets -\"},{\"@type\":\"BreadcrumbList\",\"@id\":\"https:\\\/\\\/amrtop.net\\\/produit\\\/manometre-circulaire-avec-raccord-capillaire-imit\\\/#breadcrumb\",\"itemListElement\":[{\"@type\":\"ListItem\",\"position\":1,\"name\":\"Home\",\"item\":\"https:\\\/\\\/amrtop.net\\\/\"},{\"@type\":\"ListItem\",\"position\":2,\"name\":\"Shop\",\"item\":\"https:\\\/\\\/amrtop.net\\\/negozio\\\/\"},{\"@type\":\"ListItem\",\"position\":3,\"name\":\"Manom\u00e8tre circulaire avec raccord capillaire IMIT IMIT codice MCRC001\"}]},{\"@type\":\"WebSite\",\"@id\":\"https:\\\/\\\/amrtop.net\\\/#website\",\"url\":\"https:\\\/\\\/amrtop.net\\\/\",\"name\":\"AMRTOP B2B \u00c9tranger - Achats r\u00e9serv\u00e9s au professionnel\",\"description\":\"Pi\u00e8ces de rechange et accessoires pour po\u00eales et chaudi\u00e8res - eCommerce B2B pour Clients Professionnels\",\"potentialAction\":[{\"@type\":\"SearchAction\",\"target\":{\"@type\":\"EntryPoint\",\"urlTemplate\":\"https:\\\/\\\/amrtop.net\\\/?s={search_term_string}\"},\"query-input\":{\"@type\":\"PropertyValueSpecification\",\"valueRequired\":true,\"valueName\":\"search_term_string\"}}],\"inLanguage\":\"de\"}]}<\/script>\n<!-- \/ Yoast SEO plugin. -->","yoast_head_json":{"title":"Manom\u00e8tre circulaire avec raccord capillaire IMIT","description":"Rundmanometer mit Kapillaranschluss IMIT - Thermostat und Manometer f\u00fcr Ofen und Pelletkessel - Druckw\u00e4chter mit manueller oder automatischer R\u00fcckstellung f\u00fcr Ofen und Pelletkessel - Thermostat mit manueller oder automatischer R\u00fcckstellung f\u00fcr Ofen und Pelletkessel - Relais mit manueller oder automatischer R\u00fcckstellung f\u00fcr Ofen und Pelletkessel - Temperaturregler mit manueller oder automatischer R\u00fcckstellung f\u00fcr Ofen und Pelletkessel - - - - - - - - - - - - - - - - - - - - - - - - - - - - - - - - - - - - - - - - - - - - - - - - - - - - - - - - - - - - - - - - - - - - - - - - - - - - - - - -.","robots":{"index":"index","follow":"follow","max-snippet":"max-snippet:-1","max-image-preview":"max-image-preview:large","max-video-preview":"max-video-preview:-1"},"canonical":"https:\/\/amrtop.net\/de\/produkt\/manometre-circulaire-avec-raccord-capillaire-imit\/","og_locale":"de_DE","og_type":"article","og_title":"Manom\u00e8tre circulaire avec raccord capillaire IMIT","og_description":"Manom\u00e8tre circulaire avec raccord capillaire IMIT - Thermostat et manom\u00e8tre pour po\u00eale et chaudi\u00e8re \u00e0 pellets - D\u00e9tecteur de pression avec r\u00e9armement manuel ou automatique pour po\u00eale et chaudi\u00e8re \u00e0 pellets - Thermostat \u00e0 r\u00e9armement manuel ou automatique pour po\u00eale et chaudi\u00e8re \u00e0 pellets - Relais avec r\u00e9armement manuel ou automatique pour po\u00eale et chaudi\u00e8re \u00e0 pellets - R\u00e9gulateur de temp\u00e9rature avec r\u00e9armement manuel ou automatique pour po\u00eale et chaudi\u00e8res \u00e0 pellets -","og_url":"https:\/\/amrtop.net\/de\/produkt\/manometre-circulaire-avec-raccord-capillaire-imit\/","og_site_name":"AMRTOP B2B \u00c9tranger - Achats r\u00e9serv\u00e9s au professionnel","article_modified_time":"2023-06-07T12:06:08+00:00","og_image":[{"width":960,"height":960,"url":"https:\/\/amrtop.net\/wp-content\/uploads\/2021\/09\/w-SITO-MAN-TER-04.jpg","type":"image\/jpeg"}],"twitter_card":"summary_large_image","twitter_misc":{"Gesch\u00e4tzte Lesezeit":"2\u00a0Minuten"},"schema":{"@context":"https:\/\/schema.org","@graph":[{"@type":"WebPage","@id":"https:\/\/amrtop.net\/produit\/manometre-circulaire-avec-raccord-capillaire-imit\/","url":"https:\/\/amrtop.net\/produit\/manometre-circulaire-avec-raccord-capillaire-imit\/","name":"Manom\u00e8tre circulaire avec raccord capillaire IMIT","isPartOf":{"@id":"https:\/\/amrtop.net\/#website"},"primaryImageOfPage":{"@id":"https:\/\/amrtop.net\/produit\/manometre-circulaire-avec-raccord-capillaire-imit\/#primaryimage"},"image":{"@id":"https:\/\/amrtop.net\/produit\/manometre-circulaire-avec-raccord-capillaire-imit\/#primaryimage"},"thumbnailUrl":"https:\/\/amrtop.net\/wp-content\/uploads\/2021\/09\/w-SITO-MAN-TER-04.jpg","datePublished":"2020-01-10T00:00:00+00:00","dateModified":"2023-06-07T12:06:08+00:00","description":"Rundmanometer mit Kapillaranschluss IMIT - Thermostat und Manometer f\u00fcr Ofen und Pelletkessel - Druckw\u00e4chter mit manueller oder automatischer R\u00fcckstellung f\u00fcr Ofen und Pelletkessel - Thermostat mit manueller oder automatischer R\u00fcckstellung f\u00fcr Ofen und Pelletkessel - Relais mit manueller oder automatischer R\u00fcckstellung f\u00fcr Ofen und Pelletkessel - Temperaturregler mit manueller oder automatischer R\u00fcckstellung f\u00fcr Ofen und Pelletkessel - - - - - - - - - - - - - - - - - - - - - - - - - - - - - - - - - - - - - - - - - - - - - - - - - - - - - - - - - - - - - - - - - - - - - - - - - - - - - - - -.","breadcrumb":{"@id":"https:\/\/amrtop.net\/produit\/manometre-circulaire-avec-raccord-capillaire-imit\/#breadcrumb"},"inLanguage":"de","potentialAction":[{"@type":"ReadAction","target":["https:\/\/amrtop.net\/produit\/manometre-circulaire-avec-raccord-capillaire-imit\/"]}]},{"@type":"ImageObject","inLanguage":"de","@id":"https:\/\/amrtop.net\/produit\/manometre-circulaire-avec-raccord-capillaire-imit\/#primaryimage","url":"https:\/\/amrtop.net\/wp-content\/uploads\/2021\/09\/w-SITO-MAN-TER-04.jpg","contentUrl":"https:\/\/amrtop.net\/wp-content\/uploads\/2021\/09\/w-SITO-MAN-TER-04.jpg","width":960,"height":960,"caption":"Manom\u00e8tre circulaire avec raccord capillaire IMIT - Thermostat et manom\u00e8tre pour po\u00eale et chaudi\u00e8re \u00e0 pellets - D\u00e9tecteur de pression avec r\u00e9armement manuel ou automatique pour po\u00eale et chaudi\u00e8re \u00e0 pellets - Thermostat \u00e0 r\u00e9armement manuel ou automatique pour po\u00eale et chaudi\u00e8re \u00e0 pellets - Relais avec r\u00e9armement manuel ou automatique pour po\u00eale et chaudi\u00e8re \u00e0 pellets - R\u00e9gulateur de temp\u00e9rature avec r\u00e9armement manuel ou automatique pour po\u00eale et chaudi\u00e8res \u00e0 pellets -"},{"@type":"BreadcrumbList","@id":"https:\/\/amrtop.net\/produit\/manometre-circulaire-avec-raccord-capillaire-imit\/#breadcrumb","itemListElement":[{"@type":"ListItem","position":1,"name":"Home","item":"https:\/\/amrtop.net\/"},{"@type":"ListItem","position":2,"name":"Shop","item":"https:\/\/amrtop.net\/negozio\/"},{"@type":"ListItem","position":3,"name":"Manom\u00e8tre circulaire avec raccord capillaire IMIT IMIT codice MCRC001"}]},{"@type":"WebSite","@id":"https:\/\/amrtop.net\/#website","url":"https:\/\/amrtop.net\/","name":"AMRTOP B2B Ausland - Einkaufen nur f\u00fcr Fachleute","description":"Ersatzteile und Zubeh\u00f6r f\u00fcr \u00d6fen und Heizkessel - B2B eCommerce f\u00fcr Gesch\u00e4ftskunden","potentialAction":[{"@type":"SearchAction","target":{"@type":"EntryPoint","urlTemplate":"https:\/\/amrtop.net\/?s={search_term_string}"},"query-input":{"@type":"PropertyValueSpecification","valueRequired":true,"valueName":"search_term_string"}}],"inLanguage":"de"}]}},"_links":{"self":[{"href":"https:\/\/amrtop.net\/de\/wp-json\/wp\/v2\/product\/19154","targetHints":{"allow":["GET"]}}],"collection":[{"href":"https:\/\/amrtop.net\/de\/wp-json\/wp\/v2\/product"}],"about":[{"href":"https:\/\/amrtop.net\/de\/wp-json\/wp\/v2\/types\/product"}],"replies":[{"embeddable":true,"href":"https:\/\/amrtop.net\/de\/wp-json\/wp\/v2\/comments?post=19154"}],"wp:featuredmedia":[{"embeddable":true,"href":"https:\/\/amrtop.net\/de\/wp-json\/wp\/v2\/media\/19118"}],"wp:attachment":[{"href":"https:\/\/amrtop.net\/de\/wp-json\/wp\/v2\/media?parent=19154"}],"wp:term":[{"taxonomy":"product_brand","embeddable":true,"href":"https:\/\/amrtop.net\/de\/wp-json\/wp\/v2\/product_brand?post=19154"},{"taxonomy":"product_cat","embeddable":true,"href":"https:\/\/amrtop.net\/de\/wp-json\/wp\/v2\/product_cat?post=19154"},{"taxonomy":"product_tag","embeddable":true,"href":"https:\/\/amrtop.net\/de\/wp-json\/wp\/v2\/product_tag?post=19154"}],"curies":[{"name":"wp","href":"https:\/\/api.w.org\/{rel}","templated":true}]}}