{"id":19457,"date":"2020-10-01T00:00:00","date_gmt":"2020-10-01T00:00:00","guid":{"rendered":"https:\/\/amrtop.com\/B2B\/?post_type=product&#038;p=19457"},"modified":"2023-06-07T08:01:24","modified_gmt":"2023-06-07T08:01:24","slug":"motoreducteur-synchrone-ipc-35-rpm-code-gmf235d901-arbre-o-95-mm","status":"publish","type":"product","link":"https:\/\/amrtop.net\/de\/produit\/motoreducteur-synchrone-ipc-35-rpm-code-gmf235d901-arbre-o-95-mm\/","title":{"rendered":"Motor\u00e9ducteur synchrone IPC 3,5 rpm Code GMF235D901 \u2013 Arbre \u00f8 9,5 mm"},"content":{"rendered":"<hr \/>\n<h3>Motor\u00e9ducteur synchrone Ipc 3.5 rpm arbre \u00f8 9.5<\/h3>\n<p>Mit \u00fcber zwanzig Jahren \"Hands-on\"-Erfahrung in allen Anwendungen, die in Pellet-\/Biomasse\u00f6fen zum Einsatz kommen, ist IPC heute Marktf\u00fchrer bei der Lieferung von Komponenten und Systemen in dieser Nische des Heizungssektors.<\/p>\n<p>Dank unserer Erfahrung k\u00f6nnen wir spezielle L\u00f6sungen f\u00fcr Hersteller von HVACR-Systemen entwickeln. Auf dem Markt f\u00fcr Pellet\u00f6fen und Biomassekamine entwerfen und fertigen wir innovative Komponenten unter Einsatz modernster Technologien.<\/p>\n<p>Unsere BRUSHLESS-Getriebemotoren f\u00fcr die KONTINUIERLICHE Beschickung und unsere 230V-EC-Ventilatoren f\u00fcr die Rauchgasabsaugung sind heute der Standard f\u00fcr alle bekannten Hersteller von Biomasse-Systemen.<\/p>\n<h3><strong>Konstruktionsmerkmale :<\/strong><\/h3>\n<p>Le motor\u00e9ducteur synchrone IPC 3.5 rpm Code GMF235D901 &#8211; Arbre \u00f8 9,5 mm offert par Amrtop peut \u00eatre pilot\u00e9 m\u00eame en basse tension et fournit un COUPLE CONSTANT m\u00eame \u00e0 de faibles tours; Les cha\u00eenes d\u2019engrenages sont sp\u00e9cialement con\u00e7ues pour obtenir les meilleures performances et limiter au maximum l\u2019usure, assurant dans le temps une longue dur\u00e9e de vie au composant ainsi qu\u2019un silence maximal possible.<\/p>\n<p>Wir haben Ad-hoc-L\u00f6sungen f\u00fcr die kontinuierliche Beschickung mit Brennstoff (Pellets) entwickelt. Im Vergleich zu Standardkomponenten erh\u00f6hen IPC-Systeme die Beschickungsgenauigkeit erheblich.<\/p>\n<h3>Utilisation du motor\u00e9ducteur synchrone Ipc 3.5 rpm arbre<\/h3>\n<p>Le motor\u00e9ducteur synchrone IPC 3,5 rpm Code GMF235D901 &#8211; Arbre 9,5 mm vendu par Amrtop et install\u00e9 sur les appareils \u00e0 pellets a pour t\u00e2che de faire tourner la vis dans le r\u00e9servoir du pellet en le transportant dans le creuset pour \u00eatre br\u00fbl\u00e9, De plus en plus de syst\u00e8mes de nettoyage automatique du brasier pr\u00e9sent sur de nombreux po\u00eales et chaudi\u00e8res \u00e0 biomasse.<\/p>\n<p>Die Schnecke ist so positioniert, dass sie das Pellet von unten aus dem Vorratsbeh\u00e4lter entnimmt und es dann zur Oberseite des Ofens transportiert.<\/p>\n<p>An der Spitze der Cochlea angekommen, f\u00e4llt das Pellet auf nat\u00fcrliche Weise in das Innere einer Rutsche, die es in das Innere des Brenners bef\u00f6rdert.<\/p>\n<p>&nbsp;<\/p>\n<h3><strong>Typische Anwendungen<\/strong><\/h3>\n<ul>\n<li>Pellet\u00f6fen<\/li>\n<li>Kaffeemaschinen<\/li>\n<li>Br\u00e4ter<\/li>\n<li>Mischer<\/li>\n<li>Chocolatier<\/li>\n<li>Stellantriebe f\u00fcr die Industrie<\/li>\n<\/ul>\n<h3><strong>Innen<\/strong><\/h3>\n<p><a href=\"https:\/\/wekos.it\/\">\u00d6fen, Herde und Holzherde<\/a>\u00a0-\u00a0<a href=\"https:\/\/www.greenpuros.com\/\">Kamine, \u00d6fen und Pelletkessel.<\/a><\/p>\n<h3><strong>Amrtop Ersatzteile und Zubeh\u00f6r Sortiment<\/strong><\/h3>\n<p>&nbsp;<\/p>\n<p><a href=\"https:\/\/amrtop.net\/de\/produktkategorie\/ersatzteile-diverse-ofen-und-kocher-2\/bougies-dallumage-pour-poeles-et-chaudieres-a-pellets\/\">Gl\u00fchkerzen<\/a><\/p>\n<p><a href=\"https:\/\/amrtop.net\/de\/produktkategorie\/ersatzteile-diverse-ofen-und-kocher-2\/electronique\/\">Elektronik<\/a><\/p>\n<p><a href=\"https:\/\/amrtop.net\/de\/produktkategorie\/ersatzteile-diverse-ofen-und-kocher-2\/extracteurs-de-fumee\/\">Rauchabzug<\/a><\/p>\n<p><a href=\"https:\/\/amrtop.net\/de\/produktkategorie\/ersatzteile-diverse-ofen-und-kocher-2\/gaines-cable-connecteurs\/\">Kabelh\u00fcllen Verbinder<\/a><\/p>\n<p><a href=\"https:\/\/amrtop.net\/de\/produktkategorie\/ersatzteile-diverse-ofen-und-kocher-2\/joints-de-silicone\/\">Silikondichtungen<\/a><\/p>\n<p><a href=\"https:\/\/amrtop.net\/de\/produktkategorie\/ersatzteile-diverse-ofen-und-kocher-2\/motoreducteurs\/\">Getriebemotoren<\/a><\/p>\n<p><a href=\"https:\/\/amrtop.net\/de\/produktkategorie\/ersatzteile-diverse-ofen-und-kocher-2\/pressostats-et-transducteurs\/\">Druckschalter und Wandler<\/a><\/p>\n<p><a href=\"https:\/\/amrtop.net\/de\/produktkategorie\/ersatzteile-diverse-ofen-und-kocher-2\/sondes-thermostats-manometres-thermometres\/\">Sonden Thermostate Manometer Thermometer<\/a><\/p>\n<p><a href=\"https:\/\/amrtop.net\/de\/produktkategorie\/ersatzteile-diverse-ofen-und-kocher-2\/joints-detancheite\/\">Dichtgeflechte<\/a><\/p>\n<p><a href=\"https:\/\/amrtop.net\/de\/produktkategorie\/ersatzteile-diverse-ofen-und-kocher-2\/ventilateurs-centrifuges-pour-poeles-a-pellets\/\">Zentrifugalventilatoren<\/a><\/p>\n<p><a href=\"https:\/\/amrtop.net\/de\/produktkategorie\/ersatzteile-diverse-ofen-und-kocher-2\/ventilateurs-tangentiels-flux-transversal\/\">Tangentiale Ventilatoren<\/a><\/p>\n<p><a href=\"https:\/\/amrtop.net\/de\/produktkategorie\/ersatzteile-diverse-ofen-und-kocher-2\/adhesifs-et-produits-detancheite\/\">Klebstoffe und Kitt<\/a><\/p>\n<p><strong>\u00a0<\/strong><\/p>","protected":false},"excerpt":{"rendered":"<hr \/>\n<h2><span style=\"color: #008000\">Verf\u00fcgbar<\/span><\/h2>\n<hr \/>\n<h3>Motor\u00e9ducteur synchrone IPC 3.5 rpm<\/h3>\n<p>Code GMF235D901<br \/>\nWelle \u00f8 9.5 mm<br \/>\nGeschwindigkeit: 3.5 rpm<br \/>\nAbflachung: einfach<br \/>\nSens de rotation : sens horaire et antihoraire<br \/>\nCouple de serrage : 18 Nm<\/p>","protected":false},"featured_media":34941,"comment_status":"open","ping_status":"closed","template":"","meta":[],"product_brand":[],"product_cat":[861,877],"product_tag":[],"class_list":{"0":"post-19457","1":"product","2":"type-product","3":"status-publish","4":"has-post-thumbnail","6":"product_cat-motoreducteurs","7":"product_cat-motoreducteurs-synchrones-ipc","8":"product_shipping_class-classe-di-spedizione-02","10":"first","11":"instock","12":"shipping-taxable","13":"purchasable","14":"product-type-simple"},"yoast_head":"<!-- This site is optimized with the Yoast SEO plugin v27.5 - https:\/\/yoast.com\/product\/yoast-seo-wordpress\/ -->\n<title>Motor\u00e9ducteur synchrone Ipc 3.5 rpm arbre \u00f8 9.5<\/title>\n<meta name=\"description\" content=\"Motor\u00e9ducteur synchrone Ipc 3.5 rpm arbre \u00f8 9.5-Motor\u00e9ducteur Ipc pour vis sans fin-Motor\u00e9ducteur pour po\u00eale et chaudi\u00e8re \u00e0 Ipc -Moteur charge pellets Ipc\" \/>\n<meta name=\"robots\" content=\"index, follow, max-snippet:-1, max-image-preview:large, max-video-preview:-1\" \/>\n<link rel=\"canonical\" href=\"https:\/\/amrtop.net\/de\/produkt\/motoreducteur-synchrone-ipc-35-rpm-code-gmf235d901-arbre-o-95-mm\/\" \/>\n<meta property=\"og:locale\" content=\"de_DE\" \/>\n<meta property=\"og:type\" content=\"article\" \/>\n<meta property=\"og:title\" content=\"Motor\u00e9ducteur synchrone Ipc 3.5 rpm arbre \u00f8 9.5\" \/>\n<meta property=\"og:description\" content=\"Motor\u00e9ducteur synchrone Ipc 3.5 rpm arbre \u00f8 9.5-Motor\u00e9ducteur Ipc pour vis sans fin-Motor\u00e9ducteur pour po\u00eale et chaudi\u00e8re \u00e0 Ipc -Moteur charge pellets Ipc\" \/>\n<meta property=\"og:url\" content=\"https:\/\/amrtop.net\/de\/produkt\/motoreducteur-synchrone-ipc-35-rpm-code-gmf235d901-arbre-o-95-mm\/\" \/>\n<meta property=\"og:site_name\" content=\"AMRTOP B2B \u00c9tranger - Achats r\u00e9serv\u00e9s au professionnel\" \/>\n<meta property=\"article:modified_time\" content=\"2023-06-07T08:01:24+00:00\" \/>\n<meta property=\"og:image\" content=\"https:\/\/amrtop.net\/wp-content\/uploads\/2022\/07\/GMF235D901.jpg\" \/>\n\t<meta property=\"og:image:width\" content=\"960\" \/>\n\t<meta property=\"og:image:height\" content=\"960\" \/>\n\t<meta property=\"og:image:type\" content=\"image\/jpeg\" \/>\n<meta name=\"twitter:card\" content=\"summary_large_image\" \/>\n<meta name=\"twitter:label1\" content=\"Gesch\u00e4tzte Lesezeit\" \/>\n\t<meta name=\"twitter:data1\" content=\"1\u00a0Minute\" \/>\n<script type=\"application\/ld+json\" class=\"yoast-schema-graph\">{\"@context\":\"https:\\\/\\\/schema.org\",\"@graph\":[{\"@type\":\"WebPage\",\"@id\":\"https:\\\/\\\/amrtop.net\\\/produit\\\/motoreducteur-synchrone-ipc-35-rpm-code-gmf235d901-arbre-o-95-mm\\\/\",\"url\":\"https:\\\/\\\/amrtop.net\\\/produit\\\/motoreducteur-synchrone-ipc-35-rpm-code-gmf235d901-arbre-o-95-mm\\\/\",\"name\":\"Motor\u00e9ducteur synchrone Ipc 3.5 rpm arbre \u00f8 9.5\",\"isPartOf\":{\"@id\":\"https:\\\/\\\/amrtop.net\\\/#website\"},\"primaryImageOfPage\":{\"@id\":\"https:\\\/\\\/amrtop.net\\\/produit\\\/motoreducteur-synchrone-ipc-35-rpm-code-gmf235d901-arbre-o-95-mm\\\/#primaryimage\"},\"image\":{\"@id\":\"https:\\\/\\\/amrtop.net\\\/produit\\\/motoreducteur-synchrone-ipc-35-rpm-code-gmf235d901-arbre-o-95-mm\\\/#primaryimage\"},\"thumbnailUrl\":\"https:\\\/\\\/amrtop.net\\\/wp-content\\\/uploads\\\/2022\\\/07\\\/GMF235D901.jpg\",\"datePublished\":\"2020-10-01T00:00:00+00:00\",\"dateModified\":\"2023-06-07T08:01:24+00:00\",\"description\":\"Motor\u00e9ducteur synchrone Ipc 3.5 rpm arbre \u00f8 9.5-Motor\u00e9ducteur Ipc pour vis sans fin-Motor\u00e9ducteur pour po\u00eale et chaudi\u00e8re \u00e0 Ipc -Moteur charge pellets Ipc\",\"breadcrumb\":{\"@id\":\"https:\\\/\\\/amrtop.net\\\/produit\\\/motoreducteur-synchrone-ipc-35-rpm-code-gmf235d901-arbre-o-95-mm\\\/#breadcrumb\"},\"inLanguage\":\"de\",\"potentialAction\":[{\"@type\":\"ReadAction\",\"target\":[\"https:\\\/\\\/amrtop.net\\\/produit\\\/motoreducteur-synchrone-ipc-35-rpm-code-gmf235d901-arbre-o-95-mm\\\/\"]}]},{\"@type\":\"ImageObject\",\"inLanguage\":\"de\",\"@id\":\"https:\\\/\\\/amrtop.net\\\/produit\\\/motoreducteur-synchrone-ipc-35-rpm-code-gmf235d901-arbre-o-95-mm\\\/#primaryimage\",\"url\":\"https:\\\/\\\/amrtop.net\\\/wp-content\\\/uploads\\\/2022\\\/07\\\/GMF235D901.jpg\",\"contentUrl\":\"https:\\\/\\\/amrtop.net\\\/wp-content\\\/uploads\\\/2022\\\/07\\\/GMF235D901.jpg\",\"width\":960,\"height\":960,\"caption\":\"Motoriduttore sincrono Ipc 3.5 rpm albero \u00f8 9.5\"},{\"@type\":\"BreadcrumbList\",\"@id\":\"https:\\\/\\\/amrtop.net\\\/produit\\\/motoreducteur-synchrone-ipc-35-rpm-code-gmf235d901-arbre-o-95-mm\\\/#breadcrumb\",\"itemListElement\":[{\"@type\":\"ListItem\",\"position\":1,\"name\":\"Home\",\"item\":\"https:\\\/\\\/amrtop.net\\\/\"},{\"@type\":\"ListItem\",\"position\":2,\"name\":\"Shop\",\"item\":\"https:\\\/\\\/amrtop.net\\\/negozio\\\/\"},{\"@type\":\"ListItem\",\"position\":3,\"name\":\"Motor\u00e9ducteur synchrone IPC 3,5 rpm Code GMF235D901 \u2013 Arbre \u00f8 9,5 mm\"}]},{\"@type\":\"WebSite\",\"@id\":\"https:\\\/\\\/amrtop.net\\\/#website\",\"url\":\"https:\\\/\\\/amrtop.net\\\/\",\"name\":\"AMRTOP B2B \u00c9tranger - Achats r\u00e9serv\u00e9s au professionnel\",\"description\":\"Pi\u00e8ces de rechange et accessoires pour po\u00eales et chaudi\u00e8res - eCommerce B2B pour Clients Professionnels\",\"potentialAction\":[{\"@type\":\"SearchAction\",\"target\":{\"@type\":\"EntryPoint\",\"urlTemplate\":\"https:\\\/\\\/amrtop.net\\\/?s={search_term_string}\"},\"query-input\":{\"@type\":\"PropertyValueSpecification\",\"valueRequired\":true,\"valueName\":\"search_term_string\"}}],\"inLanguage\":\"de\"}]}<\/script>\n<!-- \/ Yoast SEO plugin. -->","yoast_head_json":{"title":"Motor\u00e9ducteur synchrone Ipc 3.5 rpm arbre \u00f8 9.5","description":"Motor\u00e9ducteur synchrone Ipc 3.5 rpm arbre \u00f8 9.5-Motor\u00e9ducteur Ipc pour vis sans fin-Motor\u00e9ducteur pour po\u00eale et chaudi\u00e8re \u00e0 Ipc -Moteur charge pellets Ipc","robots":{"index":"index","follow":"follow","max-snippet":"max-snippet:-1","max-image-preview":"max-image-preview:large","max-video-preview":"max-video-preview:-1"},"canonical":"https:\/\/amrtop.net\/de\/produkt\/motoreducteur-synchrone-ipc-35-rpm-code-gmf235d901-arbre-o-95-mm\/","og_locale":"de_DE","og_type":"article","og_title":"Motor\u00e9ducteur synchrone Ipc 3.5 rpm arbre \u00f8 9.5","og_description":"Motor\u00e9ducteur synchrone Ipc 3.5 rpm arbre \u00f8 9.5-Motor\u00e9ducteur Ipc pour vis sans fin-Motor\u00e9ducteur pour po\u00eale et chaudi\u00e8re \u00e0 Ipc -Moteur charge pellets Ipc","og_url":"https:\/\/amrtop.net\/de\/produkt\/motoreducteur-synchrone-ipc-35-rpm-code-gmf235d901-arbre-o-95-mm\/","og_site_name":"AMRTOP B2B \u00c9tranger - Achats r\u00e9serv\u00e9s au professionnel","article_modified_time":"2023-06-07T08:01:24+00:00","og_image":[{"width":960,"height":960,"url":"https:\/\/amrtop.net\/wp-content\/uploads\/2022\/07\/GMF235D901.jpg","type":"image\/jpeg"}],"twitter_card":"summary_large_image","twitter_misc":{"Gesch\u00e4tzte Lesezeit":"1\u00a0Minute"},"schema":{"@context":"https:\/\/schema.org","@graph":[{"@type":"WebPage","@id":"https:\/\/amrtop.net\/produit\/motoreducteur-synchrone-ipc-35-rpm-code-gmf235d901-arbre-o-95-mm\/","url":"https:\/\/amrtop.net\/produit\/motoreducteur-synchrone-ipc-35-rpm-code-gmf235d901-arbre-o-95-mm\/","name":"Motor\u00e9ducteur synchrone Ipc 3.5 rpm arbre \u00f8 9.5","isPartOf":{"@id":"https:\/\/amrtop.net\/#website"},"primaryImageOfPage":{"@id":"https:\/\/amrtop.net\/produit\/motoreducteur-synchrone-ipc-35-rpm-code-gmf235d901-arbre-o-95-mm\/#primaryimage"},"image":{"@id":"https:\/\/amrtop.net\/produit\/motoreducteur-synchrone-ipc-35-rpm-code-gmf235d901-arbre-o-95-mm\/#primaryimage"},"thumbnailUrl":"https:\/\/amrtop.net\/wp-content\/uploads\/2022\/07\/GMF235D901.jpg","datePublished":"2020-10-01T00:00:00+00:00","dateModified":"2023-06-07T08:01:24+00:00","description":"Motor\u00e9ducteur synchrone Ipc 3.5 rpm arbre \u00f8 9.5-Motor\u00e9ducteur Ipc pour vis sans fin-Motor\u00e9ducteur pour po\u00eale et chaudi\u00e8re \u00e0 Ipc -Moteur charge pellets Ipc","breadcrumb":{"@id":"https:\/\/amrtop.net\/produit\/motoreducteur-synchrone-ipc-35-rpm-code-gmf235d901-arbre-o-95-mm\/#breadcrumb"},"inLanguage":"de","potentialAction":[{"@type":"ReadAction","target":["https:\/\/amrtop.net\/produit\/motoreducteur-synchrone-ipc-35-rpm-code-gmf235d901-arbre-o-95-mm\/"]}]},{"@type":"ImageObject","inLanguage":"de","@id":"https:\/\/amrtop.net\/produit\/motoreducteur-synchrone-ipc-35-rpm-code-gmf235d901-arbre-o-95-mm\/#primaryimage","url":"https:\/\/amrtop.net\/wp-content\/uploads\/2022\/07\/GMF235D901.jpg","contentUrl":"https:\/\/amrtop.net\/wp-content\/uploads\/2022\/07\/GMF235D901.jpg","width":960,"height":960,"caption":"Motoriduttore sincrono Ipc 3.5 rpm albero \u00f8 9.5"},{"@type":"BreadcrumbList","@id":"https:\/\/amrtop.net\/produit\/motoreducteur-synchrone-ipc-35-rpm-code-gmf235d901-arbre-o-95-mm\/#breadcrumb","itemListElement":[{"@type":"ListItem","position":1,"name":"Home","item":"https:\/\/amrtop.net\/"},{"@type":"ListItem","position":2,"name":"Shop","item":"https:\/\/amrtop.net\/negozio\/"},{"@type":"ListItem","position":3,"name":"Motor\u00e9ducteur synchrone IPC 3,5 rpm Code GMF235D901 \u2013 Arbre \u00f8 9,5 mm"}]},{"@type":"WebSite","@id":"https:\/\/amrtop.net\/#website","url":"https:\/\/amrtop.net\/","name":"AMRTOP B2B Ausland - Einkaufen nur f\u00fcr Fachleute","description":"Ersatzteile und Zubeh\u00f6r f\u00fcr \u00d6fen und Heizkessel - B2B eCommerce f\u00fcr Gesch\u00e4ftskunden","potentialAction":[{"@type":"SearchAction","target":{"@type":"EntryPoint","urlTemplate":"https:\/\/amrtop.net\/?s={search_term_string}"},"query-input":{"@type":"PropertyValueSpecification","valueRequired":true,"valueName":"search_term_string"}}],"inLanguage":"de"}]}},"_links":{"self":[{"href":"https:\/\/amrtop.net\/de\/wp-json\/wp\/v2\/product\/19457","targetHints":{"allow":["GET"]}}],"collection":[{"href":"https:\/\/amrtop.net\/de\/wp-json\/wp\/v2\/product"}],"about":[{"href":"https:\/\/amrtop.net\/de\/wp-json\/wp\/v2\/types\/product"}],"replies":[{"embeddable":true,"href":"https:\/\/amrtop.net\/de\/wp-json\/wp\/v2\/comments?post=19457"}],"wp:featuredmedia":[{"embeddable":true,"href":"https:\/\/amrtop.net\/de\/wp-json\/wp\/v2\/media\/34941"}],"wp:attachment":[{"href":"https:\/\/amrtop.net\/de\/wp-json\/wp\/v2\/media?parent=19457"}],"wp:term":[{"taxonomy":"product_brand","embeddable":true,"href":"https:\/\/amrtop.net\/de\/wp-json\/wp\/v2\/product_brand?post=19457"},{"taxonomy":"product_cat","embeddable":true,"href":"https:\/\/amrtop.net\/de\/wp-json\/wp\/v2\/product_cat?post=19457"},{"taxonomy":"product_tag","embeddable":true,"href":"https:\/\/amrtop.net\/de\/wp-json\/wp\/v2\/product_tag?post=19457"}],"curies":[{"name":"wp","href":"https:\/\/api.w.org\/{rel}","templated":true}]}}