{"id":20083,"date":"2020-10-01T00:00:00","date_gmt":"2020-10-01T00:00:00","guid":{"rendered":"https:\/\/amrtop.com\/B2B\/?post_type=product&#038;p=20083"},"modified":"2023-05-26T13:17:06","modified_gmt":"2023-05-26T13:17:06","slug":"motoreducteur-bcz-2-rpm-arbre-o-8-5-mm","status":"publish","type":"product","link":"https:\/\/amrtop.net\/de\/produit\/motoreducteur-bcz-2-rpm-arbre-o-8-5-mm\/","title":{"rendered":"Getriebemotor Bcz 2 rpm - Code AM5042085 - \u00f8 Welle 8,5 mm - Lamellenpaket 32 mm"},"content":{"rendered":"<hr \/>\n<h3>Getriebemotor Bcz 2 rpm \u00f8 Welle 8.5 mm<\/h3>\n<p>Angeboten von Amrtop sind vielseitiger als je zuvor, Getriebemotoren sind auf hohem Niveau der Arbeit mit einem hohen Widerstand gegen das Anlaufmoment Verl\u00e4ngerung der Einzel- oder Doppelwelle gebaut.<\/p>\n<p>Die F\u00e4higkeit zu einer langen Lebensdauer wird durch die Verwendung von Stahlzahnr\u00e4dern gew\u00e4hrleistet.<\/p>\n<p>Diese robusten Getriebemotoren mit widerstandsf\u00e4higem Druckgussgeh\u00e4use, mit 4 St\u00fctzen f\u00fcr den Motor, um ein Verrutschen in der Ausrichtung der Rotorwelle mit robusten Druckgussst\u00fctzen zu verhindern.<\/p>\n<h3><strong>Die Vorteile der BCZ-Getriebemotoren :<\/strong><\/h3>\n<ul>\n<li>Genietete Statorstruktur<\/li>\n<li>Spulen mit Abdeckungen zum Schutz der Terminals<\/li>\n<li>Einfache oder doppelte Mastverl\u00e4ngerung<\/li>\n<li>Pr\u00e4zisionsdruckgussgeh\u00e4use<\/li>\n<li>Getriebemotor mit Merkmalen hoher Laufruhe<\/li>\n<li>Entwickelt f\u00fcr Anwendungen in Pellet\u00f6fen, Boilern und Kaminen<\/li>\n<\/ul>\n<h3><strong>Verwendung von m<\/strong>Bcz Getriebemotor 2 rpm \u00f8 Welle 8.5 mm<\/h3>\n<p>Le moteur \u00e0 engrenages Bcz 2 rpm &#8211; Code AM5042085 &#8211; M\u00e2t d\u2019arbre 8,5 mm &#8211; Paquet lamellaire 32 mm<strong>\u00a0<\/strong>verkauft von\u00a0<strong>Amrtop<\/strong>\u00a0Sie sind in Pelletger\u00e4ten eingebaut und haben die Aufgabe, die Schnecke im Pelletbeh\u00e4lter zu drehen und das Pellet in den Tiegel zu bef\u00f6rdern, wo es verbrannt wird, oder die immer h\u00e4ufiger verwendeten Systeme zur automatischen Reinigung der Glut, die in vielen Biomasse\u00f6fen und -kesseln vorhanden sind.<\/p>\n<p>An der Spitze der Cochlea angekommen, f\u00e4llt das Pellet auf nat\u00fcrliche Weise in das Innere einer Rutsche, die es in das Innere des Brenners bef\u00f6rdert.<\/p>\n<h3><strong>Innen<\/strong><\/h3>\n<p><a href=\"https:\/\/wekos.it\/\">\u00d6fen, Herde und Holzherde<\/a>\u00a0-\u00a0<a href=\"https:\/\/www.greenpuros.com\/\">Kamine, \u00d6fen und Pelletkessel.<\/a><\/p>\n<h3><strong>Amrtop Ersatzteile und Zubeh\u00f6r Sortiment<\/strong><\/h3>\n<p>&nbsp;<\/p>\n<p><a href=\"https:\/\/amrtop.net\/de\/produktkategorie\/ersatzteile-diverse-ofen-und-kocher-2\/bougies-dallumage-pour-poeles-et-chaudieres-a-pellets\/\">Gl\u00fchkerzen<\/a><\/p>\n<p><a href=\"https:\/\/amrtop.net\/de\/produktkategorie\/ersatzteile-diverse-ofen-und-kocher-2\/electronique\/\">Elektronik<\/a><\/p>\n<p><a href=\"https:\/\/amrtop.net\/de\/produktkategorie\/ersatzteile-diverse-ofen-und-kocher-2\/extracteurs-de-fumee\/\">Rauchabzug<\/a><\/p>\n<p><a href=\"https:\/\/amrtop.net\/de\/produktkategorie\/ersatzteile-diverse-ofen-und-kocher-2\/gaines-cable-connecteurs\/\">Kabelh\u00fcllen Verbinder<\/a><\/p>\n<p><a href=\"https:\/\/amrtop.net\/de\/produktkategorie\/ersatzteile-diverse-ofen-und-kocher-2\/joints-de-silicone\/\">Silikondichtungen<\/a><\/p>\n<p><a href=\"https:\/\/amrtop.net\/de\/produktkategorie\/ersatzteile-diverse-ofen-und-kocher-2\/motoreducteurs\/\">Getriebemotoren<\/a><\/p>\n<p><a href=\"https:\/\/amrtop.net\/de\/produktkategorie\/ersatzteile-diverse-ofen-und-kocher-2\/pressostats-et-transducteurs\/\">Druckschalter und Wandler<\/a><\/p>\n<p><a href=\"https:\/\/amrtop.com\/B2B\/fr\/categorie-produit\/ricambi-vari-stufe-e-caldaie\/sonde-termostati-manometri-termometri\/\">Sonden Thermostate Manometer Thermometer<\/a><\/p>\n<p><a href=\"https:\/\/amrtop.net\/de\/produktkategorie\/ersatzteile-diverse-ofen-und-kocher-2\/joints-detancheite\/\">Dichtgeflechte<\/a><\/p>\n<p><a href=\"https:\/\/amrtop.net\/de\/produktkategorie\/ersatzteile-diverse-ofen-und-kocher-2\/ventilateurs-centrifuges-pour-poeles-a-pellets\/\">Zentrifugalventilatoren<\/a><\/p>\n<p><a href=\"https:\/\/amrtop.net\/de\/produktkategorie\/ersatzteile-diverse-ofen-und-kocher-2\/ventilateurs-tangentiels-flux-transversal\/\">Tangentiale Ventilatoren<\/a><\/p>\n<p><strong><a href=\"https:\/\/amrtop.net\/de\/produktkategorie\/ersatzteile-diverse-ofen-und-kocher-2\/adhesifs-et-produits-detancheite\/\">Klebstoffe und Kitt<\/a><br \/>\n<\/strong><\/p>\n<p>&nbsp;<\/p>\n<p>&nbsp;<\/p>\n<p>&nbsp;<\/p>","protected":false},"excerpt":{"rendered":"<hr \/>\n<h2><span style=\"color: #008000\">Disponibile<\/span><\/h2>\n<hr \/>\n<h3>Getriebemotor Bcz 2 rpm<\/h3>\n<p>Code AM5042085<br \/>\nWelle \u00f8: 8.5 mm<br \/>\nGeschwindigkeit: 2 rpm<br \/>\nVerbundbleche: 32 mm<br \/>\nAbflachung: einfach<br \/>\nDrehrichtung: im Uhrzeigersinn<br \/>\nCouple nominal : 17 Nm<\/p>\n<h3>Kompatibilit\u00e4t<\/h3>\n<hr \/>\n<h3>Austauschbar mit den folgenden Modellen von Schneckengetriebemotoren Pelletladung :<\/h3>\n<p>Mellor: FB1193, FB1074, FB1054, FB1184, FB1274<\/p>\n<p>Kenta: K9115062<\/p>\n<p>Merkle &amp; Korff: GM-S4471<\/p>\n<p>Spg: ISG3230D005<\/p>\n<p>Bcz AM5042085<\/p>\n<h3>Schneckengetriebemotor installiert und kompatibel mit den folgenden Marken und Modellen von Pellet\u00f6fen:<\/h3>\n<p><strong>Adler,Amg,Anselmo Cola,Arce,Artel<\/strong><\/p>\n<p><strong>Bestove<\/strong>\u00a0<strong>Mod:\u00a0<\/strong>Atout, Boheme, Bravo, Brio, Confort, Confort Plus, Domino, E-Brio, Ideal chic, Iflam 175, Iflam 177, K-Domino, Max, Milo, Minimax, Nemo, Pop, Uno<\/p>\n<p><strong>Burnit<\/strong><\/p>\n<p><strong>Calecosol Mod:\u00a0<\/strong>Zhana<\/p>\n<p><strong>Caminetti montegrappa,Clam,Cola,Ecospar,Edilkamin,Euroalpi, Foko<\/strong><\/p>\n<p><strong>Euroalpi Mod:<\/strong>\u00a0Marmolada, Pasubio, Vezzana<\/p>\n<p><strong>Lincar<\/strong><\/p>\n<p><strong>Moretti designed Mod:\u00a0<\/strong>A5 Compact, A6 Iron, A7 Globe, A7 Globe Glass, C7 Globe, C7 Globe Glass, A8 Compact, C8 Compact, A9 Iron, A9 Stone, C9 Iron, C9 Stone, A10 Compact, A10 Slot, A10 Style, C10 Compact, C10 Slot, C10 Style, A10 Retro, A12 Retro, A11 Glass, A11 Iron, A11 Stone, C11 Glass, C11 Iron, C11 Stone, Ergonomic, A12 Style, A12 Classic Style, A12 All Style, C12 Style, C12 Classic Style, C12 All Style, A13 Style, A13 All Style, C13 Style, C13 All Style, Clessidra, Relax Bis 6 Iron, Relax Bis 8 Iron, Venere S, Oldy 9, Ramses, Pretty Plus, Virgo, Pretty<\/p>\n<p><strong>Mcz<\/strong><\/p>\n<p><strong>Nordica Extraflame Mod:\u00a0<\/strong>Baby fiamma, Bella, Clementina, Comfort idro, Comfort Plus, Comfort MAXI, Comfort MINI, Comfort P80, Contessa, Delizia, Divina, Divina Plus, Divina Steel, Duchessa, Duchessa Idro, Duchessa Steel, Eco Fiamma, Ecologica, Ecologica Idro, Ecologica Idro Steel, Emma, Emma Plus, Esmeralda, Fal\u00f2, Graziosa, Graziosa Lux, Graziosa Lux Plus, Graziosa Steel, Graziosa Steel Plus, Irina, Karolina, Karolina Steel, LP20, Lucrezia Idro, Lucrezia Steel, Preziosa, Preziosa Steel, Tosca Plus, Confort P70, Dorina, Elisir, Elisir Crystal, Elisir Idro, Giusy, Isabella, Melinda Steel, Rosy, Teodora, Viviana, Viviana Plus.<\/p>\n<p><strong>Palazzetti<\/strong><\/p>\n<p><strong>Qlima Mod:<\/strong>\u00a0Delmara 88 S-line, Delmara 125 S-line, Diandra 60 S-line, Diandra 90 S-line, Ref. 410006 Mod. Delfina III 90 M-line, Fiorina 103 S-line, Fiorina 74 S-line, Fiorina 90 S-line, Tectro TBH 558, Tectro TBH 564, Tectro TBH 565, Tectro TBH 570, Ronda 100 S-line, Ronda 80 glass, Ronda 80 S-line<\/p>\n<p><strong>Ravelli, Wood, Xiang, Wood, Xiang<\/strong><\/p>","protected":false},"featured_media":34901,"comment_status":"open","ping_status":"closed","template":"","meta":[],"product_brand":[],"product_cat":[861,1360,1361],"product_tag":[],"class_list":{"0":"post-20083","1":"product","2":"type-product","3":"status-publish","4":"has-post-thumbnail","6":"product_cat-motoreducteurs","7":"product_cat-motoreducteurs-bcz","8":"product_cat-motoreducteurs-bcz-mod-504-arbre-o-85-mm","9":"product_shipping_class-classe-di-spedizione-02","11":"first","12":"instock","13":"shipping-taxable","14":"purchasable","15":"product-type-simple"},"yoast_head":"<!-- This site is optimized with the Yoast SEO plugin v27.5 - https:\/\/yoast.com\/product\/yoast-seo-wordpress\/ -->\n<title>Motor\u00e9ducteur Bcz 2 rpm\u00a0arbre \u00f8 8.5 mm<\/title>\n<meta name=\"description\" content=\"Motor\u00e9ducteur Bcz 2 rpm\u00a0arbre \u00f8 8.5 mm-Motor\u00e9ducteur pour vis-Motor\u00e9ducteur pour po\u00eale et chaudi\u00e8re \u00e0 pellets-Moteur charge pellets-Moteur pour po\u00eales\" \/>\n<meta name=\"robots\" content=\"index, follow, max-snippet:-1, max-image-preview:large, max-video-preview:-1\" \/>\n<link rel=\"canonical\" href=\"https:\/\/amrtop.net\/de\/produkt\/motoreducteur-bcz-2-rpm-arbre-o-8-5-mm\/\" \/>\n<meta property=\"og:locale\" content=\"de_DE\" \/>\n<meta property=\"og:type\" content=\"article\" \/>\n<meta property=\"og:title\" content=\"Motor\u00e9ducteur Bcz 2 rpm\u00a0arbre \u00f8 8.5 mm\" \/>\n<meta property=\"og:description\" content=\"Motor\u00e9ducteur Bcz 2 rpm\u00a0arbre \u00f8 8.5 mm-Motor\u00e9ducteur pour vis-Motor\u00e9ducteur pour po\u00eale et chaudi\u00e8re \u00e0 pellets-Moteur charge pellets-Moteur pour po\u00eales\" \/>\n<meta property=\"og:url\" content=\"https:\/\/amrtop.net\/de\/produkt\/motoreducteur-bcz-2-rpm-arbre-o-8-5-mm\/\" \/>\n<meta property=\"og:site_name\" content=\"AMRTOP B2B \u00c9tranger - Achats r\u00e9serv\u00e9s au professionnel\" \/>\n<meta property=\"article:modified_time\" content=\"2023-05-26T13:17:06+00:00\" \/>\n<meta property=\"og:image\" content=\"https:\/\/amrtop.net\/wp-content\/uploads\/2022\/07\/AM5042085.jpg\" \/>\n\t<meta property=\"og:image:width\" content=\"960\" \/>\n\t<meta property=\"og:image:height\" content=\"960\" \/>\n\t<meta property=\"og:image:type\" content=\"image\/jpeg\" \/>\n<meta name=\"twitter:card\" content=\"summary_large_image\" \/>\n<meta name=\"twitter:label1\" content=\"Gesch\u00e4tzte Lesezeit\" \/>\n\t<meta name=\"twitter:data1\" content=\"2\u00a0Minuten\" \/>\n<script type=\"application\/ld+json\" class=\"yoast-schema-graph\">{\"@context\":\"https:\\\/\\\/schema.org\",\"@graph\":[{\"@type\":\"WebPage\",\"@id\":\"https:\\\/\\\/amrtop.net\\\/produit\\\/motoreducteur-bcz-2-rpm-arbre-o-8-5-mm\\\/\",\"url\":\"https:\\\/\\\/amrtop.net\\\/produit\\\/motoreducteur-bcz-2-rpm-arbre-o-8-5-mm\\\/\",\"name\":\"Motor\u00e9ducteur Bcz 2 rpm\u00a0arbre \u00f8 8.5 mm\",\"isPartOf\":{\"@id\":\"https:\\\/\\\/amrtop.net\\\/#website\"},\"primaryImageOfPage\":{\"@id\":\"https:\\\/\\\/amrtop.net\\\/produit\\\/motoreducteur-bcz-2-rpm-arbre-o-8-5-mm\\\/#primaryimage\"},\"image\":{\"@id\":\"https:\\\/\\\/amrtop.net\\\/produit\\\/motoreducteur-bcz-2-rpm-arbre-o-8-5-mm\\\/#primaryimage\"},\"thumbnailUrl\":\"https:\\\/\\\/amrtop.net\\\/wp-content\\\/uploads\\\/2022\\\/07\\\/AM5042085.jpg\",\"datePublished\":\"2020-10-01T00:00:00+00:00\",\"dateModified\":\"2023-05-26T13:17:06+00:00\",\"description\":\"Motor\u00e9ducteur Bcz 2 rpm\u00a0arbre \u00f8 8.5 mm-Motor\u00e9ducteur pour vis-Motor\u00e9ducteur pour po\u00eale et chaudi\u00e8re \u00e0 pellets-Moteur charge pellets-Moteur pour po\u00eales\",\"breadcrumb\":{\"@id\":\"https:\\\/\\\/amrtop.net\\\/produit\\\/motoreducteur-bcz-2-rpm-arbre-o-8-5-mm\\\/#breadcrumb\"},\"inLanguage\":\"de\",\"potentialAction\":[{\"@type\":\"ReadAction\",\"target\":[\"https:\\\/\\\/amrtop.net\\\/produit\\\/motoreducteur-bcz-2-rpm-arbre-o-8-5-mm\\\/\"]}]},{\"@type\":\"ImageObject\",\"inLanguage\":\"de\",\"@id\":\"https:\\\/\\\/amrtop.net\\\/produit\\\/motoreducteur-bcz-2-rpm-arbre-o-8-5-mm\\\/#primaryimage\",\"url\":\"https:\\\/\\\/amrtop.net\\\/wp-content\\\/uploads\\\/2022\\\/07\\\/AM5042085.jpg\",\"contentUrl\":\"https:\\\/\\\/amrtop.net\\\/wp-content\\\/uploads\\\/2022\\\/07\\\/AM5042085.jpg\",\"width\":960,\"height\":960,\"caption\":\"Motor\u00e9ducteur Bcz 2 rpm\u00a0arbre \u00f8 8.5 mm-Motor\u00e9ducteur pour vis-Motor\u00e9ducteur pour po\u00eale et chaudi\u00e8re \u00e0 pellets-Moteur charge pellets-Moteur pour po\u00eales\"},{\"@type\":\"BreadcrumbList\",\"@id\":\"https:\\\/\\\/amrtop.net\\\/produit\\\/motoreducteur-bcz-2-rpm-arbre-o-8-5-mm\\\/#breadcrumb\",\"itemListElement\":[{\"@type\":\"ListItem\",\"position\":1,\"name\":\"Home\",\"item\":\"https:\\\/\\\/amrtop.net\\\/\"},{\"@type\":\"ListItem\",\"position\":2,\"name\":\"Shop\",\"item\":\"https:\\\/\\\/amrtop.net\\\/negozio\\\/\"},{\"@type\":\"ListItem\",\"position\":3,\"name\":\"Motor\u00e9ducteur Bcz 2 rpm &#8211; Code AM5042085 &#8211; \u00f8 arbre 8,5 mm &#8211; Paquet lamellaire 32 mm\"}]},{\"@type\":\"WebSite\",\"@id\":\"https:\\\/\\\/amrtop.net\\\/#website\",\"url\":\"https:\\\/\\\/amrtop.net\\\/\",\"name\":\"AMRTOP B2B \u00c9tranger - Achats r\u00e9serv\u00e9s au professionnel\",\"description\":\"Pi\u00e8ces de rechange et accessoires pour po\u00eales et chaudi\u00e8res - eCommerce B2B pour Clients Professionnels\",\"potentialAction\":[{\"@type\":\"SearchAction\",\"target\":{\"@type\":\"EntryPoint\",\"urlTemplate\":\"https:\\\/\\\/amrtop.net\\\/?s={search_term_string}\"},\"query-input\":{\"@type\":\"PropertyValueSpecification\",\"valueRequired\":true,\"valueName\":\"search_term_string\"}}],\"inLanguage\":\"de\"}]}<\/script>\n<!-- \/ Yoast SEO plugin. -->","yoast_head_json":{"title":"Motor\u00e9ducteur Bcz 2 rpm\u00a0arbre \u00f8 8.5 mm","description":"Getriebemotor Bcz 2 rpm Welle \u00f8 8.5 mm-Getriebemotor f\u00fcr Schnecken-Getriebemotor f\u00fcr Pelletofen und Pelletkessel-Motor Pelletsladung-Motor f\u00fcr \u00d6fen","robots":{"index":"index","follow":"follow","max-snippet":"max-snippet:-1","max-image-preview":"max-image-preview:large","max-video-preview":"max-video-preview:-1"},"canonical":"https:\/\/amrtop.net\/de\/produkt\/motoreducteur-bcz-2-rpm-arbre-o-8-5-mm\/","og_locale":"de_DE","og_type":"article","og_title":"Motor\u00e9ducteur Bcz 2 rpm\u00a0arbre \u00f8 8.5 mm","og_description":"Motor\u00e9ducteur Bcz 2 rpm\u00a0arbre \u00f8 8.5 mm-Motor\u00e9ducteur pour vis-Motor\u00e9ducteur pour po\u00eale et chaudi\u00e8re \u00e0 pellets-Moteur charge pellets-Moteur pour po\u00eales","og_url":"https:\/\/amrtop.net\/de\/produkt\/motoreducteur-bcz-2-rpm-arbre-o-8-5-mm\/","og_site_name":"AMRTOP B2B \u00c9tranger - Achats r\u00e9serv\u00e9s au professionnel","article_modified_time":"2023-05-26T13:17:06+00:00","og_image":[{"width":960,"height":960,"url":"https:\/\/amrtop.net\/wp-content\/uploads\/2022\/07\/AM5042085.jpg","type":"image\/jpeg"}],"twitter_card":"summary_large_image","twitter_misc":{"Gesch\u00e4tzte Lesezeit":"2\u00a0Minuten"},"schema":{"@context":"https:\/\/schema.org","@graph":[{"@type":"WebPage","@id":"https:\/\/amrtop.net\/produit\/motoreducteur-bcz-2-rpm-arbre-o-8-5-mm\/","url":"https:\/\/amrtop.net\/produit\/motoreducteur-bcz-2-rpm-arbre-o-8-5-mm\/","name":"Motor\u00e9ducteur Bcz 2 rpm\u00a0arbre \u00f8 8.5 mm","isPartOf":{"@id":"https:\/\/amrtop.net\/#website"},"primaryImageOfPage":{"@id":"https:\/\/amrtop.net\/produit\/motoreducteur-bcz-2-rpm-arbre-o-8-5-mm\/#primaryimage"},"image":{"@id":"https:\/\/amrtop.net\/produit\/motoreducteur-bcz-2-rpm-arbre-o-8-5-mm\/#primaryimage"},"thumbnailUrl":"https:\/\/amrtop.net\/wp-content\/uploads\/2022\/07\/AM5042085.jpg","datePublished":"2020-10-01T00:00:00+00:00","dateModified":"2023-05-26T13:17:06+00:00","description":"Getriebemotor Bcz 2 rpm Welle \u00f8 8.5 mm-Getriebemotor f\u00fcr Schnecken-Getriebemotor f\u00fcr Pelletofen und Pelletkessel-Motor Pelletsladung-Motor f\u00fcr \u00d6fen","breadcrumb":{"@id":"https:\/\/amrtop.net\/produit\/motoreducteur-bcz-2-rpm-arbre-o-8-5-mm\/#breadcrumb"},"inLanguage":"de","potentialAction":[{"@type":"ReadAction","target":["https:\/\/amrtop.net\/produit\/motoreducteur-bcz-2-rpm-arbre-o-8-5-mm\/"]}]},{"@type":"ImageObject","inLanguage":"de","@id":"https:\/\/amrtop.net\/produit\/motoreducteur-bcz-2-rpm-arbre-o-8-5-mm\/#primaryimage","url":"https:\/\/amrtop.net\/wp-content\/uploads\/2022\/07\/AM5042085.jpg","contentUrl":"https:\/\/amrtop.net\/wp-content\/uploads\/2022\/07\/AM5042085.jpg","width":960,"height":960,"caption":"Motor\u00e9ducteur Bcz 2 rpm\u00a0arbre \u00f8 8.5 mm-Motor\u00e9ducteur pour vis-Motor\u00e9ducteur pour po\u00eale et chaudi\u00e8re \u00e0 pellets-Moteur charge pellets-Moteur pour po\u00eales"},{"@type":"BreadcrumbList","@id":"https:\/\/amrtop.net\/produit\/motoreducteur-bcz-2-rpm-arbre-o-8-5-mm\/#breadcrumb","itemListElement":[{"@type":"ListItem","position":1,"name":"Home","item":"https:\/\/amrtop.net\/"},{"@type":"ListItem","position":2,"name":"Shop","item":"https:\/\/amrtop.net\/negozio\/"},{"@type":"ListItem","position":3,"name":"Motor\u00e9ducteur Bcz 2 rpm &#8211; Code AM5042085 &#8211; \u00f8 arbre 8,5 mm &#8211; Paquet lamellaire 32 mm"}]},{"@type":"WebSite","@id":"https:\/\/amrtop.net\/#website","url":"https:\/\/amrtop.net\/","name":"AMRTOP B2B Ausland - Einkaufen nur f\u00fcr Fachleute","description":"Ersatzteile und Zubeh\u00f6r f\u00fcr \u00d6fen und Heizkessel - B2B eCommerce f\u00fcr Gesch\u00e4ftskunden","potentialAction":[{"@type":"SearchAction","target":{"@type":"EntryPoint","urlTemplate":"https:\/\/amrtop.net\/?s={search_term_string}"},"query-input":{"@type":"PropertyValueSpecification","valueRequired":true,"valueName":"search_term_string"}}],"inLanguage":"de"}]}},"_links":{"self":[{"href":"https:\/\/amrtop.net\/de\/wp-json\/wp\/v2\/product\/20083","targetHints":{"allow":["GET"]}}],"collection":[{"href":"https:\/\/amrtop.net\/de\/wp-json\/wp\/v2\/product"}],"about":[{"href":"https:\/\/amrtop.net\/de\/wp-json\/wp\/v2\/types\/product"}],"replies":[{"embeddable":true,"href":"https:\/\/amrtop.net\/de\/wp-json\/wp\/v2\/comments?post=20083"}],"wp:featuredmedia":[{"embeddable":true,"href":"https:\/\/amrtop.net\/de\/wp-json\/wp\/v2\/media\/34901"}],"wp:attachment":[{"href":"https:\/\/amrtop.net\/de\/wp-json\/wp\/v2\/media?parent=20083"}],"wp:term":[{"taxonomy":"product_brand","embeddable":true,"href":"https:\/\/amrtop.net\/de\/wp-json\/wp\/v2\/product_brand?post=20083"},{"taxonomy":"product_cat","embeddable":true,"href":"https:\/\/amrtop.net\/de\/wp-json\/wp\/v2\/product_cat?post=20083"},{"taxonomy":"product_tag","embeddable":true,"href":"https:\/\/amrtop.net\/de\/wp-json\/wp\/v2\/product_tag?post=20083"}],"curies":[{"name":"wp","href":"https:\/\/api.w.org\/{rel}","templated":true}]}}