{"id":20307,"date":"2020-01-10T00:00:00","date_gmt":"2020-01-10T00:00:00","guid":{"rendered":"https:\/\/amrtop.com\/B2B\/?post_type=product&#038;p=20307"},"modified":"2023-06-05T11:17:19","modified_gmt":"2023-06-05T11:17:19","slug":"ventilateur-tangentiel-trial-o-80-mm-l-370-mm-moteur-gauche","status":"publish","type":"product","link":"https:\/\/amrtop.net\/de\/produit\/ventilateur-tangentiel-trial-o-80-mm-l-370-mm-moteur-gauche\/","title":{"rendered":"Tangentialventilator Trial Code 8A137B-005 - Ventilatorl\u00e4nge 370 mm - Gesamtl\u00e4nge 388 mm"},"content":{"rendered":"<h3>Ventilateur tangentiel Trial \u00f8 80 mm L.370 mm moteur gauche<\/h3>\n<h3>Allgemeine Merkmale<\/h3>\n<p>Die von Amrtop angebotenen Tangentiall\u00fcfter ( mit Querstrom) sind aufgrund ihrer Eigenschaften von sehr kleinen radialen Abmessungen in Verbindung mit einer uneingeschr\u00e4nkten axialen Entwicklung im Bereich der Haushalts- und Industrieanwendungen weit verbreitet.<\/p>\n<p>Bei diesen Ventilatoren wird das Fluid angesaugt und senkrecht zur Achse des Laufrads weitergeleitet.<\/p>\n<p>Ein gleichm\u00e4\u00dfiger Luftstrom wird erzeugt und in L\u00e4ngsrichtung \u00fcber die gesamte Auslass\u00f6ffnung verteilt.<\/p>\n<p>Dank der relativ geringen Luftgeschwindigkeiten sorgen diese Ventilatoren f\u00fcr einen niedrigen Ger\u00e4uschpegel.<\/p>\n<p>Die Trial-Tangentialreihe umfasst Ventilatoren mit Durchmessern von 30, 45, 60, 65, 80 mm mit L\u00e4ngen von 90 bis 610 mm.<\/p>\n<h3>Konstruktionsmerkmale :<\/h3>\n<p>Die von Amrtop angebotene individuelle Tangentialreihe besteht aus 5 Ventilatordurchmessern, die f\u00fcr spezifische Anwendungsanforderungen optimiert sind:<\/p>\n<ul>\n<li>\u00d8 30mm - Ultrakompaktes Design, geringer Platzbedarf<\/li>\n<li>\u00d8 45mm - Kompaktes Design, minimaler Platzbedarf<\/li>\n<li>\u00d8 60mm - Das beste Verh\u00e4ltnis von Platzbedarf und Leistung<\/li>\n<li>\u00d8 65mm - Maximale Stille<\/li>\n<li>\u00d8 80mm - Maximaler Druck und Durchfluss<\/li>\n<\/ul>\n<h3>Utilisation du ventilateur tangentiel Trial \u00f8 80 mm L.v 370 mm moteur gauche<\/h3>\n<p>Die von Amrtop angebotenen Tangential-Querstromventilatoren werden in Biomasseger\u00e4te eingebaut, um die vom Brennk\u00f6rper erzeugte hei\u00dfe Luft abzusaugen und anschlie\u00dfend in die Umgebung zu verteilen.<\/p>\n<p>Vorhanden in typischen Ger\u00e4ten - Pelletofen - Pelletkessel - Pelletbrenner - Pellets BBQ\/Grill Biomassekessel - Biomassebrenner - Und viele andere Brenner<\/p>\n<h3>Innen<\/h3>\n<p><a href=\"https:\/\/wekos.it\/\">\u00d6fen, Herde und Holzherde<\/a>\u00a0-\u00a0<a href=\"https:\/\/www.greenpuros.com\/\">Kamine, \u00d6fen und Pelletkessel.<\/a><\/p>\n<h3>Amrtop Ersatzteile und Zubeh\u00f6r Sortiment<\/h3>\n<p><a href=\"https:\/\/amrtop.net\/de\/produktkategorie\/ersatzteile-diverse-ofen-und-kocher-2\/bougies-dallumage-pour-poeles-et-chaudieres-a-pellets\/\">Gl\u00fchkerzen<\/a><\/p>\n<p><a href=\"https:\/\/amrtop.net\/de\/produktkategorie\/ersatzteile-diverse-ofen-und-kocher-2\/electronique\/\">Elektronik<\/a><\/p>\n<p><a href=\"https:\/\/amrtop.net\/de\/produktkategorie\/ersatzteile-diverse-ofen-und-kocher-2\/extracteurs-de-fumee\/\">Rauchabzug<\/a><\/p>\n<p><a href=\"https:\/\/amrtop.net\/de\/produktkategorie\/ersatzteile-diverse-ofen-und-kocher-2\/gaines-cable-connecteurs\/\">Kabelh\u00fcllen Verbinder<\/a><\/p>\n<p><a href=\"https:\/\/amrtop.net\/de\/produktkategorie\/ersatzteile-diverse-ofen-und-kocher-2\/joints-de-silicone\/\">Silikondichtungen<\/a><\/p>\n<p><a href=\"https:\/\/amrtop.net\/de\/produktkategorie\/ersatzteile-diverse-ofen-und-kocher-2\/motoreducteurs\/\">Getriebemotoren<\/a><\/p>\n<p><a href=\"https:\/\/amrtop.net\/de\/produktkategorie\/ersatzteile-diverse-ofen-und-kocher-2\/pressostats-et-transducteurs\/\">Druckschalter und Wandler<\/a><\/p>\n<p><a href=\"https:\/\/amrtop.net\/de\/produktkategorie\/ersatzteile-diverse-ofen-und-kocher-2\/sondes-thermostats-manometres-thermometres\/\">Sonden Thermostate Manometer Thermometer<\/a><\/p>\n<p><a href=\"https:\/\/amrtop.net\/de\/produktkategorie\/ersatzteile-diverse-ofen-und-kocher-2\/joints-detancheite\/\">Dichtgeflechte<\/a><\/p>\n<p><a href=\"https:\/\/amrtop.net\/de\/produktkategorie\/ersatzteile-diverse-ofen-und-kocher-2\/ventilateurs-centrifuges-pour-poeles-a-pellets\/\">Zentrifugalventilatoren<\/a><\/p>\n<p><a href=\"https:\/\/amrtop.net\/de\/produktkategorie\/ersatzteile-diverse-ofen-und-kocher-2\/ventilateurs-tangentiels-flux-transversal\/\">Tangentiale Ventilatoren<\/a><\/p>\n<p><a href=\"https:\/\/amrtop.net\/de\/produktkategorie\/ersatzteile-diverse-ofen-und-kocher-2\/adhesifs-et-produits-detancheite\/\">Klebstoffe und Kitt<\/a><\/p>","protected":false},"excerpt":{"rendered":"<hr \/>\n<h2><span style=\"color: #008000\">Verf\u00fcgbar<\/span><\/h2>\n<hr \/>\n<p>Code 8A137B-005<\/p>\n<p>Motor links<br \/>\nVentilator \u00f8 80 mm<br \/>\nL\u00e4nge Ventilator 370 mm<br \/>\nLongueur totale\u00a0: 388 mm<br \/>\nEncombrement hauteur\u00a0: 142,5 mm<br \/>\nDimensions bouche\u00a0: 45 x 370 mm<br \/>\nD\u00e9bit : 225 m\u00b3\/h<br \/>\nLamellenpaket: 40 mm<br \/>\nPuissances : 38 W<br \/>\nClasse H &#8211; pour imp\u00e9dance<\/p>","protected":false},"featured_media":35046,"comment_status":"open","ping_status":"closed","template":"","meta":[],"product_brand":[],"product_cat":[878,879,1377],"product_tag":[],"class_list":{"0":"post-20307","1":"product","2":"type-product","3":"status-publish","4":"has-post-thumbnail","6":"product_cat-ventilateurs-tangentiels-flux-transversal","7":"product_cat-ventilatori-tangenziali-trial-pour-poeles-a-pellets","8":"product_cat-ventilateurs-tangentiels-trial-moteur-gauche-o-80-mm","9":"product_shipping_class-classe-di-spedizione-02","11":"first","12":"instock","13":"shipping-taxable","14":"purchasable","15":"product-type-simple"},"yoast_head":"<!-- This site is optimized with the Yoast SEO plugin v27.4 - https:\/\/yoast.com\/product\/yoast-seo-wordpress\/ -->\n<title>Ventilateur tangentiel Trial \u00f8 80 mm L.370 mm moteur gauche<\/title>\n<meta name=\"description\" content=\"Ventilateur tangentiel Trial \u00f8 80 mm L.370 mm moteur gauche - Extracteur d\u2019air tangentiel avec moteur gauche Trial -Syst\u00e8me d\u2019extraction d\u2019air chaud tangentiel Trial pour po\u00eales \u00e0 pellets - Ventilateur tangentiel pour l\u2019expulsion d\u2019air chaud Trial -Ventilateur horizontal air chaud ambiant Trial pour po\u00eale \u00e0 pellets\" \/>\n<meta name=\"robots\" content=\"index, follow, max-snippet:-1, max-image-preview:large, max-video-preview:-1\" \/>\n<link rel=\"canonical\" href=\"https:\/\/amrtop.net\/de\/produkt\/ventilateur-tangentiel-trial-o-80-mm-l-370-mm-moteur-gauche\/\" \/>\n<meta property=\"og:locale\" content=\"de_DE\" \/>\n<meta property=\"og:type\" content=\"article\" \/>\n<meta property=\"og:title\" content=\"Ventilateur tangentiel Trial \u00f8 80 mm L.370 mm moteur gauche\" \/>\n<meta property=\"og:description\" content=\"Ventilateur tangentiel Trial \u00f8 80 mm L.370 mm moteur gauche - Extracteur d\u2019air tangentiel avec moteur gauche Trial -Syst\u00e8me d\u2019extraction d\u2019air chaud tangentiel Trial pour po\u00eales \u00e0 pellets - Ventilateur tangentiel pour l\u2019expulsion d\u2019air chaud Trial -Ventilateur horizontal air chaud ambiant Trial pour po\u00eale \u00e0 pellets\" \/>\n<meta property=\"og:url\" content=\"https:\/\/amrtop.net\/de\/produkt\/ventilateur-tangentiel-trial-o-80-mm-l-370-mm-moteur-gauche\/\" \/>\n<meta property=\"og:site_name\" content=\"AMRTOP B2B \u00c9tranger - Achats r\u00e9serv\u00e9s au professionnel\" \/>\n<meta property=\"article:modified_time\" content=\"2023-06-05T11:17:19+00:00\" \/>\n<meta property=\"og:image\" content=\"https:\/\/amrtop.net\/wp-content\/uploads\/2020\/01\/8A137B005S1.jpg\" \/>\n\t<meta property=\"og:image:width\" content=\"960\" \/>\n\t<meta property=\"og:image:height\" content=\"960\" \/>\n\t<meta property=\"og:image:type\" content=\"image\/jpeg\" \/>\n<meta name=\"twitter:card\" content=\"summary_large_image\" \/>\n<meta name=\"twitter:label1\" content=\"Gesch\u00e4tzte Lesezeit\" \/>\n\t<meta name=\"twitter:data1\" content=\"1\u00a0Minute\" \/>\n<script type=\"application\/ld+json\" class=\"yoast-schema-graph\">{\"@context\":\"https:\\\/\\\/schema.org\",\"@graph\":[{\"@type\":\"WebPage\",\"@id\":\"https:\\\/\\\/amrtop.net\\\/produit\\\/ventilateur-tangentiel-trial-o-80-mm-l-370-mm-moteur-gauche\\\/\",\"url\":\"https:\\\/\\\/amrtop.net\\\/produit\\\/ventilateur-tangentiel-trial-o-80-mm-l-370-mm-moteur-gauche\\\/\",\"name\":\"Ventilateur tangentiel Trial \u00f8 80 mm L.370 mm moteur gauche\",\"isPartOf\":{\"@id\":\"https:\\\/\\\/amrtop.net\\\/#website\"},\"primaryImageOfPage\":{\"@id\":\"https:\\\/\\\/amrtop.net\\\/produit\\\/ventilateur-tangentiel-trial-o-80-mm-l-370-mm-moteur-gauche\\\/#primaryimage\"},\"image\":{\"@id\":\"https:\\\/\\\/amrtop.net\\\/produit\\\/ventilateur-tangentiel-trial-o-80-mm-l-370-mm-moteur-gauche\\\/#primaryimage\"},\"thumbnailUrl\":\"https:\\\/\\\/amrtop.net\\\/wp-content\\\/uploads\\\/2020\\\/01\\\/8A137B005S1.jpg\",\"datePublished\":\"2020-01-10T00:00:00+00:00\",\"dateModified\":\"2023-06-05T11:17:19+00:00\",\"description\":\"Ventilateur tangentiel Trial \u00f8 80 mm L.370 mm moteur gauche - Extracteur d\u2019air tangentiel avec moteur gauche Trial -Syst\u00e8me d\u2019extraction d\u2019air chaud tangentiel Trial pour po\u00eales \u00e0 pellets - Ventilateur tangentiel pour l\u2019expulsion d\u2019air chaud Trial -Ventilateur horizontal air chaud ambiant Trial pour po\u00eale \u00e0 pellets\",\"breadcrumb\":{\"@id\":\"https:\\\/\\\/amrtop.net\\\/produit\\\/ventilateur-tangentiel-trial-o-80-mm-l-370-mm-moteur-gauche\\\/#breadcrumb\"},\"inLanguage\":\"de\",\"potentialAction\":[{\"@type\":\"ReadAction\",\"target\":[\"https:\\\/\\\/amrtop.net\\\/produit\\\/ventilateur-tangentiel-trial-o-80-mm-l-370-mm-moteur-gauche\\\/\"]}]},{\"@type\":\"ImageObject\",\"inLanguage\":\"de\",\"@id\":\"https:\\\/\\\/amrtop.net\\\/produit\\\/ventilateur-tangentiel-trial-o-80-mm-l-370-mm-moteur-gauche\\\/#primaryimage\",\"url\":\"https:\\\/\\\/amrtop.net\\\/wp-content\\\/uploads\\\/2020\\\/01\\\/8A137B005S1.jpg\",\"contentUrl\":\"https:\\\/\\\/amrtop.net\\\/wp-content\\\/uploads\\\/2020\\\/01\\\/8A137B005S1.jpg\",\"width\":960,\"height\":960,\"caption\":\"Ventilateur tangentiel Trial \u00f8 80 mm L.370 mm moteur gauche - Extracteur d\u2019air tangentiel avec moteur gauche Trial -Syst\u00e8me d\u2019extraction d\u2019air chaud tangentiel Trial pour po\u00eales \u00e0 pellets - Ventilateur tangentiel pour l\u2019expulsion d\u2019air chaud Trial -Ventilateur horizontal air chaud ambiant Trial pour po\u00eale \u00e0 pellets\"},{\"@type\":\"BreadcrumbList\",\"@id\":\"https:\\\/\\\/amrtop.net\\\/produit\\\/ventilateur-tangentiel-trial-o-80-mm-l-370-mm-moteur-gauche\\\/#breadcrumb\",\"itemListElement\":[{\"@type\":\"ListItem\",\"position\":1,\"name\":\"Home\",\"item\":\"https:\\\/\\\/amrtop.net\\\/\"},{\"@type\":\"ListItem\",\"position\":2,\"name\":\"Shop\",\"item\":\"https:\\\/\\\/amrtop.net\\\/negozio\\\/\"},{\"@type\":\"ListItem\",\"position\":3,\"name\":\"Ventilateur tangentiel Trial Code 8A137B-005 &#8211; Longueur ventilateur 370 mm &#8211; Longueur totale 388 mm\"}]},{\"@type\":\"WebSite\",\"@id\":\"https:\\\/\\\/amrtop.net\\\/#website\",\"url\":\"https:\\\/\\\/amrtop.net\\\/\",\"name\":\"AMRTOP B2B \u00c9tranger - Achats r\u00e9serv\u00e9s au professionnel\",\"description\":\"Pi\u00e8ces de rechange et accessoires pour po\u00eales et chaudi\u00e8res - eCommerce B2B pour Clients Professionnels\",\"potentialAction\":[{\"@type\":\"SearchAction\",\"target\":{\"@type\":\"EntryPoint\",\"urlTemplate\":\"https:\\\/\\\/amrtop.net\\\/?s={search_term_string}\"},\"query-input\":{\"@type\":\"PropertyValueSpecification\",\"valueRequired\":true,\"valueName\":\"search_term_string\"}}],\"inLanguage\":\"de\"}]}<\/script>\n<!-- \/ Yoast SEO plugin. -->","yoast_head_json":{"title":"Ventilateur tangentiel Trial \u00f8 80 mm L.370 mm moteur gauche","description":"Tangentialventilator Trial \u00f8 80 mm L.370 mm Motor links -Tangentialer Luftabzug mit Motor links Trial -Tangentiales Warmluftabzugssystem Trial f\u00fcr Pellet\u00f6fen -Tangentialventilator zum Ausblasen von Warmluft Trial -Horizontaler Warmluftventilator Raumluft Trial f\u00fcr Pellet\u00f6fen","robots":{"index":"index","follow":"follow","max-snippet":"max-snippet:-1","max-image-preview":"max-image-preview:large","max-video-preview":"max-video-preview:-1"},"canonical":"https:\/\/amrtop.net\/de\/produkt\/ventilateur-tangentiel-trial-o-80-mm-l-370-mm-moteur-gauche\/","og_locale":"de_DE","og_type":"article","og_title":"Ventilateur tangentiel Trial \u00f8 80 mm L.370 mm moteur gauche","og_description":"Ventilateur tangentiel Trial \u00f8 80 mm L.370 mm moteur gauche - Extracteur d\u2019air tangentiel avec moteur gauche Trial -Syst\u00e8me d\u2019extraction d\u2019air chaud tangentiel Trial pour po\u00eales \u00e0 pellets - Ventilateur tangentiel pour l\u2019expulsion d\u2019air chaud Trial -Ventilateur horizontal air chaud ambiant Trial pour po\u00eale \u00e0 pellets","og_url":"https:\/\/amrtop.net\/de\/produkt\/ventilateur-tangentiel-trial-o-80-mm-l-370-mm-moteur-gauche\/","og_site_name":"AMRTOP B2B \u00c9tranger - Achats r\u00e9serv\u00e9s au professionnel","article_modified_time":"2023-06-05T11:17:19+00:00","og_image":[{"width":960,"height":960,"url":"https:\/\/amrtop.net\/wp-content\/uploads\/2020\/01\/8A137B005S1.jpg","type":"image\/jpeg"}],"twitter_card":"summary_large_image","twitter_misc":{"Gesch\u00e4tzte Lesezeit":"1\u00a0Minute"},"schema":{"@context":"https:\/\/schema.org","@graph":[{"@type":"WebPage","@id":"https:\/\/amrtop.net\/produit\/ventilateur-tangentiel-trial-o-80-mm-l-370-mm-moteur-gauche\/","url":"https:\/\/amrtop.net\/produit\/ventilateur-tangentiel-trial-o-80-mm-l-370-mm-moteur-gauche\/","name":"Ventilateur tangentiel Trial \u00f8 80 mm L.370 mm moteur gauche","isPartOf":{"@id":"https:\/\/amrtop.net\/#website"},"primaryImageOfPage":{"@id":"https:\/\/amrtop.net\/produit\/ventilateur-tangentiel-trial-o-80-mm-l-370-mm-moteur-gauche\/#primaryimage"},"image":{"@id":"https:\/\/amrtop.net\/produit\/ventilateur-tangentiel-trial-o-80-mm-l-370-mm-moteur-gauche\/#primaryimage"},"thumbnailUrl":"https:\/\/amrtop.net\/wp-content\/uploads\/2020\/01\/8A137B005S1.jpg","datePublished":"2020-01-10T00:00:00+00:00","dateModified":"2023-06-05T11:17:19+00:00","description":"Tangentialventilator Trial \u00f8 80 mm L.370 mm Motor links -Tangentialer Luftabzug mit Motor links Trial -Tangentiales Warmluftabzugssystem Trial f\u00fcr Pellet\u00f6fen -Tangentialventilator zum Ausblasen von Warmluft Trial -Horizontaler Warmluftventilator Raumluft Trial f\u00fcr Pellet\u00f6fen","breadcrumb":{"@id":"https:\/\/amrtop.net\/produit\/ventilateur-tangentiel-trial-o-80-mm-l-370-mm-moteur-gauche\/#breadcrumb"},"inLanguage":"de","potentialAction":[{"@type":"ReadAction","target":["https:\/\/amrtop.net\/produit\/ventilateur-tangentiel-trial-o-80-mm-l-370-mm-moteur-gauche\/"]}]},{"@type":"ImageObject","inLanguage":"de","@id":"https:\/\/amrtop.net\/produit\/ventilateur-tangentiel-trial-o-80-mm-l-370-mm-moteur-gauche\/#primaryimage","url":"https:\/\/amrtop.net\/wp-content\/uploads\/2020\/01\/8A137B005S1.jpg","contentUrl":"https:\/\/amrtop.net\/wp-content\/uploads\/2020\/01\/8A137B005S1.jpg","width":960,"height":960,"caption":"Ventilateur tangentiel Trial \u00f8 80 mm L.370 mm moteur gauche - Extracteur d\u2019air tangentiel avec moteur gauche Trial -Syst\u00e8me d\u2019extraction d\u2019air chaud tangentiel Trial pour po\u00eales \u00e0 pellets - Ventilateur tangentiel pour l\u2019expulsion d\u2019air chaud Trial -Ventilateur horizontal air chaud ambiant Trial pour po\u00eale \u00e0 pellets"},{"@type":"BreadcrumbList","@id":"https:\/\/amrtop.net\/produit\/ventilateur-tangentiel-trial-o-80-mm-l-370-mm-moteur-gauche\/#breadcrumb","itemListElement":[{"@type":"ListItem","position":1,"name":"Home","item":"https:\/\/amrtop.net\/"},{"@type":"ListItem","position":2,"name":"Shop","item":"https:\/\/amrtop.net\/negozio\/"},{"@type":"ListItem","position":3,"name":"Ventilateur tangentiel Trial Code 8A137B-005 &#8211; Longueur ventilateur 370 mm &#8211; Longueur totale 388 mm"}]},{"@type":"WebSite","@id":"https:\/\/amrtop.net\/#website","url":"https:\/\/amrtop.net\/","name":"AMRTOP B2B Ausland - Einkaufen nur f\u00fcr Fachleute","description":"Ersatzteile und Zubeh\u00f6r f\u00fcr \u00d6fen und Heizkessel - B2B eCommerce f\u00fcr Gesch\u00e4ftskunden","potentialAction":[{"@type":"SearchAction","target":{"@type":"EntryPoint","urlTemplate":"https:\/\/amrtop.net\/?s={search_term_string}"},"query-input":{"@type":"PropertyValueSpecification","valueRequired":true,"valueName":"search_term_string"}}],"inLanguage":"de"}]}},"_links":{"self":[{"href":"https:\/\/amrtop.net\/de\/wp-json\/wp\/v2\/product\/20307","targetHints":{"allow":["GET"]}}],"collection":[{"href":"https:\/\/amrtop.net\/de\/wp-json\/wp\/v2\/product"}],"about":[{"href":"https:\/\/amrtop.net\/de\/wp-json\/wp\/v2\/types\/product"}],"replies":[{"embeddable":true,"href":"https:\/\/amrtop.net\/de\/wp-json\/wp\/v2\/comments?post=20307"}],"wp:featuredmedia":[{"embeddable":true,"href":"https:\/\/amrtop.net\/de\/wp-json\/wp\/v2\/media\/35046"}],"wp:attachment":[{"href":"https:\/\/amrtop.net\/de\/wp-json\/wp\/v2\/media?parent=20307"}],"wp:term":[{"taxonomy":"product_brand","embeddable":true,"href":"https:\/\/amrtop.net\/de\/wp-json\/wp\/v2\/product_brand?post=20307"},{"taxonomy":"product_cat","embeddable":true,"href":"https:\/\/amrtop.net\/de\/wp-json\/wp\/v2\/product_cat?post=20307"},{"taxonomy":"product_tag","embeddable":true,"href":"https:\/\/amrtop.net\/de\/wp-json\/wp\/v2\/product_tag?post=20307"}],"curies":[{"name":"wp","href":"https:\/\/api.w.org\/{rel}","templated":true}]}}