{"id":20320,"date":"2020-10-01T00:00:00","date_gmt":"2020-10-01T00:00:00","guid":{"rendered":"https:\/\/amrtop.com\/B2B\/?post_type=product&#038;p=20320"},"modified":"2023-05-27T11:22:51","modified_gmt":"2023-05-27T11:22:51","slug":"motoreducteur-bcz-5-rpm-code-am5105095-arbre-creux-toles-feuilletees-40-mm","status":"publish","type":"product","link":"https:\/\/amrtop.net\/de\/produit\/motoreducteur-bcz-5-rpm-code-am5105095-arbre-creux-toles-feuilletees-40-mm\/","title":{"rendered":"Motor\u00e9ducteur Bcz 5 rpm Code AM5105095 &#8211; Arbre creux &#8211; T\u00f4les feuillet\u00e9es 40 mm"},"content":{"rendered":"<hr \/>\n<h3 class=\"product_title entry-title\">Motor\u00e9ducteur Bcz 5 rpm arbre creux<\/h3>\n<p>Der Getriebemotor\u00a0<strong>Bcz<\/strong>\u00a0modello 510 proposto da Amrtop \u00e8 pi\u00f9 versatile che mai, il motoriduttore \u00e8 costruito ad alto livello lavorativo con alta resistenza alla coppia di spunto estensione dell\u2019albero singolo o doppio.<\/p>\n<p>Die F\u00e4higkeit zu einer langen Lebensdauer wird durch die Verwendung von Stahlzahnr\u00e4dern gew\u00e4hrleistet.<\/p>\n<p>Diese robusten Getriebemotoren mit widerstandsf\u00e4higem Druckgussgeh\u00e4use, mit 4 St\u00fctzen f\u00fcr den Motor, um ein Verrutschen in der Ausrichtung der Rotorwelle mit robusten Druckgussst\u00fctzen zu verhindern.<\/p>\n<h3><strong>Die Vorteile der BCZ-Getriebemotoren :<\/strong><\/h3>\n<ul>\n<li>Genietete Statorstruktur<\/li>\n<li>Spulen mit Abdeckungen zum Schutz der Terminals<\/li>\n<li>Einfache oder doppelte Mastverl\u00e4ngerung<\/li>\n<li>Pr\u00e4zisionsdruckgussgeh\u00e4use<\/li>\n<li>Getriebemotor mit Merkmalen hoher Laufruhe<\/li>\n<li>Entwickelt f\u00fcr Anwendungen in Pellet\u00f6fen, Boilern und Kaminen<\/li>\n<\/ul>\n<h3>Utilisation du motor\u00e9ducteur Bcz arbre creux 5 rpm<\/h3>\n<p>Le motor\u00e9ducteur Bcz mod\u00e8le 510 vendu par Amrtop et install\u00e9 sur les appareils \u00e0 pellets a pour t\u00e2che de faire tourner la vis sans fin pr\u00e9sente dans le r\u00e9servoir du pellet en le transportant dans le creuset pour \u00eatre br\u00fbl\u00e9, De plus en plus de syst\u00e8mes de nettoyage automatique du brasier pr\u00e9sent sur de nombreux po\u00eales et chaudi\u00e8res \u00e0 biomasse.<\/p>\n<p>Die Schnecke ist so positioniert, dass sie das Pellet von unten aus dem Vorratsbeh\u00e4lter entnimmt und es dann zur Oberseite des Ofens transportiert.<\/p>\n<p>An der Spitze der Cochlea angekommen, f\u00e4llt das Pellet auf nat\u00fcrliche Weise in das Innere einer Rutsche, die es in das Innere des Brenners bef\u00f6rdert.<\/p>\n<p><strong>In typischen Ger\u00e4ten vorhanden<\/strong>\u00a0Pelletofen - Pelletkessel - Pelletbrenner - Pellets BBQ\/grill Biomassekessel - Biomassebrenner - Und viele andere Brenner<\/p>\n<h3><strong>Innen<\/strong><\/h3>\n<p><a href=\"https:\/\/wekos.it\/\">\u00d6fen, Herde und Holzherde<\/a>\u00a0-\u00a0<a href=\"https:\/\/www.greenpuros.com\/\">Kamine, \u00d6fen und Pelletkessel.<\/a><\/p>\n<h3><strong>Amrtop Ersatzteile und Zubeh\u00f6r Sortiment<\/strong><\/h3>\n<p>&nbsp;<\/p>\n<p><a href=\"https:\/\/amrtop.net\/de\/produktkategorie\/ersatzteile-diverse-ofen-und-kocher-2\/bougies-dallumage-pour-poeles-et-chaudieres-a-pellets\/\">Gl\u00fchkerzen<\/a><\/p>\n<p><a href=\"https:\/\/amrtop.net\/de\/produktkategorie\/ersatzteile-diverse-ofen-und-kocher-2\/electronique\/\">Elektronik<\/a><\/p>\n<p><a href=\"https:\/\/amrtop.net\/de\/produktkategorie\/ersatzteile-diverse-ofen-und-kocher-2\/extracteurs-de-fumee\/\">Rauchabzug<\/a><\/p>\n<p><a href=\"https:\/\/amrtop.net\/de\/produktkategorie\/ersatzteile-diverse-ofen-und-kocher-2\/gaines-cable-connecteurs\/\">Kabelh\u00fcllen Verbinder<\/a><\/p>\n<p><a href=\"https:\/\/amrtop.net\/de\/produktkategorie\/ersatzteile-diverse-ofen-und-kocher-2\/joints-de-silicone\/\">Silikondichtungen<\/a><\/p>\n<p><a href=\"https:\/\/amrtop.net\/de\/produktkategorie\/ersatzteile-diverse-ofen-und-kocher-2\/motoreducteurs\/\">Getriebemotoren<\/a><\/p>\n<p><a href=\"https:\/\/amrtop.net\/de\/produktkategorie\/ersatzteile-diverse-ofen-und-kocher-2\/pressostats-et-transducteurs\/\">Druckschalter und Wandler<\/a><\/p>\n<p><a href=\"https:\/\/amrtop.com\/B2B\/fr\/categorie-produit\/ricambi-vari-stufe-e-caldaie\/sonde-termostati-manometri-termometri\/\">Sonden Thermostate Manometer Thermometer<\/a><\/p>\n<p><a href=\"https:\/\/amrtop.net\/de\/produktkategorie\/ersatzteile-diverse-ofen-und-kocher-2\/joints-detancheite\/\">Dichtgeflechte<\/a><\/p>\n<p><a href=\"https:\/\/amrtop.net\/de\/produktkategorie\/ersatzteile-diverse-ofen-und-kocher-2\/ventilateurs-centrifuges-pour-poeles-a-pellets\/\">Zentrifugalventilatoren<\/a><\/p>\n<p><a href=\"https:\/\/amrtop.net\/de\/produktkategorie\/ersatzteile-diverse-ofen-und-kocher-2\/ventilateurs-tangentiels-flux-transversal\/\">Tangentiale Ventilatoren<\/a><\/p>\n<p><a href=\"https:\/\/amrtop.net\/de\/produktkategorie\/ersatzteile-diverse-ofen-und-kocher-2\/adhesifs-et-produits-detancheite\/\">Klebstoffe und Kitt<\/a><\/p>\n<p>&nbsp;<\/p>","protected":false},"excerpt":{"rendered":"<hr \/>\n<h2><span style=\"color: #008000\">Verf\u00fcgbar<\/span><\/h2>\n<hr \/>\n<h3>Getriebemotor Bcz 5 rpm<\/h3>\n<p>Code AM5105095<br \/>\nArbre creux<br \/>\nGeschwindigkeit: 5 rpm<br \/>\nLamellenpaket: 40 mm<br \/>\nDrehrichtung: im Uhrzeigersinn<br \/>\nNenndrehmoment: 15 Nm<\/p>","protected":false},"featured_media":35172,"comment_status":"open","ping_status":"closed","template":"","meta":[],"product_brand":[],"product_cat":[861,1360,1367],"product_tag":[],"class_list":{"0":"post-20320","1":"product","2":"type-product","3":"status-publish","4":"has-post-thumbnail","6":"product_cat-motoreducteurs","7":"product_cat-motoreducteurs-bcz","8":"product_cat-motoreducteurs-bcz-510-arbre-creux","9":"product_shipping_class-classe-di-spedizione-02","11":"first","12":"instock","13":"shipping-taxable","14":"purchasable","15":"product-type-simple"},"yoast_head":"<!-- This site is optimized with the Yoast SEO plugin v27.5 - https:\/\/yoast.com\/product\/yoast-seo-wordpress\/ -->\n<title>Motor\u00e9ducteur Bcz 5 rpm arbre creux<\/title>\n<meta name=\"description\" content=\"Motor\u00e9ducteur Bcz 5 rpm arbre creux a pour t\u00e2che de faire tourner la vis sans fin pr\u00e9sente dans le r\u00e9servoir du pellet en le transportant dans le creuset\" \/>\n<meta name=\"robots\" content=\"index, follow, max-snippet:-1, max-image-preview:large, max-video-preview:-1\" \/>\n<link rel=\"canonical\" href=\"https:\/\/amrtop.net\/de\/produkt\/motoreducteur-bcz-5-rpm-code-am5105095-arbre-creux-toles-feuilletees-40-mm\/\" \/>\n<meta property=\"og:locale\" content=\"de_DE\" \/>\n<meta property=\"og:type\" content=\"article\" \/>\n<meta property=\"og:title\" content=\"Motor\u00e9ducteur Bcz 5 rpm arbre creux\" \/>\n<meta property=\"og:description\" content=\"Motor\u00e9ducteur Bcz 5 rpm arbre creux a pour t\u00e2che de faire tourner la vis sans fin pr\u00e9sente dans le r\u00e9servoir du pellet en le transportant dans le creuset\" \/>\n<meta property=\"og:url\" content=\"https:\/\/amrtop.net\/de\/produkt\/motoreducteur-bcz-5-rpm-code-am5105095-arbre-creux-toles-feuilletees-40-mm\/\" \/>\n<meta property=\"og:site_name\" content=\"AMRTOP B2B \u00c9tranger - Achats r\u00e9serv\u00e9s au professionnel\" \/>\n<meta property=\"article:modified_time\" content=\"2023-05-27T11:22:51+00:00\" \/>\n<meta property=\"og:image\" content=\"https:\/\/amrtop.net\/wp-content\/uploads\/2020\/10\/AM5105095.jpg\" \/>\n\t<meta property=\"og:image:width\" content=\"960\" \/>\n\t<meta property=\"og:image:height\" content=\"960\" \/>\n\t<meta property=\"og:image:type\" content=\"image\/jpeg\" \/>\n<meta name=\"twitter:card\" content=\"summary_large_image\" \/>\n<meta name=\"twitter:label1\" content=\"Gesch\u00e4tzte Lesezeit\" \/>\n\t<meta name=\"twitter:data1\" content=\"2\u00a0Minuten\" \/>\n<script type=\"application\/ld+json\" class=\"yoast-schema-graph\">{\"@context\":\"https:\\\/\\\/schema.org\",\"@graph\":[{\"@type\":\"WebPage\",\"@id\":\"https:\\\/\\\/amrtop.net\\\/produit\\\/motoreducteur-bcz-5-rpm-code-am5105095-arbre-creux-toles-feuilletees-40-mm\\\/\",\"url\":\"https:\\\/\\\/amrtop.net\\\/produit\\\/motoreducteur-bcz-5-rpm-code-am5105095-arbre-creux-toles-feuilletees-40-mm\\\/\",\"name\":\"Motor\u00e9ducteur Bcz 5 rpm arbre creux\",\"isPartOf\":{\"@id\":\"https:\\\/\\\/amrtop.net\\\/#website\"},\"primaryImageOfPage\":{\"@id\":\"https:\\\/\\\/amrtop.net\\\/produit\\\/motoreducteur-bcz-5-rpm-code-am5105095-arbre-creux-toles-feuilletees-40-mm\\\/#primaryimage\"},\"image\":{\"@id\":\"https:\\\/\\\/amrtop.net\\\/produit\\\/motoreducteur-bcz-5-rpm-code-am5105095-arbre-creux-toles-feuilletees-40-mm\\\/#primaryimage\"},\"thumbnailUrl\":\"https:\\\/\\\/amrtop.net\\\/wp-content\\\/uploads\\\/2020\\\/10\\\/AM5105095.jpg\",\"datePublished\":\"2020-10-01T00:00:00+00:00\",\"dateModified\":\"2023-05-27T11:22:51+00:00\",\"description\":\"Motor\u00e9ducteur Bcz 5 rpm arbre creux a pour t\u00e2che de faire tourner la vis sans fin pr\u00e9sente dans le r\u00e9servoir du pellet en le transportant dans le creuset\",\"breadcrumb\":{\"@id\":\"https:\\\/\\\/amrtop.net\\\/produit\\\/motoreducteur-bcz-5-rpm-code-am5105095-arbre-creux-toles-feuilletees-40-mm\\\/#breadcrumb\"},\"inLanguage\":\"de\",\"potentialAction\":[{\"@type\":\"ReadAction\",\"target\":[\"https:\\\/\\\/amrtop.net\\\/produit\\\/motoreducteur-bcz-5-rpm-code-am5105095-arbre-creux-toles-feuilletees-40-mm\\\/\"]}]},{\"@type\":\"ImageObject\",\"inLanguage\":\"de\",\"@id\":\"https:\\\/\\\/amrtop.net\\\/produit\\\/motoreducteur-bcz-5-rpm-code-am5105095-arbre-creux-toles-feuilletees-40-mm\\\/#primaryimage\",\"url\":\"https:\\\/\\\/amrtop.net\\\/wp-content\\\/uploads\\\/2020\\\/10\\\/AM5105095.jpg\",\"contentUrl\":\"https:\\\/\\\/amrtop.net\\\/wp-content\\\/uploads\\\/2020\\\/10\\\/AM5105095.jpg\",\"width\":960,\"height\":960,\"caption\":\"Motor\u00e9ducteur Bcz 5 rpm arbre creux a pour t\u00e2che de faire tourner la vis sans fin pr\u00e9sente dans le r\u00e9servoir du pellet en le transportant dans le creuset\"},{\"@type\":\"BreadcrumbList\",\"@id\":\"https:\\\/\\\/amrtop.net\\\/produit\\\/motoreducteur-bcz-5-rpm-code-am5105095-arbre-creux-toles-feuilletees-40-mm\\\/#breadcrumb\",\"itemListElement\":[{\"@type\":\"ListItem\",\"position\":1,\"name\":\"Home\",\"item\":\"https:\\\/\\\/amrtop.net\\\/\"},{\"@type\":\"ListItem\",\"position\":2,\"name\":\"Shop\",\"item\":\"https:\\\/\\\/amrtop.net\\\/negozio\\\/\"},{\"@type\":\"ListItem\",\"position\":3,\"name\":\"Motor\u00e9ducteur Bcz 5 rpm Code AM5105095 &#8211; Arbre creux &#8211; T\u00f4les feuillet\u00e9es 40 mm\"}]},{\"@type\":\"WebSite\",\"@id\":\"https:\\\/\\\/amrtop.net\\\/#website\",\"url\":\"https:\\\/\\\/amrtop.net\\\/\",\"name\":\"AMRTOP B2B \u00c9tranger - Achats r\u00e9serv\u00e9s au professionnel\",\"description\":\"Pi\u00e8ces de rechange et accessoires pour po\u00eales et chaudi\u00e8res - eCommerce B2B pour Clients Professionnels\",\"potentialAction\":[{\"@type\":\"SearchAction\",\"target\":{\"@type\":\"EntryPoint\",\"urlTemplate\":\"https:\\\/\\\/amrtop.net\\\/?s={search_term_string}\"},\"query-input\":{\"@type\":\"PropertyValueSpecification\",\"valueRequired\":true,\"valueName\":\"search_term_string\"}}],\"inLanguage\":\"de\"}]}<\/script>\n<!-- \/ Yoast SEO plugin. -->","yoast_head_json":{"title":"Motor\u00e9ducteur Bcz 5 rpm arbre creux","description":"Motor\u00e9ducteur Bcz 5 rpm arbre creux a pour t\u00e2che de faire tourner la vis sans fin pr\u00e9sente dans le r\u00e9servoir du pellet en le transportant dans le creuset","robots":{"index":"index","follow":"follow","max-snippet":"max-snippet:-1","max-image-preview":"max-image-preview:large","max-video-preview":"max-video-preview:-1"},"canonical":"https:\/\/amrtop.net\/de\/produkt\/motoreducteur-bcz-5-rpm-code-am5105095-arbre-creux-toles-feuilletees-40-mm\/","og_locale":"de_DE","og_type":"article","og_title":"Motor\u00e9ducteur Bcz 5 rpm arbre creux","og_description":"Motor\u00e9ducteur Bcz 5 rpm arbre creux a pour t\u00e2che de faire tourner la vis sans fin pr\u00e9sente dans le r\u00e9servoir du pellet en le transportant dans le creuset","og_url":"https:\/\/amrtop.net\/de\/produkt\/motoreducteur-bcz-5-rpm-code-am5105095-arbre-creux-toles-feuilletees-40-mm\/","og_site_name":"AMRTOP B2B \u00c9tranger - Achats r\u00e9serv\u00e9s au professionnel","article_modified_time":"2023-05-27T11:22:51+00:00","og_image":[{"width":960,"height":960,"url":"https:\/\/amrtop.net\/wp-content\/uploads\/2020\/10\/AM5105095.jpg","type":"image\/jpeg"}],"twitter_card":"summary_large_image","twitter_misc":{"Gesch\u00e4tzte Lesezeit":"2\u00a0Minuten"},"schema":{"@context":"https:\/\/schema.org","@graph":[{"@type":"WebPage","@id":"https:\/\/amrtop.net\/produit\/motoreducteur-bcz-5-rpm-code-am5105095-arbre-creux-toles-feuilletees-40-mm\/","url":"https:\/\/amrtop.net\/produit\/motoreducteur-bcz-5-rpm-code-am5105095-arbre-creux-toles-feuilletees-40-mm\/","name":"Motor\u00e9ducteur Bcz 5 rpm arbre creux","isPartOf":{"@id":"https:\/\/amrtop.net\/#website"},"primaryImageOfPage":{"@id":"https:\/\/amrtop.net\/produit\/motoreducteur-bcz-5-rpm-code-am5105095-arbre-creux-toles-feuilletees-40-mm\/#primaryimage"},"image":{"@id":"https:\/\/amrtop.net\/produit\/motoreducteur-bcz-5-rpm-code-am5105095-arbre-creux-toles-feuilletees-40-mm\/#primaryimage"},"thumbnailUrl":"https:\/\/amrtop.net\/wp-content\/uploads\/2020\/10\/AM5105095.jpg","datePublished":"2020-10-01T00:00:00+00:00","dateModified":"2023-05-27T11:22:51+00:00","description":"Motor\u00e9ducteur Bcz 5 rpm arbre creux a pour t\u00e2che de faire tourner la vis sans fin pr\u00e9sente dans le r\u00e9servoir du pellet en le transportant dans le creuset","breadcrumb":{"@id":"https:\/\/amrtop.net\/produit\/motoreducteur-bcz-5-rpm-code-am5105095-arbre-creux-toles-feuilletees-40-mm\/#breadcrumb"},"inLanguage":"de","potentialAction":[{"@type":"ReadAction","target":["https:\/\/amrtop.net\/produit\/motoreducteur-bcz-5-rpm-code-am5105095-arbre-creux-toles-feuilletees-40-mm\/"]}]},{"@type":"ImageObject","inLanguage":"de","@id":"https:\/\/amrtop.net\/produit\/motoreducteur-bcz-5-rpm-code-am5105095-arbre-creux-toles-feuilletees-40-mm\/#primaryimage","url":"https:\/\/amrtop.net\/wp-content\/uploads\/2020\/10\/AM5105095.jpg","contentUrl":"https:\/\/amrtop.net\/wp-content\/uploads\/2020\/10\/AM5105095.jpg","width":960,"height":960,"caption":"Motor\u00e9ducteur Bcz 5 rpm arbre creux a pour t\u00e2che de faire tourner la vis sans fin pr\u00e9sente dans le r\u00e9servoir du pellet en le transportant dans le creuset"},{"@type":"BreadcrumbList","@id":"https:\/\/amrtop.net\/produit\/motoreducteur-bcz-5-rpm-code-am5105095-arbre-creux-toles-feuilletees-40-mm\/#breadcrumb","itemListElement":[{"@type":"ListItem","position":1,"name":"Home","item":"https:\/\/amrtop.net\/"},{"@type":"ListItem","position":2,"name":"Shop","item":"https:\/\/amrtop.net\/negozio\/"},{"@type":"ListItem","position":3,"name":"Motor\u00e9ducteur Bcz 5 rpm Code AM5105095 &#8211; Arbre creux &#8211; T\u00f4les feuillet\u00e9es 40 mm"}]},{"@type":"WebSite","@id":"https:\/\/amrtop.net\/#website","url":"https:\/\/amrtop.net\/","name":"AMRTOP B2B Ausland - Einkaufen nur f\u00fcr Fachleute","description":"Ersatzteile und Zubeh\u00f6r f\u00fcr \u00d6fen und Heizkessel - B2B eCommerce f\u00fcr Gesch\u00e4ftskunden","potentialAction":[{"@type":"SearchAction","target":{"@type":"EntryPoint","urlTemplate":"https:\/\/amrtop.net\/?s={search_term_string}"},"query-input":{"@type":"PropertyValueSpecification","valueRequired":true,"valueName":"search_term_string"}}],"inLanguage":"de"}]}},"_links":{"self":[{"href":"https:\/\/amrtop.net\/de\/wp-json\/wp\/v2\/product\/20320","targetHints":{"allow":["GET"]}}],"collection":[{"href":"https:\/\/amrtop.net\/de\/wp-json\/wp\/v2\/product"}],"about":[{"href":"https:\/\/amrtop.net\/de\/wp-json\/wp\/v2\/types\/product"}],"replies":[{"embeddable":true,"href":"https:\/\/amrtop.net\/de\/wp-json\/wp\/v2\/comments?post=20320"}],"wp:featuredmedia":[{"embeddable":true,"href":"https:\/\/amrtop.net\/de\/wp-json\/wp\/v2\/media\/35172"}],"wp:attachment":[{"href":"https:\/\/amrtop.net\/de\/wp-json\/wp\/v2\/media?parent=20320"}],"wp:term":[{"taxonomy":"product_brand","embeddable":true,"href":"https:\/\/amrtop.net\/de\/wp-json\/wp\/v2\/product_brand?post=20320"},{"taxonomy":"product_cat","embeddable":true,"href":"https:\/\/amrtop.net\/de\/wp-json\/wp\/v2\/product_cat?post=20320"},{"taxonomy":"product_tag","embeddable":true,"href":"https:\/\/amrtop.net\/de\/wp-json\/wp\/v2\/product_tag?post=20320"}],"curies":[{"name":"wp","href":"https:\/\/api.w.org\/{rel}","templated":true}]}}