{"id":20426,"date":"2020-10-01T00:00:00","date_gmt":"2020-10-01T00:00:00","guid":{"rendered":"https:\/\/amrtop.com\/B2B\/?post_type=product&#038;p=20426"},"modified":"2023-06-03T08:20:12","modified_gmt":"2023-06-03T08:20:12","slug":"ventilateur-tangentiel-fergas-o-60-mm-l-vent-180-mm","status":"publish","type":"product","link":"https:\/\/amrtop.net\/de\/produit\/ventilateur-tangentiel-fergas-o-60-mm-l-vent-180-mm\/","title":{"rendered":"Ventilateur tangentiel Fergas Code 112766-D2 &#8211; Longueur ventilateur 180 mm &#8211; Longueur totale 248 mm"},"content":{"rendered":"<h3>Ventilateur tangentiel Fergas \u00f8 60 mm L.vent 180 mm<\/h3>\n<p>Das Unternehmen wurde 1949 von unserem Gr\u00fcnder Lennart Wallman in Link\u00f6ping, Schweden, gegr\u00fcndet und befindet sich auch heute noch im Familienbesitz.<\/p>\n<p>Die von Amrtop angebotenen Fergas-Tangentialventilatoren werden in zahlreichen Anwendungen eingesetzt, z. B. in Flammherden, Geschirrsp\u00fclern, medizinischen Ger\u00e4ten und zur K\u00fchlung vieler Arten von elektronischen Ger\u00e4ten. Sie sind in verschiedenen L\u00e4ngen und Durchmessern in Einzel- und Doppelausf\u00fchrung mit einer breiten Palette von Motoren erh\u00e4ltlich.<\/p>\n<p>Amrtop bietet eine breite Palette an Fergas-Produkten f\u00fcr die Bel\u00fcftung an, die speziell f\u00fcr den Heizungs- und K\u00fchlsektor entwickelt wurden.<\/p>\n<p>Im Laufe seiner Geschichte hat Fergas den Erfolg seiner Kunden an die erste Stelle gesetzt.<\/p>\n<p>Die Produktionsprozesse sind kundenorientiert und nutzen Technologien von Weltklasse.<\/p>\n<h3>Utilisation du ventilateur tangentiel Fergas, 60 mm L.vent 180 mm<\/h3>\n<p>Die von Amrtop angebotenen Tangential-Querstromventilatoren werden in Biomasseger\u00e4te eingebaut, um die vom Brennk\u00f6rper erzeugte hei\u00dfe Luft abzusaugen und anschlie\u00dfend in die Umgebung zu verteilen.<\/p>\n<p><strong>In typischen Ger\u00e4ten vorhanden<\/strong>\u00a0Pelletofen - Pelletkessel - Pelletbrenner - Pellets BBQ\/grill Biomassekessel - Biomassebrenner - Und viele andere Brenner<\/p>\n<p><strong>Innen<\/strong><\/p>\n<p><a href=\"https:\/\/wekos.it\/\">\u00d6fen, Herde und Holzherde<\/a>\u00a0-\u00a0<a href=\"https:\/\/www.greenpuros.com\/\">Kamine, \u00d6fen und Pelletkessel.<\/a><\/p>\n<h3><strong>Amrtop Ersatzteile und Zubeh\u00f6r Sortiment<\/strong><\/h3>\n<p><a href=\"https:\/\/amrtop.net\/de\/produktkategorie\/ersatzteile-diverse-ofen-und-kocher-2\/bougies-dallumage-pour-poeles-et-chaudieres-a-pellets\/\">Gl\u00fchkerzen<\/a><\/p>\n<p><a href=\"https:\/\/amrtop.net\/de\/produktkategorie\/ersatzteile-diverse-ofen-und-kocher-2\/electronique\/\">Elektronik<\/a><\/p>\n<p><a href=\"https:\/\/amrtop.net\/de\/produktkategorie\/ersatzteile-diverse-ofen-und-kocher-2\/extracteurs-de-fumee\/\">Rauchabzug<\/a><\/p>\n<p><a href=\"https:\/\/amrtop.net\/de\/produktkategorie\/ersatzteile-diverse-ofen-und-kocher-2\/gaines-cable-connecteurs\/\">Kabelh\u00fcllen Verbinder<\/a><\/p>\n<p><a href=\"https:\/\/amrtop.net\/de\/produktkategorie\/ersatzteile-diverse-ofen-und-kocher-2\/joints-de-silicone\/\">Silikondichtungen<\/a><\/p>\n<p><a href=\"https:\/\/amrtop.net\/de\/produktkategorie\/ersatzteile-diverse-ofen-und-kocher-2\/motoreducteurs\/\">Getriebemotoren<\/a><\/p>\n<p><a href=\"https:\/\/amrtop.net\/de\/produktkategorie\/ersatzteile-diverse-ofen-und-kocher-2\/pressostats-et-transducteurs\/\">Druckschalter und Wandler<\/a><\/p>\n<p><a href=\"https:\/\/amrtop.net\/de\/produktkategorie\/ersatzteile-diverse-ofen-und-kocher-2\/sondes-thermostats-manometres-thermometres\/\">Sonden Thermostate Manometer Thermometer<\/a><\/p>\n<p><a href=\"https:\/\/amrtop.net\/de\/produktkategorie\/ersatzteile-diverse-ofen-und-kocher-2\/joints-detancheite\/\">Dichtgeflechte<\/a><\/p>\n<p><a href=\"https:\/\/amrtop.net\/de\/produktkategorie\/ersatzteile-diverse-ofen-und-kocher-2\/ventilateurs-centrifuges-pour-poeles-a-pellets\/\">Zentrifugalventilatoren<\/a><\/p>\n<p><a href=\"https:\/\/amrtop.net\/de\/produktkategorie\/ersatzteile-diverse-ofen-und-kocher-2\/ventilateurs-tangentiels-flux-transversal\/\">Tangentiale Ventilatoren<\/a><\/p>\n<p><a href=\"https:\/\/amrtop.net\/de\/produktkategorie\/ersatzteile-diverse-ofen-und-kocher-2\/adhesifs-et-produits-detancheite\/\">Klebstoffe und Kitt<\/a><\/p>","protected":false},"excerpt":{"rendered":"<hr \/>\n<h2><span style=\"color: #008000\">Verf\u00fcgbar<\/span><\/h2>\n<hr \/>\n<p>Code 112766-D2<\/p>\n<p>Motor rechts<br \/>\nVentilator \u00f8 60 mm<br \/>\nLongueur du ventilateur 180 mm<br \/>\nLongueur totale : 248 mm<br \/>\nGesamth\u00f6he: 84 mm<br \/>\nDimensions bouches : 30 x 184 mm<br \/>\nDebit d&#8217;air : 124 m\u00b3\/h<br \/>\nVerbundbleche: 15 mm<br \/>\nPuissances : 22 W<br \/>\nKlasse H - W\u00e4rmeschutz 160\u00b0<\/p>","protected":false},"featured_media":35099,"comment_status":"open","ping_status":"closed","template":"","meta":[],"product_brand":[],"product_cat":[878,883,884],"product_tag":[],"class_list":{"0":"post-20426","1":"product","2":"type-product","3":"status-publish","4":"has-post-thumbnail","6":"product_cat-ventilateurs-tangentiels-flux-transversal","7":"product_cat-ventilateurs-tangentiels-fergas-pour-poeles-et-chaudieres-a-pellets","8":"product_cat-ventilateurs-tangentiels-fergas-o-ventilateur-60-mm","9":"product_shipping_class-classe-di-spedizione-02","11":"first","12":"instock","13":"shipping-taxable","14":"purchasable","15":"product-type-simple"},"yoast_head":"<!-- This site is optimized with the Yoast SEO plugin v27.4 - https:\/\/yoast.com\/product\/yoast-seo-wordpress\/ -->\n<title>Ventilateur tangentiel Fergas \u00f8 60 mm L.vent 180 mm<\/title>\n<meta name=\"description\" content=\"Ventilateur tangentiel Fergas \u00f8 60 mm L.vent 180 mm - Extracteur d\u2019air tangentiel Fergas-Syst\u00e8me d\u2019extraction d\u2019air chaud tangentiel pour po\u00eales \u00e0 pellets - Ventilateur tangentiel pour l\u2019expulsion d\u2019air chaud -Ventilateur d\u2019air chaud ambiant pour po\u00eale \u00e0 pellets\" \/>\n<meta name=\"robots\" content=\"index, follow, max-snippet:-1, max-image-preview:large, max-video-preview:-1\" \/>\n<link rel=\"canonical\" href=\"https:\/\/amrtop.net\/de\/produkt\/ventilateur-tangentiel-fergas-o-60-mm-l-vent-180-mm\/\" \/>\n<meta property=\"og:locale\" content=\"de_DE\" \/>\n<meta property=\"og:type\" content=\"article\" \/>\n<meta property=\"og:title\" content=\"Ventilateur tangentiel Fergas \u00f8 60 mm L.vent 180 mm\" \/>\n<meta property=\"og:description\" content=\"Ventilateur tangentiel Fergas \u00f8 60 mm L.vent 180 mm - Extracteur d\u2019air tangentiel Fergas-Syst\u00e8me d\u2019extraction d\u2019air chaud tangentiel pour po\u00eales \u00e0 pellets - Ventilateur tangentiel pour l\u2019expulsion d\u2019air chaud -Ventilateur d\u2019air chaud ambiant pour po\u00eale \u00e0 pellets\" \/>\n<meta property=\"og:url\" content=\"https:\/\/amrtop.net\/de\/produkt\/ventilateur-tangentiel-fergas-o-60-mm-l-vent-180-mm\/\" \/>\n<meta property=\"og:site_name\" content=\"AMRTOP B2B \u00c9tranger - Achats r\u00e9serv\u00e9s au professionnel\" \/>\n<meta property=\"article:modified_time\" content=\"2023-06-03T08:20:12+00:00\" \/>\n<meta property=\"og:image\" content=\"https:\/\/amrtop.net\/wp-content\/uploads\/2020\/10\/112766D2.jpg\" \/>\n\t<meta property=\"og:image:width\" content=\"960\" \/>\n\t<meta property=\"og:image:height\" content=\"960\" \/>\n\t<meta property=\"og:image:type\" content=\"image\/jpeg\" \/>\n<meta name=\"twitter:card\" content=\"summary_large_image\" \/>\n<meta name=\"twitter:label1\" content=\"Gesch\u00e4tzte Lesezeit\" \/>\n\t<meta name=\"twitter:data1\" content=\"1\u00a0Minute\" \/>\n<script type=\"application\/ld+json\" class=\"yoast-schema-graph\">{\"@context\":\"https:\\\/\\\/schema.org\",\"@graph\":[{\"@type\":\"WebPage\",\"@id\":\"https:\\\/\\\/amrtop.net\\\/produit\\\/ventilateur-tangentiel-fergas-o-60-mm-l-vent-180-mm\\\/\",\"url\":\"https:\\\/\\\/amrtop.net\\\/produit\\\/ventilateur-tangentiel-fergas-o-60-mm-l-vent-180-mm\\\/\",\"name\":\"Ventilateur tangentiel Fergas \u00f8 60 mm L.vent 180 mm\",\"isPartOf\":{\"@id\":\"https:\\\/\\\/amrtop.net\\\/#website\"},\"primaryImageOfPage\":{\"@id\":\"https:\\\/\\\/amrtop.net\\\/produit\\\/ventilateur-tangentiel-fergas-o-60-mm-l-vent-180-mm\\\/#primaryimage\"},\"image\":{\"@id\":\"https:\\\/\\\/amrtop.net\\\/produit\\\/ventilateur-tangentiel-fergas-o-60-mm-l-vent-180-mm\\\/#primaryimage\"},\"thumbnailUrl\":\"https:\\\/\\\/amrtop.net\\\/wp-content\\\/uploads\\\/2020\\\/10\\\/112766D2.jpg\",\"datePublished\":\"2020-10-01T00:00:00+00:00\",\"dateModified\":\"2023-06-03T08:20:12+00:00\",\"description\":\"Ventilateur tangentiel Fergas \u00f8 60 mm L.vent 180 mm - Extracteur d\u2019air tangentiel Fergas-Syst\u00e8me d\u2019extraction d\u2019air chaud tangentiel pour po\u00eales \u00e0 pellets - Ventilateur tangentiel pour l\u2019expulsion d\u2019air chaud -Ventilateur d\u2019air chaud ambiant pour po\u00eale \u00e0 pellets\",\"breadcrumb\":{\"@id\":\"https:\\\/\\\/amrtop.net\\\/produit\\\/ventilateur-tangentiel-fergas-o-60-mm-l-vent-180-mm\\\/#breadcrumb\"},\"inLanguage\":\"de\",\"potentialAction\":[{\"@type\":\"ReadAction\",\"target\":[\"https:\\\/\\\/amrtop.net\\\/produit\\\/ventilateur-tangentiel-fergas-o-60-mm-l-vent-180-mm\\\/\"]}]},{\"@type\":\"ImageObject\",\"inLanguage\":\"de\",\"@id\":\"https:\\\/\\\/amrtop.net\\\/produit\\\/ventilateur-tangentiel-fergas-o-60-mm-l-vent-180-mm\\\/#primaryimage\",\"url\":\"https:\\\/\\\/amrtop.net\\\/wp-content\\\/uploads\\\/2020\\\/10\\\/112766D2.jpg\",\"contentUrl\":\"https:\\\/\\\/amrtop.net\\\/wp-content\\\/uploads\\\/2020\\\/10\\\/112766D2.jpg\",\"width\":960,\"height\":960,\"caption\":\"Ventilateur tangentiel Fergas \u00f8 60 mm L.vent 180 mm - Extracteur d\u2019air tangentiel Fergas-Syst\u00e8me d\u2019extraction d\u2019air chaud tangentiel pour po\u00eales \u00e0 pellets - Ventilateur tangentiel pour l\u2019expulsion d\u2019air chaud -Ventilateur d\u2019air chaud ambiant pour po\u00eale \u00e0 pellets\"},{\"@type\":\"BreadcrumbList\",\"@id\":\"https:\\\/\\\/amrtop.net\\\/produit\\\/ventilateur-tangentiel-fergas-o-60-mm-l-vent-180-mm\\\/#breadcrumb\",\"itemListElement\":[{\"@type\":\"ListItem\",\"position\":1,\"name\":\"Home\",\"item\":\"https:\\\/\\\/amrtop.net\\\/\"},{\"@type\":\"ListItem\",\"position\":2,\"name\":\"Shop\",\"item\":\"https:\\\/\\\/amrtop.net\\\/negozio\\\/\"},{\"@type\":\"ListItem\",\"position\":3,\"name\":\"Ventilateur tangentiel Fergas Code 112766-D2 &#8211; Longueur ventilateur 180 mm &#8211; Longueur totale 248 mm\"}]},{\"@type\":\"WebSite\",\"@id\":\"https:\\\/\\\/amrtop.net\\\/#website\",\"url\":\"https:\\\/\\\/amrtop.net\\\/\",\"name\":\"AMRTOP B2B \u00c9tranger - Achats r\u00e9serv\u00e9s au professionnel\",\"description\":\"Pi\u00e8ces de rechange et accessoires pour po\u00eales et chaudi\u00e8res - eCommerce B2B pour Clients Professionnels\",\"potentialAction\":[{\"@type\":\"SearchAction\",\"target\":{\"@type\":\"EntryPoint\",\"urlTemplate\":\"https:\\\/\\\/amrtop.net\\\/?s={search_term_string}\"},\"query-input\":{\"@type\":\"PropertyValueSpecification\",\"valueRequired\":true,\"valueName\":\"search_term_string\"}}],\"inLanguage\":\"de\"}]}<\/script>\n<!-- \/ Yoast SEO plugin. -->","yoast_head_json":{"title":"Ventilateur tangentiel Fergas \u00f8 60 mm L.vent 180 mm","description":"Ventilateur tangentiel Fergas \u00f8 60 mm L.vent 180 mm - Extracteur d\u2019air tangentiel Fergas-Syst\u00e8me d\u2019extraction d\u2019air chaud tangentiel pour po\u00eales \u00e0 pellets - Ventilateur tangentiel pour l\u2019expulsion d\u2019air chaud -Ventilateur d\u2019air chaud ambiant pour po\u00eale \u00e0 pellets","robots":{"index":"index","follow":"follow","max-snippet":"max-snippet:-1","max-image-preview":"max-image-preview:large","max-video-preview":"max-video-preview:-1"},"canonical":"https:\/\/amrtop.net\/de\/produkt\/ventilateur-tangentiel-fergas-o-60-mm-l-vent-180-mm\/","og_locale":"de_DE","og_type":"article","og_title":"Ventilateur tangentiel Fergas \u00f8 60 mm L.vent 180 mm","og_description":"Ventilateur tangentiel Fergas \u00f8 60 mm L.vent 180 mm - Extracteur d\u2019air tangentiel Fergas-Syst\u00e8me d\u2019extraction d\u2019air chaud tangentiel pour po\u00eales \u00e0 pellets - Ventilateur tangentiel pour l\u2019expulsion d\u2019air chaud -Ventilateur d\u2019air chaud ambiant pour po\u00eale \u00e0 pellets","og_url":"https:\/\/amrtop.net\/de\/produkt\/ventilateur-tangentiel-fergas-o-60-mm-l-vent-180-mm\/","og_site_name":"AMRTOP B2B \u00c9tranger - Achats r\u00e9serv\u00e9s au professionnel","article_modified_time":"2023-06-03T08:20:12+00:00","og_image":[{"width":960,"height":960,"url":"https:\/\/amrtop.net\/wp-content\/uploads\/2020\/10\/112766D2.jpg","type":"image\/jpeg"}],"twitter_card":"summary_large_image","twitter_misc":{"Gesch\u00e4tzte Lesezeit":"1\u00a0Minute"},"schema":{"@context":"https:\/\/schema.org","@graph":[{"@type":"WebPage","@id":"https:\/\/amrtop.net\/produit\/ventilateur-tangentiel-fergas-o-60-mm-l-vent-180-mm\/","url":"https:\/\/amrtop.net\/produit\/ventilateur-tangentiel-fergas-o-60-mm-l-vent-180-mm\/","name":"Ventilateur tangentiel Fergas \u00f8 60 mm L.vent 180 mm","isPartOf":{"@id":"https:\/\/amrtop.net\/#website"},"primaryImageOfPage":{"@id":"https:\/\/amrtop.net\/produit\/ventilateur-tangentiel-fergas-o-60-mm-l-vent-180-mm\/#primaryimage"},"image":{"@id":"https:\/\/amrtop.net\/produit\/ventilateur-tangentiel-fergas-o-60-mm-l-vent-180-mm\/#primaryimage"},"thumbnailUrl":"https:\/\/amrtop.net\/wp-content\/uploads\/2020\/10\/112766D2.jpg","datePublished":"2020-10-01T00:00:00+00:00","dateModified":"2023-06-03T08:20:12+00:00","description":"Ventilateur tangentiel Fergas \u00f8 60 mm L.vent 180 mm - Extracteur d\u2019air tangentiel Fergas-Syst\u00e8me d\u2019extraction d\u2019air chaud tangentiel pour po\u00eales \u00e0 pellets - Ventilateur tangentiel pour l\u2019expulsion d\u2019air chaud -Ventilateur d\u2019air chaud ambiant pour po\u00eale \u00e0 pellets","breadcrumb":{"@id":"https:\/\/amrtop.net\/produit\/ventilateur-tangentiel-fergas-o-60-mm-l-vent-180-mm\/#breadcrumb"},"inLanguage":"de","potentialAction":[{"@type":"ReadAction","target":["https:\/\/amrtop.net\/produit\/ventilateur-tangentiel-fergas-o-60-mm-l-vent-180-mm\/"]}]},{"@type":"ImageObject","inLanguage":"de","@id":"https:\/\/amrtop.net\/produit\/ventilateur-tangentiel-fergas-o-60-mm-l-vent-180-mm\/#primaryimage","url":"https:\/\/amrtop.net\/wp-content\/uploads\/2020\/10\/112766D2.jpg","contentUrl":"https:\/\/amrtop.net\/wp-content\/uploads\/2020\/10\/112766D2.jpg","width":960,"height":960,"caption":"Ventilateur tangentiel Fergas \u00f8 60 mm L.vent 180 mm - Extracteur d\u2019air tangentiel Fergas-Syst\u00e8me d\u2019extraction d\u2019air chaud tangentiel pour po\u00eales \u00e0 pellets - Ventilateur tangentiel pour l\u2019expulsion d\u2019air chaud -Ventilateur d\u2019air chaud ambiant pour po\u00eale \u00e0 pellets"},{"@type":"BreadcrumbList","@id":"https:\/\/amrtop.net\/produit\/ventilateur-tangentiel-fergas-o-60-mm-l-vent-180-mm\/#breadcrumb","itemListElement":[{"@type":"ListItem","position":1,"name":"Home","item":"https:\/\/amrtop.net\/"},{"@type":"ListItem","position":2,"name":"Shop","item":"https:\/\/amrtop.net\/negozio\/"},{"@type":"ListItem","position":3,"name":"Ventilateur tangentiel Fergas Code 112766-D2 &#8211; Longueur ventilateur 180 mm &#8211; Longueur totale 248 mm"}]},{"@type":"WebSite","@id":"https:\/\/amrtop.net\/#website","url":"https:\/\/amrtop.net\/","name":"AMRTOP B2B Ausland - Einkaufen nur f\u00fcr Fachleute","description":"Ersatzteile und Zubeh\u00f6r f\u00fcr \u00d6fen und Heizkessel - B2B eCommerce f\u00fcr Gesch\u00e4ftskunden","potentialAction":[{"@type":"SearchAction","target":{"@type":"EntryPoint","urlTemplate":"https:\/\/amrtop.net\/?s={search_term_string}"},"query-input":{"@type":"PropertyValueSpecification","valueRequired":true,"valueName":"search_term_string"}}],"inLanguage":"de"}]}},"_links":{"self":[{"href":"https:\/\/amrtop.net\/de\/wp-json\/wp\/v2\/product\/20426","targetHints":{"allow":["GET"]}}],"collection":[{"href":"https:\/\/amrtop.net\/de\/wp-json\/wp\/v2\/product"}],"about":[{"href":"https:\/\/amrtop.net\/de\/wp-json\/wp\/v2\/types\/product"}],"replies":[{"embeddable":true,"href":"https:\/\/amrtop.net\/de\/wp-json\/wp\/v2\/comments?post=20426"}],"wp:featuredmedia":[{"embeddable":true,"href":"https:\/\/amrtop.net\/de\/wp-json\/wp\/v2\/media\/35099"}],"wp:attachment":[{"href":"https:\/\/amrtop.net\/de\/wp-json\/wp\/v2\/media?parent=20426"}],"wp:term":[{"taxonomy":"product_brand","embeddable":true,"href":"https:\/\/amrtop.net\/de\/wp-json\/wp\/v2\/product_brand?post=20426"},{"taxonomy":"product_cat","embeddable":true,"href":"https:\/\/amrtop.net\/de\/wp-json\/wp\/v2\/product_cat?post=20426"},{"taxonomy":"product_tag","embeddable":true,"href":"https:\/\/amrtop.net\/de\/wp-json\/wp\/v2\/product_tag?post=20426"}],"curies":[{"name":"wp","href":"https:\/\/api.w.org\/{rel}","templated":true}]}}