{"id":20449,"date":"2020-10-01T00:00:00","date_gmt":"2020-10-01T00:00:00","guid":{"rendered":"https:\/\/amrtop.com\/B2B\/?post_type=product&#038;p=20449"},"modified":"2023-06-02T12:58:52","modified_gmt":"2023-06-02T12:58:52","slug":"extracteur-de-fumee-emc-fime-code-amrpl30","status":"publish","type":"product","link":"https:\/\/amrtop.net\/de\/produit\/extracteur-de-fumee-emc-fime-code-amrpl30\/","title":{"rendered":"Rauchgasabsaugvorrichtung Emc Fime Code AMRPL30 - L\u00fcfter \u00f8 180 mm - L\u00fcfterh\u00f6he 35 mm"},"content":{"rendered":"<hr \/>\n<h3>Extracteur de fum\u00e9e Emc Fime Code AMRPL30<\/h3>\n<p><strong>Durabilit\u00e9, s\u00e9curit\u00e9 et qualit\u00e9<\/strong><\/p>\n<p>Amrtop propose EMC FIME car tous les processus sont mis en \u0153uvre dans le plus grand respect des personnes et de l\u2019environnement\u00a0:<\/p>\n<p>S\u00e9curit\u00e9, la qualit\u00e9 et la durabilit\u00e9 sous toutes leurs formes et applications sont pour l\u2019entreprise des valeurs \u00e0 poursuivre au quotidien.<\/p>\n<p>Les syst\u00e8mes de gestion sont homologu\u00e9s ISO 9001 en ce qui concerne la qualit\u00e9, ISO 14001 pour la gestion des impacts environnementaux et ISO 45001 en ce qui concerne les syst\u00e8mes de gestion de la sant\u00e9 et de la s\u00e9curit\u00e9 au travail.<\/p>\n<p>EMC FIME est atteinte \u00e0 la durabilit\u00e9 en d\u00e9veloppant des solutions et des technologies innovantes qui\u00a0:<\/p>\n<ul>\n<li>Contribuent aux \u00e9conomies d\u2019\u00e9nergie,<\/li>\n<li>Permettent d\u2019allonger la dur\u00e9e de vie du produit final,<\/li>\n<li>Contribuent \u00e0 r\u00e9duire les \u00e9missions de gaz \u00e0 effet de serre,<\/li>\n<li>Ils permettent d\u2019am\u00e9liorer la qualit\u00e9 de l\u2019air int\u00e9rieur.<\/li>\n<li>M\u00e9liorent le confort dans les environnements o\u00f9 nous vivons.<\/li>\n<\/ul>\n<h3>Wozu dient der Rauchabzug.<\/h3>\n<p>Die Absaugung und Entsorgung des ausgesto\u00dfenen Rauchs ist eine lebenswichtige Anwendung im Pelletheizsystem, da bei einer Fehlfunktion des Systems sch\u00e4dliche Substanzen in die Umwelt gelangen k\u00f6nnen.<br \/>\nDie Rauchgasabsaugvorrichtung ist die wichtigste Komponente, da sie bei 100% w\u00e4hrend aller Betriebsphasen des Kaminofens aktiv ist.<\/p>\n<h3>Utilisation de l\u2019extracteur de fum\u00e9e Emc fime Code AMRPL30<\/h3>\n<p>Die von Amrtop angebotenen Rauchabz\u00fcge Emc Fime werden in Biomasseger\u00e4te eingebaut, um den Rauch abzuf\u00fchren, der bei der Verbrennung von \u00d6fen und Kesseln mit Pellet, Nocciolino, Sansa, Cippato usw. entsteht.<\/p>\n<p><strong>In typischen Ger\u00e4ten vorhanden<\/strong>\u00a0Pelletofen - Pelletkessel - Pelletbrenner - Pellets BBQ\/grill Biomassekessel - Biomassebrenner - Und viele andere Brenner<\/p>\n<h3><strong>Innen<\/strong><\/h3>\n<p><a href=\"https:\/\/wekos.it\/\">\u00d6fen, Herde und Holzherde<\/a>\u00a0-\u00a0<a href=\"https:\/\/www.greenpuros.com\/\">Kamine, \u00d6fen und Pelletkessel.<\/a><\/p>\n<h3><strong>Amrtop Ersatzteile und Zubeh\u00f6r Sortiment<\/strong><\/h3>\n<p><a href=\"https:\/\/amrtop.net\/de\/produktkategorie\/ersatzteile-diverse-ofen-und-kocher-2\/bougies-dallumage-pour-poeles-et-chaudieres-a-pellets\/\">Gl\u00fchkerzen<\/a><\/p>\n<p><a href=\"https:\/\/amrtop.net\/de\/produktkategorie\/ersatzteile-diverse-ofen-und-kocher-2\/electronique\/\">Elektronik<\/a><\/p>\n<p><a href=\"https:\/\/amrtop.net\/de\/produktkategorie\/ersatzteile-diverse-ofen-und-kocher-2\/extracteurs-de-fumee\/\">Rauchabzug<\/a><\/p>\n<p><a href=\"https:\/\/amrtop.net\/de\/produktkategorie\/ersatzteile-diverse-ofen-und-kocher-2\/gaines-cable-connecteurs\/\">Kabelh\u00fcllen Verbinder<\/a><\/p>\n<p><a href=\"https:\/\/amrtop.net\/de\/produktkategorie\/ersatzteile-diverse-ofen-und-kocher-2\/joints-de-silicone\/\">Silikondichtungen<\/a><\/p>\n<p><a href=\"https:\/\/amrtop.net\/de\/produktkategorie\/ersatzteile-diverse-ofen-und-kocher-2\/motoreducteurs\/\">Getriebemotoren<\/a><\/p>\n<p><a href=\"https:\/\/amrtop.net\/de\/produktkategorie\/ersatzteile-diverse-ofen-und-kocher-2\/pressostats-et-transducteurs\/\">Druckschalter und Wandler<\/a><\/p>\n<p><a href=\"https:\/\/amrtop.net\/de\/produktkategorie\/ersatzteile-diverse-ofen-und-kocher-2\/sondes-thermostats-manometres-thermometres\/\">Sonden Thermostate Manometer Thermometer<\/a><\/p>\n<p><a href=\"https:\/\/amrtop.net\/de\/produktkategorie\/ersatzteile-diverse-ofen-und-kocher-2\/joints-detancheite\/\">Dichtgeflechte<\/a><\/p>\n<p><a href=\"https:\/\/amrtop.net\/de\/produktkategorie\/ersatzteile-diverse-ofen-und-kocher-2\/ventilateurs-centrifuges-pour-poeles-a-pellets\/\">Zentrifugalventilatoren<\/a><\/p>\n<p><a href=\"https:\/\/amrtop.net\/de\/produktkategorie\/ersatzteile-diverse-ofen-und-kocher-2\/ventilateurs-tangentiels-flux-transversal\/\">Tangentiale Ventilatoren<\/a><\/p>\n<p><a href=\"https:\/\/amrtop.net\/de\/produktkategorie\/ersatzteile-diverse-ofen-und-kocher-2\/adhesifs-et-produits-detancheite\/\">Klebstoffe und Kitt<\/a><\/p>\n<p>&nbsp;<\/p>","protected":false},"excerpt":{"rendered":"<hr \/>\n<h2><span style=\"color: #008000\">Prochainement<\/span><\/h2>\n<hr \/>\n<h3>Extracteur de fum\u00e9e Emc Fime Code AMRPL30<\/h3>\n<p>Code AMRPL30<\/p>\n<p>Pression g\u00e9n\u00e9r\u00e9e\u00a0: Jusqu\u2019\u00e0 500 Pa<br \/>\nBride ronde : \u00f8 210 mm<br \/>\nVentilator: \u00f8 180 mm<br \/>\nHauteur ventilateur\u00a0: 35 mm<br \/>\nNombre de tours\u00a0: 2600 RPM<br \/>\nPuissances : 70 W<br \/>\nPort\u00e9e\u00a0: 320 m\u00b3 \/h<br \/>\n\u00c9quip\u00e9 d\u2019un capteur hall<br \/>\nRaccord de sortie des fum\u00e9es de 80 mm<\/p>\n<p><strong>Compatible avec\u00a0:<\/strong><\/p>\n<p>Sit natalini Pl 30<\/p>","protected":false},"featured_media":35252,"comment_status":"open","ping_status":"closed","template":"","meta":[],"product_brand":[],"product_cat":[1305,1383,839],"product_tag":[],"class_list":{"0":"post-20449","1":"product","2":"type-product","3":"status-publish","4":"has-post-thumbnail","6":"product_cat-extracteurs-de-fumee","7":"product_cat-extracteurs-de-fumee-emc","8":"product_cat-pieces-de-rechange-divers-poeles-et-chaudieres","9":"product_shipping_class-classe-di-spedizione-02","11":"first","12":"instock","13":"shipping-taxable","14":"purchasable","15":"product-type-simple"},"yoast_head":"<!-- This site is optimized with the Yoast SEO plugin v27.5 - https:\/\/yoast.com\/product\/yoast-seo-wordpress\/ -->\n<title>Extracteur de fum\u00e9e Emc Fime Code AMRPL30<\/title>\n<meta name=\"description\" content=\"Extracteur de fum\u00e9e Emc Fime Code AMRPL30 - Extracteur de fum\u00e9e Emc fime Code AMRPL30-Extracteur de fum\u00e9e Emc pour po\u00eales et chaudi\u00e8res \u00e0 pellets-Ventilateur d\u2019extraction de fum\u00e9e Emc appareils \u00e0 pellets-Extracteur de fum\u00e9e Emc avec rotor pour po\u00eales et chaudi\u00e8res \u00e0 pellets, copeaux de bois, noisettes et sansaSyst\u00e8me forc\u00e9 d\u2019\u00e9vacuation de la fum\u00e9e pour les po\u00eales et les chaudi\u00e8res\" \/>\n<meta name=\"robots\" content=\"index, follow, max-snippet:-1, max-image-preview:large, max-video-preview:-1\" \/>\n<link rel=\"canonical\" href=\"https:\/\/amrtop.net\/de\/produkt\/extracteur-de-fumee-emc-fime-code-amrpl30\/\" \/>\n<meta property=\"og:locale\" content=\"de_DE\" \/>\n<meta property=\"og:type\" content=\"article\" \/>\n<meta property=\"og:title\" content=\"Extracteur de fum\u00e9e Emc Fime Code AMRPL30\" \/>\n<meta property=\"og:description\" content=\"Extracteur de fum\u00e9e Emc Fime Code AMRPL30 - Extracteur de fum\u00e9e Emc fime Code AMRPL30-Extracteur de fum\u00e9e Emc pour po\u00eales et chaudi\u00e8res \u00e0 pellets-Ventilateur d\u2019extraction de fum\u00e9e Emc appareils \u00e0 pellets-Extracteur de fum\u00e9e Emc avec rotor pour po\u00eales et chaudi\u00e8res \u00e0 pellets, copeaux de bois, noisettes et sansaSyst\u00e8me forc\u00e9 d\u2019\u00e9vacuation de la fum\u00e9e pour les po\u00eales et les chaudi\u00e8res\" \/>\n<meta property=\"og:url\" content=\"https:\/\/amrtop.net\/de\/produkt\/extracteur-de-fumee-emc-fime-code-amrpl30\/\" \/>\n<meta property=\"og:site_name\" content=\"AMRTOP B2B \u00c9tranger - Achats r\u00e9serv\u00e9s au professionnel\" \/>\n<meta property=\"article:modified_time\" content=\"2023-06-02T12:58:52+00:00\" \/>\n<meta property=\"og:image\" content=\"https:\/\/amrtop.net\/wp-content\/uploads\/2020\/10\/amrpl30-1.jpg\" \/>\n\t<meta property=\"og:image:width\" content=\"960\" \/>\n\t<meta property=\"og:image:height\" content=\"960\" \/>\n\t<meta property=\"og:image:type\" content=\"image\/jpeg\" \/>\n<meta name=\"twitter:card\" content=\"summary_large_image\" \/>\n<meta name=\"twitter:label1\" content=\"Gesch\u00e4tzte Lesezeit\" \/>\n\t<meta name=\"twitter:data1\" content=\"1\u00a0Minute\" \/>\n<script type=\"application\/ld+json\" class=\"yoast-schema-graph\">{\"@context\":\"https:\\\/\\\/schema.org\",\"@graph\":[{\"@type\":\"WebPage\",\"@id\":\"https:\\\/\\\/amrtop.net\\\/produit\\\/extracteur-de-fumee-emc-fime-code-amrpl30\\\/\",\"url\":\"https:\\\/\\\/amrtop.net\\\/produit\\\/extracteur-de-fumee-emc-fime-code-amrpl30\\\/\",\"name\":\"Extracteur de fum\u00e9e Emc Fime Code AMRPL30\",\"isPartOf\":{\"@id\":\"https:\\\/\\\/amrtop.net\\\/#website\"},\"primaryImageOfPage\":{\"@id\":\"https:\\\/\\\/amrtop.net\\\/produit\\\/extracteur-de-fumee-emc-fime-code-amrpl30\\\/#primaryimage\"},\"image\":{\"@id\":\"https:\\\/\\\/amrtop.net\\\/produit\\\/extracteur-de-fumee-emc-fime-code-amrpl30\\\/#primaryimage\"},\"thumbnailUrl\":\"https:\\\/\\\/amrtop.net\\\/wp-content\\\/uploads\\\/2020\\\/10\\\/amrpl30-1.jpg\",\"datePublished\":\"2020-10-01T00:00:00+00:00\",\"dateModified\":\"2023-06-02T12:58:52+00:00\",\"description\":\"Extracteur de fum\u00e9e Emc Fime Code AMRPL30 - Extracteur de fum\u00e9e Emc fime Code AMRPL30-Extracteur de fum\u00e9e Emc pour po\u00eales et chaudi\u00e8res \u00e0 pellets-Ventilateur d\u2019extraction de fum\u00e9e Emc appareils \u00e0 pellets-Extracteur de fum\u00e9e Emc avec rotor pour po\u00eales et chaudi\u00e8res \u00e0 pellets, copeaux de bois, noisettes et sansaSyst\u00e8me forc\u00e9 d\u2019\u00e9vacuation de la fum\u00e9e pour les po\u00eales et les chaudi\u00e8res\",\"breadcrumb\":{\"@id\":\"https:\\\/\\\/amrtop.net\\\/produit\\\/extracteur-de-fumee-emc-fime-code-amrpl30\\\/#breadcrumb\"},\"inLanguage\":\"de\",\"potentialAction\":[{\"@type\":\"ReadAction\",\"target\":[\"https:\\\/\\\/amrtop.net\\\/produit\\\/extracteur-de-fumee-emc-fime-code-amrpl30\\\/\"]}]},{\"@type\":\"ImageObject\",\"inLanguage\":\"de\",\"@id\":\"https:\\\/\\\/amrtop.net\\\/produit\\\/extracteur-de-fumee-emc-fime-code-amrpl30\\\/#primaryimage\",\"url\":\"https:\\\/\\\/amrtop.net\\\/wp-content\\\/uploads\\\/2020\\\/10\\\/amrpl30-1.jpg\",\"contentUrl\":\"https:\\\/\\\/amrtop.net\\\/wp-content\\\/uploads\\\/2020\\\/10\\\/amrpl30-1.jpg\",\"width\":960,\"height\":960,\"caption\":\"Extracteur de fum\u00e9e Emc Fime Code AMRPL30 - Extracteur de fum\u00e9e Emc fime Code AMRPL30-Extracteur de fum\u00e9e Emc pour po\u00eales et chaudi\u00e8res \u00e0 pellets-Ventilateur d\u2019extraction de fum\u00e9e Emc appareils \u00e0 pellets-Extracteur de fum\u00e9e Emc avec rotor pour po\u00eales et chaudi\u00e8res \u00e0 pellets, copeaux de bois, noisettes et sansaSyst\u00e8me forc\u00e9 d\u2019\u00e9vacuation de la fum\u00e9e pour les po\u00eales et les chaudi\u00e8res\"},{\"@type\":\"BreadcrumbList\",\"@id\":\"https:\\\/\\\/amrtop.net\\\/produit\\\/extracteur-de-fumee-emc-fime-code-amrpl30\\\/#breadcrumb\",\"itemListElement\":[{\"@type\":\"ListItem\",\"position\":1,\"name\":\"Home\",\"item\":\"https:\\\/\\\/amrtop.net\\\/\"},{\"@type\":\"ListItem\",\"position\":2,\"name\":\"Shop\",\"item\":\"https:\\\/\\\/amrtop.net\\\/negozio\\\/\"},{\"@type\":\"ListItem\",\"position\":3,\"name\":\"Extracteur de fum\u00e9es Emc Fime Code AMRPL30 &#8211; Ventilateurs \u00f8 180 mm &#8211; Hauteur du ventilateur 35 mm\"}]},{\"@type\":\"WebSite\",\"@id\":\"https:\\\/\\\/amrtop.net\\\/#website\",\"url\":\"https:\\\/\\\/amrtop.net\\\/\",\"name\":\"AMRTOP B2B \u00c9tranger - Achats r\u00e9serv\u00e9s au professionnel\",\"description\":\"Pi\u00e8ces de rechange et accessoires pour po\u00eales et chaudi\u00e8res - eCommerce B2B pour Clients Professionnels\",\"potentialAction\":[{\"@type\":\"SearchAction\",\"target\":{\"@type\":\"EntryPoint\",\"urlTemplate\":\"https:\\\/\\\/amrtop.net\\\/?s={search_term_string}\"},\"query-input\":{\"@type\":\"PropertyValueSpecification\",\"valueRequired\":true,\"valueName\":\"search_term_string\"}}],\"inLanguage\":\"de\"}]}<\/script>\n<!-- \/ Yoast SEO plugin. -->","yoast_head_json":{"title":"Extracteur de fum\u00e9e Emc Fime Code AMRPL30","description":"Rauchabzug Emc Fime Code AMRPL30 - Rauchabzug Emc fime Code AMRPL30-Emc Rauchabzug f\u00fcr Pellet\u00f6fen und -kessel-Emc Rauchabzugsventilator Pelletger\u00e4te-Emc Rauchabzug mit Rotor f\u00fcr Pellet\u00f6fen und -kessel, Holzsp\u00e4ne, Haseln\u00fcsse und SansaZwangsabgasanlage f\u00fcr \u00d6fen und Kessel","robots":{"index":"index","follow":"follow","max-snippet":"max-snippet:-1","max-image-preview":"max-image-preview:large","max-video-preview":"max-video-preview:-1"},"canonical":"https:\/\/amrtop.net\/de\/produkt\/extracteur-de-fumee-emc-fime-code-amrpl30\/","og_locale":"de_DE","og_type":"article","og_title":"Extracteur de fum\u00e9e Emc Fime Code AMRPL30","og_description":"Extracteur de fum\u00e9e Emc Fime Code AMRPL30 - Extracteur de fum\u00e9e Emc fime Code AMRPL30-Extracteur de fum\u00e9e Emc pour po\u00eales et chaudi\u00e8res \u00e0 pellets-Ventilateur d\u2019extraction de fum\u00e9e Emc appareils \u00e0 pellets-Extracteur de fum\u00e9e Emc avec rotor pour po\u00eales et chaudi\u00e8res \u00e0 pellets, copeaux de bois, noisettes et sansaSyst\u00e8me forc\u00e9 d\u2019\u00e9vacuation de la fum\u00e9e pour les po\u00eales et les chaudi\u00e8res","og_url":"https:\/\/amrtop.net\/de\/produkt\/extracteur-de-fumee-emc-fime-code-amrpl30\/","og_site_name":"AMRTOP B2B \u00c9tranger - Achats r\u00e9serv\u00e9s au professionnel","article_modified_time":"2023-06-02T12:58:52+00:00","og_image":[{"width":960,"height":960,"url":"https:\/\/amrtop.net\/wp-content\/uploads\/2020\/10\/amrpl30-1.jpg","type":"image\/jpeg"}],"twitter_card":"summary_large_image","twitter_misc":{"Gesch\u00e4tzte Lesezeit":"1\u00a0Minute"},"schema":{"@context":"https:\/\/schema.org","@graph":[{"@type":"WebPage","@id":"https:\/\/amrtop.net\/produit\/extracteur-de-fumee-emc-fime-code-amrpl30\/","url":"https:\/\/amrtop.net\/produit\/extracteur-de-fumee-emc-fime-code-amrpl30\/","name":"Extracteur de fum\u00e9e Emc Fime Code AMRPL30","isPartOf":{"@id":"https:\/\/amrtop.net\/#website"},"primaryImageOfPage":{"@id":"https:\/\/amrtop.net\/produit\/extracteur-de-fumee-emc-fime-code-amrpl30\/#primaryimage"},"image":{"@id":"https:\/\/amrtop.net\/produit\/extracteur-de-fumee-emc-fime-code-amrpl30\/#primaryimage"},"thumbnailUrl":"https:\/\/amrtop.net\/wp-content\/uploads\/2020\/10\/amrpl30-1.jpg","datePublished":"2020-10-01T00:00:00+00:00","dateModified":"2023-06-02T12:58:52+00:00","description":"Rauchabzug Emc Fime Code AMRPL30 - Rauchabzug Emc fime Code AMRPL30-Emc Rauchabzug f\u00fcr Pellet\u00f6fen und -kessel-Emc Rauchabzugsventilator Pelletger\u00e4te-Emc Rauchabzug mit Rotor f\u00fcr Pellet\u00f6fen und -kessel, Holzsp\u00e4ne, Haseln\u00fcsse und SansaZwangsabgasanlage f\u00fcr \u00d6fen und Kessel","breadcrumb":{"@id":"https:\/\/amrtop.net\/produit\/extracteur-de-fumee-emc-fime-code-amrpl30\/#breadcrumb"},"inLanguage":"de","potentialAction":[{"@type":"ReadAction","target":["https:\/\/amrtop.net\/produit\/extracteur-de-fumee-emc-fime-code-amrpl30\/"]}]},{"@type":"ImageObject","inLanguage":"de","@id":"https:\/\/amrtop.net\/produit\/extracteur-de-fumee-emc-fime-code-amrpl30\/#primaryimage","url":"https:\/\/amrtop.net\/wp-content\/uploads\/2020\/10\/amrpl30-1.jpg","contentUrl":"https:\/\/amrtop.net\/wp-content\/uploads\/2020\/10\/amrpl30-1.jpg","width":960,"height":960,"caption":"Extracteur de fum\u00e9e Emc Fime Code AMRPL30 - Extracteur de fum\u00e9e Emc fime Code AMRPL30-Extracteur de fum\u00e9e Emc pour po\u00eales et chaudi\u00e8res \u00e0 pellets-Ventilateur d\u2019extraction de fum\u00e9e Emc appareils \u00e0 pellets-Extracteur de fum\u00e9e Emc avec rotor pour po\u00eales et chaudi\u00e8res \u00e0 pellets, copeaux de bois, noisettes et sansaSyst\u00e8me forc\u00e9 d\u2019\u00e9vacuation de la fum\u00e9e pour les po\u00eales et les chaudi\u00e8res"},{"@type":"BreadcrumbList","@id":"https:\/\/amrtop.net\/produit\/extracteur-de-fumee-emc-fime-code-amrpl30\/#breadcrumb","itemListElement":[{"@type":"ListItem","position":1,"name":"Home","item":"https:\/\/amrtop.net\/"},{"@type":"ListItem","position":2,"name":"Shop","item":"https:\/\/amrtop.net\/negozio\/"},{"@type":"ListItem","position":3,"name":"Extracteur de fum\u00e9es Emc Fime Code AMRPL30 &#8211; Ventilateurs \u00f8 180 mm &#8211; Hauteur du ventilateur 35 mm"}]},{"@type":"WebSite","@id":"https:\/\/amrtop.net\/#website","url":"https:\/\/amrtop.net\/","name":"AMRTOP B2B Ausland - Einkaufen nur f\u00fcr Fachleute","description":"Ersatzteile und Zubeh\u00f6r f\u00fcr \u00d6fen und Heizkessel - B2B eCommerce f\u00fcr Gesch\u00e4ftskunden","potentialAction":[{"@type":"SearchAction","target":{"@type":"EntryPoint","urlTemplate":"https:\/\/amrtop.net\/?s={search_term_string}"},"query-input":{"@type":"PropertyValueSpecification","valueRequired":true,"valueName":"search_term_string"}}],"inLanguage":"de"}]}},"_links":{"self":[{"href":"https:\/\/amrtop.net\/de\/wp-json\/wp\/v2\/product\/20449","targetHints":{"allow":["GET"]}}],"collection":[{"href":"https:\/\/amrtop.net\/de\/wp-json\/wp\/v2\/product"}],"about":[{"href":"https:\/\/amrtop.net\/de\/wp-json\/wp\/v2\/types\/product"}],"replies":[{"embeddable":true,"href":"https:\/\/amrtop.net\/de\/wp-json\/wp\/v2\/comments?post=20449"}],"wp:featuredmedia":[{"embeddable":true,"href":"https:\/\/amrtop.net\/de\/wp-json\/wp\/v2\/media\/35252"}],"wp:attachment":[{"href":"https:\/\/amrtop.net\/de\/wp-json\/wp\/v2\/media?parent=20449"}],"wp:term":[{"taxonomy":"product_brand","embeddable":true,"href":"https:\/\/amrtop.net\/de\/wp-json\/wp\/v2\/product_brand?post=20449"},{"taxonomy":"product_cat","embeddable":true,"href":"https:\/\/amrtop.net\/de\/wp-json\/wp\/v2\/product_cat?post=20449"},{"taxonomy":"product_tag","embeddable":true,"href":"https:\/\/amrtop.net\/de\/wp-json\/wp\/v2\/product_tag?post=20449"}],"curies":[{"name":"wp","href":"https:\/\/api.w.org\/{rel}","templated":true}]}}