{"id":20584,"date":"2022-01-06T09:14:38","date_gmt":"2022-01-06T09:14:38","guid":{"rendered":"https:\/\/amrtop.com\/B2B\/?post_type=product&#038;p=20584"},"modified":"2023-08-02T12:50:00","modified_gmt":"2023-08-02T12:50:00","slug":"joint-adhesif-avec-levre-et-ampoule-en-fibre-de-verre","status":"publish","type":"product","link":"https:\/\/amrtop.net\/de\/produit\/joint-adhesif-avec-levre-et-ampoule-en-fibre-de-verre\/","title":{"rendered":"Selbstklebende Dichtung mit Lippe und Glasfaserampulle f\u00fcr \u00d6fen und Kamine in Sets und Spulen"},"content":{"rendered":"<h3>Joint adh\u00e9sif avec l\u00e8vre et ampoule en fibre de verre<\/h3>\n<p>Amrtop verwendet f\u00fcr die Vermarktung dieser Art von Produkten ausschlie\u00dflich ISO 9001-zertifizierte Unternehmen, die seit \u00fcber 30 Jahren auf dem Markt sind und hochspezialisiert und f\u00fchrend in der Herstellung von Technischen Textilien f\u00fcr die W\u00e4rmed\u00e4mmung und f\u00fcr statische Dichtungen bei hohen Temperaturen sind:<\/p>\n<p>Schn\u00fcre, Geflechte, Socken, B\u00e4nder, Stoffe, isolierende und isolierende Produkte, Dehnungsfugen.<\/p>\n<p>Die von Amrtop angebotenen Glasfasergeflechte und -b\u00e4nder beugen m\u00f6glichen Personensch\u00e4den vor, aber auch, um andere Anlagenteile vor \u00fcberm\u00e4\u00dfiger Belastung zu sch\u00fctzen oder um Berst- und Brandgefahren durch Erhitzen zu vermeiden.<\/p>\n<h3>Anwendungen<\/h3>\n<ul>\n<li>Pellet- und Holz\u00f6fen<\/li>\n<li>Kamine f\u00fcr Holz und Pellets<\/li>\n<li>Heizk\u00f6rper und Heizkessel f\u00fcr Holz und Pellets<\/li>\n<\/ul>\n<h3>Utilisation de la joint adh\u00e9sif avec l\u00e8vre et ampoule en fibre de verre<\/h3>\n<p>Die Glasfaserdichtung und das normale, selbstklebende Keramikfaserseil werden normalerweise in der Inspektions\u00f6ffnung f\u00fcr die routinem\u00e4\u00dfige Reinigung angewendet, die in allen Brennkammern, Feuerraumt\u00fcren und Tanks vorhanden ist, und auch im Glas f\u00fcr die Feuerraumt\u00fcr von Holz- und Pelletger\u00e4ten.<\/p>\n<p>In manchen F\u00e4llen ben\u00f6tigt man, um sie anbringen zu k\u00f6nnen, speziellen Klebstoff oder feuerfeste Spachtelmasse f\u00fcr hohe Temperaturen, die Sie in verschiedenen Gr\u00f6\u00dfen im E-Commerce von finden k\u00f6nnen.<\/p>\n<h3>Innen<\/h3>\n<p><a href=\"https:\/\/wekos.it\/\">\u00d6fen, Herde und Holzherde<\/a>\u00a0-\u00a0<a href=\"https:\/\/www.greenpuros.com\/\">Kamine, \u00d6fen und Pelletkessel.<\/a><\/p>\n<h3>Amrtop Ersatzteile und Zubeh\u00f6r Sortiment<\/h3>\n<p><a href=\"https:\/\/amrtop.net\/de\/produktkategorie\/ersatzteile-diverse-ofen-und-kocher-2\/bougies-dallumage-pour-poeles-et-chaudieres-a-pellets\/\">Gl\u00fchkerzen<\/a><\/p>\n<p><a href=\"https:\/\/amrtop.net\/de\/produktkategorie\/ersatzteile-diverse-ofen-und-kocher-2\/electronique\/\">Elektronik<\/a><\/p>\n<p><a href=\"https:\/\/amrtop.net\/de\/produktkategorie\/ersatzteile-diverse-ofen-und-kocher-2\/extracteurs-de-fumee\/\">Rauchabzug<\/a><\/p>\n<p><a href=\"https:\/\/amrtop.net\/de\/produktkategorie\/ersatzteile-diverse-ofen-und-kocher-2\/gaines-cable-connecteurs\/\">Kabelh\u00fcllen Verbinder<\/a><\/p>\n<p><a href=\"https:\/\/amrtop.net\/de\/produktkategorie\/ersatzteile-diverse-ofen-und-kocher-2\/joints-de-silicone\/\">Silikondichtungen<\/a><\/p>\n<p><a href=\"https:\/\/amrtop.net\/de\/produktkategorie\/ersatzteile-diverse-ofen-und-kocher-2\/motoreducteurs\/\">Getriebemotoren<\/a><\/p>\n<p><a href=\"https:\/\/amrtop.net\/de\/produktkategorie\/ersatzteile-diverse-ofen-und-kocher-2\/pressostats-et-transducteurs\/\">Druckschalter und Wandler<\/a><\/p>\n<p><a href=\"https:\/\/amrtop.net\/de\/produktkategorie\/ersatzteile-diverse-ofen-und-kocher-2\/sondes-thermostats-manometres-thermometres\/\">Sonden Thermostate Manometer Thermometer<\/a><\/p>\n<p><a href=\"https:\/\/amrtop.net\/de\/produktkategorie\/ersatzteile-diverse-ofen-und-kocher-2\/joints-detancheite\/\">Dichtgeflechte<\/a><\/p>\n<p><a href=\"https:\/\/amrtop.net\/de\/produktkategorie\/ersatzteile-diverse-ofen-und-kocher-2\/ventilateurs-centrifuges-pour-poeles-a-pellets\/\">Zentrifugalventilatoren<\/a><\/p>\n<p><a href=\"https:\/\/amrtop.net\/de\/produktkategorie\/ersatzteile-diverse-ofen-und-kocher-2\/ventilateurs-tangentiels-flux-transversal\/\">Tangentiale Ventilatoren<\/a><\/p>\n<p><a href=\"https:\/\/amrtop.net\/de\/produktkategorie\/ersatzteile-diverse-ofen-und-kocher-2\/adhesifs-et-produits-detancheite\/\">Klebstoffe und Kitt<\/a><\/p>\n<p>&nbsp;<\/p>","protected":false},"excerpt":{"rendered":"<h2><span style=\"color: #008000;\">Verf\u00fcgbar<\/span><\/h2>\n<hr \/>\n<p><strong>INHALT :<\/strong><\/p>\n<ul>\n<li>Kit de 2,5 m\u00e8tres de joint adh\u00e9sif \u00e0 bulbe en fibre de verre<\/li>\n<li>Bobine de 10 m\u00e8tres de joint adh\u00e9sif \u00e0 bulbe en fibre de verre<\/li>\n<li>Bobine de 50 m\u00e8tres de joint adh\u00e9sif \u00e0 bulbe en fibre de verre<\/li>\n<\/ul>","protected":false},"featured_media":25337,"comment_status":"open","ping_status":"closed","template":"","meta":[],"product_brand":[],"product_cat":[1343,839],"product_tag":[],"class_list":{"0":"post-20584","1":"product","2":"type-product","3":"status-publish","4":"has-post-thumbnail","6":"product_cat-joints-detancheite-pour-poele-et-cheminees","7":"product_cat-pieces-de-rechange-divers-poeles-et-chaudieres","8":"product_shipping_class-classe-di-spedizione-01","10":"first","11":"instock","12":"shipping-taxable","13":"purchasable","14":"product-type-variable"},"yoast_head":"<!-- This site is optimized with the Yoast SEO plugin v27.4 - https:\/\/yoast.com\/product\/yoast-seo-wordpress\/ -->\n<title>Joint adh\u00e9sif avec l\u00e8vre et ampoule en fibre de verre<\/title>\n<meta name=\"description\" content=\"Joint adh\u00e9sif avec l\u00e8vre et ampoule en fibre de verre - Bas adh\u00e9sif en fibre de verre - Tresse pour po\u00eale \u00e0 pellets - Tresse pour chemin\u00e9es \u00e0 bois - Tresse pour foyers \u00e0 bois - Tresse pour inserts \u00e0 bois - Tresse pour portes po\u00eales inserts \u00e0 bois - Joint pour portes po\u00eales inserts \u00e0 bois Joint pour portes chaudi\u00e8res et radiateurs \u00e0 pellets\" \/>\n<meta name=\"robots\" content=\"index, follow, max-snippet:-1, max-image-preview:large, max-video-preview:-1\" \/>\n<link rel=\"canonical\" href=\"https:\/\/amrtop.net\/de\/produkt\/joint-adhesif-avec-levre-et-ampoule-en-fibre-de-verre\/\" \/>\n<meta property=\"og:locale\" content=\"de_DE\" \/>\n<meta property=\"og:type\" content=\"article\" \/>\n<meta property=\"og:title\" content=\"Joint adh\u00e9sif avec l\u00e8vre et ampoule en fibre de verre\" \/>\n<meta property=\"og:description\" content=\"Joint adh\u00e9sif avec l\u00e8vre et ampoule en fibre de verre - Bas adh\u00e9sif en fibre de verre - Tresse pour po\u00eale \u00e0 pellets - Tresse pour chemin\u00e9es \u00e0 bois - Tresse pour foyers \u00e0 bois - Tresse pour inserts \u00e0 bois - Tresse pour portes po\u00eales inserts \u00e0 bois - Joint pour portes po\u00eales inserts \u00e0 bois Joint pour portes chaudi\u00e8res et radiateurs \u00e0 pellets\" \/>\n<meta property=\"og:url\" content=\"https:\/\/amrtop.net\/de\/produkt\/joint-adhesif-avec-levre-et-ampoule-en-fibre-de-verre\/\" \/>\n<meta property=\"og:site_name\" content=\"AMRTOP B2B \u00c9tranger - Achats r\u00e9serv\u00e9s au professionnel\" \/>\n<meta property=\"article:modified_time\" content=\"2023-08-02T12:50:00+00:00\" \/>\n<meta property=\"og:image\" content=\"https:\/\/amrtop.net\/wp-content\/uploads\/2022\/01\/GUARNIZIONE-ADESIVA-A-LABBRO-CON-BULBO-AMR-TOP.png\" \/>\n\t<meta property=\"og:image:width\" content=\"640\" \/>\n\t<meta property=\"og:image:height\" content=\"640\" \/>\n\t<meta property=\"og:image:type\" content=\"image\/png\" \/>\n<meta name=\"twitter:card\" content=\"summary_large_image\" \/>\n<meta name=\"twitter:label1\" content=\"Gesch\u00e4tzte Lesezeit\" \/>\n\t<meta name=\"twitter:data1\" content=\"1\u00a0Minute\" \/>\n<script type=\"application\/ld+json\" class=\"yoast-schema-graph\">{\"@context\":\"https:\\\/\\\/schema.org\",\"@graph\":[{\"@type\":\"WebPage\",\"@id\":\"https:\\\/\\\/amrtop.net\\\/produit\\\/joint-adhesif-avec-levre-et-ampoule-en-fibre-de-verre\\\/\",\"url\":\"https:\\\/\\\/amrtop.net\\\/produit\\\/joint-adhesif-avec-levre-et-ampoule-en-fibre-de-verre\\\/\",\"name\":\"Joint adh\u00e9sif avec l\u00e8vre et ampoule en fibre de verre\",\"isPartOf\":{\"@id\":\"https:\\\/\\\/amrtop.net\\\/#website\"},\"primaryImageOfPage\":{\"@id\":\"https:\\\/\\\/amrtop.net\\\/produit\\\/joint-adhesif-avec-levre-et-ampoule-en-fibre-de-verre\\\/#primaryimage\"},\"image\":{\"@id\":\"https:\\\/\\\/amrtop.net\\\/produit\\\/joint-adhesif-avec-levre-et-ampoule-en-fibre-de-verre\\\/#primaryimage\"},\"thumbnailUrl\":\"https:\\\/\\\/amrtop.net\\\/wp-content\\\/uploads\\\/2022\\\/01\\\/GUARNIZIONE-ADESIVA-A-LABBRO-CON-BULBO-AMR-TOP.png\",\"datePublished\":\"2022-01-06T09:14:38+00:00\",\"dateModified\":\"2023-08-02T12:50:00+00:00\",\"description\":\"Joint adh\u00e9sif avec l\u00e8vre et ampoule en fibre de verre - Bas adh\u00e9sif en fibre de verre - Tresse pour po\u00eale \u00e0 pellets - Tresse pour chemin\u00e9es \u00e0 bois - Tresse pour foyers \u00e0 bois - Tresse pour inserts \u00e0 bois - Tresse pour portes po\u00eales inserts \u00e0 bois - Joint pour portes po\u00eales inserts \u00e0 bois Joint pour portes chaudi\u00e8res et radiateurs \u00e0 pellets\",\"breadcrumb\":{\"@id\":\"https:\\\/\\\/amrtop.net\\\/produit\\\/joint-adhesif-avec-levre-et-ampoule-en-fibre-de-verre\\\/#breadcrumb\"},\"inLanguage\":\"de\",\"potentialAction\":[{\"@type\":\"ReadAction\",\"target\":[\"https:\\\/\\\/amrtop.net\\\/produit\\\/joint-adhesif-avec-levre-et-ampoule-en-fibre-de-verre\\\/\"]}]},{\"@type\":\"ImageObject\",\"inLanguage\":\"de\",\"@id\":\"https:\\\/\\\/amrtop.net\\\/produit\\\/joint-adhesif-avec-levre-et-ampoule-en-fibre-de-verre\\\/#primaryimage\",\"url\":\"https:\\\/\\\/amrtop.net\\\/wp-content\\\/uploads\\\/2022\\\/01\\\/GUARNIZIONE-ADESIVA-A-LABBRO-CON-BULBO-AMR-TOP.png\",\"contentUrl\":\"https:\\\/\\\/amrtop.net\\\/wp-content\\\/uploads\\\/2022\\\/01\\\/GUARNIZIONE-ADESIVA-A-LABBRO-CON-BULBO-AMR-TOP.png\",\"width\":640,\"height\":640,\"caption\":\"Joint adh\u00e9sif avec l\u00e8vre et ampoule en fibre de verre - Bas adh\u00e9sif en fibre de verre - Tresse pour po\u00eale \u00e0 pellets - Tresse pour chemin\u00e9es \u00e0 bois - Tresse pour foyers \u00e0 bois - Tresse pour inserts \u00e0 bois - Tresse pour portes po\u00eales inserts \u00e0 bois - Joint pour portes po\u00eales inserts \u00e0 bois Joint pour portes chaudi\u00e8res et radiateurs \u00e0 pellets\"},{\"@type\":\"BreadcrumbList\",\"@id\":\"https:\\\/\\\/amrtop.net\\\/produit\\\/joint-adhesif-avec-levre-et-ampoule-en-fibre-de-verre\\\/#breadcrumb\",\"itemListElement\":[{\"@type\":\"ListItem\",\"position\":1,\"name\":\"Home\",\"item\":\"https:\\\/\\\/amrtop.net\\\/\"},{\"@type\":\"ListItem\",\"position\":2,\"name\":\"Shop\",\"item\":\"https:\\\/\\\/amrtop.net\\\/negozio\\\/\"},{\"@type\":\"ListItem\",\"position\":3,\"name\":\"Joint adh\u00e9sif avec l\u00e8vre et ampoule en fibre de verre pour po\u00eales et chemin\u00e9es en kit et bobines\"}]},{\"@type\":\"WebSite\",\"@id\":\"https:\\\/\\\/amrtop.net\\\/#website\",\"url\":\"https:\\\/\\\/amrtop.net\\\/\",\"name\":\"AMRTOP B2B \u00c9tranger - Achats r\u00e9serv\u00e9s au professionnel\",\"description\":\"Pi\u00e8ces de rechange et accessoires pour po\u00eales et chaudi\u00e8res - eCommerce B2B pour Clients Professionnels\",\"potentialAction\":[{\"@type\":\"SearchAction\",\"target\":{\"@type\":\"EntryPoint\",\"urlTemplate\":\"https:\\\/\\\/amrtop.net\\\/?s={search_term_string}\"},\"query-input\":{\"@type\":\"PropertyValueSpecification\",\"valueRequired\":true,\"valueName\":\"search_term_string\"}}],\"inLanguage\":\"de\"}]}<\/script>\n<!-- \/ Yoast SEO plugin. -->","yoast_head_json":{"title":"Joint adh\u00e9sif avec l\u00e8vre et ampoule en fibre de verre","description":"Selbstklebende Dichtung mit Lippe und Glasfaserampulle - Selbstklebender Strumpf aus Glasfaser - Geflecht f\u00fcr Pellet\u00f6fen - Geflecht f\u00fcr Holzkamine - Geflecht f\u00fcr Holzfeuerungen - Geflecht f\u00fcr Holzeins\u00e4tze - Geflecht f\u00fcr T\u00fcren von Holzeins\u00e4tzen - Dichtung f\u00fcr T\u00fcren von Holzeins\u00e4tzen Dichtung f\u00fcr T\u00fcren von Pelletkesseln und -heizungen","robots":{"index":"index","follow":"follow","max-snippet":"max-snippet:-1","max-image-preview":"max-image-preview:large","max-video-preview":"max-video-preview:-1"},"canonical":"https:\/\/amrtop.net\/de\/produkt\/joint-adhesif-avec-levre-et-ampoule-en-fibre-de-verre\/","og_locale":"de_DE","og_type":"article","og_title":"Joint adh\u00e9sif avec l\u00e8vre et ampoule en fibre de verre","og_description":"Joint adh\u00e9sif avec l\u00e8vre et ampoule en fibre de verre - Bas adh\u00e9sif en fibre de verre - Tresse pour po\u00eale \u00e0 pellets - Tresse pour chemin\u00e9es \u00e0 bois - Tresse pour foyers \u00e0 bois - Tresse pour inserts \u00e0 bois - Tresse pour portes po\u00eales inserts \u00e0 bois - Joint pour portes po\u00eales inserts \u00e0 bois Joint pour portes chaudi\u00e8res et radiateurs \u00e0 pellets","og_url":"https:\/\/amrtop.net\/de\/produkt\/joint-adhesif-avec-levre-et-ampoule-en-fibre-de-verre\/","og_site_name":"AMRTOP B2B \u00c9tranger - Achats r\u00e9serv\u00e9s au professionnel","article_modified_time":"2023-08-02T12:50:00+00:00","og_image":[{"width":640,"height":640,"url":"https:\/\/amrtop.net\/wp-content\/uploads\/2022\/01\/GUARNIZIONE-ADESIVA-A-LABBRO-CON-BULBO-AMR-TOP.png","type":"image\/png"}],"twitter_card":"summary_large_image","twitter_misc":{"Gesch\u00e4tzte Lesezeit":"1\u00a0Minute"},"schema":{"@context":"https:\/\/schema.org","@graph":[{"@type":"WebPage","@id":"https:\/\/amrtop.net\/produit\/joint-adhesif-avec-levre-et-ampoule-en-fibre-de-verre\/","url":"https:\/\/amrtop.net\/produit\/joint-adhesif-avec-levre-et-ampoule-en-fibre-de-verre\/","name":"Joint adh\u00e9sif avec l\u00e8vre et ampoule en fibre de verre","isPartOf":{"@id":"https:\/\/amrtop.net\/#website"},"primaryImageOfPage":{"@id":"https:\/\/amrtop.net\/produit\/joint-adhesif-avec-levre-et-ampoule-en-fibre-de-verre\/#primaryimage"},"image":{"@id":"https:\/\/amrtop.net\/produit\/joint-adhesif-avec-levre-et-ampoule-en-fibre-de-verre\/#primaryimage"},"thumbnailUrl":"https:\/\/amrtop.net\/wp-content\/uploads\/2022\/01\/GUARNIZIONE-ADESIVA-A-LABBRO-CON-BULBO-AMR-TOP.png","datePublished":"2022-01-06T09:14:38+00:00","dateModified":"2023-08-02T12:50:00+00:00","description":"Selbstklebende Dichtung mit Lippe und Glasfaserampulle - Selbstklebender Strumpf aus Glasfaser - Geflecht f\u00fcr Pellet\u00f6fen - Geflecht f\u00fcr Holzkamine - Geflecht f\u00fcr Holzfeuerungen - Geflecht f\u00fcr Holzeins\u00e4tze - Geflecht f\u00fcr T\u00fcren von Holzeins\u00e4tzen - Dichtung f\u00fcr T\u00fcren von Holzeins\u00e4tzen Dichtung f\u00fcr T\u00fcren von Pelletkesseln und -heizungen","breadcrumb":{"@id":"https:\/\/amrtop.net\/produit\/joint-adhesif-avec-levre-et-ampoule-en-fibre-de-verre\/#breadcrumb"},"inLanguage":"de","potentialAction":[{"@type":"ReadAction","target":["https:\/\/amrtop.net\/produit\/joint-adhesif-avec-levre-et-ampoule-en-fibre-de-verre\/"]}]},{"@type":"ImageObject","inLanguage":"de","@id":"https:\/\/amrtop.net\/produit\/joint-adhesif-avec-levre-et-ampoule-en-fibre-de-verre\/#primaryimage","url":"https:\/\/amrtop.net\/wp-content\/uploads\/2022\/01\/GUARNIZIONE-ADESIVA-A-LABBRO-CON-BULBO-AMR-TOP.png","contentUrl":"https:\/\/amrtop.net\/wp-content\/uploads\/2022\/01\/GUARNIZIONE-ADESIVA-A-LABBRO-CON-BULBO-AMR-TOP.png","width":640,"height":640,"caption":"Joint adh\u00e9sif avec l\u00e8vre et ampoule en fibre de verre - Bas adh\u00e9sif en fibre de verre - Tresse pour po\u00eale \u00e0 pellets - Tresse pour chemin\u00e9es \u00e0 bois - Tresse pour foyers \u00e0 bois - Tresse pour inserts \u00e0 bois - Tresse pour portes po\u00eales inserts \u00e0 bois - Joint pour portes po\u00eales inserts \u00e0 bois Joint pour portes chaudi\u00e8res et radiateurs \u00e0 pellets"},{"@type":"BreadcrumbList","@id":"https:\/\/amrtop.net\/produit\/joint-adhesif-avec-levre-et-ampoule-en-fibre-de-verre\/#breadcrumb","itemListElement":[{"@type":"ListItem","position":1,"name":"Home","item":"https:\/\/amrtop.net\/"},{"@type":"ListItem","position":2,"name":"Shop","item":"https:\/\/amrtop.net\/negozio\/"},{"@type":"ListItem","position":3,"name":"Joint adh\u00e9sif avec l\u00e8vre et ampoule en fibre de verre pour po\u00eales et chemin\u00e9es en kit et bobines"}]},{"@type":"WebSite","@id":"https:\/\/amrtop.net\/#website","url":"https:\/\/amrtop.net\/","name":"AMRTOP B2B Ausland - Einkaufen nur f\u00fcr Fachleute","description":"Ersatzteile und Zubeh\u00f6r f\u00fcr \u00d6fen und Heizkessel - B2B eCommerce f\u00fcr Gesch\u00e4ftskunden","potentialAction":[{"@type":"SearchAction","target":{"@type":"EntryPoint","urlTemplate":"https:\/\/amrtop.net\/?s={search_term_string}"},"query-input":{"@type":"PropertyValueSpecification","valueRequired":true,"valueName":"search_term_string"}}],"inLanguage":"de"}]}},"_links":{"self":[{"href":"https:\/\/amrtop.net\/de\/wp-json\/wp\/v2\/product\/20584","targetHints":{"allow":["GET"]}}],"collection":[{"href":"https:\/\/amrtop.net\/de\/wp-json\/wp\/v2\/product"}],"about":[{"href":"https:\/\/amrtop.net\/de\/wp-json\/wp\/v2\/types\/product"}],"replies":[{"embeddable":true,"href":"https:\/\/amrtop.net\/de\/wp-json\/wp\/v2\/comments?post=20584"}],"wp:featuredmedia":[{"embeddable":true,"href":"https:\/\/amrtop.net\/de\/wp-json\/wp\/v2\/media\/25337"}],"wp:attachment":[{"href":"https:\/\/amrtop.net\/de\/wp-json\/wp\/v2\/media?parent=20584"}],"wp:term":[{"taxonomy":"product_brand","embeddable":true,"href":"https:\/\/amrtop.net\/de\/wp-json\/wp\/v2\/product_brand?post=20584"},{"taxonomy":"product_cat","embeddable":true,"href":"https:\/\/amrtop.net\/de\/wp-json\/wp\/v2\/product_cat?post=20584"},{"taxonomy":"product_tag","embeddable":true,"href":"https:\/\/amrtop.net\/de\/wp-json\/wp\/v2\/product_tag?post=20584"}],"curies":[{"name":"wp","href":"https:\/\/api.w.org\/{rel}","templated":true}]}}