{"id":20773,"date":"2020-10-01T00:00:00","date_gmt":"2020-10-01T00:00:00","guid":{"rendered":"https:\/\/amrtop.com\/B2B\/?post_type=product&#038;p=20773"},"modified":"2023-06-06T11:43:09","modified_gmt":"2023-06-06T11:43:09","slug":"ventilateur-centrifuge-ipc-code-cfh2080804-encombrement-longueur-173-mm-encombrement-hauteur-136-mm","status":"publish","type":"product","link":"https:\/\/amrtop.net\/de\/produit\/ventilateur-centrifuge-ipc-code-cfh2080804-encombrement-longueur-173-mm-encombrement-hauteur-136-mm\/","title":{"rendered":"Ventilateur centrifuge Ipc Code CFH2080804 &#8211; Encombrement longueur 173 mm &#8211; Encombrement hauteur 136 mm"},"content":{"rendered":"<hr \/>\n<h2>Ventilateur centrifuge IPC moteur gauche<\/h2>\n<hr \/>\n<p>Mit \u00fcber zwanzig Jahren \"Hands-on\"-Erfahrung in allen Anwendungen, die in Pellet-\/Biomasse\u00f6fen zum Einsatz kommen, ist IPC heute Marktf\u00fchrer bei der Lieferung von Komponenten und Systemen in dieser Nische des Heizungssektors.<\/p>\n<p>Die gr\u00fcndliche Kenntnis aller Probleme und Schwierigkeiten der Anwendungen, die in Pellet- - Biomasse\u00f6fen verwendet werden, ist die Grundlage f\u00fcr den Erfolg von IPC bei der Planung und Herstellung von Systemen zur Rauml\u00fcftung.<\/p>\n<p>Um den Kanalisierungsanforderungen in Biomasse\u00f6fen gerecht zu werden, ist eine gro\u00dfe Auswahl an Ventilatoren mit EINFACHER oder ZWEIFACHER Ansaugung erh\u00e4ltlich, die an die Bed\u00fcrfnisse des Kunden angepasst werden k\u00f6nnen.<\/p>\n<p>Zentrifugalventilatoren sind in verschiedenen Gr\u00f6\u00dfen f\u00fcr die Kanalisation erh\u00e4ltlich: Durchmesser 60 mm, 80 mm oder mit quadratischer Schnabelklemme.<\/p>\n<p>Bei IPC-Produkten wird auf jedes Detail geachtet, z. B. sind die Endkappen vibrationsd\u00e4mpfend und aus Silikon, w\u00e4hrend die Kugellager stets von hoher Qualit\u00e4t und Leistung sind.<\/p>\n<h3>Utilisation du ventilateur centrifuge IPC moteur gauche<\/h3>\n<p>Der von Amrtop angebotene Radialventilator wird in Biomasseger\u00e4te eingebaut, um die vom Brennk\u00f6rper erzeugte hei\u00dfe Luft abzusaugen und anschlie\u00dfend an die Umgebung abzugeben.<\/p>\n<p><strong>In typischen Ger\u00e4ten vorhanden<\/strong>\u00a0Pelletofen - Pelletkessel - Pelletbrenner - Pellets BBQ\/grill Biomassekessel - Biomassebrenner - Und viele andere Brenner<\/p>\n<h3><strong>Innen<\/strong><\/h3>\n<p><a href=\"https:\/\/wekos.it\/\">\u00d6fen, Herde und Holzherde<\/a>\u00a0-\u00a0<a href=\"https:\/\/www.greenpuros.com\/\">Kamine, \u00d6fen und Pelletkessel.<\/a><\/p>\n<h3><strong>Amrtop Ersatzteile und Zubeh\u00f6r Sortiment<\/strong><\/h3>\n<p><a href=\"https:\/\/amrtop.net\/de\/produktkategorie\/ersatzteile-diverse-ofen-und-kocher-2\/bougies-dallumage-pour-poeles-et-chaudieres-a-pellets\/\">Gl\u00fchkerzen<\/a><\/p>\n<p><a href=\"https:\/\/amrtop.net\/de\/produktkategorie\/ersatzteile-diverse-ofen-und-kocher-2\/electronique\/\">Elektronik<\/a><\/p>\n<p><a href=\"https:\/\/amrtop.net\/de\/produktkategorie\/ersatzteile-diverse-ofen-und-kocher-2\/extracteurs-de-fumee\/\">Rauchabzug<\/a><\/p>\n<p><a href=\"https:\/\/amrtop.net\/de\/produktkategorie\/ersatzteile-diverse-ofen-und-kocher-2\/gaines-cable-connecteurs\/\">Kabelh\u00fcllen Verbinder<\/a><\/p>\n<p><a href=\"https:\/\/amrtop.net\/de\/produktkategorie\/ersatzteile-diverse-ofen-und-kocher-2\/joints-de-silicone\/\">Silikondichtungen<\/a><\/p>\n<p><a href=\"https:\/\/amrtop.net\/de\/produktkategorie\/ersatzteile-diverse-ofen-und-kocher-2\/motoreducteurs\/\">Getriebemotoren<\/a><\/p>\n<p><a href=\"https:\/\/amrtop.net\/de\/produktkategorie\/ersatzteile-diverse-ofen-und-kocher-2\/pressostats-et-transducteurs\/\">Druckschalter und Wandler<\/a><\/p>\n<p><a href=\"https:\/\/amrtop.net\/de\/produktkategorie\/ersatzteile-diverse-ofen-und-kocher-2\/sondes-thermostats-manometres-thermometres\/\">Sonden Thermostate Manometer Thermometer<\/a><\/p>\n<p><a href=\"https:\/\/amrtop.net\/de\/produktkategorie\/ersatzteile-diverse-ofen-und-kocher-2\/joints-detancheite\/\">Dichtgeflechte<\/a><\/p>\n<p><a href=\"https:\/\/amrtop.net\/de\/produktkategorie\/ersatzteile-diverse-ofen-und-kocher-2\/ventilateurs-centrifuges-pour-poeles-a-pellets\/\">Zentrifugalventilatoren<\/a><\/p>\n<p><a href=\"https:\/\/amrtop.net\/de\/produktkategorie\/ersatzteile-diverse-ofen-und-kocher-2\/ventilateurs-tangentiels-flux-transversal\/\">Tangentiale Ventilatoren<\/a><\/p>\n<p><a href=\"https:\/\/amrtop.net\/de\/produktkategorie\/ersatzteile-diverse-ofen-und-kocher-2\/adhesifs-et-produits-detancheite\/\">Klebstoffe und Kitt<\/a><\/p>\n<p>Das Personal von\u00a0<strong>Amrtop<\/strong>\u00a0wurde sorgf\u00e4ltig geschult, um Ihnen durch telefonische Unterst\u00fctzung in Franz\u00f6sisch, Englisch, Rum\u00e4nisch und Italienisch dabei zu helfen, herauszufinden, welche Ersatzteile m\u00f6glicherweise ausgetauscht werden m\u00fcssen.<br \/>\nZ\u00f6gern Sie nicht, uns zu kontaktieren<\/p>","protected":false},"excerpt":{"rendered":"<hr \/>\n<h2><span style=\"color: #008000\">Verf\u00fcgbar<\/span><\/h2>\n<hr \/>\n<h2>Ventilateur centrifuge IPC moteur gauche<\/h2>\n<p>Code CFH2080804<\/p>\n<p>Ventilator \u00f8 76 mm<\/p>\n<p>Longueur totale : 173 mm<\/p>\n<p>Gesamth\u00f6he: 136 mm<\/p>\n<p>Profondeur totale : 132 mm<\/p>\n<p>Dimensions bouches : 46 x 108 mm<\/p>\n<p>Debit d&#8217;air : 150 m\u00b3\/h<\/p>\n<p>Paquet lamellaire : n.d<\/p>\n<p>Puissance : 40 W<\/p>\n<p>Klasse H- W\u00e4rmeschutz 145\u00b0C<\/p>\n<h2><\/h2>","protected":false},"featured_media":35996,"comment_status":"open","ping_status":"closed","template":"","meta":[],"product_brand":[],"product_cat":[1300,1303,1405],"product_tag":[],"class_list":{"0":"post-20773","1":"product","2":"type-product","3":"status-publish","4":"has-post-thumbnail","6":"product_cat-ventilateurs-centrifuges-pour-poeles-a-pellets","7":"product_cat-ventilateurs-centrifuges-ipc","8":"product_cat-ventilateurs-centrifuges-ipc-double-aspiration","9":"product_shipping_class-classe-di-spedizione-02","11":"first","12":"instock","13":"shipping-taxable","14":"purchasable","15":"product-type-simple"},"yoast_head":"<!-- This site is optimized with the Yoast SEO plugin v27.5 - https:\/\/yoast.com\/product\/yoast-seo-wordpress\/ -->\n<title>Ventilateur centrifuge IPC moteur gauche<\/title>\n<meta name=\"description\" content=\"Ventilateur centrifuge IPC moteur guache - Ventilateur centrifuge IPC moteur gauche po\u00eales et chaudi\u00e8res \u00e0 pellets code CFH2080804\" \/>\n<meta name=\"robots\" content=\"index, follow, max-snippet:-1, max-image-preview:large, max-video-preview:-1\" \/>\n<link rel=\"canonical\" href=\"https:\/\/amrtop.net\/de\/produkt\/ventilateur-centrifuge-ipc-code-cfh2080804-encombrement-longueur-173-mm-encombrement-hauteur-136-mm\/\" \/>\n<meta property=\"og:locale\" content=\"de_DE\" \/>\n<meta property=\"og:type\" content=\"article\" \/>\n<meta property=\"og:title\" content=\"Ventilateur centrifuge IPC moteur gauche\" \/>\n<meta property=\"og:description\" content=\"Ventilateur centrifuge IPC moteur guache - Ventilateur centrifuge IPC moteur gauche po\u00eales et chaudi\u00e8res \u00e0 pellets code CFH2080804\" \/>\n<meta property=\"og:url\" content=\"https:\/\/amrtop.net\/de\/produkt\/ventilateur-centrifuge-ipc-code-cfh2080804-encombrement-longueur-173-mm-encombrement-hauteur-136-mm\/\" \/>\n<meta property=\"og:site_name\" content=\"AMRTOP B2B \u00c9tranger - Achats r\u00e9serv\u00e9s au professionnel\" \/>\n<meta property=\"article:modified_time\" content=\"2023-06-06T11:43:09+00:00\" \/>\n<meta property=\"og:image\" content=\"https:\/\/amrtop.net\/wp-content\/uploads\/2020\/10\/CFH2080804.jpg\" \/>\n\t<meta property=\"og:image:width\" content=\"960\" \/>\n\t<meta property=\"og:image:height\" content=\"960\" \/>\n\t<meta property=\"og:image:type\" content=\"image\/jpeg\" \/>\n<meta name=\"twitter:card\" content=\"summary_large_image\" \/>\n<meta name=\"twitter:label1\" content=\"Gesch\u00e4tzte Lesezeit\" \/>\n\t<meta name=\"twitter:data1\" content=\"1\u00a0Minute\" \/>\n<script type=\"application\/ld+json\" class=\"yoast-schema-graph\">{\"@context\":\"https:\\\/\\\/schema.org\",\"@graph\":[{\"@type\":\"WebPage\",\"@id\":\"https:\\\/\\\/amrtop.net\\\/produit\\\/ventilateur-centrifuge-ipc-code-cfh2080804-encombrement-longueur-173-mm-encombrement-hauteur-136-mm\\\/\",\"url\":\"https:\\\/\\\/amrtop.net\\\/produit\\\/ventilateur-centrifuge-ipc-code-cfh2080804-encombrement-longueur-173-mm-encombrement-hauteur-136-mm\\\/\",\"name\":\"Ventilateur centrifuge IPC moteur gauche\",\"isPartOf\":{\"@id\":\"https:\\\/\\\/amrtop.net\\\/#website\"},\"primaryImageOfPage\":{\"@id\":\"https:\\\/\\\/amrtop.net\\\/produit\\\/ventilateur-centrifuge-ipc-code-cfh2080804-encombrement-longueur-173-mm-encombrement-hauteur-136-mm\\\/#primaryimage\"},\"image\":{\"@id\":\"https:\\\/\\\/amrtop.net\\\/produit\\\/ventilateur-centrifuge-ipc-code-cfh2080804-encombrement-longueur-173-mm-encombrement-hauteur-136-mm\\\/#primaryimage\"},\"thumbnailUrl\":\"https:\\\/\\\/amrtop.net\\\/wp-content\\\/uploads\\\/2020\\\/10\\\/CFH2080804.jpg\",\"datePublished\":\"2020-10-01T00:00:00+00:00\",\"dateModified\":\"2023-06-06T11:43:09+00:00\",\"description\":\"Ventilateur centrifuge IPC moteur guache - Ventilateur centrifuge IPC moteur gauche po\u00eales et chaudi\u00e8res \u00e0 pellets code CFH2080804\",\"breadcrumb\":{\"@id\":\"https:\\\/\\\/amrtop.net\\\/produit\\\/ventilateur-centrifuge-ipc-code-cfh2080804-encombrement-longueur-173-mm-encombrement-hauteur-136-mm\\\/#breadcrumb\"},\"inLanguage\":\"de\",\"potentialAction\":[{\"@type\":\"ReadAction\",\"target\":[\"https:\\\/\\\/amrtop.net\\\/produit\\\/ventilateur-centrifuge-ipc-code-cfh2080804-encombrement-longueur-173-mm-encombrement-hauteur-136-mm\\\/\"]}]},{\"@type\":\"ImageObject\",\"inLanguage\":\"de\",\"@id\":\"https:\\\/\\\/amrtop.net\\\/produit\\\/ventilateur-centrifuge-ipc-code-cfh2080804-encombrement-longueur-173-mm-encombrement-hauteur-136-mm\\\/#primaryimage\",\"url\":\"https:\\\/\\\/amrtop.net\\\/wp-content\\\/uploads\\\/2020\\\/10\\\/CFH2080804.jpg\",\"contentUrl\":\"https:\\\/\\\/amrtop.net\\\/wp-content\\\/uploads\\\/2020\\\/10\\\/CFH2080804.jpg\",\"width\":960,\"height\":960,\"caption\":\"Ventilateur centrifuge IPC moteur guache - Ventilateur centrifuge IPC moteur gauche po\u00eales et chaudi\u00e8res \u00e0 pellets code CFH2080804\"},{\"@type\":\"BreadcrumbList\",\"@id\":\"https:\\\/\\\/amrtop.net\\\/produit\\\/ventilateur-centrifuge-ipc-code-cfh2080804-encombrement-longueur-173-mm-encombrement-hauteur-136-mm\\\/#breadcrumb\",\"itemListElement\":[{\"@type\":\"ListItem\",\"position\":1,\"name\":\"Home\",\"item\":\"https:\\\/\\\/amrtop.net\\\/\"},{\"@type\":\"ListItem\",\"position\":2,\"name\":\"Shop\",\"item\":\"https:\\\/\\\/amrtop.net\\\/negozio\\\/\"},{\"@type\":\"ListItem\",\"position\":3,\"name\":\"Ventilateur centrifuge Ipc Code CFH2080804 &#8211; Encombrement longueur 173 mm &#8211; Encombrement hauteur 136 mm\"}]},{\"@type\":\"WebSite\",\"@id\":\"https:\\\/\\\/amrtop.net\\\/#website\",\"url\":\"https:\\\/\\\/amrtop.net\\\/\",\"name\":\"AMRTOP B2B \u00c9tranger - Achats r\u00e9serv\u00e9s au professionnel\",\"description\":\"Pi\u00e8ces de rechange et accessoires pour po\u00eales et chaudi\u00e8res - eCommerce B2B pour Clients Professionnels\",\"potentialAction\":[{\"@type\":\"SearchAction\",\"target\":{\"@type\":\"EntryPoint\",\"urlTemplate\":\"https:\\\/\\\/amrtop.net\\\/?s={search_term_string}\"},\"query-input\":{\"@type\":\"PropertyValueSpecification\",\"valueRequired\":true,\"valueName\":\"search_term_string\"}}],\"inLanguage\":\"de\"}]}<\/script>\n<!-- \/ Yoast SEO plugin. -->","yoast_head_json":{"title":"Ventilateur centrifuge IPC moteur gauche","description":"Ventilateur centrifuge IPC moteur guache - Ventilateur centrifuge IPC moteur gauche po\u00eales et chaudi\u00e8res \u00e0 pellets code CFH2080804","robots":{"index":"index","follow":"follow","max-snippet":"max-snippet:-1","max-image-preview":"max-image-preview:large","max-video-preview":"max-video-preview:-1"},"canonical":"https:\/\/amrtop.net\/de\/produkt\/ventilateur-centrifuge-ipc-code-cfh2080804-encombrement-longueur-173-mm-encombrement-hauteur-136-mm\/","og_locale":"de_DE","og_type":"article","og_title":"Ventilateur centrifuge IPC moteur gauche","og_description":"Ventilateur centrifuge IPC moteur guache - Ventilateur centrifuge IPC moteur gauche po\u00eales et chaudi\u00e8res \u00e0 pellets code CFH2080804","og_url":"https:\/\/amrtop.net\/de\/produkt\/ventilateur-centrifuge-ipc-code-cfh2080804-encombrement-longueur-173-mm-encombrement-hauteur-136-mm\/","og_site_name":"AMRTOP B2B \u00c9tranger - Achats r\u00e9serv\u00e9s au professionnel","article_modified_time":"2023-06-06T11:43:09+00:00","og_image":[{"width":960,"height":960,"url":"https:\/\/amrtop.net\/wp-content\/uploads\/2020\/10\/CFH2080804.jpg","type":"image\/jpeg"}],"twitter_card":"summary_large_image","twitter_misc":{"Gesch\u00e4tzte Lesezeit":"1\u00a0Minute"},"schema":{"@context":"https:\/\/schema.org","@graph":[{"@type":"WebPage","@id":"https:\/\/amrtop.net\/produit\/ventilateur-centrifuge-ipc-code-cfh2080804-encombrement-longueur-173-mm-encombrement-hauteur-136-mm\/","url":"https:\/\/amrtop.net\/produit\/ventilateur-centrifuge-ipc-code-cfh2080804-encombrement-longueur-173-mm-encombrement-hauteur-136-mm\/","name":"Ventilateur centrifuge IPC moteur gauche","isPartOf":{"@id":"https:\/\/amrtop.net\/#website"},"primaryImageOfPage":{"@id":"https:\/\/amrtop.net\/produit\/ventilateur-centrifuge-ipc-code-cfh2080804-encombrement-longueur-173-mm-encombrement-hauteur-136-mm\/#primaryimage"},"image":{"@id":"https:\/\/amrtop.net\/produit\/ventilateur-centrifuge-ipc-code-cfh2080804-encombrement-longueur-173-mm-encombrement-hauteur-136-mm\/#primaryimage"},"thumbnailUrl":"https:\/\/amrtop.net\/wp-content\/uploads\/2020\/10\/CFH2080804.jpg","datePublished":"2020-10-01T00:00:00+00:00","dateModified":"2023-06-06T11:43:09+00:00","description":"Ventilateur centrifuge IPC moteur guache - Ventilateur centrifuge IPC moteur gauche po\u00eales et chaudi\u00e8res \u00e0 pellets code CFH2080804","breadcrumb":{"@id":"https:\/\/amrtop.net\/produit\/ventilateur-centrifuge-ipc-code-cfh2080804-encombrement-longueur-173-mm-encombrement-hauteur-136-mm\/#breadcrumb"},"inLanguage":"de","potentialAction":[{"@type":"ReadAction","target":["https:\/\/amrtop.net\/produit\/ventilateur-centrifuge-ipc-code-cfh2080804-encombrement-longueur-173-mm-encombrement-hauteur-136-mm\/"]}]},{"@type":"ImageObject","inLanguage":"de","@id":"https:\/\/amrtop.net\/produit\/ventilateur-centrifuge-ipc-code-cfh2080804-encombrement-longueur-173-mm-encombrement-hauteur-136-mm\/#primaryimage","url":"https:\/\/amrtop.net\/wp-content\/uploads\/2020\/10\/CFH2080804.jpg","contentUrl":"https:\/\/amrtop.net\/wp-content\/uploads\/2020\/10\/CFH2080804.jpg","width":960,"height":960,"caption":"Ventilateur centrifuge IPC moteur guache - Ventilateur centrifuge IPC moteur gauche po\u00eales et chaudi\u00e8res \u00e0 pellets code CFH2080804"},{"@type":"BreadcrumbList","@id":"https:\/\/amrtop.net\/produit\/ventilateur-centrifuge-ipc-code-cfh2080804-encombrement-longueur-173-mm-encombrement-hauteur-136-mm\/#breadcrumb","itemListElement":[{"@type":"ListItem","position":1,"name":"Home","item":"https:\/\/amrtop.net\/"},{"@type":"ListItem","position":2,"name":"Shop","item":"https:\/\/amrtop.net\/negozio\/"},{"@type":"ListItem","position":3,"name":"Ventilateur centrifuge Ipc Code CFH2080804 &#8211; Encombrement longueur 173 mm &#8211; Encombrement hauteur 136 mm"}]},{"@type":"WebSite","@id":"https:\/\/amrtop.net\/#website","url":"https:\/\/amrtop.net\/","name":"AMRTOP B2B Ausland - Einkaufen nur f\u00fcr Fachleute","description":"Ersatzteile und Zubeh\u00f6r f\u00fcr \u00d6fen und Heizkessel - B2B eCommerce f\u00fcr Gesch\u00e4ftskunden","potentialAction":[{"@type":"SearchAction","target":{"@type":"EntryPoint","urlTemplate":"https:\/\/amrtop.net\/?s={search_term_string}"},"query-input":{"@type":"PropertyValueSpecification","valueRequired":true,"valueName":"search_term_string"}}],"inLanguage":"de"}]}},"_links":{"self":[{"href":"https:\/\/amrtop.net\/de\/wp-json\/wp\/v2\/product\/20773","targetHints":{"allow":["GET"]}}],"collection":[{"href":"https:\/\/amrtop.net\/de\/wp-json\/wp\/v2\/product"}],"about":[{"href":"https:\/\/amrtop.net\/de\/wp-json\/wp\/v2\/types\/product"}],"replies":[{"embeddable":true,"href":"https:\/\/amrtop.net\/de\/wp-json\/wp\/v2\/comments?post=20773"}],"wp:featuredmedia":[{"embeddable":true,"href":"https:\/\/amrtop.net\/de\/wp-json\/wp\/v2\/media\/35996"}],"wp:attachment":[{"href":"https:\/\/amrtop.net\/de\/wp-json\/wp\/v2\/media?parent=20773"}],"wp:term":[{"taxonomy":"product_brand","embeddable":true,"href":"https:\/\/amrtop.net\/de\/wp-json\/wp\/v2\/product_brand?post=20773"},{"taxonomy":"product_cat","embeddable":true,"href":"https:\/\/amrtop.net\/de\/wp-json\/wp\/v2\/product_cat?post=20773"},{"taxonomy":"product_tag","embeddable":true,"href":"https:\/\/amrtop.net\/de\/wp-json\/wp\/v2\/product_tag?post=20773"}],"curies":[{"name":"wp","href":"https:\/\/api.w.org\/{rel}","templated":true}]}}