{"id":20828,"date":"2020-01-10T00:00:00","date_gmt":"2020-01-10T00:00:00","guid":{"rendered":"https:\/\/amrtop.com\/B2B\/?post_type=product&#038;p=20828"},"modified":"2023-06-07T13:46:11","modified_gmt":"2023-06-07T13:46:11","slug":"pressostat-differentiel-huba-59-pa","status":"publish","type":"product","link":"https:\/\/amrtop.net\/de\/produit\/pressostat-differentiel-huba-59-pa\/","title":{"rendered":"Differenzdruckschalter HUBA 59 Pa Code.PRST003"},"content":{"rendered":"<h3>Pressostat diff\u00e9rentiel HUBA 59 Pa<\/h3>\n<p>Amrtop verf\u00fcgt \u00fcber ein umfassendes Sortiment an einstellbaren Differenzdruckluftschaltern, Normalschaltern und Druckwandlern f\u00fcr \u00d6fen und Pelletkessel.<\/p>\n<p>Sie sind Hochleistungskomponenten, die aus dem Anwendungswissen der wichtigsten Unternehmen der Pelletbranche entstanden sind und stellen die leistungsf\u00e4higste L\u00f6sung dar, die heute f\u00fcr diese Art von Produkt erh\u00e4ltlich ist.<\/p>\n<p>Zuverl\u00e4ssigkeit, Effizienz und Kompatibilit\u00e4t sind die charakteristischen Merkmale dieses Produkttyps, der von Amrtop vermarktet wird und immer in seinen Lagern verf\u00fcgbar ist.<\/p>\n<p>Die Konstruktionsmerkmale und die Qualit\u00e4t der Materialien sorgen f\u00fcr maximale Sicherheit und Zuverl\u00e4ssigkeit.<\/p>\n<p>Vorhanden in typischen Ger\u00e4ten - Pelletofen - Pelletkessel - Pelletbrenner - Pellets BBQ\/Grill Biomassekessel - Biomassebrenner - Und viele andere Brenner<\/p>\n<h3>Utilisation du pressostat diff\u00e9rentiel HUBA 59 Pa<\/h3>\n<h3>Pressostat comment \u00e7a marche<\/h3>\n<p>Der Druckschalter ist ein Ger\u00e4t, das das Schlie\u00dfen und \u00d6ffnen eines Stromkreises erm\u00f6glicht, einfach durch die automatische Ver\u00e4nderung des Drucks.  Er wird in vielen Bereichen eingesetzt, von der Hydraulik bis zur Thermoelektrik, wo er in Ger\u00e4ten wie Hydraulikpumpen, Kompressoren und Heizungs- und Klimaanlagen installiert wird<\/p>\n<p>Wandler wie es funktioniert.<\/p>\n<p>Messwertaufnehmer f\u00fcr Pelletkessel und -heizk\u00f6rper sind Bauteile, die die Kraft einer Fl\u00fcssigkeit messen k\u00f6nnen, wenn es sich um einen Wassermesswertaufnehmer handelt, oder die Kraft eines Gases, wenn es sich um einen Luft-Rauchgas-Messwertaufnehmer handelt. Der gemessene Wert wird in eine Zahl umgewandelt und dann auf dem Stecker des Kessels ablesbar gemacht.<\/p>\n<h3>Innen<\/h3>\n<p><a href=\"https:\/\/wekos.it\/\">\u00d6fen, Herde und Holzherde<\/a>\u00a0-\u00a0<a href=\"https:\/\/www.greenpuros.com\/\">Kamine, \u00d6fen und Pelletkessel.<\/a><\/p>\n<h3>Amrtop Ersatzteile und Zubeh\u00f6r Sortiment<\/h3>\n<p><a href=\"https:\/\/amrtop.net\/de\/produktkategorie\/ersatzteile-diverse-ofen-und-kocher-2\/bougies-dallumage-pour-poeles-et-chaudieres-a-pellets\/\">Gl\u00fchkerzen<\/a><\/p>\n<p><a href=\"https:\/\/amrtop.net\/de\/produktkategorie\/ersatzteile-diverse-ofen-und-kocher-2\/electronique\/\">Elektronik<\/a><\/p>\n<p><a href=\"https:\/\/amrtop.net\/de\/produktkategorie\/ersatzteile-diverse-ofen-und-kocher-2\/extracteurs-de-fumee\/\">Rauchabzug<\/a><\/p>\n<p><a href=\"https:\/\/amrtop.net\/de\/produktkategorie\/ersatzteile-diverse-ofen-und-kocher-2\/gaines-cable-connecteurs\/\">Kabelh\u00fcllen Verbinder<\/a><\/p>\n<p><a href=\"https:\/\/amrtop.net\/de\/produktkategorie\/ersatzteile-diverse-ofen-und-kocher-2\/joints-de-silicone\/\">Silikondichtungen<\/a><\/p>\n<p><a href=\"https:\/\/amrtop.net\/de\/produktkategorie\/ersatzteile-diverse-ofen-und-kocher-2\/motoreducteurs\/\">Getriebemotoren<\/a><\/p>\n<p><a href=\"https:\/\/amrtop.net\/de\/produktkategorie\/ersatzteile-diverse-ofen-und-kocher-2\/pressostats-et-transducteurs\/\">Druckschalter und Wandler<\/a><\/p>\n<p><a href=\"https:\/\/amrtop.net\/de\/produktkategorie\/ersatzteile-diverse-ofen-und-kocher-2\/sondes-thermostats-manometres-thermometres\/\">Sonden Thermostate Manometer Thermometer<\/a><\/p>\n<p><a href=\"https:\/\/amrtop.net\/de\/produktkategorie\/ersatzteile-diverse-ofen-und-kocher-2\/joints-detancheite\/\">Dichtgeflechte<\/a><\/p>\n<p><a href=\"https:\/\/amrtop.net\/de\/produktkategorie\/ersatzteile-diverse-ofen-und-kocher-2\/ventilateurs-centrifuges-pour-poeles-a-pellets\/\">Zentrifugalventilatoren<\/a><\/p>\n<p><a href=\"https:\/\/amrtop.net\/de\/produktkategorie\/ersatzteile-diverse-ofen-und-kocher-2\/ventilateurs-tangentiels-flux-transversal\/\">Tangentiale Ventilatoren<\/a><\/p>\n<p><a href=\"https:\/\/amrtop.net\/de\/produktkategorie\/ersatzteile-diverse-ofen-und-kocher-2\/adhesifs-et-produits-detancheite\/\">Klebstoffe und Kitt<\/a><\/p>\n<p>&nbsp;<\/p>\n<p>&nbsp;<\/p>\n<p>&nbsp;<\/p>\n<p>&nbsp;<\/p>\n<p>&nbsp;<\/p>\n<p>&nbsp;<\/p>","protected":false},"excerpt":{"rendered":"<hr \/>\n<h2><span style=\"color: #008000\">Verf\u00fcgbar<\/span><\/h2>\n<hr \/>\n<p>Code PRST003<\/p>\n<p>Pression diff\u00e9rentielle HUBA 59 Pa en d\u00e9pression<br \/>\nTyp: 605<br \/>\nZul\u00e4ssige Gase: Luft und Rauch<br \/>\nK\u00f6rpermaterial: Polycarbonat<br \/>\nKonfiguration Kontakte : SPDT<br \/>\nBetriebstemperatur : Von -40\u00b0 C bis 90\u00b0 C<br \/>\nMontageposition: Vertikal<\/p>","protected":false},"featured_media":35667,"comment_status":"open","ping_status":"closed","template":"","meta":[],"product_brand":[],"product_cat":[1408,1407],"product_tag":[],"class_list":{"0":"post-20828","1":"product","2":"type-product","3":"status-publish","4":"has-post-thumbnail","6":"product_cat-pressostats-dair-differentiels-reglables-et-normaux","7":"product_cat-pressostats-et-transducteurs-pour-poeles-et-chaudieres-a-pellets","8":"product_shipping_class-classe-di-spedizione-01","10":"first","11":"instock","12":"shipping-taxable","13":"purchasable","14":"product-type-simple"},"yoast_head":"<!-- This site is optimized with the Yoast SEO plugin v27.4 - https:\/\/yoast.com\/product\/yoast-seo-wordpress\/ -->\n<title>Pressostat diff\u00e9rentiel HUBA 59 Pa<\/title>\n<meta name=\"description\" content=\"Pressostat diff\u00e9rentiel HUBA 59 Pa - Pressostat eau et air pour po\u00eale et chaudi\u00e8re \u00e0 pellets - Transducteurs pour po\u00eale et chaudi\u00e8re \u00e0 pellets - R\u00e9gulateur de pression pour po\u00eale et chaudi\u00e8re \u00e0 pellets - R\u00e9gulateur de pression pour po\u00eale et chaudi\u00e8re \u00e0 pellets Transducteur de pression po\u00eale et chaudi\u00e8re \u00e0 pellets\" \/>\n<meta name=\"robots\" content=\"index, follow, max-snippet:-1, max-image-preview:large, max-video-preview:-1\" \/>\n<link rel=\"canonical\" href=\"https:\/\/amrtop.net\/de\/produkt\/pressostat-differentiel-huba-59-pa\/\" \/>\n<meta property=\"og:locale\" content=\"de_DE\" \/>\n<meta property=\"og:type\" content=\"article\" \/>\n<meta property=\"og:title\" content=\"Pressostat diff\u00e9rentiel HUBA 59 Pa\" \/>\n<meta property=\"og:description\" content=\"Pressostat diff\u00e9rentiel HUBA 59 Pa - Pressostat eau et air pour po\u00eale et chaudi\u00e8re \u00e0 pellets - Transducteurs pour po\u00eale et chaudi\u00e8re \u00e0 pellets - R\u00e9gulateur de pression pour po\u00eale et chaudi\u00e8re \u00e0 pellets - R\u00e9gulateur de pression pour po\u00eale et chaudi\u00e8re \u00e0 pellets Transducteur de pression po\u00eale et chaudi\u00e8re \u00e0 pellets\" \/>\n<meta property=\"og:url\" content=\"https:\/\/amrtop.net\/de\/produkt\/pressostat-differentiel-huba-59-pa\/\" \/>\n<meta property=\"og:site_name\" content=\"AMRTOP B2B \u00c9tranger - Achats r\u00e9serv\u00e9s au professionnel\" \/>\n<meta property=\"article:modified_time\" content=\"2023-06-07T13:46:11+00:00\" \/>\n<meta property=\"og:image\" content=\"https:\/\/amrtop.net\/wp-content\/uploads\/2020\/10\/PRST003.jpg\" \/>\n\t<meta property=\"og:image:width\" content=\"640\" \/>\n\t<meta property=\"og:image:height\" content=\"640\" \/>\n\t<meta property=\"og:image:type\" content=\"image\/jpeg\" \/>\n<meta name=\"twitter:card\" content=\"summary_large_image\" \/>\n<meta name=\"twitter:label1\" content=\"Gesch\u00e4tzte Lesezeit\" \/>\n\t<meta name=\"twitter:data1\" content=\"2\u00a0Minuten\" \/>\n<script type=\"application\/ld+json\" class=\"yoast-schema-graph\">{\"@context\":\"https:\\\/\\\/schema.org\",\"@graph\":[{\"@type\":\"WebPage\",\"@id\":\"https:\\\/\\\/amrtop.net\\\/produit\\\/pressostat-differentiel-huba-59-pa\\\/\",\"url\":\"https:\\\/\\\/amrtop.net\\\/produit\\\/pressostat-differentiel-huba-59-pa\\\/\",\"name\":\"Pressostat diff\u00e9rentiel HUBA 59 Pa\",\"isPartOf\":{\"@id\":\"https:\\\/\\\/amrtop.net\\\/#website\"},\"primaryImageOfPage\":{\"@id\":\"https:\\\/\\\/amrtop.net\\\/produit\\\/pressostat-differentiel-huba-59-pa\\\/#primaryimage\"},\"image\":{\"@id\":\"https:\\\/\\\/amrtop.net\\\/produit\\\/pressostat-differentiel-huba-59-pa\\\/#primaryimage\"},\"thumbnailUrl\":\"https:\\\/\\\/amrtop.net\\\/wp-content\\\/uploads\\\/2020\\\/10\\\/PRST003.jpg\",\"datePublished\":\"2020-01-10T00:00:00+00:00\",\"dateModified\":\"2023-06-07T13:46:11+00:00\",\"description\":\"Pressostat diff\u00e9rentiel HUBA 59 Pa - Pressostat eau et air pour po\u00eale et chaudi\u00e8re \u00e0 pellets - Transducteurs pour po\u00eale et chaudi\u00e8re \u00e0 pellets - R\u00e9gulateur de pression pour po\u00eale et chaudi\u00e8re \u00e0 pellets - R\u00e9gulateur de pression pour po\u00eale et chaudi\u00e8re \u00e0 pellets Transducteur de pression po\u00eale et chaudi\u00e8re \u00e0 pellets\",\"breadcrumb\":{\"@id\":\"https:\\\/\\\/amrtop.net\\\/produit\\\/pressostat-differentiel-huba-59-pa\\\/#breadcrumb\"},\"inLanguage\":\"de\",\"potentialAction\":[{\"@type\":\"ReadAction\",\"target\":[\"https:\\\/\\\/amrtop.net\\\/produit\\\/pressostat-differentiel-huba-59-pa\\\/\"]}]},{\"@type\":\"ImageObject\",\"inLanguage\":\"de\",\"@id\":\"https:\\\/\\\/amrtop.net\\\/produit\\\/pressostat-differentiel-huba-59-pa\\\/#primaryimage\",\"url\":\"https:\\\/\\\/amrtop.net\\\/wp-content\\\/uploads\\\/2020\\\/10\\\/PRST003.jpg\",\"contentUrl\":\"https:\\\/\\\/amrtop.net\\\/wp-content\\\/uploads\\\/2020\\\/10\\\/PRST003.jpg\",\"width\":640,\"height\":640,\"caption\":\"Pressostat diff\u00e9rentiel HUBA 59 Pa - Pressostat eau et air pour po\u00eale et chaudi\u00e8re \u00e0 pellets - Transducteurs pour po\u00eale et chaudi\u00e8re \u00e0 pellets - R\u00e9gulateur de pression pour po\u00eale et chaudi\u00e8re \u00e0 pellets - R\u00e9gulateur de pression pour po\u00eale et chaudi\u00e8re \u00e0 pellets Transducteur de pression po\u00eale et chaudi\u00e8re \u00e0 pellets\"},{\"@type\":\"BreadcrumbList\",\"@id\":\"https:\\\/\\\/amrtop.net\\\/produit\\\/pressostat-differentiel-huba-59-pa\\\/#breadcrumb\",\"itemListElement\":[{\"@type\":\"ListItem\",\"position\":1,\"name\":\"Home\",\"item\":\"https:\\\/\\\/amrtop.net\\\/\"},{\"@type\":\"ListItem\",\"position\":2,\"name\":\"Shop\",\"item\":\"https:\\\/\\\/amrtop.net\\\/negozio\\\/\"},{\"@type\":\"ListItem\",\"position\":3,\"name\":\"Pressostat diff\u00e9rentiel HUBA 59 Pa Code.PRST003\"}]},{\"@type\":\"WebSite\",\"@id\":\"https:\\\/\\\/amrtop.net\\\/#website\",\"url\":\"https:\\\/\\\/amrtop.net\\\/\",\"name\":\"AMRTOP B2B \u00c9tranger - Achats r\u00e9serv\u00e9s au professionnel\",\"description\":\"Pi\u00e8ces de rechange et accessoires pour po\u00eales et chaudi\u00e8res - eCommerce B2B pour Clients Professionnels\",\"potentialAction\":[{\"@type\":\"SearchAction\",\"target\":{\"@type\":\"EntryPoint\",\"urlTemplate\":\"https:\\\/\\\/amrtop.net\\\/?s={search_term_string}\"},\"query-input\":{\"@type\":\"PropertyValueSpecification\",\"valueRequired\":true,\"valueName\":\"search_term_string\"}}],\"inLanguage\":\"de\"}]}<\/script>\n<!-- \/ Yoast SEO plugin. -->","yoast_head_json":{"title":"Pressostat diff\u00e9rentiel HUBA 59 Pa","description":"Differenzdruckschalter HUBA 59 Pa - Wasser- und Luftdruckschalter f\u00fcr Ofen und Pelletkessel - Druckmessumformer f\u00fcr Ofen und Pelletkessel - Druckregler f\u00fcr Ofen und Pelletkessel - Druckregler f\u00fcr Ofen und Pelletkessel Druckmessumformer f\u00fcr Ofen und Pelletkessel","robots":{"index":"index","follow":"follow","max-snippet":"max-snippet:-1","max-image-preview":"max-image-preview:large","max-video-preview":"max-video-preview:-1"},"canonical":"https:\/\/amrtop.net\/de\/produkt\/pressostat-differentiel-huba-59-pa\/","og_locale":"de_DE","og_type":"article","og_title":"Pressostat diff\u00e9rentiel HUBA 59 Pa","og_description":"Pressostat diff\u00e9rentiel HUBA 59 Pa - Pressostat eau et air pour po\u00eale et chaudi\u00e8re \u00e0 pellets - Transducteurs pour po\u00eale et chaudi\u00e8re \u00e0 pellets - R\u00e9gulateur de pression pour po\u00eale et chaudi\u00e8re \u00e0 pellets - R\u00e9gulateur de pression pour po\u00eale et chaudi\u00e8re \u00e0 pellets Transducteur de pression po\u00eale et chaudi\u00e8re \u00e0 pellets","og_url":"https:\/\/amrtop.net\/de\/produkt\/pressostat-differentiel-huba-59-pa\/","og_site_name":"AMRTOP B2B \u00c9tranger - Achats r\u00e9serv\u00e9s au professionnel","article_modified_time":"2023-06-07T13:46:11+00:00","og_image":[{"width":640,"height":640,"url":"https:\/\/amrtop.net\/wp-content\/uploads\/2020\/10\/PRST003.jpg","type":"image\/jpeg"}],"twitter_card":"summary_large_image","twitter_misc":{"Gesch\u00e4tzte Lesezeit":"2\u00a0Minuten"},"schema":{"@context":"https:\/\/schema.org","@graph":[{"@type":"WebPage","@id":"https:\/\/amrtop.net\/produit\/pressostat-differentiel-huba-59-pa\/","url":"https:\/\/amrtop.net\/produit\/pressostat-differentiel-huba-59-pa\/","name":"Pressostat diff\u00e9rentiel HUBA 59 Pa","isPartOf":{"@id":"https:\/\/amrtop.net\/#website"},"primaryImageOfPage":{"@id":"https:\/\/amrtop.net\/produit\/pressostat-differentiel-huba-59-pa\/#primaryimage"},"image":{"@id":"https:\/\/amrtop.net\/produit\/pressostat-differentiel-huba-59-pa\/#primaryimage"},"thumbnailUrl":"https:\/\/amrtop.net\/wp-content\/uploads\/2020\/10\/PRST003.jpg","datePublished":"2020-01-10T00:00:00+00:00","dateModified":"2023-06-07T13:46:11+00:00","description":"Differenzdruckschalter HUBA 59 Pa - Wasser- und Luftdruckschalter f\u00fcr Ofen und Pelletkessel - Druckmessumformer f\u00fcr Ofen und Pelletkessel - Druckregler f\u00fcr Ofen und Pelletkessel - Druckregler f\u00fcr Ofen und Pelletkessel Druckmessumformer f\u00fcr Ofen und Pelletkessel","breadcrumb":{"@id":"https:\/\/amrtop.net\/produit\/pressostat-differentiel-huba-59-pa\/#breadcrumb"},"inLanguage":"de","potentialAction":[{"@type":"ReadAction","target":["https:\/\/amrtop.net\/produit\/pressostat-differentiel-huba-59-pa\/"]}]},{"@type":"ImageObject","inLanguage":"de","@id":"https:\/\/amrtop.net\/produit\/pressostat-differentiel-huba-59-pa\/#primaryimage","url":"https:\/\/amrtop.net\/wp-content\/uploads\/2020\/10\/PRST003.jpg","contentUrl":"https:\/\/amrtop.net\/wp-content\/uploads\/2020\/10\/PRST003.jpg","width":640,"height":640,"caption":"Pressostat diff\u00e9rentiel HUBA 59 Pa - Pressostat eau et air pour po\u00eale et chaudi\u00e8re \u00e0 pellets - Transducteurs pour po\u00eale et chaudi\u00e8re \u00e0 pellets - R\u00e9gulateur de pression pour po\u00eale et chaudi\u00e8re \u00e0 pellets - R\u00e9gulateur de pression pour po\u00eale et chaudi\u00e8re \u00e0 pellets Transducteur de pression po\u00eale et chaudi\u00e8re \u00e0 pellets"},{"@type":"BreadcrumbList","@id":"https:\/\/amrtop.net\/produit\/pressostat-differentiel-huba-59-pa\/#breadcrumb","itemListElement":[{"@type":"ListItem","position":1,"name":"Home","item":"https:\/\/amrtop.net\/"},{"@type":"ListItem","position":2,"name":"Shop","item":"https:\/\/amrtop.net\/negozio\/"},{"@type":"ListItem","position":3,"name":"Pressostat diff\u00e9rentiel HUBA 59 Pa Code.PRST003"}]},{"@type":"WebSite","@id":"https:\/\/amrtop.net\/#website","url":"https:\/\/amrtop.net\/","name":"AMRTOP B2B Ausland - Einkaufen nur f\u00fcr Fachleute","description":"Ersatzteile und Zubeh\u00f6r f\u00fcr \u00d6fen und Heizkessel - B2B eCommerce f\u00fcr Gesch\u00e4ftskunden","potentialAction":[{"@type":"SearchAction","target":{"@type":"EntryPoint","urlTemplate":"https:\/\/amrtop.net\/?s={search_term_string}"},"query-input":{"@type":"PropertyValueSpecification","valueRequired":true,"valueName":"search_term_string"}}],"inLanguage":"de"}]}},"_links":{"self":[{"href":"https:\/\/amrtop.net\/de\/wp-json\/wp\/v2\/product\/20828","targetHints":{"allow":["GET"]}}],"collection":[{"href":"https:\/\/amrtop.net\/de\/wp-json\/wp\/v2\/product"}],"about":[{"href":"https:\/\/amrtop.net\/de\/wp-json\/wp\/v2\/types\/product"}],"replies":[{"embeddable":true,"href":"https:\/\/amrtop.net\/de\/wp-json\/wp\/v2\/comments?post=20828"}],"wp:featuredmedia":[{"embeddable":true,"href":"https:\/\/amrtop.net\/de\/wp-json\/wp\/v2\/media\/35667"}],"wp:attachment":[{"href":"https:\/\/amrtop.net\/de\/wp-json\/wp\/v2\/media?parent=20828"}],"wp:term":[{"taxonomy":"product_brand","embeddable":true,"href":"https:\/\/amrtop.net\/de\/wp-json\/wp\/v2\/product_brand?post=20828"},{"taxonomy":"product_cat","embeddable":true,"href":"https:\/\/amrtop.net\/de\/wp-json\/wp\/v2\/product_cat?post=20828"},{"taxonomy":"product_tag","embeddable":true,"href":"https:\/\/amrtop.net\/de\/wp-json\/wp\/v2\/product_tag?post=20828"}],"curies":[{"name":"wp","href":"https:\/\/api.w.org\/{rel}","templated":true}]}}