{"id":20829,"date":"2020-01-10T00:00:00","date_gmt":"2020-01-10T00:00:00","guid":{"rendered":"https:\/\/amrtop.com\/B2B\/?post_type=product&#038;p=20829"},"modified":"2023-06-07T13:49:14","modified_gmt":"2023-06-07T13:49:14","slug":"differenzdruck-cleveland-control-10-20-pa-mit-bugel","status":"publish","type":"product","link":"https:\/\/amrtop.net\/de\/produit\/pression-differentielle-cleveland-control-10-20-pa-avec-etrier\/","title":{"rendered":"Differenzdruck Cleveland control 10\/20 Pa mit B\u00fcgel Code PRST004"},"content":{"rendered":"<hr \/>\n<h3>Pression diff\u00e9rentielle Cleveland control 10\/20 Pa avec \u00e9trier<\/h3>\n<p>Amrtop verf\u00fcgt \u00fcber ein umfassendes Sortiment an einstellbaren Differenzdruckluftschaltern, Normalschaltern und Druckwandlern f\u00fcr \u00d6fen und Pelletkessel.<\/p>\n<p>Sie sind Hochleistungskomponenten, die aus dem Anwendungswissen der wichtigsten Unternehmen der Pelletbranche entstanden sind und stellen die leistungsf\u00e4higste L\u00f6sung dar, die heute f\u00fcr diese Art von Produkt erh\u00e4ltlich ist.<\/p>\n<p>Vorhanden in typischen Ger\u00e4ten - Pelletofen - Pelletkessel - Pelletbrenner - Pellets BBQ\/Grill Biomassekessel - Biomassebrenner - Und viele andere Brenner<\/p>\n<h3>Utilisation de ression diff\u00e9rentielle Cleveland control 10\/20 Pa avec \u00e9trier<\/h3>\n<p>Der Druckschalter ist ein Ger\u00e4t, das das Schlie\u00dfen und \u00d6ffnen eines Stromkreises erm\u00f6glicht, einfach durch die automatische Ver\u00e4nderung des Drucks.  Er wird in vielen Bereichen eingesetzt, von der Hydraulik bis zur Thermoelektrik, wo er in Ger\u00e4ten wie Hydraulikpumpen, Kompressoren und Heizungs- und Klimaanlagen installiert wird<\/p>\n<p>Wandler wie es funktioniert.<\/p>\n<h3>Innen<\/h3>\n<p><a href=\"https:\/\/wekos.it\/\">\u00d6fen, Herde und Holzherde<\/a>\u00a0-\u00a0<a href=\"https:\/\/www.greenpuros.com\/\">Kamine, \u00d6fen und Pelletkessel.<\/a><\/p>\n<h3>Amrtop Ersatzteile und Zubeh\u00f6r Sortiment<\/h3>\n<p><a href=\"https:\/\/amrtop.net\/de\/produktkategorie\/ersatzteile-diverse-ofen-und-kocher-2\/bougies-dallumage-pour-poeles-et-chaudieres-a-pellets\/\">Gl\u00fchkerzen<\/a><\/p>\n<p><a href=\"https:\/\/amrtop.net\/de\/produktkategorie\/ersatzteile-diverse-ofen-und-kocher-2\/electronique\/\">Elektronik<\/a><\/p>\n<p><a href=\"https:\/\/amrtop.net\/de\/produktkategorie\/ersatzteile-diverse-ofen-und-kocher-2\/extracteurs-de-fumee\/\">Rauchabzug<\/a><\/p>\n<p><a href=\"https:\/\/amrtop.net\/de\/produktkategorie\/ersatzteile-diverse-ofen-und-kocher-2\/gaines-cable-connecteurs\/\">Kabelh\u00fcllen Verbinder<\/a><\/p>\n<p><a href=\"https:\/\/amrtop.net\/de\/produktkategorie\/ersatzteile-diverse-ofen-und-kocher-2\/joints-de-silicone\/\">Silikondichtungen<\/a><\/p>\n<p><a href=\"https:\/\/amrtop.net\/de\/produktkategorie\/ersatzteile-diverse-ofen-und-kocher-2\/motoreducteurs\/\">Getriebemotoren<\/a><\/p>\n<p><a href=\"https:\/\/amrtop.net\/de\/produktkategorie\/ersatzteile-diverse-ofen-und-kocher-2\/pressostats-et-transducteurs\/\">Druckschalter und Wandler<\/a><\/p>\n<p><a href=\"https:\/\/amrtop.net\/de\/produktkategorie\/ersatzteile-diverse-ofen-und-kocher-2\/sondes-thermostats-manometres-thermometres\/\">Sonden Thermostate Manometer Thermometer<\/a><\/p>\n<p><a href=\"https:\/\/amrtop.net\/de\/produktkategorie\/ersatzteile-diverse-ofen-und-kocher-2\/joints-detancheite\/\">Dichtgeflechte<\/a><\/p>\n<p><a href=\"https:\/\/amrtop.net\/de\/produktkategorie\/ersatzteile-diverse-ofen-und-kocher-2\/ventilateurs-centrifuges-pour-poeles-a-pellets\/\">Zentrifugalventilatoren<\/a><\/p>\n<p><a href=\"https:\/\/amrtop.net\/de\/produktkategorie\/ersatzteile-diverse-ofen-und-kocher-2\/ventilateurs-tangentiels-flux-transversal\/\">Tangentiale Ventilatoren<\/a><\/p>\n<p><a href=\"https:\/\/amrtop.net\/de\/produktkategorie\/ersatzteile-diverse-ofen-und-kocher-2\/adhesifs-et-produits-detancheite\/\">Klebstoffe und Kitt<\/a><\/p>\n<p>&nbsp;<\/p>\n<p>&nbsp;<\/p>\n<p>&nbsp;<\/p>\n<p>&nbsp;<\/p>\n<p>&nbsp;<\/p>\n<p>&nbsp;<\/p>","protected":false},"excerpt":{"rendered":"<hr \/>\n<h2><span style=\"color: #008000\">Disponibile<\/span><\/h2>\n<p>cod.PRST004<\/p>\n<p>Pressostat diff\u00e9rentiel Cleveland control 10\/20 Pa avec \u00e9trier<br \/>\nType\u00a0: NS2-1378-00<br \/>\nZul\u00e4ssige Gase: Luft und Rauch<br \/>\nK\u00f6rpermaterial: Polycarbonat<br \/>\nConfiguration des contacts\u00a0: SPDT<br \/>\nTemp\u00e9rature de fonctionnement\u00a0: De -40 pouces C \u00e0 90 pouces C<br \/>\nMontageposition: Vertikal<\/p>","protected":false},"featured_media":35656,"comment_status":"open","ping_status":"closed","template":"","meta":[],"product_brand":[],"product_cat":[1408,1407],"product_tag":[],"class_list":{"0":"post-20829","1":"product","2":"type-product","3":"status-publish","4":"has-post-thumbnail","6":"product_cat-pressostats-dair-differentiels-reglables-et-normaux","7":"product_cat-pressostats-et-transducteurs-pour-poeles-et-chaudieres-a-pellets","8":"product_shipping_class-classe-di-spedizione-01","10":"first","11":"instock","12":"shipping-taxable","13":"purchasable","14":"product-type-simple"},"yoast_head":"<!-- This site is optimized with the Yoast SEO plugin v27.4 - https:\/\/yoast.com\/product\/yoast-seo-wordpress\/ -->\n<title>Pression diff\u00e9rentielle Cleveland control 10\/20 Pa avec \u00e9trier<\/title>\n<meta name=\"description\" content=\"Pressostat diff\u00e9rentiel Cleveland 10\/20 Pa avec \u00e9trier - Pressostat eau et air pour po\u00eale et chaudi\u00e8re \u00e0 pellets - Transducteurs pour po\u00eale et chaudi\u00e8re \u00e0 pellets - R\u00e9gulateur de pression pour po\u00eale et chaudi\u00e8re \u00e0 pellets - Transducteur de pression po\u00eale et chaudi\u00e8re \u00e0 pellets\" \/>\n<meta name=\"robots\" content=\"index, follow, max-snippet:-1, max-image-preview:large, max-video-preview:-1\" \/>\n<link rel=\"canonical\" href=\"https:\/\/amrtop.net\/de\/produkt\/differenzdruck-cleveland-control-10-20-pa-mit-bugel\/\" \/>\n<meta property=\"og:locale\" content=\"de_DE\" \/>\n<meta property=\"og:type\" content=\"article\" \/>\n<meta property=\"og:title\" content=\"Pression diff\u00e9rentielle Cleveland control 10\/20 Pa avec \u00e9trier\" \/>\n<meta property=\"og:description\" content=\"Pressostat diff\u00e9rentiel Cleveland 10\/20 Pa avec \u00e9trier - Pressostat eau et air pour po\u00eale et chaudi\u00e8re \u00e0 pellets - Transducteurs pour po\u00eale et chaudi\u00e8re \u00e0 pellets - R\u00e9gulateur de pression pour po\u00eale et chaudi\u00e8re \u00e0 pellets - Transducteur de pression po\u00eale et chaudi\u00e8re \u00e0 pellets\" \/>\n<meta property=\"og:url\" content=\"https:\/\/amrtop.net\/de\/produkt\/differenzdruck-cleveland-control-10-20-pa-mit-bugel\/\" \/>\n<meta property=\"og:site_name\" content=\"AMRTOP B2B \u00c9tranger - Achats r\u00e9serv\u00e9s au professionnel\" \/>\n<meta property=\"article:modified_time\" content=\"2023-06-07T13:49:14+00:00\" \/>\n<meta property=\"og:image\" content=\"https:\/\/amrtop.net\/wp-content\/uploads\/2020\/10\/PRST004.jpg\" \/>\n\t<meta property=\"og:image:width\" content=\"640\" \/>\n\t<meta property=\"og:image:height\" content=\"640\" \/>\n\t<meta property=\"og:image:type\" content=\"image\/jpeg\" \/>\n<meta name=\"twitter:card\" content=\"summary_large_image\" \/>\n<meta name=\"twitter:label1\" content=\"Gesch\u00e4tzte Lesezeit\" \/>\n\t<meta name=\"twitter:data1\" content=\"1\u00a0Minute\" \/>\n<script type=\"application\/ld+json\" class=\"yoast-schema-graph\">{\"@context\":\"https:\\\/\\\/schema.org\",\"@graph\":[{\"@type\":\"WebPage\",\"@id\":\"https:\\\/\\\/amrtop.net\\\/produit\\\/pression-differentielle-cleveland-control-10-20-pa-avec-etrier\\\/\",\"url\":\"https:\\\/\\\/amrtop.net\\\/produit\\\/pression-differentielle-cleveland-control-10-20-pa-avec-etrier\\\/\",\"name\":\"Pression diff\u00e9rentielle Cleveland control 10\\\/20 Pa avec \u00e9trier\",\"isPartOf\":{\"@id\":\"https:\\\/\\\/amrtop.net\\\/#website\"},\"primaryImageOfPage\":{\"@id\":\"https:\\\/\\\/amrtop.net\\\/produit\\\/pression-differentielle-cleveland-control-10-20-pa-avec-etrier\\\/#primaryimage\"},\"image\":{\"@id\":\"https:\\\/\\\/amrtop.net\\\/produit\\\/pression-differentielle-cleveland-control-10-20-pa-avec-etrier\\\/#primaryimage\"},\"thumbnailUrl\":\"https:\\\/\\\/amrtop.net\\\/wp-content\\\/uploads\\\/2020\\\/10\\\/PRST004.jpg\",\"datePublished\":\"2020-01-10T00:00:00+00:00\",\"dateModified\":\"2023-06-07T13:49:14+00:00\",\"description\":\"Pressostat diff\u00e9rentiel Cleveland 10\\\/20 Pa avec \u00e9trier - Pressostat eau et air pour po\u00eale et chaudi\u00e8re \u00e0 pellets - Transducteurs pour po\u00eale et chaudi\u00e8re \u00e0 pellets - R\u00e9gulateur de pression pour po\u00eale et chaudi\u00e8re \u00e0 pellets - Transducteur de pression po\u00eale et chaudi\u00e8re \u00e0 pellets\",\"breadcrumb\":{\"@id\":\"https:\\\/\\\/amrtop.net\\\/produit\\\/pression-differentielle-cleveland-control-10-20-pa-avec-etrier\\\/#breadcrumb\"},\"inLanguage\":\"de\",\"potentialAction\":[{\"@type\":\"ReadAction\",\"target\":[\"https:\\\/\\\/amrtop.net\\\/produit\\\/pression-differentielle-cleveland-control-10-20-pa-avec-etrier\\\/\"]}]},{\"@type\":\"ImageObject\",\"inLanguage\":\"de\",\"@id\":\"https:\\\/\\\/amrtop.net\\\/produit\\\/pression-differentielle-cleveland-control-10-20-pa-avec-etrier\\\/#primaryimage\",\"url\":\"https:\\\/\\\/amrtop.net\\\/wp-content\\\/uploads\\\/2020\\\/10\\\/PRST004.jpg\",\"contentUrl\":\"https:\\\/\\\/amrtop.net\\\/wp-content\\\/uploads\\\/2020\\\/10\\\/PRST004.jpg\",\"width\":640,\"height\":640,\"caption\":\"Pressostat diff\u00e9rentiel Cleveland 10\\\/20 Pa avec \u00e9trier - Pressostat eau et air pour po\u00eale et chaudi\u00e8re \u00e0 pellets - Transducteurs pour po\u00eale et chaudi\u00e8re \u00e0 pellets - R\u00e9gulateur de pression pour po\u00eale et chaudi\u00e8re \u00e0 pellets - Transducteur de pression po\u00eale et chaudi\u00e8re \u00e0 pellets\"},{\"@type\":\"BreadcrumbList\",\"@id\":\"https:\\\/\\\/amrtop.net\\\/produit\\\/pression-differentielle-cleveland-control-10-20-pa-avec-etrier\\\/#breadcrumb\",\"itemListElement\":[{\"@type\":\"ListItem\",\"position\":1,\"name\":\"Home\",\"item\":\"https:\\\/\\\/amrtop.net\\\/\"},{\"@type\":\"ListItem\",\"position\":2,\"name\":\"Shop\",\"item\":\"https:\\\/\\\/amrtop.net\\\/negozio\\\/\"},{\"@type\":\"ListItem\",\"position\":3,\"name\":\"Pression diff\u00e9rentielle Cleveland control 10\\\/20 Pa avec \u00e9trier code PRST004\"}]},{\"@type\":\"WebSite\",\"@id\":\"https:\\\/\\\/amrtop.net\\\/#website\",\"url\":\"https:\\\/\\\/amrtop.net\\\/\",\"name\":\"AMRTOP B2B \u00c9tranger - Achats r\u00e9serv\u00e9s au professionnel\",\"description\":\"Pi\u00e8ces de rechange et accessoires pour po\u00eales et chaudi\u00e8res - eCommerce B2B pour Clients Professionnels\",\"potentialAction\":[{\"@type\":\"SearchAction\",\"target\":{\"@type\":\"EntryPoint\",\"urlTemplate\":\"https:\\\/\\\/amrtop.net\\\/?s={search_term_string}\"},\"query-input\":{\"@type\":\"PropertyValueSpecification\",\"valueRequired\":true,\"valueName\":\"search_term_string\"}}],\"inLanguage\":\"de\"}]}<\/script>\n<!-- \/ Yoast SEO plugin. -->","yoast_head_json":{"title":"Pression diff\u00e9rentielle Cleveland control 10\/20 Pa avec \u00e9trier","description":"Differenzdruckschalter Cleveland 10\/20 Pa mit B\u00fcgel - Wasser- und Luftdruckschalter f\u00fcr Pelletofen und Pelletkessel - Druckwandler f\u00fcr Pelletofen und Pelletkessel - Druckregler f\u00fcr Pelletofen und Pelletkessel - Druckwandler f\u00fcr Pelletofen und Pelletkessel","robots":{"index":"index","follow":"follow","max-snippet":"max-snippet:-1","max-image-preview":"max-image-preview:large","max-video-preview":"max-video-preview:-1"},"canonical":"https:\/\/amrtop.net\/de\/produkt\/differenzdruck-cleveland-control-10-20-pa-mit-bugel\/","og_locale":"de_DE","og_type":"article","og_title":"Pression diff\u00e9rentielle Cleveland control 10\/20 Pa avec \u00e9trier","og_description":"Pressostat diff\u00e9rentiel Cleveland 10\/20 Pa avec \u00e9trier - Pressostat eau et air pour po\u00eale et chaudi\u00e8re \u00e0 pellets - Transducteurs pour po\u00eale et chaudi\u00e8re \u00e0 pellets - R\u00e9gulateur de pression pour po\u00eale et chaudi\u00e8re \u00e0 pellets - Transducteur de pression po\u00eale et chaudi\u00e8re \u00e0 pellets","og_url":"https:\/\/amrtop.net\/de\/produkt\/differenzdruck-cleveland-control-10-20-pa-mit-bugel\/","og_site_name":"AMRTOP B2B \u00c9tranger - Achats r\u00e9serv\u00e9s au professionnel","article_modified_time":"2023-06-07T13:49:14+00:00","og_image":[{"width":640,"height":640,"url":"https:\/\/amrtop.net\/wp-content\/uploads\/2020\/10\/PRST004.jpg","type":"image\/jpeg"}],"twitter_card":"summary_large_image","twitter_misc":{"Gesch\u00e4tzte Lesezeit":"1\u00a0Minute"},"schema":{"@context":"https:\/\/schema.org","@graph":[{"@type":"WebPage","@id":"https:\/\/amrtop.net\/produit\/pression-differentielle-cleveland-control-10-20-pa-avec-etrier\/","url":"https:\/\/amrtop.net\/produit\/pression-differentielle-cleveland-control-10-20-pa-avec-etrier\/","name":"Pression diff\u00e9rentielle Cleveland control 10\/20 Pa avec \u00e9trier","isPartOf":{"@id":"https:\/\/amrtop.net\/#website"},"primaryImageOfPage":{"@id":"https:\/\/amrtop.net\/produit\/pression-differentielle-cleveland-control-10-20-pa-avec-etrier\/#primaryimage"},"image":{"@id":"https:\/\/amrtop.net\/produit\/pression-differentielle-cleveland-control-10-20-pa-avec-etrier\/#primaryimage"},"thumbnailUrl":"https:\/\/amrtop.net\/wp-content\/uploads\/2020\/10\/PRST004.jpg","datePublished":"2020-01-10T00:00:00+00:00","dateModified":"2023-06-07T13:49:14+00:00","description":"Differenzdruckschalter Cleveland 10\/20 Pa mit B\u00fcgel - Wasser- und Luftdruckschalter f\u00fcr Pelletofen und Pelletkessel - Druckwandler f\u00fcr Pelletofen und Pelletkessel - Druckregler f\u00fcr Pelletofen und Pelletkessel - Druckwandler f\u00fcr Pelletofen und Pelletkessel","breadcrumb":{"@id":"https:\/\/amrtop.net\/produit\/pression-differentielle-cleveland-control-10-20-pa-avec-etrier\/#breadcrumb"},"inLanguage":"de","potentialAction":[{"@type":"ReadAction","target":["https:\/\/amrtop.net\/produit\/pression-differentielle-cleveland-control-10-20-pa-avec-etrier\/"]}]},{"@type":"ImageObject","inLanguage":"de","@id":"https:\/\/amrtop.net\/produit\/pression-differentielle-cleveland-control-10-20-pa-avec-etrier\/#primaryimage","url":"https:\/\/amrtop.net\/wp-content\/uploads\/2020\/10\/PRST004.jpg","contentUrl":"https:\/\/amrtop.net\/wp-content\/uploads\/2020\/10\/PRST004.jpg","width":640,"height":640,"caption":"Pressostat diff\u00e9rentiel Cleveland 10\/20 Pa avec \u00e9trier - Pressostat eau et air pour po\u00eale et chaudi\u00e8re \u00e0 pellets - Transducteurs pour po\u00eale et chaudi\u00e8re \u00e0 pellets - R\u00e9gulateur de pression pour po\u00eale et chaudi\u00e8re \u00e0 pellets - Transducteur de pression po\u00eale et chaudi\u00e8re \u00e0 pellets"},{"@type":"BreadcrumbList","@id":"https:\/\/amrtop.net\/produit\/pression-differentielle-cleveland-control-10-20-pa-avec-etrier\/#breadcrumb","itemListElement":[{"@type":"ListItem","position":1,"name":"Home","item":"https:\/\/amrtop.net\/"},{"@type":"ListItem","position":2,"name":"Shop","item":"https:\/\/amrtop.net\/negozio\/"},{"@type":"ListItem","position":3,"name":"Pression diff\u00e9rentielle Cleveland control 10\/20 Pa avec \u00e9trier code PRST004"}]},{"@type":"WebSite","@id":"https:\/\/amrtop.net\/#website","url":"https:\/\/amrtop.net\/","name":"AMRTOP B2B Ausland - Einkaufen nur f\u00fcr Fachleute","description":"Ersatzteile und Zubeh\u00f6r f\u00fcr \u00d6fen und Heizkessel - B2B eCommerce f\u00fcr Gesch\u00e4ftskunden","potentialAction":[{"@type":"SearchAction","target":{"@type":"EntryPoint","urlTemplate":"https:\/\/amrtop.net\/?s={search_term_string}"},"query-input":{"@type":"PropertyValueSpecification","valueRequired":true,"valueName":"search_term_string"}}],"inLanguage":"de"}]}},"_links":{"self":[{"href":"https:\/\/amrtop.net\/de\/wp-json\/wp\/v2\/product\/20829","targetHints":{"allow":["GET"]}}],"collection":[{"href":"https:\/\/amrtop.net\/de\/wp-json\/wp\/v2\/product"}],"about":[{"href":"https:\/\/amrtop.net\/de\/wp-json\/wp\/v2\/types\/product"}],"replies":[{"embeddable":true,"href":"https:\/\/amrtop.net\/de\/wp-json\/wp\/v2\/comments?post=20829"}],"wp:featuredmedia":[{"embeddable":true,"href":"https:\/\/amrtop.net\/de\/wp-json\/wp\/v2\/media\/35656"}],"wp:attachment":[{"href":"https:\/\/amrtop.net\/de\/wp-json\/wp\/v2\/media?parent=20829"}],"wp:term":[{"taxonomy":"product_brand","embeddable":true,"href":"https:\/\/amrtop.net\/de\/wp-json\/wp\/v2\/product_brand?post=20829"},{"taxonomy":"product_cat","embeddable":true,"href":"https:\/\/amrtop.net\/de\/wp-json\/wp\/v2\/product_cat?post=20829"},{"taxonomy":"product_tag","embeddable":true,"href":"https:\/\/amrtop.net\/de\/wp-json\/wp\/v2\/product_tag?post=20829"}],"curies":[{"name":"wp","href":"https:\/\/api.w.org\/{rel}","templated":true}]}}