{"id":20862,"date":"2020-10-01T00:00:00","date_gmt":"2020-10-01T00:00:00","guid":{"rendered":"https:\/\/amrtop.com\/B2B\/?post_type=product&#038;p=20862"},"modified":"2023-06-08T08:30:06","modified_gmt":"2023-06-08T08:30:06","slug":"roter-mantel-aus-4-mm-silikon-vetrotex","status":"publish","type":"product","link":"https:\/\/amrtop.net\/de\/produit\/gaine-rouge-en-vetrotex-silicone-de-4-mm\/","title":{"rendered":"Roter Vetrotex-Schlauch - Silikon 4mm - Code VTX001"},"content":{"rendered":"<hr \/>\n<h3>Rote H\u00fclle aus 4 mm Vetrotex - Silikon<\/h3>\n<p>Amrtop bietet nicht nur elektronische Platinen, Bildschirme und viele andere elektronische Bauteile an, sondern auch eine ganze Reihe von Zubeh\u00f6r.<\/p>\n<p>Leiterplattensteckverbinder mit Raster 3,81 mm, 5,08 mm, 7,5 mm, mit Schraubanschluss, 2- bis 10-polig f\u00fcr elektronische Leiterplatten von Micronova, Duepi, Ceza und Tiemme.<\/p>\n<p>Schrumpfschl\u00e4uche mit Durchmessern von 3,2 mm bis 9,4 mm<\/p>\n<p>Vetrotex-Schl\u00e4uche mit Durchmessern von 4 mm bis 8 mm<\/p>\n<p>Glas-Silikon-Schl\u00e4uche mit Durchmessern von 4 mm bis 8 mm<\/p>\n<p>10-polige bis 16-polige Flachkabel in verschiedenen L\u00e4ngen<\/p>\n<p>Einpoliges elektrisches Kabel aus Vetrotex und Silikon mit einem Querschnitt von 1,5 bis 2,5<\/p>\n<p>Schwarzes Stromkabel Typ Schuko und Italienisch<\/p>\n<p>Beschreibung:<br \/>\nDie Klemmleiste der VTT-Serie kombiniert einen geringen Platzbedarf mit einer gro\u00dfz\u00fcgigen Anschlusskapazit\u00e4t von 1,5 mm\u00b2 (16 AWG) und damit einer Reichweite von<br \/>\nStrom bis zu 17.5A Zertifikate.<br \/>\nEs ist mit metrischen Teilungen von 3,5 mm (.138 in) und 7 mm (.275 in) und angels\u00e4chsischen Teilungen von 3,81 mm (.100 in) und 7,62 mm (.300 in) erh\u00e4ltlich, auf einer monolithischen Basis, um jede beliebige Anzahl von Kan\u00e4len ohne Teilungsverlust zu erhalten;<\/p>\n<p>Durch Ausnutzung dieser Besonderheit ist es m\u00f6glich, einen Speicher zu verwalten<br \/>\nMinimum an Basisanschl\u00fcssen.<\/p>\n<h3>Verwendung der roten H\u00fclle aus 4 mm Vetrotex - Silikon<\/h3>\n<p>Die elektronischen Komponenten, die normalerweise in Pellet\u00f6fen und -kesseln eingebaut werden, dienen der Steuerung der Verbrennung, indem sie die M\u00f6glichkeit bieten, die vom Ger\u00e4t erzeugte W\u00e4rme zu regulieren.<\/p>\n<h3><strong>Innen<\/strong><\/h3>\n<p><a href=\"https:\/\/wekos.it\/\">\u00d6fen, Herde und Holzherde<\/a>\u00a0-\u00a0<a href=\"https:\/\/www.greenpuros.com\/\">Kamine, \u00d6fen und Pelletkessel.<\/a><\/p>\n<h3><strong>Amrtop Ersatzteile und Zubeh\u00f6r Sortiment<\/strong><\/h3>\n<p><a href=\"https:\/\/amrtop.net\/de\/produktkategorie\/ersatzteile-diverse-ofen-und-kocher-2\/bougies-dallumage-pour-poeles-et-chaudieres-a-pellets\/\">Gl\u00fchkerzen<\/a><\/p>\n<p><a href=\"https:\/\/amrtop.net\/de\/produktkategorie\/ersatzteile-diverse-ofen-und-kocher-2\/electronique\/\">Elektronik<\/a><\/p>\n<p><a href=\"https:\/\/amrtop.net\/de\/produktkategorie\/ersatzteile-diverse-ofen-und-kocher-2\/extracteurs-de-fumee\/\">Rauchabzug<\/a><\/p>\n<p><a href=\"https:\/\/amrtop.net\/de\/produktkategorie\/ersatzteile-diverse-ofen-und-kocher-2\/gaines-cable-connecteurs\/\">Kabelh\u00fcllen Verbinder<\/a><\/p>\n<p><a href=\"https:\/\/amrtop.net\/de\/produktkategorie\/ersatzteile-diverse-ofen-und-kocher-2\/joints-de-silicone\/\">Silikondichtungen<\/a><\/p>\n<p><a href=\"https:\/\/amrtop.net\/de\/produktkategorie\/ersatzteile-diverse-ofen-und-kocher-2\/motoreducteurs\/\">Getriebemotoren<\/a><\/p>\n<p><a href=\"https:\/\/amrtop.net\/de\/produktkategorie\/ersatzteile-diverse-ofen-und-kocher-2\/pressostats-et-transducteurs\/\">Druckschalter und Wandler<\/a><\/p>\n<p><a href=\"https:\/\/amrtop.net\/de\/produktkategorie\/ersatzteile-diverse-ofen-und-kocher-2\/sondes-thermostats-manometres-thermometres\/\">Sonden Thermostate Manometer Thermometer<\/a><\/p>\n<p><a href=\"https:\/\/amrtop.net\/de\/produktkategorie\/ersatzteile-diverse-ofen-und-kocher-2\/joints-detancheite\/\">Dichtgeflechte<\/a><\/p>\n<p><a href=\"https:\/\/amrtop.net\/de\/produktkategorie\/ersatzteile-diverse-ofen-und-kocher-2\/ventilateurs-centrifuges-pour-poeles-a-pellets\/\">Zentrifugalventilatoren<\/a><\/p>\n<p><a href=\"https:\/\/amrtop.net\/de\/produktkategorie\/ersatzteile-diverse-ofen-und-kocher-2\/ventilateurs-tangentiels-flux-transversal\/\">Tangentiale Ventilatoren<\/a><\/p>\n<p><a href=\"https:\/\/amrtop.net\/de\/produktkategorie\/ersatzteile-diverse-ofen-und-kocher-2\/adhesifs-et-produits-detancheite\/\">Klebstoffe und Kitt<\/a><\/p>","protected":false},"excerpt":{"rendered":"<hr \/>\n<h2><span style=\"color: #008000\">Disponibile<\/span><\/h2>\n<hr \/>\n<h3>Guaina rossa in vetrotex-silicone \u00f8 4 mm<\/h3>\n<p>Codice VTX001<br \/>\nGuaina rossa in vetrotex-silicone<br \/>\nColore: Rosso<br \/>\nDiametro: \u00f8 4 mm<br \/>\nClasse isolamento: H - 2500 V<br \/>\nResestenza temperatura: 300 \u00b0C<br \/>\nMateriale corpo: Policarbonato<br \/>\nConfezione: Bobina 10 metri<\/p>","protected":false},"featured_media":33728,"comment_status":"open","ping_status":"closed","template":"","meta":[],"product_brand":[],"product_cat":[1413,1412,1414],"product_tag":[],"class_list":{"0":"post-20862","1":"product","2":"type-product","3":"status-publish","4":"has-post-thumbnail","6":"product_cat-gaines-en-vetrotex-et-thermoretractables","7":"product_cat-gaines-cable-connecteurs","8":"product_cat-guaine-in-vetrotex-silicone","9":"product_shipping_class-classe-di-spedizione-01","11":"first","12":"instock","13":"shipping-taxable","14":"purchasable","15":"product-type-simple"},"yoast_head":"<!-- This site is optimized with the Yoast SEO plugin v27.5 - https:\/\/yoast.com\/product\/yoast-seo-wordpress\/ -->\n<title>Gaine rouge en Vetrotex - silicone de 4 mm<\/title>\n<meta name=\"description\" content=\"Gaine rouge en Vetrotex - silicone de 4 mm - Gaine r\u00e9tractable pour po\u00eale et chaudi\u00e8re \u00e0 pellets - Gaine en Vetrotex pour po\u00eale et chaudi\u00e8re \u00e0 pellets - C\u00e2ble plat pour po\u00eale et chaudi\u00e8re \u00e0 pellets - C\u00e2ble \u00e9lectrique unipolaire en vetrotex et silicone pour po\u00eale et chaudi\u00e8re \u00e0 pellets - C\u00e2ble d\u2019alimentation noir type schuko et italien\" \/>\n<meta name=\"robots\" content=\"index, follow, max-snippet:-1, max-image-preview:large, max-video-preview:-1\" \/>\n<link rel=\"canonical\" href=\"https:\/\/amrtop.net\/de\/produkt\/roter-mantel-aus-4-mm-silikon-vetrotex\/\" \/>\n<meta property=\"og:locale\" content=\"de_DE\" \/>\n<meta property=\"og:type\" content=\"article\" \/>\n<meta property=\"og:title\" content=\"Gaine rouge en Vetrotex - silicone de 4 mm\" \/>\n<meta property=\"og:description\" content=\"Gaine rouge en Vetrotex - silicone de 4 mm - Gaine r\u00e9tractable pour po\u00eale et chaudi\u00e8re \u00e0 pellets - Gaine en Vetrotex pour po\u00eale et chaudi\u00e8re \u00e0 pellets - C\u00e2ble plat pour po\u00eale et chaudi\u00e8re \u00e0 pellets - C\u00e2ble \u00e9lectrique unipolaire en vetrotex et silicone pour po\u00eale et chaudi\u00e8re \u00e0 pellets - C\u00e2ble d\u2019alimentation noir type schuko et italien\" \/>\n<meta property=\"og:url\" content=\"https:\/\/amrtop.net\/de\/produkt\/roter-mantel-aus-4-mm-silikon-vetrotex\/\" \/>\n<meta property=\"og:site_name\" content=\"AMRTOP B2B \u00c9tranger - Achats r\u00e9serv\u00e9s au professionnel\" \/>\n<meta property=\"article:modified_time\" content=\"2023-06-08T08:30:06+00:00\" \/>\n<meta property=\"og:image\" content=\"https:\/\/amrtop.net\/wp-content\/uploads\/2022\/06\/VTX001.jpg\" \/>\n\t<meta property=\"og:image:width\" content=\"640\" \/>\n\t<meta property=\"og:image:height\" content=\"640\" \/>\n\t<meta property=\"og:image:type\" content=\"image\/jpeg\" \/>\n<meta name=\"twitter:card\" content=\"summary_large_image\" \/>\n<meta name=\"twitter:label1\" content=\"Gesch\u00e4tzte Lesezeit\" \/>\n\t<meta name=\"twitter:data1\" content=\"1\u00a0Minute\" \/>\n<script type=\"application\/ld+json\" class=\"yoast-schema-graph\">{\"@context\":\"https:\\\/\\\/schema.org\",\"@graph\":[{\"@type\":\"WebPage\",\"@id\":\"https:\\\/\\\/amrtop.net\\\/produit\\\/gaine-rouge-en-vetrotex-silicone-de-4-mm\\\/\",\"url\":\"https:\\\/\\\/amrtop.net\\\/produit\\\/gaine-rouge-en-vetrotex-silicone-de-4-mm\\\/\",\"name\":\"Gaine rouge en Vetrotex - silicone de 4 mm\",\"isPartOf\":{\"@id\":\"https:\\\/\\\/amrtop.net\\\/#website\"},\"primaryImageOfPage\":{\"@id\":\"https:\\\/\\\/amrtop.net\\\/produit\\\/gaine-rouge-en-vetrotex-silicone-de-4-mm\\\/#primaryimage\"},\"image\":{\"@id\":\"https:\\\/\\\/amrtop.net\\\/produit\\\/gaine-rouge-en-vetrotex-silicone-de-4-mm\\\/#primaryimage\"},\"thumbnailUrl\":\"https:\\\/\\\/amrtop.net\\\/wp-content\\\/uploads\\\/2022\\\/06\\\/VTX001.jpg\",\"datePublished\":\"2020-10-01T00:00:00+00:00\",\"dateModified\":\"2023-06-08T08:30:06+00:00\",\"description\":\"Gaine rouge en Vetrotex - silicone de 4 mm - Gaine r\u00e9tractable pour po\u00eale et chaudi\u00e8re \u00e0 pellets - Gaine en Vetrotex pour po\u00eale et chaudi\u00e8re \u00e0 pellets - C\u00e2ble plat pour po\u00eale et chaudi\u00e8re \u00e0 pellets - C\u00e2ble \u00e9lectrique unipolaire en vetrotex et silicone pour po\u00eale et chaudi\u00e8re \u00e0 pellets - C\u00e2ble d\u2019alimentation noir type schuko et italien\",\"breadcrumb\":{\"@id\":\"https:\\\/\\\/amrtop.net\\\/produit\\\/gaine-rouge-en-vetrotex-silicone-de-4-mm\\\/#breadcrumb\"},\"inLanguage\":\"de\",\"potentialAction\":[{\"@type\":\"ReadAction\",\"target\":[\"https:\\\/\\\/amrtop.net\\\/produit\\\/gaine-rouge-en-vetrotex-silicone-de-4-mm\\\/\"]}]},{\"@type\":\"ImageObject\",\"inLanguage\":\"de\",\"@id\":\"https:\\\/\\\/amrtop.net\\\/produit\\\/gaine-rouge-en-vetrotex-silicone-de-4-mm\\\/#primaryimage\",\"url\":\"https:\\\/\\\/amrtop.net\\\/wp-content\\\/uploads\\\/2022\\\/06\\\/VTX001.jpg\",\"contentUrl\":\"https:\\\/\\\/amrtop.net\\\/wp-content\\\/uploads\\\/2022\\\/06\\\/VTX001.jpg\",\"width\":640,\"height\":640,\"caption\":\"Gaine rouge en Vetrotex - silicone de 4 mm - Gaine r\u00e9tractable pour po\u00eale et chaudi\u00e8re \u00e0 pellets - Gaine en Vetrotex pour po\u00eale et chaudi\u00e8re \u00e0 pellets - C\u00e2ble plat pour po\u00eale et chaudi\u00e8re \u00e0 pellets - C\u00e2ble \u00e9lectrique unipolaire en vetrotex et silicone pour po\u00eale et chaudi\u00e8re \u00e0 pellets - C\u00e2ble d\u2019alimentation noir type schuko et italien\"},{\"@type\":\"BreadcrumbList\",\"@id\":\"https:\\\/\\\/amrtop.net\\\/produit\\\/gaine-rouge-en-vetrotex-silicone-de-4-mm\\\/#breadcrumb\",\"itemListElement\":[{\"@type\":\"ListItem\",\"position\":1,\"name\":\"Home\",\"item\":\"https:\\\/\\\/amrtop.net\\\/\"},{\"@type\":\"ListItem\",\"position\":2,\"name\":\"Shop\",\"item\":\"https:\\\/\\\/amrtop.net\\\/negozio\\\/\"},{\"@type\":\"ListItem\",\"position\":3,\"name\":\"Gaine rouge en Vetrotex &#8211; Silicone 4mm &#8211; Code VTX001\"}]},{\"@type\":\"WebSite\",\"@id\":\"https:\\\/\\\/amrtop.net\\\/#website\",\"url\":\"https:\\\/\\\/amrtop.net\\\/\",\"name\":\"AMRTOP B2B \u00c9tranger - Achats r\u00e9serv\u00e9s au professionnel\",\"description\":\"Pi\u00e8ces de rechange et accessoires pour po\u00eales et chaudi\u00e8res - eCommerce B2B pour Clients Professionnels\",\"potentialAction\":[{\"@type\":\"SearchAction\",\"target\":{\"@type\":\"EntryPoint\",\"urlTemplate\":\"https:\\\/\\\/amrtop.net\\\/?s={search_term_string}\"},\"query-input\":{\"@type\":\"PropertyValueSpecification\",\"valueRequired\":true,\"valueName\":\"search_term_string\"}}],\"inLanguage\":\"de\"}]}<\/script>\n<!-- \/ Yoast SEO plugin. -->","yoast_head_json":{"title":"Rote H\u00fclle aus 4 mm Vetrotex - Silikon","description":"4 mm rote Vetrotex - Silikonh\u00fclle - Schrumpfschlauch f\u00fcr Pelletofen und -kessel - Vetrotex - H\u00fclle f\u00fcr Pelletofen und -kessel - Flachkabel f\u00fcr Pelletofen und -kessel - Einpoliges Stromkabel aus Vetrotex und Silikon f\u00fcr Pelletofen und -kessel - Schwarzes Stromkabel Typ Schuko und italienisch","robots":{"index":"index","follow":"follow","max-snippet":"max-snippet:-1","max-image-preview":"max-image-preview:large","max-video-preview":"max-video-preview:-1"},"canonical":"https:\/\/amrtop.net\/de\/produkt\/roter-mantel-aus-4-mm-silikon-vetrotex\/","og_locale":"de_DE","og_type":"article","og_title":"Gaine rouge en Vetrotex - silicone de 4 mm","og_description":"Gaine rouge en Vetrotex - silicone de 4 mm - Gaine r\u00e9tractable pour po\u00eale et chaudi\u00e8re \u00e0 pellets - Gaine en Vetrotex pour po\u00eale et chaudi\u00e8re \u00e0 pellets - C\u00e2ble plat pour po\u00eale et chaudi\u00e8re \u00e0 pellets - C\u00e2ble \u00e9lectrique unipolaire en vetrotex et silicone pour po\u00eale et chaudi\u00e8re \u00e0 pellets - C\u00e2ble d\u2019alimentation noir type schuko et italien","og_url":"https:\/\/amrtop.net\/de\/produkt\/roter-mantel-aus-4-mm-silikon-vetrotex\/","og_site_name":"AMRTOP B2B \u00c9tranger - Achats r\u00e9serv\u00e9s au professionnel","article_modified_time":"2023-06-08T08:30:06+00:00","og_image":[{"width":640,"height":640,"url":"https:\/\/amrtop.net\/wp-content\/uploads\/2022\/06\/VTX001.jpg","type":"image\/jpeg"}],"twitter_card":"summary_large_image","twitter_misc":{"Gesch\u00e4tzte Lesezeit":"1\u00a0Minute"},"schema":{"@context":"https:\/\/schema.org","@graph":[{"@type":"WebPage","@id":"https:\/\/amrtop.net\/produit\/gaine-rouge-en-vetrotex-silicone-de-4-mm\/","url":"https:\/\/amrtop.net\/produit\/gaine-rouge-en-vetrotex-silicone-de-4-mm\/","name":"Rote H\u00fclle aus 4 mm Vetrotex - Silikon","isPartOf":{"@id":"https:\/\/amrtop.net\/#website"},"primaryImageOfPage":{"@id":"https:\/\/amrtop.net\/produit\/gaine-rouge-en-vetrotex-silicone-de-4-mm\/#primaryimage"},"image":{"@id":"https:\/\/amrtop.net\/produit\/gaine-rouge-en-vetrotex-silicone-de-4-mm\/#primaryimage"},"thumbnailUrl":"https:\/\/amrtop.net\/wp-content\/uploads\/2022\/06\/VTX001.jpg","datePublished":"2020-10-01T00:00:00+00:00","dateModified":"2023-06-08T08:30:06+00:00","description":"4 mm rote Vetrotex - Silikonh\u00fclle - Schrumpfschlauch f\u00fcr Pelletofen und -kessel - Vetrotex - H\u00fclle f\u00fcr Pelletofen und -kessel - Flachkabel f\u00fcr Pelletofen und -kessel - Einpoliges Stromkabel aus Vetrotex und Silikon f\u00fcr Pelletofen und -kessel - Schwarzes Stromkabel Typ Schuko und italienisch","breadcrumb":{"@id":"https:\/\/amrtop.net\/produit\/gaine-rouge-en-vetrotex-silicone-de-4-mm\/#breadcrumb"},"inLanguage":"de","potentialAction":[{"@type":"ReadAction","target":["https:\/\/amrtop.net\/produit\/gaine-rouge-en-vetrotex-silicone-de-4-mm\/"]}]},{"@type":"ImageObject","inLanguage":"de","@id":"https:\/\/amrtop.net\/produit\/gaine-rouge-en-vetrotex-silicone-de-4-mm\/#primaryimage","url":"https:\/\/amrtop.net\/wp-content\/uploads\/2022\/06\/VTX001.jpg","contentUrl":"https:\/\/amrtop.net\/wp-content\/uploads\/2022\/06\/VTX001.jpg","width":640,"height":640,"caption":"Gaine rouge en Vetrotex - silicone de 4 mm - Gaine r\u00e9tractable pour po\u00eale et chaudi\u00e8re \u00e0 pellets - Gaine en Vetrotex pour po\u00eale et chaudi\u00e8re \u00e0 pellets - C\u00e2ble plat pour po\u00eale et chaudi\u00e8re \u00e0 pellets - C\u00e2ble \u00e9lectrique unipolaire en vetrotex et silicone pour po\u00eale et chaudi\u00e8re \u00e0 pellets - C\u00e2ble d\u2019alimentation noir type schuko et italien"},{"@type":"BreadcrumbList","@id":"https:\/\/amrtop.net\/produit\/gaine-rouge-en-vetrotex-silicone-de-4-mm\/#breadcrumb","itemListElement":[{"@type":"ListItem","position":1,"name":"Home","item":"https:\/\/amrtop.net\/"},{"@type":"ListItem","position":2,"name":"Shop","item":"https:\/\/amrtop.net\/negozio\/"},{"@type":"ListItem","position":3,"name":"Gaine rouge en Vetrotex &#8211; Silicone 4mm &#8211; Code VTX001"}]},{"@type":"WebSite","@id":"https:\/\/amrtop.net\/#website","url":"https:\/\/amrtop.net\/","name":"AMRTOP B2B Ausland - Einkaufen nur f\u00fcr Fachleute","description":"Ersatzteile und Zubeh\u00f6r f\u00fcr \u00d6fen und Heizkessel - B2B eCommerce f\u00fcr Gesch\u00e4ftskunden","potentialAction":[{"@type":"SearchAction","target":{"@type":"EntryPoint","urlTemplate":"https:\/\/amrtop.net\/?s={search_term_string}"},"query-input":{"@type":"PropertyValueSpecification","valueRequired":true,"valueName":"search_term_string"}}],"inLanguage":"de"}]}},"_links":{"self":[{"href":"https:\/\/amrtop.net\/de\/wp-json\/wp\/v2\/product\/20862","targetHints":{"allow":["GET"]}}],"collection":[{"href":"https:\/\/amrtop.net\/de\/wp-json\/wp\/v2\/product"}],"about":[{"href":"https:\/\/amrtop.net\/de\/wp-json\/wp\/v2\/types\/product"}],"replies":[{"embeddable":true,"href":"https:\/\/amrtop.net\/de\/wp-json\/wp\/v2\/comments?post=20862"}],"wp:featuredmedia":[{"embeddable":true,"href":"https:\/\/amrtop.net\/de\/wp-json\/wp\/v2\/media\/33728"}],"wp:attachment":[{"href":"https:\/\/amrtop.net\/de\/wp-json\/wp\/v2\/media?parent=20862"}],"wp:term":[{"taxonomy":"product_brand","embeddable":true,"href":"https:\/\/amrtop.net\/de\/wp-json\/wp\/v2\/product_brand?post=20862"},{"taxonomy":"product_cat","embeddable":true,"href":"https:\/\/amrtop.net\/de\/wp-json\/wp\/v2\/product_cat?post=20862"},{"taxonomy":"product_tag","embeddable":true,"href":"https:\/\/amrtop.net\/de\/wp-json\/wp\/v2\/product_tag?post=20862"}],"curies":[{"name":"wp","href":"https:\/\/api.w.org\/{rel}","templated":true}]}}