{"id":20880,"date":"2020-10-01T00:00:00","date_gmt":"2020-10-01T00:00:00","guid":{"rendered":"https:\/\/amrtop.com\/B2B\/?post_type=product&#038;p=20880"},"modified":"2024-04-26T12:15:01","modified_gmt":"2024-04-26T12:15:01","slug":"flachkabel-4-stecker-16-polig","status":"publish","type":"product","link":"https:\/\/amrtop.net\/de\/produit\/cable-plat-4-connecteurs-16-poles\/","title":{"rendered":"Flachkabel mit 16-poligem Stecker, 150 mm lang - Code CFT005"},"content":{"rendered":"<hr \/>\n<h3>Flachkabel 4 Stecker 16-polig f\u00fcr Pellet\u00f6fen und -kessel<\/h3>\n<p>Sie bieten nicht nur elektronische Karten, Bildschirme und viele andere Komponenten an, <strong>Amrtop<\/strong> bietet eine ganze Reihe von Zubeh\u00f6r an.<\/p>\n<p>Was ist ein Flachkabel? Ein <strong>Bandkabel<\/strong> (auch bekannt als <strong>Flachkabel<\/strong> oder <strong>flach mit Endungen<\/strong>) ist ein Kabel mit vielen Leiterdr\u00e4hten, die parallel zueinander auf derselben Ebene liegen. Das Kabel ist daher breit und flach.<br \/>\nBandkabel (oder Flachbandkabel) werden in der Regel f\u00fcr die \u00dcbertragung digitaler elektrischer Signale innerhalb von Computern, daran angeschlossenen Peripherieger\u00e4ten und vielen anderen Ger\u00e4ten, die mit digitalen Signalen arbeiten, verwendet.<br \/>\nDie Methode, die f\u00fcr die Befestigung der Anschl\u00fcsse gew\u00e4hlt wurde, ist an der Isolationsperforation definiert.<\/p>\n<p>Die von Amrtop angebotenen Bandkabel (oder Flachbandkabel) werden in der Regel in \u00d6fen und Kesseln f\u00fcr Pellets, Sp\u00e4ne, Haseln\u00fcsse, Gr\u00fctze usw. verwendet und installiert, um in diesem Fall digitale elektrische Signale zwischen der Elektronikkarte und der Anzeige zu \u00fcbertragen, in anderen F\u00e4llen k\u00f6nnen sie in vielen anderen Ger\u00e4ten, die mit digitalen Signalen arbeiten, angeschlossen werden. Die Methode, die f\u00fcr die Befestigung der Anschl\u00fcsse angenommen wird, wird an der Isolationsperforation definiert.<\/p>\n<h3>Verwendung des Flachkabels 4 16-polige Stecker<\/h3>\n<p>Im Bereich der Pelletger\u00e4te ist das Flachkabel normalerweise bei allen \u00d6fen und Heizkesseln vorhanden.<\/p>\n<p>Seine Funktion besteht darin, die Daten normalerweise in den Speicher der elektronischen Karte zu \u00fcbertragen und die verschiedenen Komponenten, aus denen alle Biomassesysteme bestehen, zu aktivieren und einzustellen<\/p>\n<h3><strong>Innen<\/strong><\/h3>\n<p><a href=\"https:\/\/wekos.it\/\">\u00d6fen, Herde und Holzherde<\/a>\u00a0-\u00a0<a href=\"https:\/\/www.greenpuros.com\/\">Kamine, \u00d6fen und Pelletkessel.<\/a><\/p>\n<h3><strong>Amrtop Ersatzteile und Zubeh\u00f6r Sortiment<\/strong><\/h3>\n<p><a href=\"https:\/\/amrtop.net\/de\/produktkategorie\/ersatzteile-diverse-ofen-und-kocher-2\/bougies-dallumage-pour-poeles-et-chaudieres-a-pellets\/\">Gl\u00fchkerzen<\/a><\/p>\n<p><a href=\"https:\/\/amrtop.net\/de\/produktkategorie\/ersatzteile-diverse-ofen-und-kocher-2\/electronique\/\">Elektronik<\/a><\/p>\n<p><a href=\"https:\/\/amrtop.net\/de\/produktkategorie\/ersatzteile-diverse-ofen-und-kocher-2\/extracteurs-de-fumee\/\">Rauchabzug<\/a><\/p>\n<p><a href=\"https:\/\/amrtop.net\/de\/produktkategorie\/ersatzteile-diverse-ofen-und-kocher-2\/gaines-cable-connecteurs\/\">Kabelh\u00fcllen Verbinder<\/a><\/p>\n<p><a href=\"https:\/\/amrtop.net\/de\/produktkategorie\/ersatzteile-diverse-ofen-und-kocher-2\/joints-de-silicone\/\">Silikondichtungen<\/a><\/p>\n<p><a href=\"https:\/\/amrtop.net\/de\/produktkategorie\/ersatzteile-diverse-ofen-und-kocher-2\/motoreducteurs\/\">Getriebemotoren<\/a><\/p>\n<p><a href=\"https:\/\/amrtop.net\/de\/produktkategorie\/ersatzteile-diverse-ofen-und-kocher-2\/pressostats-et-transducteurs\/\">Druckschalter und Wandler<\/a><\/p>\n<p><a href=\"https:\/\/amrtop.net\/de\/produktkategorie\/ersatzteile-diverse-ofen-und-kocher-2\/sondes-thermostats-manometres-thermometres\/\">Sonden Thermostate Manometer Thermometer<\/a><\/p>\n<p><a href=\"https:\/\/amrtop.net\/de\/produktkategorie\/ersatzteile-diverse-ofen-und-kocher-2\/joints-detancheite\/\">Dichtgeflechte<\/a><\/p>\n<p><a href=\"https:\/\/amrtop.net\/de\/produktkategorie\/ersatzteile-diverse-ofen-und-kocher-2\/ventilateurs-centrifuges-pour-poeles-a-pellets\/\">Zentrifugalventilatoren<\/a><\/p>\n<p><a href=\"https:\/\/amrtop.net\/de\/produktkategorie\/ersatzteile-diverse-ofen-und-kocher-2\/ventilateurs-tangentiels-flux-transversal\/\">Tangentiale Ventilatoren<\/a><\/p>\n<p><a href=\"https:\/\/amrtop.net\/de\/produktkategorie\/ersatzteile-diverse-ofen-und-kocher-2\/adhesifs-et-produits-detancheite\/\">Klebstoffe und Kitt<\/a><\/p>\n<p>Das Personal von\u00a0<strong>Amrtop<\/strong>\u00a0wurde sorgf\u00e4ltig geschult, um Ihnen durch telefonische Unterst\u00fctzung in Franz\u00f6sisch, Englisch, Rum\u00e4nisch und Italienisch dabei zu helfen, herauszufinden, welche Ersatzteile m\u00f6glicherweise ausgetauscht werden m\u00fcssen.<br \/>\nZ\u00f6gern Sie nicht, uns zu kontaktieren.<\/p>","protected":false},"excerpt":{"rendered":"<hr \/>\n<h2><span style=\"color: #008000;\">Verf\u00fcgbar<\/span><\/h2>\n<hr \/>\n<h3>Flachbandkabel f\u00fcr elektronische Karten mit 16-poligem 150-mm-Stecker<\/h3>\n<p>Code CFT005<\/p>\n<p>Flachkabel mit 4 Anschl\u00fcssen f\u00fcr elektronische Karten<br \/>\nAnschluss: 16-polig<br \/>\nL\u00e4nge: 1,7 Meter<\/p>","protected":false},"featured_media":35707,"comment_status":"open","ping_status":"closed","template":"","meta":[],"product_brand":[],"product_cat":[1417,1419,1412],"product_tag":[],"class_list":{"0":"post-20880","1":"product","2":"type-product","3":"status-publish","4":"has-post-thumbnail","6":"product_cat-cables","7":"product_cat-cables-plats-pour-cartes-electroniques","8":"product_cat-gaines-cable-connecteurs","9":"product_shipping_class-classe-di-spedizione-01","11":"first","12":"instock","13":"shipping-taxable","14":"purchasable","15":"product-type-simple"},"yoast_head":"<!-- This site is optimized with the Yoast SEO plugin v27.5 - https:\/\/yoast.com\/product\/yoast-seo-wordpress\/ -->\n<title>C\u00e2ble plat 4 connecteurs 16 p\u00f4les<\/title>\n<meta name=\"description\" content=\"C\u00e2ble plat 4 connecteurs 16 p\u00f4les - C\u00e2ble plat 4 connecteurs 16 p\u00f4les pour po\u00eales et chaudi\u00e8res \u00e0 pellets - pour po\u00eales et chaudi\u00e8res \u00e0 pellets\" \/>\n<meta name=\"robots\" content=\"index, follow, max-snippet:-1, max-image-preview:large, max-video-preview:-1\" \/>\n<link rel=\"canonical\" href=\"https:\/\/amrtop.net\/de\/produkt\/flachkabel-4-stecker-16-polig\/\" \/>\n<meta property=\"og:locale\" content=\"de_DE\" \/>\n<meta property=\"og:type\" content=\"article\" \/>\n<meta property=\"og:title\" content=\"C\u00e2ble plat 4 connecteurs 16 p\u00f4les\" \/>\n<meta property=\"og:description\" content=\"C\u00e2ble plat 4 connecteurs 16 p\u00f4les - C\u00e2ble plat 4 connecteurs 16 p\u00f4les pour po\u00eales et chaudi\u00e8res \u00e0 pellets - pour po\u00eales et chaudi\u00e8res \u00e0 pellets\" \/>\n<meta property=\"og:url\" content=\"https:\/\/amrtop.net\/de\/produkt\/flachkabel-4-stecker-16-polig\/\" \/>\n<meta property=\"og:site_name\" content=\"AMRTOP B2B \u00c9tranger - Achats r\u00e9serv\u00e9s au professionnel\" \/>\n<meta property=\"article:modified_time\" content=\"2024-04-26T12:15:01+00:00\" \/>\n<meta property=\"og:image\" content=\"https:\/\/amrtop.net\/wp-content\/uploads\/2020\/10\/CAVI-FLAT-10-14-16-POLI-2.jpg\" \/>\n\t<meta property=\"og:image:width\" content=\"960\" \/>\n\t<meta property=\"og:image:height\" content=\"960\" \/>\n\t<meta property=\"og:image:type\" content=\"image\/jpeg\" \/>\n<meta name=\"twitter:card\" content=\"summary_large_image\" \/>\n<meta name=\"twitter:label1\" content=\"Gesch\u00e4tzte Lesezeit\" \/>\n\t<meta name=\"twitter:data1\" content=\"1\u00a0Minute\" \/>\n<script type=\"application\/ld+json\" class=\"yoast-schema-graph\">{\"@context\":\"https:\\\/\\\/schema.org\",\"@graph\":[{\"@type\":\"WebPage\",\"@id\":\"https:\\\/\\\/amrtop.net\\\/produit\\\/cable-plat-4-connecteurs-16-poles\\\/\",\"url\":\"https:\\\/\\\/amrtop.net\\\/produit\\\/cable-plat-4-connecteurs-16-poles\\\/\",\"name\":\"C\u00e2ble plat 4 connecteurs 16 p\u00f4les\",\"isPartOf\":{\"@id\":\"https:\\\/\\\/amrtop.net\\\/#website\"},\"primaryImageOfPage\":{\"@id\":\"https:\\\/\\\/amrtop.net\\\/produit\\\/cable-plat-4-connecteurs-16-poles\\\/#primaryimage\"},\"image\":{\"@id\":\"https:\\\/\\\/amrtop.net\\\/produit\\\/cable-plat-4-connecteurs-16-poles\\\/#primaryimage\"},\"thumbnailUrl\":\"https:\\\/\\\/amrtop.net\\\/wp-content\\\/uploads\\\/2020\\\/10\\\/CAVI-FLAT-10-14-16-POLI-2.jpg\",\"datePublished\":\"2020-10-01T00:00:00+00:00\",\"dateModified\":\"2024-04-26T12:15:01+00:00\",\"description\":\"C\u00e2ble plat 4 connecteurs 16 p\u00f4les - C\u00e2ble plat 4 connecteurs 16 p\u00f4les pour po\u00eales et chaudi\u00e8res \u00e0 pellets - pour po\u00eales et chaudi\u00e8res \u00e0 pellets\",\"breadcrumb\":{\"@id\":\"https:\\\/\\\/amrtop.net\\\/produit\\\/cable-plat-4-connecteurs-16-poles\\\/#breadcrumb\"},\"inLanguage\":\"de\",\"potentialAction\":[{\"@type\":\"ReadAction\",\"target\":[\"https:\\\/\\\/amrtop.net\\\/produit\\\/cable-plat-4-connecteurs-16-poles\\\/\"]}]},{\"@type\":\"ImageObject\",\"inLanguage\":\"de\",\"@id\":\"https:\\\/\\\/amrtop.net\\\/produit\\\/cable-plat-4-connecteurs-16-poles\\\/#primaryimage\",\"url\":\"https:\\\/\\\/amrtop.net\\\/wp-content\\\/uploads\\\/2020\\\/10\\\/CAVI-FLAT-10-14-16-POLI-2.jpg\",\"contentUrl\":\"https:\\\/\\\/amrtop.net\\\/wp-content\\\/uploads\\\/2020\\\/10\\\/CAVI-FLAT-10-14-16-POLI-2.jpg\",\"width\":960,\"height\":960,\"caption\":\"Cavo flat 4 connettori 16 poli\u00a0 poli\u00a0\"},{\"@type\":\"BreadcrumbList\",\"@id\":\"https:\\\/\\\/amrtop.net\\\/produit\\\/cable-plat-4-connecteurs-16-poles\\\/#breadcrumb\",\"itemListElement\":[{\"@type\":\"ListItem\",\"position\":1,\"name\":\"Home\",\"item\":\"https:\\\/\\\/amrtop.net\\\/\"},{\"@type\":\"ListItem\",\"position\":2,\"name\":\"Shop\",\"item\":\"https:\\\/\\\/amrtop.net\\\/negozio\\\/\"},{\"@type\":\"ListItem\",\"position\":3,\"name\":\"C\u00e2ble plat avec connecteur 16 p\u00f4les de 150 mm &#8211; Code CFT005\"}]},{\"@type\":\"WebSite\",\"@id\":\"https:\\\/\\\/amrtop.net\\\/#website\",\"url\":\"https:\\\/\\\/amrtop.net\\\/\",\"name\":\"AMRTOP B2B \u00c9tranger - Achats r\u00e9serv\u00e9s au professionnel\",\"description\":\"Pi\u00e8ces de rechange et accessoires pour po\u00eales et chaudi\u00e8res - eCommerce B2B pour Clients Professionnels\",\"potentialAction\":[{\"@type\":\"SearchAction\",\"target\":{\"@type\":\"EntryPoint\",\"urlTemplate\":\"https:\\\/\\\/amrtop.net\\\/?s={search_term_string}\"},\"query-input\":{\"@type\":\"PropertyValueSpecification\",\"valueRequired\":true,\"valueName\":\"search_term_string\"}}],\"inLanguage\":\"de\"}]}<\/script>\n<!-- \/ Yoast SEO plugin. -->","yoast_head_json":{"title":"Flachkabel 4 Stecker 16-polig","description":"Flachkabel 4 Stecker 16-polig - Flachkabel 4 Stecker 16-polig f\u00fcr Pellet\u00f6fen und Pelletkessel - f\u00fcr Pellet\u00f6fen und Pelletkessel","robots":{"index":"index","follow":"follow","max-snippet":"max-snippet:-1","max-image-preview":"max-image-preview:large","max-video-preview":"max-video-preview:-1"},"canonical":"https:\/\/amrtop.net\/de\/produkt\/flachkabel-4-stecker-16-polig\/","og_locale":"de_DE","og_type":"article","og_title":"C\u00e2ble plat 4 connecteurs 16 p\u00f4les","og_description":"C\u00e2ble plat 4 connecteurs 16 p\u00f4les - C\u00e2ble plat 4 connecteurs 16 p\u00f4les pour po\u00eales et chaudi\u00e8res \u00e0 pellets - pour po\u00eales et chaudi\u00e8res \u00e0 pellets","og_url":"https:\/\/amrtop.net\/de\/produkt\/flachkabel-4-stecker-16-polig\/","og_site_name":"AMRTOP B2B \u00c9tranger - Achats r\u00e9serv\u00e9s au professionnel","article_modified_time":"2024-04-26T12:15:01+00:00","og_image":[{"width":960,"height":960,"url":"https:\/\/amrtop.net\/wp-content\/uploads\/2020\/10\/CAVI-FLAT-10-14-16-POLI-2.jpg","type":"image\/jpeg"}],"twitter_card":"summary_large_image","twitter_misc":{"Gesch\u00e4tzte Lesezeit":"1\u00a0Minute"},"schema":{"@context":"https:\/\/schema.org","@graph":[{"@type":"WebPage","@id":"https:\/\/amrtop.net\/produit\/cable-plat-4-connecteurs-16-poles\/","url":"https:\/\/amrtop.net\/produit\/cable-plat-4-connecteurs-16-poles\/","name":"Flachkabel 4 Stecker 16-polig","isPartOf":{"@id":"https:\/\/amrtop.net\/#website"},"primaryImageOfPage":{"@id":"https:\/\/amrtop.net\/produit\/cable-plat-4-connecteurs-16-poles\/#primaryimage"},"image":{"@id":"https:\/\/amrtop.net\/produit\/cable-plat-4-connecteurs-16-poles\/#primaryimage"},"thumbnailUrl":"https:\/\/amrtop.net\/wp-content\/uploads\/2020\/10\/CAVI-FLAT-10-14-16-POLI-2.jpg","datePublished":"2020-10-01T00:00:00+00:00","dateModified":"2024-04-26T12:15:01+00:00","description":"Flachkabel 4 Stecker 16-polig - Flachkabel 4 Stecker 16-polig f\u00fcr Pellet\u00f6fen und Pelletkessel - f\u00fcr Pellet\u00f6fen und Pelletkessel","breadcrumb":{"@id":"https:\/\/amrtop.net\/produit\/cable-plat-4-connecteurs-16-poles\/#breadcrumb"},"inLanguage":"de","potentialAction":[{"@type":"ReadAction","target":["https:\/\/amrtop.net\/produit\/cable-plat-4-connecteurs-16-poles\/"]}]},{"@type":"ImageObject","inLanguage":"de","@id":"https:\/\/amrtop.net\/produit\/cable-plat-4-connecteurs-16-poles\/#primaryimage","url":"https:\/\/amrtop.net\/wp-content\/uploads\/2020\/10\/CAVI-FLAT-10-14-16-POLI-2.jpg","contentUrl":"https:\/\/amrtop.net\/wp-content\/uploads\/2020\/10\/CAVI-FLAT-10-14-16-POLI-2.jpg","width":960,"height":960,"caption":"Cavo flat 4 connettori 16 poli\u00a0 poli\u00a0"},{"@type":"BreadcrumbList","@id":"https:\/\/amrtop.net\/produit\/cable-plat-4-connecteurs-16-poles\/#breadcrumb","itemListElement":[{"@type":"ListItem","position":1,"name":"Home","item":"https:\/\/amrtop.net\/"},{"@type":"ListItem","position":2,"name":"Shop","item":"https:\/\/amrtop.net\/negozio\/"},{"@type":"ListItem","position":3,"name":"C\u00e2ble plat avec connecteur 16 p\u00f4les de 150 mm &#8211; Code CFT005"}]},{"@type":"WebSite","@id":"https:\/\/amrtop.net\/#website","url":"https:\/\/amrtop.net\/","name":"AMRTOP B2B Ausland - Einkaufen nur f\u00fcr Fachleute","description":"Ersatzteile und Zubeh\u00f6r f\u00fcr \u00d6fen und Heizkessel - B2B eCommerce f\u00fcr Gesch\u00e4ftskunden","potentialAction":[{"@type":"SearchAction","target":{"@type":"EntryPoint","urlTemplate":"https:\/\/amrtop.net\/?s={search_term_string}"},"query-input":{"@type":"PropertyValueSpecification","valueRequired":true,"valueName":"search_term_string"}}],"inLanguage":"de"}]}},"_links":{"self":[{"href":"https:\/\/amrtop.net\/de\/wp-json\/wp\/v2\/product\/20880","targetHints":{"allow":["GET"]}}],"collection":[{"href":"https:\/\/amrtop.net\/de\/wp-json\/wp\/v2\/product"}],"about":[{"href":"https:\/\/amrtop.net\/de\/wp-json\/wp\/v2\/types\/product"}],"replies":[{"embeddable":true,"href":"https:\/\/amrtop.net\/de\/wp-json\/wp\/v2\/comments?post=20880"}],"wp:featuredmedia":[{"embeddable":true,"href":"https:\/\/amrtop.net\/de\/wp-json\/wp\/v2\/media\/35707"}],"wp:attachment":[{"href":"https:\/\/amrtop.net\/de\/wp-json\/wp\/v2\/media?parent=20880"}],"wp:term":[{"taxonomy":"product_brand","embeddable":true,"href":"https:\/\/amrtop.net\/de\/wp-json\/wp\/v2\/product_brand?post=20880"},{"taxonomy":"product_cat","embeddable":true,"href":"https:\/\/amrtop.net\/de\/wp-json\/wp\/v2\/product_cat?post=20880"},{"taxonomy":"product_tag","embeddable":true,"href":"https:\/\/amrtop.net\/de\/wp-json\/wp\/v2\/product_tag?post=20880"}],"curies":[{"name":"wp","href":"https:\/\/api.w.org\/{rel}","templated":true}]}}