{"id":21675,"date":"2020-01-10T00:00:00","date_gmt":"2020-01-10T00:00:00","guid":{"rendered":"https:\/\/amrtop.com\/B2B\/?post_type=product&#038;p=21675"},"modified":"2024-11-26T13:18:45","modified_gmt":"2024-11-26T13:18:45","slug":"bougie-etanche-en-quartz-avec-raccord-3-8-en-ceramique","status":"publish","type":"product","link":"https:\/\/amrtop.net\/de\/produit\/bougie-etanche-en-quartz-avec-raccord-3-8-en-ceramique\/","title":{"rendered":"Wasserdichte Quarz-Kerze mit 3\/8-Anschluss aus Keramik - Abmessungen Quarz 68 x 4 mm - 300 Watt - Gesamtl\u00e4nge 113 mm - Code PS22S"},"content":{"rendered":"<hr \/>\n<h3>Bougie \u00e9tanche en quartz avec raccord 3\/8 en c\u00e9ramique<\/h3>\n<p>Amrtop bietet eine Vielzahl an Kerze mit Quarzkristall schwarz Komponente f\u00fcr einen schnellen Zugriff auf Biomasse: Pellets, Holz, Stroh usw. in verschiedenen L\u00e4ngen, mit Flansch, 3\/8\u2033-Anschluss und glatt.<\/p>\n<p>Eine wichtige Innovation im Bereich der Anz\u00fcndhilfen f\u00fcr Pellet\u00f6fen und -kessel.   Die Gl\u00fchkerze aus schwarzem Quarzkristall ist die n\u00e4chste Generation f\u00fcr die Verbrennung von Pellets und anderen Biomassen.<\/p>\n<p>Durch seine schnelle Z\u00fcndung reduziert er den Energieverbrauch. Die schwarze Quarzkristallkerze entz\u00fcndet das Pellet in wenigen Sekunden.<\/p>\n<p>Er erreicht eine deutlich h\u00f6here Temperatur, etwa doppelt so hoch wie die herk\u00f6mmlichen Gl\u00fchkerzen aus Metall und Keramik. Er erreicht die maximale Wirksamkeit in weniger als 60 Sekunden.<\/p>\n<p>Muss nicht gewartet werden. Diamantharte Struktur im Gegensatz zu herk\u00f6mmlichen Keramikgl\u00fchkerzen.<\/p>\n<p>Die Z\u00fcndkerze aus Quarzkristall erzeugt keine Art von Problemen oder Kurzschluss.<\/p>\n<p>Bei dieser einzigartigen Struktur wird Umgebungsluft in den Kerzentr\u00e4ger geblasen, sie steigt in wenigen Sekunden von 25 auf 1000 \u00baC, die Verbrennungsgeschwindigkeit wird etwa doppelt so schnell wie bisher erh\u00f6ht.<\/p>\n<h3>Les avantages des bougie \u00e9tanche en quartz avec raccord 3\/8 en c\u00e9ramique<\/h3>\n<ul>\n<li>Innerhalb von 10 Sekunden hat er \u00fcber 1000 \u00b0 erreicht und die Temperatur bleibt konstant.<\/li>\n<li>Universelle 3\/8- oder Flanschbefestigung, die so konzipiert ist, dass sie an jeden vorhandenen Heizkessel oder Ofen passt.<\/li>\n<li>Hohe Best\u00e4ndigkeit gegen Oxidation und nat\u00fcrliche oder chemische Korrosion.<\/li>\n<li>Z\u00fcndet Holz, S\u00e4gemehl, Holzsp\u00e4ne, Kohle an<\/li>\n<li>Umr\u00fcstbar auf hermetische oder Standardmodelle - 24-V- und 240-V-Versionen (erh\u00e4ltlich als Schwarzes Quarzkristallmodell mit 24 V und 90 Watt).<\/li>\n<li>Ohne die Gefahr eines Kurzschlusses. - Die Serien Vulcano und Nitro sind mechanisch doppelt so sto\u00dffest wie Keramik.<\/li>\n<li>Hohe Best\u00e4ndigkeit gegen Verbrennungsasche und Temperaturschocks<\/li>\n<li>Flansch, der so gestaltet ist, dass er den Luftdurchgang und das reduzierte Volumen des Schwarzen Quarzkristalls erm\u00f6glicht.<\/li>\n<li>M\u00f6glichkeit von Verbindern und Lieferung des kundenspezifischen Rohrs (Kontaktieren Sie uns f\u00fcr weitere Informationen).<\/li>\n<li>Die schwarze Quarzkristallkerze mit einem Befestigungselement, das den Durchgang der Verbrennungsluft f\u00fcr dichte und traditionelle \u00d6fen erm\u00f6glicht.<\/li>\n<\/ul>\n<h3>Verwendung der wasserdichten Quarzkerze<\/h3>\n<p>La bougie de pr\u00e9chauffage en quartz &#8211; commercialis\u00e9es par Amrtop sert \u00e0 amorcer l\u2019allumage de copeaux de bois, troncs divis\u00e9s, briquettes de bois ou autre biomasse, paille, ma\u00efs, etc. par air pr\u00e9sent dans les g\u00e9n\u00e9rateurs de chaleur \u00e0 biomasse<\/p>\n<p>Vorhanden in typischen Ger\u00e4ten - Pelletofen - Pelletkessel - Pelletbrenner - Pellets BBQ\/Grill Biomassekessel - Biomassebrenner - Und viele andere Brenner<\/p>\n<h3>Innen<\/h3>\n<p><a href=\"https:\/\/wekos.it\/\">\u00d6fen, Herde und Holzherde<\/a>\u00a0-\u00a0<a href=\"https:\/\/www.greenpuros.com\/\">Kamine, \u00d6fen und Pelletkessel.<\/a><\/p>\n<h3>Amrtop Ersatzteile und Zubeh\u00f6r Sortiment<\/h3>\n<p><a href=\"https:\/\/amrtop.net\/de\/produktkategorie\/ersatzteile-diverse-ofen-und-kocher-2\/bougies-dallumage-pour-poeles-et-chaudieres-a-pellets\/\">Gl\u00fchkerzen<\/a><\/p>\n<p><a href=\"https:\/\/amrtop.net\/de\/produktkategorie\/ersatzteile-diverse-ofen-und-kocher-2\/electronique\/\">Elektronik<\/a><\/p>\n<p><a href=\"https:\/\/amrtop.net\/de\/produktkategorie\/ersatzteile-diverse-ofen-und-kocher-2\/extracteurs-de-fumee\/\">Rauchabzug<\/a><\/p>\n<p><a href=\"https:\/\/amrtop.net\/de\/produktkategorie\/ersatzteile-diverse-ofen-und-kocher-2\/gaines-cable-connecteurs\/\">Kabelh\u00fcllen Verbinder<\/a><\/p>\n<p><a href=\"https:\/\/amrtop.net\/de\/produktkategorie\/ersatzteile-diverse-ofen-und-kocher-2\/joints-de-silicone\/\">Silikondichtungen<\/a><\/p>\n<p><a href=\"https:\/\/amrtop.net\/de\/produktkategorie\/ersatzteile-diverse-ofen-und-kocher-2\/motoreducteurs\/\">Getriebemotoren<\/a><\/p>\n<p><a href=\"https:\/\/amrtop.net\/de\/produktkategorie\/ersatzteile-diverse-ofen-und-kocher-2\/pressostats-et-transducteurs\/\">Druckschalter und Wandler<\/a><\/p>\n<p><a href=\"https:\/\/amrtop.com\/B2B\/fr\/categorie-produit\/ricambi-vari-stufe-e-caldaie\/sonde-termostati-manometri-termometri\/\">Sonden Thermostate Manometer Thermometer<\/a><\/p>\n<p><a href=\"https:\/\/amrtop.net\/de\/produktkategorie\/ersatzteile-diverse-ofen-und-kocher-2\/joints-detancheite\/\">Dichtgeflechte<\/a><\/p>\n<p><a href=\"https:\/\/amrtop.net\/de\/produktkategorie\/ersatzteile-diverse-ofen-und-kocher-2\/ventilateurs-centrifuges-pour-poeles-a-pellets\/\">Zentrifugalventilatoren<\/a><\/p>\n<p><a href=\"https:\/\/amrtop.net\/de\/produktkategorie\/ersatzteile-diverse-ofen-und-kocher-2\/ventilateurs-tangentiels-flux-transversal\/\">Tangentiale Ventilatoren<\/a><\/p>\n<p><a href=\"https:\/\/amrtop.net\/de\/produktkategorie\/ersatzteile-diverse-ofen-und-kocher-2\/adhesifs-et-produits-detancheite\/\">Klebstoffe und Kitt<\/a><\/p>\n<p>&nbsp;<\/p>\n<h3><\/h3>\n<p>&nbsp;<\/p>","protected":false},"excerpt":{"rendered":"<hr \/>\n<h2><span style=\"color: #008000;\">Verf\u00fcgbar<\/span><\/h2>\n<hr \/>\n<h3>Wasserdichte Quarz-Z\u00fcndkerzen mit 3\/8\u2033-Anschluss aus Keramik<\/h3>\n<p>Codice PS22S\/PS23S<\/p>\n<p>Abmessungen Quarz: 68 x 4 mm<br \/>\nLongueur totale\u00a0: 113 mm<br \/>\nL\u00e4nge Untermutter: 79 mm<br \/>\nLeistung: 300 W<br \/>\nKabell\u00e4nge: 350 mm<\/p>\n<h3>Kompatibilit\u00e4t<\/h3>\n<p>Compatible avec le code PS23S.<\/p>\n<hr \/>\n<h3>Z\u00fcndkerze-Widerstand-Z\u00fcndkerze kompatibel mit den folgenden Marken von Pellet\u00f6fen<\/h3>\n<p>Moretti Design<\/p>\n<p>Jolly Mec<\/p>","protected":false},"featured_media":34692,"comment_status":"open","ping_status":"closed","template":"","meta":[],"product_brand":[],"product_cat":[840,855,839],"product_tag":[154],"class_list":{"0":"post-21675","1":"product","2":"type-product","3":"status-publish","4":"has-post-thumbnail","6":"product_cat-bougies-dallumage-pour-poeles-et-chaudieres-a-pellets","7":"product_cat-bougies-de-prechauffage-en-quartz-etanches-avec-raccord-3-8","8":"product_cat-pieces-de-rechange-divers-poeles-et-chaudieres","9":"product_tag-moretti-design","10":"product_shipping_class-classe-di-spedizione-01","12":"first","13":"instock","14":"shipping-taxable","15":"purchasable","16":"product-type-simple"},"yoast_head":"<!-- This site is optimized with the Yoast SEO plugin v27.4 - https:\/\/yoast.com\/product\/yoast-seo-wordpress\/ -->\n<title>Bougie \u00e9tanche en quartz avec raccord 3\/8 en c\u00e9ramique<\/title>\n<meta name=\"description\" content=\"Bougie \u00e9tanche en quartz avec raccord 3\/8 en c\u00e9ramique - r\u00e9sistance \u00e0 l\u2019allumage par quartz - cartouche d\u2019allumage en quartz pour po\u00eales, radiateurs, inserts et chaudi\u00e8res \u00e0 granul\u00e9s\" \/>\n<meta name=\"robots\" content=\"index, follow, max-snippet:-1, max-image-preview:large, max-video-preview:-1\" \/>\n<link rel=\"canonical\" href=\"https:\/\/amrtop.net\/de\/produkt\/bougie-etanche-en-quartz-avec-raccord-3-8-en-ceramique\/\" \/>\n<meta property=\"og:locale\" content=\"de_DE\" \/>\n<meta property=\"og:type\" content=\"article\" \/>\n<meta property=\"og:title\" content=\"Bougie \u00e9tanche en quartz avec raccord 3\/8 en c\u00e9ramique\" \/>\n<meta property=\"og:description\" content=\"Bougie \u00e9tanche en quartz avec raccord 3\/8 en c\u00e9ramique - r\u00e9sistance \u00e0 l\u2019allumage par quartz - cartouche d\u2019allumage en quartz pour po\u00eales, radiateurs, inserts et chaudi\u00e8res \u00e0 granul\u00e9s\" \/>\n<meta property=\"og:url\" content=\"https:\/\/amrtop.net\/de\/produkt\/bougie-etanche-en-quartz-avec-raccord-3-8-en-ceramique\/\" \/>\n<meta property=\"og:site_name\" content=\"AMRTOP B2B \u00c9tranger - Achats r\u00e9serv\u00e9s au professionnel\" \/>\n<meta property=\"article:modified_time\" content=\"2024-11-26T13:18:45+00:00\" \/>\n<meta property=\"og:image\" content=\"https:\/\/amrtop.net\/wp-content\/uploads\/2020\/01\/ps22s.jpg\" \/>\n\t<meta property=\"og:image:width\" content=\"960\" \/>\n\t<meta property=\"og:image:height\" content=\"960\" \/>\n\t<meta property=\"og:image:type\" content=\"image\/jpeg\" \/>\n<meta name=\"twitter:card\" content=\"summary_large_image\" \/>\n<meta name=\"twitter:label1\" content=\"Gesch\u00e4tzte Lesezeit\" \/>\n\t<meta name=\"twitter:data1\" content=\"3\u00a0Minuten\" \/>\n<script type=\"application\/ld+json\" class=\"yoast-schema-graph\">{\"@context\":\"https:\\\/\\\/schema.org\",\"@graph\":[{\"@type\":\"WebPage\",\"@id\":\"https:\\\/\\\/amrtop.net\\\/produit\\\/bougie-etanche-en-quartz-avec-raccord-3-8-en-ceramique\\\/\",\"url\":\"https:\\\/\\\/amrtop.net\\\/produit\\\/bougie-etanche-en-quartz-avec-raccord-3-8-en-ceramique\\\/\",\"name\":\"Bougie \u00e9tanche en quartz avec raccord 3\\\/8 en c\u00e9ramique\",\"isPartOf\":{\"@id\":\"https:\\\/\\\/amrtop.net\\\/#website\"},\"primaryImageOfPage\":{\"@id\":\"https:\\\/\\\/amrtop.net\\\/produit\\\/bougie-etanche-en-quartz-avec-raccord-3-8-en-ceramique\\\/#primaryimage\"},\"image\":{\"@id\":\"https:\\\/\\\/amrtop.net\\\/produit\\\/bougie-etanche-en-quartz-avec-raccord-3-8-en-ceramique\\\/#primaryimage\"},\"thumbnailUrl\":\"https:\\\/\\\/amrtop.net\\\/wp-content\\\/uploads\\\/2020\\\/01\\\/ps22s.jpg\",\"datePublished\":\"2020-01-10T00:00:00+00:00\",\"dateModified\":\"2024-11-26T13:18:45+00:00\",\"description\":\"Bougie \u00e9tanche en quartz avec raccord 3\\\/8 en c\u00e9ramique - r\u00e9sistance \u00e0 l\u2019allumage par quartz - cartouche d\u2019allumage en quartz pour po\u00eales, radiateurs, inserts et chaudi\u00e8res \u00e0 granul\u00e9s\",\"breadcrumb\":{\"@id\":\"https:\\\/\\\/amrtop.net\\\/produit\\\/bougie-etanche-en-quartz-avec-raccord-3-8-en-ceramique\\\/#breadcrumb\"},\"inLanguage\":\"de\",\"potentialAction\":[{\"@type\":\"ReadAction\",\"target\":[\"https:\\\/\\\/amrtop.net\\\/produit\\\/bougie-etanche-en-quartz-avec-raccord-3-8-en-ceramique\\\/\"]}]},{\"@type\":\"ImageObject\",\"inLanguage\":\"de\",\"@id\":\"https:\\\/\\\/amrtop.net\\\/produit\\\/bougie-etanche-en-quartz-avec-raccord-3-8-en-ceramique\\\/#primaryimage\",\"url\":\"https:\\\/\\\/amrtop.net\\\/wp-content\\\/uploads\\\/2020\\\/01\\\/ps22s.jpg\",\"contentUrl\":\"https:\\\/\\\/amrtop.net\\\/wp-content\\\/uploads\\\/2020\\\/01\\\/ps22s.jpg\",\"width\":960,\"height\":960,\"caption\":\"Bougie \u00e9tanche en quartz avec raccord 3\\\/8 en c\u00e9ramique - r\u00e9sistance \u00e0 l\u2019allumage par quartz - cartouche d\u2019allumage en quartz pour po\u00eales, radiateurs, inserts et chaudi\u00e8res \u00e0 granul\u00e9s\"},{\"@type\":\"BreadcrumbList\",\"@id\":\"https:\\\/\\\/amrtop.net\\\/produit\\\/bougie-etanche-en-quartz-avec-raccord-3-8-en-ceramique\\\/#breadcrumb\",\"itemListElement\":[{\"@type\":\"ListItem\",\"position\":1,\"name\":\"Home\",\"item\":\"https:\\\/\\\/amrtop.net\\\/\"},{\"@type\":\"ListItem\",\"position\":2,\"name\":\"Shop\",\"item\":\"https:\\\/\\\/amrtop.net\\\/negozio\\\/\"},{\"@type\":\"ListItem\",\"position\":3,\"name\":\"Bougie \u00e9tanche en quartz avec raccord 3\\\/8 en c\u00e9ramique &#8211; Dimensions Quartz 68 x 4 mm &#8211; 300 Watt &#8211; Longueur totale 113 mm &#8211; Code PS22S\"}]},{\"@type\":\"WebSite\",\"@id\":\"https:\\\/\\\/amrtop.net\\\/#website\",\"url\":\"https:\\\/\\\/amrtop.net\\\/\",\"name\":\"AMRTOP B2B \u00c9tranger - Achats r\u00e9serv\u00e9s au professionnel\",\"description\":\"Pi\u00e8ces de rechange et accessoires pour po\u00eales et chaudi\u00e8res - eCommerce B2B pour Clients Professionnels\",\"potentialAction\":[{\"@type\":\"SearchAction\",\"target\":{\"@type\":\"EntryPoint\",\"urlTemplate\":\"https:\\\/\\\/amrtop.net\\\/?s={search_term_string}\"},\"query-input\":{\"@type\":\"PropertyValueSpecification\",\"valueRequired\":true,\"valueName\":\"search_term_string\"}}],\"inLanguage\":\"de\"}]}<\/script>\n<!-- \/ Yoast SEO plugin. -->","yoast_head_json":{"title":"Bougie \u00e9tanche en quartz avec raccord 3\/8 en c\u00e9ramique","description":"Wasserdichte Quarzkerze mit 3\/8-Keramikanschluss - Quarzz\u00fcndwiderstand - Quarzz\u00fcndpatrone f\u00fcr \u00d6fen, Heizk\u00f6rper, Inserts und Pelletkessel","robots":{"index":"index","follow":"follow","max-snippet":"max-snippet:-1","max-image-preview":"max-image-preview:large","max-video-preview":"max-video-preview:-1"},"canonical":"https:\/\/amrtop.net\/de\/produkt\/bougie-etanche-en-quartz-avec-raccord-3-8-en-ceramique\/","og_locale":"de_DE","og_type":"article","og_title":"Bougie \u00e9tanche en quartz avec raccord 3\/8 en c\u00e9ramique","og_description":"Bougie \u00e9tanche en quartz avec raccord 3\/8 en c\u00e9ramique - r\u00e9sistance \u00e0 l\u2019allumage par quartz - cartouche d\u2019allumage en quartz pour po\u00eales, radiateurs, inserts et chaudi\u00e8res \u00e0 granul\u00e9s","og_url":"https:\/\/amrtop.net\/de\/produkt\/bougie-etanche-en-quartz-avec-raccord-3-8-en-ceramique\/","og_site_name":"AMRTOP B2B \u00c9tranger - Achats r\u00e9serv\u00e9s au professionnel","article_modified_time":"2024-11-26T13:18:45+00:00","og_image":[{"width":960,"height":960,"url":"https:\/\/amrtop.net\/wp-content\/uploads\/2020\/01\/ps22s.jpg","type":"image\/jpeg"}],"twitter_card":"summary_large_image","twitter_misc":{"Gesch\u00e4tzte Lesezeit":"3\u00a0Minuten"},"schema":{"@context":"https:\/\/schema.org","@graph":[{"@type":"WebPage","@id":"https:\/\/amrtop.net\/produit\/bougie-etanche-en-quartz-avec-raccord-3-8-en-ceramique\/","url":"https:\/\/amrtop.net\/produit\/bougie-etanche-en-quartz-avec-raccord-3-8-en-ceramique\/","name":"Bougie \u00e9tanche en quartz avec raccord 3\/8 en c\u00e9ramique","isPartOf":{"@id":"https:\/\/amrtop.net\/#website"},"primaryImageOfPage":{"@id":"https:\/\/amrtop.net\/produit\/bougie-etanche-en-quartz-avec-raccord-3-8-en-ceramique\/#primaryimage"},"image":{"@id":"https:\/\/amrtop.net\/produit\/bougie-etanche-en-quartz-avec-raccord-3-8-en-ceramique\/#primaryimage"},"thumbnailUrl":"https:\/\/amrtop.net\/wp-content\/uploads\/2020\/01\/ps22s.jpg","datePublished":"2020-01-10T00:00:00+00:00","dateModified":"2024-11-26T13:18:45+00:00","description":"Wasserdichte Quarzkerze mit 3\/8-Keramikanschluss - Quarzz\u00fcndwiderstand - Quarzz\u00fcndpatrone f\u00fcr \u00d6fen, Heizk\u00f6rper, Inserts und Pelletkessel","breadcrumb":{"@id":"https:\/\/amrtop.net\/produit\/bougie-etanche-en-quartz-avec-raccord-3-8-en-ceramique\/#breadcrumb"},"inLanguage":"de","potentialAction":[{"@type":"ReadAction","target":["https:\/\/amrtop.net\/produit\/bougie-etanche-en-quartz-avec-raccord-3-8-en-ceramique\/"]}]},{"@type":"ImageObject","inLanguage":"de","@id":"https:\/\/amrtop.net\/produit\/bougie-etanche-en-quartz-avec-raccord-3-8-en-ceramique\/#primaryimage","url":"https:\/\/amrtop.net\/wp-content\/uploads\/2020\/01\/ps22s.jpg","contentUrl":"https:\/\/amrtop.net\/wp-content\/uploads\/2020\/01\/ps22s.jpg","width":960,"height":960,"caption":"Bougie \u00e9tanche en quartz avec raccord 3\/8 en c\u00e9ramique - r\u00e9sistance \u00e0 l\u2019allumage par quartz - cartouche d\u2019allumage en quartz pour po\u00eales, radiateurs, inserts et chaudi\u00e8res \u00e0 granul\u00e9s"},{"@type":"BreadcrumbList","@id":"https:\/\/amrtop.net\/produit\/bougie-etanche-en-quartz-avec-raccord-3-8-en-ceramique\/#breadcrumb","itemListElement":[{"@type":"ListItem","position":1,"name":"Home","item":"https:\/\/amrtop.net\/"},{"@type":"ListItem","position":2,"name":"Shop","item":"https:\/\/amrtop.net\/negozio\/"},{"@type":"ListItem","position":3,"name":"Bougie \u00e9tanche en quartz avec raccord 3\/8 en c\u00e9ramique &#8211; Dimensions Quartz 68 x 4 mm &#8211; 300 Watt &#8211; Longueur totale 113 mm &#8211; Code PS22S"}]},{"@type":"WebSite","@id":"https:\/\/amrtop.net\/#website","url":"https:\/\/amrtop.net\/","name":"AMRTOP B2B Ausland - Einkaufen nur f\u00fcr Fachleute","description":"Ersatzteile und Zubeh\u00f6r f\u00fcr \u00d6fen und Heizkessel - B2B eCommerce f\u00fcr Gesch\u00e4ftskunden","potentialAction":[{"@type":"SearchAction","target":{"@type":"EntryPoint","urlTemplate":"https:\/\/amrtop.net\/?s={search_term_string}"},"query-input":{"@type":"PropertyValueSpecification","valueRequired":true,"valueName":"search_term_string"}}],"inLanguage":"de"}]}},"_links":{"self":[{"href":"https:\/\/amrtop.net\/de\/wp-json\/wp\/v2\/product\/21675","targetHints":{"allow":["GET"]}}],"collection":[{"href":"https:\/\/amrtop.net\/de\/wp-json\/wp\/v2\/product"}],"about":[{"href":"https:\/\/amrtop.net\/de\/wp-json\/wp\/v2\/types\/product"}],"replies":[{"embeddable":true,"href":"https:\/\/amrtop.net\/de\/wp-json\/wp\/v2\/comments?post=21675"}],"wp:featuredmedia":[{"embeddable":true,"href":"https:\/\/amrtop.net\/de\/wp-json\/wp\/v2\/media\/34692"}],"wp:attachment":[{"href":"https:\/\/amrtop.net\/de\/wp-json\/wp\/v2\/media?parent=21675"}],"wp:term":[{"taxonomy":"product_brand","embeddable":true,"href":"https:\/\/amrtop.net\/de\/wp-json\/wp\/v2\/product_brand?post=21675"},{"taxonomy":"product_cat","embeddable":true,"href":"https:\/\/amrtop.net\/de\/wp-json\/wp\/v2\/product_cat?post=21675"},{"taxonomy":"product_tag","embeddable":true,"href":"https:\/\/amrtop.net\/de\/wp-json\/wp\/v2\/product_tag?post=21675"}],"curies":[{"name":"wp","href":"https:\/\/api.w.org\/{rel}","templated":true}]}}