{"id":22520,"date":"2020-10-01T00:00:00","date_gmt":"2020-10-01T00:00:00","guid":{"rendered":"https:\/\/amrtop.com\/B2B\/?post_type=product&#038;p=22520"},"modified":"2023-06-08T12:45:05","modified_gmt":"2023-06-08T12:45:05","slug":"brosse-manuelle-en-acier-inoxydable-longueur-260-mm","status":"publish","type":"product","link":"https:\/\/amrtop.net\/de\/produit\/brosse-manuelle-en-acier-inoxydable-longueur-260-mm\/","title":{"rendered":"Handb\u00fcrste aus rostfreiem Stahl L\u00e4nge 260 mm Code SPC3010"},"content":{"rendered":"<h3>Brosse manuelle en acier inoxydable longueur 260 mm<\/h3>\n<p>Bei Amrtop bieten wir komplette professionelle Sets f\u00fcr die Reinigung von Pellet\u00f6fen, Kaminen und Heizkesseln an.<\/p>\n<p>Wir sind seit \u00fcber 10 Jahren auf den Verkauf von Aufn\u00e4hern und Industrieb\u00fcrsten spezialisiert und haben die Qualit\u00e4t von professionellen Werkzeugen und Zubeh\u00f6r in die H\u00e4user der Italiener gebracht.<\/p>\n<p>Alle unsere vermarkteten Artikel werden im Piemont von spezialisierten Unternehmen der Rauchwarenbranche hergestellt und montiert, um die hohe Qualit\u00e4t des breiten verf\u00fcgbaren Sortiments zu gew\u00e4hrleisten.<\/p>\n<ul>\n<li>Artikel f\u00fcr die Reinigung von Pellet\u00f6fen und Holz - -.<\/li>\n<li>Kompletter Zubeh\u00f6rsatz und einfach zu bedienende Schornsteinreinigung<\/li>\n<li>Handb\u00fcrsten f\u00fcr die allgemeine Reinigung f\u00fcr alle DIY-Arbeiten -.<\/li>\n<\/ul>\n<h3>Utilisation du brosse manuelle en acier inoxydable longueur 260 mm<\/h3>\n<p>Die B\u00fcrste mit Kunststoffgriff wurde speziell f\u00fcr die Reinigung von Feuerk\u00f6rben in Pellet- und Holz\u00f6fen und -kesseln entwickelt.<br \/>\nSeine doppelte Verwendung macht ihn sehr effektiv und vielseitig in Situationen, in denen es dicke, schwer zu entfernende Verkrustungen gibt<\/p>\n<h3>Innen<\/h3>\n<p><a href=\"https:\/\/wekos.it\/\">\u00d6fen, Herde und Holzherde<\/a>\u00a0-\u00a0<a href=\"https:\/\/www.greenpuros.com\/\">Kamine, \u00d6fen und Pelletkessel.<\/a><\/p>\n<h3>Amrtop Ersatzteile und Zubeh\u00f6r Sortiment<\/h3>\n<p><a href=\"https:\/\/amrtop.net\/de\/produktkategorie\/ersatzteile-diverse-ofen-und-kocher-2\/bougies-dallumage-pour-poeles-et-chaudieres-a-pellets\/\">Gl\u00fchkerzen<\/a><\/p>\n<p><a href=\"https:\/\/amrtop.net\/de\/produktkategorie\/ersatzteile-diverse-ofen-und-kocher-2\/electronique\/\">Elektronik<\/a><\/p>\n<p><a href=\"https:\/\/amrtop.net\/de\/produktkategorie\/ersatzteile-diverse-ofen-und-kocher-2\/extracteurs-de-fumee\/\">Rauchabzug<\/a><\/p>\n<p><a href=\"https:\/\/amrtop.net\/de\/produktkategorie\/ersatzteile-diverse-ofen-und-kocher-2\/gaines-cable-connecteurs\/\">Kabelh\u00fcllen Verbinder<\/a><\/p>\n<p><a href=\"https:\/\/amrtop.net\/de\/produktkategorie\/ersatzteile-diverse-ofen-und-kocher-2\/joints-de-silicone\/\">Silikondichtungen<\/a><\/p>\n<p><a href=\"https:\/\/amrtop.net\/de\/produktkategorie\/ersatzteile-diverse-ofen-und-kocher-2\/motoreducteurs\/\">Getriebemotoren<\/a><\/p>\n<p><a href=\"https:\/\/amrtop.net\/de\/produktkategorie\/ersatzteile-diverse-ofen-und-kocher-2\/pressostats-et-transducteurs\/\">Druckschalter und Wandler<\/a><\/p>\n<p><a href=\"https:\/\/amrtop.net\/de\/produktkategorie\/ersatzteile-diverse-ofen-und-kocher-2\/sondes-thermostats-manometres-thermometres\/\">Sonden Thermostate Manometer Thermometer<\/a><\/p>\n<p><a href=\"https:\/\/amrtop.net\/de\/produktkategorie\/ersatzteile-diverse-ofen-und-kocher-2\/joints-detancheite\/\">Dichtgeflechte<\/a><\/p>\n<p><a href=\"https:\/\/amrtop.net\/de\/produktkategorie\/ersatzteile-diverse-ofen-und-kocher-2\/ventilateurs-centrifuges-pour-poeles-a-pellets\/\">Zentrifugalventilatoren<\/a><\/p>\n<p><a href=\"https:\/\/amrtop.net\/de\/produktkategorie\/ersatzteile-diverse-ofen-und-kocher-2\/ventilateurs-tangentiels-flux-transversal\/\">Tangentiale Ventilatoren<\/a><\/p>\n<p><a href=\"https:\/\/amrtop.net\/de\/produktkategorie\/ersatzteile-diverse-ofen-und-kocher-2\/adhesifs-et-produits-detancheite\/\">Klebstoffe und Kitt<\/a><\/p>\n<p>&nbsp;<\/p>","protected":false},"excerpt":{"rendered":"<hr \/>\n<h2><span style=\"color: #008000\">Disponile<\/span><\/h2>\n<hr \/>\n<h3>Spazzola manuale in acciaio Inox lunghezza 260 mm<\/h3>\n<p>Codice SPC3010<\/p>\n<p>Spazzola manual per usi gernerici con manico in plastica nelle versoni in acciaio,otone,inox e nylon<\/p>","protected":false},"featured_media":38470,"comment_status":"open","ping_status":"closed","template":"","meta":[],"product_brand":[],"product_cat":[1507,1505],"product_tag":[],"class_list":{"0":"post-22520","1":"product","2":"type-product","3":"status-publish","4":"has-post-thumbnail","6":"product_cat-accessoires-divers-pour-poeles-et-chaudieres","7":"product_cat-produits-et-accessoires-fumisterie","8":"product_shipping_class-classe-di-spedizione-01","10":"first","11":"instock","12":"shipping-taxable","13":"purchasable","14":"product-type-simple"},"yoast_head":"<!-- This site is optimized with the Yoast SEO plugin v27.4 - https:\/\/yoast.com\/product\/yoast-seo-wordpress\/ -->\n<title>Brosse manuelle en acier inoxydable longueur 260 mm<\/title>\n<meta name=\"description\" content=\"Brosse manuelle en acier inoxydable longueur 260 mm - Article de nettoyage des po\u00eales \u00e0 pellets et \u00e0 bois - Kit complet d\u2019accessoires faciles \u00e0 utiliser pour le nettoyage de la chemin\u00e9e et de la chemin\u00e9e - Brosses de nettoyage g\u00e9n\u00e9rales pour tout travail de DIY -\" \/>\n<meta name=\"robots\" content=\"index, follow, max-snippet:-1, max-image-preview:large, max-video-preview:-1\" \/>\n<link rel=\"canonical\" href=\"https:\/\/amrtop.net\/de\/produkt\/brosse-manuelle-en-acier-inoxydable-longueur-260-mm\/\" \/>\n<meta property=\"og:locale\" content=\"de_DE\" \/>\n<meta property=\"og:type\" content=\"article\" \/>\n<meta property=\"og:title\" content=\"Brosse manuelle en acier inoxydable longueur 260 mm\" \/>\n<meta property=\"og:description\" content=\"Brosse manuelle en acier inoxydable longueur 260 mm - Article de nettoyage des po\u00eales \u00e0 pellets et \u00e0 bois - Kit complet d\u2019accessoires faciles \u00e0 utiliser pour le nettoyage de la chemin\u00e9e et de la chemin\u00e9e - Brosses de nettoyage g\u00e9n\u00e9rales pour tout travail de DIY -\" \/>\n<meta property=\"og:url\" content=\"https:\/\/amrtop.net\/de\/produkt\/brosse-manuelle-en-acier-inoxydable-longueur-260-mm\/\" \/>\n<meta property=\"og:site_name\" content=\"AMRTOP B2B \u00c9tranger - Achats r\u00e9serv\u00e9s au professionnel\" \/>\n<meta property=\"article:modified_time\" content=\"2023-06-08T12:45:05+00:00\" \/>\n<meta property=\"og:image\" content=\"https:\/\/amrtop.net\/wp-content\/uploads\/2023\/06\/spazzole-alluminio-Copia-2.jpg\" \/>\n\t<meta property=\"og:image:width\" content=\"960\" \/>\n\t<meta property=\"og:image:height\" content=\"960\" \/>\n\t<meta property=\"og:image:type\" content=\"image\/jpeg\" \/>\n<meta name=\"twitter:card\" content=\"summary_large_image\" \/>\n<meta name=\"twitter:label1\" content=\"Gesch\u00e4tzte Lesezeit\" \/>\n\t<meta name=\"twitter:data1\" content=\"1\u00a0Minute\" \/>\n<script type=\"application\/ld+json\" class=\"yoast-schema-graph\">{\"@context\":\"https:\\\/\\\/schema.org\",\"@graph\":[{\"@type\":\"WebPage\",\"@id\":\"https:\\\/\\\/amrtop.net\\\/produit\\\/brosse-manuelle-en-acier-inoxydable-longueur-260-mm\\\/\",\"url\":\"https:\\\/\\\/amrtop.net\\\/produit\\\/brosse-manuelle-en-acier-inoxydable-longueur-260-mm\\\/\",\"name\":\"Brosse manuelle en acier inoxydable longueur 260 mm\",\"isPartOf\":{\"@id\":\"https:\\\/\\\/amrtop.net\\\/#website\"},\"primaryImageOfPage\":{\"@id\":\"https:\\\/\\\/amrtop.net\\\/produit\\\/brosse-manuelle-en-acier-inoxydable-longueur-260-mm\\\/#primaryimage\"},\"image\":{\"@id\":\"https:\\\/\\\/amrtop.net\\\/produit\\\/brosse-manuelle-en-acier-inoxydable-longueur-260-mm\\\/#primaryimage\"},\"thumbnailUrl\":\"https:\\\/\\\/amrtop.net\\\/wp-content\\\/uploads\\\/2023\\\/06\\\/spazzole-alluminio-Copia-2.jpg\",\"datePublished\":\"2020-10-01T00:00:00+00:00\",\"dateModified\":\"2023-06-08T12:45:05+00:00\",\"description\":\"Brosse manuelle en acier inoxydable longueur 260 mm - Article de nettoyage des po\u00eales \u00e0 pellets et \u00e0 bois - Kit complet d\u2019accessoires faciles \u00e0 utiliser pour le nettoyage de la chemin\u00e9e et de la chemin\u00e9e - Brosses de nettoyage g\u00e9n\u00e9rales pour tout travail de DIY -\",\"breadcrumb\":{\"@id\":\"https:\\\/\\\/amrtop.net\\\/produit\\\/brosse-manuelle-en-acier-inoxydable-longueur-260-mm\\\/#breadcrumb\"},\"inLanguage\":\"de\",\"potentialAction\":[{\"@type\":\"ReadAction\",\"target\":[\"https:\\\/\\\/amrtop.net\\\/produit\\\/brosse-manuelle-en-acier-inoxydable-longueur-260-mm\\\/\"]}]},{\"@type\":\"ImageObject\",\"inLanguage\":\"de\",\"@id\":\"https:\\\/\\\/amrtop.net\\\/produit\\\/brosse-manuelle-en-acier-inoxydable-longueur-260-mm\\\/#primaryimage\",\"url\":\"https:\\\/\\\/amrtop.net\\\/wp-content\\\/uploads\\\/2023\\\/06\\\/spazzole-alluminio-Copia-2.jpg\",\"contentUrl\":\"https:\\\/\\\/amrtop.net\\\/wp-content\\\/uploads\\\/2023\\\/06\\\/spazzole-alluminio-Copia-2.jpg\",\"width\":960,\"height\":960,\"caption\":\"Brosse manuelle en acier inoxydable longueur 260 mm - Article de nettoyage des po\u00eales \u00e0 pellets et \u00e0 bois - Kit complet d\u2019accessoires faciles \u00e0 utiliser pour le nettoyage de la chemin\u00e9e et de la chemin\u00e9e - Brosses de nettoyage g\u00e9n\u00e9rales pour tout travail de DIY -\"},{\"@type\":\"BreadcrumbList\",\"@id\":\"https:\\\/\\\/amrtop.net\\\/produit\\\/brosse-manuelle-en-acier-inoxydable-longueur-260-mm\\\/#breadcrumb\",\"itemListElement\":[{\"@type\":\"ListItem\",\"position\":1,\"name\":\"Home\",\"item\":\"https:\\\/\\\/amrtop.net\\\/\"},{\"@type\":\"ListItem\",\"position\":2,\"name\":\"Shop\",\"item\":\"https:\\\/\\\/amrtop.net\\\/negozio\\\/\"},{\"@type\":\"ListItem\",\"position\":3,\"name\":\"Brosse manuelle en acier inoxydable longueur 260 mm Code SPC3010\"}]},{\"@type\":\"WebSite\",\"@id\":\"https:\\\/\\\/amrtop.net\\\/#website\",\"url\":\"https:\\\/\\\/amrtop.net\\\/\",\"name\":\"AMRTOP B2B \u00c9tranger - Achats r\u00e9serv\u00e9s au professionnel\",\"description\":\"Pi\u00e8ces de rechange et accessoires pour po\u00eales et chaudi\u00e8res - eCommerce B2B pour Clients Professionnels\",\"potentialAction\":[{\"@type\":\"SearchAction\",\"target\":{\"@type\":\"EntryPoint\",\"urlTemplate\":\"https:\\\/\\\/amrtop.net\\\/?s={search_term_string}\"},\"query-input\":{\"@type\":\"PropertyValueSpecification\",\"valueRequired\":true,\"valueName\":\"search_term_string\"}}],\"inLanguage\":\"de\"}]}<\/script>\n<!-- \/ Yoast SEO plugin. -->","yoast_head_json":{"title":"Brosse manuelle en acier inoxydable longueur 260 mm","description":"Handb\u00fcrste aus rostfreiem Stahl L\u00e4nge 260 mm - Artikel zur Reinigung von Pellet- und Holz\u00f6fen - Kompletter Satz mit einfach zu verwendendem Zubeh\u00f6r f\u00fcr die Reinigung von Schornsteinen und Kaminen - Allgemeine Reinigungsb\u00fcrsten f\u00fcr alle DIY-Arbeiten -.","robots":{"index":"index","follow":"follow","max-snippet":"max-snippet:-1","max-image-preview":"max-image-preview:large","max-video-preview":"max-video-preview:-1"},"canonical":"https:\/\/amrtop.net\/de\/produkt\/brosse-manuelle-en-acier-inoxydable-longueur-260-mm\/","og_locale":"de_DE","og_type":"article","og_title":"Brosse manuelle en acier inoxydable longueur 260 mm","og_description":"Brosse manuelle en acier inoxydable longueur 260 mm - Article de nettoyage des po\u00eales \u00e0 pellets et \u00e0 bois - Kit complet d\u2019accessoires faciles \u00e0 utiliser pour le nettoyage de la chemin\u00e9e et de la chemin\u00e9e - Brosses de nettoyage g\u00e9n\u00e9rales pour tout travail de DIY -","og_url":"https:\/\/amrtop.net\/de\/produkt\/brosse-manuelle-en-acier-inoxydable-longueur-260-mm\/","og_site_name":"AMRTOP B2B \u00c9tranger - Achats r\u00e9serv\u00e9s au professionnel","article_modified_time":"2023-06-08T12:45:05+00:00","og_image":[{"width":960,"height":960,"url":"https:\/\/amrtop.net\/wp-content\/uploads\/2023\/06\/spazzole-alluminio-Copia-2.jpg","type":"image\/jpeg"}],"twitter_card":"summary_large_image","twitter_misc":{"Gesch\u00e4tzte Lesezeit":"1\u00a0Minute"},"schema":{"@context":"https:\/\/schema.org","@graph":[{"@type":"WebPage","@id":"https:\/\/amrtop.net\/produit\/brosse-manuelle-en-acier-inoxydable-longueur-260-mm\/","url":"https:\/\/amrtop.net\/produit\/brosse-manuelle-en-acier-inoxydable-longueur-260-mm\/","name":"Brosse manuelle en acier inoxydable longueur 260 mm","isPartOf":{"@id":"https:\/\/amrtop.net\/#website"},"primaryImageOfPage":{"@id":"https:\/\/amrtop.net\/produit\/brosse-manuelle-en-acier-inoxydable-longueur-260-mm\/#primaryimage"},"image":{"@id":"https:\/\/amrtop.net\/produit\/brosse-manuelle-en-acier-inoxydable-longueur-260-mm\/#primaryimage"},"thumbnailUrl":"https:\/\/amrtop.net\/wp-content\/uploads\/2023\/06\/spazzole-alluminio-Copia-2.jpg","datePublished":"2020-10-01T00:00:00+00:00","dateModified":"2023-06-08T12:45:05+00:00","description":"Handb\u00fcrste aus rostfreiem Stahl L\u00e4nge 260 mm - Artikel zur Reinigung von Pellet- und Holz\u00f6fen - Kompletter Satz mit einfach zu verwendendem Zubeh\u00f6r f\u00fcr die Reinigung von Schornsteinen und Kaminen - Allgemeine Reinigungsb\u00fcrsten f\u00fcr alle DIY-Arbeiten -.","breadcrumb":{"@id":"https:\/\/amrtop.net\/produit\/brosse-manuelle-en-acier-inoxydable-longueur-260-mm\/#breadcrumb"},"inLanguage":"de","potentialAction":[{"@type":"ReadAction","target":["https:\/\/amrtop.net\/produit\/brosse-manuelle-en-acier-inoxydable-longueur-260-mm\/"]}]},{"@type":"ImageObject","inLanguage":"de","@id":"https:\/\/amrtop.net\/produit\/brosse-manuelle-en-acier-inoxydable-longueur-260-mm\/#primaryimage","url":"https:\/\/amrtop.net\/wp-content\/uploads\/2023\/06\/spazzole-alluminio-Copia-2.jpg","contentUrl":"https:\/\/amrtop.net\/wp-content\/uploads\/2023\/06\/spazzole-alluminio-Copia-2.jpg","width":960,"height":960,"caption":"Brosse manuelle en acier inoxydable longueur 260 mm - Article de nettoyage des po\u00eales \u00e0 pellets et \u00e0 bois - Kit complet d\u2019accessoires faciles \u00e0 utiliser pour le nettoyage de la chemin\u00e9e et de la chemin\u00e9e - Brosses de nettoyage g\u00e9n\u00e9rales pour tout travail de DIY -"},{"@type":"BreadcrumbList","@id":"https:\/\/amrtop.net\/produit\/brosse-manuelle-en-acier-inoxydable-longueur-260-mm\/#breadcrumb","itemListElement":[{"@type":"ListItem","position":1,"name":"Home","item":"https:\/\/amrtop.net\/"},{"@type":"ListItem","position":2,"name":"Shop","item":"https:\/\/amrtop.net\/negozio\/"},{"@type":"ListItem","position":3,"name":"Brosse manuelle en acier inoxydable longueur 260 mm Code SPC3010"}]},{"@type":"WebSite","@id":"https:\/\/amrtop.net\/#website","url":"https:\/\/amrtop.net\/","name":"AMRTOP B2B Ausland - Einkaufen nur f\u00fcr Fachleute","description":"Ersatzteile und Zubeh\u00f6r f\u00fcr \u00d6fen und Heizkessel - B2B eCommerce f\u00fcr Gesch\u00e4ftskunden","potentialAction":[{"@type":"SearchAction","target":{"@type":"EntryPoint","urlTemplate":"https:\/\/amrtop.net\/?s={search_term_string}"},"query-input":{"@type":"PropertyValueSpecification","valueRequired":true,"valueName":"search_term_string"}}],"inLanguage":"de"}]}},"_links":{"self":[{"href":"https:\/\/amrtop.net\/de\/wp-json\/wp\/v2\/product\/22520","targetHints":{"allow":["GET"]}}],"collection":[{"href":"https:\/\/amrtop.net\/de\/wp-json\/wp\/v2\/product"}],"about":[{"href":"https:\/\/amrtop.net\/de\/wp-json\/wp\/v2\/types\/product"}],"replies":[{"embeddable":true,"href":"https:\/\/amrtop.net\/de\/wp-json\/wp\/v2\/comments?post=22520"}],"wp:featuredmedia":[{"embeddable":true,"href":"https:\/\/amrtop.net\/de\/wp-json\/wp\/v2\/media\/38470"}],"wp:attachment":[{"href":"https:\/\/amrtop.net\/de\/wp-json\/wp\/v2\/media?parent=22520"}],"wp:term":[{"taxonomy":"product_brand","embeddable":true,"href":"https:\/\/amrtop.net\/de\/wp-json\/wp\/v2\/product_brand?post=22520"},{"taxonomy":"product_cat","embeddable":true,"href":"https:\/\/amrtop.net\/de\/wp-json\/wp\/v2\/product_cat?post=22520"},{"taxonomy":"product_tag","embeddable":true,"href":"https:\/\/amrtop.net\/de\/wp-json\/wp\/v2\/product_tag?post=22520"}],"curies":[{"name":"wp","href":"https:\/\/api.w.org\/{rel}","templated":true}]}}