{"id":22626,"date":"2022-03-22T14:10:54","date_gmt":"2022-03-22T14:10:54","guid":{"rendered":"https:\/\/amrtop.com\/B2B\/?post_type=product&#038;p=22626"},"modified":"2023-06-08T14:31:33","modified_gmt":"2023-06-08T14:31:33","slug":"kit-pellet-6-mt-brosse-en-nylon-fixe-o-80-mm-code-kp61001","status":"publish","type":"product","link":"https:\/\/amrtop.net\/de\/produit\/kit-pellet-6-mt-brosse-en-nylon-fixe-o-80-mm-code-kp61001\/","title":{"rendered":"Kit Pellet 6 mt + feste Nylonb\u00fcrste \u00f8 80 mm Code KP61001"},"content":{"rendered":"<hr \/>\n<h3>Kit pellet de 6 mt avec brosse fixe \u00f8 80 mm<\/h3>\n<p>Code KP61001<\/p>\n<hr \/>\n<p>Das Set enth\u00e4lt :<br \/>\nNm 2 rallonge flexible de 3 m\u00e8tres<br \/>\nNm 1 feste Nylonb\u00fcrste<br \/>\nNm 1 Kunststoffgriff<br \/>\nNm 1 Mehrzweckb\u00fcrste aus Nylon mit Kunststoffgriff.<br \/>\nLe brosse fixe en nylon \u00f8 80 mm est utile pour effectuer le nettoyage des tuyaux et des conduits de fum\u00e9e.La longueur de la chemin\u00e9e permet de traverser les couds en les nettoyant facilement.<br \/>\nDer M12x1,75 mm ISO-Gewindebolzen am Ende des Werkzeugs dient zur Verbindung mit der blauen flexiblen 3-Meter-Verl\u00e4ngerung, die mit einem verst\u00e4rkten und steifen Material ummantelt ist.<\/p>","protected":false},"excerpt":{"rendered":"<h2><span style=\"color: #339966\">Verf\u00fcgbar<\/span><\/h2>","protected":false},"featured_media":23124,"comment_status":"open","ping_status":"closed","template":"","meta":[],"product_brand":[],"product_cat":[1509,1505],"product_tag":[],"class_list":{"0":"post-22626","1":"product","2":"type-product","3":"status-publish","4":"has-post-thumbnail","6":"product_cat-kit-spazzacamino-pellet","7":"product_cat-produits-et-accessoires-fumisterie","8":"product_shipping_class-classe-di-spedizione-01","10":"first","11":"instock","12":"shipping-taxable","13":"purchasable","14":"product-type-simple"},"yoast_head":"<!-- This site is optimized with the Yoast SEO plugin v27.4 - https:\/\/yoast.com\/product\/yoast-seo-wordpress\/ -->\n<title>Kit pellet 6 mt + brosse en nylon fixe \u00f8 80 mm Code KP61001<\/title>\n<meta name=\"robots\" content=\"index, follow, max-snippet:-1, max-image-preview:large, max-video-preview:-1\" \/>\n<link rel=\"canonical\" href=\"https:\/\/amrtop.net\/de\/produkt\/kit-pellet-6-mt-brosse-en-nylon-fixe-o-80-mm-code-kp61001\/\" \/>\n<meta property=\"og:locale\" content=\"de_DE\" \/>\n<meta property=\"og:type\" content=\"article\" \/>\n<meta property=\"og:title\" content=\"Kit pellet 6 mt + brosse en nylon fixe \u00f8 80 mm Code KP61001\" \/>\n<meta property=\"og:description\" content=\"Disponible\" \/>\n<meta property=\"og:url\" content=\"https:\/\/amrtop.net\/de\/produkt\/kit-pellet-6-mt-brosse-en-nylon-fixe-o-80-mm-code-kp61001\/\" \/>\n<meta property=\"og:site_name\" content=\"AMRTOP B2B \u00c9tranger - Achats r\u00e9serv\u00e9s au professionnel\" \/>\n<meta property=\"article:modified_time\" content=\"2023-06-08T14:31:33+00:00\" \/>\n<meta property=\"og:image\" content=\"https:\/\/amrtop.net\/wp-content\/uploads\/2022\/04\/kit-con-spazzola-fissa.png\" \/>\n\t<meta property=\"og:image:width\" content=\"960\" \/>\n\t<meta property=\"og:image:height\" content=\"960\" \/>\n\t<meta property=\"og:image:type\" content=\"image\/png\" \/>\n<meta name=\"twitter:card\" content=\"summary_large_image\" \/>\n<meta name=\"twitter:label1\" content=\"Gesch\u00e4tzte Lesezeit\" \/>\n\t<meta name=\"twitter:data1\" content=\"1\u00a0Minute\" \/>\n<script type=\"application\/ld+json\" class=\"yoast-schema-graph\">{\"@context\":\"https:\\\/\\\/schema.org\",\"@graph\":[{\"@type\":\"WebPage\",\"@id\":\"https:\\\/\\\/amrtop.net\\\/produit\\\/kit-pellet-6-mt-brosse-en-nylon-fixe-o-80-mm-code-kp61001\\\/\",\"url\":\"https:\\\/\\\/amrtop.net\\\/produit\\\/kit-pellet-6-mt-brosse-en-nylon-fixe-o-80-mm-code-kp61001\\\/\",\"name\":\"Kit pellet 6 mt + brosse en nylon fixe \u00f8 80 mm Code KP61001\",\"isPartOf\":{\"@id\":\"https:\\\/\\\/amrtop.net\\\/#website\"},\"primaryImageOfPage\":{\"@id\":\"https:\\\/\\\/amrtop.net\\\/produit\\\/kit-pellet-6-mt-brosse-en-nylon-fixe-o-80-mm-code-kp61001\\\/#primaryimage\"},\"image\":{\"@id\":\"https:\\\/\\\/amrtop.net\\\/produit\\\/kit-pellet-6-mt-brosse-en-nylon-fixe-o-80-mm-code-kp61001\\\/#primaryimage\"},\"thumbnailUrl\":\"https:\\\/\\\/amrtop.net\\\/wp-content\\\/uploads\\\/2022\\\/04\\\/kit-con-spazzola-fissa.png\",\"datePublished\":\"2022-03-22T14:10:54+00:00\",\"dateModified\":\"2023-06-08T14:31:33+00:00\",\"breadcrumb\":{\"@id\":\"https:\\\/\\\/amrtop.net\\\/produit\\\/kit-pellet-6-mt-brosse-en-nylon-fixe-o-80-mm-code-kp61001\\\/#breadcrumb\"},\"inLanguage\":\"de\",\"potentialAction\":[{\"@type\":\"ReadAction\",\"target\":[\"https:\\\/\\\/amrtop.net\\\/produit\\\/kit-pellet-6-mt-brosse-en-nylon-fixe-o-80-mm-code-kp61001\\\/\"]}]},{\"@type\":\"ImageObject\",\"inLanguage\":\"de\",\"@id\":\"https:\\\/\\\/amrtop.net\\\/produit\\\/kit-pellet-6-mt-brosse-en-nylon-fixe-o-80-mm-code-kp61001\\\/#primaryimage\",\"url\":\"https:\\\/\\\/amrtop.net\\\/wp-content\\\/uploads\\\/2022\\\/04\\\/kit-con-spazzola-fissa.png\",\"contentUrl\":\"https:\\\/\\\/amrtop.net\\\/wp-content\\\/uploads\\\/2022\\\/04\\\/kit-con-spazzola-fissa.png\",\"width\":960,\"height\":960,\"caption\":\"Kit pellet 6 mt + brosse en nylon fixe \u00f8 80 mm Code KP61001\"},{\"@type\":\"BreadcrumbList\",\"@id\":\"https:\\\/\\\/amrtop.net\\\/produit\\\/kit-pellet-6-mt-brosse-en-nylon-fixe-o-80-mm-code-kp61001\\\/#breadcrumb\",\"itemListElement\":[{\"@type\":\"ListItem\",\"position\":1,\"name\":\"Home\",\"item\":\"https:\\\/\\\/amrtop.net\\\/\"},{\"@type\":\"ListItem\",\"position\":2,\"name\":\"Shop\",\"item\":\"https:\\\/\\\/amrtop.net\\\/negozio\\\/\"},{\"@type\":\"ListItem\",\"position\":3,\"name\":\"Kit pellet 6 mt + brosse en nylon fixe \u00f8 80 mm Code KP61001\"}]},{\"@type\":\"WebSite\",\"@id\":\"https:\\\/\\\/amrtop.net\\\/#website\",\"url\":\"https:\\\/\\\/amrtop.net\\\/\",\"name\":\"AMRTOP B2B \u00c9tranger - Achats r\u00e9serv\u00e9s au professionnel\",\"description\":\"Pi\u00e8ces de rechange et accessoires pour po\u00eales et chaudi\u00e8res - eCommerce B2B pour Clients Professionnels\",\"potentialAction\":[{\"@type\":\"SearchAction\",\"target\":{\"@type\":\"EntryPoint\",\"urlTemplate\":\"https:\\\/\\\/amrtop.net\\\/?s={search_term_string}\"},\"query-input\":{\"@type\":\"PropertyValueSpecification\",\"valueRequired\":true,\"valueName\":\"search_term_string\"}}],\"inLanguage\":\"de\"}]}<\/script>\n<!-- \/ Yoast SEO plugin. -->","yoast_head_json":{"title":"Kit Pellet 6 mt + feste Nylonb\u00fcrste \u00f8 80 mm Code KP61001","robots":{"index":"index","follow":"follow","max-snippet":"max-snippet:-1","max-image-preview":"max-image-preview:large","max-video-preview":"max-video-preview:-1"},"canonical":"https:\/\/amrtop.net\/de\/produkt\/kit-pellet-6-mt-brosse-en-nylon-fixe-o-80-mm-code-kp61001\/","og_locale":"de_DE","og_type":"article","og_title":"Kit pellet 6 mt + brosse en nylon fixe \u00f8 80 mm Code KP61001","og_description":"Disponible","og_url":"https:\/\/amrtop.net\/de\/produkt\/kit-pellet-6-mt-brosse-en-nylon-fixe-o-80-mm-code-kp61001\/","og_site_name":"AMRTOP B2B \u00c9tranger - Achats r\u00e9serv\u00e9s au professionnel","article_modified_time":"2023-06-08T14:31:33+00:00","og_image":[{"width":960,"height":960,"url":"https:\/\/amrtop.net\/wp-content\/uploads\/2022\/04\/kit-con-spazzola-fissa.png","type":"image\/png"}],"twitter_card":"summary_large_image","twitter_misc":{"Gesch\u00e4tzte Lesezeit":"1\u00a0Minute"},"schema":{"@context":"https:\/\/schema.org","@graph":[{"@type":"WebPage","@id":"https:\/\/amrtop.net\/produit\/kit-pellet-6-mt-brosse-en-nylon-fixe-o-80-mm-code-kp61001\/","url":"https:\/\/amrtop.net\/produit\/kit-pellet-6-mt-brosse-en-nylon-fixe-o-80-mm-code-kp61001\/","name":"Kit Pellet 6 mt + feste Nylonb\u00fcrste \u00f8 80 mm Code KP61001","isPartOf":{"@id":"https:\/\/amrtop.net\/#website"},"primaryImageOfPage":{"@id":"https:\/\/amrtop.net\/produit\/kit-pellet-6-mt-brosse-en-nylon-fixe-o-80-mm-code-kp61001\/#primaryimage"},"image":{"@id":"https:\/\/amrtop.net\/produit\/kit-pellet-6-mt-brosse-en-nylon-fixe-o-80-mm-code-kp61001\/#primaryimage"},"thumbnailUrl":"https:\/\/amrtop.net\/wp-content\/uploads\/2022\/04\/kit-con-spazzola-fissa.png","datePublished":"2022-03-22T14:10:54+00:00","dateModified":"2023-06-08T14:31:33+00:00","breadcrumb":{"@id":"https:\/\/amrtop.net\/produit\/kit-pellet-6-mt-brosse-en-nylon-fixe-o-80-mm-code-kp61001\/#breadcrumb"},"inLanguage":"de","potentialAction":[{"@type":"ReadAction","target":["https:\/\/amrtop.net\/produit\/kit-pellet-6-mt-brosse-en-nylon-fixe-o-80-mm-code-kp61001\/"]}]},{"@type":"ImageObject","inLanguage":"de","@id":"https:\/\/amrtop.net\/produit\/kit-pellet-6-mt-brosse-en-nylon-fixe-o-80-mm-code-kp61001\/#primaryimage","url":"https:\/\/amrtop.net\/wp-content\/uploads\/2022\/04\/kit-con-spazzola-fissa.png","contentUrl":"https:\/\/amrtop.net\/wp-content\/uploads\/2022\/04\/kit-con-spazzola-fissa.png","width":960,"height":960,"caption":"Kit pellet 6 mt + brosse en nylon fixe \u00f8 80 mm Code KP61001"},{"@type":"BreadcrumbList","@id":"https:\/\/amrtop.net\/produit\/kit-pellet-6-mt-brosse-en-nylon-fixe-o-80-mm-code-kp61001\/#breadcrumb","itemListElement":[{"@type":"ListItem","position":1,"name":"Home","item":"https:\/\/amrtop.net\/"},{"@type":"ListItem","position":2,"name":"Shop","item":"https:\/\/amrtop.net\/negozio\/"},{"@type":"ListItem","position":3,"name":"Kit pellet 6 mt + brosse en nylon fixe \u00f8 80 mm Code KP61001"}]},{"@type":"WebSite","@id":"https:\/\/amrtop.net\/#website","url":"https:\/\/amrtop.net\/","name":"AMRTOP B2B Ausland - Einkaufen nur f\u00fcr Fachleute","description":"Ersatzteile und Zubeh\u00f6r f\u00fcr \u00d6fen und Heizkessel - B2B eCommerce f\u00fcr Gesch\u00e4ftskunden","potentialAction":[{"@type":"SearchAction","target":{"@type":"EntryPoint","urlTemplate":"https:\/\/amrtop.net\/?s={search_term_string}"},"query-input":{"@type":"PropertyValueSpecification","valueRequired":true,"valueName":"search_term_string"}}],"inLanguage":"de"}]}},"_links":{"self":[{"href":"https:\/\/amrtop.net\/de\/wp-json\/wp\/v2\/product\/22626","targetHints":{"allow":["GET"]}}],"collection":[{"href":"https:\/\/amrtop.net\/de\/wp-json\/wp\/v2\/product"}],"about":[{"href":"https:\/\/amrtop.net\/de\/wp-json\/wp\/v2\/types\/product"}],"replies":[{"embeddable":true,"href":"https:\/\/amrtop.net\/de\/wp-json\/wp\/v2\/comments?post=22626"}],"wp:featuredmedia":[{"embeddable":true,"href":"https:\/\/amrtop.net\/de\/wp-json\/wp\/v2\/media\/23124"}],"wp:attachment":[{"href":"https:\/\/amrtop.net\/de\/wp-json\/wp\/v2\/media?parent=22626"}],"wp:term":[{"taxonomy":"product_brand","embeddable":true,"href":"https:\/\/amrtop.net\/de\/wp-json\/wp\/v2\/product_brand?post=22626"},{"taxonomy":"product_cat","embeddable":true,"href":"https:\/\/amrtop.net\/de\/wp-json\/wp\/v2\/product_cat?post=22626"},{"taxonomy":"product_tag","embeddable":true,"href":"https:\/\/amrtop.net\/de\/wp-json\/wp\/v2\/product_tag?post=22626"}],"curies":[{"name":"wp","href":"https:\/\/api.w.org\/{rel}","templated":true}]}}