{"id":23029,"date":"2022-04-07T08:10:31","date_gmt":"2022-04-07T08:10:31","guid":{"rendered":"https:\/\/amrtop.com\/B2B\/?post_type=product&#038;p=23029"},"modified":"2023-06-05T13:31:39","modified_gmt":"2023-06-05T13:31:39","slug":"ruban-adhesif-en-aluminium","status":"publish","type":"product","link":"https:\/\/amrtop.net\/de\/produit\/ruban-adhesif-en-aluminium\/","title":{"rendered":"Aluminiumklebeband Code NAL050"},"content":{"rendered":"<h3>Ruban adh\u00e9sif en aluminium<\/h3>\n<p>Ruban adh\u00e9sif en aluminium r\u00e9sistant aux hautes temp\u00e9ratures. Id\u00e9al pour sceller les joints des tuyaux des po\u00eales afin d\u2019\u00e9viter les fuites de fum\u00e9e.<\/p>\n<p>Utile pour les masques ou pour sceller les joints ou les serpentins des appareils.<\/p>\n<p>Pour sceller les tuyaux d\u2019aspiration et les tuyaux de refoulement des fum\u00e9es et\/ou de l\u2019air \u00e0 usage industriel. Id\u00e9al \u00e9galement pour les joints de surface dans les processus de production \u00e0 haute temp\u00e9rature et dans le scellement des chaudi\u00e8res.<\/p>\n<p>Le ruban adh\u00e9sif haute temp\u00e9rature en aluminium est disponible en diff\u00e9rentes versions et couleurs s\u00e9lectionnables dans la bo\u00eete &#8220;Variantes&#8221;<\/p>\n<p>Dans la mesure de 50 mm &#8211; 25 m\u00e8tres, l\u2019\u00e9paisseur est seulement de 30 microns\u00a0: la bande est beaucoup plus mince que les bandes d\u2019aluminium de 9 m.<\/p>\n<ul>\n<li>Ruban adh\u00e9sif en aluminium r\u00e9sistant \u00e0 l\u2019usure, \u00e0 la d\u00e9chirure et au per\u00e7age.<\/li>\n<li>Il s\u2019enl\u00e8ve sans laisser de traces sur la plupart des supports.<\/li>\n<li>Gr\u00e2ce au support en tissu de fibre de verre, il garantit une utilisation \u00e0 long terme<\/li>\n<\/ul>\n<p>Le ruban adh\u00e9sif en aluminium se compose d\u2019un c\u00f4t\u00e9 d\u2019une partie m\u00e9tallique mince et de l\u2019autre d\u2019un m\u00e9lange d\u2019adh\u00e9sif capable de r\u00e9sister \u00e0 des temp\u00e9ratures \u00e9lev\u00e9es.<\/p>\n<p>La bande en aluminium est utilis\u00e9e dans les domaines du chauffage, de la ventilation et de la climatisation.<\/p>\n<p>La grande capacit\u00e9 r\u00e9fl\u00e9chissante du rayonnement de chaleur et des rayons UV permet d\u2019utiliser cette bande \u00e9galement dans la plomberie, les syst\u00e8mes de circulation d\u2019air et les conduites de chaleur pour les bains et les saunas et en particulier, gr\u00e2ce \u00e0 sa caract\u00e9ristique de r\u00e9sister aux temp\u00e9ratures tr\u00e8s \u00e9lev\u00e9es, dans le scellement des joints des tuyaux des po\u00eales, des chaudi\u00e8res et des conduits de chemin\u00e9e pour \u00e9viter les dispersions nocives de fum\u00e9es et de chaleur.<\/p>","protected":false},"excerpt":{"rendered":"<h2><span style=\"color: #008000\">Verf\u00fcgbar<\/span><\/h2>\n<hr \/>\n<h2>Ruban adh\u00e9sif en aluminium 50 mm de largeur<\/h2>\n<p>Code NAL050<\/p>\n<p>Le ruban adh\u00e9sif en aluminium est utilis\u00e9 pour sceller les tuyaux ou les conduits de chemin\u00e9e.<\/p>\n<p>Il est m\u00e9caniquement inalt\u00e9rable et r\u00e9siste aux temp\u00e9ratures \u00e9lev\u00e9es.<\/p>","protected":false},"featured_media":35852,"comment_status":"open","ping_status":"closed","template":"","meta":[],"product_brand":[],"product_cat":[1552,839],"product_tag":[],"class_list":{"0":"post-23029","1":"product","2":"type-product","3":"status-publish","4":"has-post-thumbnail","6":"product_cat-adhesifs-et-produits-detancheite","7":"product_cat-pieces-de-rechange-divers-poeles-et-chaudieres","9":"first","10":"instock","11":"shipping-taxable","12":"purchasable","13":"product-type-simple"},"yoast_head":"<!-- This site is optimized with the Yoast SEO plugin v27.4 - https:\/\/yoast.com\/product\/yoast-seo-wordpress\/ -->\n<title>Ruban adh\u00e9sif en aluminium<\/title>\n<meta name=\"description\" content=\"Ruban adh\u00e9sif en aluminium - Silicone colle haute temp\u00e9rature en cartouche de 310 ml 70 ml tube et 17 ml - Ruban adh\u00e9sif en aluminium et fibre de verre - Liquide nettoyant pour vitres de 500 ml et 1000 ml\" \/>\n<meta name=\"robots\" content=\"index, follow, max-snippet:-1, max-image-preview:large, max-video-preview:-1\" \/>\n<link rel=\"canonical\" href=\"https:\/\/amrtop.net\/de\/produkt\/ruban-adhesif-en-aluminium\/\" \/>\n<meta property=\"og:locale\" content=\"de_DE\" \/>\n<meta property=\"og:type\" content=\"article\" \/>\n<meta property=\"og:title\" content=\"Ruban adh\u00e9sif en aluminium\" \/>\n<meta property=\"og:description\" content=\"Ruban adh\u00e9sif en aluminium - Silicone colle haute temp\u00e9rature en cartouche de 310 ml 70 ml tube et 17 ml - Ruban adh\u00e9sif en aluminium et fibre de verre - Liquide nettoyant pour vitres de 500 ml et 1000 ml\" \/>\n<meta property=\"og:url\" content=\"https:\/\/amrtop.net\/de\/produkt\/ruban-adhesif-en-aluminium\/\" \/>\n<meta property=\"og:site_name\" content=\"AMRTOP B2B \u00c9tranger - Achats r\u00e9serv\u00e9s au professionnel\" \/>\n<meta property=\"article:modified_time\" content=\"2023-06-05T13:31:39+00:00\" \/>\n<meta property=\"og:image\" content=\"https:\/\/amrtop.net\/wp-content\/uploads\/2022\/04\/Nastro-sigillante-adesivo-in-alluminio-Codice-NAL050.jpg\" \/>\n\t<meta property=\"og:image:width\" content=\"960\" \/>\n\t<meta property=\"og:image:height\" content=\"960\" \/>\n\t<meta property=\"og:image:type\" content=\"image\/jpeg\" \/>\n<meta name=\"twitter:card\" content=\"summary_large_image\" \/>\n<meta name=\"twitter:label1\" content=\"Gesch\u00e4tzte Lesezeit\" \/>\n\t<meta name=\"twitter:data1\" content=\"1\u00a0Minute\" \/>\n<script type=\"application\/ld+json\" class=\"yoast-schema-graph\">{\"@context\":\"https:\\\/\\\/schema.org\",\"@graph\":[{\"@type\":\"WebPage\",\"@id\":\"https:\\\/\\\/amrtop.net\\\/produit\\\/ruban-adhesif-en-aluminium\\\/\",\"url\":\"https:\\\/\\\/amrtop.net\\\/produit\\\/ruban-adhesif-en-aluminium\\\/\",\"name\":\"Ruban adh\u00e9sif en aluminium\",\"isPartOf\":{\"@id\":\"https:\\\/\\\/amrtop.net\\\/#website\"},\"primaryImageOfPage\":{\"@id\":\"https:\\\/\\\/amrtop.net\\\/produit\\\/ruban-adhesif-en-aluminium\\\/#primaryimage\"},\"image\":{\"@id\":\"https:\\\/\\\/amrtop.net\\\/produit\\\/ruban-adhesif-en-aluminium\\\/#primaryimage\"},\"thumbnailUrl\":\"https:\\\/\\\/amrtop.net\\\/wp-content\\\/uploads\\\/2022\\\/04\\\/Nastro-sigillante-adesivo-in-alluminio-Codice-NAL050.jpg\",\"datePublished\":\"2022-04-07T08:10:31+00:00\",\"dateModified\":\"2023-06-05T13:31:39+00:00\",\"description\":\"Ruban adh\u00e9sif en aluminium - Silicone colle haute temp\u00e9rature en cartouche de 310 ml 70 ml tube et 17 ml - Ruban adh\u00e9sif en aluminium et fibre de verre - Liquide nettoyant pour vitres de 500 ml et 1000 ml\",\"breadcrumb\":{\"@id\":\"https:\\\/\\\/amrtop.net\\\/produit\\\/ruban-adhesif-en-aluminium\\\/#breadcrumb\"},\"inLanguage\":\"de\",\"potentialAction\":[{\"@type\":\"ReadAction\",\"target\":[\"https:\\\/\\\/amrtop.net\\\/produit\\\/ruban-adhesif-en-aluminium\\\/\"]}]},{\"@type\":\"ImageObject\",\"inLanguage\":\"de\",\"@id\":\"https:\\\/\\\/amrtop.net\\\/produit\\\/ruban-adhesif-en-aluminium\\\/#primaryimage\",\"url\":\"https:\\\/\\\/amrtop.net\\\/wp-content\\\/uploads\\\/2022\\\/04\\\/Nastro-sigillante-adesivo-in-alluminio-Codice-NAL050.jpg\",\"contentUrl\":\"https:\\\/\\\/amrtop.net\\\/wp-content\\\/uploads\\\/2022\\\/04\\\/Nastro-sigillante-adesivo-in-alluminio-Codice-NAL050.jpg\",\"width\":960,\"height\":960,\"caption\":\"Ruban adh\u00e9sif en aluminium - Silicone colle haute temp\u00e9rature en cartouche de 310 ml 70 ml tube et 17 ml - Ruban adh\u00e9sif en aluminium et fibre de verre - Liquide nettoyant pour vitres de 500 ml et 1000 ml\"},{\"@type\":\"BreadcrumbList\",\"@id\":\"https:\\\/\\\/amrtop.net\\\/produit\\\/ruban-adhesif-en-aluminium\\\/#breadcrumb\",\"itemListElement\":[{\"@type\":\"ListItem\",\"position\":1,\"name\":\"Home\",\"item\":\"https:\\\/\\\/amrtop.net\\\/\"},{\"@type\":\"ListItem\",\"position\":2,\"name\":\"Shop\",\"item\":\"https:\\\/\\\/amrtop.net\\\/negozio\\\/\"},{\"@type\":\"ListItem\",\"position\":3,\"name\":\"Ruban adh\u00e9sif en aluminium Code NAL050\"}]},{\"@type\":\"WebSite\",\"@id\":\"https:\\\/\\\/amrtop.net\\\/#website\",\"url\":\"https:\\\/\\\/amrtop.net\\\/\",\"name\":\"AMRTOP B2B \u00c9tranger - Achats r\u00e9serv\u00e9s au professionnel\",\"description\":\"Pi\u00e8ces de rechange et accessoires pour po\u00eales et chaudi\u00e8res - eCommerce B2B pour Clients Professionnels\",\"potentialAction\":[{\"@type\":\"SearchAction\",\"target\":{\"@type\":\"EntryPoint\",\"urlTemplate\":\"https:\\\/\\\/amrtop.net\\\/?s={search_term_string}\"},\"query-input\":{\"@type\":\"PropertyValueSpecification\",\"valueRequired\":true,\"valueName\":\"search_term_string\"}}],\"inLanguage\":\"de\"}]}<\/script>\n<!-- \/ Yoast SEO plugin. -->","yoast_head_json":{"title":"Ruban adh\u00e9sif en aluminium","description":"Aluminiumklebeband - Hochtemperatur-Silikonkleber in 310-ml-Kartuschen 70 ml Tube und 17 ml - Aluminium- und Glasfaserklebeband - Fensterreinigungsfl\u00fcssigkeit 500 ml und 1000 ml","robots":{"index":"index","follow":"follow","max-snippet":"max-snippet:-1","max-image-preview":"max-image-preview:large","max-video-preview":"max-video-preview:-1"},"canonical":"https:\/\/amrtop.net\/de\/produkt\/ruban-adhesif-en-aluminium\/","og_locale":"de_DE","og_type":"article","og_title":"Ruban adh\u00e9sif en aluminium","og_description":"Ruban adh\u00e9sif en aluminium - Silicone colle haute temp\u00e9rature en cartouche de 310 ml 70 ml tube et 17 ml - Ruban adh\u00e9sif en aluminium et fibre de verre - Liquide nettoyant pour vitres de 500 ml et 1000 ml","og_url":"https:\/\/amrtop.net\/de\/produkt\/ruban-adhesif-en-aluminium\/","og_site_name":"AMRTOP B2B \u00c9tranger - Achats r\u00e9serv\u00e9s au professionnel","article_modified_time":"2023-06-05T13:31:39+00:00","og_image":[{"width":960,"height":960,"url":"https:\/\/amrtop.net\/wp-content\/uploads\/2022\/04\/Nastro-sigillante-adesivo-in-alluminio-Codice-NAL050.jpg","type":"image\/jpeg"}],"twitter_card":"summary_large_image","twitter_misc":{"Gesch\u00e4tzte Lesezeit":"1\u00a0Minute"},"schema":{"@context":"https:\/\/schema.org","@graph":[{"@type":"WebPage","@id":"https:\/\/amrtop.net\/produit\/ruban-adhesif-en-aluminium\/","url":"https:\/\/amrtop.net\/produit\/ruban-adhesif-en-aluminium\/","name":"Ruban adh\u00e9sif en aluminium","isPartOf":{"@id":"https:\/\/amrtop.net\/#website"},"primaryImageOfPage":{"@id":"https:\/\/amrtop.net\/produit\/ruban-adhesif-en-aluminium\/#primaryimage"},"image":{"@id":"https:\/\/amrtop.net\/produit\/ruban-adhesif-en-aluminium\/#primaryimage"},"thumbnailUrl":"https:\/\/amrtop.net\/wp-content\/uploads\/2022\/04\/Nastro-sigillante-adesivo-in-alluminio-Codice-NAL050.jpg","datePublished":"2022-04-07T08:10:31+00:00","dateModified":"2023-06-05T13:31:39+00:00","description":"Aluminiumklebeband - Hochtemperatur-Silikonkleber in 310-ml-Kartuschen 70 ml Tube und 17 ml - Aluminium- und Glasfaserklebeband - Fensterreinigungsfl\u00fcssigkeit 500 ml und 1000 ml","breadcrumb":{"@id":"https:\/\/amrtop.net\/produit\/ruban-adhesif-en-aluminium\/#breadcrumb"},"inLanguage":"de","potentialAction":[{"@type":"ReadAction","target":["https:\/\/amrtop.net\/produit\/ruban-adhesif-en-aluminium\/"]}]},{"@type":"ImageObject","inLanguage":"de","@id":"https:\/\/amrtop.net\/produit\/ruban-adhesif-en-aluminium\/#primaryimage","url":"https:\/\/amrtop.net\/wp-content\/uploads\/2022\/04\/Nastro-sigillante-adesivo-in-alluminio-Codice-NAL050.jpg","contentUrl":"https:\/\/amrtop.net\/wp-content\/uploads\/2022\/04\/Nastro-sigillante-adesivo-in-alluminio-Codice-NAL050.jpg","width":960,"height":960,"caption":"Ruban adh\u00e9sif en aluminium - Silicone colle haute temp\u00e9rature en cartouche de 310 ml 70 ml tube et 17 ml - Ruban adh\u00e9sif en aluminium et fibre de verre - Liquide nettoyant pour vitres de 500 ml et 1000 ml"},{"@type":"BreadcrumbList","@id":"https:\/\/amrtop.net\/produit\/ruban-adhesif-en-aluminium\/#breadcrumb","itemListElement":[{"@type":"ListItem","position":1,"name":"Home","item":"https:\/\/amrtop.net\/"},{"@type":"ListItem","position":2,"name":"Shop","item":"https:\/\/amrtop.net\/negozio\/"},{"@type":"ListItem","position":3,"name":"Ruban adh\u00e9sif en aluminium Code NAL050"}]},{"@type":"WebSite","@id":"https:\/\/amrtop.net\/#website","url":"https:\/\/amrtop.net\/","name":"AMRTOP B2B Ausland - Einkaufen nur f\u00fcr Fachleute","description":"Ersatzteile und Zubeh\u00f6r f\u00fcr \u00d6fen und Heizkessel - B2B eCommerce f\u00fcr Gesch\u00e4ftskunden","potentialAction":[{"@type":"SearchAction","target":{"@type":"EntryPoint","urlTemplate":"https:\/\/amrtop.net\/?s={search_term_string}"},"query-input":{"@type":"PropertyValueSpecification","valueRequired":true,"valueName":"search_term_string"}}],"inLanguage":"de"}]}},"_links":{"self":[{"href":"https:\/\/amrtop.net\/de\/wp-json\/wp\/v2\/product\/23029","targetHints":{"allow":["GET"]}}],"collection":[{"href":"https:\/\/amrtop.net\/de\/wp-json\/wp\/v2\/product"}],"about":[{"href":"https:\/\/amrtop.net\/de\/wp-json\/wp\/v2\/types\/product"}],"replies":[{"embeddable":true,"href":"https:\/\/amrtop.net\/de\/wp-json\/wp\/v2\/comments?post=23029"}],"wp:featuredmedia":[{"embeddable":true,"href":"https:\/\/amrtop.net\/de\/wp-json\/wp\/v2\/media\/35852"}],"wp:attachment":[{"href":"https:\/\/amrtop.net\/de\/wp-json\/wp\/v2\/media?parent=23029"}],"wp:term":[{"taxonomy":"product_brand","embeddable":true,"href":"https:\/\/amrtop.net\/de\/wp-json\/wp\/v2\/product_brand?post=23029"},{"taxonomy":"product_cat","embeddable":true,"href":"https:\/\/amrtop.net\/de\/wp-json\/wp\/v2\/product_cat?post=23029"},{"taxonomy":"product_tag","embeddable":true,"href":"https:\/\/amrtop.net\/de\/wp-json\/wp\/v2\/product_tag?post=23029"}],"curies":[{"name":"wp","href":"https:\/\/api.w.org\/{rel}","templated":true}]}}