{"id":23632,"date":"2022-05-26T13:05:04","date_gmt":"2022-05-26T13:05:04","guid":{"rendered":"https:\/\/amrtop.com\/B2B\/?post_type=product&#038;p=23632"},"modified":"2023-06-16T13:10:12","modified_gmt":"2023-06-16T13:10:12","slug":"tube-flexible-aluminium-o-80-mm-ondule-extensible-jusqua-3","status":"publish","type":"product","link":"https:\/\/amrtop.net\/de\/produit\/tube-flexible-aluminium-o-80-mm-ondule-extensible-jusqua-3\/","title":{"rendered":"Bis zu 3 m ausziehbares Aluminiumrohr \u00f8 80 mm naturwei\u00df oder schwarz Dicke 0,6 mm zur Bel\u00fcftung"},"content":{"rendered":"<h3><strong>Tube flexible aluminium \u00f8 80 mm ondul\u00e9 extensible jusqu\u2019\u00e0 3<\/strong><\/h3>\n<p>Innen und au\u00dfen gewellt - f\u00fcr Schornsteine, Heizkessel, \u00d6fen, Heizkraftwerke, Gro\u00dfk\u00fcchen auch f\u00fcr L\u00fcftungs- und Absaugkan\u00e4le geeignet.<\/p>\n<h3>Wo Sie verwenden : <strong>Tube flexible aluminium \u00f8 80 mm ondul\u00e9 extensible jusqu\u2019\u00e0 3<\/strong><\/h3>\n<p>Bei der Schaffung von Systemen, die die Umgebung mit warmer und frischer Luft versorgen und daf\u00fcr sorgen, dass die aufgewendete Masse entweicht, handelt es sich um eine der verschiedenen M\u00f6glichkeiten, den Anforderungen der Gesundheits- und Hygienestandards gerecht zu werden.<\/p>\n<p>Einige Vorteile von Aluminiumwellrohren:<\/p>\n<ul>\n<li>Best\u00e4ndig gegen Korrosion. Im Innenk\u00f6rper des Aluminiumrohrs ist der Korrosionsprozess ausgeschlossen.<\/li>\n<li>Bei der Installation verschiedener Anlagen m\u00fcssen keine teuren Kurven, sondern nur Dichtungen verwendet werden.<\/li>\n<li>Einfachheit bei der Installation. Diese Eigenschaft ist nicht nur auf das geringe Gewicht des Aluminiums zur\u00fcckzuf\u00fchren, sondern auch auf einen vereinfachten Anbringungsprozess<\/li>\n<li>Bei der Installation eines Aluminiumwellrohrs zur Bel\u00fcftung muss es nicht geerdet werden.<\/li>\n<\/ul>\n<p><strong>Innen<\/strong><\/p>\n<p><a href=\"https:\/\/wekos.it\/\">\u00d6fen, Herde und Holzherde<\/a>\u00a0-\u00a0<a href=\"https:\/\/www.greenpuros.com\/\">Kamine, \u00d6fen und Pelletkessel.<\/a><\/p>\n<p><strong>Amrtop Ersatzteile und Zubeh\u00f6r Sortiment \u00a0 \u00a0 \u00a0 \u00a0 \u00a0 \u00a0 \u00a0 \u00a0 \u00a0 \u00a0 \u00a0 \u00a0 \u00a0 \u00a0 \u00a0 \u00a0 \u00a0 \u00a0 \u00a0 \u00a0 \u00a0 \u00a0 \u00a0 \u00a0 \u00a0 \u00a0 \u00a0 \u00a0 \u00a0 \u00a0 \u00a0 \u00a0 \u00a0 \u00a0 \u00a0 \u00a0 \u00a0 \u00a0 \u00a0 \u00a0 \u00a0 \u00a0 \u00a0 \u00a0 \u00a0 \u00a0 \u00a0 \u00a0 \u00a0\u00a0<\/strong><\/p>\n<p><a href=\"https:\/\/amrtop.com\/B2B\/categoria-prodotto\/canne-fumarie\/top-flex-sp-tubi-flessibili-inox\/\"><strong>Top flex SP - Tubi flessibili inox corrugati mono e doppia parete<\/strong><\/a><\/p>\n<p><a href=\"https:\/\/amrtop.com\/B2B\/categoria-prodotto\/canne-fumarie\/tubo-monoparete-acciaio-inox\/\"><strong>Sp - Tubo rigido mono parete inox aisi 316L<\/strong><\/a><\/p>\n<p><a href=\"https:\/\/amrtop.com\/B2B\/categoria-prodotto\/canne-fumarie\/isotop-flex-flessibile-coibentato\/\"><strong>Iso top flex - Tubo flessisbile doppia parete interno liscio coibentato<\/strong><\/a><\/p>\n<p><a href=\"https:\/\/amrtop.com\/B2B\/categoria-prodotto\/canne-fumarie\/dp-aria-doppia-parete-aria\/\"><strong>Dp air - Tubo doppia parete inox a camera d'aria<\/strong><\/a><\/p>\n<p><a href=\"https:\/\/amrtop.com\/B2B\/categoria-prodotto\/canne-fumarie\/dp-doppia-parete\/\"><strong>Dp - Tubo doppia parete inox coibentati 10 mm - 25 mm<\/strong><\/a><\/p>\n<p><a href=\"https:\/\/amrtop.com\/B2B\/categoria-prodotto\/canne-fumarie\/coax-top-coassiale\/\"><strong>Coax top - Tubo coassiale inox<\/strong><\/a><\/p>\n<p><a href=\"https:\/\/amrtop.com\/B2B\/categoria-prodotto\/canne-fumarie\/coax-pellet-tubo-coassiale-inox\/\"><strong>Coax pellet - Koaxialrohr aus rostfreiem Stahl<\/strong><\/a><\/p>\n<p><a href=\"https:\/\/amrtop.com\/B2B\/categoria-prodotto\/canne-fumarie\/biom-top\/\"><strong>Biom top - Tubi per stufe a pellet<\/strong><\/a><\/p>\n<p><a href=\"https:\/\/amrtop.com\/B2B\/categoria-prodotto\/canne-fumarie\/alutop-alluminio-estensibile\/\"><strong>Alu top - Tubo alluminio flessibile estensibile<\/strong><\/a><\/p>\n<p>&nbsp;<\/p>","protected":false},"excerpt":{"rendered":"<p>Tube flexible aluminium \u00f8 80 mm ondul\u00e9 extensible jusqu\u2019\u00e0 3 Ondul\u00e9 int\u00e9rieur et ext\u00e9rieur &#8211; pour les chemin\u00e9es, les chaudi\u00e8res, les po\u00eales, les centrales thermiques, les cuisines industrielles \u00e9galement adapt\u00e9 pour les conduits d\u2019a\u00e9ration et d\u2019aspiration. O\u00f9 vous utilisez : Tube flexible aluminium \u00f8 80 mm ondul\u00e9 extensible jusqu\u2019\u00e0 3 Dans la cr\u00e9ation de syst\u00e8mes [&hellip;]<\/p>\n","protected":false},"featured_media":30400,"comment_status":"open","ping_status":"closed","template":"","meta":[],"product_brand":[],"product_cat":[1532,1560],"product_tag":[],"class_list":{"0":"post-23632","1":"product","2":"type-product","3":"status-publish","4":"has-post-thumbnail","6":"product_cat-alutop-tube-en-aluminium-flexible-extensible","7":"product_cat-conduits-de-fumee","9":"first","10":"instock","11":"shipping-taxable","12":"purchasable","13":"product-type-variable"},"yoast_head":"<!-- This site is optimized with the Yoast SEO plugin v27.5 - https:\/\/yoast.com\/product\/yoast-seo-wordpress\/ -->\n<title>Tube flexible aluminium \u00f8 80 mm ondul\u00e9 extensible jusqu\u2019\u00e0 3<\/title>\n<meta name=\"description\" content=\"Tube flexible aluminium \u00f8 80 mm ondul\u00e9 extensible jusqu\u2019\u00e0 3 - Tube en aluminium naturel noir et blanc ondul\u00e9 flexible en tron\u00e7ons de 0,80 mt extensible jusqu\u2019\u00e0 3 m\u00e8tres pour ventilation d\u2019air sp 0,06 mm\" \/>\n<meta name=\"robots\" content=\"index, follow, max-snippet:-1, max-image-preview:large, max-video-preview:-1\" \/>\n<link rel=\"canonical\" href=\"https:\/\/amrtop.net\/de\/produkt\/tube-flexible-aluminium-o-80-mm-ondule-extensible-jusqua-3\/\" \/>\n<meta property=\"og:locale\" content=\"de_DE\" \/>\n<meta property=\"og:type\" content=\"article\" \/>\n<meta property=\"og:title\" content=\"Tube flexible aluminium \u00f8 80 mm ondul\u00e9 extensible jusqu\u2019\u00e0 3\" \/>\n<meta property=\"og:description\" content=\"Tube flexible aluminium \u00f8 80 mm ondul\u00e9 extensible jusqu\u2019\u00e0 3 - Tube en aluminium naturel noir et blanc ondul\u00e9 flexible en tron\u00e7ons de 0,80 mt extensible jusqu\u2019\u00e0 3 m\u00e8tres pour ventilation d\u2019air sp 0,06 mm\" \/>\n<meta property=\"og:url\" content=\"https:\/\/amrtop.net\/de\/produkt\/tube-flexible-aluminium-o-80-mm-ondule-extensible-jusqua-3\/\" \/>\n<meta property=\"og:site_name\" content=\"AMRTOP B2B \u00c9tranger - Achats r\u00e9serv\u00e9s au professionnel\" \/>\n<meta property=\"article:modified_time\" content=\"2023-06-16T13:10:12+00:00\" \/>\n<meta property=\"og:image\" content=\"https:\/\/amrtop.net\/wp-content\/uploads\/2022\/06\/GRUPPO-ALUTOP.jpg\" \/>\n\t<meta property=\"og:image:width\" content=\"640\" \/>\n\t<meta property=\"og:image:height\" content=\"640\" \/>\n\t<meta property=\"og:image:type\" content=\"image\/jpeg\" \/>\n<meta name=\"twitter:card\" content=\"summary_large_image\" \/>\n<meta name=\"twitter:label1\" content=\"Gesch\u00e4tzte Lesezeit\" \/>\n\t<meta name=\"twitter:data1\" content=\"3\u00a0Minuten\" \/>\n<script type=\"application\/ld+json\" class=\"yoast-schema-graph\">{\"@context\":\"https:\\\/\\\/schema.org\",\"@graph\":[{\"@type\":\"WebPage\",\"@id\":\"https:\\\/\\\/amrtop.net\\\/produit\\\/tube-flexible-aluminium-o-80-mm-ondule-extensible-jusqua-3\\\/\",\"url\":\"https:\\\/\\\/amrtop.net\\\/produit\\\/tube-flexible-aluminium-o-80-mm-ondule-extensible-jusqua-3\\\/\",\"name\":\"Tube flexible aluminium \u00f8 80 mm ondul\u00e9 extensible jusqu\u2019\u00e0 3\",\"isPartOf\":{\"@id\":\"https:\\\/\\\/amrtop.net\\\/#website\"},\"primaryImageOfPage\":{\"@id\":\"https:\\\/\\\/amrtop.net\\\/produit\\\/tube-flexible-aluminium-o-80-mm-ondule-extensible-jusqua-3\\\/#primaryimage\"},\"image\":{\"@id\":\"https:\\\/\\\/amrtop.net\\\/produit\\\/tube-flexible-aluminium-o-80-mm-ondule-extensible-jusqua-3\\\/#primaryimage\"},\"thumbnailUrl\":\"https:\\\/\\\/amrtop.net\\\/wp-content\\\/uploads\\\/2022\\\/06\\\/GRUPPO-ALUTOP.jpg\",\"datePublished\":\"2022-05-26T13:05:04+00:00\",\"dateModified\":\"2023-06-16T13:10:12+00:00\",\"description\":\"Tube flexible aluminium \u00f8 80 mm ondul\u00e9 extensible jusqu\u2019\u00e0 3 - Tube en aluminium naturel noir et blanc ondul\u00e9 flexible en tron\u00e7ons de 0,80 mt extensible jusqu\u2019\u00e0 3 m\u00e8tres pour ventilation d\u2019air sp 0,06 mm\",\"breadcrumb\":{\"@id\":\"https:\\\/\\\/amrtop.net\\\/produit\\\/tube-flexible-aluminium-o-80-mm-ondule-extensible-jusqua-3\\\/#breadcrumb\"},\"inLanguage\":\"de\",\"potentialAction\":[{\"@type\":\"ReadAction\",\"target\":[\"https:\\\/\\\/amrtop.net\\\/produit\\\/tube-flexible-aluminium-o-80-mm-ondule-extensible-jusqua-3\\\/\"]}]},{\"@type\":\"ImageObject\",\"inLanguage\":\"de\",\"@id\":\"https:\\\/\\\/amrtop.net\\\/produit\\\/tube-flexible-aluminium-o-80-mm-ondule-extensible-jusqua-3\\\/#primaryimage\",\"url\":\"https:\\\/\\\/amrtop.net\\\/wp-content\\\/uploads\\\/2022\\\/06\\\/GRUPPO-ALUTOP.jpg\",\"contentUrl\":\"https:\\\/\\\/amrtop.net\\\/wp-content\\\/uploads\\\/2022\\\/06\\\/GRUPPO-ALUTOP.jpg\",\"width\":640,\"height\":640,\"caption\":\"Tube flexible aluminium \u00f8 80 mm \u00e9paisseur 0.12 mm extensible jusqu\u2019\u00e0 3 m - Tube en aluminium naturel noir et blanc ondul\u00e9 flexible en tron\u00e7ons de 0,80 mt extensible jusqu\u2019\u00e0 3 m\u00e8tres pour ventilation d\u2019air sp 0,06 mm\"},{\"@type\":\"BreadcrumbList\",\"@id\":\"https:\\\/\\\/amrtop.net\\\/produit\\\/tube-flexible-aluminium-o-80-mm-ondule-extensible-jusqua-3\\\/#breadcrumb\",\"itemListElement\":[{\"@type\":\"ListItem\",\"position\":1,\"name\":\"Home\",\"item\":\"https:\\\/\\\/amrtop.net\\\/\"},{\"@type\":\"ListItem\",\"position\":2,\"name\":\"Shop\",\"item\":\"https:\\\/\\\/amrtop.net\\\/negozio\\\/\"},{\"@type\":\"ListItem\",\"position\":3,\"name\":\"Tube en aluminium extensible jusqu\u2019\u00e0 3 m \u00f8 80 mm naturel blanc ou noire \u00e9paisseur 0.6 mm pour la ventilation\"}]},{\"@type\":\"WebSite\",\"@id\":\"https:\\\/\\\/amrtop.net\\\/#website\",\"url\":\"https:\\\/\\\/amrtop.net\\\/\",\"name\":\"AMRTOP B2B \u00c9tranger - Achats r\u00e9serv\u00e9s au professionnel\",\"description\":\"Pi\u00e8ces de rechange et accessoires pour po\u00eales et chaudi\u00e8res - eCommerce B2B pour Clients Professionnels\",\"potentialAction\":[{\"@type\":\"SearchAction\",\"target\":{\"@type\":\"EntryPoint\",\"urlTemplate\":\"https:\\\/\\\/amrtop.net\\\/?s={search_term_string}\"},\"query-input\":{\"@type\":\"PropertyValueSpecification\",\"valueRequired\":true,\"valueName\":\"search_term_string\"}}],\"inLanguage\":\"de\"}]}<\/script>\n<!-- \/ Yoast SEO plugin. -->","yoast_head_json":{"title":"Tube flexible aluminium \u00f8 80 mm ondul\u00e9 extensible jusqu\u2019\u00e0 3","description":"Tube flexible aluminium \u00f8 80 mm ondul\u00e9 extensible jusqu\u2019\u00e0 3 - Tube en aluminium naturel noir et blanc ondul\u00e9 flexible en tron\u00e7ons de 0,80 mt extensible jusqu\u2019\u00e0 3 m\u00e8tres pour ventilation d\u2019air sp 0,06 mm","robots":{"index":"index","follow":"follow","max-snippet":"max-snippet:-1","max-image-preview":"max-image-preview:large","max-video-preview":"max-video-preview:-1"},"canonical":"https:\/\/amrtop.net\/de\/produkt\/tube-flexible-aluminium-o-80-mm-ondule-extensible-jusqua-3\/","og_locale":"de_DE","og_type":"article","og_title":"Tube flexible aluminium \u00f8 80 mm ondul\u00e9 extensible jusqu\u2019\u00e0 3","og_description":"Tube flexible aluminium \u00f8 80 mm ondul\u00e9 extensible jusqu\u2019\u00e0 3 - Tube en aluminium naturel noir et blanc ondul\u00e9 flexible en tron\u00e7ons de 0,80 mt extensible jusqu\u2019\u00e0 3 m\u00e8tres pour ventilation d\u2019air sp 0,06 mm","og_url":"https:\/\/amrtop.net\/de\/produkt\/tube-flexible-aluminium-o-80-mm-ondule-extensible-jusqua-3\/","og_site_name":"AMRTOP B2B \u00c9tranger - Achats r\u00e9serv\u00e9s au professionnel","article_modified_time":"2023-06-16T13:10:12+00:00","og_image":[{"width":640,"height":640,"url":"https:\/\/amrtop.net\/wp-content\/uploads\/2022\/06\/GRUPPO-ALUTOP.jpg","type":"image\/jpeg"}],"twitter_card":"summary_large_image","twitter_misc":{"Gesch\u00e4tzte Lesezeit":"3\u00a0Minuten"},"schema":{"@context":"https:\/\/schema.org","@graph":[{"@type":"WebPage","@id":"https:\/\/amrtop.net\/produit\/tube-flexible-aluminium-o-80-mm-ondule-extensible-jusqua-3\/","url":"https:\/\/amrtop.net\/produit\/tube-flexible-aluminium-o-80-mm-ondule-extensible-jusqua-3\/","name":"Tube flexible aluminium \u00f8 80 mm ondul\u00e9 extensible jusqu\u2019\u00e0 3","isPartOf":{"@id":"https:\/\/amrtop.net\/#website"},"primaryImageOfPage":{"@id":"https:\/\/amrtop.net\/produit\/tube-flexible-aluminium-o-80-mm-ondule-extensible-jusqua-3\/#primaryimage"},"image":{"@id":"https:\/\/amrtop.net\/produit\/tube-flexible-aluminium-o-80-mm-ondule-extensible-jusqua-3\/#primaryimage"},"thumbnailUrl":"https:\/\/amrtop.net\/wp-content\/uploads\/2022\/06\/GRUPPO-ALUTOP.jpg","datePublished":"2022-05-26T13:05:04+00:00","dateModified":"2023-06-16T13:10:12+00:00","description":"Tube flexible aluminium \u00f8 80 mm ondul\u00e9 extensible jusqu\u2019\u00e0 3 - Tube en aluminium naturel noir et blanc ondul\u00e9 flexible en tron\u00e7ons de 0,80 mt extensible jusqu\u2019\u00e0 3 m\u00e8tres pour ventilation d\u2019air sp 0,06 mm","breadcrumb":{"@id":"https:\/\/amrtop.net\/produit\/tube-flexible-aluminium-o-80-mm-ondule-extensible-jusqua-3\/#breadcrumb"},"inLanguage":"de","potentialAction":[{"@type":"ReadAction","target":["https:\/\/amrtop.net\/produit\/tube-flexible-aluminium-o-80-mm-ondule-extensible-jusqua-3\/"]}]},{"@type":"ImageObject","inLanguage":"de","@id":"https:\/\/amrtop.net\/produit\/tube-flexible-aluminium-o-80-mm-ondule-extensible-jusqua-3\/#primaryimage","url":"https:\/\/amrtop.net\/wp-content\/uploads\/2022\/06\/GRUPPO-ALUTOP.jpg","contentUrl":"https:\/\/amrtop.net\/wp-content\/uploads\/2022\/06\/GRUPPO-ALUTOP.jpg","width":640,"height":640,"caption":"Tube flexible aluminium \u00f8 80 mm \u00e9paisseur 0.12 mm extensible jusqu\u2019\u00e0 3 m - Tube en aluminium naturel noir et blanc ondul\u00e9 flexible en tron\u00e7ons de 0,80 mt extensible jusqu\u2019\u00e0 3 m\u00e8tres pour ventilation d\u2019air sp 0,06 mm"},{"@type":"BreadcrumbList","@id":"https:\/\/amrtop.net\/produit\/tube-flexible-aluminium-o-80-mm-ondule-extensible-jusqua-3\/#breadcrumb","itemListElement":[{"@type":"ListItem","position":1,"name":"Home","item":"https:\/\/amrtop.net\/"},{"@type":"ListItem","position":2,"name":"Shop","item":"https:\/\/amrtop.net\/negozio\/"},{"@type":"ListItem","position":3,"name":"Tube en aluminium extensible jusqu\u2019\u00e0 3 m \u00f8 80 mm naturel blanc ou noire \u00e9paisseur 0.6 mm pour la ventilation"}]},{"@type":"WebSite","@id":"https:\/\/amrtop.net\/#website","url":"https:\/\/amrtop.net\/","name":"AMRTOP B2B Ausland - Einkaufen nur f\u00fcr Fachleute","description":"Ersatzteile und Zubeh\u00f6r f\u00fcr \u00d6fen und Heizkessel - B2B eCommerce f\u00fcr Gesch\u00e4ftskunden","potentialAction":[{"@type":"SearchAction","target":{"@type":"EntryPoint","urlTemplate":"https:\/\/amrtop.net\/?s={search_term_string}"},"query-input":{"@type":"PropertyValueSpecification","valueRequired":true,"valueName":"search_term_string"}}],"inLanguage":"de"}]}},"_links":{"self":[{"href":"https:\/\/amrtop.net\/de\/wp-json\/wp\/v2\/product\/23632","targetHints":{"allow":["GET"]}}],"collection":[{"href":"https:\/\/amrtop.net\/de\/wp-json\/wp\/v2\/product"}],"about":[{"href":"https:\/\/amrtop.net\/de\/wp-json\/wp\/v2\/types\/product"}],"replies":[{"embeddable":true,"href":"https:\/\/amrtop.net\/de\/wp-json\/wp\/v2\/comments?post=23632"}],"wp:featuredmedia":[{"embeddable":true,"href":"https:\/\/amrtop.net\/de\/wp-json\/wp\/v2\/media\/30400"}],"wp:attachment":[{"href":"https:\/\/amrtop.net\/de\/wp-json\/wp\/v2\/media?parent=23632"}],"wp:term":[{"taxonomy":"product_brand","embeddable":true,"href":"https:\/\/amrtop.net\/de\/wp-json\/wp\/v2\/product_brand?post=23632"},{"taxonomy":"product_cat","embeddable":true,"href":"https:\/\/amrtop.net\/de\/wp-json\/wp\/v2\/product_cat?post=23632"},{"taxonomy":"product_tag","embeddable":true,"href":"https:\/\/amrtop.net\/de\/wp-json\/wp\/v2\/product_tag?post=23632"}],"curies":[{"name":"wp","href":"https:\/\/api.w.org\/{rel}","templated":true}]}}